{"id":15,"date":"2020-05-11T16:35:25","date_gmt":"2020-05-11T13:35:25","guid":{"rendered":"http:\/\/ticaret.edu.tr\/hazirlik\/?page_id=15"},"modified":"2025-02-25T15:11:44","modified_gmt":"2025-02-25T12:11:44","slug":"ana-sayfa","status":"publish","type":"page","link":"http:\/\/ticaret.edu.tr\/ingilizce-hazirlik\/","title":{"rendered":"Ana Sayfa"},"content":{"rendered":"<p>\u00dcniversitemizin \u0130ngilizce Haz\u0131rl\u0131k Program\u0131&#8217;nda verilen e\u011fitim \u00f6\u011fretimin amac\u0131; \u00f6\u011frencilerimize kay\u0131tl\u0131 olduklar\u0131 lisans programlar\u0131n\u0131n \u00f6n g\u00f6rd\u00fc\u011f\u00fc \u0130ngilizce ders ve di\u011fer \u00f6\u011frenme etkinliklerini takip edebilme, kendi b\u00f6l\u00fcmleriyle ilgili alan makalelerini anlayabilme, kat\u0131l\u0131m g\u00f6sterilen konferans, seminer ve tart\u0131\u015fmalara katk\u0131da bulunabilme, mesleki ve sosyal hayatta gerekli olan \u0130ngilizce yaz\u0131l\u0131 ve s\u00f6zl\u00fc ileti\u015fimi kurabilme yetkinli\u011fini kazand\u0131rmakt\u0131r. \u00d6\u011frencilerimize akademik disiplinleriyle daha uyumlu ihtiya\u00e7 temelli programlar geli\u015ftirilmekte ve uygulanmaktad\u0131r. \u00d6\u011fretim Dili tamamen ya da k\u0131smi \u0130ngilizce olan programlarda \u0130ngilizce Haz\u0131rl\u0131k program\u0131 zorunludur. Program i\u00e7eri\u011fimiz, Genel Ama\u00e7l\u0131 \u0130ngilizceden, Genel Akademik Ama\u00e7l\u0131 \u0130ngilizceye ge\u00e7i\u015f \u015feklindedir. Lisans programlar\u0131 ile ilgili olan Akademik Mesleki Ama\u00e7l\u0131 \u0130ngilizce dersleri ise son kurda,<span class=\"Apple-converted-space\">\u00a0 <\/span>m\u00fcfredat\u0131m\u0131z i\u00e7ine yerle\u015ftirilmi\u015ftir. \u00d6\u011frencilerimize verilen dil deste\u011fi fak\u00fcltelerinde de Mesleki \u0130ngilizce destekli olarak devam etmektedir.<\/p>\n<p>\u0130ngilizce Dil Haz\u0131rl\u0131k Program\u0131 toplam d\u00f6rt kurdan olu\u015fur: \u00d6\u011frenciler akademik y\u0131l\u0131n ba\u015f\u0131nda Yerle\u015ftirme S\u0131nav\u0131\u2019n\u0131n sonu\u00e7lar\u0131na g\u00f6re d\u00f6rt d\u00fczeyden birine yerle\u015ftirilirler. \u0130ngilizce Haz\u0131rl\u0131k Program\u0131&#8217;n\u0131 tamamlamak ve lisans program\u0131na ba\u015flayabilmek i\u00e7in \u00f6\u011frencinin 4. D\u00fczeyi ba\u015far\u0131yla bitirmesi ya da yeterlilik s\u0131nav\u0131n\u0131 ge\u00e7mesi gerekmektedir. \u0130ngilizce Haz\u0131rl\u0131k Program\u0131 taraf\u0131ndan haz\u0131rlanan \u0130ngilizce Yeterlilik s\u0131nav\u0131n\u0131 ge\u00e7en ya da Y\u00d6K&#8217;\u00fcn kabul etmi\u015f oldu\u011fu uluslararas\u0131 ge\u00e7erlili\u011fi olan s\u0131nav sonu\u00e7lar\u0131n\u0131 bize ileten \u00f6\u011frencilerimiz Haz\u0131rl\u0131ktan muaf olmaktad\u0131r. Kurlar ile ilgili bilgiler a\u015fa\u011f\u0131daki gibidir;<\/p>\n<p><b>A1+ A2 = 16 Hafta<\/b><\/p>\n<p><b>A2 = 8 Hafta<\/b><\/p>\n<p><b>B1 = 8 Hafta<\/b><\/p>\n<p><b>B2 = 8 Hafta<\/b><\/p>\n<p>&nbsp;<\/p>\n<p>Ders i\u00e7i uygulanan faaliyetler kadar, ders d\u0131\u015f\u0131 projelerde s\u00fcrekli olarak uygulanmakta ve takibi yap\u0131lmaktad\u0131r.<\/p>\n<p>\u00d6\u011frencilerimiz lisans e\u011fitimleri boyunca da genel ve mesleki ama\u00e7l\u0131 \u0130ngilizce e\u011fitimlerine devam edebilecekler ve lisans e\u011fitimleri sonras\u0131nda ulusal ya da uluslararas\u0131 alanda y\u00fcksek lisans ve doktora programlar\u0131na kat\u0131labilmek i\u00e7in gerekli olan \u0130ngilizce seviyesine ula\u015fabileceklerdir.<\/p>\n<p>\u0130stanbul Ticaret \u00dcniversitesi \u0130ngilizce Haz\u0131rl\u0131k Program\u0131, d\u00fcnyan\u0131n en sayg\u0131n kalite akreditasyon kurumlar\u0131ndan biri olan \u0130ngiliz \u2019Pearson Assured\u2019 Uluslararas\u0131 Kalite Akreditasyonuna sahiptir ve \u0130ngilizce Haz\u0131rl\u0131k Program\u0131n\u0131 ba\u015far\u0131yla bitiren t\u00fcm \u00f6\u011frenciler, uluslararas\u0131 platformda tan\u0131n\u0131rl\u0131\u011f\u0131 olan \u2019Pearson Assured&#8217; sertifikas\u0131 almaya hak kazan\u0131rlar.<\/p>\n<p><span class=\"Apple-converted-space\">\u00a0<\/span><\/p>\n<p><b>M\u00fcge \u00c7ET\u0130NKAYA<\/b><\/p>\n<p>\u0130ngilizce Haz\u0131rl\u0131k Program\u0131 Koordinat\u00f6r\u00fc<\/p>\n<ul>\n<li><b>\u0130NG\u0130L\u0130ZCE HAZIRLIK PROGRAMI \u00dcN\u0130VERS\u0130TEM\u0130Z\u0130N K\u00dc\u00c7\u00dcKYALI YERLE\u015eKES\u0130NDED\u0130R.<\/b><\/li>\n<\/ul>\n","protected":false},"excerpt":{"rendered":"<p>\u00dcniversitemizin \u0130ngilizce Haz\u0131rl\u0131k Program\u0131&#8217;nda verilen e\u011fitim \u00f6\u011fretimin amac\u0131; \u00f6\u011frencilerimize kay\u0131tl\u0131 olduklar\u0131 lisans programlar\u0131n\u0131n \u00f6n g\u00f6rd\u00fc\u011f\u00fc \u0130ngilizce ders ve di\u011fer \u00f6\u011frenme etkinliklerini takip edebilme, kendi b\u00f6l\u00fcmleriyle ilgili alan makalelerini anlayabilme, kat\u0131l\u0131m g\u00f6sterilen konferans, seminer ve tart\u0131\u015fmalara katk\u0131da bulunabilme, mesleki ve sosyal hayatta gerekli olan \u0130ngilizce yaz\u0131l\u0131 ve s\u00f6zl\u00fc ileti\u015fimi kurabilme yetkinli\u011fini kazand\u0131rmakt\u0131r. \u00d6\u011frencilerimize akademik disiplinleriyle daha [&hellip;]<\/p>\n","protected":false},"author":84,"featured_media":330,"parent":0,"menu_order":0,"comment_status":"closed","ping_status":"closed","template":"pages\/homepage.php","meta":{"footnotes":""},"yoast_head":"<!-- This site is optimized with the Yoast SEO Premium plugin v22.1 (Yoast SEO v22.1) - https:\/\/yoast.com\/wordpress\/plugins\/seo\/ -->\n<title>\u0130stanbul Ticaret \u00dcniversitesi Haz\u0131rl\u0131k Okulu<\/title>\n<meta name=\"description\" content=\"\u00dcniversitemizin \u0130ngilizce Haz\u0131rl\u0131k Program\u0131&#039;nda verilen e\u011fitim \u00f6\u011fretimin amac\u0131;\" \/>\n<meta name=\"robots\" content=\"index, follow, max-snippet:-1, max-image-preview:large, max-video-preview:-1\" \/>\n<link rel=\"canonical\" href=\"https:\/\/ticaret.edu.tr\/ingilizce-hazirlik\/\" \/>\n<meta property=\"og:locale\" content=\"tr_TR\" \/>\n<meta property=\"og:type\" content=\"article\" \/>\n<meta property=\"og:title\" content=\"Ana Sayfa\" \/>\n<meta property=\"og:description\" content=\"\u00dcniversitemizin \u0130ngilizce Haz\u0131rl\u0131k Program\u0131&#039;nda verilen e\u011fitim \u00f6\u011fretimin amac\u0131;\" \/>\n<meta property=\"og:url\" content=\"https:\/\/ticaret.edu.tr\/ingilizce-hazirlik\/\" \/>\n<meta property=\"og:site_name\" content=\"\u0130ngilizce Haz\u0131rl\u0131k\" \/>\n<meta property=\"article:publisher\" content=\"https:\/\/www.facebook.com\/ticaretedutr\" \/>\n<meta property=\"article:modified_time\" content=\"2025-02-25T12:11:44+00:00\" \/>\n<meta property=\"og:image\" content=\"https:\/\/ticaret.edu.tr\/ingilizce-hazirlik\/wp-content\/uploads\/sites\/41\/2021\/11\/web_logo-01.jpg\" \/>\n\t<meta property=\"og:image:width\" content=\"1250\" \/>\n\t<meta property=\"og:image:height\" content=\"833\" \/>\n\t<meta property=\"og:image:type\" content=\"image\/jpeg\" \/>\n<meta name=\"twitter:card\" content=\"summary_large_image\" \/>\n<meta name=\"twitter:site\" content=\"@ticaretedutr\" \/>\n<meta name=\"twitter:label1\" content=\"Tahmini okuma s\u00fcresi\" \/>\n\t<meta name=\"twitter:data1\" content=\"3 dakika\" \/>\n<script type=\"application\/ld+json\" class=\"yoast-schema-graph\">{\"@context\":\"https:\/\/schema.org\",\"@graph\":[{\"@type\":\"WebPage\",\"@id\":\"https:\/\/ticaret.edu.tr\/ingilizce-hazirlik\/\",\"url\":\"https:\/\/ticaret.edu.tr\/ingilizce-hazirlik\/\",\"name\":\"\u0130stanbul Ticaret \u00dcniversitesi Haz\u0131rl\u0131k Okulu\",\"isPartOf\":{\"@id\":\"https:\/\/ticaret.edu.tr\/ingilizce-hazirlik\/en\/#website\"},\"datePublished\":\"2020-05-11T13:35:25+00:00\",\"dateModified\":\"2025-02-25T12:11:44+00:00\",\"description\":\"\u00dcniversitemizin \u0130ngilizce Haz\u0131rl\u0131k Program\u0131'nda verilen e\u011fitim \u00f6\u011fretimin amac\u0131;\",\"breadcrumb\":{\"@id\":\"https:\/\/ticaret.edu.tr\/ingilizce-hazirlik\/#breadcrumb\"},\"inLanguage\":\"tr\",\"potentialAction\":[{\"@type\":\"ReadAction\",\"target\":[\"https:\/\/ticaret.edu.tr\/ingilizce-hazirlik\/\"]}]},{\"@type\":\"BreadcrumbList\",\"@id\":\"https:\/\/ticaret.edu.tr\/ingilizce-hazirlik\/#breadcrumb\",\"itemListElement\":[{\"@type\":\"ListItem\",\"position\":1,\"name\":\"Ana sayfa\",\"item\":\"https:\/\/ticaret.edu.tr\/ingilizce-hazirlik\/\"},{\"@type\":\"ListItem\",\"position\":2,\"name\":\"Ana Sayfa\"}]},{\"@type\":\"WebSite\",\"@id\":\"https:\/\/ticaret.edu.tr\/ingilizce-hazirlik\/en\/#website\",\"url\":\"https:\/\/ticaret.edu.tr\/ingilizce-hazirlik\/en\/\",\"name\":\"\u0130ngilizce Haz\u0131rl\u0131k\",\"description\":\"Bir ba\u015fka \u0130stanbul Ticaret \u00dcniversitesi site sitesi\",\"potentialAction\":[{\"@type\":\"SearchAction\",\"target\":{\"@type\":\"EntryPoint\",\"urlTemplate\":\"https:\/\/ticaret.edu.tr\/ingilizce-hazirlik\/en\/?s={search_term_string}\"},\"query-input\":\"required name=search_term_string\"}],\"inLanguage\":\"tr\"}]}<\/script>\n<!-- \/ Yoast SEO Premium plugin. -->","yoast_head_json":{"title":"\u0130stanbul Ticaret \u00dcniversitesi Haz\u0131rl\u0131k Okulu","description":"\u00dcniversitemizin \u0130ngilizce Haz\u0131rl\u0131k Program\u0131'nda verilen e\u011fitim \u00f6\u011fretimin amac\u0131;","robots":{"index":"index","follow":"follow","max-snippet":"max-snippet:-1","max-image-preview":"max-image-preview:large","max-video-preview":"max-video-preview:-1"},"canonical":"https:\/\/ticaret.edu.tr\/ingilizce-hazirlik\/","og_locale":"tr_TR","og_type":"article","og_title":"Ana Sayfa","og_description":"\u00dcniversitemizin \u0130ngilizce Haz\u0131rl\u0131k Program\u0131'nda verilen e\u011fitim \u00f6\u011fretimin amac\u0131;","og_url":"https:\/\/ticaret.edu.tr\/ingilizce-hazirlik\/","og_site_name":"\u0130ngilizce Haz\u0131rl\u0131k","article_publisher":"https:\/\/www.facebook.com\/ticaretedutr","article_modified_time":"2025-02-25T12:11:44+00:00","og_image":[{"width":1250,"height":833,"url":"https:\/\/ticaret.edu.tr\/ingilizce-hazirlik\/wp-content\/uploads\/sites\/41\/2021\/11\/web_logo-01.jpg","type":"image\/jpeg"}],"twitter_card":"summary_large_image","twitter_site":"@ticaretedutr","twitter_misc":{"Tahmini okuma s\u00fcresi":"3 dakika"},"schema":{"@context":"https:\/\/schema.org","@graph":[{"@type":"WebPage","@id":"https:\/\/ticaret.edu.tr\/ingilizce-hazirlik\/","url":"https:\/\/ticaret.edu.tr\/ingilizce-hazirlik\/","name":"\u0130stanbul Ticaret \u00dcniversitesi Haz\u0131rl\u0131k Okulu","isPartOf":{"@id":"https:\/\/ticaret.edu.tr\/ingilizce-hazirlik\/en\/#website"},"datePublished":"2020-05-11T13:35:25+00:00","dateModified":"2025-02-25T12:11:44+00:00","description":"\u00dcniversitemizin \u0130ngilizce Haz\u0131rl\u0131k Program\u0131'nda verilen e\u011fitim \u00f6\u011fretimin amac\u0131;","breadcrumb":{"@id":"https:\/\/ticaret.edu.tr\/ingilizce-hazirlik\/#breadcrumb"},"inLanguage":"tr","potentialAction":[{"@type":"ReadAction","target":["https:\/\/ticaret.edu.tr\/ingilizce-hazirlik\/"]}]},{"@type":"BreadcrumbList","@id":"https:\/\/ticaret.edu.tr\/ingilizce-hazirlik\/#breadcrumb","itemListElement":[{"@type":"ListItem","position":1,"name":"Ana sayfa","item":"https:\/\/ticaret.edu.tr\/ingilizce-hazirlik\/"},{"@type":"ListItem","position":2,"name":"Ana Sayfa"}]},{"@type":"WebSite","@id":"https:\/\/ticaret.edu.tr\/ingilizce-hazirlik\/en\/#website","url":"https:\/\/ticaret.edu.tr\/ingilizce-hazirlik\/en\/","name":"\u0130ngilizce Haz\u0131rl\u0131k","description":"Bir ba\u015fka \u0130stanbul Ticaret \u00dcniversitesi site sitesi","potentialAction":[{"@type":"SearchAction","target":{"@type":"EntryPoint","urlTemplate":"https:\/\/ticaret.edu.tr\/ingilizce-hazirlik\/en\/?s={search_term_string}"},"query-input":"required name=search_term_string"}],"inLanguage":"tr"}]}},"lang":"tr","translations":{"en":248,"tr":15},"pll_sync_post":[],"_links":{"self":[{"href":"http:\/\/ticaret.edu.tr\/ingilizce-hazirlik\/wp-json\/wp\/v2\/pages\/15"}],"collection":[{"href":"http:\/\/ticaret.edu.tr\/ingilizce-hazirlik\/wp-json\/wp\/v2\/pages"}],"about":[{"href":"http:\/\/ticaret.edu.tr\/ingilizce-hazirlik\/wp-json\/wp\/v2\/types\/page"}],"author":[{"embeddable":true,"href":"http:\/\/ticaret.edu.tr\/ingilizce-hazirlik\/wp-json\/wp\/v2\/users\/84"}],"replies":[{"embeddable":true,"href":"http:\/\/ticaret.edu.tr\/ingilizce-hazirlik\/wp-json\/wp\/v2\/comments?post=15"}],"version-history":[{"count":13,"href":"http:\/\/ticaret.edu.tr\/ingilizce-hazirlik\/wp-json\/wp\/v2\/pages\/15\/revisions"}],"predecessor-version":[{"id":542,"href":"http:\/\/ticaret.edu.tr\/ingilizce-hazirlik\/wp-json\/wp\/v2\/pages\/15\/revisions\/542"}],"wp:featuredmedia":[{"embeddable":true,"href":"http:\/\/ticaret.edu.tr\/ingilizce-hazirlik\/wp-json\/wp\/v2\/media\/330"}],"wp:attachment":[{"href":"http:\/\/ticaret.edu.tr\/ingilizce-hazirlik\/wp-json\/wp\/v2\/media?parent=15"}],"curies":[{"name":"wp","href":"https:\/\/api.w.org\/{rel}","templated":true}]}}