{"id":378,"date":"2022-05-13T11:26:03","date_gmt":"2022-05-13T08:26:03","guid":{"rendered":"https:\/\/ticaret.edu.tr\/ingilizce-hazirlik\/?page_id=378"},"modified":"2025-12-05T12:27:09","modified_gmt":"2025-12-05T09:27:09","slug":"toefl-ibt-sinav-merkezi","status":"publish","type":"page","link":"http:\/\/ticaret.edu.tr\/ingilizce-hazirlik\/toefl-ibt-sinav-merkezi\/","title":{"rendered":"TOEFL iBT S\u0131nav Merkezi"},"content":{"rendered":"<p><img loading=\"lazy\" decoding=\"async\" class=\"alignnone size-full wp-image-381 aligncenter\" src=\"http:\/\/ticaret.edu.tr\/ingilizce-hazirlik\/wp-content\/uploads\/sites\/41\/2022\/05\/toefl-IBT.jpg\" alt=\"\" width=\"200\" height=\"62\" \/><\/p>\n<p>ISTANBUL T\u0130CARET \u00dcN\u0130VERS\u0130TES\u0130 TOEFL IBT RESM\u0130 SINAV MERKEZ\u0130D\u0130R. SINAV YER\u0130M\u0130Z S\u00c2D\u00c2B\u00c2D KAMP\u00dcS\u00dc S\u00dcTL\u00dcCE&#8217;DE BULUNMAKTADIR.<\/p>\n<p>&nbsp;<\/p>\n<p><strong>TOEFL iBT\u00ae \u00d6NEML\u0130 UYARI!<\/strong><\/p>\n<ol>\n<li>\u00d6SYM ve Y\u00d6K taraf\u0131ndan yaln\u0131zca \u00fcniversitelerde bulunan TOEFL iBT\u00ae s\u0131nav merkezlerinden al\u0131nan sonu\u00e7 belgesi kabul edilmektedir.<\/li>\n<li>Yabanc\u0131 Dil Haz\u0131rl\u0131k Okullar\u0131nda muafiyet i\u00e7in ge\u00e7erli olan TOEFL skorunun da yine \u00fcniversitelerde bulunan s\u0131nav merkezlerinden al\u0131nmas\u0131 zorunludur.<\/li>\n<li>\u00d6zel kurum veya s\u0131nav merkezlerinden al\u0131nan sonu\u00e7lar akademik olarak ge\u00e7erli say\u0131lmamaktad\u0131r.<\/li>\n<\/ol>\n<p>&nbsp;<\/p>\n<p><em>TOEFL iBT\u2009\u00ae s\u0131nav\u0131 T\u00fcrkiye, ABD, Avustralya, Kanada ve \u0130ngiltere dahil olmak \u00fczere d\u00fcnya \u00e7ap\u0131nda 160\u2019dan fazla \u00fclkede 11.500\u2019den fazla \u00fcniversite ve kurumda size avantaj sa\u011flar.<\/em><\/p>\n<p><em>T\u00fcrkiye\u2019deki t\u00fcm \u00fcniversiteler TOEFL s\u0131nav\u0131n\u0131 kabul etmektedir. TOEFL iBT s\u0131nav\u0131, T\u00fcrkiye\u2019de \u00d6SYM taraf\u0131ndan kabul edilen ve YDS s\u0131nav\u0131na denkli\u011fi bulunan bir s\u0131navd\u0131r.<\/em><\/p>\n<p><strong>\u00a0<\/strong><\/p>\n<p><strong>TOEFL IBT SINAVINA NASIL BA\u015eVURU YAPAB\u0130L\u0130R\u0130M?<\/strong><\/p>\n<p>S\u0131nav ile ilgili her t\u00fcrl\u00fc soru ve destek i\u00e7in <u>testcenter@ticaret.edu.tr<\/u> adresine email atabilirsiniz.<\/p>\n<ol>\n<li>\u00d6ncelikle bir TOEFL IBT hesab\u0131 olu\u015fturman\u0131z gerekiyor. Bunun i\u00e7in a\u015fa\u011f\u0131daki ad\u0131mlar\u0131 takip ediniz.<\/li>\n<li>www.ets.org\/toefl link&#8217;ine t\u0131klay\u0131n\u0131z.<\/li>\n<li>TOEFL IBT Test Takers link&#8217;ine t\u0131klay\u0131n\u0131z.<\/li>\n<li>REGISTER linkine t\u0131klay\u0131n\u0131z.<\/li>\n<li>NEW USER b\u00f6l\u00fcm\u00fcnden CREATE AN ACCOUNT \u2018a giri\u015f yaparak\u00a0 istenen bilgileri do\u011fru ve eksiksiz yaz\u0131n\u0131z. \u0130sim ve soyad\u0131n\u0131z\u0131 kimli\u011finizde yazd\u0131\u011f\u0131 \u015fekilde doldurman\u0131z gerekmektedir. T\u00fcrk\u00e7e karakter kullanmay\u0131n\u0131z. Telefon numaran\u0131z\u0131 rakamlar aras\u0131nda bo\u015fluk b\u0131rakmadan yaz\u0131n\u0131z. Kimlik \u015fartlar\u0131 ile ilgili detayl\u0131 bilgi i\u00e7in a\u015fa\u011f\u0131daki linke t\u0131klay\u0131n\u0131z. <a href=\"https:\/\/www.ets.org\/tr\/toefl\/ibt\/register\/id\">https:\/\/www.ets.org\/tr\/toefl\/ibt\/register\/id<\/a><\/li>\n<li>Sistem sizden bir kullan\u0131c\u0131 ad\u0131 ve \u015fifre belirlemenizi isteyecek. L\u00fctfen bu bilgileri not ediniz, daha sonra ihtiyac\u0131n\u0131z olacak.<\/li>\n<li>TOEFL IBT Hesab\u0131n\u0131z\u0131 olu\u015fturduktan sonra &#8220;log out&#8221; yap\u0131n\u0131z. Sonra kullan\u0131c\u0131 ad\u0131n\u0131z\u0131 ve \u015fifrenizi yazarak tekrar giri\u015f yap\u0131n\u0131z.<\/li>\n<li>Bu a\u015famada, sistem size bir ETS ID numaras\u0131 verecek. Bu numaray\u0131 &#8220;Contact Information&#8221; \u0131n alt\u0131nda yazan &#8220;Home Page&#8221;in sa\u011f\u0131nda bulacaks\u0131n\u0131z. L\u00fctfen <strong>ETS ID (kimlik) numaran\u0131z\u0131<\/strong> not ediniz.<\/li>\n<\/ol>\n<p><strong>\u00a0<\/strong><\/p>\n<p><strong>S\u0131nav ba\u015fvurusu yapmak i\u00e7in a\u015fa\u011f\u0131daki ad\u0131mlar\u0131 takip ediniz.<\/strong><\/p>\n<p>&nbsp;<\/p>\n<ol>\n<li>www.ets.org\/toefl link \u2018ine t\u0131klay\u0131p TOEFL IBT hesab\u0131n\u0131za giri\u015f yap\u0131n\u0131z.<\/li>\n<li>Ana sayfada MY TOEFL HOME linkine t\u0131klay\u0131n\u0131z.<\/li>\n<li>MY TESTS ba\u015fl\u0131\u011f\u0131n\u0131n alt\u0131ndaki REGISTER \/ FIND TEST CENTERS, DATES linkine t\u0131klay\u0131n\u0131z.<\/li>\n<li>Kar\u015f\u0131n\u0131za gelen sayfada \u0130stanbul Ticaret (Commerce) \u00dcniversitesi ve s\u0131nava girmek istedi\u011finiz tarihi se\u00e7iniz.<\/li>\n<li>Gerekli bilgileri doldurup kredi kart\u0131n\u0131zla s\u0131nav \u00fccretinin sistem \u00fczerinden \u00f6demesini yap\u0131n\u0131z.<\/li>\n<li>Konfirmasyon e-maili alacaks\u0131n\u0131z. L\u00fctfen bu e-maildeki bilgileri kontrol ediniz. S\u0131nava gelirken konfirmasyon e-mailini yan\u0131n\u0131zda getiriniz.<\/li>\n<\/ol>\n<p>&nbsp;<\/p>\n<p>Video : S\u0131nava ba\u015fvuru i\u00e7in ek bilgilere buradan ula\u015fabilirsiniz.<\/p>\n<p><a href=\"https:\/\/www.ets.org\/toefl\/test-takers\/ibt\/take\/register\/online\">https:\/\/www.ets.org\/toefl\/test-takers\/ibt\/take\/register\/online<\/a><\/p>\n<p>&nbsp;<\/p>\n<p>Video: S\u0131nav i\u00e7eri\u011fi ile ilgili bilgilere buradan ula\u015fabilirsiniz.<\/p>\n<p><a href=\"https:\/\/www.ets.org\/toefl\/test-takers\/ibt\/about\/content\/test-structure-transcript\">https:\/\/www.ets.org\/toefl\/test-takers\/ibt\/about\/content\/test-structure-transcript<\/a><\/p>\n<p>&nbsp;<\/p>\n<p>Video: S\u0131nav Merkezinde S\u0131nav Nas\u0131l Olacak<\/p>\n<p><a href=\"https:\/\/www.ets.org\/tr\/toefl\/test-takers\/ibt\/test-day\/test-center\">https:\/\/www.ets.org\/tr\/toefl\/test-takers\/ibt\/test-day\/test-center<\/a><\/p>\n<p>&nbsp;<\/p>\n<p>&nbsp;<\/p>\n<p>&nbsp;<\/p>\n<p>&nbsp;<\/p>\n<p>&nbsp;<\/p>\n","protected":false},"excerpt":{"rendered":"<p>ISTANBUL T\u0130CARET \u00dcN\u0130VERS\u0130TES\u0130 TOEFL IBT RESM\u0130 SINAV MERKEZ\u0130D\u0130R. SINAV YER\u0130M\u0130Z S\u00c2D\u00c2B\u00c2D KAMP\u00dcS\u00dc S\u00dcTL\u00dcCE&#8217;DE BULUNMAKTADIR. &nbsp; TOEFL iBT\u00ae \u00d6NEML\u0130 UYARI! \u00d6SYM ve Y\u00d6K taraf\u0131ndan yaln\u0131zca \u00fcniversitelerde bulunan TOEFL iBT\u00ae s\u0131nav merkezlerinden al\u0131nan sonu\u00e7 belgesi kabul edilmektedir. Yabanc\u0131 Dil Haz\u0131rl\u0131k Okullar\u0131nda muafiyet i\u00e7in ge\u00e7erli olan TOEFL skorunun da yine \u00fcniversitelerde bulunan s\u0131nav merkezlerinden al\u0131nmas\u0131 zorunludur. \u00d6zel kurum [&hellip;]<\/p>\n","protected":false},"author":149,"featured_media":0,"parent":0,"menu_order":0,"comment_status":"closed","ping_status":"closed","template":"genel_sayfa.php","meta":{"footnotes":""},"yoast_head":"<!-- This site is optimized with the Yoast SEO Premium plugin v22.1 (Yoast SEO v22.1) - https:\/\/yoast.com\/wordpress\/plugins\/seo\/ -->\n<title>TOEFL iBT S\u0131nav Merkezi - \u0130ngilizce Haz\u0131rl\u0131k<\/title>\n<meta name=\"robots\" content=\"index, follow, max-snippet:-1, max-image-preview:large, max-video-preview:-1\" \/>\n<link rel=\"canonical\" href=\"https:\/\/ticaret.edu.tr\/ingilizce-hazirlik\/toefl-ibt-sinav-merkezi\/\" \/>\n<meta property=\"og:locale\" content=\"tr_TR\" \/>\n<meta property=\"og:type\" content=\"article\" \/>\n<meta property=\"og:title\" content=\"TOEFL iBT S\u0131nav Merkezi\" \/>\n<meta property=\"og:description\" content=\"ISTANBUL T\u0130CARET \u00dcN\u0130VERS\u0130TES\u0130 TOEFL IBT RESM\u0130 SINAV MERKEZ\u0130D\u0130R. SINAV YER\u0130M\u0130Z S\u00c2D\u00c2B\u00c2D KAMP\u00dcS\u00dc S\u00dcTL\u00dcCE&#8217;DE BULUNMAKTADIR. &nbsp; TOEFL iBT\u00ae \u00d6NEML\u0130 UYARI! \u00d6SYM ve Y\u00d6K taraf\u0131ndan yaln\u0131zca \u00fcniversitelerde bulunan TOEFL iBT\u00ae s\u0131nav merkezlerinden al\u0131nan sonu\u00e7 belgesi kabul edilmektedir. Yabanc\u0131 Dil Haz\u0131rl\u0131k Okullar\u0131nda muafiyet i\u00e7in ge\u00e7erli olan TOEFL skorunun da yine \u00fcniversitelerde bulunan s\u0131nav merkezlerinden al\u0131nmas\u0131 zorunludur. \u00d6zel kurum [&hellip;]\" \/>\n<meta property=\"og:url\" content=\"https:\/\/ticaret.edu.tr\/ingilizce-hazirlik\/toefl-ibt-sinav-merkezi\/\" \/>\n<meta property=\"og:site_name\" content=\"\u0130ngilizce Haz\u0131rl\u0131k\" \/>\n<meta property=\"article:publisher\" content=\"https:\/\/www.facebook.com\/ticaretedutr\" \/>\n<meta property=\"article:modified_time\" content=\"2025-12-05T09:27:09+00:00\" \/>\n<meta property=\"og:image\" content=\"http:\/\/ticaret.edu.tr\/ingilizce-hazirlik\/wp-content\/uploads\/sites\/41\/2022\/05\/toefl-IBT.jpg\" \/>\n<meta name=\"twitter:card\" content=\"summary_large_image\" \/>\n<meta name=\"twitter:site\" content=\"@ticaretedutr\" \/>\n<meta name=\"twitter:label1\" content=\"Tahmini okuma s\u00fcresi\" \/>\n\t<meta name=\"twitter:data1\" content=\"3 dakika\" \/>\n<script type=\"application\/ld+json\" class=\"yoast-schema-graph\">{\"@context\":\"https:\/\/schema.org\",\"@graph\":[{\"@type\":\"WebPage\",\"@id\":\"https:\/\/ticaret.edu.tr\/ingilizce-hazirlik\/toefl-ibt-sinav-merkezi\/\",\"url\":\"https:\/\/ticaret.edu.tr\/ingilizce-hazirlik\/toefl-ibt-sinav-merkezi\/\",\"name\":\"TOEFL iBT S\u0131nav Merkezi - \u0130ngilizce Haz\u0131rl\u0131k\",\"isPartOf\":{\"@id\":\"https:\/\/ticaret.edu.tr\/ingilizce-hazirlik\/#website\"},\"datePublished\":\"2022-05-13T08:26:03+00:00\",\"dateModified\":\"2025-12-05T09:27:09+00:00\",\"breadcrumb\":{\"@id\":\"https:\/\/ticaret.edu.tr\/ingilizce-hazirlik\/toefl-ibt-sinav-merkezi\/#breadcrumb\"},\"inLanguage\":\"tr\",\"potentialAction\":[{\"@type\":\"ReadAction\",\"target\":[\"https:\/\/ticaret.edu.tr\/ingilizce-hazirlik\/toefl-ibt-sinav-merkezi\/\"]}]},{\"@type\":\"BreadcrumbList\",\"@id\":\"https:\/\/ticaret.edu.tr\/ingilizce-hazirlik\/toefl-ibt-sinav-merkezi\/#breadcrumb\",\"itemListElement\":[{\"@type\":\"ListItem\",\"position\":1,\"name\":\"Ana sayfa\",\"item\":\"https:\/\/ticaret.edu.tr\/ingilizce-hazirlik\/\"},{\"@type\":\"ListItem\",\"position\":2,\"name\":\"TOEFL iBT S\u0131nav Merkezi\"}]},{\"@type\":\"WebSite\",\"@id\":\"https:\/\/ticaret.edu.tr\/ingilizce-hazirlik\/#website\",\"url\":\"https:\/\/ticaret.edu.tr\/ingilizce-hazirlik\/\",\"name\":\"\u0130ngilizce Haz\u0131rl\u0131k\",\"description\":\"Bir ba\u015fka \u0130stanbul Ticaret \u00dcniversitesi site sitesi\",\"potentialAction\":[{\"@type\":\"SearchAction\",\"target\":{\"@type\":\"EntryPoint\",\"urlTemplate\":\"https:\/\/ticaret.edu.tr\/ingilizce-hazirlik\/?s={search_term_string}\"},\"query-input\":\"required name=search_term_string\"}],\"inLanguage\":\"tr\"}]}<\/script>\n<!-- \/ Yoast SEO Premium plugin. -->","yoast_head_json":{"title":"TOEFL iBT S\u0131nav Merkezi - \u0130ngilizce Haz\u0131rl\u0131k","robots":{"index":"index","follow":"follow","max-snippet":"max-snippet:-1","max-image-preview":"max-image-preview:large","max-video-preview":"max-video-preview:-1"},"canonical":"https:\/\/ticaret.edu.tr\/ingilizce-hazirlik\/toefl-ibt-sinav-merkezi\/","og_locale":"tr_TR","og_type":"article","og_title":"TOEFL iBT S\u0131nav Merkezi","og_description":"ISTANBUL T\u0130CARET \u00dcN\u0130VERS\u0130TES\u0130 TOEFL IBT RESM\u0130 SINAV MERKEZ\u0130D\u0130R. SINAV YER\u0130M\u0130Z S\u00c2D\u00c2B\u00c2D KAMP\u00dcS\u00dc S\u00dcTL\u00dcCE&#8217;DE BULUNMAKTADIR. &nbsp; TOEFL iBT\u00ae \u00d6NEML\u0130 UYARI! \u00d6SYM ve Y\u00d6K taraf\u0131ndan yaln\u0131zca \u00fcniversitelerde bulunan TOEFL iBT\u00ae s\u0131nav merkezlerinden al\u0131nan sonu\u00e7 belgesi kabul edilmektedir. Yabanc\u0131 Dil Haz\u0131rl\u0131k Okullar\u0131nda muafiyet i\u00e7in ge\u00e7erli olan TOEFL skorunun da yine \u00fcniversitelerde bulunan s\u0131nav merkezlerinden al\u0131nmas\u0131 zorunludur. \u00d6zel kurum [&hellip;]","og_url":"https:\/\/ticaret.edu.tr\/ingilizce-hazirlik\/toefl-ibt-sinav-merkezi\/","og_site_name":"\u0130ngilizce Haz\u0131rl\u0131k","article_publisher":"https:\/\/www.facebook.com\/ticaretedutr","article_modified_time":"2025-12-05T09:27:09+00:00","og_image":[{"url":"http:\/\/ticaret.edu.tr\/ingilizce-hazirlik\/wp-content\/uploads\/sites\/41\/2022\/05\/toefl-IBT.jpg"}],"twitter_card":"summary_large_image","twitter_site":"@ticaretedutr","twitter_misc":{"Tahmini okuma s\u00fcresi":"3 dakika"},"schema":{"@context":"https:\/\/schema.org","@graph":[{"@type":"WebPage","@id":"https:\/\/ticaret.edu.tr\/ingilizce-hazirlik\/toefl-ibt-sinav-merkezi\/","url":"https:\/\/ticaret.edu.tr\/ingilizce-hazirlik\/toefl-ibt-sinav-merkezi\/","name":"TOEFL iBT S\u0131nav Merkezi - \u0130ngilizce Haz\u0131rl\u0131k","isPartOf":{"@id":"https:\/\/ticaret.edu.tr\/ingilizce-hazirlik\/#website"},"datePublished":"2022-05-13T08:26:03+00:00","dateModified":"2025-12-05T09:27:09+00:00","breadcrumb":{"@id":"https:\/\/ticaret.edu.tr\/ingilizce-hazirlik\/toefl-ibt-sinav-merkezi\/#breadcrumb"},"inLanguage":"tr","potentialAction":[{"@type":"ReadAction","target":["https:\/\/ticaret.edu.tr\/ingilizce-hazirlik\/toefl-ibt-sinav-merkezi\/"]}]},{"@type":"BreadcrumbList","@id":"https:\/\/ticaret.edu.tr\/ingilizce-hazirlik\/toefl-ibt-sinav-merkezi\/#breadcrumb","itemListElement":[{"@type":"ListItem","position":1,"name":"Ana sayfa","item":"https:\/\/ticaret.edu.tr\/ingilizce-hazirlik\/"},{"@type":"ListItem","position":2,"name":"TOEFL iBT S\u0131nav Merkezi"}]},{"@type":"WebSite","@id":"https:\/\/ticaret.edu.tr\/ingilizce-hazirlik\/#website","url":"https:\/\/ticaret.edu.tr\/ingilizce-hazirlik\/","name":"\u0130ngilizce Haz\u0131rl\u0131k","description":"Bir ba\u015fka \u0130stanbul Ticaret \u00dcniversitesi site sitesi","potentialAction":[{"@type":"SearchAction","target":{"@type":"EntryPoint","urlTemplate":"https:\/\/ticaret.edu.tr\/ingilizce-hazirlik\/?s={search_term_string}"},"query-input":"required name=search_term_string"}],"inLanguage":"tr"}]}},"lang":"tr","translations":{"en":403,"tr":378},"pll_sync_post":[],"_links":{"self":[{"href":"http:\/\/ticaret.edu.tr\/ingilizce-hazirlik\/wp-json\/wp\/v2\/pages\/378"}],"collection":[{"href":"http:\/\/ticaret.edu.tr\/ingilizce-hazirlik\/wp-json\/wp\/v2\/pages"}],"about":[{"href":"http:\/\/ticaret.edu.tr\/ingilizce-hazirlik\/wp-json\/wp\/v2\/types\/page"}],"author":[{"embeddable":true,"href":"http:\/\/ticaret.edu.tr\/ingilizce-hazirlik\/wp-json\/wp\/v2\/users\/149"}],"replies":[{"embeddable":true,"href":"http:\/\/ticaret.edu.tr\/ingilizce-hazirlik\/wp-json\/wp\/v2\/comments?post=378"}],"version-history":[{"count":10,"href":"http:\/\/ticaret.edu.tr\/ingilizce-hazirlik\/wp-json\/wp\/v2\/pages\/378\/revisions"}],"predecessor-version":[{"id":597,"href":"http:\/\/ticaret.edu.tr\/ingilizce-hazirlik\/wp-json\/wp\/v2\/pages\/378\/revisions\/597"}],"wp:attachment":[{"href":"http:\/\/ticaret.edu.tr\/ingilizce-hazirlik\/wp-json\/wp\/v2\/media?parent=378"}],"curies":[{"name":"wp","href":"https:\/\/api.w.org\/{rel}","templated":true}]}}