{"id":540,"date":"2025-02-25T15:11:18","date_gmt":"2025-02-25T12:11:18","guid":{"rendered":"https:\/\/ticaret.edu.tr\/ingilizce-hazirlik\/?page_id=540"},"modified":"2026-01-07T17:02:59","modified_gmt":"2026-01-07T14:02:59","slug":"genel-bilgi","status":"publish","type":"page","link":"http:\/\/ticaret.edu.tr\/ingilizce-hazirlik\/genel-bilgi\/","title":{"rendered":"Genel Bilgi"},"content":{"rendered":"<p>\u00dcniversitemiz \u0130ngilizce Haz\u0131rl\u0131k Okulu\u2019nda verilen \u0130ngilizce e\u011fitim \u00f6\u011fretiminin temel amac\u0131, \u00f6\u011frencilerimize hem \u00f6\u011frenim hayatlar\u0131 hem de mesleki hayatlar\u0131 boyunca etkin ileti\u015fim i\u00e7in gereken \u0130ngilizce dil becerilerini edinmeleri ve geli\u015ftirmeleri i\u00e7in yard\u0131mc\u0131 olmakt\u0131r. Bu ba\u011flamda, \u0130ngilizce Haz\u0131rl\u0131k Okulumuz, \u0130ngilizce dil \u00f6\u011fretiminin tasarlanmas\u0131, planlanmas\u0131 ve y\u00fcr\u00fct\u00fclmesinde b\u00fct\u00fcnc\u00fcl bir yakla\u015f\u0131m\u0131 benimseyerek, \u00f6\u011frencilerimize \u00fcniversitemizde kay\u0131tl\u0131 olduklar\u0131 programlar\u0131n\u0131n \u00f6n g\u00f6rd\u00fc\u011f\u00fc \u0130ngilizce ders ve di\u011fer \u00f6\u011frenme etkinliklerini takip edebilme, kendi b\u00f6l\u00fcmleriyle ilgili alan makalelerini anlayabilme, kat\u0131l\u0131m g\u00f6sterilen konferans, seminer ve tart\u0131\u015fmalara katk\u0131da bulunabilme, mesleki ve sosyal hayatta gerekli olan \u0130ngilizce yaz\u0131l\u0131 ve s\u00f6zl\u00fc ileti\u015fimi kurabilme yetkinliklerini kazand\u0131rmay\u0131 hedef edinmi\u015ftir.<\/p>\n<p>\u00d6\u011fretim Dili tamamen ya da k\u0131smi \u0130ngilizce olan programlarda \u0130ngilizce Haz\u0131rl\u0131k Okulu zorunludur. \u0130ngilizce Haz\u0131rl\u0131k Okulu program i\u00e7eri\u011fimiz, Genel Ama\u00e7l\u0131 \u0130ngilizceden, Genel Akademik Ama\u00e7l\u0131 \u0130ngilizceye ge\u00e7i\u015f \u015feklinde tasarlanm\u0131\u015ft\u0131r. \u00d6\u011frencilerimize verilen \u0130ngilizce dil e\u011fitim ve \u00f6\u011fretimi, fak\u00fcltelerinde de Mesleki \u0130ngilizce destekli olarak devam etmektedir. \u00d6\u011frencilerimiz \u0130ngilizce Haz\u0131rl\u0131k Okulu\u2019nda, ba\u015far\u0131y\u0131 yakalamak i\u00e7in gereken yabanc\u0131 dil bilgi ve becerilerine paralel olarak uluslararas\u0131 ba\u011flamlardaki de\u011fi\u015fimleri ve geli\u015fimleri \u00f6ng\u00f6r\u00fcp bi\u00e7imlendirme yetenekleri ile donat\u0131l\u0131rlar. Bu ba\u011flamda temel hedefimiz; \u00f6\u011frencilerimizin k\u00fcresel d\u00fcnyada akademik ve sosyal ili\u015fkilerinde etkin ileti\u015fim kurabilen ve \u0130ngilizceyi etkili ve \u00f6zg\u00fcvenli \u015fekilde kullanabilen bireyler olarak mezun olmalar\u0131n\u0131 sa\u011flamakt\u0131r.<\/p>\n<p>\u0130ngilizce Dil Haz\u0131rl\u0131k Program\u0131 toplam d\u00f6rt kurdan olu\u015fur: \u00d6\u011frenciler akademik y\u0131l\u0131n ba\u015f\u0131nda Yerle\u015ftirme S\u0131nav\u0131\u2019n\u0131n sonu\u00e7lar\u0131na g\u00f6re d\u00f6rt d\u00fczeyden birine yerle\u015ftirilirler. \u0130ngilizce Haz\u0131rl\u0131k Program\u0131\u2019n\u0131 tamamlamak ve lisans program\u0131na ba\u015flayabilmek i\u00e7in \u00f6\u011frencinin 4. D\u00fczeyi ba\u015far\u0131yla bitirmesi ya da yeterlilik s\u0131nav\u0131n\u0131 ge\u00e7mesi gerekmektedir. \u0130ngilizce Haz\u0131rl\u0131k Program\u0131 taraf\u0131ndan haz\u0131rlanan \u0130ngilizce Yeterlilik s\u0131nav\u0131n\u0131 ge\u00e7en ya da Y\u00d6K\u2019\u00fcn kabul etmi\u015f oldu\u011fu uluslararas\u0131 ge\u00e7erlili\u011fi olan s\u0131nav sonu\u00e7lar\u0131n\u0131 bize ileten \u00f6\u011frencilerimiz Haz\u0131rl\u0131ktan muaf olmaktad\u0131r. Kurlar ile ilgili bilgiler a\u015fa\u011f\u0131daki gibidir;<\/p>\n<p><strong>A1+ A2 = 16 Hafta<\/strong><br \/>\n<strong>A2 = 8 Hafta<\/strong><br \/>\n<strong>B1 = 8 Hafta<\/strong><br \/>\n<strong>B2 = 8 Hafta<\/strong><\/p>\n<p>\u00d6\u011frencilerimiz lisans e\u011fitimleri boyunca da genel ve mesleki ama\u00e7l\u0131 \u0130ngilizce e\u011fitimlerine devam edebilecekler ve lisans e\u011fitimleri sonras\u0131nda ulusal ya da uluslararas\u0131 alanda y\u00fcksek lisans ve doktora programlar\u0131na kat\u0131labilmek i\u00e7in gerekli olan \u0130ngilizce seviyesine ula\u015fabileceklerdir.<\/p>\n<p>\u0130stanbul Ticaret \u00dcniversitesi \u0130ngilizce Haz\u0131rl\u0131k Program\u0131, d\u00fcnyan\u0131n en sayg\u0131n kalite akreditasyon kurumlar\u0131ndan biri olan \u0130ngiliz \u2019Pearson Assured\u2019 Uluslararas\u0131 Kalite Akreditasyonuna sahiptir ve \u0130ngilizce Haz\u0131rl\u0131k Program\u0131n\u0131 ba\u015far\u0131yla bitiren t\u00fcm \u00f6\u011frenciler, uluslararas\u0131 platformda tan\u0131n\u0131rl\u0131\u011f\u0131 olan \u2019Pearson Assured\u2019 sertifikas\u0131 almaya hak kazan\u0131rlar.<\/p>\n<p><strong>SERAP I\u015eIKLAR<\/strong><br \/>\n<em>\u0130ngilizce Haz\u0131rl\u0131k Program\u0131 Koordinat\u00f6r\u00fc<\/em><\/p>\n<p>* \u0130NG\u0130L\u0130ZCE HAZIRLIK PROGRAMI \u00dcN\u0130VERS\u0130TEM\u0130Z\u0130N AH\u00ce \u00c7ELEB\u0130 KAMP\u00dcS\u00dc EM\u0130N\u00d6N\u00dc&#8217;NDED\u0130R.<\/p>\n<p>Adres:<\/p>\n<p>Sar\u0131demir Mh. Rag\u0131p G\u00fcm\u00fc\u015fpala Cd. No: 14 Fatih \/ \u0130stanbul 34134<\/p>\n","protected":false},"excerpt":{"rendered":"<p>\u00dcniversitemiz \u0130ngilizce Haz\u0131rl\u0131k Okulu\u2019nda verilen \u0130ngilizce e\u011fitim \u00f6\u011fretiminin temel amac\u0131, \u00f6\u011frencilerimize hem \u00f6\u011frenim hayatlar\u0131 hem de mesleki hayatlar\u0131 boyunca etkin ileti\u015fim i\u00e7in gereken \u0130ngilizce dil becerilerini edinmeleri ve geli\u015ftirmeleri i\u00e7in yard\u0131mc\u0131 olmakt\u0131r. Bu ba\u011flamda, \u0130ngilizce Haz\u0131rl\u0131k Okulumuz, \u0130ngilizce dil \u00f6\u011fretiminin tasarlanmas\u0131, planlanmas\u0131 ve y\u00fcr\u00fct\u00fclmesinde b\u00fct\u00fcnc\u00fcl bir yakla\u015f\u0131m\u0131 benimseyerek, \u00f6\u011frencilerimize \u00fcniversitemizde kay\u0131tl\u0131 olduklar\u0131 programlar\u0131n\u0131n \u00f6n g\u00f6rd\u00fc\u011f\u00fc [&hellip;]<\/p>\n","protected":false},"author":228,"featured_media":0,"parent":0,"menu_order":0,"comment_status":"closed","ping_status":"closed","template":"genel_sayfa.php","meta":{"footnotes":""},"yoast_head":"<!-- This site is optimized with the Yoast SEO Premium plugin v22.1 (Yoast SEO v22.1) - https:\/\/yoast.com\/wordpress\/plugins\/seo\/ -->\n<title>Genel Bilgi - \u0130ngilizce Haz\u0131rl\u0131k<\/title>\n<meta name=\"robots\" content=\"index, follow, max-snippet:-1, max-image-preview:large, max-video-preview:-1\" \/>\n<link rel=\"canonical\" href=\"http:\/\/ticaret.edu.tr\/ingilizce-hazirlik\/genel-bilgi\/\" \/>\n<meta property=\"og:locale\" content=\"tr_TR\" \/>\n<meta property=\"og:type\" content=\"article\" \/>\n<meta property=\"og:title\" content=\"Genel Bilgi\" \/>\n<meta property=\"og:description\" content=\"\u00dcniversitemiz \u0130ngilizce Haz\u0131rl\u0131k Okulu\u2019nda verilen \u0130ngilizce e\u011fitim \u00f6\u011fretiminin temel amac\u0131, \u00f6\u011frencilerimize hem \u00f6\u011frenim hayatlar\u0131 hem de mesleki hayatlar\u0131 boyunca etkin ileti\u015fim i\u00e7in gereken \u0130ngilizce dil becerilerini edinmeleri ve geli\u015ftirmeleri i\u00e7in yard\u0131mc\u0131 olmakt\u0131r. Bu ba\u011flamda, \u0130ngilizce Haz\u0131rl\u0131k Okulumuz, \u0130ngilizce dil \u00f6\u011fretiminin tasarlanmas\u0131, planlanmas\u0131 ve y\u00fcr\u00fct\u00fclmesinde b\u00fct\u00fcnc\u00fcl bir yakla\u015f\u0131m\u0131 benimseyerek, \u00f6\u011frencilerimize \u00fcniversitemizde kay\u0131tl\u0131 olduklar\u0131 programlar\u0131n\u0131n \u00f6n g\u00f6rd\u00fc\u011f\u00fc [&hellip;]\" \/>\n<meta property=\"og:url\" content=\"http:\/\/ticaret.edu.tr\/ingilizce-hazirlik\/genel-bilgi\/\" \/>\n<meta property=\"og:site_name\" content=\"\u0130ngilizce Haz\u0131rl\u0131k\" \/>\n<meta property=\"article:publisher\" content=\"https:\/\/www.facebook.com\/ticaretedutr\" \/>\n<meta property=\"article:modified_time\" content=\"2026-01-07T14:02:59+00:00\" \/>\n<meta property=\"og:image\" content=\"http:\/\/ticaret.edu.tr\/ingilizce-hazirlik\/wp-content\/uploads\/sites\/41\/2021\/11\/web_logo-01.jpg\" \/>\n\t<meta property=\"og:image:width\" content=\"1250\" \/>\n\t<meta property=\"og:image:height\" content=\"833\" \/>\n\t<meta property=\"og:image:type\" content=\"image\/jpeg\" \/>\n<meta name=\"twitter:card\" content=\"summary_large_image\" \/>\n<meta name=\"twitter:site\" content=\"@ticaretedutr\" \/>\n<meta name=\"twitter:label1\" content=\"Tahmini okuma s\u00fcresi\" \/>\n\t<meta name=\"twitter:data1\" content=\"3 dakika\" \/>\n<script type=\"application\/ld+json\" class=\"yoast-schema-graph\">{\"@context\":\"https:\/\/schema.org\",\"@graph\":[{\"@type\":\"WebPage\",\"@id\":\"http:\/\/ticaret.edu.tr\/ingilizce-hazirlik\/genel-bilgi\/\",\"url\":\"http:\/\/ticaret.edu.tr\/ingilizce-hazirlik\/genel-bilgi\/\",\"name\":\"Genel Bilgi - \u0130ngilizce Haz\u0131rl\u0131k\",\"isPartOf\":{\"@id\":\"https:\/\/ticaret.edu.tr\/ingilizce-hazirlik\/#website\"},\"datePublished\":\"2025-02-25T12:11:18+00:00\",\"dateModified\":\"2026-01-07T14:02:59+00:00\",\"breadcrumb\":{\"@id\":\"http:\/\/ticaret.edu.tr\/ingilizce-hazirlik\/genel-bilgi\/#breadcrumb\"},\"inLanguage\":\"tr\",\"potentialAction\":[{\"@type\":\"ReadAction\",\"target\":[\"http:\/\/ticaret.edu.tr\/ingilizce-hazirlik\/genel-bilgi\/\"]}]},{\"@type\":\"BreadcrumbList\",\"@id\":\"http:\/\/ticaret.edu.tr\/ingilizce-hazirlik\/genel-bilgi\/#breadcrumb\",\"itemListElement\":[{\"@type\":\"ListItem\",\"position\":1,\"name\":\"Ana sayfa\",\"item\":\"https:\/\/ticaret.edu.tr\/ingilizce-hazirlik\/\"},{\"@type\":\"ListItem\",\"position\":2,\"name\":\"Genel Bilgi\"}]},{\"@type\":\"WebSite\",\"@id\":\"https:\/\/ticaret.edu.tr\/ingilizce-hazirlik\/#website\",\"url\":\"https:\/\/ticaret.edu.tr\/ingilizce-hazirlik\/\",\"name\":\"\u0130ngilizce Haz\u0131rl\u0131k\",\"description\":\"Bir ba\u015fka \u0130stanbul Ticaret \u00dcniversitesi site sitesi\",\"potentialAction\":[{\"@type\":\"SearchAction\",\"target\":{\"@type\":\"EntryPoint\",\"urlTemplate\":\"https:\/\/ticaret.edu.tr\/ingilizce-hazirlik\/?s={search_term_string}\"},\"query-input\":\"required name=search_term_string\"}],\"inLanguage\":\"tr\"}]}<\/script>\n<!-- \/ Yoast SEO Premium plugin. -->","yoast_head_json":{"title":"Genel Bilgi - \u0130ngilizce Haz\u0131rl\u0131k","robots":{"index":"index","follow":"follow","max-snippet":"max-snippet:-1","max-image-preview":"max-image-preview:large","max-video-preview":"max-video-preview:-1"},"canonical":"http:\/\/ticaret.edu.tr\/ingilizce-hazirlik\/genel-bilgi\/","og_locale":"tr_TR","og_type":"article","og_title":"Genel Bilgi","og_description":"\u00dcniversitemiz \u0130ngilizce Haz\u0131rl\u0131k Okulu\u2019nda verilen \u0130ngilizce e\u011fitim \u00f6\u011fretiminin temel amac\u0131, \u00f6\u011frencilerimize hem \u00f6\u011frenim hayatlar\u0131 hem de mesleki hayatlar\u0131 boyunca etkin ileti\u015fim i\u00e7in gereken \u0130ngilizce dil becerilerini edinmeleri ve geli\u015ftirmeleri i\u00e7in yard\u0131mc\u0131 olmakt\u0131r. Bu ba\u011flamda, \u0130ngilizce Haz\u0131rl\u0131k Okulumuz, \u0130ngilizce dil \u00f6\u011fretiminin tasarlanmas\u0131, planlanmas\u0131 ve y\u00fcr\u00fct\u00fclmesinde b\u00fct\u00fcnc\u00fcl bir yakla\u015f\u0131m\u0131 benimseyerek, \u00f6\u011frencilerimize \u00fcniversitemizde kay\u0131tl\u0131 olduklar\u0131 programlar\u0131n\u0131n \u00f6n g\u00f6rd\u00fc\u011f\u00fc [&hellip;]","og_url":"http:\/\/ticaret.edu.tr\/ingilizce-hazirlik\/genel-bilgi\/","og_site_name":"\u0130ngilizce Haz\u0131rl\u0131k","article_publisher":"https:\/\/www.facebook.com\/ticaretedutr","article_modified_time":"2026-01-07T14:02:59+00:00","og_image":[{"width":1250,"height":833,"url":"http:\/\/ticaret.edu.tr\/ingilizce-hazirlik\/wp-content\/uploads\/sites\/41\/2021\/11\/web_logo-01.jpg","type":"image\/jpeg"}],"twitter_card":"summary_large_image","twitter_site":"@ticaretedutr","twitter_misc":{"Tahmini okuma s\u00fcresi":"3 dakika"},"schema":{"@context":"https:\/\/schema.org","@graph":[{"@type":"WebPage","@id":"http:\/\/ticaret.edu.tr\/ingilizce-hazirlik\/genel-bilgi\/","url":"http:\/\/ticaret.edu.tr\/ingilizce-hazirlik\/genel-bilgi\/","name":"Genel Bilgi - \u0130ngilizce Haz\u0131rl\u0131k","isPartOf":{"@id":"https:\/\/ticaret.edu.tr\/ingilizce-hazirlik\/#website"},"datePublished":"2025-02-25T12:11:18+00:00","dateModified":"2026-01-07T14:02:59+00:00","breadcrumb":{"@id":"http:\/\/ticaret.edu.tr\/ingilizce-hazirlik\/genel-bilgi\/#breadcrumb"},"inLanguage":"tr","potentialAction":[{"@type":"ReadAction","target":["http:\/\/ticaret.edu.tr\/ingilizce-hazirlik\/genel-bilgi\/"]}]},{"@type":"BreadcrumbList","@id":"http:\/\/ticaret.edu.tr\/ingilizce-hazirlik\/genel-bilgi\/#breadcrumb","itemListElement":[{"@type":"ListItem","position":1,"name":"Ana sayfa","item":"https:\/\/ticaret.edu.tr\/ingilizce-hazirlik\/"},{"@type":"ListItem","position":2,"name":"Genel Bilgi"}]},{"@type":"WebSite","@id":"https:\/\/ticaret.edu.tr\/ingilizce-hazirlik\/#website","url":"https:\/\/ticaret.edu.tr\/ingilizce-hazirlik\/","name":"\u0130ngilizce Haz\u0131rl\u0131k","description":"Bir ba\u015fka \u0130stanbul Ticaret \u00dcniversitesi site sitesi","potentialAction":[{"@type":"SearchAction","target":{"@type":"EntryPoint","urlTemplate":"https:\/\/ticaret.edu.tr\/ingilizce-hazirlik\/?s={search_term_string}"},"query-input":"required name=search_term_string"}],"inLanguage":"tr"}]}},"lang":"tr","translations":{"en":544,"tr":540},"pll_sync_post":[],"_links":{"self":[{"href":"http:\/\/ticaret.edu.tr\/ingilizce-hazirlik\/wp-json\/wp\/v2\/pages\/540"}],"collection":[{"href":"http:\/\/ticaret.edu.tr\/ingilizce-hazirlik\/wp-json\/wp\/v2\/pages"}],"about":[{"href":"http:\/\/ticaret.edu.tr\/ingilizce-hazirlik\/wp-json\/wp\/v2\/types\/page"}],"author":[{"embeddable":true,"href":"http:\/\/ticaret.edu.tr\/ingilizce-hazirlik\/wp-json\/wp\/v2\/users\/228"}],"replies":[{"embeddable":true,"href":"http:\/\/ticaret.edu.tr\/ingilizce-hazirlik\/wp-json\/wp\/v2\/comments?post=540"}],"version-history":[{"count":7,"href":"http:\/\/ticaret.edu.tr\/ingilizce-hazirlik\/wp-json\/wp\/v2\/pages\/540\/revisions"}],"predecessor-version":[{"id":604,"href":"http:\/\/ticaret.edu.tr\/ingilizce-hazirlik\/wp-json\/wp\/v2\/pages\/540\/revisions\/604"}],"wp:attachment":[{"href":"http:\/\/ticaret.edu.tr\/ingilizce-hazirlik\/wp-json\/wp\/v2\/media?parent=540"}],"curies":[{"name":"wp","href":"https:\/\/api.w.org\/{rel}","templated":true}]}}