{"id":60,"date":"2020-06-06T00:03:14","date_gmt":"2020-06-05T21:03:14","guid":{"rendered":"http:\/\/ticaret.edu.tr\/hazirlik\/?page_id=60"},"modified":"2025-07-02T15:54:05","modified_gmt":"2025-07-02T12:54:05","slug":"ogrenci-el-kitabi","status":"publish","type":"page","link":"http:\/\/ticaret.edu.tr\/ingilizce-hazirlik\/ogrenci-el-kitabi\/","title":{"rendered":"\u00d6\u011frenci El Kitab\u0131"},"content":{"rendered":"<p><strong><a href=\"http:\/\/ticaret.edu.tr\/ingilizce-hazirlik\/wp-content\/uploads\/sites\/41\/2025\/07\/Ogrenci-El-Kitabi.pdf\">O\u0308g\u0306renci El Kitab\u0131<\/a><\/strong><\/p>\n","protected":false},"excerpt":{"rendered":"<p>O\u0308g\u0306renci El Kitab\u0131<\/p>\n","protected":false},"author":84,"featured_media":0,"parent":0,"menu_order":0,"comment_status":"closed","ping_status":"closed","template":"genel_sayfa.php","meta":{"footnotes":""},"yoast_head":"<!-- This site is optimized with the Yoast SEO Premium plugin v22.1 (Yoast SEO v22.1) - https:\/\/yoast.com\/wordpress\/plugins\/seo\/ -->\n<title>\u00d6\u011frenci El Kitab\u0131 - \u0130ngilizce Haz\u0131rl\u0131k<\/title>\n<meta name=\"robots\" content=\"index, follow, max-snippet:-1, max-image-preview:large, max-video-preview:-1\" \/>\n<link rel=\"canonical\" href=\"http:\/\/ticaret.edu.tr\/ingilizce-hazirlik\/ogrenci-el-kitabi\/\" \/>\n<meta property=\"og:locale\" content=\"tr_TR\" \/>\n<meta property=\"og:type\" content=\"article\" \/>\n<meta property=\"og:title\" content=\"\u00d6\u011frenci El Kitab\u0131\" \/>\n<meta property=\"og:description\" content=\"O\u0308g\u0306renci El Kitab\u0131\" \/>\n<meta property=\"og:url\" content=\"http:\/\/ticaret.edu.tr\/ingilizce-hazirlik\/ogrenci-el-kitabi\/\" \/>\n<meta property=\"og:site_name\" content=\"\u0130ngilizce Haz\u0131rl\u0131k\" \/>\n<meta property=\"article:publisher\" content=\"https:\/\/www.facebook.com\/ticaretedutr\" \/>\n<meta property=\"article:modified_time\" content=\"2025-07-02T12:54:05+00:00\" \/>\n<meta property=\"og:image\" content=\"http:\/\/ticaret.edu.tr\/ingilizce-hazirlik\/wp-content\/uploads\/sites\/41\/2021\/11\/web_logo-01.jpg\" \/>\n\t<meta property=\"og:image:width\" content=\"1250\" \/>\n\t<meta property=\"og:image:height\" content=\"833\" \/>\n\t<meta property=\"og:image:type\" content=\"image\/jpeg\" \/>\n<meta name=\"twitter:card\" content=\"summary_large_image\" \/>\n<meta name=\"twitter:site\" content=\"@ticaretedutr\" \/>\n<meta name=\"twitter:label1\" content=\"Tahmini okuma s\u00fcresi\" \/>\n\t<meta name=\"twitter:data1\" content=\"1 dakika\" \/>\n<script type=\"application\/ld+json\" class=\"yoast-schema-graph\">{\"@context\":\"https:\/\/schema.org\",\"@graph\":[{\"@type\":\"WebPage\",\"@id\":\"http:\/\/ticaret.edu.tr\/ingilizce-hazirlik\/ogrenci-el-kitabi\/\",\"url\":\"http:\/\/ticaret.edu.tr\/ingilizce-hazirlik\/ogrenci-el-kitabi\/\",\"name\":\"\u00d6\u011frenci El Kitab\u0131 - \u0130ngilizce Haz\u0131rl\u0131k\",\"isPartOf\":{\"@id\":\"https:\/\/ticaret.edu.tr\/ingilizce-hazirlik\/#website\"},\"datePublished\":\"2020-06-05T21:03:14+00:00\",\"dateModified\":\"2025-07-02T12:54:05+00:00\",\"breadcrumb\":{\"@id\":\"http:\/\/ticaret.edu.tr\/ingilizce-hazirlik\/ogrenci-el-kitabi\/#breadcrumb\"},\"inLanguage\":\"tr\",\"potentialAction\":[{\"@type\":\"ReadAction\",\"target\":[\"http:\/\/ticaret.edu.tr\/ingilizce-hazirlik\/ogrenci-el-kitabi\/\"]}]},{\"@type\":\"BreadcrumbList\",\"@id\":\"http:\/\/ticaret.edu.tr\/ingilizce-hazirlik\/ogrenci-el-kitabi\/#breadcrumb\",\"itemListElement\":[{\"@type\":\"ListItem\",\"position\":1,\"name\":\"Ana sayfa\",\"item\":\"https:\/\/ticaret.edu.tr\/ingilizce-hazirlik\/\"},{\"@type\":\"ListItem\",\"position\":2,\"name\":\"\u00d6\u011frenci El Kitab\u0131\"}]},{\"@type\":\"WebSite\",\"@id\":\"https:\/\/ticaret.edu.tr\/ingilizce-hazirlik\/#website\",\"url\":\"https:\/\/ticaret.edu.tr\/ingilizce-hazirlik\/\",\"name\":\"\u0130ngilizce Haz\u0131rl\u0131k\",\"description\":\"Bir ba\u015fka \u0130stanbul Ticaret \u00dcniversitesi site sitesi\",\"potentialAction\":[{\"@type\":\"SearchAction\",\"target\":{\"@type\":\"EntryPoint\",\"urlTemplate\":\"https:\/\/ticaret.edu.tr\/ingilizce-hazirlik\/?s={search_term_string}\"},\"query-input\":\"required name=search_term_string\"}],\"inLanguage\":\"tr\"}]}<\/script>\n<!-- \/ Yoast SEO Premium plugin. -->","yoast_head_json":{"title":"\u00d6\u011frenci El Kitab\u0131 - \u0130ngilizce Haz\u0131rl\u0131k","robots":{"index":"index","follow":"follow","max-snippet":"max-snippet:-1","max-image-preview":"max-image-preview:large","max-video-preview":"max-video-preview:-1"},"canonical":"http:\/\/ticaret.edu.tr\/ingilizce-hazirlik\/ogrenci-el-kitabi\/","og_locale":"tr_TR","og_type":"article","og_title":"\u00d6\u011frenci El Kitab\u0131","og_description":"O\u0308g\u0306renci El Kitab\u0131","og_url":"http:\/\/ticaret.edu.tr\/ingilizce-hazirlik\/ogrenci-el-kitabi\/","og_site_name":"\u0130ngilizce Haz\u0131rl\u0131k","article_publisher":"https:\/\/www.facebook.com\/ticaretedutr","article_modified_time":"2025-07-02T12:54:05+00:00","og_image":[{"width":1250,"height":833,"url":"http:\/\/ticaret.edu.tr\/ingilizce-hazirlik\/wp-content\/uploads\/sites\/41\/2021\/11\/web_logo-01.jpg","type":"image\/jpeg"}],"twitter_card":"summary_large_image","twitter_site":"@ticaretedutr","twitter_misc":{"Tahmini okuma s\u00fcresi":"1 dakika"},"schema":{"@context":"https:\/\/schema.org","@graph":[{"@type":"WebPage","@id":"http:\/\/ticaret.edu.tr\/ingilizce-hazirlik\/ogrenci-el-kitabi\/","url":"http:\/\/ticaret.edu.tr\/ingilizce-hazirlik\/ogrenci-el-kitabi\/","name":"\u00d6\u011frenci El Kitab\u0131 - \u0130ngilizce Haz\u0131rl\u0131k","isPartOf":{"@id":"https:\/\/ticaret.edu.tr\/ingilizce-hazirlik\/#website"},"datePublished":"2020-06-05T21:03:14+00:00","dateModified":"2025-07-02T12:54:05+00:00","breadcrumb":{"@id":"http:\/\/ticaret.edu.tr\/ingilizce-hazirlik\/ogrenci-el-kitabi\/#breadcrumb"},"inLanguage":"tr","potentialAction":[{"@type":"ReadAction","target":["http:\/\/ticaret.edu.tr\/ingilizce-hazirlik\/ogrenci-el-kitabi\/"]}]},{"@type":"BreadcrumbList","@id":"http:\/\/ticaret.edu.tr\/ingilizce-hazirlik\/ogrenci-el-kitabi\/#breadcrumb","itemListElement":[{"@type":"ListItem","position":1,"name":"Ana sayfa","item":"https:\/\/ticaret.edu.tr\/ingilizce-hazirlik\/"},{"@type":"ListItem","position":2,"name":"\u00d6\u011frenci El Kitab\u0131"}]},{"@type":"WebSite","@id":"https:\/\/ticaret.edu.tr\/ingilizce-hazirlik\/#website","url":"https:\/\/ticaret.edu.tr\/ingilizce-hazirlik\/","name":"\u0130ngilizce Haz\u0131rl\u0131k","description":"Bir ba\u015fka \u0130stanbul Ticaret \u00dcniversitesi site sitesi","potentialAction":[{"@type":"SearchAction","target":{"@type":"EntryPoint","urlTemplate":"https:\/\/ticaret.edu.tr\/ingilizce-hazirlik\/?s={search_term_string}"},"query-input":"required name=search_term_string"}],"inLanguage":"tr"}]}},"lang":"tr","translations":{"en":290,"tr":60},"pll_sync_post":[],"_links":{"self":[{"href":"http:\/\/ticaret.edu.tr\/ingilizce-hazirlik\/wp-json\/wp\/v2\/pages\/60"}],"collection":[{"href":"http:\/\/ticaret.edu.tr\/ingilizce-hazirlik\/wp-json\/wp\/v2\/pages"}],"about":[{"href":"http:\/\/ticaret.edu.tr\/ingilizce-hazirlik\/wp-json\/wp\/v2\/types\/page"}],"author":[{"embeddable":true,"href":"http:\/\/ticaret.edu.tr\/ingilizce-hazirlik\/wp-json\/wp\/v2\/users\/84"}],"replies":[{"embeddable":true,"href":"http:\/\/ticaret.edu.tr\/ingilizce-hazirlik\/wp-json\/wp\/v2\/comments?post=60"}],"version-history":[{"count":12,"href":"http:\/\/ticaret.edu.tr\/ingilizce-hazirlik\/wp-json\/wp\/v2\/pages\/60\/revisions"}],"predecessor-version":[{"id":575,"href":"http:\/\/ticaret.edu.tr\/ingilizce-hazirlik\/wp-json\/wp\/v2\/pages\/60\/revisions\/575"}],"wp:attachment":[{"href":"http:\/\/ticaret.edu.tr\/ingilizce-hazirlik\/wp-json\/wp\/v2\/media?parent=60"}],"curies":[{"name":"wp","href":"https:\/\/api.w.org\/{rel}","templated":true}]}}