{"id":168,"date":"2025-02-27T15:12:50","date_gmt":"2025-02-27T12:12:50","guid":{"rendered":"https:\/\/ticaret.edu.tr\/insan-kaynaklari-daire-baskanligi\/?page_id=168"},"modified":"2025-02-27T15:12:58","modified_gmt":"2025-02-27T12:12:58","slug":"vision-mission","status":"publish","type":"page","link":"http:\/\/ticaret.edu.tr\/insan-kaynaklari-daire-baskanligi\/en\/vision-mission\/","title":{"rendered":"Vision &#8211; Mission"},"content":{"rendered":"<p><strong>OUR VISIONS IS;<\/strong><\/p>\n<ul>\n<li>To prepare the Human Resources policies and practices in a way that will contribute to the achievement of the University&#8217;s goals, and<\/li>\n<li>To contribute to the achievement of the University&#8217;s goals with activities that will increase the success of its employees and support their continuous development.<\/li>\n<\/ul>\n<p><strong>OUR MISSION IS;<\/strong><\/p>\n<ul>\n<li>To create an organizational structure that is result-oriented and takes quick decisions,<\/li>\n<li>To implement a correct wages and fringe benefits policy,<\/li>\n<li>To increase the loyalty of the employees to the University, and to increase their satisfaction,<\/li>\n<li>To contribute to the functioning and development of the University, and<\/li>\n<li>To carry out activities that will increase the continuous development of our employees.<\/li>\n<\/ul>\n","protected":false},"excerpt":{"rendered":"<p>OUR VISIONS IS; To prepare the Human Resources policies and practices in a way that will contribute to the achievement of the University&#8217;s goals, and To contribute to the achievement of the University&#8217;s goals with activities that will increase the success of its employees and support their continuous development. OUR MISSION IS; To create an [&hellip;]<\/p>\n","protected":false},"author":228,"featured_media":0,"parent":0,"menu_order":0,"comment_status":"closed","ping_status":"closed","template":"genel_sayfa.php","meta":{"footnotes":""},"yoast_head":"<!-- This site is optimized with the Yoast SEO Premium plugin v22.1 (Yoast SEO v22.1) - https:\/\/yoast.com\/wordpress\/plugins\/seo\/ -->\n<title>Vision - Mission - \u0130nsan Kaynaklar\u0131 Daire Ba\u015fkanl\u0131\u011f\u0131<\/title>\n<meta name=\"robots\" content=\"index, follow, max-snippet:-1, max-image-preview:large, max-video-preview:-1\" \/>\n<link rel=\"canonical\" href=\"http:\/\/ticaret.edu.tr\/insan-kaynaklari-daire-baskanligi\/en\/vision-mission\/\" \/>\n<meta property=\"og:locale\" content=\"tr_TR\" \/>\n<meta property=\"og:type\" content=\"article\" \/>\n<meta property=\"og:title\" content=\"Vision - Mission\" \/>\n<meta property=\"og:description\" content=\"OUR VISIONS IS; To prepare the Human Resources policies and practices in a way that will contribute to the achievement of the University&#8217;s goals, and To contribute to the achievement of the University&#8217;s goals with activities that will increase the success of its employees and support their continuous development. OUR MISSION IS; To create an [&hellip;]\" \/>\n<meta property=\"og:url\" content=\"http:\/\/ticaret.edu.tr\/insan-kaynaklari-daire-baskanligi\/en\/vision-mission\/\" \/>\n<meta property=\"og:site_name\" content=\"\u0130nsan Kaynaklar\u0131 Daire Ba\u015fkanl\u0131\u011f\u0131\" \/>\n<meta property=\"article:publisher\" content=\"https:\/\/www.facebook.com\/ticaretedutr\" \/>\n<meta property=\"article:modified_time\" content=\"2025-02-27T12:12:58+00:00\" \/>\n<meta property=\"og:image\" content=\"http:\/\/ticaret.edu.tr\/insan-kaynaklari-daire-baskanligi\/wp-content\/uploads\/sites\/64\/2021\/11\/web_logo-01.jpg\" \/>\n\t<meta property=\"og:image:width\" content=\"1250\" \/>\n\t<meta property=\"og:image:height\" content=\"833\" \/>\n\t<meta property=\"og:image:type\" content=\"image\/jpeg\" \/>\n<meta name=\"twitter:card\" content=\"summary_large_image\" \/>\n<meta name=\"twitter:site\" content=\"@ticaretedutr\" \/>\n<meta name=\"twitter:label1\" content=\"Tahmini okuma s\u00fcresi\" \/>\n\t<meta name=\"twitter:data1\" content=\"1 dakika\" \/>\n<script type=\"application\/ld+json\" class=\"yoast-schema-graph\">{\"@context\":\"https:\/\/schema.org\",\"@graph\":[{\"@type\":\"WebPage\",\"@id\":\"http:\/\/ticaret.edu.tr\/insan-kaynaklari-daire-baskanligi\/en\/vision-mission\/\",\"url\":\"http:\/\/ticaret.edu.tr\/insan-kaynaklari-daire-baskanligi\/en\/vision-mission\/\",\"name\":\"Vision - Mission - \u0130nsan Kaynaklar\u0131 Daire Ba\u015fkanl\u0131\u011f\u0131\",\"isPartOf\":{\"@id\":\"http:\/\/ticaret.edu.tr\/insan-kaynaklari-daire-baskanligi\/#website\"},\"datePublished\":\"2025-02-27T12:12:50+00:00\",\"dateModified\":\"2025-02-27T12:12:58+00:00\",\"breadcrumb\":{\"@id\":\"http:\/\/ticaret.edu.tr\/insan-kaynaklari-daire-baskanligi\/en\/vision-mission\/#breadcrumb\"},\"inLanguage\":\"tr\",\"potentialAction\":[{\"@type\":\"ReadAction\",\"target\":[\"http:\/\/ticaret.edu.tr\/insan-kaynaklari-daire-baskanligi\/en\/vision-mission\/\"]}]},{\"@type\":\"BreadcrumbList\",\"@id\":\"http:\/\/ticaret.edu.tr\/insan-kaynaklari-daire-baskanligi\/en\/vision-mission\/#breadcrumb\",\"itemListElement\":[{\"@type\":\"ListItem\",\"position\":1,\"name\":\"Ana sayfa\",\"item\":\"http:\/\/ticaret.edu.tr\/insan-kaynaklari-daire-baskanligi\/\"},{\"@type\":\"ListItem\",\"position\":2,\"name\":\"Vision &#8211; Mission\"}]},{\"@type\":\"WebSite\",\"@id\":\"http:\/\/ticaret.edu.tr\/insan-kaynaklari-daire-baskanligi\/#website\",\"url\":\"http:\/\/ticaret.edu.tr\/insan-kaynaklari-daire-baskanligi\/\",\"name\":\"\u0130nsan Kaynaklar\u0131 Daire Ba\u015fkanl\u0131\u011f\u0131\",\"description\":\"Bir ba\u015fka \u0130stanbul Ticaret \u00dcniversitesi site sitesi\",\"potentialAction\":[{\"@type\":\"SearchAction\",\"target\":{\"@type\":\"EntryPoint\",\"urlTemplate\":\"http:\/\/ticaret.edu.tr\/insan-kaynaklari-daire-baskanligi\/?s={search_term_string}\"},\"query-input\":\"required name=search_term_string\"}],\"inLanguage\":\"tr\"}]}<\/script>\n<!-- \/ Yoast SEO Premium plugin. -->","yoast_head_json":{"title":"Vision - Mission - \u0130nsan Kaynaklar\u0131 Daire Ba\u015fkanl\u0131\u011f\u0131","robots":{"index":"index","follow":"follow","max-snippet":"max-snippet:-1","max-image-preview":"max-image-preview:large","max-video-preview":"max-video-preview:-1"},"canonical":"http:\/\/ticaret.edu.tr\/insan-kaynaklari-daire-baskanligi\/en\/vision-mission\/","og_locale":"tr_TR","og_type":"article","og_title":"Vision - Mission","og_description":"OUR VISIONS IS; To prepare the Human Resources policies and practices in a way that will contribute to the achievement of the University&#8217;s goals, and To contribute to the achievement of the University&#8217;s goals with activities that will increase the success of its employees and support their continuous development. OUR MISSION IS; To create an [&hellip;]","og_url":"http:\/\/ticaret.edu.tr\/insan-kaynaklari-daire-baskanligi\/en\/vision-mission\/","og_site_name":"\u0130nsan Kaynaklar\u0131 Daire Ba\u015fkanl\u0131\u011f\u0131","article_publisher":"https:\/\/www.facebook.com\/ticaretedutr","article_modified_time":"2025-02-27T12:12:58+00:00","og_image":[{"width":1250,"height":833,"url":"http:\/\/ticaret.edu.tr\/insan-kaynaklari-daire-baskanligi\/wp-content\/uploads\/sites\/64\/2021\/11\/web_logo-01.jpg","type":"image\/jpeg"}],"twitter_card":"summary_large_image","twitter_site":"@ticaretedutr","twitter_misc":{"Tahmini okuma s\u00fcresi":"1 dakika"},"schema":{"@context":"https:\/\/schema.org","@graph":[{"@type":"WebPage","@id":"http:\/\/ticaret.edu.tr\/insan-kaynaklari-daire-baskanligi\/en\/vision-mission\/","url":"http:\/\/ticaret.edu.tr\/insan-kaynaklari-daire-baskanligi\/en\/vision-mission\/","name":"Vision - Mission - \u0130nsan Kaynaklar\u0131 Daire Ba\u015fkanl\u0131\u011f\u0131","isPartOf":{"@id":"http:\/\/ticaret.edu.tr\/insan-kaynaklari-daire-baskanligi\/#website"},"datePublished":"2025-02-27T12:12:50+00:00","dateModified":"2025-02-27T12:12:58+00:00","breadcrumb":{"@id":"http:\/\/ticaret.edu.tr\/insan-kaynaklari-daire-baskanligi\/en\/vision-mission\/#breadcrumb"},"inLanguage":"tr","potentialAction":[{"@type":"ReadAction","target":["http:\/\/ticaret.edu.tr\/insan-kaynaklari-daire-baskanligi\/en\/vision-mission\/"]}]},{"@type":"BreadcrumbList","@id":"http:\/\/ticaret.edu.tr\/insan-kaynaklari-daire-baskanligi\/en\/vision-mission\/#breadcrumb","itemListElement":[{"@type":"ListItem","position":1,"name":"Ana sayfa","item":"http:\/\/ticaret.edu.tr\/insan-kaynaklari-daire-baskanligi\/"},{"@type":"ListItem","position":2,"name":"Vision &#8211; Mission"}]},{"@type":"WebSite","@id":"http:\/\/ticaret.edu.tr\/insan-kaynaklari-daire-baskanligi\/#website","url":"http:\/\/ticaret.edu.tr\/insan-kaynaklari-daire-baskanligi\/","name":"\u0130nsan Kaynaklar\u0131 Daire Ba\u015fkanl\u0131\u011f\u0131","description":"Bir ba\u015fka \u0130stanbul Ticaret \u00dcniversitesi site sitesi","potentialAction":[{"@type":"SearchAction","target":{"@type":"EntryPoint","urlTemplate":"http:\/\/ticaret.edu.tr\/insan-kaynaklari-daire-baskanligi\/?s={search_term_string}"},"query-input":"required name=search_term_string"}],"inLanguage":"tr"}]}},"lang":"en","translations":{"en":168,"tr":166},"pll_sync_post":[],"_links":{"self":[{"href":"http:\/\/ticaret.edu.tr\/insan-kaynaklari-daire-baskanligi\/wp-json\/wp\/v2\/pages\/168"}],"collection":[{"href":"http:\/\/ticaret.edu.tr\/insan-kaynaklari-daire-baskanligi\/wp-json\/wp\/v2\/pages"}],"about":[{"href":"http:\/\/ticaret.edu.tr\/insan-kaynaklari-daire-baskanligi\/wp-json\/wp\/v2\/types\/page"}],"author":[{"embeddable":true,"href":"http:\/\/ticaret.edu.tr\/insan-kaynaklari-daire-baskanligi\/wp-json\/wp\/v2\/users\/228"}],"replies":[{"embeddable":true,"href":"http:\/\/ticaret.edu.tr\/insan-kaynaklari-daire-baskanligi\/wp-json\/wp\/v2\/comments?post=168"}],"version-history":[{"count":1,"href":"http:\/\/ticaret.edu.tr\/insan-kaynaklari-daire-baskanligi\/wp-json\/wp\/v2\/pages\/168\/revisions"}],"predecessor-version":[{"id":169,"href":"http:\/\/ticaret.edu.tr\/insan-kaynaklari-daire-baskanligi\/wp-json\/wp\/v2\/pages\/168\/revisions\/169"}],"wp:attachment":[{"href":"http:\/\/ticaret.edu.tr\/insan-kaynaklari-daire-baskanligi\/wp-json\/wp\/v2\/media?parent=168"}],"curies":[{"name":"wp","href":"https:\/\/api.w.org\/{rel}","templated":true}]}}