{"id":4,"date":"2021-03-11T11:32:00","date_gmt":"2021-03-11T08:32:00","guid":{"rendered":"http:\/\/ticaret.edu.tr\/ikdb\/?page_id=4"},"modified":"2025-02-27T15:10:29","modified_gmt":"2025-02-27T12:10:29","slug":"ana-sayfa","status":"publish","type":"page","link":"http:\/\/ticaret.edu.tr\/insan-kaynaklari-daire-baskanligi\/","title":{"rendered":"Ana Sayfa"},"content":{"rendered":"<p><strong>V\u0130ZYONUMUZ;<\/strong><\/p>\n<ul>\n<li>\u0130nsan Kaynaklar\u0131 politika ve uygulamalar\u0131n\u0131, \u00fcniversitemizin hedeflerine ula\u015fmas\u0131na katk\u0131 sa\u011flayacak \u015fekilde haz\u0131rlamak.<\/li>\n<li>\u00c7al\u0131\u015fanlar\u0131n\u0131n ba\u015far\u0131s\u0131n\u0131 art\u0131racak ve s\u00fcrekli geli\u015fimini destekleyecek faaliyetler ile \u00fcniversitenin hedeflerine ula\u015fmas\u0131na katk\u0131 sa\u011flamak.<\/li>\n<\/ul>\n<p><strong>M\u0130SYONUMUZ:<\/strong><\/p>\n<ul>\n<li>Sonu\u00e7 odakl\u0131 ve h\u0131zl\u0131 karar alan bir organizasyon yap\u0131s\u0131 olu\u015fturmak,<\/li>\n<li>Do\u011fru bir \u00fccret ve yan haklar politikas\u0131 uygulamak,<\/li>\n<li>\u00c7al\u0131\u015fanlar\u0131n \u00fcniversitemize olan ba\u011fl\u0131l\u0131\u011f\u0131n\u0131 ve memnuniyetini art\u0131rmak,<\/li>\n<li>\u00dcniversitemizin i\u015fleyi\u015f ve geli\u015fimine katk\u0131da bulunmak,<\/li>\n<\/ul>\n<p>\u00c7al\u0131\u015fanlar\u0131m\u0131z\u0131n s\u00fcrekli geli\u015fimini artt\u0131r\u0131c\u0131 faaliyetlerde bulunmak.<\/p>\n","protected":false},"excerpt":{"rendered":"<p>V\u0130ZYONUMUZ; \u0130nsan Kaynaklar\u0131 politika ve uygulamalar\u0131n\u0131, \u00fcniversitemizin hedeflerine ula\u015fmas\u0131na katk\u0131 sa\u011flayacak \u015fekilde haz\u0131rlamak. \u00c7al\u0131\u015fanlar\u0131n\u0131n ba\u015far\u0131s\u0131n\u0131 art\u0131racak ve s\u00fcrekli geli\u015fimini destekleyecek faaliyetler ile \u00fcniversitenin hedeflerine ula\u015fmas\u0131na katk\u0131 sa\u011flamak. M\u0130SYONUMUZ: Sonu\u00e7 odakl\u0131 ve h\u0131zl\u0131 karar alan bir organizasyon yap\u0131s\u0131 olu\u015fturmak, Do\u011fru bir \u00fccret ve yan haklar politikas\u0131 uygulamak, \u00c7al\u0131\u015fanlar\u0131n \u00fcniversitemize olan ba\u011fl\u0131l\u0131\u011f\u0131n\u0131 ve memnuniyetini art\u0131rmak, \u00dcniversitemizin i\u015fleyi\u015f [&hellip;]<\/p>\n","protected":false},"author":101,"featured_media":0,"parent":0,"menu_order":0,"comment_status":"closed","ping_status":"closed","template":"pages\/homepage.php","meta":{"footnotes":""},"yoast_head":"<!-- This site is optimized with the Yoast SEO Premium plugin v22.1 (Yoast SEO v22.1) - https:\/\/yoast.com\/wordpress\/plugins\/seo\/ -->\n<title>Ana Sayfa - \u0130nsan Kaynaklar\u0131 Daire Ba\u015fkanl\u0131\u011f\u0131<\/title>\n<meta name=\"robots\" content=\"index, follow, max-snippet:-1, max-image-preview:large, max-video-preview:-1\" \/>\n<link rel=\"canonical\" href=\"http:\/\/ticaret.edu.tr\/insan-kaynaklari-daire-baskanligi\/\" \/>\n<meta property=\"og:locale\" content=\"tr_TR\" \/>\n<meta property=\"og:type\" content=\"article\" \/>\n<meta property=\"og:title\" content=\"Ana Sayfa\" \/>\n<meta property=\"og:description\" content=\"V\u0130ZYONUMUZ; \u0130nsan Kaynaklar\u0131 politika ve uygulamalar\u0131n\u0131, \u00fcniversitemizin hedeflerine ula\u015fmas\u0131na katk\u0131 sa\u011flayacak \u015fekilde haz\u0131rlamak. \u00c7al\u0131\u015fanlar\u0131n\u0131n ba\u015far\u0131s\u0131n\u0131 art\u0131racak ve s\u00fcrekli geli\u015fimini destekleyecek faaliyetler ile \u00fcniversitenin hedeflerine ula\u015fmas\u0131na katk\u0131 sa\u011flamak. M\u0130SYONUMUZ: Sonu\u00e7 odakl\u0131 ve h\u0131zl\u0131 karar alan bir organizasyon yap\u0131s\u0131 olu\u015fturmak, Do\u011fru bir \u00fccret ve yan haklar politikas\u0131 uygulamak, \u00c7al\u0131\u015fanlar\u0131n \u00fcniversitemize olan ba\u011fl\u0131l\u0131\u011f\u0131n\u0131 ve memnuniyetini art\u0131rmak, \u00dcniversitemizin i\u015fleyi\u015f [&hellip;]\" \/>\n<meta property=\"og:url\" content=\"http:\/\/ticaret.edu.tr\/insan-kaynaklari-daire-baskanligi\/\" \/>\n<meta property=\"og:site_name\" content=\"\u0130nsan Kaynaklar\u0131 Daire Ba\u015fkanl\u0131\u011f\u0131\" \/>\n<meta property=\"article:publisher\" content=\"https:\/\/www.facebook.com\/ticaretedutr\" \/>\n<meta property=\"article:modified_time\" content=\"2025-02-27T12:10:29+00:00\" \/>\n<meta property=\"og:image\" content=\"http:\/\/ticaret.edu.tr\/insan-kaynaklari-daire-baskanligi\/wp-content\/uploads\/sites\/64\/2021\/11\/web_logo-01.jpg\" \/>\n\t<meta property=\"og:image:width\" content=\"1250\" \/>\n\t<meta property=\"og:image:height\" content=\"833\" \/>\n\t<meta property=\"og:image:type\" content=\"image\/jpeg\" \/>\n<meta name=\"twitter:card\" content=\"summary_large_image\" \/>\n<meta name=\"twitter:site\" content=\"@ticaretedutr\" \/>\n<meta name=\"twitter:label1\" content=\"Tahmini okuma s\u00fcresi\" \/>\n\t<meta name=\"twitter:data1\" content=\"1 dakika\" \/>\n<script type=\"application\/ld+json\" class=\"yoast-schema-graph\">{\"@context\":\"https:\/\/schema.org\",\"@graph\":[{\"@type\":\"WebPage\",\"@id\":\"http:\/\/ticaret.edu.tr\/insan-kaynaklari-daire-baskanligi\/\",\"url\":\"http:\/\/ticaret.edu.tr\/insan-kaynaklari-daire-baskanligi\/\",\"name\":\"Ana Sayfa - \u0130nsan Kaynaklar\u0131 Daire Ba\u015fkanl\u0131\u011f\u0131\",\"isPartOf\":{\"@id\":\"http:\/\/ticaret.edu.tr\/insan-kaynaklari-daire-baskanligi\/#website\"},\"datePublished\":\"2021-03-11T08:32:00+00:00\",\"dateModified\":\"2025-02-27T12:10:29+00:00\",\"breadcrumb\":{\"@id\":\"http:\/\/ticaret.edu.tr\/insan-kaynaklari-daire-baskanligi\/#breadcrumb\"},\"inLanguage\":\"tr\",\"potentialAction\":[{\"@type\":\"ReadAction\",\"target\":[\"http:\/\/ticaret.edu.tr\/insan-kaynaklari-daire-baskanligi\/\"]}]},{\"@type\":\"BreadcrumbList\",\"@id\":\"http:\/\/ticaret.edu.tr\/insan-kaynaklari-daire-baskanligi\/#breadcrumb\",\"itemListElement\":[{\"@type\":\"ListItem\",\"position\":1,\"name\":\"Ana sayfa\",\"item\":\"http:\/\/ticaret.edu.tr\/insan-kaynaklari-daire-baskanligi\/\"},{\"@type\":\"ListItem\",\"position\":2,\"name\":\"Ana Sayfa\"}]},{\"@type\":\"WebSite\",\"@id\":\"http:\/\/ticaret.edu.tr\/insan-kaynaklari-daire-baskanligi\/#website\",\"url\":\"http:\/\/ticaret.edu.tr\/insan-kaynaklari-daire-baskanligi\/\",\"name\":\"\u0130nsan Kaynaklar\u0131 Daire Ba\u015fkanl\u0131\u011f\u0131\",\"description\":\"Bir ba\u015fka \u0130stanbul Ticaret \u00dcniversitesi site sitesi\",\"potentialAction\":[{\"@type\":\"SearchAction\",\"target\":{\"@type\":\"EntryPoint\",\"urlTemplate\":\"http:\/\/ticaret.edu.tr\/insan-kaynaklari-daire-baskanligi\/?s={search_term_string}\"},\"query-input\":\"required name=search_term_string\"}],\"inLanguage\":\"tr\"}]}<\/script>\n<!-- \/ Yoast SEO Premium plugin. -->","yoast_head_json":{"title":"Ana Sayfa - \u0130nsan Kaynaklar\u0131 Daire Ba\u015fkanl\u0131\u011f\u0131","robots":{"index":"index","follow":"follow","max-snippet":"max-snippet:-1","max-image-preview":"max-image-preview:large","max-video-preview":"max-video-preview:-1"},"canonical":"http:\/\/ticaret.edu.tr\/insan-kaynaklari-daire-baskanligi\/","og_locale":"tr_TR","og_type":"article","og_title":"Ana Sayfa","og_description":"V\u0130ZYONUMUZ; \u0130nsan Kaynaklar\u0131 politika ve uygulamalar\u0131n\u0131, \u00fcniversitemizin hedeflerine ula\u015fmas\u0131na katk\u0131 sa\u011flayacak \u015fekilde haz\u0131rlamak. \u00c7al\u0131\u015fanlar\u0131n\u0131n ba\u015far\u0131s\u0131n\u0131 art\u0131racak ve s\u00fcrekli geli\u015fimini destekleyecek faaliyetler ile \u00fcniversitenin hedeflerine ula\u015fmas\u0131na katk\u0131 sa\u011flamak. M\u0130SYONUMUZ: Sonu\u00e7 odakl\u0131 ve h\u0131zl\u0131 karar alan bir organizasyon yap\u0131s\u0131 olu\u015fturmak, Do\u011fru bir \u00fccret ve yan haklar politikas\u0131 uygulamak, \u00c7al\u0131\u015fanlar\u0131n \u00fcniversitemize olan ba\u011fl\u0131l\u0131\u011f\u0131n\u0131 ve memnuniyetini art\u0131rmak, \u00dcniversitemizin i\u015fleyi\u015f [&hellip;]","og_url":"http:\/\/ticaret.edu.tr\/insan-kaynaklari-daire-baskanligi\/","og_site_name":"\u0130nsan Kaynaklar\u0131 Daire Ba\u015fkanl\u0131\u011f\u0131","article_publisher":"https:\/\/www.facebook.com\/ticaretedutr","article_modified_time":"2025-02-27T12:10:29+00:00","og_image":[{"width":1250,"height":833,"url":"http:\/\/ticaret.edu.tr\/insan-kaynaklari-daire-baskanligi\/wp-content\/uploads\/sites\/64\/2021\/11\/web_logo-01.jpg","type":"image\/jpeg"}],"twitter_card":"summary_large_image","twitter_site":"@ticaretedutr","twitter_misc":{"Tahmini okuma s\u00fcresi":"1 dakika"},"schema":{"@context":"https:\/\/schema.org","@graph":[{"@type":"WebPage","@id":"http:\/\/ticaret.edu.tr\/insan-kaynaklari-daire-baskanligi\/","url":"http:\/\/ticaret.edu.tr\/insan-kaynaklari-daire-baskanligi\/","name":"Ana Sayfa - \u0130nsan Kaynaklar\u0131 Daire Ba\u015fkanl\u0131\u011f\u0131","isPartOf":{"@id":"http:\/\/ticaret.edu.tr\/insan-kaynaklari-daire-baskanligi\/#website"},"datePublished":"2021-03-11T08:32:00+00:00","dateModified":"2025-02-27T12:10:29+00:00","breadcrumb":{"@id":"http:\/\/ticaret.edu.tr\/insan-kaynaklari-daire-baskanligi\/#breadcrumb"},"inLanguage":"tr","potentialAction":[{"@type":"ReadAction","target":["http:\/\/ticaret.edu.tr\/insan-kaynaklari-daire-baskanligi\/"]}]},{"@type":"BreadcrumbList","@id":"http:\/\/ticaret.edu.tr\/insan-kaynaklari-daire-baskanligi\/#breadcrumb","itemListElement":[{"@type":"ListItem","position":1,"name":"Ana sayfa","item":"http:\/\/ticaret.edu.tr\/insan-kaynaklari-daire-baskanligi\/"},{"@type":"ListItem","position":2,"name":"Ana Sayfa"}]},{"@type":"WebSite","@id":"http:\/\/ticaret.edu.tr\/insan-kaynaklari-daire-baskanligi\/#website","url":"http:\/\/ticaret.edu.tr\/insan-kaynaklari-daire-baskanligi\/","name":"\u0130nsan Kaynaklar\u0131 Daire Ba\u015fkanl\u0131\u011f\u0131","description":"Bir ba\u015fka \u0130stanbul Ticaret \u00dcniversitesi site sitesi","potentialAction":[{"@type":"SearchAction","target":{"@type":"EntryPoint","urlTemplate":"http:\/\/ticaret.edu.tr\/insan-kaynaklari-daire-baskanligi\/?s={search_term_string}"},"query-input":"required name=search_term_string"}],"inLanguage":"tr"}]}},"lang":"tr","translations":{"en":67,"tr":4},"pll_sync_post":[],"_links":{"self":[{"href":"http:\/\/ticaret.edu.tr\/insan-kaynaklari-daire-baskanligi\/wp-json\/wp\/v2\/pages\/4"}],"collection":[{"href":"http:\/\/ticaret.edu.tr\/insan-kaynaklari-daire-baskanligi\/wp-json\/wp\/v2\/pages"}],"about":[{"href":"http:\/\/ticaret.edu.tr\/insan-kaynaklari-daire-baskanligi\/wp-json\/wp\/v2\/types\/page"}],"author":[{"embeddable":true,"href":"http:\/\/ticaret.edu.tr\/insan-kaynaklari-daire-baskanligi\/wp-json\/wp\/v2\/users\/101"}],"replies":[{"embeddable":true,"href":"http:\/\/ticaret.edu.tr\/insan-kaynaklari-daire-baskanligi\/wp-json\/wp\/v2\/comments?post=4"}],"version-history":[{"count":7,"href":"http:\/\/ticaret.edu.tr\/insan-kaynaklari-daire-baskanligi\/wp-json\/wp\/v2\/pages\/4\/revisions"}],"predecessor-version":[{"id":164,"href":"http:\/\/ticaret.edu.tr\/insan-kaynaklari-daire-baskanligi\/wp-json\/wp\/v2\/pages\/4\/revisions\/164"}],"wp:attachment":[{"href":"http:\/\/ticaret.edu.tr\/insan-kaynaklari-daire-baskanligi\/wp-json\/wp\/v2\/media?parent=4"}],"curies":[{"name":"wp","href":"https:\/\/api.w.org\/{rel}","templated":true}]}}