{"id":91,"date":"2021-12-10T13:28:40","date_gmt":"2021-12-10T10:28:40","guid":{"rendered":"https:\/\/ticaret.edu.tr\/insan-kaynaklari-daire-baskanligi\/?page_id=91"},"modified":"2025-05-30T14:19:00","modified_gmt":"2025-05-30T11:19:00","slug":"job-opportunities","status":"publish","type":"page","link":"http:\/\/ticaret.edu.tr\/insan-kaynaklari-daire-baskanligi\/en\/job-opportunities\/","title":{"rendered":"JOB OPPORTUNITIES"},"content":{"rendered":"<div id=\"tw-container\" data-cp=\"1\" data-is-ver=\"false\" data-nnttsvi=\"1\" data-sm=\"1\" data-sugg-time=\"500\" data-sugg-url=\"https:\/\/clients1.google.com\/complete\/search\" data-uilc=\"tr\">\n<div id=\"tw-ob\" class=\"tw-src-ltr\">\n<div class=\"oSioSc\">\n<div id=\"tw-target\">\n<div id=\"kAz1tf\" class=\"g9WsWb\">\n<div id=\"tw-target-text-container\" class=\"tw-ta-container F0azHf tw-nfl\" tabindex=\"0\">\n<p id=\"tw-target-text\" class=\"tw-data-text tw-text-large tw-ta\" dir=\"ltr\" data-placeholder=\"\u00c7eviri\"><span style=\"text-decoration: underline;\"><strong><span class=\"Y2IQFc\" lang=\"en\">Academic Job Applications<\/span><\/strong><\/span><\/p>\n<\/div>\n<\/div>\n<\/div>\n<\/div>\n<\/div>\n<\/div>\n<div id=\"tw-container\" data-cp=\"1\" data-is-ver=\"false\" data-nnttsvi=\"1\" data-sm=\"1\" data-sugg-time=\"500\" data-sugg-url=\"https:\/\/clients1.google.com\/complete\/search\" data-uilc=\"tr\">\n<div id=\"tw-ob\" class=\"tw-src-ltr\">\n<div class=\"oSioSc\">\n<div id=\"tw-target\">\n<div id=\"kAz1tf\" class=\"g9WsWb\">\n<div id=\"tw-target-text-container\" class=\"tw-ta-container F0azHf tw-nfl\" tabindex=\"0\">\n<p id=\"tw-target-text\" class=\"tw-data-text tw-text-large tw-ta\" dir=\"ltr\" data-placeholder=\"\u00c7eviri\"><span class=\"Y2IQFc\" lang=\"en\">For our open positions in the academic staff, you can follow our postings by clicking the links below and apply to our postings.<\/span><\/p>\n<\/div>\n<\/div>\n<p><strong><a href=\"http:\/\/ticaret.edu.tr\/insan-kaynaklari-daire-baskanligi\/wp-content\/uploads\/sites\/64\/2025\/05\/s2wq7c976p-seeking-experienced-english-instructors-for-university-preparatory-program.pdf\">Job opportunities for Native English Instructors please click the link below.<\/a><\/strong><\/p>\n<div class=\"news-buttons\"><\/div>\n<\/div>\n<\/div>\n<\/div>\n<\/div>\n<p>&nbsp;<\/p>\n","protected":false},"excerpt":{"rendered":"<p>Academic Job Applications For our open positions in the academic staff, you can follow our postings by clicking the links below and apply to our postings. Job opportunities for Native English Instructors please click the link below. &nbsp;<\/p>\n","protected":false},"author":149,"featured_media":0,"parent":0,"menu_order":0,"comment_status":"closed","ping_status":"closed","template":"genel_sayfa.php","meta":{"footnotes":""},"yoast_head":"<!-- This site is optimized with the Yoast SEO Premium plugin v22.1 (Yoast SEO v22.1) - https:\/\/yoast.com\/wordpress\/plugins\/seo\/ -->\n<title>JOB OPPORTUNITIES - \u0130nsan Kaynaklar\u0131 Daire Ba\u015fkanl\u0131\u011f\u0131<\/title>\n<meta name=\"robots\" content=\"index, follow, max-snippet:-1, max-image-preview:large, max-video-preview:-1\" \/>\n<link rel=\"canonical\" href=\"http:\/\/ticaret.edu.tr\/insan-kaynaklari-daire-baskanligi\/en\/job-opportunities\/\" \/>\n<meta property=\"og:locale\" content=\"tr_TR\" \/>\n<meta property=\"og:type\" content=\"article\" \/>\n<meta property=\"og:title\" content=\"JOB OPPORTUNITIES\" \/>\n<meta property=\"og:description\" content=\"Academic Job Applications For our open positions in the academic staff, you can follow our postings by clicking the links below and apply to our postings. Job opportunities for Native English Instructors please click the link below. &nbsp;\" \/>\n<meta property=\"og:url\" content=\"http:\/\/ticaret.edu.tr\/insan-kaynaklari-daire-baskanligi\/en\/job-opportunities\/\" \/>\n<meta property=\"og:site_name\" content=\"\u0130nsan Kaynaklar\u0131 Daire Ba\u015fkanl\u0131\u011f\u0131\" \/>\n<meta property=\"article:publisher\" content=\"https:\/\/www.facebook.com\/ticaretedutr\" \/>\n<meta property=\"article:modified_time\" content=\"2025-05-30T11:19:00+00:00\" \/>\n<meta property=\"og:image\" content=\"http:\/\/ticaret.edu.tr\/insan-kaynaklari-daire-baskanligi\/wp-content\/uploads\/sites\/64\/2021\/11\/web_logo-01.jpg\" \/>\n\t<meta property=\"og:image:width\" content=\"1250\" \/>\n\t<meta property=\"og:image:height\" content=\"833\" \/>\n\t<meta property=\"og:image:type\" content=\"image\/jpeg\" \/>\n<meta name=\"twitter:card\" content=\"summary_large_image\" \/>\n<meta name=\"twitter:site\" content=\"@ticaretedutr\" \/>\n<meta name=\"twitter:label1\" content=\"Tahmini okuma s\u00fcresi\" \/>\n\t<meta name=\"twitter:data1\" content=\"1 dakika\" \/>\n<script type=\"application\/ld+json\" class=\"yoast-schema-graph\">{\"@context\":\"https:\/\/schema.org\",\"@graph\":[{\"@type\":\"WebPage\",\"@id\":\"http:\/\/ticaret.edu.tr\/insan-kaynaklari-daire-baskanligi\/en\/job-opportunities\/\",\"url\":\"http:\/\/ticaret.edu.tr\/insan-kaynaklari-daire-baskanligi\/en\/job-opportunities\/\",\"name\":\"JOB OPPORTUNITIES - \u0130nsan Kaynaklar\u0131 Daire Ba\u015fkanl\u0131\u011f\u0131\",\"isPartOf\":{\"@id\":\"http:\/\/ticaret.edu.tr\/insan-kaynaklari-daire-baskanligi\/#website\"},\"datePublished\":\"2021-12-10T10:28:40+00:00\",\"dateModified\":\"2025-05-30T11:19:00+00:00\",\"breadcrumb\":{\"@id\":\"http:\/\/ticaret.edu.tr\/insan-kaynaklari-daire-baskanligi\/en\/job-opportunities\/#breadcrumb\"},\"inLanguage\":\"tr\",\"potentialAction\":[{\"@type\":\"ReadAction\",\"target\":[\"http:\/\/ticaret.edu.tr\/insan-kaynaklari-daire-baskanligi\/en\/job-opportunities\/\"]}]},{\"@type\":\"BreadcrumbList\",\"@id\":\"http:\/\/ticaret.edu.tr\/insan-kaynaklari-daire-baskanligi\/en\/job-opportunities\/#breadcrumb\",\"itemListElement\":[{\"@type\":\"ListItem\",\"position\":1,\"name\":\"Ana sayfa\",\"item\":\"http:\/\/ticaret.edu.tr\/insan-kaynaklari-daire-baskanligi\/\"},{\"@type\":\"ListItem\",\"position\":2,\"name\":\"JOB OPPORTUNITIES\"}]},{\"@type\":\"WebSite\",\"@id\":\"http:\/\/ticaret.edu.tr\/insan-kaynaklari-daire-baskanligi\/#website\",\"url\":\"http:\/\/ticaret.edu.tr\/insan-kaynaklari-daire-baskanligi\/\",\"name\":\"\u0130nsan Kaynaklar\u0131 Daire Ba\u015fkanl\u0131\u011f\u0131\",\"description\":\"Bir ba\u015fka \u0130stanbul Ticaret \u00dcniversitesi site sitesi\",\"potentialAction\":[{\"@type\":\"SearchAction\",\"target\":{\"@type\":\"EntryPoint\",\"urlTemplate\":\"http:\/\/ticaret.edu.tr\/insan-kaynaklari-daire-baskanligi\/?s={search_term_string}\"},\"query-input\":\"required name=search_term_string\"}],\"inLanguage\":\"tr\"}]}<\/script>\n<!-- \/ Yoast SEO Premium plugin. -->","yoast_head_json":{"title":"JOB OPPORTUNITIES - \u0130nsan Kaynaklar\u0131 Daire Ba\u015fkanl\u0131\u011f\u0131","robots":{"index":"index","follow":"follow","max-snippet":"max-snippet:-1","max-image-preview":"max-image-preview:large","max-video-preview":"max-video-preview:-1"},"canonical":"http:\/\/ticaret.edu.tr\/insan-kaynaklari-daire-baskanligi\/en\/job-opportunities\/","og_locale":"tr_TR","og_type":"article","og_title":"JOB OPPORTUNITIES","og_description":"Academic Job Applications For our open positions in the academic staff, you can follow our postings by clicking the links below and apply to our postings. Job opportunities for Native English Instructors please click the link below. &nbsp;","og_url":"http:\/\/ticaret.edu.tr\/insan-kaynaklari-daire-baskanligi\/en\/job-opportunities\/","og_site_name":"\u0130nsan Kaynaklar\u0131 Daire Ba\u015fkanl\u0131\u011f\u0131","article_publisher":"https:\/\/www.facebook.com\/ticaretedutr","article_modified_time":"2025-05-30T11:19:00+00:00","og_image":[{"width":1250,"height":833,"url":"http:\/\/ticaret.edu.tr\/insan-kaynaklari-daire-baskanligi\/wp-content\/uploads\/sites\/64\/2021\/11\/web_logo-01.jpg","type":"image\/jpeg"}],"twitter_card":"summary_large_image","twitter_site":"@ticaretedutr","twitter_misc":{"Tahmini okuma s\u00fcresi":"1 dakika"},"schema":{"@context":"https:\/\/schema.org","@graph":[{"@type":"WebPage","@id":"http:\/\/ticaret.edu.tr\/insan-kaynaklari-daire-baskanligi\/en\/job-opportunities\/","url":"http:\/\/ticaret.edu.tr\/insan-kaynaklari-daire-baskanligi\/en\/job-opportunities\/","name":"JOB OPPORTUNITIES - \u0130nsan Kaynaklar\u0131 Daire Ba\u015fkanl\u0131\u011f\u0131","isPartOf":{"@id":"http:\/\/ticaret.edu.tr\/insan-kaynaklari-daire-baskanligi\/#website"},"datePublished":"2021-12-10T10:28:40+00:00","dateModified":"2025-05-30T11:19:00+00:00","breadcrumb":{"@id":"http:\/\/ticaret.edu.tr\/insan-kaynaklari-daire-baskanligi\/en\/job-opportunities\/#breadcrumb"},"inLanguage":"tr","potentialAction":[{"@type":"ReadAction","target":["http:\/\/ticaret.edu.tr\/insan-kaynaklari-daire-baskanligi\/en\/job-opportunities\/"]}]},{"@type":"BreadcrumbList","@id":"http:\/\/ticaret.edu.tr\/insan-kaynaklari-daire-baskanligi\/en\/job-opportunities\/#breadcrumb","itemListElement":[{"@type":"ListItem","position":1,"name":"Ana sayfa","item":"http:\/\/ticaret.edu.tr\/insan-kaynaklari-daire-baskanligi\/"},{"@type":"ListItem","position":2,"name":"JOB OPPORTUNITIES"}]},{"@type":"WebSite","@id":"http:\/\/ticaret.edu.tr\/insan-kaynaklari-daire-baskanligi\/#website","url":"http:\/\/ticaret.edu.tr\/insan-kaynaklari-daire-baskanligi\/","name":"\u0130nsan Kaynaklar\u0131 Daire Ba\u015fkanl\u0131\u011f\u0131","description":"Bir ba\u015fka \u0130stanbul Ticaret \u00dcniversitesi site sitesi","potentialAction":[{"@type":"SearchAction","target":{"@type":"EntryPoint","urlTemplate":"http:\/\/ticaret.edu.tr\/insan-kaynaklari-daire-baskanligi\/?s={search_term_string}"},"query-input":"required name=search_term_string"}],"inLanguage":"tr"}]}},"lang":"en","translations":{"en":91,"tr":14},"pll_sync_post":[],"_links":{"self":[{"href":"http:\/\/ticaret.edu.tr\/insan-kaynaklari-daire-baskanligi\/wp-json\/wp\/v2\/pages\/91"}],"collection":[{"href":"http:\/\/ticaret.edu.tr\/insan-kaynaklari-daire-baskanligi\/wp-json\/wp\/v2\/pages"}],"about":[{"href":"http:\/\/ticaret.edu.tr\/insan-kaynaklari-daire-baskanligi\/wp-json\/wp\/v2\/types\/page"}],"author":[{"embeddable":true,"href":"http:\/\/ticaret.edu.tr\/insan-kaynaklari-daire-baskanligi\/wp-json\/wp\/v2\/users\/149"}],"replies":[{"embeddable":true,"href":"http:\/\/ticaret.edu.tr\/insan-kaynaklari-daire-baskanligi\/wp-json\/wp\/v2\/comments?post=91"}],"version-history":[{"count":9,"href":"http:\/\/ticaret.edu.tr\/insan-kaynaklari-daire-baskanligi\/wp-json\/wp\/v2\/pages\/91\/revisions"}],"predecessor-version":[{"id":233,"href":"http:\/\/ticaret.edu.tr\/insan-kaynaklari-daire-baskanligi\/wp-json\/wp\/v2\/pages\/91\/revisions\/233"}],"wp:attachment":[{"href":"http:\/\/ticaret.edu.tr\/insan-kaynaklari-daire-baskanligi\/wp-json\/wp\/v2\/media?parent=91"}],"curies":[{"name":"wp","href":"https:\/\/api.w.org\/{rel}","templated":true}]}}