{"id":1017,"date":"2024-05-29T12:04:02","date_gmt":"2024-05-29T09:04:02","guid":{"rendered":"https:\/\/ticaret.edu.tr\/insan-ve-toplum-bilimleri-fakultesi\/?page_id=1017"},"modified":"2026-02-03T16:09:44","modified_gmt":"2026-02-03T13:09:44","slug":"birim-kalite-komisyonu","status":"publish","type":"page","link":"http:\/\/ticaret.edu.tr\/insan-ve-toplum-bilimleri-fakultesi\/birim-kalite-komisyonu\/","title":{"rendered":"Birim Kalite Komisyonu"},"content":{"rendered":"<table class=\"x_MsoNormalTable\" border=\"0\" width=\"604\" cellspacing=\"0\" cellpadding=\"0\">\n<tbody>\n<tr>\n<td valign=\"bottom\" nowrap=\"nowrap\" width=\"466\">\n<p class=\"x_MsoNormal\"><b>SOSYOLOJ\u0130 B\u00d6L\u00dcM\u00dc KAL\u0130TE KOM\u0130SYONU<\/b><\/p>\n<\/td>\n<td valign=\"bottom\" nowrap=\"nowrap\" width=\"138\">\n<p class=\"x_MsoNormal\"><b>\u00a0<\/b><\/p>\n<\/td>\n<\/tr>\n<tr>\n<td valign=\"bottom\" nowrap=\"nowrap\" width=\"466\">\n<p class=\"x_MsoNormal\">Prof. Dr. Necmettin DO\u011eAN<\/p>\n<\/td>\n<td valign=\"bottom\" nowrap=\"nowrap\" width=\"138\">\n<p class=\"x_MsoNormal\">B\u00f6l\u00fcm Ba\u015fkan\u0131<\/p>\n<\/td>\n<\/tr>\n<tr>\n<td valign=\"bottom\" nowrap=\"nowrap\" width=\"466\">\n<p class=\"x_MsoNormal\">Ar\u015f. G\u00f6r. Merve \u015eAH\u0130N<\/p>\n<\/td>\n<td valign=\"bottom\" nowrap=\"nowrap\" width=\"138\">\n<p class=\"x_MsoNormal\">Kalite El\u00e7isi<\/p>\n<\/td>\n<\/tr>\n<tr>\n<td valign=\"bottom\" nowrap=\"nowrap\" width=\"466\">\n<p class=\"x_MsoNormal\">B\u00fc\u015fra SANCAK<\/p>\n<\/td>\n<td valign=\"bottom\" nowrap=\"nowrap\" width=\"138\">\n<p class=\"x_MsoNormal\">\u00d6\u011frenci Temsilcisi<\/p>\n<\/td>\n<\/tr>\n<tr>\n<td valign=\"bottom\" nowrap=\"nowrap\" width=\"466\">\n<p class=\"x_MsoNormal\"><b>PS\u0130KOLOJ\u0130 B\u00d6L\u00dcM\u00dc KAL\u0130TE KOM\u0130SYONU<\/b><\/p>\n<\/td>\n<td valign=\"bottom\" nowrap=\"nowrap\" width=\"138\">\n<p class=\"x_MsoNormal\"><b>\u00a0<\/b><\/p>\n<\/td>\n<\/tr>\n<tr>\n<td valign=\"bottom\" nowrap=\"nowrap\" width=\"466\">\n<p class=\"x_MsoNormal\">Dr. \u00d6\u011fr. \u00dcyesi Yasemin KU\u015e<\/p>\n<\/td>\n<td valign=\"bottom\" nowrap=\"nowrap\" width=\"138\">\n<p class=\"x_MsoNormal\">B\u00f6l\u00fcm Ba\u015fkan\u0131<\/p>\n<\/td>\n<\/tr>\n<tr>\n<td valign=\"bottom\" nowrap=\"nowrap\" width=\"466\">\n<p class=\"x_MsoNormal\">Do\u00e7. Dr. Derya DEN\u0130Z<\/p>\n<\/td>\n<td valign=\"bottom\" nowrap=\"nowrap\" width=\"138\">\n<p class=\"x_MsoNormal\">Se\u00e7ilmi\u015f \u00dcye<\/p>\n<\/td>\n<\/tr>\n<tr>\n<td valign=\"bottom\" nowrap=\"nowrap\" width=\"466\">\n<p class=\"x_MsoNormal\">Ar\u015f. G\u00f6r. Senanur D\u0130LEK<\/p>\n<\/td>\n<td valign=\"bottom\" nowrap=\"nowrap\" width=\"138\">\n<p class=\"x_MsoNormal\">Kalite El\u00e7isi<\/p>\n<\/td>\n<\/tr>\n<tr>\n<td valign=\"bottom\" nowrap=\"nowrap\" width=\"466\">\n<p class=\"x_MsoNormal\">Afra Nur KARAK\u00d6SE<\/p>\n<\/td>\n<td valign=\"bottom\" nowrap=\"nowrap\" width=\"138\">\n<p class=\"x_MsoNormal\">\u00d6\u011frenci Temsilcisi<\/p>\n<\/td>\n<\/tr>\n<tr>\n<td valign=\"bottom\" nowrap=\"nowrap\" width=\"466\">\n<p class=\"x_MsoNormal\"><b>\u0130STAT\u0130ST\u0130K B\u00d6L\u00dcM\u00dc KAL\u0130TE KOM\u0130SYONU<\/b><\/p>\n<\/td>\n<td valign=\"bottom\" nowrap=\"nowrap\" width=\"138\">\n<p class=\"x_MsoNormal\"><b>\u00a0<\/b><\/p>\n<\/td>\n<\/tr>\n<tr>\n<td valign=\"bottom\" nowrap=\"nowrap\" width=\"466\">\n<p class=\"x_MsoNormal\">Prof. Dr. \u00d6zlem DEN\u0130Z BA\u015eAR<\/p>\n<\/td>\n<td valign=\"bottom\" nowrap=\"nowrap\" width=\"138\">\n<p class=\"x_MsoNormal\">B\u00f6l\u00fcm Ba\u015fkan\u0131<\/p>\n<\/td>\n<\/tr>\n<tr>\n<td valign=\"bottom\" nowrap=\"nowrap\" width=\"466\">\n<p class=\"x_MsoNormal\">Dr. \u00d6\u011fr. \u00dcyesi G\u00fcl\u015fah SEDEFO\u011eLU<\/p>\n<\/td>\n<td valign=\"bottom\" nowrap=\"nowrap\" width=\"138\">\n<p class=\"x_MsoNormal\">Se\u00e7ilmi\u015f \u00dcye<\/p>\n<\/td>\n<\/tr>\n<tr>\n<td valign=\"bottom\" nowrap=\"nowrap\" width=\"466\">\n<p class=\"x_MsoNormal\">Ar\u015f. G\u00f6r. Deniz GER\u00c7EKER<\/p>\n<\/td>\n<td valign=\"bottom\" nowrap=\"nowrap\" width=\"138\">\n<p class=\"x_MsoNormal\">Kalite El\u00e7isi<\/p>\n<\/td>\n<\/tr>\n<tr>\n<td valign=\"bottom\" nowrap=\"nowrap\" width=\"466\">\n<p class=\"x_MsoNormal\">Yusuf Mirza T\u00dcM\u00dcR<\/p>\n<\/td>\n<td valign=\"bottom\" nowrap=\"nowrap\" width=\"138\">\n<p class=\"x_MsoNormal\">\u00d6\u011frenci Temsilcisi<\/p>\n<\/td>\n<\/tr>\n<tr>\n<td valign=\"bottom\" nowrap=\"nowrap\" width=\"466\">\n<p class=\"x_MsoNormal\"><b>MATEMAT\u0130K B\u00d6L\u00dcM\u00dc KAL\u0130TE KOM\u0130SYONU<\/b><\/p>\n<\/td>\n<td valign=\"bottom\" nowrap=\"nowrap\" width=\"138\">\n<p class=\"x_MsoNormal\"><b>\u00a0<\/b><\/p>\n<\/td>\n<\/tr>\n<tr>\n<td valign=\"bottom\" nowrap=\"nowrap\" width=\"466\">\n<p class=\"x_MsoNormal\">Do\u00e7. Dr. Abdullah YENER<\/p>\n<\/td>\n<td valign=\"bottom\" nowrap=\"nowrap\" width=\"138\">\n<p class=\"x_MsoNormal\">B\u00f6l\u00fcm Ba\u015fkan\u0131<\/p>\n<\/td>\n<\/tr>\n<tr>\n<td valign=\"bottom\" nowrap=\"nowrap\" width=\"466\">\n<p class=\"x_MsoNormal\">Dr. \u00d6\u011fr. \u00dcyesi G\u00fclistan \u0130SKENDERO\u011eLU<\/p>\n<\/td>\n<td valign=\"bottom\" nowrap=\"nowrap\" width=\"138\">\n<p class=\"x_MsoNormal\">Kalite El\u00e7isi<\/p>\n<\/td>\n<\/tr>\n<tr>\n<td valign=\"bottom\" nowrap=\"nowrap\" width=\"466\">\n<p class=\"x_MsoNormal\">Azra YILDIRIM<\/p>\n<\/td>\n<td valign=\"bottom\" nowrap=\"nowrap\" width=\"138\">\n<p class=\"x_MsoNormal\">\u00d6\u011frenci Temsilcisi<\/p>\n<\/td>\n<\/tr>\n<tr>\n<td valign=\"bottom\" nowrap=\"nowrap\" width=\"466\">\n<p class=\"x_MsoNormal\"><b>E\u011e\u0130T\u0130M B\u0130L\u0130MLER\u0130 B\u00d6L\u00dcM\u00dc KAL\u0130TE KOM\u0130SYONU<\/b><\/p>\n<\/td>\n<td valign=\"bottom\" nowrap=\"nowrap\" width=\"138\">\n<p class=\"x_MsoNormal\"><b>\u00a0<\/b><\/p>\n<\/td>\n<\/tr>\n<tr>\n<td valign=\"bottom\" nowrap=\"nowrap\" width=\"466\">\n<p class=\"x_MsoNormal\">Prof. Dr. Hanifi PARLAR<\/p>\n<\/td>\n<td valign=\"bottom\" nowrap=\"nowrap\" width=\"138\">\n<p class=\"x_MsoNormal\">B\u00f6l\u00fcm Ba\u015fkan\u0131<\/p>\n<\/td>\n<\/tr>\n<tr>\n<td valign=\"bottom\" nowrap=\"nowrap\" width=\"466\">\n<p class=\"x_MsoNormal\">Dr. \u00d6\u011fr. \u00dcyesi L\u00fctf\u00fc \u00c7AKIR<\/p>\n<\/td>\n<td valign=\"bottom\" nowrap=\"nowrap\" width=\"138\">\n<p class=\"x_MsoNormal\">Se\u00e7ilmi\u015f \u00dcye<\/p>\n<\/td>\n<\/tr>\n<tr>\n<td valign=\"bottom\" nowrap=\"nowrap\" width=\"466\">\n<p class=\"x_MsoNormal\">Ar\u015f. G\u00f6r. B\u00fc\u015fra Y\u0130\u011e\u0130T<\/p>\n<\/td>\n<td valign=\"bottom\" nowrap=\"nowrap\" width=\"138\">\n<p class=\"x_MsoNormal\">Kalite El\u00e7isi<\/p>\n<\/td>\n<\/tr>\n<tr>\n<td valign=\"bottom\" nowrap=\"nowrap\" width=\"466\">\n<p class=\"x_MsoNormal\">Lisansta \u00f6\u011frencisi bulunmamaktad\u0131r.<\/p>\n<\/td>\n<td valign=\"bottom\" nowrap=\"nowrap\" width=\"138\">\n<p class=\"x_MsoNormal\">\u00d6\u011frenci Temsilcisi<\/p>\n<\/td>\n<\/tr>\n<tr>\n<td valign=\"bottom\" nowrap=\"nowrap\" width=\"466\">\n<p class=\"x_MsoNormal\"><b>S\u0130YASET B\u0130L\u0130M\u0130 VE ULUSLARARASI \u0130L\u0130\u015eK\u0130LER (T\u00dcRK\u00c7E) B\u00d6L\u00dcM\u00dc KAL\u0130TE KOM\u0130SYONU<\/b><\/p>\n<\/td>\n<td valign=\"bottom\" nowrap=\"nowrap\" width=\"138\">\n<p class=\"x_MsoNormal\"><b>\u00a0<\/b><\/p>\n<\/td>\n<\/tr>\n<tr>\n<td valign=\"bottom\" nowrap=\"nowrap\" width=\"466\">\n<p class=\"x_MsoNormal\">Do\u00e7. Dr. Ayfer GEN\u00c7 YILMAZ<\/p>\n<\/td>\n<td valign=\"bottom\" nowrap=\"nowrap\" width=\"138\">\n<p class=\"x_MsoNormal\">B\u00f6l\u00fcm Ba\u015fkan\u0131<\/p>\n<\/td>\n<\/tr>\n<tr>\n<td valign=\"bottom\" nowrap=\"nowrap\" width=\"466\">\n<p class=\"x_MsoNormal\">Dr. \u00d6\u011fr. \u00dcyesi Cafer Talha \u015eEKER<\/p>\n<\/td>\n<td valign=\"bottom\" nowrap=\"nowrap\" width=\"138\">\n<p class=\"x_MsoNormal\">Se\u00e7ilmi\u015f \u00dcye<\/p>\n<\/td>\n<\/tr>\n<tr>\n<td valign=\"bottom\" nowrap=\"nowrap\" width=\"466\">\n<p class=\"x_MsoNormal\">Ar\u015f. G\u00f6r. Dilara \u015eENS\u0130VAS<\/p>\n<\/td>\n<td valign=\"bottom\" nowrap=\"nowrap\" width=\"138\">\n<p class=\"x_MsoNormal\">Kalite El\u00e7isi<\/p>\n<\/td>\n<\/tr>\n<tr>\n<td valign=\"bottom\" nowrap=\"nowrap\" width=\"466\">\n<p class=\"x_MsoNormal\">Y\u00fcsra KIZILKAYA<\/p>\n<\/td>\n<td valign=\"bottom\" nowrap=\"nowrap\" width=\"138\">\n<p class=\"x_MsoNormal\">\u00d6\u011frenci Temsilcisi<\/p>\n<\/td>\n<\/tr>\n<tr>\n<td valign=\"bottom\" nowrap=\"nowrap\" width=\"466\">\n<p class=\"x_MsoNormal\"><b>S\u0130YASET B\u0130L\u0130M\u0130 VE ULUSLARARASI \u0130L\u0130\u015eK\u0130LER (\u0130NG\u0130L\u0130ZCE) B\u00d6L\u00dcM\u00dc KAL\u0130TE KOM\u0130SYONU<\/b><\/p>\n<\/td>\n<td valign=\"bottom\" nowrap=\"nowrap\" width=\"138\">\n<p class=\"x_MsoNormal\"><b>\u00a0<\/b><\/p>\n<\/td>\n<\/tr>\n<tr>\n<td valign=\"bottom\" nowrap=\"nowrap\" width=\"466\">\n<p class=\"x_MsoNormal\">Do\u00e7. Dr. U\u011fur Yasin ASAL<\/p>\n<\/td>\n<td valign=\"bottom\" nowrap=\"nowrap\" width=\"138\">\n<p class=\"x_MsoNormal\">B\u00f6l\u00fcm Ba\u015fkan\u0131<\/p>\n<\/td>\n<\/tr>\n<tr>\n<td valign=\"bottom\" nowrap=\"nowrap\" width=\"466\">\n<p class=\"x_MsoNormal\">Dr. \u00d6\u011fr. \u00dcyesi Kamala VAL\u0130YEVA<\/p>\n<\/td>\n<td valign=\"bottom\" nowrap=\"nowrap\" width=\"138\">\n<p class=\"x_MsoNormal\">Se\u00e7ilmi\u015f \u00dcye<\/p>\n<\/td>\n<\/tr>\n<tr>\n<td valign=\"bottom\" nowrap=\"nowrap\" width=\"466\">\n<p class=\"x_MsoNormal\">Dr. \u00d6\u011fr. \u00dcyesi Ba\u015fak \u00d6zoral<\/p>\n<\/td>\n<td valign=\"bottom\" nowrap=\"nowrap\" width=\"138\">\n<p class=\"x_MsoNormal\">Kalite El\u00e7isi<\/p>\n<\/td>\n<\/tr>\n<tr>\n<td valign=\"bottom\" nowrap=\"nowrap\" width=\"466\">\n<p class=\"x_MsoNormal\">Asl\u0131 UZUN<\/p>\n<\/td>\n<td valign=\"bottom\" nowrap=\"nowrap\" width=\"138\">\n<p class=\"x_MsoNormal\">\u00d6\u011frenci Temsilcisi<\/p>\n<\/td>\n<\/tr>\n<\/tbody>\n<\/table>\n","protected":false},"excerpt":{"rendered":"<p>SOSYOLOJ\u0130 B\u00d6L\u00dcM\u00dc KAL\u0130TE KOM\u0130SYONU \u00a0 Prof. Dr. Necmettin DO\u011eAN B\u00f6l\u00fcm Ba\u015fkan\u0131 Ar\u015f. G\u00f6r. Merve \u015eAH\u0130N Kalite El\u00e7isi B\u00fc\u015fra SANCAK \u00d6\u011frenci Temsilcisi PS\u0130KOLOJ\u0130 B\u00d6L\u00dcM\u00dc KAL\u0130TE KOM\u0130SYONU \u00a0 Dr. \u00d6\u011fr. \u00dcyesi Yasemin KU\u015e B\u00f6l\u00fcm Ba\u015fkan\u0131 Do\u00e7. Dr. Derya DEN\u0130Z Se\u00e7ilmi\u015f \u00dcye Ar\u015f. G\u00f6r. Senanur D\u0130LEK Kalite El\u00e7isi Afra Nur KARAK\u00d6SE \u00d6\u011frenci Temsilcisi \u0130STAT\u0130ST\u0130K B\u00d6L\u00dcM\u00dc KAL\u0130TE KOM\u0130SYONU \u00a0 [&hellip;]<\/p>\n","protected":false},"author":187,"featured_media":0,"parent":0,"menu_order":0,"comment_status":"closed","ping_status":"closed","template":"genel_sayfa.php","meta":{"footnotes":""},"yoast_head":"<!-- This site is optimized with the Yoast SEO Premium plugin v22.1 (Yoast SEO v22.1) - https:\/\/yoast.com\/wordpress\/plugins\/seo\/ -->\n<title>Birim Kalite Komisyonu - \u0130nsan ve Toplum Bilimleri Fak\u00fcltesi<\/title>\n<meta name=\"robots\" content=\"index, follow, max-snippet:-1, max-image-preview:large, max-video-preview:-1\" \/>\n<link rel=\"canonical\" href=\"https:\/\/ticaret.edu.tr\/insan-ve-toplum-bilimleri-fakultesi\/birim-kalite-komisyonu\/\" \/>\n<meta property=\"og:locale\" content=\"tr_TR\" \/>\n<meta property=\"og:type\" content=\"article\" \/>\n<meta property=\"og:title\" content=\"Birim Kalite Komisyonu\" \/>\n<meta property=\"og:description\" content=\"SOSYOLOJ\u0130 B\u00d6L\u00dcM\u00dc KAL\u0130TE KOM\u0130SYONU \u00a0 Prof. Dr. Necmettin DO\u011eAN B\u00f6l\u00fcm Ba\u015fkan\u0131 Ar\u015f. G\u00f6r. Merve \u015eAH\u0130N Kalite El\u00e7isi B\u00fc\u015fra SANCAK \u00d6\u011frenci Temsilcisi PS\u0130KOLOJ\u0130 B\u00d6L\u00dcM\u00dc KAL\u0130TE KOM\u0130SYONU \u00a0 Dr. \u00d6\u011fr. \u00dcyesi Yasemin KU\u015e B\u00f6l\u00fcm Ba\u015fkan\u0131 Do\u00e7. Dr. Derya DEN\u0130Z Se\u00e7ilmi\u015f \u00dcye Ar\u015f. G\u00f6r. Senanur D\u0130LEK Kalite El\u00e7isi Afra Nur KARAK\u00d6SE \u00d6\u011frenci Temsilcisi \u0130STAT\u0130ST\u0130K B\u00d6L\u00dcM\u00dc KAL\u0130TE KOM\u0130SYONU \u00a0 [&hellip;]\" \/>\n<meta property=\"og:url\" content=\"https:\/\/ticaret.edu.tr\/insan-ve-toplum-bilimleri-fakultesi\/birim-kalite-komisyonu\/\" \/>\n<meta property=\"og:site_name\" content=\"\u0130nsan ve Toplum Bilimleri Fak\u00fcltesi\" \/>\n<meta property=\"article:publisher\" content=\"https:\/\/www.facebook.com\/ticaretedutr\" \/>\n<meta property=\"article:modified_time\" content=\"2026-02-03T13:09:44+00:00\" \/>\n<meta property=\"og:image\" content=\"http:\/\/ticaret.edu.tr\/insan-ve-toplum-bilimleri-fakultesi\/wp-content\/uploads\/sites\/3\/2021\/11\/web_logo-01.jpg\" \/>\n\t<meta property=\"og:image:width\" content=\"1250\" \/>\n\t<meta property=\"og:image:height\" content=\"833\" \/>\n\t<meta property=\"og:image:type\" content=\"image\/jpeg\" \/>\n<meta name=\"twitter:card\" content=\"summary_large_image\" \/>\n<meta name=\"twitter:site\" content=\"@ticaretedutr\" \/>\n<meta name=\"twitter:label1\" content=\"Tahmini okuma s\u00fcresi\" \/>\n\t<meta name=\"twitter:data1\" content=\"2 dakika\" \/>\n<script type=\"application\/ld+json\" class=\"yoast-schema-graph\">{\"@context\":\"https:\/\/schema.org\",\"@graph\":[{\"@type\":\"WebPage\",\"@id\":\"https:\/\/ticaret.edu.tr\/insan-ve-toplum-bilimleri-fakultesi\/birim-kalite-komisyonu\/\",\"url\":\"https:\/\/ticaret.edu.tr\/insan-ve-toplum-bilimleri-fakultesi\/birim-kalite-komisyonu\/\",\"name\":\"Birim Kalite Komisyonu - \u0130nsan ve Toplum Bilimleri Fak\u00fcltesi\",\"isPartOf\":{\"@id\":\"http:\/\/ticaret.edu.tr\/insan-ve-toplum-bilimleri-fakultesi\/#website\"},\"datePublished\":\"2024-05-29T09:04:02+00:00\",\"dateModified\":\"2026-02-03T13:09:44+00:00\",\"breadcrumb\":{\"@id\":\"https:\/\/ticaret.edu.tr\/insan-ve-toplum-bilimleri-fakultesi\/birim-kalite-komisyonu\/#breadcrumb\"},\"inLanguage\":\"tr\",\"potentialAction\":[{\"@type\":\"ReadAction\",\"target\":[\"https:\/\/ticaret.edu.tr\/insan-ve-toplum-bilimleri-fakultesi\/birim-kalite-komisyonu\/\"]}]},{\"@type\":\"BreadcrumbList\",\"@id\":\"https:\/\/ticaret.edu.tr\/insan-ve-toplum-bilimleri-fakultesi\/birim-kalite-komisyonu\/#breadcrumb\",\"itemListElement\":[{\"@type\":\"ListItem\",\"position\":1,\"name\":\"Ana sayfa\",\"item\":\"http:\/\/ticaret.edu.tr\/insan-ve-toplum-bilimleri-fakultesi\/\"},{\"@type\":\"ListItem\",\"position\":2,\"name\":\"Birim Kalite Komisyonu\"}]},{\"@type\":\"WebSite\",\"@id\":\"http:\/\/ticaret.edu.tr\/insan-ve-toplum-bilimleri-fakultesi\/#website\",\"url\":\"http:\/\/ticaret.edu.tr\/insan-ve-toplum-bilimleri-fakultesi\/\",\"name\":\"\u0130nsan ve Toplum Bilimleri Fak\u00fcltesi\",\"description\":\"\",\"potentialAction\":[{\"@type\":\"SearchAction\",\"target\":{\"@type\":\"EntryPoint\",\"urlTemplate\":\"http:\/\/ticaret.edu.tr\/insan-ve-toplum-bilimleri-fakultesi\/?s={search_term_string}\"},\"query-input\":\"required name=search_term_string\"}],\"inLanguage\":\"tr\"}]}<\/script>\n<!-- \/ Yoast SEO Premium plugin. -->","yoast_head_json":{"title":"Birim Kalite Komisyonu - \u0130nsan ve Toplum Bilimleri Fak\u00fcltesi","robots":{"index":"index","follow":"follow","max-snippet":"max-snippet:-1","max-image-preview":"max-image-preview:large","max-video-preview":"max-video-preview:-1"},"canonical":"https:\/\/ticaret.edu.tr\/insan-ve-toplum-bilimleri-fakultesi\/birim-kalite-komisyonu\/","og_locale":"tr_TR","og_type":"article","og_title":"Birim Kalite Komisyonu","og_description":"SOSYOLOJ\u0130 B\u00d6L\u00dcM\u00dc KAL\u0130TE KOM\u0130SYONU \u00a0 Prof. Dr. Necmettin DO\u011eAN B\u00f6l\u00fcm Ba\u015fkan\u0131 Ar\u015f. G\u00f6r. Merve \u015eAH\u0130N Kalite El\u00e7isi B\u00fc\u015fra SANCAK \u00d6\u011frenci Temsilcisi PS\u0130KOLOJ\u0130 B\u00d6L\u00dcM\u00dc KAL\u0130TE KOM\u0130SYONU \u00a0 Dr. \u00d6\u011fr. \u00dcyesi Yasemin KU\u015e B\u00f6l\u00fcm Ba\u015fkan\u0131 Do\u00e7. Dr. Derya DEN\u0130Z Se\u00e7ilmi\u015f \u00dcye Ar\u015f. G\u00f6r. Senanur D\u0130LEK Kalite El\u00e7isi Afra Nur KARAK\u00d6SE \u00d6\u011frenci Temsilcisi \u0130STAT\u0130ST\u0130K B\u00d6L\u00dcM\u00dc KAL\u0130TE KOM\u0130SYONU \u00a0 [&hellip;]","og_url":"https:\/\/ticaret.edu.tr\/insan-ve-toplum-bilimleri-fakultesi\/birim-kalite-komisyonu\/","og_site_name":"\u0130nsan ve Toplum Bilimleri Fak\u00fcltesi","article_publisher":"https:\/\/www.facebook.com\/ticaretedutr","article_modified_time":"2026-02-03T13:09:44+00:00","og_image":[{"width":1250,"height":833,"url":"http:\/\/ticaret.edu.tr\/insan-ve-toplum-bilimleri-fakultesi\/wp-content\/uploads\/sites\/3\/2021\/11\/web_logo-01.jpg","type":"image\/jpeg"}],"twitter_card":"summary_large_image","twitter_site":"@ticaretedutr","twitter_misc":{"Tahmini okuma s\u00fcresi":"2 dakika"},"schema":{"@context":"https:\/\/schema.org","@graph":[{"@type":"WebPage","@id":"https:\/\/ticaret.edu.tr\/insan-ve-toplum-bilimleri-fakultesi\/birim-kalite-komisyonu\/","url":"https:\/\/ticaret.edu.tr\/insan-ve-toplum-bilimleri-fakultesi\/birim-kalite-komisyonu\/","name":"Birim Kalite Komisyonu - \u0130nsan ve Toplum Bilimleri Fak\u00fcltesi","isPartOf":{"@id":"http:\/\/ticaret.edu.tr\/insan-ve-toplum-bilimleri-fakultesi\/#website"},"datePublished":"2024-05-29T09:04:02+00:00","dateModified":"2026-02-03T13:09:44+00:00","breadcrumb":{"@id":"https:\/\/ticaret.edu.tr\/insan-ve-toplum-bilimleri-fakultesi\/birim-kalite-komisyonu\/#breadcrumb"},"inLanguage":"tr","potentialAction":[{"@type":"ReadAction","target":["https:\/\/ticaret.edu.tr\/insan-ve-toplum-bilimleri-fakultesi\/birim-kalite-komisyonu\/"]}]},{"@type":"BreadcrumbList","@id":"https:\/\/ticaret.edu.tr\/insan-ve-toplum-bilimleri-fakultesi\/birim-kalite-komisyonu\/#breadcrumb","itemListElement":[{"@type":"ListItem","position":1,"name":"Ana sayfa","item":"http:\/\/ticaret.edu.tr\/insan-ve-toplum-bilimleri-fakultesi\/"},{"@type":"ListItem","position":2,"name":"Birim Kalite Komisyonu"}]},{"@type":"WebSite","@id":"http:\/\/ticaret.edu.tr\/insan-ve-toplum-bilimleri-fakultesi\/#website","url":"http:\/\/ticaret.edu.tr\/insan-ve-toplum-bilimleri-fakultesi\/","name":"\u0130nsan ve Toplum Bilimleri Fak\u00fcltesi","description":"","potentialAction":[{"@type":"SearchAction","target":{"@type":"EntryPoint","urlTemplate":"http:\/\/ticaret.edu.tr\/insan-ve-toplum-bilimleri-fakultesi\/?s={search_term_string}"},"query-input":"required name=search_term_string"}],"inLanguage":"tr"}]}},"lang":"tr","translations":{"en":1022,"tr":1017},"pll_sync_post":[],"_links":{"self":[{"href":"http:\/\/ticaret.edu.tr\/insan-ve-toplum-bilimleri-fakultesi\/wp-json\/wp\/v2\/pages\/1017"}],"collection":[{"href":"http:\/\/ticaret.edu.tr\/insan-ve-toplum-bilimleri-fakultesi\/wp-json\/wp\/v2\/pages"}],"about":[{"href":"http:\/\/ticaret.edu.tr\/insan-ve-toplum-bilimleri-fakultesi\/wp-json\/wp\/v2\/types\/page"}],"author":[{"embeddable":true,"href":"http:\/\/ticaret.edu.tr\/insan-ve-toplum-bilimleri-fakultesi\/wp-json\/wp\/v2\/users\/187"}],"replies":[{"embeddable":true,"href":"http:\/\/ticaret.edu.tr\/insan-ve-toplum-bilimleri-fakultesi\/wp-json\/wp\/v2\/comments?post=1017"}],"version-history":[{"count":7,"href":"http:\/\/ticaret.edu.tr\/insan-ve-toplum-bilimleri-fakultesi\/wp-json\/wp\/v2\/pages\/1017\/revisions"}],"predecessor-version":[{"id":1843,"href":"http:\/\/ticaret.edu.tr\/insan-ve-toplum-bilimleri-fakultesi\/wp-json\/wp\/v2\/pages\/1017\/revisions\/1843"}],"wp:attachment":[{"href":"http:\/\/ticaret.edu.tr\/insan-ve-toplum-bilimleri-fakultesi\/wp-json\/wp\/v2\/media?parent=1017"}],"curies":[{"name":"wp","href":"https:\/\/api.w.org\/{rel}","templated":true}]}}