{"id":1032,"date":"2024-05-29T12:03:43","date_gmt":"2024-05-29T09:03:43","guid":{"rendered":"https:\/\/ticaret.edu.tr\/insan-ve-toplum-bilimleri-fakultesi\/?page_id=1032"},"modified":"2025-12-19T10:06:14","modified_gmt":"2025-12-19T07:06:14","slug":"vizyon-misyon","status":"publish","type":"page","link":"http:\/\/ticaret.edu.tr\/insan-ve-toplum-bilimleri-fakultesi\/vizyon-misyon\/","title":{"rendered":"Vizyon &#8211; Misyon"},"content":{"rendered":"<table style=\"height: 141px\" border=\"1\" width=\"800\" cellspacing=\"3\" cellpadding=\"2\">\n<tbody>\n<tr bgcolor=\"#f2f2f2\">\n<td width=\"100\"><\/td>\n<td align=\"center\" width=\"350\"><strong>\u00dcN\u0130VERS\u0130TE<\/strong><\/td>\n<td align=\"center\" width=\"350\"><strong>\u0130NSAN VE TOPLUM B\u0130L\u0130MLER\u0130 FAK\u00dcLTES\u0130<\/strong><\/td>\n<\/tr>\n<tr>\n<td><strong>V\u0130ZYON<\/strong><\/td>\n<td>E\u011fitimde ve ara\u015ft\u0131rmada \u00f6nc\u00fcl\u00fc\u011f\u00fcyle i\u015f d\u00fcnyas\u0131n\u0131 ve toplumu y\u00f6nlendiren, \u00fclkemizin ve d\u00fcnyan\u0131n d\u00f6n\u00fc\u015f\u00fcm\u00fcne katk\u0131da bulunan bir \u00fcniversite olmakt\u0131r.<\/td>\n<td>\u0130nsan ve Toplum Bilimleri Fak\u00fcltesinin vizyonu, evrensel standartlarda akademik ara\u015ft\u0131rma ve uygulamalarla, Y\u00fcksek\u00f6\u011fretim Kurulunca tan\u0131ml\u0131 kalite ve akreditasyon \u00f6l\u00e7\u00fctlerini rehber edinerek ulusal ve uluslararas\u0131 d\u00fczeyde tan\u0131nan sayg\u0131n bir fak\u00fclte olmakt\u0131r. Fak\u00fcltemiz, \u00f6\u011fretim \u00fcyeleri, \u00f6\u011frencileri, i\u00e7 ve d\u0131\u015f payda\u015flar\u0131 ile i\u015f d\u00fcnyas\u0131n\u0131n ve toplumun ihtiya\u00e7lar\u0131na nitelikli katk\u0131lar sunan \u00f6rnek bir yap\u0131 olmay\u0131 hedeflemektedir.<\/td>\n<\/tr>\n<tr>\n<td><strong>M\u0130SYON<\/strong><\/td>\n<td>De\u011fi\u015fen d\u00fcnyam\u0131z\u0131n ve \u00fclkemizin ihtiya\u00e7lar\u0131na cevap veren, \u00f6nc\u00fc akademik ara\u015ft\u0131rmalar, uygulamalar ve bilgi \u00fcreten, payda\u015flar\u0131na ve topluma katk\u0131 sunan bir \u00fcniversite olarak; giri\u015fimci, lider, yetkin, \u00f6zg\u00fcr d\u00fc\u015f\u00fcnen, adil davranan, sorumluluk \u00fcstlenen, ahlaki de\u011ferleri benimsemi\u015f, \u00e7a\u011fda\u015f bilgi ve beceri ile donanm\u0131\u015f bireyler yeti\u015ftirmektir.<\/td>\n<td>\u0130nsan ve Toplum Bilimleri Fak\u00fcltesi, \u00dcniversite stratejik plan\u0131nda tan\u0131ml\u0131 misyonla uyumlu \u015fekilde giri\u015fimci, lider, adil ve sosyal sorumluluk sahibi \u00f6\u011frenciler yeti\u015ftirmeyi ama\u00e7lamaktad\u0131r. Fak\u00fcltemiz, \u00f6\u011frencilerimizin etik de\u011ferlere ba\u011fl\u0131, toplumsal bilinci y\u00fcksek, \u00e7a\u011fda\u015f bilgi ve becerilerle donanm\u0131\u015f bireyler olmas\u0131n\u0131 sa\u011flayarak \u00dcniversitemiz ve \u00fclkemizin nitelikli insan kayna\u011f\u0131 \u00fcretimine katk\u0131 sunmay\u0131 ama\u00e7lamaktad\u0131r.<\/td>\n<\/tr>\n<\/tbody>\n<\/table>\n","protected":false},"excerpt":{"rendered":"<p>\u00dcN\u0130VERS\u0130TE \u0130NSAN VE TOPLUM B\u0130L\u0130MLER\u0130 FAK\u00dcLTES\u0130 V\u0130ZYON E\u011fitimde ve ara\u015ft\u0131rmada \u00f6nc\u00fcl\u00fc\u011f\u00fcyle i\u015f d\u00fcnyas\u0131n\u0131 ve toplumu y\u00f6nlendiren, \u00fclkemizin ve d\u00fcnyan\u0131n d\u00f6n\u00fc\u015f\u00fcm\u00fcne katk\u0131da bulunan bir \u00fcniversite olmakt\u0131r. \u0130nsan ve Toplum Bilimleri Fak\u00fcltesinin vizyonu, evrensel standartlarda akademik ara\u015ft\u0131rma ve uygulamalarla, Y\u00fcksek\u00f6\u011fretim Kurulunca tan\u0131ml\u0131 kalite ve akreditasyon \u00f6l\u00e7\u00fctlerini rehber edinerek ulusal ve uluslararas\u0131 d\u00fczeyde tan\u0131nan sayg\u0131n bir fak\u00fclte olmakt\u0131r. [&hellip;]<\/p>\n","protected":false},"author":187,"featured_media":0,"parent":0,"menu_order":0,"comment_status":"closed","ping_status":"closed","template":"genel_sayfa.php","meta":{"footnotes":""},"yoast_head":"<!-- This site is optimized with the Yoast SEO Premium plugin v22.1 (Yoast SEO v22.1) - https:\/\/yoast.com\/wordpress\/plugins\/seo\/ -->\n<title>Vizyon - Misyon - \u0130nsan ve Toplum Bilimleri Fak\u00fcltesi<\/title>\n<meta name=\"robots\" content=\"index, follow, max-snippet:-1, max-image-preview:large, max-video-preview:-1\" \/>\n<link rel=\"canonical\" href=\"https:\/\/ticaret.edu.tr\/insan-ve-toplum-bilimleri-fakultesi\/vizyon-misyon\/\" \/>\n<meta property=\"og:locale\" content=\"tr_TR\" \/>\n<meta property=\"og:type\" content=\"article\" \/>\n<meta property=\"og:title\" content=\"Vizyon - Misyon\" \/>\n<meta property=\"og:description\" content=\"\u00dcN\u0130VERS\u0130TE \u0130NSAN VE TOPLUM B\u0130L\u0130MLER\u0130 FAK\u00dcLTES\u0130 V\u0130ZYON E\u011fitimde ve ara\u015ft\u0131rmada \u00f6nc\u00fcl\u00fc\u011f\u00fcyle i\u015f d\u00fcnyas\u0131n\u0131 ve toplumu y\u00f6nlendiren, \u00fclkemizin ve d\u00fcnyan\u0131n d\u00f6n\u00fc\u015f\u00fcm\u00fcne katk\u0131da bulunan bir \u00fcniversite olmakt\u0131r. \u0130nsan ve Toplum Bilimleri Fak\u00fcltesinin vizyonu, evrensel standartlarda akademik ara\u015ft\u0131rma ve uygulamalarla, Y\u00fcksek\u00f6\u011fretim Kurulunca tan\u0131ml\u0131 kalite ve akreditasyon \u00f6l\u00e7\u00fctlerini rehber edinerek ulusal ve uluslararas\u0131 d\u00fczeyde tan\u0131nan sayg\u0131n bir fak\u00fclte olmakt\u0131r. [&hellip;]\" \/>\n<meta property=\"og:url\" content=\"https:\/\/ticaret.edu.tr\/insan-ve-toplum-bilimleri-fakultesi\/vizyon-misyon\/\" \/>\n<meta property=\"og:site_name\" content=\"\u0130nsan ve Toplum Bilimleri Fak\u00fcltesi\" \/>\n<meta property=\"article:publisher\" content=\"https:\/\/www.facebook.com\/ticaretedutr\" \/>\n<meta property=\"article:modified_time\" content=\"2025-12-19T07:06:14+00:00\" \/>\n<meta property=\"og:image\" content=\"http:\/\/ticaret.edu.tr\/insan-ve-toplum-bilimleri-fakultesi\/wp-content\/uploads\/sites\/3\/2021\/11\/web_logo-01.jpg\" \/>\n\t<meta property=\"og:image:width\" content=\"1250\" \/>\n\t<meta property=\"og:image:height\" content=\"833\" \/>\n\t<meta property=\"og:image:type\" content=\"image\/jpeg\" \/>\n<meta name=\"twitter:card\" content=\"summary_large_image\" \/>\n<meta name=\"twitter:site\" content=\"@ticaretedutr\" \/>\n<meta name=\"twitter:label1\" content=\"Tahmini okuma s\u00fcresi\" \/>\n\t<meta name=\"twitter:data1\" content=\"2 dakika\" \/>\n<script type=\"application\/ld+json\" class=\"yoast-schema-graph\">{\"@context\":\"https:\/\/schema.org\",\"@graph\":[{\"@type\":\"WebPage\",\"@id\":\"https:\/\/ticaret.edu.tr\/insan-ve-toplum-bilimleri-fakultesi\/vizyon-misyon\/\",\"url\":\"https:\/\/ticaret.edu.tr\/insan-ve-toplum-bilimleri-fakultesi\/vizyon-misyon\/\",\"name\":\"Vizyon - Misyon - \u0130nsan ve Toplum Bilimleri Fak\u00fcltesi\",\"isPartOf\":{\"@id\":\"http:\/\/ticaret.edu.tr\/insan-ve-toplum-bilimleri-fakultesi\/en\/#website\"},\"datePublished\":\"2024-05-29T09:03:43+00:00\",\"dateModified\":\"2025-12-19T07:06:14+00:00\",\"breadcrumb\":{\"@id\":\"https:\/\/ticaret.edu.tr\/insan-ve-toplum-bilimleri-fakultesi\/vizyon-misyon\/#breadcrumb\"},\"inLanguage\":\"tr\",\"potentialAction\":[{\"@type\":\"ReadAction\",\"target\":[\"https:\/\/ticaret.edu.tr\/insan-ve-toplum-bilimleri-fakultesi\/vizyon-misyon\/\"]}]},{\"@type\":\"BreadcrumbList\",\"@id\":\"https:\/\/ticaret.edu.tr\/insan-ve-toplum-bilimleri-fakultesi\/vizyon-misyon\/#breadcrumb\",\"itemListElement\":[{\"@type\":\"ListItem\",\"position\":1,\"name\":\"Ana sayfa\",\"item\":\"https:\/\/ticaret.edu.tr\/insan-ve-toplum-bilimleri-fakultesi\/\"},{\"@type\":\"ListItem\",\"position\":2,\"name\":\"Vizyon &#8211; Misyon\"}]},{\"@type\":\"WebSite\",\"@id\":\"http:\/\/ticaret.edu.tr\/insan-ve-toplum-bilimleri-fakultesi\/en\/#website\",\"url\":\"http:\/\/ticaret.edu.tr\/insan-ve-toplum-bilimleri-fakultesi\/en\/\",\"name\":\"\u0130nsan ve Toplum Bilimleri Fak\u00fcltesi\",\"description\":\"\",\"potentialAction\":[{\"@type\":\"SearchAction\",\"target\":{\"@type\":\"EntryPoint\",\"urlTemplate\":\"http:\/\/ticaret.edu.tr\/insan-ve-toplum-bilimleri-fakultesi\/en\/?s={search_term_string}\"},\"query-input\":\"required name=search_term_string\"}],\"inLanguage\":\"tr\"}]}<\/script>\n<!-- \/ Yoast SEO Premium plugin. -->","yoast_head_json":{"title":"Vizyon - Misyon - \u0130nsan ve Toplum Bilimleri Fak\u00fcltesi","robots":{"index":"index","follow":"follow","max-snippet":"max-snippet:-1","max-image-preview":"max-image-preview:large","max-video-preview":"max-video-preview:-1"},"canonical":"https:\/\/ticaret.edu.tr\/insan-ve-toplum-bilimleri-fakultesi\/vizyon-misyon\/","og_locale":"tr_TR","og_type":"article","og_title":"Vizyon - Misyon","og_description":"\u00dcN\u0130VERS\u0130TE \u0130NSAN VE TOPLUM B\u0130L\u0130MLER\u0130 FAK\u00dcLTES\u0130 V\u0130ZYON E\u011fitimde ve ara\u015ft\u0131rmada \u00f6nc\u00fcl\u00fc\u011f\u00fcyle i\u015f d\u00fcnyas\u0131n\u0131 ve toplumu y\u00f6nlendiren, \u00fclkemizin ve d\u00fcnyan\u0131n d\u00f6n\u00fc\u015f\u00fcm\u00fcne katk\u0131da bulunan bir \u00fcniversite olmakt\u0131r. \u0130nsan ve Toplum Bilimleri Fak\u00fcltesinin vizyonu, evrensel standartlarda akademik ara\u015ft\u0131rma ve uygulamalarla, Y\u00fcksek\u00f6\u011fretim Kurulunca tan\u0131ml\u0131 kalite ve akreditasyon \u00f6l\u00e7\u00fctlerini rehber edinerek ulusal ve uluslararas\u0131 d\u00fczeyde tan\u0131nan sayg\u0131n bir fak\u00fclte olmakt\u0131r. [&hellip;]","og_url":"https:\/\/ticaret.edu.tr\/insan-ve-toplum-bilimleri-fakultesi\/vizyon-misyon\/","og_site_name":"\u0130nsan ve Toplum Bilimleri Fak\u00fcltesi","article_publisher":"https:\/\/www.facebook.com\/ticaretedutr","article_modified_time":"2025-12-19T07:06:14+00:00","og_image":[{"width":1250,"height":833,"url":"http:\/\/ticaret.edu.tr\/insan-ve-toplum-bilimleri-fakultesi\/wp-content\/uploads\/sites\/3\/2021\/11\/web_logo-01.jpg","type":"image\/jpeg"}],"twitter_card":"summary_large_image","twitter_site":"@ticaretedutr","twitter_misc":{"Tahmini okuma s\u00fcresi":"2 dakika"},"schema":{"@context":"https:\/\/schema.org","@graph":[{"@type":"WebPage","@id":"https:\/\/ticaret.edu.tr\/insan-ve-toplum-bilimleri-fakultesi\/vizyon-misyon\/","url":"https:\/\/ticaret.edu.tr\/insan-ve-toplum-bilimleri-fakultesi\/vizyon-misyon\/","name":"Vizyon - Misyon - \u0130nsan ve Toplum Bilimleri Fak\u00fcltesi","isPartOf":{"@id":"http:\/\/ticaret.edu.tr\/insan-ve-toplum-bilimleri-fakultesi\/en\/#website"},"datePublished":"2024-05-29T09:03:43+00:00","dateModified":"2025-12-19T07:06:14+00:00","breadcrumb":{"@id":"https:\/\/ticaret.edu.tr\/insan-ve-toplum-bilimleri-fakultesi\/vizyon-misyon\/#breadcrumb"},"inLanguage":"tr","potentialAction":[{"@type":"ReadAction","target":["https:\/\/ticaret.edu.tr\/insan-ve-toplum-bilimleri-fakultesi\/vizyon-misyon\/"]}]},{"@type":"BreadcrumbList","@id":"https:\/\/ticaret.edu.tr\/insan-ve-toplum-bilimleri-fakultesi\/vizyon-misyon\/#breadcrumb","itemListElement":[{"@type":"ListItem","position":1,"name":"Ana sayfa","item":"https:\/\/ticaret.edu.tr\/insan-ve-toplum-bilimleri-fakultesi\/"},{"@type":"ListItem","position":2,"name":"Vizyon &#8211; Misyon"}]},{"@type":"WebSite","@id":"http:\/\/ticaret.edu.tr\/insan-ve-toplum-bilimleri-fakultesi\/en\/#website","url":"http:\/\/ticaret.edu.tr\/insan-ve-toplum-bilimleri-fakultesi\/en\/","name":"\u0130nsan ve Toplum Bilimleri Fak\u00fcltesi","description":"","potentialAction":[{"@type":"SearchAction","target":{"@type":"EntryPoint","urlTemplate":"http:\/\/ticaret.edu.tr\/insan-ve-toplum-bilimleri-fakultesi\/en\/?s={search_term_string}"},"query-input":"required name=search_term_string"}],"inLanguage":"tr"}]}},"lang":"tr","translations":{"en":1034,"tr":1032},"pll_sync_post":[],"_links":{"self":[{"href":"http:\/\/ticaret.edu.tr\/insan-ve-toplum-bilimleri-fakultesi\/wp-json\/wp\/v2\/pages\/1032"}],"collection":[{"href":"http:\/\/ticaret.edu.tr\/insan-ve-toplum-bilimleri-fakultesi\/wp-json\/wp\/v2\/pages"}],"about":[{"href":"http:\/\/ticaret.edu.tr\/insan-ve-toplum-bilimleri-fakultesi\/wp-json\/wp\/v2\/types\/page"}],"author":[{"embeddable":true,"href":"http:\/\/ticaret.edu.tr\/insan-ve-toplum-bilimleri-fakultesi\/wp-json\/wp\/v2\/users\/187"}],"replies":[{"embeddable":true,"href":"http:\/\/ticaret.edu.tr\/insan-ve-toplum-bilimleri-fakultesi\/wp-json\/wp\/v2\/comments?post=1032"}],"version-history":[{"count":3,"href":"http:\/\/ticaret.edu.tr\/insan-ve-toplum-bilimleri-fakultesi\/wp-json\/wp\/v2\/pages\/1032\/revisions"}],"predecessor-version":[{"id":1717,"href":"http:\/\/ticaret.edu.tr\/insan-ve-toplum-bilimleri-fakultesi\/wp-json\/wp\/v2\/pages\/1032\/revisions\/1717"}],"wp:attachment":[{"href":"http:\/\/ticaret.edu.tr\/insan-ve-toplum-bilimleri-fakultesi\/wp-json\/wp\/v2\/media?parent=1032"}],"curies":[{"name":"wp","href":"https:\/\/api.w.org\/{rel}","templated":true}]}}