{"id":1211,"date":"2025-01-20T09:30:06","date_gmt":"2025-01-20T06:30:06","guid":{"rendered":"https:\/\/ticaret.edu.tr\/insan-ve-toplum-bilimleri-fakultesi\/?page_id=1211"},"modified":"2025-12-22T10:26:43","modified_gmt":"2025-12-22T07:26:43","slug":"danisma-kurulu","status":"publish","type":"page","link":"http:\/\/ticaret.edu.tr\/insan-ve-toplum-bilimleri-fakultesi\/danisma-kurulu\/","title":{"rendered":"Dan\u0131\u015fma Kurulu"},"content":{"rendered":"<table style=\"height: 482px\" border=\"1\" width=\"997\" cellspacing=\"3\" cellpadding=\"2\">\n<tbody>\n<tr>\n<td style=\"text-align: center\" colspan=\"3\"><strong>\u0130NSAN VE TOPLUM B\u0130L\u0130MLER\u0130 FAK\u00dcLTES\u0130 FAK\u00dcLTE DANI\u015eMA KURULU \u00dcYELER\u0130<\/strong><\/td>\n<\/tr>\n<tr>\n<td><strong>ADI VE SOYADI<\/strong><\/td>\n<td><strong>KURUMU<\/strong><\/td>\n<td><strong>G\u00d6REV\u0130<\/strong><\/td>\n<\/tr>\n<tr>\n<td>Prof. Dr. Ahmet KAVAS<\/td>\n<td>\u0130stanbul Ticaret \u00dcniversitesi<\/td>\n<td>Dekan<\/td>\n<\/tr>\n<tr>\n<td>Dr. \u00d6\u011fr. \u00dcyesi L\u00fctf\u00fc \u00c7AKIR<\/td>\n<td>\u0130stanbul Ticaret \u00dcniversitesi<\/td>\n<td>Dekan Yard\u0131mc\u0131s\u0131<\/td>\n<\/tr>\n<tr>\n<td>Prof. Dr. Ahmet Emre B\u0130LG\u0130L\u0130<\/td>\n<td>T\u00fcrkiye Maarif Vakf\u0131<\/td>\n<td>Ba\u015fkan Vekili<\/td>\n<\/tr>\n<tr>\n<td>Prof. Dr. Enes KABAK\u00c7I<\/td>\n<td>\u0130stanbul \u00dcniversitesi<\/td>\n<td>Edebiyat Fak\u00fcltesi Sosyoloji B\u00f6l\u00fcm\u00fc \u00d6\u011fretim \u00dcyesi<\/td>\n<\/tr>\n<tr>\n<td>Prof. Dr. Sad\u0131k \u00dcNAY<\/td>\n<td>\u0130stanbul \u00dcniversitesi<\/td>\n<td>\u0130ktisat Fak\u00fcltesi, Siyaset Bilimi ve Uluslararas\u0131 \u0130li\u015fkiler B\u00f6l\u00fcm\u00fc \u00d6\u011fretim \u00dcyesi<\/td>\n<\/tr>\n<tr>\n<td>Cevat DERV\u0130\u015eO\u011eLU<\/td>\n<td>Beyo\u011flu \u0130l\u00e7e Milli E\u011fitim M\u00fcd\u00fcrl\u00fc\u011f\u00fc<\/td>\n<td>M\u00fcd\u00fcr<\/td>\n<\/tr>\n<tr>\n<td>Semih FERMANLI<\/td>\n<td>ASFER YAPI Restorasyon Sanayi ve Ticaret A.\u015e.<\/td>\n<td>Ba\u015fkan<\/td>\n<\/tr>\n<tr>\n<td>Afranur Melek KARAK\u00d6SE<\/td>\n<td>\u0130stanbul Ticaret \u00dcniversitesi<\/td>\n<td>\u00d6\u011frenci<\/td>\n<\/tr>\n<\/tbody>\n<\/table>\n","protected":false},"excerpt":{"rendered":"<p>\u0130NSAN VE TOPLUM B\u0130L\u0130MLER\u0130 FAK\u00dcLTES\u0130 FAK\u00dcLTE DANI\u015eMA KURULU \u00dcYELER\u0130 ADI VE SOYADI KURUMU G\u00d6REV\u0130 Prof. Dr. Ahmet KAVAS \u0130stanbul Ticaret \u00dcniversitesi Dekan Dr. \u00d6\u011fr. \u00dcyesi L\u00fctf\u00fc \u00c7AKIR \u0130stanbul Ticaret \u00dcniversitesi Dekan Yard\u0131mc\u0131s\u0131 Prof. Dr. Ahmet Emre B\u0130LG\u0130L\u0130 T\u00fcrkiye Maarif Vakf\u0131 Ba\u015fkan Vekili Prof. Dr. Enes KABAK\u00c7I \u0130stanbul \u00dcniversitesi Edebiyat Fak\u00fcltesi Sosyoloji B\u00f6l\u00fcm\u00fc \u00d6\u011fretim \u00dcyesi Prof. [&hellip;]<\/p>\n","protected":false},"author":187,"featured_media":0,"parent":0,"menu_order":0,"comment_status":"closed","ping_status":"closed","template":"genel_sayfa.php","meta":{"footnotes":""},"yoast_head":"<!-- This site is optimized with the Yoast SEO Premium plugin v22.1 (Yoast SEO v22.1) - https:\/\/yoast.com\/wordpress\/plugins\/seo\/ -->\n<title>Dan\u0131\u015fma Kurulu - \u0130nsan ve Toplum Bilimleri Fak\u00fcltesi<\/title>\n<meta name=\"robots\" content=\"index, follow, max-snippet:-1, max-image-preview:large, max-video-preview:-1\" \/>\n<link rel=\"canonical\" href=\"http:\/\/ticaret.edu.tr\/insan-ve-toplum-bilimleri-fakultesi\/danisma-kurulu\/\" \/>\n<meta property=\"og:locale\" content=\"tr_TR\" \/>\n<meta property=\"og:type\" content=\"article\" \/>\n<meta property=\"og:title\" content=\"Dan\u0131\u015fma Kurulu\" \/>\n<meta property=\"og:description\" content=\"\u0130NSAN VE TOPLUM B\u0130L\u0130MLER\u0130 FAK\u00dcLTES\u0130 FAK\u00dcLTE DANI\u015eMA KURULU \u00dcYELER\u0130 ADI VE SOYADI KURUMU G\u00d6REV\u0130 Prof. Dr. Ahmet KAVAS \u0130stanbul Ticaret \u00dcniversitesi Dekan Dr. \u00d6\u011fr. \u00dcyesi L\u00fctf\u00fc \u00c7AKIR \u0130stanbul Ticaret \u00dcniversitesi Dekan Yard\u0131mc\u0131s\u0131 Prof. Dr. Ahmet Emre B\u0130LG\u0130L\u0130 T\u00fcrkiye Maarif Vakf\u0131 Ba\u015fkan Vekili Prof. Dr. Enes KABAK\u00c7I \u0130stanbul \u00dcniversitesi Edebiyat Fak\u00fcltesi Sosyoloji B\u00f6l\u00fcm\u00fc \u00d6\u011fretim \u00dcyesi Prof. [&hellip;]\" \/>\n<meta property=\"og:url\" content=\"http:\/\/ticaret.edu.tr\/insan-ve-toplum-bilimleri-fakultesi\/danisma-kurulu\/\" \/>\n<meta property=\"og:site_name\" content=\"\u0130nsan ve Toplum Bilimleri Fak\u00fcltesi\" \/>\n<meta property=\"article:publisher\" content=\"https:\/\/www.facebook.com\/ticaretedutr\" \/>\n<meta property=\"article:modified_time\" content=\"2025-12-22T07:26:43+00:00\" \/>\n<meta property=\"og:image\" content=\"http:\/\/ticaret.edu.tr\/insan-ve-toplum-bilimleri-fakultesi\/wp-content\/uploads\/sites\/3\/2021\/11\/web_logo-01.jpg\" \/>\n\t<meta property=\"og:image:width\" content=\"1250\" \/>\n\t<meta property=\"og:image:height\" content=\"833\" \/>\n\t<meta property=\"og:image:type\" content=\"image\/jpeg\" \/>\n<meta name=\"twitter:card\" content=\"summary_large_image\" \/>\n<meta name=\"twitter:site\" content=\"@ticaretedutr\" \/>\n<meta name=\"twitter:label1\" content=\"Tahmini okuma s\u00fcresi\" \/>\n\t<meta name=\"twitter:data1\" content=\"1 dakika\" \/>\n<script type=\"application\/ld+json\" class=\"yoast-schema-graph\">{\"@context\":\"https:\/\/schema.org\",\"@graph\":[{\"@type\":\"WebPage\",\"@id\":\"http:\/\/ticaret.edu.tr\/insan-ve-toplum-bilimleri-fakultesi\/danisma-kurulu\/\",\"url\":\"http:\/\/ticaret.edu.tr\/insan-ve-toplum-bilimleri-fakultesi\/danisma-kurulu\/\",\"name\":\"Dan\u0131\u015fma Kurulu - \u0130nsan ve Toplum Bilimleri Fak\u00fcltesi\",\"isPartOf\":{\"@id\":\"http:\/\/ticaret.edu.tr\/insan-ve-toplum-bilimleri-fakultesi\/en\/#website\"},\"datePublished\":\"2025-01-20T06:30:06+00:00\",\"dateModified\":\"2025-12-22T07:26:43+00:00\",\"breadcrumb\":{\"@id\":\"http:\/\/ticaret.edu.tr\/insan-ve-toplum-bilimleri-fakultesi\/danisma-kurulu\/#breadcrumb\"},\"inLanguage\":\"tr\",\"potentialAction\":[{\"@type\":\"ReadAction\",\"target\":[\"http:\/\/ticaret.edu.tr\/insan-ve-toplum-bilimleri-fakultesi\/danisma-kurulu\/\"]}]},{\"@type\":\"BreadcrumbList\",\"@id\":\"http:\/\/ticaret.edu.tr\/insan-ve-toplum-bilimleri-fakultesi\/danisma-kurulu\/#breadcrumb\",\"itemListElement\":[{\"@type\":\"ListItem\",\"position\":1,\"name\":\"Ana sayfa\",\"item\":\"https:\/\/ticaret.edu.tr\/insan-ve-toplum-bilimleri-fakultesi\/\"},{\"@type\":\"ListItem\",\"position\":2,\"name\":\"Dan\u0131\u015fma Kurulu\"}]},{\"@type\":\"WebSite\",\"@id\":\"http:\/\/ticaret.edu.tr\/insan-ve-toplum-bilimleri-fakultesi\/en\/#website\",\"url\":\"http:\/\/ticaret.edu.tr\/insan-ve-toplum-bilimleri-fakultesi\/en\/\",\"name\":\"\u0130nsan ve Toplum Bilimleri Fak\u00fcltesi\",\"description\":\"\",\"potentialAction\":[{\"@type\":\"SearchAction\",\"target\":{\"@type\":\"EntryPoint\",\"urlTemplate\":\"http:\/\/ticaret.edu.tr\/insan-ve-toplum-bilimleri-fakultesi\/en\/?s={search_term_string}\"},\"query-input\":\"required name=search_term_string\"}],\"inLanguage\":\"tr\"}]}<\/script>\n<!-- \/ Yoast SEO Premium plugin. -->","yoast_head_json":{"title":"Dan\u0131\u015fma Kurulu - \u0130nsan ve Toplum Bilimleri Fak\u00fcltesi","robots":{"index":"index","follow":"follow","max-snippet":"max-snippet:-1","max-image-preview":"max-image-preview:large","max-video-preview":"max-video-preview:-1"},"canonical":"http:\/\/ticaret.edu.tr\/insan-ve-toplum-bilimleri-fakultesi\/danisma-kurulu\/","og_locale":"tr_TR","og_type":"article","og_title":"Dan\u0131\u015fma Kurulu","og_description":"\u0130NSAN VE TOPLUM B\u0130L\u0130MLER\u0130 FAK\u00dcLTES\u0130 FAK\u00dcLTE DANI\u015eMA KURULU \u00dcYELER\u0130 ADI VE SOYADI KURUMU G\u00d6REV\u0130 Prof. Dr. Ahmet KAVAS \u0130stanbul Ticaret \u00dcniversitesi Dekan Dr. \u00d6\u011fr. \u00dcyesi L\u00fctf\u00fc \u00c7AKIR \u0130stanbul Ticaret \u00dcniversitesi Dekan Yard\u0131mc\u0131s\u0131 Prof. Dr. Ahmet Emre B\u0130LG\u0130L\u0130 T\u00fcrkiye Maarif Vakf\u0131 Ba\u015fkan Vekili Prof. Dr. Enes KABAK\u00c7I \u0130stanbul \u00dcniversitesi Edebiyat Fak\u00fcltesi Sosyoloji B\u00f6l\u00fcm\u00fc \u00d6\u011fretim \u00dcyesi Prof. [&hellip;]","og_url":"http:\/\/ticaret.edu.tr\/insan-ve-toplum-bilimleri-fakultesi\/danisma-kurulu\/","og_site_name":"\u0130nsan ve Toplum Bilimleri Fak\u00fcltesi","article_publisher":"https:\/\/www.facebook.com\/ticaretedutr","article_modified_time":"2025-12-22T07:26:43+00:00","og_image":[{"width":1250,"height":833,"url":"http:\/\/ticaret.edu.tr\/insan-ve-toplum-bilimleri-fakultesi\/wp-content\/uploads\/sites\/3\/2021\/11\/web_logo-01.jpg","type":"image\/jpeg"}],"twitter_card":"summary_large_image","twitter_site":"@ticaretedutr","twitter_misc":{"Tahmini okuma s\u00fcresi":"1 dakika"},"schema":{"@context":"https:\/\/schema.org","@graph":[{"@type":"WebPage","@id":"http:\/\/ticaret.edu.tr\/insan-ve-toplum-bilimleri-fakultesi\/danisma-kurulu\/","url":"http:\/\/ticaret.edu.tr\/insan-ve-toplum-bilimleri-fakultesi\/danisma-kurulu\/","name":"Dan\u0131\u015fma Kurulu - \u0130nsan ve Toplum Bilimleri Fak\u00fcltesi","isPartOf":{"@id":"http:\/\/ticaret.edu.tr\/insan-ve-toplum-bilimleri-fakultesi\/en\/#website"},"datePublished":"2025-01-20T06:30:06+00:00","dateModified":"2025-12-22T07:26:43+00:00","breadcrumb":{"@id":"http:\/\/ticaret.edu.tr\/insan-ve-toplum-bilimleri-fakultesi\/danisma-kurulu\/#breadcrumb"},"inLanguage":"tr","potentialAction":[{"@type":"ReadAction","target":["http:\/\/ticaret.edu.tr\/insan-ve-toplum-bilimleri-fakultesi\/danisma-kurulu\/"]}]},{"@type":"BreadcrumbList","@id":"http:\/\/ticaret.edu.tr\/insan-ve-toplum-bilimleri-fakultesi\/danisma-kurulu\/#breadcrumb","itemListElement":[{"@type":"ListItem","position":1,"name":"Ana sayfa","item":"https:\/\/ticaret.edu.tr\/insan-ve-toplum-bilimleri-fakultesi\/"},{"@type":"ListItem","position":2,"name":"Dan\u0131\u015fma Kurulu"}]},{"@type":"WebSite","@id":"http:\/\/ticaret.edu.tr\/insan-ve-toplum-bilimleri-fakultesi\/en\/#website","url":"http:\/\/ticaret.edu.tr\/insan-ve-toplum-bilimleri-fakultesi\/en\/","name":"\u0130nsan ve Toplum Bilimleri Fak\u00fcltesi","description":"","potentialAction":[{"@type":"SearchAction","target":{"@type":"EntryPoint","urlTemplate":"http:\/\/ticaret.edu.tr\/insan-ve-toplum-bilimleri-fakultesi\/en\/?s={search_term_string}"},"query-input":"required name=search_term_string"}],"inLanguage":"tr"}]}},"lang":"tr","translations":{"en":1288,"tr":1211},"pll_sync_post":[],"_links":{"self":[{"href":"http:\/\/ticaret.edu.tr\/insan-ve-toplum-bilimleri-fakultesi\/wp-json\/wp\/v2\/pages\/1211"}],"collection":[{"href":"http:\/\/ticaret.edu.tr\/insan-ve-toplum-bilimleri-fakultesi\/wp-json\/wp\/v2\/pages"}],"about":[{"href":"http:\/\/ticaret.edu.tr\/insan-ve-toplum-bilimleri-fakultesi\/wp-json\/wp\/v2\/types\/page"}],"author":[{"embeddable":true,"href":"http:\/\/ticaret.edu.tr\/insan-ve-toplum-bilimleri-fakultesi\/wp-json\/wp\/v2\/users\/187"}],"replies":[{"embeddable":true,"href":"http:\/\/ticaret.edu.tr\/insan-ve-toplum-bilimleri-fakultesi\/wp-json\/wp\/v2\/comments?post=1211"}],"version-history":[{"count":15,"href":"http:\/\/ticaret.edu.tr\/insan-ve-toplum-bilimleri-fakultesi\/wp-json\/wp\/v2\/pages\/1211\/revisions"}],"predecessor-version":[{"id":1735,"href":"http:\/\/ticaret.edu.tr\/insan-ve-toplum-bilimleri-fakultesi\/wp-json\/wp\/v2\/pages\/1211\/revisions\/1735"}],"wp:attachment":[{"href":"http:\/\/ticaret.edu.tr\/insan-ve-toplum-bilimleri-fakultesi\/wp-json\/wp\/v2\/media?parent=1211"}],"curies":[{"name":"wp","href":"https:\/\/api.w.org\/{rel}","templated":true}]}}