{"id":1213,"date":"2025-01-20T09:29:49","date_gmt":"2025-01-20T06:29:49","guid":{"rendered":"https:\/\/ticaret.edu.tr\/insan-ve-toplum-bilimleri-fakultesi\/?page_id=1213"},"modified":"2025-12-11T11:11:20","modified_gmt":"2025-12-11T08:11:20","slug":"akreditasyon","status":"publish","type":"page","link":"http:\/\/ticaret.edu.tr\/insan-ve-toplum-bilimleri-fakultesi\/akreditasyon\/","title":{"rendered":"Akreditasyon"},"content":{"rendered":"<p>Fak\u00fcltemizde e\u011fitim-\u00f6\u011fretim s\u00fcre\u00e7lerinin s\u00fcrekli iyile\u015ftirilmesi ve kalite g\u00fcvence k\u00fclt\u00fcr\u00fcn\u00fcn g\u00fc\u00e7lendirilmesi amac\u0131yla akreditasyon \u00e7al\u0131\u015fmalar\u0131 devam etmektedir. Akreditasyon almaya hak kazanan lisans programlar\u0131m\u0131z a\u015fa\u011f\u0131da yer almaktad\u0131r.<\/p>\n<p>&nbsp;<\/p>\n<h4 data-start=\"1872\" data-end=\"1950\">Siyaset Bilimi ve Uluslararas\u0131 \u0130li\u015fkiler (\u0130ngilizce) Lisans Program\u0131<\/h4>\n<ul data-start=\"1951\" data-end=\"2095\">\n<li data-start=\"1951\" data-end=\"1986\">\n<p data-start=\"1953\" data-end=\"1986\">Akreditasyon Kurulu\u015fu: STAR<\/p>\n<\/li>\n<li data-start=\"1987\" data-end=\"2045\">\n<p data-start=\"1989\" data-end=\"2045\">Ge\u00e7erlilik S\u00fcresi: <em data-start=\"2012\" data-end=\"2043\">22 Nisan 2024 \u2013 22 Nisan 2028<\/em><\/p>\n<\/li>\n<li data-start=\"2046\" data-end=\"2095\">\n<p data-start=\"2048\" data-end=\"2095\">Sertifika: <a href=\"https:\/\/ticaret.edu.tr\/siyaset-bilimi-ve-uluslararasi-iliskiler\/wp-content\/uploads\/sites\/27\/2024\/05\/Istanbul-Ticaret-Universitesi-ITBF-Siyaset-Bilimi-ve-Uluslararasi-Iliskiler-Ingilizce_page-0001.jpg\">Akreditasyon Sertifikas\u0131<\/a><\/p>\n<\/li>\n<\/ul>\n<p>&nbsp;<\/p>\n<h4 data-start=\"1872\" data-end=\"1950\">\u0130statistik Lisans Program\u0131<\/h4>\n<ul data-start=\"1951\" data-end=\"2095\">\n<li data-start=\"1951\" data-end=\"1986\">\n<p data-start=\"1953\" data-end=\"1986\">Akreditasyon Kurulu\u015fu: FEDEK<\/p>\n<\/li>\n<li data-start=\"1987\" data-end=\"2045\">\n<p data-start=\"1989\" data-end=\"2045\">Ge\u00e7erlilik S\u00fcresi: <em data-start=\"2012\" data-end=\"2043\">11 Nisan 2025 \u2013 30 Eyl\u00fcl 2030<\/em><\/p>\n<\/li>\n<li data-start=\"2046\" data-end=\"2095\">\n<p data-start=\"2048\" data-end=\"2095\">Sertifika: <a href=\"http:\/\/ticaret.edu.tr\/insan-ve-toplum-bilimleri-fakultesi\/wp-content\/uploads\/sites\/3\/2025\/12\/akreditasyon_ist.pdf\">Akreditasyon Belgesi<\/a><\/p>\n<\/li>\n<\/ul>\n<p>&nbsp;<\/p>\n<h4 data-start=\"1872\" data-end=\"1950\">Sosyoloji Lisans Program\u0131<\/h4>\n<ul data-start=\"1951\" data-end=\"2095\">\n<li data-start=\"1951\" data-end=\"1986\">\n<p data-start=\"1953\" data-end=\"1986\">Akreditasyon Kurulu\u015fu: FEDEK<\/p>\n<\/li>\n<li data-start=\"1987\" data-end=\"2045\">\n<p data-start=\"1989\" data-end=\"2045\">Ge\u00e7erlilik S\u00fcresi: <em data-start=\"2012\" data-end=\"2043\">11 Nisan 2025 \u2013 30 Eyl\u00fcl 2030<\/em><\/p>\n<\/li>\n<li data-start=\"2046\" data-end=\"2095\">\n<p data-start=\"2048\" data-end=\"2095\">Sertifika: <a href=\"http:\/\/ticaret.edu.tr\/insan-ve-toplum-bilimleri-fakultesi\/wp-content\/uploads\/sites\/3\/2025\/12\/akreditasyon_sos.pdf\">Akreditasyon Belgesi<\/a><\/p>\n<\/li>\n<\/ul>\n","protected":false},"excerpt":{"rendered":"<p>Fak\u00fcltemizde e\u011fitim-\u00f6\u011fretim s\u00fcre\u00e7lerinin s\u00fcrekli iyile\u015ftirilmesi ve kalite g\u00fcvence k\u00fclt\u00fcr\u00fcn\u00fcn g\u00fc\u00e7lendirilmesi amac\u0131yla akreditasyon \u00e7al\u0131\u015fmalar\u0131 devam etmektedir. Akreditasyon almaya hak kazanan lisans programlar\u0131m\u0131z a\u015fa\u011f\u0131da yer almaktad\u0131r. &nbsp; Siyaset Bilimi ve Uluslararas\u0131 \u0130li\u015fkiler (\u0130ngilizce) Lisans Program\u0131 Akreditasyon Kurulu\u015fu: STAR Ge\u00e7erlilik S\u00fcresi: 22 Nisan 2024 \u2013 22 Nisan 2028 Sertifika: Akreditasyon Sertifikas\u0131 &nbsp; \u0130statistik Lisans Program\u0131 Akreditasyon Kurulu\u015fu: FEDEK [&hellip;]<\/p>\n","protected":false},"author":187,"featured_media":0,"parent":0,"menu_order":0,"comment_status":"closed","ping_status":"closed","template":"genel_sayfa.php","meta":{"footnotes":""},"yoast_head":"<!-- This site is optimized with the Yoast SEO Premium plugin v22.1 (Yoast SEO v22.1) - https:\/\/yoast.com\/wordpress\/plugins\/seo\/ -->\n<title>Akreditasyon - \u0130nsan ve Toplum Bilimleri Fak\u00fcltesi<\/title>\n<meta name=\"robots\" content=\"index, follow, max-snippet:-1, max-image-preview:large, max-video-preview:-1\" \/>\n<link rel=\"canonical\" href=\"https:\/\/ticaret.edu.tr\/insan-ve-toplum-bilimleri-fakultesi\/akreditasyon\/\" \/>\n<meta property=\"og:locale\" content=\"tr_TR\" \/>\n<meta property=\"og:type\" content=\"article\" \/>\n<meta property=\"og:title\" content=\"Akreditasyon\" \/>\n<meta property=\"og:description\" content=\"Fak\u00fcltemizde e\u011fitim-\u00f6\u011fretim s\u00fcre\u00e7lerinin s\u00fcrekli iyile\u015ftirilmesi ve kalite g\u00fcvence k\u00fclt\u00fcr\u00fcn\u00fcn g\u00fc\u00e7lendirilmesi amac\u0131yla akreditasyon \u00e7al\u0131\u015fmalar\u0131 devam etmektedir. Akreditasyon almaya hak kazanan lisans programlar\u0131m\u0131z a\u015fa\u011f\u0131da yer almaktad\u0131r. &nbsp; Siyaset Bilimi ve Uluslararas\u0131 \u0130li\u015fkiler (\u0130ngilizce) Lisans Program\u0131 Akreditasyon Kurulu\u015fu: STAR Ge\u00e7erlilik S\u00fcresi: 22 Nisan 2024 \u2013 22 Nisan 2028 Sertifika: Akreditasyon Sertifikas\u0131 &nbsp; \u0130statistik Lisans Program\u0131 Akreditasyon Kurulu\u015fu: FEDEK [&hellip;]\" \/>\n<meta property=\"og:url\" content=\"https:\/\/ticaret.edu.tr\/insan-ve-toplum-bilimleri-fakultesi\/akreditasyon\/\" \/>\n<meta property=\"og:site_name\" content=\"\u0130nsan ve Toplum Bilimleri Fak\u00fcltesi\" \/>\n<meta property=\"article:publisher\" content=\"https:\/\/www.facebook.com\/ticaretedutr\" \/>\n<meta property=\"article:modified_time\" content=\"2025-12-11T08:11:20+00:00\" \/>\n<meta property=\"og:image\" content=\"http:\/\/ticaret.edu.tr\/insan-ve-toplum-bilimleri-fakultesi\/wp-content\/uploads\/sites\/3\/2021\/11\/web_logo-01.jpg\" \/>\n\t<meta property=\"og:image:width\" content=\"1250\" \/>\n\t<meta property=\"og:image:height\" content=\"833\" \/>\n\t<meta property=\"og:image:type\" content=\"image\/jpeg\" \/>\n<meta name=\"twitter:card\" content=\"summary_large_image\" \/>\n<meta name=\"twitter:site\" content=\"@ticaretedutr\" \/>\n<meta name=\"twitter:label1\" content=\"Tahmini okuma s\u00fcresi\" \/>\n\t<meta name=\"twitter:data1\" content=\"1 dakika\" \/>\n<script type=\"application\/ld+json\" class=\"yoast-schema-graph\">{\"@context\":\"https:\/\/schema.org\",\"@graph\":[{\"@type\":\"WebPage\",\"@id\":\"https:\/\/ticaret.edu.tr\/insan-ve-toplum-bilimleri-fakultesi\/akreditasyon\/\",\"url\":\"https:\/\/ticaret.edu.tr\/insan-ve-toplum-bilimleri-fakultesi\/akreditasyon\/\",\"name\":\"Akreditasyon - \u0130nsan ve Toplum Bilimleri Fak\u00fcltesi\",\"isPartOf\":{\"@id\":\"https:\/\/ticaret.edu.tr\/insan-ve-toplum-bilimleri-fakultesi\/#website\"},\"datePublished\":\"2025-01-20T06:29:49+00:00\",\"dateModified\":\"2025-12-11T08:11:20+00:00\",\"breadcrumb\":{\"@id\":\"https:\/\/ticaret.edu.tr\/insan-ve-toplum-bilimleri-fakultesi\/akreditasyon\/#breadcrumb\"},\"inLanguage\":\"tr\",\"potentialAction\":[{\"@type\":\"ReadAction\",\"target\":[\"https:\/\/ticaret.edu.tr\/insan-ve-toplum-bilimleri-fakultesi\/akreditasyon\/\"]}]},{\"@type\":\"BreadcrumbList\",\"@id\":\"https:\/\/ticaret.edu.tr\/insan-ve-toplum-bilimleri-fakultesi\/akreditasyon\/#breadcrumb\",\"itemListElement\":[{\"@type\":\"ListItem\",\"position\":1,\"name\":\"Ana sayfa\",\"item\":\"https:\/\/ticaret.edu.tr\/insan-ve-toplum-bilimleri-fakultesi\/\"},{\"@type\":\"ListItem\",\"position\":2,\"name\":\"Akreditasyon\"}]},{\"@type\":\"WebSite\",\"@id\":\"https:\/\/ticaret.edu.tr\/insan-ve-toplum-bilimleri-fakultesi\/#website\",\"url\":\"https:\/\/ticaret.edu.tr\/insan-ve-toplum-bilimleri-fakultesi\/\",\"name\":\"\u0130nsan ve Toplum Bilimleri Fak\u00fcltesi\",\"description\":\"\",\"potentialAction\":[{\"@type\":\"SearchAction\",\"target\":{\"@type\":\"EntryPoint\",\"urlTemplate\":\"https:\/\/ticaret.edu.tr\/insan-ve-toplum-bilimleri-fakultesi\/?s={search_term_string}\"},\"query-input\":\"required name=search_term_string\"}],\"inLanguage\":\"tr\"}]}<\/script>\n<!-- \/ Yoast SEO Premium plugin. -->","yoast_head_json":{"title":"Akreditasyon - \u0130nsan ve Toplum Bilimleri Fak\u00fcltesi","robots":{"index":"index","follow":"follow","max-snippet":"max-snippet:-1","max-image-preview":"max-image-preview:large","max-video-preview":"max-video-preview:-1"},"canonical":"https:\/\/ticaret.edu.tr\/insan-ve-toplum-bilimleri-fakultesi\/akreditasyon\/","og_locale":"tr_TR","og_type":"article","og_title":"Akreditasyon","og_description":"Fak\u00fcltemizde e\u011fitim-\u00f6\u011fretim s\u00fcre\u00e7lerinin s\u00fcrekli iyile\u015ftirilmesi ve kalite g\u00fcvence k\u00fclt\u00fcr\u00fcn\u00fcn g\u00fc\u00e7lendirilmesi amac\u0131yla akreditasyon \u00e7al\u0131\u015fmalar\u0131 devam etmektedir. Akreditasyon almaya hak kazanan lisans programlar\u0131m\u0131z a\u015fa\u011f\u0131da yer almaktad\u0131r. &nbsp; Siyaset Bilimi ve Uluslararas\u0131 \u0130li\u015fkiler (\u0130ngilizce) Lisans Program\u0131 Akreditasyon Kurulu\u015fu: STAR Ge\u00e7erlilik S\u00fcresi: 22 Nisan 2024 \u2013 22 Nisan 2028 Sertifika: Akreditasyon Sertifikas\u0131 &nbsp; \u0130statistik Lisans Program\u0131 Akreditasyon Kurulu\u015fu: FEDEK [&hellip;]","og_url":"https:\/\/ticaret.edu.tr\/insan-ve-toplum-bilimleri-fakultesi\/akreditasyon\/","og_site_name":"\u0130nsan ve Toplum Bilimleri Fak\u00fcltesi","article_publisher":"https:\/\/www.facebook.com\/ticaretedutr","article_modified_time":"2025-12-11T08:11:20+00:00","og_image":[{"width":1250,"height":833,"url":"http:\/\/ticaret.edu.tr\/insan-ve-toplum-bilimleri-fakultesi\/wp-content\/uploads\/sites\/3\/2021\/11\/web_logo-01.jpg","type":"image\/jpeg"}],"twitter_card":"summary_large_image","twitter_site":"@ticaretedutr","twitter_misc":{"Tahmini okuma s\u00fcresi":"1 dakika"},"schema":{"@context":"https:\/\/schema.org","@graph":[{"@type":"WebPage","@id":"https:\/\/ticaret.edu.tr\/insan-ve-toplum-bilimleri-fakultesi\/akreditasyon\/","url":"https:\/\/ticaret.edu.tr\/insan-ve-toplum-bilimleri-fakultesi\/akreditasyon\/","name":"Akreditasyon - \u0130nsan ve Toplum Bilimleri Fak\u00fcltesi","isPartOf":{"@id":"https:\/\/ticaret.edu.tr\/insan-ve-toplum-bilimleri-fakultesi\/#website"},"datePublished":"2025-01-20T06:29:49+00:00","dateModified":"2025-12-11T08:11:20+00:00","breadcrumb":{"@id":"https:\/\/ticaret.edu.tr\/insan-ve-toplum-bilimleri-fakultesi\/akreditasyon\/#breadcrumb"},"inLanguage":"tr","potentialAction":[{"@type":"ReadAction","target":["https:\/\/ticaret.edu.tr\/insan-ve-toplum-bilimleri-fakultesi\/akreditasyon\/"]}]},{"@type":"BreadcrumbList","@id":"https:\/\/ticaret.edu.tr\/insan-ve-toplum-bilimleri-fakultesi\/akreditasyon\/#breadcrumb","itemListElement":[{"@type":"ListItem","position":1,"name":"Ana sayfa","item":"https:\/\/ticaret.edu.tr\/insan-ve-toplum-bilimleri-fakultesi\/"},{"@type":"ListItem","position":2,"name":"Akreditasyon"}]},{"@type":"WebSite","@id":"https:\/\/ticaret.edu.tr\/insan-ve-toplum-bilimleri-fakultesi\/#website","url":"https:\/\/ticaret.edu.tr\/insan-ve-toplum-bilimleri-fakultesi\/","name":"\u0130nsan ve Toplum Bilimleri Fak\u00fcltesi","description":"","potentialAction":[{"@type":"SearchAction","target":{"@type":"EntryPoint","urlTemplate":"https:\/\/ticaret.edu.tr\/insan-ve-toplum-bilimleri-fakultesi\/?s={search_term_string}"},"query-input":"required name=search_term_string"}],"inLanguage":"tr"}]}},"lang":"tr","translations":{"en":1304,"tr":1213},"pll_sync_post":[],"_links":{"self":[{"href":"http:\/\/ticaret.edu.tr\/insan-ve-toplum-bilimleri-fakultesi\/wp-json\/wp\/v2\/pages\/1213"}],"collection":[{"href":"http:\/\/ticaret.edu.tr\/insan-ve-toplum-bilimleri-fakultesi\/wp-json\/wp\/v2\/pages"}],"about":[{"href":"http:\/\/ticaret.edu.tr\/insan-ve-toplum-bilimleri-fakultesi\/wp-json\/wp\/v2\/types\/page"}],"author":[{"embeddable":true,"href":"http:\/\/ticaret.edu.tr\/insan-ve-toplum-bilimleri-fakultesi\/wp-json\/wp\/v2\/users\/187"}],"replies":[{"embeddable":true,"href":"http:\/\/ticaret.edu.tr\/insan-ve-toplum-bilimleri-fakultesi\/wp-json\/wp\/v2\/comments?post=1213"}],"version-history":[{"count":4,"href":"http:\/\/ticaret.edu.tr\/insan-ve-toplum-bilimleri-fakultesi\/wp-json\/wp\/v2\/pages\/1213\/revisions"}],"predecessor-version":[{"id":1704,"href":"http:\/\/ticaret.edu.tr\/insan-ve-toplum-bilimleri-fakultesi\/wp-json\/wp\/v2\/pages\/1213\/revisions\/1704"}],"wp:attachment":[{"href":"http:\/\/ticaret.edu.tr\/insan-ve-toplum-bilimleri-fakultesi\/wp-json\/wp\/v2\/media?parent=1213"}],"curies":[{"name":"wp","href":"https:\/\/api.w.org\/{rel}","templated":true}]}}