{"id":15,"date":"2020-04-26T17:11:48","date_gmt":"2020-04-26T14:11:48","guid":{"rendered":"http:\/\/ticaret.edu.tr\/itbf\/?page_id=15"},"modified":"2025-07-31T13:21:20","modified_gmt":"2025-07-31T10:21:20","slug":"fakulte-idari-ofisi","status":"publish","type":"page","link":"http:\/\/ticaret.edu.tr\/insan-ve-toplum-bilimleri-fakultesi\/fakulte-idari-ofisi\/","title":{"rendered":"Fak\u00fclte \u0130dari Ofisi"},"content":{"rendered":"<p>&nbsp;<\/p>\n<table style=\"height: 141px\" border=\"1\" width=\"800\" cellspacing=\"3\" cellpadding=\"2\">\n<tbody>\n<tr>\n<td><strong>ADI VE SOYADI<\/strong><\/td>\n<td><strong>G\u00d6REV\u0130<\/strong><\/td>\n<td><strong>DAH\u0130L\u0130 TELEFON<\/strong><\/td>\n<td><strong>OF\u0130S<\/strong><\/td>\n<td><strong>MA\u0130L ADRES\u0130<\/strong><\/td>\n<\/tr>\n<tr>\n<td>Mine Tan<\/td>\n<td>Fak\u00fclte Sekreteri<\/td>\n<td>4150<\/td>\n<td>A103<\/td>\n<td><a href=\"mailto:mtan@ticaret.edu.tr\">mtan@ticaret.edu.tr<\/a><\/td>\n<\/tr>\n<tr>\n<td>Melike Bal<\/td>\n<td>B\u00f6l\u00fcm Sekreteri<\/td>\n<td>4739<\/td>\n<td>A Blok R Kat\u0131<\/td>\n<td><a href=\"mailto:mbal@ticaret.edu.tr\">mbal@ticaret.edu.tr<\/a><\/td>\n<\/tr>\n<tr>\n<td>Murat Bozkurt<\/td>\n<td>Dekan Sekreteri<\/td>\n<td>4100<\/td>\n<td>A Blok R Kat\u0131<\/td>\n<td><a href=\"mailto:mbozkurt@ticaret.edu.tr\">mbozkurt@ticaret.edu.tr<\/a><\/td>\n<\/tr>\n<tr>\n<td colspan=\"6\">\u0130nsan ve Toplum Bilimleri Fak\u00fcltesi E-posta: <a href=\"mailto:insanvetoplum@ticaret.edu.tr\">insanvetoplum@ticaret.edu.tr<\/a><\/td>\n<\/tr>\n<\/tbody>\n<\/table>\n","protected":false},"excerpt":{"rendered":"<p>&nbsp; ADI VE SOYADI G\u00d6REV\u0130 DAH\u0130L\u0130 TELEFON OF\u0130S MA\u0130L ADRES\u0130 Mine Tan Fak\u00fclte Sekreteri 4150 A103 mtan@ticaret.edu.tr Melike Bal B\u00f6l\u00fcm Sekreteri 4739 A Blok R Kat\u0131 mbal@ticaret.edu.tr Murat Bozkurt Dekan Sekreteri 4100 A Blok R Kat\u0131 mbozkurt@ticaret.edu.tr \u0130nsan ve Toplum Bilimleri Fak\u00fcltesi E-posta: insanvetoplum@ticaret.edu.tr<\/p>\n","protected":false},"author":1,"featured_media":0,"parent":0,"menu_order":0,"comment_status":"closed","ping_status":"closed","template":"genel_sayfa.php","meta":{"footnotes":""},"yoast_head":"<!-- This site is optimized with the Yoast SEO Premium plugin v22.1 (Yoast SEO v22.1) - https:\/\/yoast.com\/wordpress\/plugins\/seo\/ -->\n<title>Fak\u00fclte \u0130dari Ofisi - \u0130nsan ve Toplum Bilimleri Fak\u00fcltesi<\/title>\n<meta name=\"robots\" content=\"index, follow, max-snippet:-1, max-image-preview:large, max-video-preview:-1\" \/>\n<link rel=\"canonical\" href=\"https:\/\/ticaret.edu.tr\/insan-ve-toplum-bilimleri-fakultesi\/fakulte-idari-ofisi\/\" \/>\n<meta property=\"og:locale\" content=\"tr_TR\" \/>\n<meta property=\"og:type\" content=\"article\" \/>\n<meta property=\"og:title\" content=\"Fak\u00fclte \u0130dari Ofisi\" \/>\n<meta property=\"og:description\" content=\"&nbsp; ADI VE SOYADI G\u00d6REV\u0130 DAH\u0130L\u0130 TELEFON OF\u0130S MA\u0130L ADRES\u0130 Mine Tan Fak\u00fclte Sekreteri 4150 A103 mtan@ticaret.edu.tr Melike Bal B\u00f6l\u00fcm Sekreteri 4739 A Blok R Kat\u0131 mbal@ticaret.edu.tr Murat Bozkurt Dekan Sekreteri 4100 A Blok R Kat\u0131 mbozkurt@ticaret.edu.tr \u0130nsan ve Toplum Bilimleri Fak\u00fcltesi E-posta: insanvetoplum@ticaret.edu.tr\" \/>\n<meta property=\"og:url\" content=\"https:\/\/ticaret.edu.tr\/insan-ve-toplum-bilimleri-fakultesi\/fakulte-idari-ofisi\/\" \/>\n<meta property=\"og:site_name\" content=\"\u0130nsan ve Toplum Bilimleri Fak\u00fcltesi\" \/>\n<meta property=\"article:publisher\" content=\"https:\/\/www.facebook.com\/ticaretedutr\" \/>\n<meta property=\"article:modified_time\" content=\"2025-07-31T10:21:20+00:00\" \/>\n<meta property=\"og:image\" content=\"http:\/\/ticaret.edu.tr\/insan-ve-toplum-bilimleri-fakultesi\/wp-content\/uploads\/sites\/3\/2021\/11\/web_logo-01.jpg\" \/>\n\t<meta property=\"og:image:width\" content=\"1250\" \/>\n\t<meta property=\"og:image:height\" content=\"833\" \/>\n\t<meta property=\"og:image:type\" content=\"image\/jpeg\" \/>\n<meta name=\"twitter:card\" content=\"summary_large_image\" \/>\n<meta name=\"twitter:site\" content=\"@ticaretedutr\" \/>\n<meta name=\"twitter:label1\" content=\"Tahmini okuma s\u00fcresi\" \/>\n\t<meta name=\"twitter:data1\" content=\"1 dakika\" \/>\n<script type=\"application\/ld+json\" class=\"yoast-schema-graph\">{\"@context\":\"https:\/\/schema.org\",\"@graph\":[{\"@type\":\"WebPage\",\"@id\":\"https:\/\/ticaret.edu.tr\/insan-ve-toplum-bilimleri-fakultesi\/fakulte-idari-ofisi\/\",\"url\":\"https:\/\/ticaret.edu.tr\/insan-ve-toplum-bilimleri-fakultesi\/fakulte-idari-ofisi\/\",\"name\":\"Fak\u00fclte \u0130dari Ofisi - \u0130nsan ve Toplum Bilimleri Fak\u00fcltesi\",\"isPartOf\":{\"@id\":\"https:\/\/ticaret.edu.tr\/insan-ve-toplum-bilimleri-fakultesi\/#website\"},\"datePublished\":\"2020-04-26T14:11:48+00:00\",\"dateModified\":\"2025-07-31T10:21:20+00:00\",\"breadcrumb\":{\"@id\":\"https:\/\/ticaret.edu.tr\/insan-ve-toplum-bilimleri-fakultesi\/fakulte-idari-ofisi\/#breadcrumb\"},\"inLanguage\":\"tr\",\"potentialAction\":[{\"@type\":\"ReadAction\",\"target\":[\"https:\/\/ticaret.edu.tr\/insan-ve-toplum-bilimleri-fakultesi\/fakulte-idari-ofisi\/\"]}]},{\"@type\":\"BreadcrumbList\",\"@id\":\"https:\/\/ticaret.edu.tr\/insan-ve-toplum-bilimleri-fakultesi\/fakulte-idari-ofisi\/#breadcrumb\",\"itemListElement\":[{\"@type\":\"ListItem\",\"position\":1,\"name\":\"Ana sayfa\",\"item\":\"https:\/\/ticaret.edu.tr\/insan-ve-toplum-bilimleri-fakultesi\/\"},{\"@type\":\"ListItem\",\"position\":2,\"name\":\"Fak\u00fclte \u0130dari Ofisi\"}]},{\"@type\":\"WebSite\",\"@id\":\"https:\/\/ticaret.edu.tr\/insan-ve-toplum-bilimleri-fakultesi\/#website\",\"url\":\"https:\/\/ticaret.edu.tr\/insan-ve-toplum-bilimleri-fakultesi\/\",\"name\":\"\u0130nsan ve Toplum Bilimleri Fak\u00fcltesi\",\"description\":\"\",\"potentialAction\":[{\"@type\":\"SearchAction\",\"target\":{\"@type\":\"EntryPoint\",\"urlTemplate\":\"https:\/\/ticaret.edu.tr\/insan-ve-toplum-bilimleri-fakultesi\/?s={search_term_string}\"},\"query-input\":\"required name=search_term_string\"}],\"inLanguage\":\"tr\"}]}<\/script>\n<!-- \/ Yoast SEO Premium plugin. -->","yoast_head_json":{"title":"Fak\u00fclte \u0130dari Ofisi - \u0130nsan ve Toplum Bilimleri Fak\u00fcltesi","robots":{"index":"index","follow":"follow","max-snippet":"max-snippet:-1","max-image-preview":"max-image-preview:large","max-video-preview":"max-video-preview:-1"},"canonical":"https:\/\/ticaret.edu.tr\/insan-ve-toplum-bilimleri-fakultesi\/fakulte-idari-ofisi\/","og_locale":"tr_TR","og_type":"article","og_title":"Fak\u00fclte \u0130dari Ofisi","og_description":"&nbsp; ADI VE SOYADI G\u00d6REV\u0130 DAH\u0130L\u0130 TELEFON OF\u0130S MA\u0130L ADRES\u0130 Mine Tan Fak\u00fclte Sekreteri 4150 A103 mtan@ticaret.edu.tr Melike Bal B\u00f6l\u00fcm Sekreteri 4739 A Blok R Kat\u0131 mbal@ticaret.edu.tr Murat Bozkurt Dekan Sekreteri 4100 A Blok R Kat\u0131 mbozkurt@ticaret.edu.tr \u0130nsan ve Toplum Bilimleri Fak\u00fcltesi E-posta: insanvetoplum@ticaret.edu.tr","og_url":"https:\/\/ticaret.edu.tr\/insan-ve-toplum-bilimleri-fakultesi\/fakulte-idari-ofisi\/","og_site_name":"\u0130nsan ve Toplum Bilimleri Fak\u00fcltesi","article_publisher":"https:\/\/www.facebook.com\/ticaretedutr","article_modified_time":"2025-07-31T10:21:20+00:00","og_image":[{"width":1250,"height":833,"url":"http:\/\/ticaret.edu.tr\/insan-ve-toplum-bilimleri-fakultesi\/wp-content\/uploads\/sites\/3\/2021\/11\/web_logo-01.jpg","type":"image\/jpeg"}],"twitter_card":"summary_large_image","twitter_site":"@ticaretedutr","twitter_misc":{"Tahmini okuma s\u00fcresi":"1 dakika"},"schema":{"@context":"https:\/\/schema.org","@graph":[{"@type":"WebPage","@id":"https:\/\/ticaret.edu.tr\/insan-ve-toplum-bilimleri-fakultesi\/fakulte-idari-ofisi\/","url":"https:\/\/ticaret.edu.tr\/insan-ve-toplum-bilimleri-fakultesi\/fakulte-idari-ofisi\/","name":"Fak\u00fclte \u0130dari Ofisi - \u0130nsan ve Toplum Bilimleri Fak\u00fcltesi","isPartOf":{"@id":"https:\/\/ticaret.edu.tr\/insan-ve-toplum-bilimleri-fakultesi\/#website"},"datePublished":"2020-04-26T14:11:48+00:00","dateModified":"2025-07-31T10:21:20+00:00","breadcrumb":{"@id":"https:\/\/ticaret.edu.tr\/insan-ve-toplum-bilimleri-fakultesi\/fakulte-idari-ofisi\/#breadcrumb"},"inLanguage":"tr","potentialAction":[{"@type":"ReadAction","target":["https:\/\/ticaret.edu.tr\/insan-ve-toplum-bilimleri-fakultesi\/fakulte-idari-ofisi\/"]}]},{"@type":"BreadcrumbList","@id":"https:\/\/ticaret.edu.tr\/insan-ve-toplum-bilimleri-fakultesi\/fakulte-idari-ofisi\/#breadcrumb","itemListElement":[{"@type":"ListItem","position":1,"name":"Ana sayfa","item":"https:\/\/ticaret.edu.tr\/insan-ve-toplum-bilimleri-fakultesi\/"},{"@type":"ListItem","position":2,"name":"Fak\u00fclte \u0130dari Ofisi"}]},{"@type":"WebSite","@id":"https:\/\/ticaret.edu.tr\/insan-ve-toplum-bilimleri-fakultesi\/#website","url":"https:\/\/ticaret.edu.tr\/insan-ve-toplum-bilimleri-fakultesi\/","name":"\u0130nsan ve Toplum Bilimleri Fak\u00fcltesi","description":"","potentialAction":[{"@type":"SearchAction","target":{"@type":"EntryPoint","urlTemplate":"https:\/\/ticaret.edu.tr\/insan-ve-toplum-bilimleri-fakultesi\/?s={search_term_string}"},"query-input":"required name=search_term_string"}],"inLanguage":"tr"}]}},"lang":"tr","translations":{"tr":15,"en":1284},"pll_sync_post":[],"_links":{"self":[{"href":"http:\/\/ticaret.edu.tr\/insan-ve-toplum-bilimleri-fakultesi\/wp-json\/wp\/v2\/pages\/15"}],"collection":[{"href":"http:\/\/ticaret.edu.tr\/insan-ve-toplum-bilimleri-fakultesi\/wp-json\/wp\/v2\/pages"}],"about":[{"href":"http:\/\/ticaret.edu.tr\/insan-ve-toplum-bilimleri-fakultesi\/wp-json\/wp\/v2\/types\/page"}],"author":[{"embeddable":true,"href":"http:\/\/ticaret.edu.tr\/insan-ve-toplum-bilimleri-fakultesi\/wp-json\/wp\/v2\/users\/1"}],"replies":[{"embeddable":true,"href":"http:\/\/ticaret.edu.tr\/insan-ve-toplum-bilimleri-fakultesi\/wp-json\/wp\/v2\/comments?post=15"}],"version-history":[{"count":21,"href":"http:\/\/ticaret.edu.tr\/insan-ve-toplum-bilimleri-fakultesi\/wp-json\/wp\/v2\/pages\/15\/revisions"}],"predecessor-version":[{"id":1526,"href":"http:\/\/ticaret.edu.tr\/insan-ve-toplum-bilimleri-fakultesi\/wp-json\/wp\/v2\/pages\/15\/revisions\/1526"}],"wp:attachment":[{"href":"http:\/\/ticaret.edu.tr\/insan-ve-toplum-bilimleri-fakultesi\/wp-json\/wp\/v2\/media?parent=15"}],"curies":[{"name":"wp","href":"https:\/\/api.w.org\/{rel}","templated":true}]}}