{"id":21,"date":"2020-04-26T17:12:20","date_gmt":"2020-04-26T14:12:20","guid":{"rendered":"http:\/\/ticaret.edu.tr\/itbf\/?page_id=21"},"modified":"2025-10-24T17:48:36","modified_gmt":"2025-10-24T14:48:36","slug":"dekan","status":"publish","type":"page","link":"http:\/\/ticaret.edu.tr\/insan-ve-toplum-bilimleri-fakultesi\/dekan\/","title":{"rendered":"Dekan"},"content":{"rendered":"<p><img loading=\"lazy\" decoding=\"async\" class=\"alignnone size-full wp-image-1599\" src=\"http:\/\/ticaret.edu.tr\/insan-ve-toplum-bilimleri-fakultesi\/wp-content\/uploads\/sites\/3\/2025\/10\/DSCF340111111-scaled.jpg\" alt=\"\" width=\"2560\" height=\"1896\" srcset=\"http:\/\/ticaret.edu.tr\/insan-ve-toplum-bilimleri-fakultesi\/wp-content\/uploads\/sites\/3\/2025\/10\/DSCF340111111-scaled.jpg 2560w, http:\/\/ticaret.edu.tr\/insan-ve-toplum-bilimleri-fakultesi\/wp-content\/uploads\/sites\/3\/2025\/10\/DSCF340111111-300x222.jpg 300w, http:\/\/ticaret.edu.tr\/insan-ve-toplum-bilimleri-fakultesi\/wp-content\/uploads\/sites\/3\/2025\/10\/DSCF340111111-1024x758.jpg 1024w, http:\/\/ticaret.edu.tr\/insan-ve-toplum-bilimleri-fakultesi\/wp-content\/uploads\/sites\/3\/2025\/10\/DSCF340111111-768x569.jpg 768w, http:\/\/ticaret.edu.tr\/insan-ve-toplum-bilimleri-fakultesi\/wp-content\/uploads\/sites\/3\/2025\/10\/DSCF340111111-1536x1138.jpg 1536w, http:\/\/ticaret.edu.tr\/insan-ve-toplum-bilimleri-fakultesi\/wp-content\/uploads\/sites\/3\/2025\/10\/DSCF340111111-2048x1517.jpg 2048w\" sizes=\"(max-width: 2560px) 100vw, 2560px\" \/><\/p>\n<p>&nbsp;<\/p>\n<p>\u0130nsan ve Toplum Bilimleri Fak\u00fcltesinin misyonu \u00f6\u011frencilerimizi \u00fclkemizin temel ihtiyac\u0131 olan alanlarda (temel ve uygulamal\u0131 bilimler, sosyal bilimler, \u00f6\u011fretmenlik, vb.) ve se\u00e7tikleri mesleklerde en son bilgi ve teknoloji ile e\u011fitmek; analitik ve ele\u015ftirel d\u00fc\u015f\u00fcnmeyi, \u00f6zg\u00fcveni, tak\u0131m olma ve liderlik becerilerini geli\u015ftirmek, hayat boyu \u00f6\u011frenmeye, etik bilin\u00e7 ile bilime, teknolojiye ve insanl\u0131\u011f\u0131n iyili\u011fine katk\u0131da bulunmaya haz\u0131rlamakt\u0131r.<\/p>\n<p>Fak\u00fcltemiz akademisyenleri disiplinler aras\u0131 \u00e7al\u0131\u015fmalara h\u00e2kim, g\u00fcncel toplumsal, ekonomik ve siyasal geli\u015fmeleri yak\u0131ndan takip eden, alanlar\u0131nda \u00f6nemli akademik ve idari tecr\u00fcbe ve yetkinli\u011fe sahip isimlerden olu\u015fmaktad\u0131r. Sosyoloji, psikoloji, diplomasi ve politika pratiklerinde tecr\u00fcbeli akademik kadrolar\u0131n varl\u0131\u011f\u0131, \u00f6\u011frencilerimize ayn\u0131 zamanda uygulama perspektifi sunmas\u0131 a\u00e7\u0131s\u0131ndan da Fak\u00fcltemizin insan ve toplum misyonunu g\u00fc\u00e7lendirmektedir.<\/p>\n<p>Fak\u00fcltemiz lisans programlar\u0131nda \u00f6\u011frenim g\u00f6ren \u00f6\u011frencilerimizin sosyal ve entelekt\u00fcel geli\u015fimine y\u00f6nelik program seminerleri, \u00e7al\u0131\u015fma toplant\u0131lar\u0131 ve \u00f6\u011frenci toplulu\u011fu faaliyetleri akademik y\u0131l i\u00e7erisinde yo\u011fun bir \u015fekilde ger\u00e7ekle\u015ftirilmektedir. Erasmus de\u011fi\u015fim programlar\u0131 ile \u00f6\u011frencilerimiz yurt d\u0131\u015f\u0131 \u00f6\u011frenim tecr\u00fcbesi edinmektedir. Ayr\u0131ca \u00e7ift anadal ve yandal programlar\u0131 ile \u00f6\u011frencilerimizin farkl\u0131 disiplinlerde e\u011fitim almas\u0131n\u0131 sa\u011flanmaktad\u0131r.<\/p>\n<p>\u0130nsan ve Toplum Bilimleri Fak\u00fcltesi, \u00dcniversitenin stratejik plan\u0131 ve misyonu ile uyumlu bir akademik \u00e7er\u00e7evede, \u00dcniversitemizin kurucu iradesi ve d\u00fcnyan\u0131n en g\u00fc\u00e7l\u00fc ticaret odalar\u0131ndan birisi olan \u0130stanbul Ticaret Odas\u0131\u2019n\u0131n bilgi birikimi ve tecr\u00fcbesinden yararlanmak suretiyle \u00e7al\u0131\u015fmalar\u0131na devam etmektedir.<\/p>\n<h4><strong>Prof. Dr. Ahmet KAVAS<\/strong><br \/>\n<strong>\u0130nsan ve Toplum Bilimleri Fak\u00fcltesi Dekan\u0131<\/strong><\/h4>\n","protected":false},"excerpt":{"rendered":"<p>&nbsp; \u0130nsan ve Toplum Bilimleri Fak\u00fcltesinin misyonu \u00f6\u011frencilerimizi \u00fclkemizin temel ihtiyac\u0131 olan alanlarda (temel ve uygulamal\u0131 bilimler, sosyal bilimler, \u00f6\u011fretmenlik, vb.) ve se\u00e7tikleri mesleklerde en son bilgi ve teknoloji ile e\u011fitmek; analitik ve ele\u015ftirel d\u00fc\u015f\u00fcnmeyi, \u00f6zg\u00fcveni, tak\u0131m olma ve liderlik becerilerini geli\u015ftirmek, hayat boyu \u00f6\u011frenmeye, etik bilin\u00e7 ile bilime, teknolojiye ve insanl\u0131\u011f\u0131n iyili\u011fine katk\u0131da bulunmaya [&hellip;]<\/p>\n","protected":false},"author":1,"featured_media":0,"parent":0,"menu_order":0,"comment_status":"closed","ping_status":"closed","template":"genel_sayfa.php","meta":{"footnotes":""},"yoast_head":"<!-- This site is optimized with the Yoast SEO Premium plugin v22.1 (Yoast SEO v22.1) - https:\/\/yoast.com\/wordpress\/plugins\/seo\/ -->\n<title>Dekan - \u0130nsan ve Toplum Bilimleri Fak\u00fcltesi<\/title>\n<meta name=\"robots\" content=\"index, follow, max-snippet:-1, max-image-preview:large, max-video-preview:-1\" \/>\n<link rel=\"canonical\" href=\"https:\/\/ticaret.edu.tr\/insan-ve-toplum-bilimleri-fakultesi\/dekan\/\" \/>\n<meta property=\"og:locale\" content=\"tr_TR\" \/>\n<meta property=\"og:type\" content=\"article\" \/>\n<meta property=\"og:title\" content=\"Dekan\" \/>\n<meta property=\"og:description\" content=\"&nbsp; \u0130nsan ve Toplum Bilimleri Fak\u00fcltesinin misyonu \u00f6\u011frencilerimizi \u00fclkemizin temel ihtiyac\u0131 olan alanlarda (temel ve uygulamal\u0131 bilimler, sosyal bilimler, \u00f6\u011fretmenlik, vb.) ve se\u00e7tikleri mesleklerde en son bilgi ve teknoloji ile e\u011fitmek; analitik ve ele\u015ftirel d\u00fc\u015f\u00fcnmeyi, \u00f6zg\u00fcveni, tak\u0131m olma ve liderlik becerilerini geli\u015ftirmek, hayat boyu \u00f6\u011frenmeye, etik bilin\u00e7 ile bilime, teknolojiye ve insanl\u0131\u011f\u0131n iyili\u011fine katk\u0131da bulunmaya [&hellip;]\" \/>\n<meta property=\"og:url\" content=\"https:\/\/ticaret.edu.tr\/insan-ve-toplum-bilimleri-fakultesi\/dekan\/\" \/>\n<meta property=\"og:site_name\" content=\"\u0130nsan ve Toplum Bilimleri Fak\u00fcltesi\" \/>\n<meta property=\"article:publisher\" content=\"https:\/\/www.facebook.com\/ticaretedutr\" \/>\n<meta property=\"article:modified_time\" content=\"2025-10-24T14:48:36+00:00\" \/>\n<meta property=\"og:image\" content=\"http:\/\/ticaret.edu.tr\/insan-ve-toplum-bilimleri-fakultesi\/wp-content\/uploads\/sites\/3\/2025\/10\/DSCF340111111-scaled.jpg\" \/>\n<meta name=\"twitter:card\" content=\"summary_large_image\" \/>\n<meta name=\"twitter:site\" content=\"@ticaretedutr\" \/>\n<meta name=\"twitter:label1\" content=\"Tahmini okuma s\u00fcresi\" \/>\n\t<meta name=\"twitter:data1\" content=\"2 dakika\" \/>\n<script type=\"application\/ld+json\" class=\"yoast-schema-graph\">{\"@context\":\"https:\/\/schema.org\",\"@graph\":[{\"@type\":\"WebPage\",\"@id\":\"https:\/\/ticaret.edu.tr\/insan-ve-toplum-bilimleri-fakultesi\/dekan\/\",\"url\":\"https:\/\/ticaret.edu.tr\/insan-ve-toplum-bilimleri-fakultesi\/dekan\/\",\"name\":\"Dekan - \u0130nsan ve Toplum Bilimleri Fak\u00fcltesi\",\"isPartOf\":{\"@id\":\"http:\/\/ticaret.edu.tr\/insan-ve-toplum-bilimleri-fakultesi\/en\/#website\"},\"datePublished\":\"2020-04-26T14:12:20+00:00\",\"dateModified\":\"2025-10-24T14:48:36+00:00\",\"breadcrumb\":{\"@id\":\"https:\/\/ticaret.edu.tr\/insan-ve-toplum-bilimleri-fakultesi\/dekan\/#breadcrumb\"},\"inLanguage\":\"tr\",\"potentialAction\":[{\"@type\":\"ReadAction\",\"target\":[\"https:\/\/ticaret.edu.tr\/insan-ve-toplum-bilimleri-fakultesi\/dekan\/\"]}]},{\"@type\":\"BreadcrumbList\",\"@id\":\"https:\/\/ticaret.edu.tr\/insan-ve-toplum-bilimleri-fakultesi\/dekan\/#breadcrumb\",\"itemListElement\":[{\"@type\":\"ListItem\",\"position\":1,\"name\":\"Ana sayfa\",\"item\":\"https:\/\/ticaret.edu.tr\/insan-ve-toplum-bilimleri-fakultesi\/\"},{\"@type\":\"ListItem\",\"position\":2,\"name\":\"Dekan\"}]},{\"@type\":\"WebSite\",\"@id\":\"http:\/\/ticaret.edu.tr\/insan-ve-toplum-bilimleri-fakultesi\/en\/#website\",\"url\":\"http:\/\/ticaret.edu.tr\/insan-ve-toplum-bilimleri-fakultesi\/en\/\",\"name\":\"\u0130nsan ve Toplum Bilimleri Fak\u00fcltesi\",\"description\":\"\",\"potentialAction\":[{\"@type\":\"SearchAction\",\"target\":{\"@type\":\"EntryPoint\",\"urlTemplate\":\"http:\/\/ticaret.edu.tr\/insan-ve-toplum-bilimleri-fakultesi\/en\/?s={search_term_string}\"},\"query-input\":\"required name=search_term_string\"}],\"inLanguage\":\"tr\"}]}<\/script>\n<!-- \/ Yoast SEO Premium plugin. -->","yoast_head_json":{"title":"Dekan - \u0130nsan ve Toplum Bilimleri Fak\u00fcltesi","robots":{"index":"index","follow":"follow","max-snippet":"max-snippet:-1","max-image-preview":"max-image-preview:large","max-video-preview":"max-video-preview:-1"},"canonical":"https:\/\/ticaret.edu.tr\/insan-ve-toplum-bilimleri-fakultesi\/dekan\/","og_locale":"tr_TR","og_type":"article","og_title":"Dekan","og_description":"&nbsp; \u0130nsan ve Toplum Bilimleri Fak\u00fcltesinin misyonu \u00f6\u011frencilerimizi \u00fclkemizin temel ihtiyac\u0131 olan alanlarda (temel ve uygulamal\u0131 bilimler, sosyal bilimler, \u00f6\u011fretmenlik, vb.) ve se\u00e7tikleri mesleklerde en son bilgi ve teknoloji ile e\u011fitmek; analitik ve ele\u015ftirel d\u00fc\u015f\u00fcnmeyi, \u00f6zg\u00fcveni, tak\u0131m olma ve liderlik becerilerini geli\u015ftirmek, hayat boyu \u00f6\u011frenmeye, etik bilin\u00e7 ile bilime, teknolojiye ve insanl\u0131\u011f\u0131n iyili\u011fine katk\u0131da bulunmaya [&hellip;]","og_url":"https:\/\/ticaret.edu.tr\/insan-ve-toplum-bilimleri-fakultesi\/dekan\/","og_site_name":"\u0130nsan ve Toplum Bilimleri Fak\u00fcltesi","article_publisher":"https:\/\/www.facebook.com\/ticaretedutr","article_modified_time":"2025-10-24T14:48:36+00:00","og_image":[{"url":"http:\/\/ticaret.edu.tr\/insan-ve-toplum-bilimleri-fakultesi\/wp-content\/uploads\/sites\/3\/2025\/10\/DSCF340111111-scaled.jpg"}],"twitter_card":"summary_large_image","twitter_site":"@ticaretedutr","twitter_misc":{"Tahmini okuma s\u00fcresi":"2 dakika"},"schema":{"@context":"https:\/\/schema.org","@graph":[{"@type":"WebPage","@id":"https:\/\/ticaret.edu.tr\/insan-ve-toplum-bilimleri-fakultesi\/dekan\/","url":"https:\/\/ticaret.edu.tr\/insan-ve-toplum-bilimleri-fakultesi\/dekan\/","name":"Dekan - \u0130nsan ve Toplum Bilimleri Fak\u00fcltesi","isPartOf":{"@id":"http:\/\/ticaret.edu.tr\/insan-ve-toplum-bilimleri-fakultesi\/en\/#website"},"datePublished":"2020-04-26T14:12:20+00:00","dateModified":"2025-10-24T14:48:36+00:00","breadcrumb":{"@id":"https:\/\/ticaret.edu.tr\/insan-ve-toplum-bilimleri-fakultesi\/dekan\/#breadcrumb"},"inLanguage":"tr","potentialAction":[{"@type":"ReadAction","target":["https:\/\/ticaret.edu.tr\/insan-ve-toplum-bilimleri-fakultesi\/dekan\/"]}]},{"@type":"BreadcrumbList","@id":"https:\/\/ticaret.edu.tr\/insan-ve-toplum-bilimleri-fakultesi\/dekan\/#breadcrumb","itemListElement":[{"@type":"ListItem","position":1,"name":"Ana sayfa","item":"https:\/\/ticaret.edu.tr\/insan-ve-toplum-bilimleri-fakultesi\/"},{"@type":"ListItem","position":2,"name":"Dekan"}]},{"@type":"WebSite","@id":"http:\/\/ticaret.edu.tr\/insan-ve-toplum-bilimleri-fakultesi\/en\/#website","url":"http:\/\/ticaret.edu.tr\/insan-ve-toplum-bilimleri-fakultesi\/en\/","name":"\u0130nsan ve Toplum Bilimleri Fak\u00fcltesi","description":"","potentialAction":[{"@type":"SearchAction","target":{"@type":"EntryPoint","urlTemplate":"http:\/\/ticaret.edu.tr\/insan-ve-toplum-bilimleri-fakultesi\/en\/?s={search_term_string}"},"query-input":"required name=search_term_string"}],"inLanguage":"tr"}]}},"lang":"tr","translations":{"en":393,"tr":21},"pll_sync_post":[],"_links":{"self":[{"href":"http:\/\/ticaret.edu.tr\/insan-ve-toplum-bilimleri-fakultesi\/wp-json\/wp\/v2\/pages\/21"}],"collection":[{"href":"http:\/\/ticaret.edu.tr\/insan-ve-toplum-bilimleri-fakultesi\/wp-json\/wp\/v2\/pages"}],"about":[{"href":"http:\/\/ticaret.edu.tr\/insan-ve-toplum-bilimleri-fakultesi\/wp-json\/wp\/v2\/types\/page"}],"author":[{"embeddable":true,"href":"http:\/\/ticaret.edu.tr\/insan-ve-toplum-bilimleri-fakultesi\/wp-json\/wp\/v2\/users\/1"}],"replies":[{"embeddable":true,"href":"http:\/\/ticaret.edu.tr\/insan-ve-toplum-bilimleri-fakultesi\/wp-json\/wp\/v2\/comments?post=21"}],"version-history":[{"count":12,"href":"http:\/\/ticaret.edu.tr\/insan-ve-toplum-bilimleri-fakultesi\/wp-json\/wp\/v2\/pages\/21\/revisions"}],"predecessor-version":[{"id":1600,"href":"http:\/\/ticaret.edu.tr\/insan-ve-toplum-bilimleri-fakultesi\/wp-json\/wp\/v2\/pages\/21\/revisions\/1600"}],"wp:attachment":[{"href":"http:\/\/ticaret.edu.tr\/insan-ve-toplum-bilimleri-fakultesi\/wp-json\/wp\/v2\/media?parent=21"}],"curies":[{"name":"wp","href":"https:\/\/api.w.org\/{rel}","templated":true}]}}