{"id":867,"date":"2024-02-29T14:15:06","date_gmt":"2024-02-29T11:15:06","guid":{"rendered":"https:\/\/ticaret.edu.tr\/insan-ve-toplum-bilimleri-fakultesi\/?page_id=867"},"modified":"2026-02-23T10:06:24","modified_gmt":"2026-02-23T07:06:24","slug":"fakulte-kurulu","status":"publish","type":"page","link":"http:\/\/ticaret.edu.tr\/insan-ve-toplum-bilimleri-fakultesi\/fakulte-kurulu\/","title":{"rendered":"Fak\u00fclte Kurulu"},"content":{"rendered":"<table style=\"height: 475px\" border=\"1\" width=\"990\">\n<tbody>\n<tr>\n<td style=\"text-align: center\" colspan=\"2\" width=\"951\"><strong>FAK\u00dcLTE KURULU \u00dcYELER\u0130<\/strong><\/td>\n<\/tr>\n<tr>\n<td width=\"351\">Prof. Dr. Ahmet KAVAS<\/td>\n<td width=\"600\">Dekan V.<\/td>\n<\/tr>\n<tr>\n<td width=\"351\">Prof. Dr. Hanifi PARLAR<\/td>\n<td width=\"600\">E\u011fitim Bilimleri B\u00f6l\u00fcm Ba\u015fkan\u0131<\/td>\n<\/tr>\n<tr>\n<td width=\"351\">Prof. Dr. Necmettin DO\u011eAN<\/td>\n<td width=\"600\">Sosyoloji B\u00f6l\u00fcm Ba\u015fkan V.<\/td>\n<\/tr>\n<tr>\n<td width=\"351\">Prof. Dr. \u00d6zlem DEN\u0130Z BA\u015eAR<\/td>\n<td width=\"600\">\u0130statistik B\u00f6l\u00fcm Ba\u015fkan V.<\/td>\n<\/tr>\n<tr>\n<td width=\"351\">Do\u00e7. Dr. Abdullah YENER<\/td>\n<td width=\"600\">Matematik B\u00f6l\u00fcm Ba\u015fkan V.<\/td>\n<\/tr>\n<tr>\n<td width=\"351\">Do\u00e7. Dr. Ayfer Gen\u00e7 YILMAZ<\/td>\n<td width=\"600\">Siyaset Bilimi ve Uluslararas\u0131 \u0130li\u015fkiler B\u00f6l\u00fcm Ba\u015fkan\u0131 (T\u00fcrk\u00e7e) V.<\/td>\n<\/tr>\n<tr>\n<td width=\"351\">Do\u00e7. Dr. U\u011fur Yasin ASAL<\/td>\n<td width=\"600\">Siyaset Bilimi Ve Uluslararas\u0131 \u0130li\u015fkiler B\u00f6l\u00fcm Ba\u015fkan\u0131 (\u0130ngilizce)<\/td>\n<\/tr>\n<tr>\n<td width=\"351\">Dr. \u00d6\u011fr. \u00dcyesi Yasemin KU\u015e<\/td>\n<td width=\"600\">Psikoloji B\u00f6l\u00fcm Ba\u015fkan\u0131<\/td>\n<\/tr>\n<tr>\n<td width=\"351\">Prof. Dr. El\u00e7in AYKA\u00c7 ALP<\/td>\n<td width=\"600\">Se\u00e7ilmi\u015f \u00dcye<\/td>\n<\/tr>\n<tr>\n<td width=\"351\">Prof. Dr. \u00d6mer \u00c7AHA<\/td>\n<td width=\"600\">Se\u00e7ilmi\u015f \u00dcye<\/td>\n<\/tr>\n<tr>\n<td width=\"351\">Prof. Dr. Abdullah AVEY<\/td>\n<td width=\"600\">Se\u00e7ilmi\u015f \u00dcye<\/td>\n<\/tr>\n<tr>\n<td width=\"351\">Do\u00e7. Dr. Derya DEN\u0130Z<\/td>\n<td width=\"600\">Se\u00e7ilmi\u015f \u00dcye<\/td>\n<\/tr>\n<tr>\n<td width=\"351\">Do\u00e7. Dr. Nigar TU\u011eSUZ<\/td>\n<td width=\"600\">Se\u00e7ilmi\u015f \u00dcye<\/td>\n<\/tr>\n<tr>\n<td width=\"351\">Dr. \u00d6\u011fr. \u00dcyesi L\u00fctf\u00fc \u00c7AKIR<\/td>\n<td width=\"600\">Se\u00e7ilmi\u015f \u00dcye<\/td>\n<\/tr>\n<\/tbody>\n<\/table>\n","protected":false},"excerpt":{"rendered":"<p>FAK\u00dcLTE KURULU \u00dcYELER\u0130 Prof. Dr. Ahmet KAVAS Dekan V. Prof. Dr. Hanifi PARLAR E\u011fitim Bilimleri B\u00f6l\u00fcm Ba\u015fkan\u0131 Prof. Dr. Necmettin DO\u011eAN Sosyoloji B\u00f6l\u00fcm Ba\u015fkan V. Prof. Dr. \u00d6zlem DEN\u0130Z BA\u015eAR \u0130statistik B\u00f6l\u00fcm Ba\u015fkan V. Do\u00e7. Dr. Abdullah YENER Matematik B\u00f6l\u00fcm Ba\u015fkan V. Do\u00e7. Dr. Ayfer Gen\u00e7 YILMAZ Siyaset Bilimi ve Uluslararas\u0131 \u0130li\u015fkiler B\u00f6l\u00fcm Ba\u015fkan\u0131 (T\u00fcrk\u00e7e) [&hellip;]<\/p>\n","protected":false},"author":187,"featured_media":0,"parent":0,"menu_order":0,"comment_status":"closed","ping_status":"closed","template":"genel_sayfa.php","meta":{"footnotes":""},"yoast_head":"<!-- This site is optimized with the Yoast SEO Premium plugin v22.1 (Yoast SEO v22.1) - https:\/\/yoast.com\/wordpress\/plugins\/seo\/ -->\n<title>Fak\u00fclte Kurulu - \u0130nsan ve Toplum Bilimleri Fak\u00fcltesi<\/title>\n<meta name=\"robots\" content=\"index, follow, max-snippet:-1, max-image-preview:large, max-video-preview:-1\" \/>\n<link rel=\"canonical\" href=\"http:\/\/ticaret.edu.tr\/insan-ve-toplum-bilimleri-fakultesi\/fakulte-kurulu\/\" \/>\n<meta property=\"og:locale\" content=\"tr_TR\" \/>\n<meta property=\"og:type\" content=\"article\" \/>\n<meta property=\"og:title\" content=\"Fak\u00fclte Kurulu\" \/>\n<meta property=\"og:description\" content=\"FAK\u00dcLTE KURULU \u00dcYELER\u0130 Prof. Dr. Ahmet KAVAS Dekan V. Prof. Dr. Hanifi PARLAR E\u011fitim Bilimleri B\u00f6l\u00fcm Ba\u015fkan\u0131 Prof. Dr. Necmettin DO\u011eAN Sosyoloji B\u00f6l\u00fcm Ba\u015fkan V. Prof. Dr. \u00d6zlem DEN\u0130Z BA\u015eAR \u0130statistik B\u00f6l\u00fcm Ba\u015fkan V. Do\u00e7. Dr. Abdullah YENER Matematik B\u00f6l\u00fcm Ba\u015fkan V. Do\u00e7. Dr. Ayfer Gen\u00e7 YILMAZ Siyaset Bilimi ve Uluslararas\u0131 \u0130li\u015fkiler B\u00f6l\u00fcm Ba\u015fkan\u0131 (T\u00fcrk\u00e7e) [&hellip;]\" \/>\n<meta property=\"og:url\" content=\"http:\/\/ticaret.edu.tr\/insan-ve-toplum-bilimleri-fakultesi\/fakulte-kurulu\/\" \/>\n<meta property=\"og:site_name\" content=\"\u0130nsan ve Toplum Bilimleri Fak\u00fcltesi\" \/>\n<meta property=\"article:publisher\" content=\"https:\/\/www.facebook.com\/ticaretedutr\" \/>\n<meta property=\"article:modified_time\" content=\"2026-02-23T07:06:24+00:00\" \/>\n<meta property=\"og:image\" content=\"http:\/\/ticaret.edu.tr\/insan-ve-toplum-bilimleri-fakultesi\/wp-content\/uploads\/sites\/3\/2021\/11\/web_logo-01.jpg\" \/>\n\t<meta property=\"og:image:width\" content=\"1250\" \/>\n\t<meta property=\"og:image:height\" content=\"833\" \/>\n\t<meta property=\"og:image:type\" content=\"image\/jpeg\" \/>\n<meta name=\"twitter:card\" content=\"summary_large_image\" \/>\n<meta name=\"twitter:site\" content=\"@ticaretedutr\" \/>\n<meta name=\"twitter:label1\" content=\"Tahmini okuma s\u00fcresi\" \/>\n\t<meta name=\"twitter:data1\" content=\"1 dakika\" \/>\n<script type=\"application\/ld+json\" class=\"yoast-schema-graph\">{\"@context\":\"https:\/\/schema.org\",\"@graph\":[{\"@type\":\"WebPage\",\"@id\":\"http:\/\/ticaret.edu.tr\/insan-ve-toplum-bilimleri-fakultesi\/fakulte-kurulu\/\",\"url\":\"http:\/\/ticaret.edu.tr\/insan-ve-toplum-bilimleri-fakultesi\/fakulte-kurulu\/\",\"name\":\"Fak\u00fclte Kurulu - \u0130nsan ve Toplum Bilimleri Fak\u00fcltesi\",\"isPartOf\":{\"@id\":\"http:\/\/ticaret.edu.tr\/insan-ve-toplum-bilimleri-fakultesi\/en\/#website\"},\"datePublished\":\"2024-02-29T11:15:06+00:00\",\"dateModified\":\"2026-02-23T07:06:24+00:00\",\"breadcrumb\":{\"@id\":\"http:\/\/ticaret.edu.tr\/insan-ve-toplum-bilimleri-fakultesi\/fakulte-kurulu\/#breadcrumb\"},\"inLanguage\":\"tr\",\"potentialAction\":[{\"@type\":\"ReadAction\",\"target\":[\"http:\/\/ticaret.edu.tr\/insan-ve-toplum-bilimleri-fakultesi\/fakulte-kurulu\/\"]}]},{\"@type\":\"BreadcrumbList\",\"@id\":\"http:\/\/ticaret.edu.tr\/insan-ve-toplum-bilimleri-fakultesi\/fakulte-kurulu\/#breadcrumb\",\"itemListElement\":[{\"@type\":\"ListItem\",\"position\":1,\"name\":\"Ana sayfa\",\"item\":\"https:\/\/ticaret.edu.tr\/insan-ve-toplum-bilimleri-fakultesi\/\"},{\"@type\":\"ListItem\",\"position\":2,\"name\":\"Fak\u00fclte Kurulu\"}]},{\"@type\":\"WebSite\",\"@id\":\"http:\/\/ticaret.edu.tr\/insan-ve-toplum-bilimleri-fakultesi\/en\/#website\",\"url\":\"http:\/\/ticaret.edu.tr\/insan-ve-toplum-bilimleri-fakultesi\/en\/\",\"name\":\"\u0130nsan ve Toplum Bilimleri Fak\u00fcltesi\",\"description\":\"\",\"potentialAction\":[{\"@type\":\"SearchAction\",\"target\":{\"@type\":\"EntryPoint\",\"urlTemplate\":\"http:\/\/ticaret.edu.tr\/insan-ve-toplum-bilimleri-fakultesi\/en\/?s={search_term_string}\"},\"query-input\":\"required name=search_term_string\"}],\"inLanguage\":\"tr\"}]}<\/script>\n<!-- \/ Yoast SEO Premium plugin. -->","yoast_head_json":{"title":"Fak\u00fclte Kurulu - \u0130nsan ve Toplum Bilimleri Fak\u00fcltesi","robots":{"index":"index","follow":"follow","max-snippet":"max-snippet:-1","max-image-preview":"max-image-preview:large","max-video-preview":"max-video-preview:-1"},"canonical":"http:\/\/ticaret.edu.tr\/insan-ve-toplum-bilimleri-fakultesi\/fakulte-kurulu\/","og_locale":"tr_TR","og_type":"article","og_title":"Fak\u00fclte Kurulu","og_description":"FAK\u00dcLTE KURULU \u00dcYELER\u0130 Prof. Dr. Ahmet KAVAS Dekan V. Prof. Dr. Hanifi PARLAR E\u011fitim Bilimleri B\u00f6l\u00fcm Ba\u015fkan\u0131 Prof. Dr. Necmettin DO\u011eAN Sosyoloji B\u00f6l\u00fcm Ba\u015fkan V. Prof. Dr. \u00d6zlem DEN\u0130Z BA\u015eAR \u0130statistik B\u00f6l\u00fcm Ba\u015fkan V. Do\u00e7. Dr. Abdullah YENER Matematik B\u00f6l\u00fcm Ba\u015fkan V. Do\u00e7. Dr. Ayfer Gen\u00e7 YILMAZ Siyaset Bilimi ve Uluslararas\u0131 \u0130li\u015fkiler B\u00f6l\u00fcm Ba\u015fkan\u0131 (T\u00fcrk\u00e7e) [&hellip;]","og_url":"http:\/\/ticaret.edu.tr\/insan-ve-toplum-bilimleri-fakultesi\/fakulte-kurulu\/","og_site_name":"\u0130nsan ve Toplum Bilimleri Fak\u00fcltesi","article_publisher":"https:\/\/www.facebook.com\/ticaretedutr","article_modified_time":"2026-02-23T07:06:24+00:00","og_image":[{"width":1250,"height":833,"url":"http:\/\/ticaret.edu.tr\/insan-ve-toplum-bilimleri-fakultesi\/wp-content\/uploads\/sites\/3\/2021\/11\/web_logo-01.jpg","type":"image\/jpeg"}],"twitter_card":"summary_large_image","twitter_site":"@ticaretedutr","twitter_misc":{"Tahmini okuma s\u00fcresi":"1 dakika"},"schema":{"@context":"https:\/\/schema.org","@graph":[{"@type":"WebPage","@id":"http:\/\/ticaret.edu.tr\/insan-ve-toplum-bilimleri-fakultesi\/fakulte-kurulu\/","url":"http:\/\/ticaret.edu.tr\/insan-ve-toplum-bilimleri-fakultesi\/fakulte-kurulu\/","name":"Fak\u00fclte Kurulu - \u0130nsan ve Toplum Bilimleri Fak\u00fcltesi","isPartOf":{"@id":"http:\/\/ticaret.edu.tr\/insan-ve-toplum-bilimleri-fakultesi\/en\/#website"},"datePublished":"2024-02-29T11:15:06+00:00","dateModified":"2026-02-23T07:06:24+00:00","breadcrumb":{"@id":"http:\/\/ticaret.edu.tr\/insan-ve-toplum-bilimleri-fakultesi\/fakulte-kurulu\/#breadcrumb"},"inLanguage":"tr","potentialAction":[{"@type":"ReadAction","target":["http:\/\/ticaret.edu.tr\/insan-ve-toplum-bilimleri-fakultesi\/fakulte-kurulu\/"]}]},{"@type":"BreadcrumbList","@id":"http:\/\/ticaret.edu.tr\/insan-ve-toplum-bilimleri-fakultesi\/fakulte-kurulu\/#breadcrumb","itemListElement":[{"@type":"ListItem","position":1,"name":"Ana sayfa","item":"https:\/\/ticaret.edu.tr\/insan-ve-toplum-bilimleri-fakultesi\/"},{"@type":"ListItem","position":2,"name":"Fak\u00fclte Kurulu"}]},{"@type":"WebSite","@id":"http:\/\/ticaret.edu.tr\/insan-ve-toplum-bilimleri-fakultesi\/en\/#website","url":"http:\/\/ticaret.edu.tr\/insan-ve-toplum-bilimleri-fakultesi\/en\/","name":"\u0130nsan ve Toplum Bilimleri Fak\u00fcltesi","description":"","potentialAction":[{"@type":"SearchAction","target":{"@type":"EntryPoint","urlTemplate":"http:\/\/ticaret.edu.tr\/insan-ve-toplum-bilimleri-fakultesi\/en\/?s={search_term_string}"},"query-input":"required name=search_term_string"}],"inLanguage":"tr"}]}},"lang":"tr","translations":{"tr":867,"en":1280},"pll_sync_post":[],"_links":{"self":[{"href":"http:\/\/ticaret.edu.tr\/insan-ve-toplum-bilimleri-fakultesi\/wp-json\/wp\/v2\/pages\/867"}],"collection":[{"href":"http:\/\/ticaret.edu.tr\/insan-ve-toplum-bilimleri-fakultesi\/wp-json\/wp\/v2\/pages"}],"about":[{"href":"http:\/\/ticaret.edu.tr\/insan-ve-toplum-bilimleri-fakultesi\/wp-json\/wp\/v2\/types\/page"}],"author":[{"embeddable":true,"href":"http:\/\/ticaret.edu.tr\/insan-ve-toplum-bilimleri-fakultesi\/wp-json\/wp\/v2\/users\/187"}],"replies":[{"embeddable":true,"href":"http:\/\/ticaret.edu.tr\/insan-ve-toplum-bilimleri-fakultesi\/wp-json\/wp\/v2\/comments?post=867"}],"version-history":[{"count":39,"href":"http:\/\/ticaret.edu.tr\/insan-ve-toplum-bilimleri-fakultesi\/wp-json\/wp\/v2\/pages\/867\/revisions"}],"predecessor-version":[{"id":1849,"href":"http:\/\/ticaret.edu.tr\/insan-ve-toplum-bilimleri-fakultesi\/wp-json\/wp\/v2\/pages\/867\/revisions\/1849"}],"wp:attachment":[{"href":"http:\/\/ticaret.edu.tr\/insan-ve-toplum-bilimleri-fakultesi\/wp-json\/wp\/v2\/media?parent=867"}],"curies":[{"name":"wp","href":"https:\/\/api.w.org\/{rel}","templated":true}]}}