{"id":869,"date":"2024-02-29T14:10:02","date_gmt":"2024-02-29T11:10:02","guid":{"rendered":"https:\/\/ticaret.edu.tr\/insan-ve-toplum-bilimleri-fakultesi\/?page_id=869"},"modified":"2026-02-23T10:12:25","modified_gmt":"2026-02-23T07:12:25","slug":"fakulte-yonetim-kurulu","status":"publish","type":"page","link":"http:\/\/ticaret.edu.tr\/insan-ve-toplum-bilimleri-fakultesi\/fakulte-yonetim-kurulu\/","title":{"rendered":"Fak\u00fclte Y\u00f6netim Kurulu"},"content":{"rendered":"<table border=\"1\" width=\"100%\">\n<tbody>\n<tr>\n<td style=\"text-align: center\" colspan=\"2\" width=\"527\"><strong>FAK\u00dcLTE Y\u00d6NET\u0130M KURULU \u00dcYELER\u0130<\/strong><\/td>\n<\/tr>\n<tr>\n<td width=\"305\">Prof. Dr. Ahmet KAVAS<\/td>\n<td width=\"222\">Dekan V.<\/td>\n<\/tr>\n<tr>\n<td width=\"305\">Prof. Dr. \u00d6mer \u00c7AHA<\/td>\n<td width=\"222\">Se\u00e7ilmi\u015f \u00dcye<\/td>\n<\/tr>\n<tr>\n<td width=\"305\">Prof. Dr. \u00d6zlem DEN\u0130Z BA\u015eAR<\/td>\n<td width=\"222\">Se\u00e7ilmi\u015f \u00dcye<\/td>\n<\/tr>\n<tr>\n<td width=\"305\">Prof. Dr. Oya DA\u011eLAR MACAR<\/td>\n<td width=\"222\">Se\u00e7ilmi\u015f \u00dcye<\/td>\n<\/tr>\n<tr>\n<td width=\"305\">Do\u00e7. Dr. Derya Deniz<\/td>\n<td width=\"222\">Se\u00e7ilmi\u015f \u00dcye<\/td>\n<\/tr>\n<tr>\n<td width=\"305\">Do\u00e7. Dr. Abdullah Yener<\/td>\n<td width=\"222\">Se\u00e7ilmi\u015f \u00dcye<\/td>\n<\/tr>\n<tr>\n<td width=\"305\">Dr. \u00d6\u011fr. \u00dcyesi L\u00fctf\u00fc \u00c7AKIR<\/td>\n<td width=\"222\">Se\u00e7ilmi\u015f \u00dcye<\/td>\n<\/tr>\n<\/tbody>\n<\/table>\n","protected":false},"excerpt":{"rendered":"<p>FAK\u00dcLTE Y\u00d6NET\u0130M KURULU \u00dcYELER\u0130 Prof. Dr. Ahmet KAVAS Dekan V. Prof. Dr. \u00d6mer \u00c7AHA Se\u00e7ilmi\u015f \u00dcye Prof. Dr. \u00d6zlem DEN\u0130Z BA\u015eAR Se\u00e7ilmi\u015f \u00dcye Prof. Dr. Oya DA\u011eLAR MACAR Se\u00e7ilmi\u015f \u00dcye Do\u00e7. Dr. Derya Deniz Se\u00e7ilmi\u015f \u00dcye Do\u00e7. Dr. Abdullah Yener Se\u00e7ilmi\u015f \u00dcye Dr. \u00d6\u011fr. \u00dcyesi L\u00fctf\u00fc \u00c7AKIR Se\u00e7ilmi\u015f \u00dcye<\/p>\n","protected":false},"author":187,"featured_media":0,"parent":0,"menu_order":0,"comment_status":"closed","ping_status":"closed","template":"genel_sayfa.php","meta":{"footnotes":""},"yoast_head":"<!-- This site is optimized with the Yoast SEO Premium plugin v22.1 (Yoast SEO v22.1) - https:\/\/yoast.com\/wordpress\/plugins\/seo\/ -->\n<title>Fak\u00fclte Y\u00f6netim Kurulu - \u0130nsan ve Toplum Bilimleri Fak\u00fcltesi<\/title>\n<meta name=\"robots\" content=\"index, follow, max-snippet:-1, max-image-preview:large, max-video-preview:-1\" \/>\n<link rel=\"canonical\" href=\"https:\/\/ticaret.edu.tr\/insan-ve-toplum-bilimleri-fakultesi\/fakulte-yonetim-kurulu\/\" \/>\n<meta property=\"og:locale\" content=\"tr_TR\" \/>\n<meta property=\"og:type\" content=\"article\" \/>\n<meta property=\"og:title\" content=\"Fak\u00fclte Y\u00f6netim Kurulu\" \/>\n<meta property=\"og:description\" content=\"FAK\u00dcLTE Y\u00d6NET\u0130M KURULU \u00dcYELER\u0130 Prof. Dr. Ahmet KAVAS Dekan V. Prof. Dr. \u00d6mer \u00c7AHA Se\u00e7ilmi\u015f \u00dcye Prof. Dr. \u00d6zlem DEN\u0130Z BA\u015eAR Se\u00e7ilmi\u015f \u00dcye Prof. Dr. Oya DA\u011eLAR MACAR Se\u00e7ilmi\u015f \u00dcye Do\u00e7. Dr. Derya Deniz Se\u00e7ilmi\u015f \u00dcye Do\u00e7. Dr. Abdullah Yener Se\u00e7ilmi\u015f \u00dcye Dr. \u00d6\u011fr. \u00dcyesi L\u00fctf\u00fc \u00c7AKIR Se\u00e7ilmi\u015f \u00dcye\" \/>\n<meta property=\"og:url\" content=\"https:\/\/ticaret.edu.tr\/insan-ve-toplum-bilimleri-fakultesi\/fakulte-yonetim-kurulu\/\" \/>\n<meta property=\"og:site_name\" content=\"\u0130nsan ve Toplum Bilimleri Fak\u00fcltesi\" \/>\n<meta property=\"article:publisher\" content=\"https:\/\/www.facebook.com\/ticaretedutr\" \/>\n<meta property=\"article:modified_time\" content=\"2026-02-23T07:12:25+00:00\" \/>\n<meta property=\"og:image\" content=\"http:\/\/ticaret.edu.tr\/insan-ve-toplum-bilimleri-fakultesi\/wp-content\/uploads\/sites\/3\/2021\/11\/web_logo-01.jpg\" \/>\n\t<meta property=\"og:image:width\" content=\"1250\" \/>\n\t<meta property=\"og:image:height\" content=\"833\" \/>\n\t<meta property=\"og:image:type\" content=\"image\/jpeg\" \/>\n<meta name=\"twitter:card\" content=\"summary_large_image\" \/>\n<meta name=\"twitter:site\" content=\"@ticaretedutr\" \/>\n<meta name=\"twitter:label1\" content=\"Tahmini okuma s\u00fcresi\" \/>\n\t<meta name=\"twitter:data1\" content=\"1 dakika\" \/>\n<script type=\"application\/ld+json\" class=\"yoast-schema-graph\">{\"@context\":\"https:\/\/schema.org\",\"@graph\":[{\"@type\":\"WebPage\",\"@id\":\"https:\/\/ticaret.edu.tr\/insan-ve-toplum-bilimleri-fakultesi\/fakulte-yonetim-kurulu\/\",\"url\":\"https:\/\/ticaret.edu.tr\/insan-ve-toplum-bilimleri-fakultesi\/fakulte-yonetim-kurulu\/\",\"name\":\"Fak\u00fclte Y\u00f6netim Kurulu - \u0130nsan ve Toplum Bilimleri Fak\u00fcltesi\",\"isPartOf\":{\"@id\":\"https:\/\/ticaret.edu.tr\/insan-ve-toplum-bilimleri-fakultesi\/#website\"},\"datePublished\":\"2024-02-29T11:10:02+00:00\",\"dateModified\":\"2026-02-23T07:12:25+00:00\",\"breadcrumb\":{\"@id\":\"https:\/\/ticaret.edu.tr\/insan-ve-toplum-bilimleri-fakultesi\/fakulte-yonetim-kurulu\/#breadcrumb\"},\"inLanguage\":\"tr\",\"potentialAction\":[{\"@type\":\"ReadAction\",\"target\":[\"https:\/\/ticaret.edu.tr\/insan-ve-toplum-bilimleri-fakultesi\/fakulte-yonetim-kurulu\/\"]}]},{\"@type\":\"BreadcrumbList\",\"@id\":\"https:\/\/ticaret.edu.tr\/insan-ve-toplum-bilimleri-fakultesi\/fakulte-yonetim-kurulu\/#breadcrumb\",\"itemListElement\":[{\"@type\":\"ListItem\",\"position\":1,\"name\":\"Ana sayfa\",\"item\":\"https:\/\/ticaret.edu.tr\/insan-ve-toplum-bilimleri-fakultesi\/\"},{\"@type\":\"ListItem\",\"position\":2,\"name\":\"Fak\u00fclte Y\u00f6netim Kurulu\"}]},{\"@type\":\"WebSite\",\"@id\":\"https:\/\/ticaret.edu.tr\/insan-ve-toplum-bilimleri-fakultesi\/#website\",\"url\":\"https:\/\/ticaret.edu.tr\/insan-ve-toplum-bilimleri-fakultesi\/\",\"name\":\"\u0130nsan ve Toplum Bilimleri Fak\u00fcltesi\",\"description\":\"\",\"potentialAction\":[{\"@type\":\"SearchAction\",\"target\":{\"@type\":\"EntryPoint\",\"urlTemplate\":\"https:\/\/ticaret.edu.tr\/insan-ve-toplum-bilimleri-fakultesi\/?s={search_term_string}\"},\"query-input\":\"required name=search_term_string\"}],\"inLanguage\":\"tr\"}]}<\/script>\n<!-- \/ Yoast SEO Premium plugin. -->","yoast_head_json":{"title":"Fak\u00fclte Y\u00f6netim Kurulu - \u0130nsan ve Toplum Bilimleri Fak\u00fcltesi","robots":{"index":"index","follow":"follow","max-snippet":"max-snippet:-1","max-image-preview":"max-image-preview:large","max-video-preview":"max-video-preview:-1"},"canonical":"https:\/\/ticaret.edu.tr\/insan-ve-toplum-bilimleri-fakultesi\/fakulte-yonetim-kurulu\/","og_locale":"tr_TR","og_type":"article","og_title":"Fak\u00fclte Y\u00f6netim Kurulu","og_description":"FAK\u00dcLTE Y\u00d6NET\u0130M KURULU \u00dcYELER\u0130 Prof. Dr. Ahmet KAVAS Dekan V. Prof. Dr. \u00d6mer \u00c7AHA Se\u00e7ilmi\u015f \u00dcye Prof. Dr. \u00d6zlem DEN\u0130Z BA\u015eAR Se\u00e7ilmi\u015f \u00dcye Prof. Dr. Oya DA\u011eLAR MACAR Se\u00e7ilmi\u015f \u00dcye Do\u00e7. Dr. Derya Deniz Se\u00e7ilmi\u015f \u00dcye Do\u00e7. Dr. Abdullah Yener Se\u00e7ilmi\u015f \u00dcye Dr. \u00d6\u011fr. \u00dcyesi L\u00fctf\u00fc \u00c7AKIR Se\u00e7ilmi\u015f \u00dcye","og_url":"https:\/\/ticaret.edu.tr\/insan-ve-toplum-bilimleri-fakultesi\/fakulte-yonetim-kurulu\/","og_site_name":"\u0130nsan ve Toplum Bilimleri Fak\u00fcltesi","article_publisher":"https:\/\/www.facebook.com\/ticaretedutr","article_modified_time":"2026-02-23T07:12:25+00:00","og_image":[{"width":1250,"height":833,"url":"http:\/\/ticaret.edu.tr\/insan-ve-toplum-bilimleri-fakultesi\/wp-content\/uploads\/sites\/3\/2021\/11\/web_logo-01.jpg","type":"image\/jpeg"}],"twitter_card":"summary_large_image","twitter_site":"@ticaretedutr","twitter_misc":{"Tahmini okuma s\u00fcresi":"1 dakika"},"schema":{"@context":"https:\/\/schema.org","@graph":[{"@type":"WebPage","@id":"https:\/\/ticaret.edu.tr\/insan-ve-toplum-bilimleri-fakultesi\/fakulte-yonetim-kurulu\/","url":"https:\/\/ticaret.edu.tr\/insan-ve-toplum-bilimleri-fakultesi\/fakulte-yonetim-kurulu\/","name":"Fak\u00fclte Y\u00f6netim Kurulu - \u0130nsan ve Toplum Bilimleri Fak\u00fcltesi","isPartOf":{"@id":"https:\/\/ticaret.edu.tr\/insan-ve-toplum-bilimleri-fakultesi\/#website"},"datePublished":"2024-02-29T11:10:02+00:00","dateModified":"2026-02-23T07:12:25+00:00","breadcrumb":{"@id":"https:\/\/ticaret.edu.tr\/insan-ve-toplum-bilimleri-fakultesi\/fakulte-yonetim-kurulu\/#breadcrumb"},"inLanguage":"tr","potentialAction":[{"@type":"ReadAction","target":["https:\/\/ticaret.edu.tr\/insan-ve-toplum-bilimleri-fakultesi\/fakulte-yonetim-kurulu\/"]}]},{"@type":"BreadcrumbList","@id":"https:\/\/ticaret.edu.tr\/insan-ve-toplum-bilimleri-fakultesi\/fakulte-yonetim-kurulu\/#breadcrumb","itemListElement":[{"@type":"ListItem","position":1,"name":"Ana sayfa","item":"https:\/\/ticaret.edu.tr\/insan-ve-toplum-bilimleri-fakultesi\/"},{"@type":"ListItem","position":2,"name":"Fak\u00fclte Y\u00f6netim Kurulu"}]},{"@type":"WebSite","@id":"https:\/\/ticaret.edu.tr\/insan-ve-toplum-bilimleri-fakultesi\/#website","url":"https:\/\/ticaret.edu.tr\/insan-ve-toplum-bilimleri-fakultesi\/","name":"\u0130nsan ve Toplum Bilimleri Fak\u00fcltesi","description":"","potentialAction":[{"@type":"SearchAction","target":{"@type":"EntryPoint","urlTemplate":"https:\/\/ticaret.edu.tr\/insan-ve-toplum-bilimleri-fakultesi\/?s={search_term_string}"},"query-input":"required name=search_term_string"}],"inLanguage":"tr"}]}},"lang":"tr","translations":{"tr":869,"en":1039},"pll_sync_post":[],"_links":{"self":[{"href":"http:\/\/ticaret.edu.tr\/insan-ve-toplum-bilimleri-fakultesi\/wp-json\/wp\/v2\/pages\/869"}],"collection":[{"href":"http:\/\/ticaret.edu.tr\/insan-ve-toplum-bilimleri-fakultesi\/wp-json\/wp\/v2\/pages"}],"about":[{"href":"http:\/\/ticaret.edu.tr\/insan-ve-toplum-bilimleri-fakultesi\/wp-json\/wp\/v2\/types\/page"}],"author":[{"embeddable":true,"href":"http:\/\/ticaret.edu.tr\/insan-ve-toplum-bilimleri-fakultesi\/wp-json\/wp\/v2\/users\/187"}],"replies":[{"embeddable":true,"href":"http:\/\/ticaret.edu.tr\/insan-ve-toplum-bilimleri-fakultesi\/wp-json\/wp\/v2\/comments?post=869"}],"version-history":[{"count":17,"href":"http:\/\/ticaret.edu.tr\/insan-ve-toplum-bilimleri-fakultesi\/wp-json\/wp\/v2\/pages\/869\/revisions"}],"predecessor-version":[{"id":1851,"href":"http:\/\/ticaret.edu.tr\/insan-ve-toplum-bilimleri-fakultesi\/wp-json\/wp\/v2\/pages\/869\/revisions\/1851"}],"wp:attachment":[{"href":"http:\/\/ticaret.edu.tr\/insan-ve-toplum-bilimleri-fakultesi\/wp-json\/wp\/v2\/media?parent=869"}],"curies":[{"name":"wp","href":"https:\/\/api.w.org\/{rel}","templated":true}]}}