{"id":873,"date":"2024-02-29T14:15:02","date_gmt":"2024-02-29T11:15:02","guid":{"rendered":"https:\/\/ticaret.edu.tr\/insan-ve-toplum-bilimleri-fakultesi\/?page_id=873"},"modified":"2025-09-23T14:23:10","modified_gmt":"2025-09-23T11:23:10","slug":"bolum-baskanliklari","status":"publish","type":"page","link":"http:\/\/ticaret.edu.tr\/insan-ve-toplum-bilimleri-fakultesi\/bolum-baskanliklari\/","title":{"rendered":"B\u00f6l\u00fcm Ba\u015fkanl\u0131klar\u0131"},"content":{"rendered":"<table width=\"731\">\n<tbody>\n<tr>\n<td colspan=\"2\" width=\"731\"><strong>B\u00d6L\u00dcM BA\u015eKANLIKLARI<\/strong><\/td>\n<\/tr>\n<tr>\n<td width=\"268\">Prof. Dr. Necmettin DO\u011eAN<\/td>\n<td width=\"463\">Sosyoloji B\u00f6l\u00fcm Ba\u015fkan V.<\/td>\n<\/tr>\n<tr>\n<td width=\"268\">Do\u00e7. Dr. Abdullah YENER<\/td>\n<td width=\"463\">Matematik B\u00f6l\u00fcm Ba\u015fkan V.<\/td>\n<\/tr>\n<tr>\n<td width=\"268\">Prof. Dr. Hanifi PARLAR<\/td>\n<td width=\"463\">E\u011fitim Bilimleri B\u00f6l\u00fcm Ba\u015fkan\u0131<\/td>\n<\/tr>\n<tr>\n<td width=\"268\">Prof. Dr. \u00d6zlem DEN\u0130Z BA\u015eAR<\/td>\n<td width=\"463\">\u0130statistik B\u00f6l\u00fcm Ba\u015fkan V.<\/td>\n<\/tr>\n<tr>\n<td width=\"268\">Do\u00e7. Dr. Ayfer GEN\u00c7 YILMAZ<\/td>\n<td width=\"463\">Siyaset Bilimi Ve Uluslararas\u0131 \u0130li\u015fkiler (T\u00fcrk\u00e7e) B\u00f6l\u00fcm Ba\u015fkan V.<\/td>\n<\/tr>\n<tr>\n<td width=\"268\">Do\u00e7. Dr. U\u011fur Yasin ASAL<\/td>\n<td width=\"463\">Siyaset Bilimi Ve Uluslararas\u0131 \u0130li\u015fkiler (\u0130ngilizce) B\u00f6l\u00fcm Ba\u015fkan\u0131<\/td>\n<\/tr>\n<tr>\n<td width=\"268\">Dr. \u00d6\u011fr. \u00dcyesi Yasemin KU\u015e<\/td>\n<td width=\"463\">Psikoloji B\u00f6l\u00fcm Ba\u015fkan\u0131<\/td>\n<\/tr>\n<\/tbody>\n<\/table>\n","protected":false},"excerpt":{"rendered":"<p>B\u00d6L\u00dcM BA\u015eKANLIKLARI Prof. Dr. Necmettin DO\u011eAN Sosyoloji B\u00f6l\u00fcm Ba\u015fkan V. Do\u00e7. Dr. Abdullah YENER Matematik B\u00f6l\u00fcm Ba\u015fkan V. Prof. Dr. Hanifi PARLAR E\u011fitim Bilimleri B\u00f6l\u00fcm Ba\u015fkan\u0131 Prof. Dr. \u00d6zlem DEN\u0130Z BA\u015eAR \u0130statistik B\u00f6l\u00fcm Ba\u015fkan V. Do\u00e7. Dr. Ayfer GEN\u00c7 YILMAZ Siyaset Bilimi Ve Uluslararas\u0131 \u0130li\u015fkiler (T\u00fcrk\u00e7e) B\u00f6l\u00fcm Ba\u015fkan V. Do\u00e7. Dr. U\u011fur Yasin ASAL Siyaset [&hellip;]<\/p>\n","protected":false},"author":187,"featured_media":0,"parent":0,"menu_order":0,"comment_status":"closed","ping_status":"closed","template":"genel_sayfa.php","meta":{"footnotes":""},"yoast_head":"<!-- This site is optimized with the Yoast SEO Premium plugin v22.1 (Yoast SEO v22.1) - https:\/\/yoast.com\/wordpress\/plugins\/seo\/ -->\n<title>B\u00f6l\u00fcm Ba\u015fkanl\u0131klar\u0131 - \u0130nsan ve Toplum Bilimleri Fak\u00fcltesi<\/title>\n<meta name=\"robots\" content=\"index, follow, max-snippet:-1, max-image-preview:large, max-video-preview:-1\" \/>\n<link rel=\"canonical\" href=\"https:\/\/ticaret.edu.tr\/insan-ve-toplum-bilimleri-fakultesi\/bolum-baskanliklari\/\" \/>\n<meta property=\"og:locale\" content=\"tr_TR\" \/>\n<meta property=\"og:type\" content=\"article\" \/>\n<meta property=\"og:title\" content=\"B\u00f6l\u00fcm Ba\u015fkanl\u0131klar\u0131\" \/>\n<meta property=\"og:description\" content=\"B\u00d6L\u00dcM BA\u015eKANLIKLARI Prof. Dr. Necmettin DO\u011eAN Sosyoloji B\u00f6l\u00fcm Ba\u015fkan V. Do\u00e7. Dr. Abdullah YENER Matematik B\u00f6l\u00fcm Ba\u015fkan V. Prof. Dr. Hanifi PARLAR E\u011fitim Bilimleri B\u00f6l\u00fcm Ba\u015fkan\u0131 Prof. Dr. \u00d6zlem DEN\u0130Z BA\u015eAR \u0130statistik B\u00f6l\u00fcm Ba\u015fkan V. Do\u00e7. Dr. Ayfer GEN\u00c7 YILMAZ Siyaset Bilimi Ve Uluslararas\u0131 \u0130li\u015fkiler (T\u00fcrk\u00e7e) B\u00f6l\u00fcm Ba\u015fkan V. Do\u00e7. Dr. U\u011fur Yasin ASAL Siyaset [&hellip;]\" \/>\n<meta property=\"og:url\" content=\"https:\/\/ticaret.edu.tr\/insan-ve-toplum-bilimleri-fakultesi\/bolum-baskanliklari\/\" \/>\n<meta property=\"og:site_name\" content=\"\u0130nsan ve Toplum Bilimleri Fak\u00fcltesi\" \/>\n<meta property=\"article:publisher\" content=\"https:\/\/www.facebook.com\/ticaretedutr\" \/>\n<meta property=\"article:modified_time\" content=\"2025-09-23T11:23:10+00:00\" \/>\n<meta property=\"og:image\" content=\"http:\/\/ticaret.edu.tr\/insan-ve-toplum-bilimleri-fakultesi\/wp-content\/uploads\/sites\/3\/2021\/11\/web_logo-01.jpg\" \/>\n\t<meta property=\"og:image:width\" content=\"1250\" \/>\n\t<meta property=\"og:image:height\" content=\"833\" \/>\n\t<meta property=\"og:image:type\" content=\"image\/jpeg\" \/>\n<meta name=\"twitter:card\" content=\"summary_large_image\" \/>\n<meta name=\"twitter:site\" content=\"@ticaretedutr\" \/>\n<meta name=\"twitter:label1\" content=\"Tahmini okuma s\u00fcresi\" \/>\n\t<meta name=\"twitter:data1\" content=\"1 dakika\" \/>\n<script type=\"application\/ld+json\" class=\"yoast-schema-graph\">{\"@context\":\"https:\/\/schema.org\",\"@graph\":[{\"@type\":\"WebPage\",\"@id\":\"https:\/\/ticaret.edu.tr\/insan-ve-toplum-bilimleri-fakultesi\/bolum-baskanliklari\/\",\"url\":\"https:\/\/ticaret.edu.tr\/insan-ve-toplum-bilimleri-fakultesi\/bolum-baskanliklari\/\",\"name\":\"B\u00f6l\u00fcm Ba\u015fkanl\u0131klar\u0131 - \u0130nsan ve Toplum Bilimleri Fak\u00fcltesi\",\"isPartOf\":{\"@id\":\"http:\/\/ticaret.edu.tr\/insan-ve-toplum-bilimleri-fakultesi\/en\/#website\"},\"datePublished\":\"2024-02-29T11:15:02+00:00\",\"dateModified\":\"2025-09-23T11:23:10+00:00\",\"breadcrumb\":{\"@id\":\"https:\/\/ticaret.edu.tr\/insan-ve-toplum-bilimleri-fakultesi\/bolum-baskanliklari\/#breadcrumb\"},\"inLanguage\":\"tr\",\"potentialAction\":[{\"@type\":\"ReadAction\",\"target\":[\"https:\/\/ticaret.edu.tr\/insan-ve-toplum-bilimleri-fakultesi\/bolum-baskanliklari\/\"]}]},{\"@type\":\"BreadcrumbList\",\"@id\":\"https:\/\/ticaret.edu.tr\/insan-ve-toplum-bilimleri-fakultesi\/bolum-baskanliklari\/#breadcrumb\",\"itemListElement\":[{\"@type\":\"ListItem\",\"position\":1,\"name\":\"Ana sayfa\",\"item\":\"https:\/\/ticaret.edu.tr\/insan-ve-toplum-bilimleri-fakultesi\/\"},{\"@type\":\"ListItem\",\"position\":2,\"name\":\"B\u00f6l\u00fcm Ba\u015fkanl\u0131klar\u0131\"}]},{\"@type\":\"WebSite\",\"@id\":\"http:\/\/ticaret.edu.tr\/insan-ve-toplum-bilimleri-fakultesi\/en\/#website\",\"url\":\"http:\/\/ticaret.edu.tr\/insan-ve-toplum-bilimleri-fakultesi\/en\/\",\"name\":\"\u0130nsan ve Toplum Bilimleri Fak\u00fcltesi\",\"description\":\"\",\"potentialAction\":[{\"@type\":\"SearchAction\",\"target\":{\"@type\":\"EntryPoint\",\"urlTemplate\":\"http:\/\/ticaret.edu.tr\/insan-ve-toplum-bilimleri-fakultesi\/en\/?s={search_term_string}\"},\"query-input\":\"required name=search_term_string\"}],\"inLanguage\":\"tr\"}]}<\/script>\n<!-- \/ Yoast SEO Premium plugin. -->","yoast_head_json":{"title":"B\u00f6l\u00fcm Ba\u015fkanl\u0131klar\u0131 - \u0130nsan ve Toplum Bilimleri Fak\u00fcltesi","robots":{"index":"index","follow":"follow","max-snippet":"max-snippet:-1","max-image-preview":"max-image-preview:large","max-video-preview":"max-video-preview:-1"},"canonical":"https:\/\/ticaret.edu.tr\/insan-ve-toplum-bilimleri-fakultesi\/bolum-baskanliklari\/","og_locale":"tr_TR","og_type":"article","og_title":"B\u00f6l\u00fcm Ba\u015fkanl\u0131klar\u0131","og_description":"B\u00d6L\u00dcM BA\u015eKANLIKLARI Prof. Dr. Necmettin DO\u011eAN Sosyoloji B\u00f6l\u00fcm Ba\u015fkan V. Do\u00e7. Dr. Abdullah YENER Matematik B\u00f6l\u00fcm Ba\u015fkan V. Prof. Dr. Hanifi PARLAR E\u011fitim Bilimleri B\u00f6l\u00fcm Ba\u015fkan\u0131 Prof. Dr. \u00d6zlem DEN\u0130Z BA\u015eAR \u0130statistik B\u00f6l\u00fcm Ba\u015fkan V. Do\u00e7. Dr. Ayfer GEN\u00c7 YILMAZ Siyaset Bilimi Ve Uluslararas\u0131 \u0130li\u015fkiler (T\u00fcrk\u00e7e) B\u00f6l\u00fcm Ba\u015fkan V. Do\u00e7. Dr. U\u011fur Yasin ASAL Siyaset [&hellip;]","og_url":"https:\/\/ticaret.edu.tr\/insan-ve-toplum-bilimleri-fakultesi\/bolum-baskanliklari\/","og_site_name":"\u0130nsan ve Toplum Bilimleri Fak\u00fcltesi","article_publisher":"https:\/\/www.facebook.com\/ticaretedutr","article_modified_time":"2025-09-23T11:23:10+00:00","og_image":[{"width":1250,"height":833,"url":"http:\/\/ticaret.edu.tr\/insan-ve-toplum-bilimleri-fakultesi\/wp-content\/uploads\/sites\/3\/2021\/11\/web_logo-01.jpg","type":"image\/jpeg"}],"twitter_card":"summary_large_image","twitter_site":"@ticaretedutr","twitter_misc":{"Tahmini okuma s\u00fcresi":"1 dakika"},"schema":{"@context":"https:\/\/schema.org","@graph":[{"@type":"WebPage","@id":"https:\/\/ticaret.edu.tr\/insan-ve-toplum-bilimleri-fakultesi\/bolum-baskanliklari\/","url":"https:\/\/ticaret.edu.tr\/insan-ve-toplum-bilimleri-fakultesi\/bolum-baskanliklari\/","name":"B\u00f6l\u00fcm Ba\u015fkanl\u0131klar\u0131 - \u0130nsan ve Toplum Bilimleri Fak\u00fcltesi","isPartOf":{"@id":"http:\/\/ticaret.edu.tr\/insan-ve-toplum-bilimleri-fakultesi\/en\/#website"},"datePublished":"2024-02-29T11:15:02+00:00","dateModified":"2025-09-23T11:23:10+00:00","breadcrumb":{"@id":"https:\/\/ticaret.edu.tr\/insan-ve-toplum-bilimleri-fakultesi\/bolum-baskanliklari\/#breadcrumb"},"inLanguage":"tr","potentialAction":[{"@type":"ReadAction","target":["https:\/\/ticaret.edu.tr\/insan-ve-toplum-bilimleri-fakultesi\/bolum-baskanliklari\/"]}]},{"@type":"BreadcrumbList","@id":"https:\/\/ticaret.edu.tr\/insan-ve-toplum-bilimleri-fakultesi\/bolum-baskanliklari\/#breadcrumb","itemListElement":[{"@type":"ListItem","position":1,"name":"Ana sayfa","item":"https:\/\/ticaret.edu.tr\/insan-ve-toplum-bilimleri-fakultesi\/"},{"@type":"ListItem","position":2,"name":"B\u00f6l\u00fcm Ba\u015fkanl\u0131klar\u0131"}]},{"@type":"WebSite","@id":"http:\/\/ticaret.edu.tr\/insan-ve-toplum-bilimleri-fakultesi\/en\/#website","url":"http:\/\/ticaret.edu.tr\/insan-ve-toplum-bilimleri-fakultesi\/en\/","name":"\u0130nsan ve Toplum Bilimleri Fak\u00fcltesi","description":"","potentialAction":[{"@type":"SearchAction","target":{"@type":"EntryPoint","urlTemplate":"http:\/\/ticaret.edu.tr\/insan-ve-toplum-bilimleri-fakultesi\/en\/?s={search_term_string}"},"query-input":"required name=search_term_string"}],"inLanguage":"tr"}]}},"lang":"tr","translations":{"en":1291,"tr":873},"pll_sync_post":[],"_links":{"self":[{"href":"http:\/\/ticaret.edu.tr\/insan-ve-toplum-bilimleri-fakultesi\/wp-json\/wp\/v2\/pages\/873"}],"collection":[{"href":"http:\/\/ticaret.edu.tr\/insan-ve-toplum-bilimleri-fakultesi\/wp-json\/wp\/v2\/pages"}],"about":[{"href":"http:\/\/ticaret.edu.tr\/insan-ve-toplum-bilimleri-fakultesi\/wp-json\/wp\/v2\/types\/page"}],"author":[{"embeddable":true,"href":"http:\/\/ticaret.edu.tr\/insan-ve-toplum-bilimleri-fakultesi\/wp-json\/wp\/v2\/users\/187"}],"replies":[{"embeddable":true,"href":"http:\/\/ticaret.edu.tr\/insan-ve-toplum-bilimleri-fakultesi\/wp-json\/wp\/v2\/comments?post=873"}],"version-history":[{"count":23,"href":"http:\/\/ticaret.edu.tr\/insan-ve-toplum-bilimleri-fakultesi\/wp-json\/wp\/v2\/pages\/873\/revisions"}],"predecessor-version":[{"id":1577,"href":"http:\/\/ticaret.edu.tr\/insan-ve-toplum-bilimleri-fakultesi\/wp-json\/wp\/v2\/pages\/873\/revisions\/1577"}],"wp:attachment":[{"href":"http:\/\/ticaret.edu.tr\/insan-ve-toplum-bilimleri-fakultesi\/wp-json\/wp\/v2\/media?parent=873"}],"curies":[{"name":"wp","href":"https:\/\/api.w.org\/{rel}","templated":true}]}}