{"id":128,"date":"2021-01-15T22:16:36","date_gmt":"2021-01-15T19:16:36","guid":{"rendered":"http:\/\/ticaret.edu.tr\/ieesuam\/?page_id=128"},"modified":"2025-12-15T11:49:59","modified_gmt":"2025-12-15T08:49:59","slug":"iletisim","status":"publish","type":"page","link":"http:\/\/ticaret.edu.tr\/islam-ekonomisi-ve-ekonomik-sistemler-uygulama-ve-arastirma-merkezi\/iletisim\/","title":{"rendered":"\u0130leti\u015fim"},"content":{"rendered":"<div class=\"BASagBolum\">\n<p><span id=\"MainContent_lblBaslik\">\u0130stanbul Ticaret \u00dcniversitesi \u0130slam Ekonomisi ve Ekonomik Sistemler Uygulama ve Ara\u015ft\u0131rma Merkezi \u0130leti\u015fim Bilgileri<\/span><\/p>\n<\/div>\n<table>\n<tbody>\n<tr>\n<td><\/td>\n<td><\/td>\n<td>Merkez M\u00fcd\u00fcr\u00fc: Prof. Dr. Necdet \u015eensoy\u00a0 \u00a0Dahili: 4364\u00a0 Oda: A-309\/1<\/p>\n<p>Dahili: 4519\u00a0 Oda: C-212<\/td>\n<\/tr>\n<tr>\n<td colspan=\"3\"><strong>S\u00e2d\u00e2b\u00e2d Kamp\u00fcs\u00fc S\u00fctl\u00fcce<\/strong><\/td>\n<\/tr>\n<tr>\n<td><span id=\"MainContent_Label5\">Adres<\/span><\/td>\n<td>:<\/td>\n<td>\u00d6rnektepe Mah. \u0130mrahor Cad. No: 88\/2, Beyo\u011flu 34445 \/ \u0130stanbul<\/td>\n<\/tr>\n<tr>\n<td><span id=\"MainContent_Label11\">Telefon<\/span><\/td>\n<td>:<\/td>\n<td>444 0 413<\/td>\n<\/tr>\n<tr>\n<td><span id=\"MainContent_Label18\">Harita<\/span><\/td>\n<td>:<\/td>\n<td><a href=\"http:\/\/maps.google.com\/maps?q=41.058159,28.951142&amp;num=1&amp;t=h&amp;z=16\" target=\"_blank\" rel=\"noopener noreferrer\"><span id=\"MainContent_Label25\">Harita bilgisi i\u00e7in t\u0131klay\u0131n\u0131z [Google]<\/span><\/a><\/td>\n<\/tr>\n<tr>\n<td colspan=\"3\" rowspan=\"1\"><\/td>\n<\/tr>\n<\/tbody>\n<\/table>\n","protected":false},"excerpt":{"rendered":"<p>\u0130stanbul Ticaret \u00dcniversitesi \u0130slam Ekonomisi ve Ekonomik Sistemler Uygulama ve Ara\u015ft\u0131rma Merkezi \u0130leti\u015fim Bilgileri Merkez M\u00fcd\u00fcr\u00fc: Prof. Dr. Necdet \u015eensoy\u00a0 \u00a0Dahili: 4364\u00a0 Oda: A-309\/1 Dahili: 4519\u00a0 Oda: C-212 S\u00e2d\u00e2b\u00e2d Kamp\u00fcs\u00fc S\u00fctl\u00fcce Adres : \u00d6rnektepe Mah. \u0130mrahor Cad. No: 88\/2, Beyo\u011flu 34445 \/ \u0130stanbul Telefon : 444 0 413 Harita : Harita bilgisi i\u00e7in t\u0131klay\u0131n\u0131z [Google]<\/p>\n","protected":false},"author":238,"featured_media":0,"parent":0,"menu_order":0,"comment_status":"closed","ping_status":"closed","template":"genel_sayfa.php","meta":{"footnotes":""},"yoast_head":"<!-- This site is optimized with the Yoast SEO Premium plugin v22.1 (Yoast SEO v22.1) - https:\/\/yoast.com\/wordpress\/plugins\/seo\/ -->\n<title>\u0130leti\u015fim - \u0130slam Ekonomisi ve Ekonomik Sistemler Uygulama ve Ara\u015ft\u0131rma Merkezi<\/title>\n<meta name=\"robots\" content=\"index, follow, max-snippet:-1, max-image-preview:large, max-video-preview:-1\" \/>\n<link rel=\"canonical\" href=\"http:\/\/ticaret.edu.tr\/islam-ekonomisi-ve-ekonomik-sistemler-uygulama-ve-arastirma-merkezi\/iletisim\/\" \/>\n<meta property=\"og:locale\" content=\"tr_TR\" \/>\n<meta property=\"og:type\" content=\"article\" \/>\n<meta property=\"og:title\" content=\"\u0130leti\u015fim\" \/>\n<meta property=\"og:description\" content=\"\u0130stanbul Ticaret \u00dcniversitesi \u0130slam Ekonomisi ve Ekonomik Sistemler Uygulama ve Ara\u015ft\u0131rma Merkezi \u0130leti\u015fim Bilgileri Merkez M\u00fcd\u00fcr\u00fc: Prof. Dr. Necdet \u015eensoy\u00a0 \u00a0Dahili: 4364\u00a0 Oda: A-309\/1 Dahili: 4519\u00a0 Oda: C-212 S\u00e2d\u00e2b\u00e2d Kamp\u00fcs\u00fc S\u00fctl\u00fcce Adres : \u00d6rnektepe Mah. \u0130mrahor Cad. No: 88\/2, Beyo\u011flu 34445 \/ \u0130stanbul Telefon : 444 0 413 Harita : Harita bilgisi i\u00e7in t\u0131klay\u0131n\u0131z [Google]\" \/>\n<meta property=\"og:url\" content=\"http:\/\/ticaret.edu.tr\/islam-ekonomisi-ve-ekonomik-sistemler-uygulama-ve-arastirma-merkezi\/iletisim\/\" \/>\n<meta property=\"og:site_name\" content=\"\u0130slam Ekonomisi ve Ekonomik Sistemler Uygulama ve Ara\u015ft\u0131rma Merkezi\" \/>\n<meta property=\"article:publisher\" content=\"https:\/\/www.facebook.com\/ticaretedutr\" \/>\n<meta property=\"article:modified_time\" content=\"2025-12-15T08:49:59+00:00\" \/>\n<meta property=\"og:image\" content=\"http:\/\/ticaret.edu.tr\/islam-ekonomisi-ve-ekonomik-sistemler-uygulama-ve-arastirma-merkezi\/wp-content\/uploads\/sites\/48\/2021\/11\/web_logo-01.jpg\" \/>\n\t<meta property=\"og:image:width\" content=\"1250\" \/>\n\t<meta property=\"og:image:height\" content=\"833\" \/>\n\t<meta property=\"og:image:type\" content=\"image\/jpeg\" \/>\n<meta name=\"twitter:card\" content=\"summary_large_image\" \/>\n<meta name=\"twitter:site\" content=\"@ticaretedutr\" \/>\n<meta name=\"twitter:label1\" content=\"Tahmini okuma s\u00fcresi\" \/>\n\t<meta name=\"twitter:data1\" content=\"1 dakika\" \/>\n<script type=\"application\/ld+json\" class=\"yoast-schema-graph\">{\"@context\":\"https:\/\/schema.org\",\"@graph\":[{\"@type\":\"WebPage\",\"@id\":\"http:\/\/ticaret.edu.tr\/islam-ekonomisi-ve-ekonomik-sistemler-uygulama-ve-arastirma-merkezi\/iletisim\/\",\"url\":\"http:\/\/ticaret.edu.tr\/islam-ekonomisi-ve-ekonomik-sistemler-uygulama-ve-arastirma-merkezi\/iletisim\/\",\"name\":\"\u0130leti\u015fim - \u0130slam Ekonomisi ve Ekonomik Sistemler Uygulama ve Ara\u015ft\u0131rma Merkezi\",\"isPartOf\":{\"@id\":\"https:\/\/ticaret.edu.tr\/islam-ekonomisi-ve-ekonomik-sistemler-uygulama-ve-arastirma-merkezi\/#website\"},\"datePublished\":\"2021-01-15T19:16:36+00:00\",\"dateModified\":\"2025-12-15T08:49:59+00:00\",\"breadcrumb\":{\"@id\":\"http:\/\/ticaret.edu.tr\/islam-ekonomisi-ve-ekonomik-sistemler-uygulama-ve-arastirma-merkezi\/iletisim\/#breadcrumb\"},\"inLanguage\":\"tr\",\"potentialAction\":[{\"@type\":\"ReadAction\",\"target\":[\"http:\/\/ticaret.edu.tr\/islam-ekonomisi-ve-ekonomik-sistemler-uygulama-ve-arastirma-merkezi\/iletisim\/\"]}]},{\"@type\":\"BreadcrumbList\",\"@id\":\"http:\/\/ticaret.edu.tr\/islam-ekonomisi-ve-ekonomik-sistemler-uygulama-ve-arastirma-merkezi\/iletisim\/#breadcrumb\",\"itemListElement\":[{\"@type\":\"ListItem\",\"position\":1,\"name\":\"Ana sayfa\",\"item\":\"https:\/\/ticaret.edu.tr\/islam-ekonomisi-ve-ekonomik-sistemler-uygulama-ve-arastirma-merkezi\/\"},{\"@type\":\"ListItem\",\"position\":2,\"name\":\"\u0130leti\u015fim\"}]},{\"@type\":\"WebSite\",\"@id\":\"https:\/\/ticaret.edu.tr\/islam-ekonomisi-ve-ekonomik-sistemler-uygulama-ve-arastirma-merkezi\/#website\",\"url\":\"https:\/\/ticaret.edu.tr\/islam-ekonomisi-ve-ekonomik-sistemler-uygulama-ve-arastirma-merkezi\/\",\"name\":\"\u0130slam Ekonomisi ve Ekonomik Sistemler Uygulama ve Ara\u015ft\u0131rma Merkezi\",\"description\":\"Bir ba\u015fka \u0130stanbul Ticaret \u00dcniversitesi site sitesi\",\"potentialAction\":[{\"@type\":\"SearchAction\",\"target\":{\"@type\":\"EntryPoint\",\"urlTemplate\":\"https:\/\/ticaret.edu.tr\/islam-ekonomisi-ve-ekonomik-sistemler-uygulama-ve-arastirma-merkezi\/?s={search_term_string}\"},\"query-input\":\"required name=search_term_string\"}],\"inLanguage\":\"tr\"}]}<\/script>\n<!-- \/ Yoast SEO Premium plugin. -->","yoast_head_json":{"title":"\u0130leti\u015fim - \u0130slam Ekonomisi ve Ekonomik Sistemler Uygulama ve Ara\u015ft\u0131rma Merkezi","robots":{"index":"index","follow":"follow","max-snippet":"max-snippet:-1","max-image-preview":"max-image-preview:large","max-video-preview":"max-video-preview:-1"},"canonical":"http:\/\/ticaret.edu.tr\/islam-ekonomisi-ve-ekonomik-sistemler-uygulama-ve-arastirma-merkezi\/iletisim\/","og_locale":"tr_TR","og_type":"article","og_title":"\u0130leti\u015fim","og_description":"\u0130stanbul Ticaret \u00dcniversitesi \u0130slam Ekonomisi ve Ekonomik Sistemler Uygulama ve Ara\u015ft\u0131rma Merkezi \u0130leti\u015fim Bilgileri Merkez M\u00fcd\u00fcr\u00fc: Prof. Dr. Necdet \u015eensoy\u00a0 \u00a0Dahili: 4364\u00a0 Oda: A-309\/1 Dahili: 4519\u00a0 Oda: C-212 S\u00e2d\u00e2b\u00e2d Kamp\u00fcs\u00fc S\u00fctl\u00fcce Adres : \u00d6rnektepe Mah. \u0130mrahor Cad. No: 88\/2, Beyo\u011flu 34445 \/ \u0130stanbul Telefon : 444 0 413 Harita : Harita bilgisi i\u00e7in t\u0131klay\u0131n\u0131z [Google]","og_url":"http:\/\/ticaret.edu.tr\/islam-ekonomisi-ve-ekonomik-sistemler-uygulama-ve-arastirma-merkezi\/iletisim\/","og_site_name":"\u0130slam Ekonomisi ve Ekonomik Sistemler Uygulama ve Ara\u015ft\u0131rma Merkezi","article_publisher":"https:\/\/www.facebook.com\/ticaretedutr","article_modified_time":"2025-12-15T08:49:59+00:00","og_image":[{"width":1250,"height":833,"url":"http:\/\/ticaret.edu.tr\/islam-ekonomisi-ve-ekonomik-sistemler-uygulama-ve-arastirma-merkezi\/wp-content\/uploads\/sites\/48\/2021\/11\/web_logo-01.jpg","type":"image\/jpeg"}],"twitter_card":"summary_large_image","twitter_site":"@ticaretedutr","twitter_misc":{"Tahmini okuma s\u00fcresi":"1 dakika"},"schema":{"@context":"https:\/\/schema.org","@graph":[{"@type":"WebPage","@id":"http:\/\/ticaret.edu.tr\/islam-ekonomisi-ve-ekonomik-sistemler-uygulama-ve-arastirma-merkezi\/iletisim\/","url":"http:\/\/ticaret.edu.tr\/islam-ekonomisi-ve-ekonomik-sistemler-uygulama-ve-arastirma-merkezi\/iletisim\/","name":"\u0130leti\u015fim - \u0130slam Ekonomisi ve Ekonomik Sistemler Uygulama ve Ara\u015ft\u0131rma Merkezi","isPartOf":{"@id":"https:\/\/ticaret.edu.tr\/islam-ekonomisi-ve-ekonomik-sistemler-uygulama-ve-arastirma-merkezi\/#website"},"datePublished":"2021-01-15T19:16:36+00:00","dateModified":"2025-12-15T08:49:59+00:00","breadcrumb":{"@id":"http:\/\/ticaret.edu.tr\/islam-ekonomisi-ve-ekonomik-sistemler-uygulama-ve-arastirma-merkezi\/iletisim\/#breadcrumb"},"inLanguage":"tr","potentialAction":[{"@type":"ReadAction","target":["http:\/\/ticaret.edu.tr\/islam-ekonomisi-ve-ekonomik-sistemler-uygulama-ve-arastirma-merkezi\/iletisim\/"]}]},{"@type":"BreadcrumbList","@id":"http:\/\/ticaret.edu.tr\/islam-ekonomisi-ve-ekonomik-sistemler-uygulama-ve-arastirma-merkezi\/iletisim\/#breadcrumb","itemListElement":[{"@type":"ListItem","position":1,"name":"Ana sayfa","item":"https:\/\/ticaret.edu.tr\/islam-ekonomisi-ve-ekonomik-sistemler-uygulama-ve-arastirma-merkezi\/"},{"@type":"ListItem","position":2,"name":"\u0130leti\u015fim"}]},{"@type":"WebSite","@id":"https:\/\/ticaret.edu.tr\/islam-ekonomisi-ve-ekonomik-sistemler-uygulama-ve-arastirma-merkezi\/#website","url":"https:\/\/ticaret.edu.tr\/islam-ekonomisi-ve-ekonomik-sistemler-uygulama-ve-arastirma-merkezi\/","name":"\u0130slam Ekonomisi ve Ekonomik Sistemler Uygulama ve Ara\u015ft\u0131rma Merkezi","description":"Bir ba\u015fka \u0130stanbul Ticaret \u00dcniversitesi site sitesi","potentialAction":[{"@type":"SearchAction","target":{"@type":"EntryPoint","urlTemplate":"https:\/\/ticaret.edu.tr\/islam-ekonomisi-ve-ekonomik-sistemler-uygulama-ve-arastirma-merkezi\/?s={search_term_string}"},"query-input":"required name=search_term_string"}],"inLanguage":"tr"}]}},"lang":"tr","translations":{"en":245,"tr":128},"pll_sync_post":[],"_links":{"self":[{"href":"http:\/\/ticaret.edu.tr\/islam-ekonomisi-ve-ekonomik-sistemler-uygulama-ve-arastirma-merkezi\/wp-json\/wp\/v2\/pages\/128"}],"collection":[{"href":"http:\/\/ticaret.edu.tr\/islam-ekonomisi-ve-ekonomik-sistemler-uygulama-ve-arastirma-merkezi\/wp-json\/wp\/v2\/pages"}],"about":[{"href":"http:\/\/ticaret.edu.tr\/islam-ekonomisi-ve-ekonomik-sistemler-uygulama-ve-arastirma-merkezi\/wp-json\/wp\/v2\/types\/page"}],"author":[{"embeddable":true,"href":"http:\/\/ticaret.edu.tr\/islam-ekonomisi-ve-ekonomik-sistemler-uygulama-ve-arastirma-merkezi\/wp-json\/wp\/v2\/users\/238"}],"replies":[{"embeddable":true,"href":"http:\/\/ticaret.edu.tr\/islam-ekonomisi-ve-ekonomik-sistemler-uygulama-ve-arastirma-merkezi\/wp-json\/wp\/v2\/comments?post=128"}],"version-history":[{"count":9,"href":"http:\/\/ticaret.edu.tr\/islam-ekonomisi-ve-ekonomik-sistemler-uygulama-ve-arastirma-merkezi\/wp-json\/wp\/v2\/pages\/128\/revisions"}],"predecessor-version":[{"id":576,"href":"http:\/\/ticaret.edu.tr\/islam-ekonomisi-ve-ekonomik-sistemler-uygulama-ve-arastirma-merkezi\/wp-json\/wp\/v2\/pages\/128\/revisions\/576"}],"wp:attachment":[{"href":"http:\/\/ticaret.edu.tr\/islam-ekonomisi-ve-ekonomik-sistemler-uygulama-ve-arastirma-merkezi\/wp-json\/wp\/v2\/media?parent=128"}],"curies":[{"name":"wp","href":"https:\/\/api.w.org\/{rel}","templated":true}]}}