{"id":8,"date":"2020-07-20T06:58:13","date_gmt":"2020-07-20T03:58:13","guid":{"rendered":"http:\/\/ticaret.edu.tr\/ieesuam\/?page_id=8"},"modified":"2025-11-07T15:58:51","modified_gmt":"2025-11-07T12:58:51","slug":"raporlar","status":"publish","type":"page","link":"http:\/\/ticaret.edu.tr\/islam-ekonomisi-ve-ekonomik-sistemler-uygulama-ve-arastirma-merkezi\/raporlar\/","title":{"rendered":"Yay\u0131nlar &#8211; Sunumlar"},"content":{"rendered":"<h2><span style=\"color: #000000\">SUNUMLAR<\/span><\/h2>\n<p><span style=\"color: #000000\"><a style=\"color: #000000\" href=\"http:\/\/ticaret.edu.tr\/islam-ekonomisi-ve-ekonomik-sistemler-uygulama-ve-arastirma-merkezi\/wp-content\/uploads\/sites\/48\/2023\/12\/AtatA\u00bcrk-A_.Sempozyumu.pdf\">2. ULUSLARARASI S\u0130GORTA BANKACILIK VE F\u0130NANS SEMPOZYUMU<\/a><\/span><\/p>\n<p><span style=\"color: #000000\"><a style=\"color: #000000\" href=\"http:\/\/ticaret.edu.tr\/islam-ekonomisi-ve-ekonomik-sistemler-uygulama-ve-arastirma-merkezi\/wp-content\/uploads\/sites\/48\/2023\/05\/WEBINAR-24-mAYIS-2023.pdf\">\u0130SLAM EKONOM\u0130S\u0130 VE KATILIM BANKACILI\u011eINDA Y\u00d6NET\u0130\u015e\u0130M<\/a><\/span><\/p>\n<p><span style=\"color: #000000\"><a style=\"color: #000000\" href=\"http:\/\/ticaret.edu.tr\/ieesuam\/wp-content\/uploads\/sites\/48\/2021\/06\/Manas-Sunum.pdf\">MANAS<\/a><\/span><\/p>\n<p><span style=\"color: #000000\"><a style=\"color: #000000\" href=\"http:\/\/ticaret.edu.tr\/ieesuam\/wp-content\/uploads\/sites\/48\/2021\/06\/ARTV\u0130N.pdf\">ARTV\u0130N<\/a><\/span><\/p>\n<p><span style=\"color: #000000\"><a style=\"color: #000000\" href=\"http:\/\/ticaret.edu.tr\/ieesuam\/wp-content\/uploads\/sites\/48\/2021\/01\/Merkez-Sunum-.pptx\">S\u00dcRD\u00dcR\u00dcLEB\u0130L\u0130RL\u0130K<\/a><\/span><\/p>\n<p><span style=\"color: #000000\"><a style=\"color: #000000\" href=\"http:\/\/ticaret.edu.tr\/ieesuam\/wp-content\/uploads\/sites\/48\/2021\/01\/Trakya-d\u00f6n\u00fc\u015ft\u00fcr\u00fcld\u00fc-s\u0131k\u0131\u015ft\u0131r\u0131ld\u0131.pdf\">SUSTAINABILITY<\/a><\/span><\/p>\n<p><span style=\"color: #000000\"><a style=\"color: #000000\" href=\"\/wp-content\/uploads\/sites\/48\/2021\/01\/itu-sbe-ders-tanitim.pdf\">T\u0130CARET SBE DERS TANITIMI<\/a><\/span><\/p>\n<p><span style=\"color: #000000\"><a style=\"color: #000000\" href=\"\/wp-content\/uploads\/sites\/48\/2021\/01\/Karatay-islam-ekonomisi-min.pdf\">STANDART YAPAN KURULU\u015eLAR<\/a><\/span><\/p>\n<p><span style=\"color: #000000\"><a style=\"color: #000000\" href=\"http:\/\/ticaret.edu.tr\/ieesuam\/wp-content\/uploads\/sites\/48\/2021\/01\/sensoy-IFSB-istanbul-Compatibility-Mode.pdf\">STANDARDS FOR ISLAMIC FINANCIAL INSTITUTIONS WITH THEIR SPECIFIC CHARACTERISTICS\u00a0<\/a><\/span><\/p>\n<p><span style=\"color: #000000\"><a style=\"color: #000000\" href=\"http:\/\/ticaret.edu.tr\/ieesuam\/wp-content\/uploads\/sites\/48\/2021\/01\/ISAV-Zekat-Sunum.pptx\">ZEKAT MUHASEBES\u0130<\/a><\/span><\/p>\n<p><span style=\"color: #000000\"><a style=\"color: #000000\" href=\"http:\/\/ticaret.edu.tr\/ieesuam\/wp-content\/uploads\/sites\/48\/2021\/01\/SENSOY-\u0130SLAM-T\u0130CARET-HUKUKU-KONGRES\u0130.pdf\">ENDONEZYA&#8217;DA ZEKAT ORGAN\u0130ZASYONU<\/a><\/span><\/p>\n<p><span style=\"color: #000000\"><a style=\"color: #000000\" href=\"\/wp-content\/uploads\/sites\/48\/2021\/01\/prof-dr-necdet-sensoy_zekat-malezya-ornek.pdf\">MALEZYA\u2019DA ZEKAT ORGAN\u0130ZASYONU<\/a><\/span><\/p>\n<p><span style=\"color: #000000\"><a style=\"color: #000000\" href=\"http:\/\/ticaret.edu.tr\/ieesuam\/wp-content\/uploads\/sites\/48\/2021\/01\/\u0131sav-KONYA.pdf\">SUKUK<\/a><\/span><\/p>\n<p><span style=\"color: #000000\"><a style=\"color: #000000\" href=\"\/wp-content\/uploads\/sites\/48\/2021\/01\/islam-iktisadi-acisindan.pdf\">\u0130SLAM \u0130KT\u0130SADI A\u00c7ISINDAN MERKEZ BANKASI<\/a><\/span><\/p>\n<p><span style=\"color: #000000\"><a style=\"color: #000000\" href=\"http:\/\/ticaret.edu.tr\/ieesuam\/wp-content\/uploads\/sites\/48\/2021\/01\/FATI\u0307H-KAZANCI-2019-c\u0327al\u0131s\u0327tay-sunum.pptx\">MERKEZ BANKALARININ FA\u0130ZS\u0130Z BANKALAR \u00dcZER\u0130NDEK\u0130 \u0130\u015eLEV VE ETK\u0130LER\u0130<\/a><\/span><\/p>\n<p><span style=\"color: #000000\"><a style=\"color: #000000\" href=\"http:\/\/ticaret.edu.tr\/ieesuam\/wp-content\/uploads\/sites\/48\/2021\/01\/Mo\u0308dav-C\u0327al\u0131s\u0327tay.pptx\">5.G\u00dcNCEL MUHASEBE KONULARI \u00c7ALI\u015eTAYI<\/a><\/span><\/p>\n<p><span style=\"color: #000000\"><a style=\"color: #000000\" href=\"http:\/\/ticaret.edu.tr\/islam-ekonomisi-ve-ekonomik-sistemler-uygulama-ve-arastirma-merkezi\/wp-content\/uploads\/sites\/48\/2025\/11\/Coruh-Universitesi-Sunum-Ekim-2025.pdf\">C\u0327oruh U\u0308niversitesi -Sunum Ekim 2025<\/a><\/span><\/p>\n<h2><span style=\"color: #000000\">MAKALELER<\/span><\/h2>\n<p><span style=\"color: #000000\"><a style=\"color: #000000\" href=\"http:\/\/ticaret.edu.tr\/ieesuam\/wp-content\/uploads\/sites\/48\/2021\/01\/Ahilik-Te\u015fkilat\u0131n\u0131n-Sosyo-\u0130ktisadi__-Yap\u0131s\u0131-Ve-\u00d6rneklik-De\u011feri_Makale.pdf\">AH\u0130L\u0130K TE\u015eK\u0130LATI\u2019NIN SOSYO-\u0130KT\u0130SAD\u0130 YAPISI VE \u00d6RNEKL\u0130K DE\u011eER\u0130 \u2013 DR. \u00d6\u011eR. \u00dcYES\u0130 H\u00dcSEY\u0130N ARSLAN<\/a><\/span><\/p>\n<p><span style=\"color: #000000\"><a style=\"color: #000000\" href=\"http:\/\/ticaret.edu.tr\/ieesuam\/wp-content\/uploads\/sites\/48\/2021\/01\/sosyal-politika-araci-olarak-vakiflar-ve-istihdam-etkisi201711_2017.pdf\">SOSYAL POL\u0130T\u0130KA ARACI OLARAK VAKIFLAR VE \u0130ST\u0130HDAM ETK\u0130S\u0130 \u2013 DR. \u00d6\u011eR. \u00dcYES\u0130 H\u00dcSEY\u0130N ARSLAN<\/a><\/span><\/p>\n<p><span style=\"color: #000000\"><a style=\"color: #000000\" href=\"http:\/\/ticaret.edu.tr\/ieesuam\/wp-content\/uploads\/sites\/48\/2021\/01\/\u0130ktisat-ve-Din_\u0130slamda-T\u00fcketici_HA.pdf\">iSLAM\u2019DA T\u00dcKET\u0130C\u0130 \u2013 DR. \u00d6\u011eR. \u00dcYES\u0130 H\u00dcSEY\u0130N ARSLAN<\/a><\/span><\/p>\n<p>&nbsp;<\/p>\n<h2><span style=\"color: #000000\">RAPORLAR<\/span><\/h2>\n<p><span style=\"color: #000000\"><a style=\"color: #000000\" href=\"http:\/\/ticaret.edu.tr\/ieesuam\/wp-content\/uploads\/sites\/48\/2021\/01\/Tic.\u00dcn.\u0130.E.E.S.U.A.M.-Raporu-17-Tem.-1-3.pdf\">Covid-19 Salg\u0131n\u0131n\u0131n Neden Oldu\u011fu Ekonomik Duraksaman\u0131n Kat\u0131l\u0131m Bankalar\u0131 \u00dczerindeki Etkileri<\/a><\/span><\/p>\n<p><span style=\"color: #000000\">Responsible Finance \u2013 Ethical and Islamic Finance<\/span><\/p>\n<p><span style=\"color: #000000\"><a style=\"color: #000000\" href=\"\/wp-content\/uploads\/sites\/48\/2021\/01\/maximizing-social-impact-through-waqf-solutions.pdf\">Maximizing Social Impact Through Waqf Solutions<\/a><\/span><\/p>\n<p><span style=\"color: #000000\"><a style=\"color: #000000\" href=\"\/wp-content\/uploads\/sites\/48\/2021\/01\/islamic-finance-development_ifdi-2019-def.pdf\">Islamic Finance Development Report 2019<\/a><\/span><\/p>\n<p><span style=\"color: #000000\"><a style=\"color: #000000\" href=\"http:\/\/ticaret.edu.tr\/islam-ekonomisi-ve-ekonomik-sistemler-uygulama-ve-arastirma-merkezi\/wp-content\/uploads\/sites\/48\/2022\/03\/SPislamic_finance_2020.pdf\">islamic_finance_2020<\/a><\/span><\/p>\n<p><span style=\"color: #000000\"><a style=\"color: #000000\" href=\"http:\/\/ticaret.edu.tr\/islam-ekonomisi-ve-ekonomik-sistemler-uygulama-ve-arastirma-merkezi\/wp-content\/uploads\/sites\/48\/2023\/02\/ifdi-report-2022.pdf\">ICD \u2013 Refinitiv Islamic Finance Development Report 2022<\/a><\/span><\/p>\n<h2><\/h2>\n<h2><span style=\"color: #000000\">DERG\u0130LER<\/span><\/h2>\n<p><span style=\"color: #000000\">\u0130stanbul Ticaret \u00dcniversitesi Sosyal Bilimler Dergisi Y\u0131l: 19 Temmuz 2020 (\u00d6zel Ek) Prof. Dr. Sabri ORMAN \u00d6zel Say\u0131s\u0131<\/span><\/p>\n<p><span style=\"color: #000000\">AAOIFI JOIFA Vol.4 \/Issue 1 \/ 2020<\/span><\/p>\n<p><span style=\"color: #000000\">AAOIFI JOIFA Vol. 3 \/ Issue 1 \/ 2019<\/span><\/p>\n<p>&nbsp;<\/p>\n<h2><span style=\"color: #000000\">KATILIM F\u0130NANSI\u00a0 DERS\u0130<\/span><\/h2>\n<p><span style=\"color: #000000\">Kat\u0131l\u0131m Finans\u0131 dersi ile ilgili notlara a\u015fa\u011f\u0131daki linklerden ula\u015fabilirsiniz.<\/span><\/p>\n<p><span style=\"color: #000000\"><strong>\u0130ngilizce:<\/strong><\/span><\/p>\n<p><span style=\"color: #000000\"><a style=\"color: #000000\" href=\"http:\/\/ticaret.edu.tr\/islam-ekonomisi-ve-ekonomik-sistemler-uygulama-ve-arastirma-merkezi\/wp-content\/uploads\/sites\/48\/2022\/06\/202-W-7-Participation.pdf\">2022 W 7 Participation<\/a><\/span><\/p>\n<p><span style=\"color: #000000\"><a style=\"color: #000000\" href=\"http:\/\/ticaret.edu.tr\/islam-ekonomisi-ve-ekonomik-sistemler-uygulama-ve-arastirma-merkezi\/wp-content\/uploads\/sites\/48\/2022\/06\/2022-gnl-327-pARTICIPATION-W-2.pdf\">2022 gnl 327 Participiation W 2<\/a><\/span><\/p>\n<p><span style=\"color: #000000\"><a style=\"color: #000000\" href=\"http:\/\/ticaret.edu.tr\/islam-ekonomisi-ve-ekonomik-sistemler-uygulama-ve-arastirma-merkezi\/wp-content\/uploads\/sites\/48\/2022\/06\/2022-W3-Participation.pdf\">2022 W3 Participation<\/a><\/span><\/p>\n<p><span style=\"color: #000000\"><a style=\"color: #000000\" href=\"http:\/\/ticaret.edu.tr\/islam-ekonomisi-ve-ekonomik-sistemler-uygulama-ve-arastirma-merkezi\/wp-content\/uploads\/sites\/48\/2022\/06\/2022W5-Participation.pdf\">2022W5 Participation<\/a><\/span><\/p>\n<p><span style=\"color: #000000\"><a style=\"color: #000000\" href=\"http:\/\/ticaret.edu.tr\/islam-ekonomisi-ve-ekonomik-sistemler-uygulama-ve-arastirma-merkezi\/wp-content\/uploads\/sites\/48\/2022\/06\/Participation-Syllabus.pdf\">Participation Syllabus<\/a><\/span><\/p>\n<p>&nbsp;<\/p>\n<p><strong><span style=\"color: #000000\">T\u00fcrk\u00e7e:<\/span><\/strong><\/p>\n<p><span style=\"color: #000000\"><a style=\"color: #000000\" href=\"http:\/\/ticaret.edu.tr\/ieesuam\/wp-content\/uploads\/sites\/48\/2021\/01\/Kat\u0131l\u0131m-finans\u0131-syllabus.docx\">Kat\u0131l\u0131m Finans\u0131 Dersi Hakk\u0131nda<\/a><\/span><\/p>\n<p><span style=\"color: #000000\"><a style=\"color: #000000\" href=\"http:\/\/ticaret.edu.tr\/ieesuam\/wp-content\/uploads\/sites\/48\/2021\/01\/GNL327.docx\">Kat\u0131l\u0131m Finans\u0131 Genel Ders Notu<\/a><\/span><\/p>\n<p><span style=\"color: #000000\"><a style=\"color: #000000\" href=\"http:\/\/ticaret.edu.tr\/ieesuam\/wp-content\/uploads\/sites\/48\/2021\/01\/GNL-327-KATILIM-F\u0130NANSI.pdf\">Kat\u0131l\u0131m Finans\u0131 7. Hafta Ders Notu<\/a><\/span><\/p>\n<p><span style=\"color: #000000\">Kat\u0131l\u0131m Finans\u0131 8. Hafta Ders Notu<\/span><\/p>\n<p><span style=\"color: #000000\"><a style=\"color: #000000\" href=\"http:\/\/ticaret.edu.tr\/ieesuam\/wp-content\/uploads\/sites\/48\/2021\/01\/GNL327-W-9.pdf\">Kat\u0131l\u0131m Finans\u0131 9. Hafta Ders Notu<\/a><\/span><\/p>\n<p><span style=\"color: #000000\"><a style=\"color: #000000\" href=\"http:\/\/ticaret.edu.tr\/ieesuam\/wp-content\/uploads\/sites\/48\/2021\/01\/GNL327-W.10.pdf\">Kat\u0131l\u0131m Finans\u0131 10. Hafta Ders Notu<\/a><\/span><\/p>\n<p><span style=\"color: #000000\"><a style=\"color: #000000\" href=\"http:\/\/ticaret.edu.tr\/ieesuam\/wp-content\/uploads\/sites\/48\/2021\/01\/GNL327W11.pdf\">Kat\u0131l\u0131m Finans\u0131 11. Hafta Ders Notu<\/a><\/span><\/p>\n<p><span style=\"color: #000000\"><a style=\"color: #000000\" href=\"http:\/\/ticaret.edu.tr\/ieesuam\/wp-content\/uploads\/sites\/48\/2021\/01\/GNL-327-12.hafta_.pdf\">Kat\u0131l\u0131m Finans\u0131 12. Hafta Ders Notu<\/a><\/span><\/p>\n<p><span style=\"color: #000000\">Kat\u0131l\u0131m Finans\u0131 13. Hafta Ders Notu<\/span><\/p>\n<p><span style=\"color: #000000\">Kat\u0131l\u0131m Finans\u0131 14. Hafta Ders Notu<\/span><\/p>\n<p><span style=\"color: #000000\"><a style=\"color: #000000\" href=\"http:\/\/ticaret.edu.tr\/ieesuam\/wp-content\/uploads\/sites\/48\/2021\/01\/GNL-327-15.HAFTA_.pdf\">Kat\u0131l\u0131m Finans\u0131 15. Hafta Ders Notu<\/a><\/span><\/p>\n<p><span style=\"color: #000000\"><a style=\"color: #000000\" href=\"http:\/\/ticaret.edu.tr\/ieesuam\/wp-content\/uploads\/sites\/48\/2021\/01\/GNL-327-16.haftapptx.pdf\">Kat\u0131l\u0131m Finans\u0131 16. Hafta Ders Notu<\/a><\/span><\/p>\n<p>&nbsp;<\/p>\n<p><span style=\"color: #000000\"><strong>GNL 327 KATILIM BANKACILI\u011eI VE \u0130SLAM\u0130 F\u0130NANS DERS NOTLARI<\/strong><\/span><\/p>\n<p><span style=\"color: #000000\"><a style=\"color: #000000\" href=\"http:\/\/ticaret.edu.tr\/islam-ekonomisi-ve-ekonomik-sistemler-uygulama-ve-arastirma-merkezi\/wp-content\/uploads\/sites\/48\/2025\/08\/1.GNL-327-2024-2025-BAHARH.1.pdf\">1.GNL 327 2024 &#8211; 2025 BAHARH.1<\/a> <\/span><\/p>\n<p><span style=\"color: #000000\"><a style=\"color: #000000\" href=\"http:\/\/ticaret.edu.tr\/islam-ekonomisi-ve-ekonomik-sistemler-uygulama-ve-arastirma-merkezi\/wp-content\/uploads\/sites\/48\/2025\/08\/2.-GNL-327-2024-2025-Bahar-H.2.pdf\">2. GNL 327 2024-2025 Bahar H.2<\/a> <\/span><\/p>\n<p><span style=\"color: #000000\"><a style=\"color: #000000\" href=\"http:\/\/ticaret.edu.tr\/islam-ekonomisi-ve-ekonomik-sistemler-uygulama-ve-arastirma-merkezi\/wp-content\/uploads\/sites\/48\/2025\/08\/3.GNL-327-2024-2025-Bahar-H.3.pdf\">3.GNL 327 2024 &#8211; 2025 Bahar H.3<\/a> <\/span><\/p>\n<p><span style=\"color: #000000\"><a style=\"color: #000000\" href=\"http:\/\/ticaret.edu.tr\/islam-ekonomisi-ve-ekonomik-sistemler-uygulama-ve-arastirma-merkezi\/wp-content\/uploads\/sites\/48\/2025\/08\/4.-GNL-327-2024-2025-BAHAR-4.pdf\">4. GNL 327 2024-2025 BAHAR 4<\/a> <\/span><\/p>\n<p><span style=\"color: #000000\"><a style=\"color: #000000\" href=\"http:\/\/ticaret.edu.tr\/islam-ekonomisi-ve-ekonomik-sistemler-uygulama-ve-arastirma-merkezi\/wp-content\/uploads\/sites\/48\/2025\/08\/5.GNL-327-2024-25-bahar-H.5.pdf\">5.GNL 327 2024-25 bahar H.5<\/a> <\/span><\/p>\n<p><span style=\"color: #000000\"><a style=\"color: #000000\" href=\"http:\/\/ticaret.edu.tr\/islam-ekonomisi-ve-ekonomik-sistemler-uygulama-ve-arastirma-merkezi\/wp-content\/uploads\/sites\/48\/2025\/08\/6.GNL-327-2024-25-BAHAR-H.6.pdf\">6.GNL 327 2024-25 BAHAR H.6<\/a> <\/span><\/p>\n<p><span style=\"color: #000000\"><a style=\"color: #000000\" href=\"http:\/\/ticaret.edu.tr\/islam-ekonomisi-ve-ekonomik-sistemler-uygulama-ve-arastirma-merkezi\/wp-content\/uploads\/sites\/48\/2025\/08\/7.GNL-327-2024-2025-BAHAR-7.H.pdf\">7.GNL 327 2024-2025 BAHAR 7.H.<\/a> <\/span><\/p>\n<p><span style=\"color: #000000\"><a style=\"color: #000000\" href=\"http:\/\/ticaret.edu.tr\/islam-ekonomisi-ve-ekonomik-sistemler-uygulama-ve-arastirma-merkezi\/wp-content\/uploads\/sites\/48\/2025\/08\/8.-GNL-327-2024-25-Bahar-8.H.pdf\">8. GNL 327 2024-25 Bahar 8.H.<\/a> <\/span><\/p>\n<p><span style=\"color: #000000\"><a style=\"color: #000000\" href=\"http:\/\/ticaret.edu.tr\/islam-ekonomisi-ve-ekonomik-sistemler-uygulama-ve-arastirma-merkezi\/wp-content\/uploads\/sites\/48\/2025\/08\/9.GNL327-2024-25-Bahar-9.H.pdf\">9.GNL327 2024-25 Bahar 9.H.<\/a> <\/span><\/p>\n<p><span style=\"color: #000000\"><a style=\"color: #000000\" href=\"http:\/\/ticaret.edu.tr\/islam-ekonomisi-ve-ekonomik-sistemler-uygulama-ve-arastirma-merkezi\/wp-content\/uploads\/sites\/48\/2025\/08\/10.GNL-327Katilim2024-25-Bahar-10H.pdf\">10.GNL 327Kat\u0131l\u0131m2024-25 Bahar 10H.<\/a> <\/span><\/p>\n<p><span style=\"color: #000000\"><a style=\"color: #000000\" href=\"http:\/\/ticaret.edu.tr\/islam-ekonomisi-ve-ekonomik-sistemler-uygulama-ve-arastirma-merkezi\/wp-content\/uploads\/sites\/48\/2025\/08\/11.GNL-327-2024-25-BAHAR-11.-Hafta.pdf\">11.GNL 327 2024-25 BAHAR 11. Hafta<\/a> <\/span><\/p>\n<p><span style=\"color: #000000\"><a style=\"color: #000000\" href=\"http:\/\/ticaret.edu.tr\/islam-ekonomisi-ve-ekonomik-sistemler-uygulama-ve-arastirma-merkezi\/wp-content\/uploads\/sites\/48\/2025\/08\/12.GNL-327-2024-25-Bahar12.Hafta_.pdf\">12.GNL 327 2024-25 Bahar12.Hafta<\/a> <\/span><\/p>\n<p><span style=\"color: #000000\"><a style=\"color: #000000\" href=\"http:\/\/ticaret.edu.tr\/islam-ekonomisi-ve-ekonomik-sistemler-uygulama-ve-arastirma-merkezi\/wp-content\/uploads\/sites\/48\/2025\/08\/12-13-14.GNL-327-2024-25-BaharTEKRAR.pdf\">12-13-14.GNL 327 2024-25 BaharTEKRAR<\/a> <\/span><\/p>\n<p><span style=\"color: #000000\"><a style=\"color: #000000\" href=\"http:\/\/ticaret.edu.tr\/islam-ekonomisi-ve-ekonomik-sistemler-uygulama-ve-arastirma-merkezi\/wp-content\/uploads\/sites\/48\/2025\/08\/GNL-327-2024-25-Bahar-DERS-ICERIGI.pdf\">GNL 327 2024-25 Bahar DERS \u0130\u00c7ER\u0130\u011e\u0130<\/a><\/span><\/p>\n","protected":false},"excerpt":{"rendered":"<p>SUNUMLAR 2. ULUSLARARASI S\u0130GORTA BANKACILIK VE F\u0130NANS SEMPOZYUMU \u0130SLAM EKONOM\u0130S\u0130 VE KATILIM BANKACILI\u011eINDA Y\u00d6NET\u0130\u015e\u0130M MANAS ARTV\u0130N S\u00dcRD\u00dcR\u00dcLEB\u0130L\u0130RL\u0130K SUSTAINABILITY T\u0130CARET SBE DERS TANITIMI STANDART YAPAN KURULU\u015eLAR STANDARDS FOR ISLAMIC FINANCIAL INSTITUTIONS WITH THEIR SPECIFIC CHARACTERISTICS\u00a0 ZEKAT MUHASEBES\u0130 ENDONEZYA&#8217;DA ZEKAT ORGAN\u0130ZASYONU MALEZYA\u2019DA ZEKAT ORGAN\u0130ZASYONU SUKUK \u0130SLAM \u0130KT\u0130SADI A\u00c7ISINDAN MERKEZ BANKASI MERKEZ BANKALARININ FA\u0130ZS\u0130Z BANKALAR \u00dcZER\u0130NDEK\u0130 \u0130\u015eLEV VE [&hellip;]<\/p>\n","protected":false},"author":142,"featured_media":0,"parent":0,"menu_order":0,"comment_status":"closed","ping_status":"closed","template":"genel_sayfa.php","meta":{"footnotes":""},"yoast_head":"<!-- This site is optimized with the Yoast SEO Premium plugin v22.1 (Yoast SEO v22.1) - https:\/\/yoast.com\/wordpress\/plugins\/seo\/ -->\n<title>Yay\u0131nlar - Sunumlar - \u0130slam Ekonomisi ve Ekonomik Sistemler Uygulama ve Ara\u015ft\u0131rma Merkezi<\/title>\n<meta name=\"robots\" content=\"index, follow, max-snippet:-1, max-image-preview:large, max-video-preview:-1\" \/>\n<link rel=\"canonical\" href=\"https:\/\/ticaret.edu.tr\/islam-ekonomisi-ve-ekonomik-sistemler-uygulama-ve-arastirma-merkezi\/raporlar\/\" \/>\n<meta property=\"og:locale\" content=\"tr_TR\" \/>\n<meta property=\"og:type\" content=\"article\" \/>\n<meta property=\"og:title\" content=\"Yay\u0131nlar - Sunumlar\" \/>\n<meta property=\"og:description\" content=\"SUNUMLAR 2. ULUSLARARASI S\u0130GORTA BANKACILIK VE F\u0130NANS SEMPOZYUMU \u0130SLAM EKONOM\u0130S\u0130 VE KATILIM BANKACILI\u011eINDA Y\u00d6NET\u0130\u015e\u0130M MANAS ARTV\u0130N S\u00dcRD\u00dcR\u00dcLEB\u0130L\u0130RL\u0130K SUSTAINABILITY T\u0130CARET SBE DERS TANITIMI STANDART YAPAN KURULU\u015eLAR STANDARDS FOR ISLAMIC FINANCIAL INSTITUTIONS WITH THEIR SPECIFIC CHARACTERISTICS\u00a0 ZEKAT MUHASEBES\u0130 ENDONEZYA&#8217;DA ZEKAT ORGAN\u0130ZASYONU MALEZYA\u2019DA ZEKAT ORGAN\u0130ZASYONU SUKUK \u0130SLAM \u0130KT\u0130SADI A\u00c7ISINDAN MERKEZ BANKASI MERKEZ BANKALARININ FA\u0130ZS\u0130Z BANKALAR \u00dcZER\u0130NDEK\u0130 \u0130\u015eLEV VE [&hellip;]\" \/>\n<meta property=\"og:url\" content=\"https:\/\/ticaret.edu.tr\/islam-ekonomisi-ve-ekonomik-sistemler-uygulama-ve-arastirma-merkezi\/raporlar\/\" \/>\n<meta property=\"og:site_name\" content=\"\u0130slam Ekonomisi ve Ekonomik Sistemler Uygulama ve Ara\u015ft\u0131rma Merkezi\" \/>\n<meta property=\"article:publisher\" content=\"https:\/\/www.facebook.com\/ticaretedutr\" \/>\n<meta property=\"article:modified_time\" content=\"2025-11-07T12:58:51+00:00\" \/>\n<meta property=\"og:image\" content=\"http:\/\/ticaret.edu.tr\/islam-ekonomisi-ve-ekonomik-sistemler-uygulama-ve-arastirma-merkezi\/wp-content\/uploads\/sites\/48\/2021\/11\/web_logo-01.jpg\" \/>\n\t<meta property=\"og:image:width\" content=\"1250\" \/>\n\t<meta property=\"og:image:height\" content=\"833\" \/>\n\t<meta property=\"og:image:type\" content=\"image\/jpeg\" \/>\n<meta name=\"twitter:card\" content=\"summary_large_image\" \/>\n<meta name=\"twitter:site\" content=\"@ticaretedutr\" \/>\n<meta name=\"twitter:label1\" content=\"Tahmini okuma s\u00fcresi\" \/>\n\t<meta name=\"twitter:data1\" content=\"3 dakika\" \/>\n<script type=\"application\/ld+json\" class=\"yoast-schema-graph\">{\"@context\":\"https:\/\/schema.org\",\"@graph\":[{\"@type\":\"WebPage\",\"@id\":\"https:\/\/ticaret.edu.tr\/islam-ekonomisi-ve-ekonomik-sistemler-uygulama-ve-arastirma-merkezi\/raporlar\/\",\"url\":\"https:\/\/ticaret.edu.tr\/islam-ekonomisi-ve-ekonomik-sistemler-uygulama-ve-arastirma-merkezi\/raporlar\/\",\"name\":\"Yay\u0131nlar - Sunumlar - \u0130slam Ekonomisi ve Ekonomik Sistemler Uygulama ve Ara\u015ft\u0131rma Merkezi\",\"isPartOf\":{\"@id\":\"https:\/\/ticaret.edu.tr\/islam-ekonomisi-ve-ekonomik-sistemler-uygulama-ve-arastirma-merkezi\/#website\"},\"datePublished\":\"2020-07-20T03:58:13+00:00\",\"dateModified\":\"2025-11-07T12:58:51+00:00\",\"breadcrumb\":{\"@id\":\"https:\/\/ticaret.edu.tr\/islam-ekonomisi-ve-ekonomik-sistemler-uygulama-ve-arastirma-merkezi\/raporlar\/#breadcrumb\"},\"inLanguage\":\"tr\",\"potentialAction\":[{\"@type\":\"ReadAction\",\"target\":[\"https:\/\/ticaret.edu.tr\/islam-ekonomisi-ve-ekonomik-sistemler-uygulama-ve-arastirma-merkezi\/raporlar\/\"]}]},{\"@type\":\"BreadcrumbList\",\"@id\":\"https:\/\/ticaret.edu.tr\/islam-ekonomisi-ve-ekonomik-sistemler-uygulama-ve-arastirma-merkezi\/raporlar\/#breadcrumb\",\"itemListElement\":[{\"@type\":\"ListItem\",\"position\":1,\"name\":\"Ana sayfa\",\"item\":\"https:\/\/ticaret.edu.tr\/islam-ekonomisi-ve-ekonomik-sistemler-uygulama-ve-arastirma-merkezi\/\"},{\"@type\":\"ListItem\",\"position\":2,\"name\":\"Yay\u0131nlar &#8211; Sunumlar\"}]},{\"@type\":\"WebSite\",\"@id\":\"https:\/\/ticaret.edu.tr\/islam-ekonomisi-ve-ekonomik-sistemler-uygulama-ve-arastirma-merkezi\/#website\",\"url\":\"https:\/\/ticaret.edu.tr\/islam-ekonomisi-ve-ekonomik-sistemler-uygulama-ve-arastirma-merkezi\/\",\"name\":\"\u0130slam Ekonomisi ve Ekonomik Sistemler Uygulama ve Ara\u015ft\u0131rma Merkezi\",\"description\":\"Bir ba\u015fka \u0130stanbul Ticaret \u00dcniversitesi site sitesi\",\"potentialAction\":[{\"@type\":\"SearchAction\",\"target\":{\"@type\":\"EntryPoint\",\"urlTemplate\":\"https:\/\/ticaret.edu.tr\/islam-ekonomisi-ve-ekonomik-sistemler-uygulama-ve-arastirma-merkezi\/?s={search_term_string}\"},\"query-input\":\"required name=search_term_string\"}],\"inLanguage\":\"tr\"}]}<\/script>\n<!-- \/ Yoast SEO Premium plugin. -->","yoast_head_json":{"title":"Yay\u0131nlar - Sunumlar - \u0130slam Ekonomisi ve Ekonomik Sistemler Uygulama ve Ara\u015ft\u0131rma Merkezi","robots":{"index":"index","follow":"follow","max-snippet":"max-snippet:-1","max-image-preview":"max-image-preview:large","max-video-preview":"max-video-preview:-1"},"canonical":"https:\/\/ticaret.edu.tr\/islam-ekonomisi-ve-ekonomik-sistemler-uygulama-ve-arastirma-merkezi\/raporlar\/","og_locale":"tr_TR","og_type":"article","og_title":"Yay\u0131nlar - Sunumlar","og_description":"SUNUMLAR 2. ULUSLARARASI S\u0130GORTA BANKACILIK VE F\u0130NANS SEMPOZYUMU \u0130SLAM EKONOM\u0130S\u0130 VE KATILIM BANKACILI\u011eINDA Y\u00d6NET\u0130\u015e\u0130M MANAS ARTV\u0130N S\u00dcRD\u00dcR\u00dcLEB\u0130L\u0130RL\u0130K SUSTAINABILITY T\u0130CARET SBE DERS TANITIMI STANDART YAPAN KURULU\u015eLAR STANDARDS FOR ISLAMIC FINANCIAL INSTITUTIONS WITH THEIR SPECIFIC CHARACTERISTICS\u00a0 ZEKAT MUHASEBES\u0130 ENDONEZYA&#8217;DA ZEKAT ORGAN\u0130ZASYONU MALEZYA\u2019DA ZEKAT ORGAN\u0130ZASYONU SUKUK \u0130SLAM \u0130KT\u0130SADI A\u00c7ISINDAN MERKEZ BANKASI MERKEZ BANKALARININ FA\u0130ZS\u0130Z BANKALAR \u00dcZER\u0130NDEK\u0130 \u0130\u015eLEV VE [&hellip;]","og_url":"https:\/\/ticaret.edu.tr\/islam-ekonomisi-ve-ekonomik-sistemler-uygulama-ve-arastirma-merkezi\/raporlar\/","og_site_name":"\u0130slam Ekonomisi ve Ekonomik Sistemler Uygulama ve Ara\u015ft\u0131rma Merkezi","article_publisher":"https:\/\/www.facebook.com\/ticaretedutr","article_modified_time":"2025-11-07T12:58:51+00:00","og_image":[{"width":1250,"height":833,"url":"http:\/\/ticaret.edu.tr\/islam-ekonomisi-ve-ekonomik-sistemler-uygulama-ve-arastirma-merkezi\/wp-content\/uploads\/sites\/48\/2021\/11\/web_logo-01.jpg","type":"image\/jpeg"}],"twitter_card":"summary_large_image","twitter_site":"@ticaretedutr","twitter_misc":{"Tahmini okuma s\u00fcresi":"3 dakika"},"schema":{"@context":"https:\/\/schema.org","@graph":[{"@type":"WebPage","@id":"https:\/\/ticaret.edu.tr\/islam-ekonomisi-ve-ekonomik-sistemler-uygulama-ve-arastirma-merkezi\/raporlar\/","url":"https:\/\/ticaret.edu.tr\/islam-ekonomisi-ve-ekonomik-sistemler-uygulama-ve-arastirma-merkezi\/raporlar\/","name":"Yay\u0131nlar - Sunumlar - \u0130slam Ekonomisi ve Ekonomik Sistemler Uygulama ve Ara\u015ft\u0131rma Merkezi","isPartOf":{"@id":"https:\/\/ticaret.edu.tr\/islam-ekonomisi-ve-ekonomik-sistemler-uygulama-ve-arastirma-merkezi\/#website"},"datePublished":"2020-07-20T03:58:13+00:00","dateModified":"2025-11-07T12:58:51+00:00","breadcrumb":{"@id":"https:\/\/ticaret.edu.tr\/islam-ekonomisi-ve-ekonomik-sistemler-uygulama-ve-arastirma-merkezi\/raporlar\/#breadcrumb"},"inLanguage":"tr","potentialAction":[{"@type":"ReadAction","target":["https:\/\/ticaret.edu.tr\/islam-ekonomisi-ve-ekonomik-sistemler-uygulama-ve-arastirma-merkezi\/raporlar\/"]}]},{"@type":"BreadcrumbList","@id":"https:\/\/ticaret.edu.tr\/islam-ekonomisi-ve-ekonomik-sistemler-uygulama-ve-arastirma-merkezi\/raporlar\/#breadcrumb","itemListElement":[{"@type":"ListItem","position":1,"name":"Ana sayfa","item":"https:\/\/ticaret.edu.tr\/islam-ekonomisi-ve-ekonomik-sistemler-uygulama-ve-arastirma-merkezi\/"},{"@type":"ListItem","position":2,"name":"Yay\u0131nlar &#8211; Sunumlar"}]},{"@type":"WebSite","@id":"https:\/\/ticaret.edu.tr\/islam-ekonomisi-ve-ekonomik-sistemler-uygulama-ve-arastirma-merkezi\/#website","url":"https:\/\/ticaret.edu.tr\/islam-ekonomisi-ve-ekonomik-sistemler-uygulama-ve-arastirma-merkezi\/","name":"\u0130slam Ekonomisi ve Ekonomik Sistemler Uygulama ve Ara\u015ft\u0131rma Merkezi","description":"Bir ba\u015fka \u0130stanbul Ticaret \u00dcniversitesi site sitesi","potentialAction":[{"@type":"SearchAction","target":{"@type":"EntryPoint","urlTemplate":"https:\/\/ticaret.edu.tr\/islam-ekonomisi-ve-ekonomik-sistemler-uygulama-ve-arastirma-merkezi\/?s={search_term_string}"},"query-input":"required name=search_term_string"}],"inLanguage":"tr"}]}},"lang":"tr","translations":{"en":181,"tr":8},"pll_sync_post":[],"_links":{"self":[{"href":"http:\/\/ticaret.edu.tr\/islam-ekonomisi-ve-ekonomik-sistemler-uygulama-ve-arastirma-merkezi\/wp-json\/wp\/v2\/pages\/8"}],"collection":[{"href":"http:\/\/ticaret.edu.tr\/islam-ekonomisi-ve-ekonomik-sistemler-uygulama-ve-arastirma-merkezi\/wp-json\/wp\/v2\/pages"}],"about":[{"href":"http:\/\/ticaret.edu.tr\/islam-ekonomisi-ve-ekonomik-sistemler-uygulama-ve-arastirma-merkezi\/wp-json\/wp\/v2\/types\/page"}],"author":[{"embeddable":true,"href":"http:\/\/ticaret.edu.tr\/islam-ekonomisi-ve-ekonomik-sistemler-uygulama-ve-arastirma-merkezi\/wp-json\/wp\/v2\/users\/142"}],"replies":[{"embeddable":true,"href":"http:\/\/ticaret.edu.tr\/islam-ekonomisi-ve-ekonomik-sistemler-uygulama-ve-arastirma-merkezi\/wp-json\/wp\/v2\/comments?post=8"}],"version-history":[{"count":30,"href":"http:\/\/ticaret.edu.tr\/islam-ekonomisi-ve-ekonomik-sistemler-uygulama-ve-arastirma-merkezi\/wp-json\/wp\/v2\/pages\/8\/revisions"}],"predecessor-version":[{"id":574,"href":"http:\/\/ticaret.edu.tr\/islam-ekonomisi-ve-ekonomik-sistemler-uygulama-ve-arastirma-merkezi\/wp-json\/wp\/v2\/pages\/8\/revisions\/574"}],"wp:attachment":[{"href":"http:\/\/ticaret.edu.tr\/islam-ekonomisi-ve-ekonomik-sistemler-uygulama-ve-arastirma-merkezi\/wp-json\/wp\/v2\/media?parent=8"}],"curies":[{"name":"wp","href":"https:\/\/api.w.org\/{rel}","templated":true}]}}