{"id":1267,"date":"2022-12-27T14:37:54","date_gmt":"2022-12-27T11:37:54","guid":{"rendered":"https:\/\/ticaret.edu.tr\/isletme-bolumu\/?page_id=1267"},"modified":"2025-02-11T15:34:45","modified_gmt":"2025-02-11T12:34:45","slug":"program-ogrenme-ciktilari","status":"publish","type":"page","link":"http:\/\/ticaret.edu.tr\/isletme-bolumu\/program-ogrenme-ciktilari\/","title":{"rendered":"Program \u00d6\u011fretim \u00c7\u0131kt\u0131lar\u0131"},"content":{"rendered":"<ol>\n<li>\u0130\u015fletmenin temel fonksiyonlar\u0131, \u00f6rg\u00fct yap\u0131s\u0131, kaynaklar\u0131, payda\u015flar\u0131, \u00e7evresi hakk\u0131nda kavramsal ve uygulamaya y\u00f6nelik bilgiye, beceriye sahip olma<\/li>\n<li>\u0130\u015fletmenin mevcut durumunu, potansiyel sorunlar\u0131n\u0131 tespit ve analiz edebilme, de\u011ferlendirebilme, alternatif \u00e7\u00f6z\u00fcm \u00f6nerileri geli\u015ftirebilme<\/li>\n<li>\u0130\u015fletme alan\u0131yla ilgili bilgileri, y\u00f6netim bilgi sistemlerini etkin bir \u015fekilde kullanarak raporla\u015ft\u0131rabilme<\/li>\n<li>\u0130\u015fletmelerde ulusal ve k\u00fcresel dinamikler do\u011frultusunda stratejiler geli\u015ftirebilme, uygulayabilme<\/li>\n<li>Bireysel ve \u00e7ok k\u00fclt\u00fcrl\u00fc guruplarda etkin \u00e7al\u0131\u015fabilme, sorumluluk alma ve insiyatif kullanabilme<\/li>\n<li>\u0130\u015fletmenin \u00e7evresiyle ilgili, \u00f6\u011fretim dili ve en az bir yabanc\u0131 dilde yaz\u0131l\u0131 ve s\u00f6zl\u00fc ileti\u015fim kurabilme<\/li>\n<li>\u0130\u015f eti\u011fi, sosyal sorumluluk ve ahlaki de\u011ferlere sahip olma<\/li>\n<li>\u0130\u015fletmenin fonksiyonlar\u0131na ili\u015fkin uygulamalar\u0131n sosyal etkilerini ve hukuki sonu\u00e7lar\u0131n\u0131 de\u011ferlendirebilme<\/li>\n<li>\u0130\u015fletme alan\u0131ndaki g\u00fcncel bilgileri, geli\u015fmeleri d\u00fczenli olarak takip edebilme ve i\u015f hayat\u0131nda kullanabilme<\/li>\n<li>\u0130\u015fletmenin y\u00f6netim fonksiyonlar\u0131n\u0131 etkin bi\u00e7imde ger\u00e7ekle\u015ftirmek i\u00e7in y\u00f6netsel becerileri kullanabilme<\/li>\n<li>\u0130\u015fletmelerin karar verme s\u00fcre\u00e7lerinde bilimsel y\u00f6ntem ve yakla\u015f\u0131mlar\u0131 uygulayabilme<\/li>\n<li>\u0130\u015fletme alan\u0131nda edinilen bilgileri, becerileri, yetkinlikleri kullanarak yenilik\u00e7i fikirler ve \u00e7\u00f6z\u00fcm \u00f6nerileri geli\u015ftirebilme<\/li>\n<\/ol>\n","protected":false},"excerpt":{"rendered":"<p>\u0130\u015fletmenin temel fonksiyonlar\u0131, \u00f6rg\u00fct yap\u0131s\u0131, kaynaklar\u0131, payda\u015flar\u0131, \u00e7evresi hakk\u0131nda kavramsal ve uygulamaya y\u00f6nelik bilgiye, beceriye sahip olma \u0130\u015fletmenin mevcut durumunu, potansiyel sorunlar\u0131n\u0131 tespit ve analiz edebilme, de\u011ferlendirebilme, alternatif \u00e7\u00f6z\u00fcm \u00f6nerileri geli\u015ftirebilme \u0130\u015fletme alan\u0131yla ilgili bilgileri, y\u00f6netim bilgi sistemlerini etkin bir \u015fekilde kullanarak raporla\u015ft\u0131rabilme \u0130\u015fletmelerde ulusal ve k\u00fcresel dinamikler do\u011frultusunda stratejiler geli\u015ftirebilme, uygulayabilme Bireysel ve \u00e7ok [&hellip;]<\/p>\n","protected":false},"author":59,"featured_media":0,"parent":0,"menu_order":0,"comment_status":"closed","ping_status":"closed","template":"genel_sayfa.php","meta":{"footnotes":""},"yoast_head":"<!-- This site is optimized with the Yoast SEO Premium plugin v22.1 (Yoast SEO v22.1) - https:\/\/yoast.com\/wordpress\/plugins\/seo\/ -->\n<title>Program \u00d6\u011fretim \u00c7\u0131kt\u0131lar\u0131 - \u0130\u015fletme<\/title>\n<meta name=\"robots\" content=\"index, follow, max-snippet:-1, max-image-preview:large, max-video-preview:-1\" \/>\n<link rel=\"canonical\" href=\"https:\/\/ticaret.edu.tr\/isletme-bolumu\/program-ogrenme-ciktilari\/\" \/>\n<meta property=\"og:locale\" content=\"tr_TR\" \/>\n<meta property=\"og:type\" content=\"article\" \/>\n<meta property=\"og:title\" content=\"Program \u00d6\u011fretim \u00c7\u0131kt\u0131lar\u0131\" \/>\n<meta property=\"og:description\" content=\"\u0130\u015fletmenin temel fonksiyonlar\u0131, \u00f6rg\u00fct yap\u0131s\u0131, kaynaklar\u0131, payda\u015flar\u0131, \u00e7evresi hakk\u0131nda kavramsal ve uygulamaya y\u00f6nelik bilgiye, beceriye sahip olma \u0130\u015fletmenin mevcut durumunu, potansiyel sorunlar\u0131n\u0131 tespit ve analiz edebilme, de\u011ferlendirebilme, alternatif \u00e7\u00f6z\u00fcm \u00f6nerileri geli\u015ftirebilme \u0130\u015fletme alan\u0131yla ilgili bilgileri, y\u00f6netim bilgi sistemlerini etkin bir \u015fekilde kullanarak raporla\u015ft\u0131rabilme \u0130\u015fletmelerde ulusal ve k\u00fcresel dinamikler do\u011frultusunda stratejiler geli\u015ftirebilme, uygulayabilme Bireysel ve \u00e7ok [&hellip;]\" \/>\n<meta property=\"og:url\" content=\"https:\/\/ticaret.edu.tr\/isletme-bolumu\/program-ogrenme-ciktilari\/\" \/>\n<meta property=\"og:site_name\" content=\"\u0130\u015fletme\" \/>\n<meta property=\"article:publisher\" content=\"https:\/\/www.facebook.com\/ticaretedutr\" \/>\n<meta property=\"article:modified_time\" content=\"2025-02-11T12:34:45+00:00\" \/>\n<meta property=\"og:image\" content=\"http:\/\/ticaret.edu.tr\/isletme-bolumu\/wp-content\/uploads\/sites\/8\/2021\/11\/web_logo-01.jpg\" \/>\n\t<meta property=\"og:image:width\" content=\"1250\" \/>\n\t<meta property=\"og:image:height\" content=\"833\" \/>\n\t<meta property=\"og:image:type\" content=\"image\/jpeg\" \/>\n<meta name=\"twitter:card\" content=\"summary_large_image\" \/>\n<meta name=\"twitter:site\" content=\"@ticaretedutr\" \/>\n<meta name=\"twitter:label1\" content=\"Tahmini okuma s\u00fcresi\" \/>\n\t<meta name=\"twitter:data1\" content=\"1 dakika\" \/>\n<script type=\"application\/ld+json\" class=\"yoast-schema-graph\">{\"@context\":\"https:\/\/schema.org\",\"@graph\":[{\"@type\":\"WebPage\",\"@id\":\"https:\/\/ticaret.edu.tr\/isletme-bolumu\/program-ogrenme-ciktilari\/\",\"url\":\"https:\/\/ticaret.edu.tr\/isletme-bolumu\/program-ogrenme-ciktilari\/\",\"name\":\"Program \u00d6\u011fretim \u00c7\u0131kt\u0131lar\u0131 - \u0130\u015fletme\",\"isPartOf\":{\"@id\":\"http:\/\/ticaret.edu.tr\/isletme-bolumu\/#website\"},\"datePublished\":\"2022-12-27T11:37:54+00:00\",\"dateModified\":\"2025-02-11T12:34:45+00:00\",\"breadcrumb\":{\"@id\":\"https:\/\/ticaret.edu.tr\/isletme-bolumu\/program-ogrenme-ciktilari\/#breadcrumb\"},\"inLanguage\":\"tr\",\"potentialAction\":[{\"@type\":\"ReadAction\",\"target\":[\"https:\/\/ticaret.edu.tr\/isletme-bolumu\/program-ogrenme-ciktilari\/\"]}]},{\"@type\":\"BreadcrumbList\",\"@id\":\"https:\/\/ticaret.edu.tr\/isletme-bolumu\/program-ogrenme-ciktilari\/#breadcrumb\",\"itemListElement\":[{\"@type\":\"ListItem\",\"position\":1,\"name\":\"Ana sayfa\",\"item\":\"https:\/\/ticaret.edu.tr\/isletme-bolumu\/en\/\"},{\"@type\":\"ListItem\",\"position\":2,\"name\":\"Program \u00d6\u011fretim \u00c7\u0131kt\u0131lar\u0131\"}]},{\"@type\":\"WebSite\",\"@id\":\"http:\/\/ticaret.edu.tr\/isletme-bolumu\/#website\",\"url\":\"http:\/\/ticaret.edu.tr\/isletme-bolumu\/\",\"name\":\"\u0130\u015fletme\",\"description\":\"\",\"potentialAction\":[{\"@type\":\"SearchAction\",\"target\":{\"@type\":\"EntryPoint\",\"urlTemplate\":\"http:\/\/ticaret.edu.tr\/isletme-bolumu\/?s={search_term_string}\"},\"query-input\":\"required name=search_term_string\"}],\"inLanguage\":\"tr\"}]}<\/script>\n<!-- \/ Yoast SEO Premium plugin. -->","yoast_head_json":{"title":"Program \u00d6\u011fretim \u00c7\u0131kt\u0131lar\u0131 - \u0130\u015fletme","robots":{"index":"index","follow":"follow","max-snippet":"max-snippet:-1","max-image-preview":"max-image-preview:large","max-video-preview":"max-video-preview:-1"},"canonical":"https:\/\/ticaret.edu.tr\/isletme-bolumu\/program-ogrenme-ciktilari\/","og_locale":"tr_TR","og_type":"article","og_title":"Program \u00d6\u011fretim \u00c7\u0131kt\u0131lar\u0131","og_description":"\u0130\u015fletmenin temel fonksiyonlar\u0131, \u00f6rg\u00fct yap\u0131s\u0131, kaynaklar\u0131, payda\u015flar\u0131, \u00e7evresi hakk\u0131nda kavramsal ve uygulamaya y\u00f6nelik bilgiye, beceriye sahip olma \u0130\u015fletmenin mevcut durumunu, potansiyel sorunlar\u0131n\u0131 tespit ve analiz edebilme, de\u011ferlendirebilme, alternatif \u00e7\u00f6z\u00fcm \u00f6nerileri geli\u015ftirebilme \u0130\u015fletme alan\u0131yla ilgili bilgileri, y\u00f6netim bilgi sistemlerini etkin bir \u015fekilde kullanarak raporla\u015ft\u0131rabilme \u0130\u015fletmelerde ulusal ve k\u00fcresel dinamikler do\u011frultusunda stratejiler geli\u015ftirebilme, uygulayabilme Bireysel ve \u00e7ok [&hellip;]","og_url":"https:\/\/ticaret.edu.tr\/isletme-bolumu\/program-ogrenme-ciktilari\/","og_site_name":"\u0130\u015fletme","article_publisher":"https:\/\/www.facebook.com\/ticaretedutr","article_modified_time":"2025-02-11T12:34:45+00:00","og_image":[{"width":1250,"height":833,"url":"http:\/\/ticaret.edu.tr\/isletme-bolumu\/wp-content\/uploads\/sites\/8\/2021\/11\/web_logo-01.jpg","type":"image\/jpeg"}],"twitter_card":"summary_large_image","twitter_site":"@ticaretedutr","twitter_misc":{"Tahmini okuma s\u00fcresi":"1 dakika"},"schema":{"@context":"https:\/\/schema.org","@graph":[{"@type":"WebPage","@id":"https:\/\/ticaret.edu.tr\/isletme-bolumu\/program-ogrenme-ciktilari\/","url":"https:\/\/ticaret.edu.tr\/isletme-bolumu\/program-ogrenme-ciktilari\/","name":"Program \u00d6\u011fretim \u00c7\u0131kt\u0131lar\u0131 - \u0130\u015fletme","isPartOf":{"@id":"http:\/\/ticaret.edu.tr\/isletme-bolumu\/#website"},"datePublished":"2022-12-27T11:37:54+00:00","dateModified":"2025-02-11T12:34:45+00:00","breadcrumb":{"@id":"https:\/\/ticaret.edu.tr\/isletme-bolumu\/program-ogrenme-ciktilari\/#breadcrumb"},"inLanguage":"tr","potentialAction":[{"@type":"ReadAction","target":["https:\/\/ticaret.edu.tr\/isletme-bolumu\/program-ogrenme-ciktilari\/"]}]},{"@type":"BreadcrumbList","@id":"https:\/\/ticaret.edu.tr\/isletme-bolumu\/program-ogrenme-ciktilari\/#breadcrumb","itemListElement":[{"@type":"ListItem","position":1,"name":"Ana sayfa","item":"https:\/\/ticaret.edu.tr\/isletme-bolumu\/en\/"},{"@type":"ListItem","position":2,"name":"Program \u00d6\u011fretim \u00c7\u0131kt\u0131lar\u0131"}]},{"@type":"WebSite","@id":"http:\/\/ticaret.edu.tr\/isletme-bolumu\/#website","url":"http:\/\/ticaret.edu.tr\/isletme-bolumu\/","name":"\u0130\u015fletme","description":"","potentialAction":[{"@type":"SearchAction","target":{"@type":"EntryPoint","urlTemplate":"http:\/\/ticaret.edu.tr\/isletme-bolumu\/?s={search_term_string}"},"query-input":"required name=search_term_string"}],"inLanguage":"tr"}]}},"lang":"tr","translations":{"en":1318,"tr":1267},"pll_sync_post":[],"_links":{"self":[{"href":"http:\/\/ticaret.edu.tr\/isletme-bolumu\/wp-json\/wp\/v2\/pages\/1267"}],"collection":[{"href":"http:\/\/ticaret.edu.tr\/isletme-bolumu\/wp-json\/wp\/v2\/pages"}],"about":[{"href":"http:\/\/ticaret.edu.tr\/isletme-bolumu\/wp-json\/wp\/v2\/types\/page"}],"author":[{"embeddable":true,"href":"http:\/\/ticaret.edu.tr\/isletme-bolumu\/wp-json\/wp\/v2\/users\/59"}],"replies":[{"embeddable":true,"href":"http:\/\/ticaret.edu.tr\/isletme-bolumu\/wp-json\/wp\/v2\/comments?post=1267"}],"version-history":[{"count":2,"href":"http:\/\/ticaret.edu.tr\/isletme-bolumu\/wp-json\/wp\/v2\/pages\/1267\/revisions"}],"predecessor-version":[{"id":2061,"href":"http:\/\/ticaret.edu.tr\/isletme-bolumu\/wp-json\/wp\/v2\/pages\/1267\/revisions\/2061"}],"wp:attachment":[{"href":"http:\/\/ticaret.edu.tr\/isletme-bolumu\/wp-json\/wp\/v2\/media?parent=1267"}],"curies":[{"name":"wp","href":"https:\/\/api.w.org\/{rel}","templated":true}]}}