{"id":1327,"date":"2022-12-28T16:41:34","date_gmt":"2022-12-28T13:41:34","guid":{"rendered":"https:\/\/ticaret.edu.tr\/isletme-bolumu\/?page_id=1327"},"modified":"2025-02-11T15:34:03","modified_gmt":"2025-02-11T12:34:03","slug":"committees","status":"publish","type":"page","link":"http:\/\/ticaret.edu.tr\/isletme-bolumu\/en\/committees\/","title":{"rendered":"Committees"},"content":{"rendered":"<p><strong>Committees of Business Administration Department<\/strong><\/p>\n<p><strong><em>Committe on Undergraduate Transfers<\/em><\/strong><\/p>\n<p>Prof. Dr. Murat Kas\u0131mo\u011flu<\/p>\n<p>Res. Asst. Merdan U\u00e7um<\/p>\n<p><strong><em>Double Major-Minor Program Committe<\/em><\/strong><\/p>\n<p>Prof. Dr. Ali G\u00f6rener<\/p>\n<p>Assoc. Dr. Recep Ali K\u00fc\u00e7\u00fck\u00e7olak<\/p>\n<p><strong><em>Graduation Committe<\/em><\/strong><\/p>\n<p>Dr. Mehmet Sa\u011flam<\/p>\n<p>Res. Asst. H\u00fcmeyra Nur Hatipo\u011flu<\/p>\n<p><strong><em>Curriculum Committe<\/em><\/strong><\/p>\n<p>Prof. Dr. Ali G\u00f6rener<\/p>\n<p>Prof. Dr. \u00d6mer Torlak<\/p>\n<p>Prof. Dr. Feyzullah Yetgin<\/p>\n<p>Prof. Dr. Murat Kas\u0131mo\u011flu<\/p>\n<p>Assoc. Dr. Osman Bayraktar<\/p>\n<p>Assoc. Dr. Recep Ali K\u00fc\u00e7\u00fck\u00e7olak<\/p>\n<p>Dr. Mehmet Sa\u011flam<\/p>\n<p>Dr. Nihan Yavuz Aksakal<\/p>\n<p>Dr. Ey\u00fcp Vural Ayd\u0131n<\/p>\n<p>Res. Asst. H\u00fcmeyra Nur Hatipo\u011flu<\/p>\n<p>Res. Asst. Merdan U\u00e7um<\/p>\n<p><strong><em>Faculty Evaluation Committe<\/em><\/strong><\/p>\n<p>Prof. Dr. Ali G\u00f6rener<\/p>\n<p>Dr. Mehmet Sa\u011flam<\/p>\n<p><strong><em>Internship Committe<\/em><\/strong><\/p>\n<p>Dr. Nihan Yavuz Aksakal<\/p>\n<p>Res. Asst. Merdan U\u00e7um<\/p>\n","protected":false},"excerpt":{"rendered":"<p>Committees of Business Administration Department Committe on Undergraduate Transfers Prof. Dr. Murat Kas\u0131mo\u011flu Res. Asst. Merdan U\u00e7um Double Major-Minor Program Committe Prof. Dr. Ali G\u00f6rener Assoc. Dr. Recep Ali K\u00fc\u00e7\u00fck\u00e7olak Graduation Committe Dr. Mehmet Sa\u011flam Res. Asst. H\u00fcmeyra Nur Hatipo\u011flu Curriculum Committe Prof. Dr. Ali G\u00f6rener Prof. Dr. \u00d6mer Torlak Prof. Dr. Feyzullah Yetgin Prof. [&hellip;]<\/p>\n","protected":false},"author":58,"featured_media":0,"parent":0,"menu_order":0,"comment_status":"closed","ping_status":"closed","template":"genel_sayfa.php","meta":{"footnotes":""},"yoast_head":"<!-- This site is optimized with the Yoast SEO Premium plugin v22.1 (Yoast SEO v22.1) - https:\/\/yoast.com\/wordpress\/plugins\/seo\/ -->\n<title>Committees - \u0130\u015fletme<\/title>\n<meta name=\"robots\" content=\"index, follow, max-snippet:-1, max-image-preview:large, max-video-preview:-1\" \/>\n<link rel=\"canonical\" href=\"http:\/\/ticaret.edu.tr\/isletme-bolumu\/en\/committees\/\" \/>\n<meta property=\"og:locale\" content=\"tr_TR\" \/>\n<meta property=\"og:type\" content=\"article\" \/>\n<meta property=\"og:title\" content=\"Committees\" \/>\n<meta property=\"og:description\" content=\"Committees of Business Administration Department Committe on Undergraduate Transfers Prof. Dr. Murat Kas\u0131mo\u011flu Res. Asst. Merdan U\u00e7um Double Major-Minor Program Committe Prof. Dr. Ali G\u00f6rener Assoc. Dr. Recep Ali K\u00fc\u00e7\u00fck\u00e7olak Graduation Committe Dr. Mehmet Sa\u011flam Res. Asst. H\u00fcmeyra Nur Hatipo\u011flu Curriculum Committe Prof. Dr. Ali G\u00f6rener Prof. Dr. \u00d6mer Torlak Prof. Dr. Feyzullah Yetgin Prof. [&hellip;]\" \/>\n<meta property=\"og:url\" content=\"http:\/\/ticaret.edu.tr\/isletme-bolumu\/en\/committees\/\" \/>\n<meta property=\"og:site_name\" content=\"\u0130\u015fletme\" \/>\n<meta property=\"article:publisher\" content=\"https:\/\/www.facebook.com\/ticaretedutr\" \/>\n<meta property=\"article:modified_time\" content=\"2025-02-11T12:34:03+00:00\" \/>\n<meta property=\"og:image\" content=\"http:\/\/ticaret.edu.tr\/isletme-bolumu\/wp-content\/uploads\/sites\/8\/2021\/11\/web_logo-01.jpg\" \/>\n\t<meta property=\"og:image:width\" content=\"1250\" \/>\n\t<meta property=\"og:image:height\" content=\"833\" \/>\n\t<meta property=\"og:image:type\" content=\"image\/jpeg\" \/>\n<meta name=\"twitter:card\" content=\"summary_large_image\" \/>\n<meta name=\"twitter:site\" content=\"@ticaretedutr\" \/>\n<meta name=\"twitter:label1\" content=\"Tahmini okuma s\u00fcresi\" \/>\n\t<meta name=\"twitter:data1\" content=\"1 dakika\" \/>\n<script type=\"application\/ld+json\" class=\"yoast-schema-graph\">{\"@context\":\"https:\/\/schema.org\",\"@graph\":[{\"@type\":\"WebPage\",\"@id\":\"http:\/\/ticaret.edu.tr\/isletme-bolumu\/en\/committees\/\",\"url\":\"http:\/\/ticaret.edu.tr\/isletme-bolumu\/en\/committees\/\",\"name\":\"Committees - \u0130\u015fletme\",\"isPartOf\":{\"@id\":\"http:\/\/ticaret.edu.tr\/isletme-bolumu\/#website\"},\"datePublished\":\"2022-12-28T13:41:34+00:00\",\"dateModified\":\"2025-02-11T12:34:03+00:00\",\"breadcrumb\":{\"@id\":\"http:\/\/ticaret.edu.tr\/isletme-bolumu\/en\/committees\/#breadcrumb\"},\"inLanguage\":\"tr\",\"potentialAction\":[{\"@type\":\"ReadAction\",\"target\":[\"http:\/\/ticaret.edu.tr\/isletme-bolumu\/en\/committees\/\"]}]},{\"@type\":\"BreadcrumbList\",\"@id\":\"http:\/\/ticaret.edu.tr\/isletme-bolumu\/en\/committees\/#breadcrumb\",\"itemListElement\":[{\"@type\":\"ListItem\",\"position\":1,\"name\":\"Ana sayfa\",\"item\":\"https:\/\/ticaret.edu.tr\/isletme-bolumu\/en\/\"},{\"@type\":\"ListItem\",\"position\":2,\"name\":\"Committees\"}]},{\"@type\":\"WebSite\",\"@id\":\"http:\/\/ticaret.edu.tr\/isletme-bolumu\/#website\",\"url\":\"http:\/\/ticaret.edu.tr\/isletme-bolumu\/\",\"name\":\"\u0130\u015fletme\",\"description\":\"\",\"potentialAction\":[{\"@type\":\"SearchAction\",\"target\":{\"@type\":\"EntryPoint\",\"urlTemplate\":\"http:\/\/ticaret.edu.tr\/isletme-bolumu\/?s={search_term_string}\"},\"query-input\":\"required name=search_term_string\"}],\"inLanguage\":\"tr\"}]}<\/script>\n<!-- \/ Yoast SEO Premium plugin. -->","yoast_head_json":{"title":"Committees - \u0130\u015fletme","robots":{"index":"index","follow":"follow","max-snippet":"max-snippet:-1","max-image-preview":"max-image-preview:large","max-video-preview":"max-video-preview:-1"},"canonical":"http:\/\/ticaret.edu.tr\/isletme-bolumu\/en\/committees\/","og_locale":"tr_TR","og_type":"article","og_title":"Committees","og_description":"Committees of Business Administration Department Committe on Undergraduate Transfers Prof. Dr. Murat Kas\u0131mo\u011flu Res. Asst. Merdan U\u00e7um Double Major-Minor Program Committe Prof. Dr. Ali G\u00f6rener Assoc. Dr. Recep Ali K\u00fc\u00e7\u00fck\u00e7olak Graduation Committe Dr. Mehmet Sa\u011flam Res. Asst. H\u00fcmeyra Nur Hatipo\u011flu Curriculum Committe Prof. Dr. Ali G\u00f6rener Prof. Dr. \u00d6mer Torlak Prof. Dr. Feyzullah Yetgin Prof. [&hellip;]","og_url":"http:\/\/ticaret.edu.tr\/isletme-bolumu\/en\/committees\/","og_site_name":"\u0130\u015fletme","article_publisher":"https:\/\/www.facebook.com\/ticaretedutr","article_modified_time":"2025-02-11T12:34:03+00:00","og_image":[{"width":1250,"height":833,"url":"http:\/\/ticaret.edu.tr\/isletme-bolumu\/wp-content\/uploads\/sites\/8\/2021\/11\/web_logo-01.jpg","type":"image\/jpeg"}],"twitter_card":"summary_large_image","twitter_site":"@ticaretedutr","twitter_misc":{"Tahmini okuma s\u00fcresi":"1 dakika"},"schema":{"@context":"https:\/\/schema.org","@graph":[{"@type":"WebPage","@id":"http:\/\/ticaret.edu.tr\/isletme-bolumu\/en\/committees\/","url":"http:\/\/ticaret.edu.tr\/isletme-bolumu\/en\/committees\/","name":"Committees - \u0130\u015fletme","isPartOf":{"@id":"http:\/\/ticaret.edu.tr\/isletme-bolumu\/#website"},"datePublished":"2022-12-28T13:41:34+00:00","dateModified":"2025-02-11T12:34:03+00:00","breadcrumb":{"@id":"http:\/\/ticaret.edu.tr\/isletme-bolumu\/en\/committees\/#breadcrumb"},"inLanguage":"tr","potentialAction":[{"@type":"ReadAction","target":["http:\/\/ticaret.edu.tr\/isletme-bolumu\/en\/committees\/"]}]},{"@type":"BreadcrumbList","@id":"http:\/\/ticaret.edu.tr\/isletme-bolumu\/en\/committees\/#breadcrumb","itemListElement":[{"@type":"ListItem","position":1,"name":"Ana sayfa","item":"https:\/\/ticaret.edu.tr\/isletme-bolumu\/en\/"},{"@type":"ListItem","position":2,"name":"Committees"}]},{"@type":"WebSite","@id":"http:\/\/ticaret.edu.tr\/isletme-bolumu\/#website","url":"http:\/\/ticaret.edu.tr\/isletme-bolumu\/","name":"\u0130\u015fletme","description":"","potentialAction":[{"@type":"SearchAction","target":{"@type":"EntryPoint","urlTemplate":"http:\/\/ticaret.edu.tr\/isletme-bolumu\/?s={search_term_string}"},"query-input":"required name=search_term_string"}],"inLanguage":"tr"}]}},"lang":"en","translations":{"en":1327,"tr":1278},"pll_sync_post":[],"_links":{"self":[{"href":"http:\/\/ticaret.edu.tr\/isletme-bolumu\/wp-json\/wp\/v2\/pages\/1327"}],"collection":[{"href":"http:\/\/ticaret.edu.tr\/isletme-bolumu\/wp-json\/wp\/v2\/pages"}],"about":[{"href":"http:\/\/ticaret.edu.tr\/isletme-bolumu\/wp-json\/wp\/v2\/types\/page"}],"author":[{"embeddable":true,"href":"http:\/\/ticaret.edu.tr\/isletme-bolumu\/wp-json\/wp\/v2\/users\/58"}],"replies":[{"embeddable":true,"href":"http:\/\/ticaret.edu.tr\/isletme-bolumu\/wp-json\/wp\/v2\/comments?post=1327"}],"version-history":[{"count":10,"href":"http:\/\/ticaret.edu.tr\/isletme-bolumu\/wp-json\/wp\/v2\/pages\/1327\/revisions"}],"predecessor-version":[{"id":1649,"href":"http:\/\/ticaret.edu.tr\/isletme-bolumu\/wp-json\/wp\/v2\/pages\/1327\/revisions\/1649"}],"wp:attachment":[{"href":"http:\/\/ticaret.edu.tr\/isletme-bolumu\/wp-json\/wp\/v2\/media?parent=1327"}],"curies":[{"name":"wp","href":"https:\/\/api.w.org\/{rel}","templated":true}]}}