{"id":14,"date":"2020-05-02T12:29:14","date_gmt":"2020-05-02T09:29:14","guid":{"rendered":"http:\/\/ticaret.edu.tr\/isl\/?page_id=14"},"modified":"2026-03-04T16:13:30","modified_gmt":"2026-03-04T13:13:30","slug":"mufredat","status":"publish","type":"page","link":"http:\/\/ticaret.edu.tr\/isletme-bolumu\/mufredat\/","title":{"rendered":"M\u00fcfredat"},"content":{"rendered":"<p><strong>2025-2026 \u0130\u015eLETME (T\u00dcRK\u00c7E) L\u0130SANS M\u00dcFREDATI<\/strong><\/p>\n<p><a href=\"http:\/\/ticaret.edu.tr\/isletme-bolumu\/wp-content\/uploads\/sites\/8\/2025\/10\/2025-2026-Akademik-Yili-Isletme-Bolumu-Mufredati.pdf\">2025-2026 Akademik Y\u0131l\u0131 \u0130\u015fletme B\u00f6l\u00fcm\u00fc M\u00fcfredat\u0131<\/a><\/p>\n<p><a href=\"http:\/\/ticaret.edu.tr\/isletme-bolumu\/wp-content\/uploads\/sites\/8\/2024\/09\/2024-2025-Akademik-Yili-Isletme-Bolumu-Mufredat-Dosyasi.xlsx\">2024-2025 Akademik Y\u0131l\u0131 I\u0307s\u0327letme Bo\u0308lu\u0308mu\u0308 Mu\u0308fredat Dosyas\u0131<\/a><\/p>\n<p><a href=\"http:\/\/ticaret.edu.tr\/isletme-bolumu\/wp-content\/uploads\/sites\/8\/2024\/05\/2023-2024-Akademik-Yili-Isletme-Bolum-Mufredati.pdf\">2023-2024-Akademik-Yili-Isletme-Bolum-Mufredati<\/a><\/p>\n<p><strong>Temel Alan Dersleri:<\/strong> Program \u00d6\u011frenme \u00c7\u0131kt\u0131lar\u0131n\u0131n kazand\u0131r\u0131labilmesi amac\u0131yla \u00f6\u011frencileri mesleki uzmanl\u0131k alan derslerine haz\u0131rlamak \u00fczere alana giri\u015f niteli\u011finde tasarlanm\u0131\u015f zorunlu derslerden olu\u015fmaktad\u0131r. Programda toplam 11 adet zorunlu temel alan dersi yer almakta olup bu derslerin toplam AKTS kredisi 60\u2019d\u0131r. Bu kapsamdaki dersler \u015funlard\u0131r: Matematik 1, Matematik 2, Finansal Muhasebe 1, Finansal Muhasebe 2, Mikroekonomi, Makroekonomi, \u0130\u015fletmeye Giri\u015f, Y\u00f6netim ve Organizasyon, Y\u00f6netim Ekonomisi, \u0130statisti\u011fe Giri\u015f, \u0130\u015fletme Hukuku.<\/p>\n<p><strong>Uzmanl\u0131k Alan Dersleri:<\/strong> Temel alan derslerini peki\u015ftiren, \u00f6\u011frenciye mesle\u011fe y\u00f6nelik ileri d\u00fczey bilgi, beceri ve yetkinlik kazand\u0131rmay\u0131 hedefleyen derslerdir. Programda 18 zorunlu uzmanl\u0131k alan dersi yer almakta olup bu derslerin toplam AKTS kredisi 100&#8217;d\u00fcr. Zorunlu uzmanl\u0131k alan dersleri \u015funlard\u0131r: \u0130nsan Kaynaklar\u0131 Y\u00f6netimi, \u00dcretim Y\u00f6netimi, Pazarlama Y\u00f6netimi, Maliyet Muhasebesi, Finansal Piyasalar ve Kurumlar, Y\u00f6netim Muhasebesi, \u0130\u015fletme Analiti\u011fi, \u00d6rg\u00fctsel Davran\u0131\u015f, Marka Y\u00f6netimi, Lojistik Y\u00f6netimi, \u00d6rg\u00fct Teorisi, Y\u00f6netim Bilgi Sistemleri, Finans Y\u00f6netimi, Pazarlama Ara\u015ft\u0131rmalar\u0131, \u0130\u015fletme Denetimi, Stratejik Y\u00f6netim ve \u0130\u015fletme Politikas\u0131, Uluslararas\u0131 \u0130\u015fletme Y\u00f6netimi ve T\u00fcrkiye \u0130\u015f \u00c7evresi.<\/p>\n<p><strong>Yetkinlik Tamamlay\u0131c\u0131 Dersler:<\/strong> Birinci yar\u0131y\u0131ldan itibaren gerek Y\u00d6K zorunlu dersleri gerekse \u00fcniversite genelinde farkl\u0131 fak\u00fcltelerden se\u00e7imlik olarak al\u0131nabilen ortak se\u00e7meli dersler bu kategoride grupland\u0131r\u0131lmaktad\u0131r. Programda 8 zorunlu yetkinlik tamamlay\u0131c\u0131 ders yer almakta olup bu derslerin toplam AKTS kredisi 14&#8217;t\u00fcr. Zorunlu yetkinlik tamamlay\u0131c\u0131 dersler \u015funlard\u0131r: Genel \u0130ngilizce 1, Genel \u0130ngilizce 2, Atat\u00fcrk \u0130lkeleri ve \u0130nk\u0131lap Tarihi 1, Atat\u00fcrk \u0130lkeleri ve \u0130nk\u0131lap Tarihi 2, T\u00fcrk Dili 1, T\u00fcrk Dili 2, Akademik Beceri, Y\u00f6ntem ve Etik ve Kariyer Planlama.<\/p>\n<p>2025-2026 \u0130\u015fletme B\u00f6l\u00fcm m\u00fcfredat\u0131na g\u00f6re \u00f6\u011frenciler mezun oluncaya kadar 12 adet se\u00e7meli yetkinlik tamamlay\u0131c\u0131 ders ve 3 adet yetkinlik tamamlay\u0131c\u0131 \u00fcniversite genelinde a\u00e7\u0131lan \u00fcniversite se\u00e7meli dersi olmak \u00fczere toplamda 15 adet se\u00e7meli ders almaktad\u0131r. Se\u00e7meli yetkinlik tamamlay\u0131c\u0131 dersler 60 AKTS, \u00fcniversite se\u00e7meli yetkinlik tamamlay\u0131c\u0131 dersler ise 6 AKTS\u2019dir. Yetkinlik tamamlay\u0131c\u0131 dersler m\u00fcfredat i\u00e7inde 66 AKTS\u2019ye denk gelmektedir. 40 farkl\u0131 b\u00f6l\u00fcm se\u00e7meli dersi ve 32 \u00fcniversite se\u00e7meli dersi ile olu\u015fturulan geni\u015f havuz, \u00f6\u011frencilerin ilgi alanlar\u0131 ve kariyer hedefleri do\u011frultusunda uzmanla\u015fmalar\u0131na imk\u00e2n tan\u0131maktad\u0131r.<\/p>\n<p>Lisans Program\u0131m\u0131zdaki \u00f6\u011frencilerimizin e\u011fitim \u00f6\u011fretim d\u00f6nemi boyunca\u00a0 3 adet \u00fcniversite se\u00e7melisi, 12 adet b\u00f6l\u00fcm se\u00e7melisi ders almas\u0131 gerekmektedir.<\/p>\n<p>Lisans program\u0131m\u0131zdaki bu derslerin listesi a\u015fa\u011f\u0131daki gibidir:<\/p>\n<p>Aile \u015eirketlerinde Y\u00f6netim<\/p>\n<p>Giri\u015fimcilik ve Yenilik Y\u00f6netimi<\/p>\n<p>\u00d6rg\u00fctlerde S\u00fcrd\u00fcr\u00fclebilirlik<\/p>\n<p>Y\u00f6netim D\u00fc\u015f\u00fcnce Tarihi<\/p>\n<p>Kalite Y\u00f6netim Sistemleri<\/p>\n<p>Modern Y\u00f6netim Yakla\u015f\u0131mlar\u0131<\/p>\n<p>Liderlik<\/p>\n<p>\u0130\u015fletmelerde Veri Analizi ve Modelleme<\/p>\n<p>\u0130\u015fletmelerde Yenilik Stratejileri<\/p>\n<p>De\u011fi\u015fim Y\u00f6netimi<\/p>\n<p>T\u00fcketici Davran\u0131\u015f\u0131<\/p>\n<p>Yeni \u00c7al\u0131\u015fma Modelleri ve \u00d6rg\u00fct Tasar\u0131m\u0131<\/p>\n<p>M\u00fczakere Y\u00f6ntemleri<\/p>\n<p>Hizmet Sekt\u00f6r\u00fcnde Y\u00f6netim<\/p>\n<p>K\u00fclt\u00fcr ve Pazarlama<\/p>\n<p>Bili\u015fim Tabanl\u0131 Y\u00f6netim Uygulamalar\u0131<\/p>\n<p>T\u00fcrkiye Ekonomisi<\/p>\n<p>Teknoloji Y\u00f6netimi<\/p>\n<p>Perakende Y\u00f6netimi<\/p>\n<p>End\u00fcstriyel Pazarlama<\/p>\n<p>Proje Y\u00f6netimi<\/p>\n<p>Y\u00f6netimde \u0130leti\u015fim<\/p>\n<p>\u0130\u015fletme Staj\u0131<\/p>\n<p>Sat\u0131\u015f Y\u00f6netimi<\/p>\n<p>\u0130\u015f Ahlak\u0131<\/p>\n<p>Farkl\u0131l\u0131klar\u0131n Y\u00f6netimi<\/p>\n<p>Y\u00f6netimde Karar Verme<\/p>\n<p>B\u00fct\u00fcnle\u015fik Pazarlama \u0130leti\u015fimi<\/p>\n<p>Uluslararas\u0131 Finans<\/p>\n<p>Kurumsal Y\u00f6netim<\/p>\n<p>Sosyal Giri\u015fimcilik<\/p>\n<p>K\u00fcresel Stratejiler ve Vakalar<\/p>\n<p>K\u00fclt\u00fcr ve Organizasyon<\/p>\n<p>Dijitalle\u015fme ve \u0130\u015f D\u00fcnyas\u0131<\/p>\n<p>K\u00fcresel Pazarlama<\/p>\n<p>Finans ve Fintek<\/p>\n<p>\u00c7evre Y\u00f6netimi<\/p>\n<p>Yeni Nesil Pazarlamada Kodlama ve Oyun Yaz\u0131l\u0131m\u0131<\/p>\n<p>Sosyal Bilim ve Edebiyat<\/p>\n<p><strong>\u00dcniversite Se\u00e7meli Dersleri<\/strong><\/p>\n<p>Osmanl\u0131 T\u00fcrk\u00e7esi<\/p>\n<p>\u015eehir, K\u00fclt\u00fcr ve \u0130stanbul<\/p>\n<p>Medeniyet ve Toplum<\/p>\n<p>Bilim Tarihi ve Felsefesi<\/p>\n<p>Kat\u0131l\u0131m Bankac\u0131l\u0131\u011f\u0131 ve \u0130slami Finans<\/p>\n<p>\u0130\u015faret Dili<\/p>\n<p>Almanca 1<\/p>\n<p>Almanca 2<\/p>\n<p>Frans\u0131zca 1<\/p>\n<p>Frans\u0131zca 2<\/p>\n<p>\u0130spanyolca 1<\/p>\n<p>\u0130spanyolca 2<\/p>\n<p>Rus\u00e7a 1<\/p>\n<p>Rus\u00e7a 2<\/p>\n<p>Japonca 1<\/p>\n<p>Japonca 2<\/p>\n<p>\u00c7ince 1<\/p>\n<p>\u00c7ince 2<\/p>\n<p>\u0130talyanca 1<\/p>\n<p>\u0130talyanca 2<\/p>\n<p>Fars\u00e7a 1<\/p>\n<p>Fars\u00e7a 2<\/p>\n<p>Arap\u00e7a 1<\/p>\n<p>Arap\u00e7a 2<\/p>\n<p>Bo\u015fnak\u00e7a, H\u0131rvat\u00e7a, S\u0131rp\u00e7a 1<\/p>\n<p>Bo\u015fnak\u00e7a, H\u0131rvat\u00e7a, S\u0131rp\u00e7a 2<\/p>\n<p>G\u00f6n\u00fcll\u00fcl\u00fck \u00c7al\u0131\u015fmalar\u0131<\/p>\n<p>&nbsp;<\/p>\n","protected":false},"excerpt":{"rendered":"<p>2025-2026 \u0130\u015eLETME (T\u00dcRK\u00c7E) L\u0130SANS M\u00dcFREDATI 2025-2026 Akademik Y\u0131l\u0131 \u0130\u015fletme B\u00f6l\u00fcm\u00fc M\u00fcfredat\u0131 2024-2025 Akademik Y\u0131l\u0131 I\u0307s\u0327letme Bo\u0308lu\u0308mu\u0308 Mu\u0308fredat Dosyas\u0131 2023-2024-Akademik-Yili-Isletme-Bolum-Mufredati Temel Alan Dersleri: Program \u00d6\u011frenme \u00c7\u0131kt\u0131lar\u0131n\u0131n kazand\u0131r\u0131labilmesi amac\u0131yla \u00f6\u011frencileri mesleki uzmanl\u0131k alan derslerine haz\u0131rlamak \u00fczere alana giri\u015f niteli\u011finde tasarlanm\u0131\u015f zorunlu derslerden olu\u015fmaktad\u0131r. Programda toplam 11 adet zorunlu temel alan dersi yer almakta olup bu derslerin toplam [&hellip;]<\/p>\n","protected":false},"author":1,"featured_media":0,"parent":0,"menu_order":0,"comment_status":"closed","ping_status":"closed","template":"genel_sayfa.php","meta":{"footnotes":""},"yoast_head":"<!-- This site is optimized with the Yoast SEO Premium plugin v22.1 (Yoast SEO v22.1) - https:\/\/yoast.com\/wordpress\/plugins\/seo\/ -->\n<title>M\u00fcfredat - \u0130\u015fletme<\/title>\n<meta name=\"description\" content=\"2021-2022 G\u00dcZ VE BAHAR D\u00d6NEMLER\u0130 \u0130\u00c7\u0130N \u0130\u015eLETME (T\u00dcRK\u00c7E) L\u0130SANS M\u00dcFREDATINA ULA\u015eMAK \u0130\u00c7\u0130N BA\u011eLANTIYI TIKLAYINIZ.\" \/>\n<meta name=\"robots\" content=\"index, follow, max-snippet:-1, max-image-preview:large, max-video-preview:-1\" \/>\n<link rel=\"canonical\" href=\"https:\/\/ticaret.edu.tr\/isletme-bolumu\/mufredat\/\" \/>\n<meta property=\"og:locale\" content=\"tr_TR\" \/>\n<meta property=\"og:type\" content=\"article\" \/>\n<meta property=\"og:title\" content=\"M\u00fcfredat\" \/>\n<meta property=\"og:description\" content=\"2021-2022 G\u00dcZ VE BAHAR D\u00d6NEMLER\u0130 \u0130\u00c7\u0130N \u0130\u015eLETME (T\u00dcRK\u00c7E) L\u0130SANS M\u00dcFREDATINA ULA\u015eMAK \u0130\u00c7\u0130N BA\u011eLANTIYI TIKLAYINIZ.\" \/>\n<meta property=\"og:url\" content=\"https:\/\/ticaret.edu.tr\/isletme-bolumu\/mufredat\/\" \/>\n<meta property=\"og:site_name\" content=\"\u0130\u015fletme\" \/>\n<meta property=\"article:publisher\" content=\"https:\/\/www.facebook.com\/ticaretedutr\" \/>\n<meta property=\"article:modified_time\" content=\"2026-03-04T13:13:30+00:00\" \/>\n<meta property=\"og:image\" content=\"http:\/\/ticaret.edu.tr\/isletme-bolumu\/wp-content\/uploads\/sites\/8\/2021\/11\/web_logo-01.jpg\" \/>\n\t<meta property=\"og:image:width\" content=\"1250\" \/>\n\t<meta property=\"og:image:height\" content=\"833\" \/>\n\t<meta property=\"og:image:type\" content=\"image\/jpeg\" \/>\n<meta name=\"twitter:card\" content=\"summary_large_image\" \/>\n<meta name=\"twitter:site\" content=\"@ticaretedutr\" \/>\n<meta name=\"twitter:label1\" content=\"Tahmini okuma s\u00fcresi\" \/>\n\t<meta name=\"twitter:data1\" content=\"4 dakika\" \/>\n<script type=\"application\/ld+json\" class=\"yoast-schema-graph\">{\"@context\":\"https:\/\/schema.org\",\"@graph\":[{\"@type\":\"WebPage\",\"@id\":\"https:\/\/ticaret.edu.tr\/isletme-bolumu\/mufredat\/\",\"url\":\"https:\/\/ticaret.edu.tr\/isletme-bolumu\/mufredat\/\",\"name\":\"M\u00fcfredat - \u0130\u015fletme\",\"isPartOf\":{\"@id\":\"http:\/\/ticaret.edu.tr\/isletme-bolumu\/#website\"},\"datePublished\":\"2020-05-02T09:29:14+00:00\",\"dateModified\":\"2026-03-04T13:13:30+00:00\",\"description\":\"2021-2022 G\u00dcZ VE BAHAR D\u00d6NEMLER\u0130 \u0130\u00c7\u0130N \u0130\u015eLETME (T\u00dcRK\u00c7E) L\u0130SANS M\u00dcFREDATINA ULA\u015eMAK \u0130\u00c7\u0130N BA\u011eLANTIYI TIKLAYINIZ.\",\"breadcrumb\":{\"@id\":\"https:\/\/ticaret.edu.tr\/isletme-bolumu\/mufredat\/#breadcrumb\"},\"inLanguage\":\"tr\",\"potentialAction\":[{\"@type\":\"ReadAction\",\"target\":[\"https:\/\/ticaret.edu.tr\/isletme-bolumu\/mufredat\/\"]}]},{\"@type\":\"BreadcrumbList\",\"@id\":\"https:\/\/ticaret.edu.tr\/isletme-bolumu\/mufredat\/#breadcrumb\",\"itemListElement\":[{\"@type\":\"ListItem\",\"position\":1,\"name\":\"Ana sayfa\",\"item\":\"https:\/\/ticaret.edu.tr\/isletme-bolumu\/en\/\"},{\"@type\":\"ListItem\",\"position\":2,\"name\":\"M\u00fcfredat\"}]},{\"@type\":\"WebSite\",\"@id\":\"http:\/\/ticaret.edu.tr\/isletme-bolumu\/#website\",\"url\":\"http:\/\/ticaret.edu.tr\/isletme-bolumu\/\",\"name\":\"\u0130\u015fletme\",\"description\":\"\",\"potentialAction\":[{\"@type\":\"SearchAction\",\"target\":{\"@type\":\"EntryPoint\",\"urlTemplate\":\"http:\/\/ticaret.edu.tr\/isletme-bolumu\/?s={search_term_string}\"},\"query-input\":\"required name=search_term_string\"}],\"inLanguage\":\"tr\"}]}<\/script>\n<!-- \/ Yoast SEO Premium plugin. -->","yoast_head_json":{"title":"M\u00fcfredat - \u0130\u015fletme","description":"2021-2022 G\u00dcZ VE BAHAR D\u00d6NEMLER\u0130 \u0130\u00c7\u0130N \u0130\u015eLETME (T\u00dcRK\u00c7E) L\u0130SANS M\u00dcFREDATINA ULA\u015eMAK \u0130\u00c7\u0130N BA\u011eLANTIYI TIKLAYINIZ.","robots":{"index":"index","follow":"follow","max-snippet":"max-snippet:-1","max-image-preview":"max-image-preview:large","max-video-preview":"max-video-preview:-1"},"canonical":"https:\/\/ticaret.edu.tr\/isletme-bolumu\/mufredat\/","og_locale":"tr_TR","og_type":"article","og_title":"M\u00fcfredat","og_description":"2021-2022 G\u00dcZ VE BAHAR D\u00d6NEMLER\u0130 \u0130\u00c7\u0130N \u0130\u015eLETME (T\u00dcRK\u00c7E) L\u0130SANS M\u00dcFREDATINA ULA\u015eMAK \u0130\u00c7\u0130N BA\u011eLANTIYI TIKLAYINIZ.","og_url":"https:\/\/ticaret.edu.tr\/isletme-bolumu\/mufredat\/","og_site_name":"\u0130\u015fletme","article_publisher":"https:\/\/www.facebook.com\/ticaretedutr","article_modified_time":"2026-03-04T13:13:30+00:00","og_image":[{"width":1250,"height":833,"url":"http:\/\/ticaret.edu.tr\/isletme-bolumu\/wp-content\/uploads\/sites\/8\/2021\/11\/web_logo-01.jpg","type":"image\/jpeg"}],"twitter_card":"summary_large_image","twitter_site":"@ticaretedutr","twitter_misc":{"Tahmini okuma s\u00fcresi":"4 dakika"},"schema":{"@context":"https:\/\/schema.org","@graph":[{"@type":"WebPage","@id":"https:\/\/ticaret.edu.tr\/isletme-bolumu\/mufredat\/","url":"https:\/\/ticaret.edu.tr\/isletme-bolumu\/mufredat\/","name":"M\u00fcfredat - \u0130\u015fletme","isPartOf":{"@id":"http:\/\/ticaret.edu.tr\/isletme-bolumu\/#website"},"datePublished":"2020-05-02T09:29:14+00:00","dateModified":"2026-03-04T13:13:30+00:00","description":"2021-2022 G\u00dcZ VE BAHAR D\u00d6NEMLER\u0130 \u0130\u00c7\u0130N \u0130\u015eLETME (T\u00dcRK\u00c7E) L\u0130SANS M\u00dcFREDATINA ULA\u015eMAK \u0130\u00c7\u0130N BA\u011eLANTIYI TIKLAYINIZ.","breadcrumb":{"@id":"https:\/\/ticaret.edu.tr\/isletme-bolumu\/mufredat\/#breadcrumb"},"inLanguage":"tr","potentialAction":[{"@type":"ReadAction","target":["https:\/\/ticaret.edu.tr\/isletme-bolumu\/mufredat\/"]}]},{"@type":"BreadcrumbList","@id":"https:\/\/ticaret.edu.tr\/isletme-bolumu\/mufredat\/#breadcrumb","itemListElement":[{"@type":"ListItem","position":1,"name":"Ana sayfa","item":"https:\/\/ticaret.edu.tr\/isletme-bolumu\/en\/"},{"@type":"ListItem","position":2,"name":"M\u00fcfredat"}]},{"@type":"WebSite","@id":"http:\/\/ticaret.edu.tr\/isletme-bolumu\/#website","url":"http:\/\/ticaret.edu.tr\/isletme-bolumu\/","name":"\u0130\u015fletme","description":"","potentialAction":[{"@type":"SearchAction","target":{"@type":"EntryPoint","urlTemplate":"http:\/\/ticaret.edu.tr\/isletme-bolumu\/?s={search_term_string}"},"query-input":"required name=search_term_string"}],"inLanguage":"tr"}]}},"lang":"tr","translations":{"en":908,"tr":14},"pll_sync_post":[],"_links":{"self":[{"href":"http:\/\/ticaret.edu.tr\/isletme-bolumu\/wp-json\/wp\/v2\/pages\/14"}],"collection":[{"href":"http:\/\/ticaret.edu.tr\/isletme-bolumu\/wp-json\/wp\/v2\/pages"}],"about":[{"href":"http:\/\/ticaret.edu.tr\/isletme-bolumu\/wp-json\/wp\/v2\/types\/page"}],"author":[{"embeddable":true,"href":"http:\/\/ticaret.edu.tr\/isletme-bolumu\/wp-json\/wp\/v2\/users\/1"}],"replies":[{"embeddable":true,"href":"http:\/\/ticaret.edu.tr\/isletme-bolumu\/wp-json\/wp\/v2\/comments?post=14"}],"version-history":[{"count":46,"href":"http:\/\/ticaret.edu.tr\/isletme-bolumu\/wp-json\/wp\/v2\/pages\/14\/revisions"}],"predecessor-version":[{"id":2850,"href":"http:\/\/ticaret.edu.tr\/isletme-bolumu\/wp-json\/wp\/v2\/pages\/14\/revisions\/2850"}],"wp:attachment":[{"href":"http:\/\/ticaret.edu.tr\/isletme-bolumu\/wp-json\/wp\/v2\/media?parent=14"}],"curies":[{"name":"wp","href":"https:\/\/api.w.org\/{rel}","templated":true}]}}