{"id":1855,"date":"2025-01-26T16:50:24","date_gmt":"2025-01-26T13:50:24","guid":{"rendered":"https:\/\/ticaret.edu.tr\/isletme-bolumu\/?page_id=1855"},"modified":"2025-02-11T15:34:22","modified_gmt":"2025-02-11T12:34:22","slug":"giris-yazisi","status":"publish","type":"page","link":"http:\/\/ticaret.edu.tr\/isletme-bolumu\/giris-yazisi\/","title":{"rendered":"Giri\u015f Yaz\u0131s\u0131"},"content":{"rendered":"<p>\u0130\u015fletme B\u00f6l\u00fcm\u00fc, ulusal ve uluslararas\u0131 i\u015f d\u00fcnyas\u0131nda ihtiya\u00e7 duyulan bilgi, beceri ve etik de\u011ferlere sahip, inovatif ve lider bireyler yeti\u015ftirmeyi hedefleyen bir akademik birimdir. B\u00f6l\u00fcm\u00fcm\u00fcz, \u00f6\u011frencilere i\u015fletme y\u00f6netimi alan\u0131ndaki en g\u00fcncel teorik ve pratik bilgileri sunarak, onlar\u0131 k\u00fcresel rekabet ortam\u0131nda ba\u015far\u0131l\u0131 olacak \u015fekilde donat\u0131r. Bilimsel ara\u015ft\u0131rmalar\u0131 te\u015fvik eden, sosyal sorumluluk bilinci y\u00fcksek ve s\u00fcrd\u00fcr\u00fclebilirlik ilkelerine ba\u011fl\u0131 bir e\u011fitim anlay\u0131\u015f\u0131 benimseyen b\u00f6l\u00fcm\u00fcm\u00fcz, \u00f6\u011frencilerin hayat boyu \u00f6\u011frenme s\u00fcrecini destekler ve i\u015f d\u00fcnyas\u0131n\u0131n dinamiklerine uyum sa\u011flamalar\u0131n\u0131 sa\u011flar.<\/p>\n","protected":false},"excerpt":{"rendered":"<p>\u0130\u015fletme B\u00f6l\u00fcm\u00fc, ulusal ve uluslararas\u0131 i\u015f d\u00fcnyas\u0131nda ihtiya\u00e7 duyulan bilgi, beceri ve etik de\u011ferlere sahip, inovatif ve lider bireyler yeti\u015ftirmeyi hedefleyen bir akademik birimdir. B\u00f6l\u00fcm\u00fcm\u00fcz, \u00f6\u011frencilere i\u015fletme y\u00f6netimi alan\u0131ndaki en g\u00fcncel teorik ve pratik bilgileri sunarak, onlar\u0131 k\u00fcresel rekabet ortam\u0131nda ba\u015far\u0131l\u0131 olacak \u015fekilde donat\u0131r. Bilimsel ara\u015ft\u0131rmalar\u0131 te\u015fvik eden, sosyal sorumluluk bilinci y\u00fcksek ve s\u00fcrd\u00fcr\u00fclebilirlik ilkelerine [&hellip;]<\/p>\n","protected":false},"author":58,"featured_media":0,"parent":0,"menu_order":0,"comment_status":"closed","ping_status":"closed","template":"genel_sayfa.php","meta":{"footnotes":""},"yoast_head":"<!-- This site is optimized with the Yoast SEO Premium plugin v22.1 (Yoast SEO v22.1) - https:\/\/yoast.com\/wordpress\/plugins\/seo\/ -->\n<title>Giri\u015f Yaz\u0131s\u0131 - \u0130\u015fletme<\/title>\n<meta name=\"robots\" content=\"index, follow, max-snippet:-1, max-image-preview:large, max-video-preview:-1\" \/>\n<link rel=\"canonical\" href=\"http:\/\/ticaret.edu.tr\/isletme-bolumu\/giris-yazisi\/\" \/>\n<meta property=\"og:locale\" content=\"tr_TR\" \/>\n<meta property=\"og:type\" content=\"article\" \/>\n<meta property=\"og:title\" content=\"Giri\u015f Yaz\u0131s\u0131\" \/>\n<meta property=\"og:description\" content=\"\u0130\u015fletme B\u00f6l\u00fcm\u00fc, ulusal ve uluslararas\u0131 i\u015f d\u00fcnyas\u0131nda ihtiya\u00e7 duyulan bilgi, beceri ve etik de\u011ferlere sahip, inovatif ve lider bireyler yeti\u015ftirmeyi hedefleyen bir akademik birimdir. B\u00f6l\u00fcm\u00fcm\u00fcz, \u00f6\u011frencilere i\u015fletme y\u00f6netimi alan\u0131ndaki en g\u00fcncel teorik ve pratik bilgileri sunarak, onlar\u0131 k\u00fcresel rekabet ortam\u0131nda ba\u015far\u0131l\u0131 olacak \u015fekilde donat\u0131r. Bilimsel ara\u015ft\u0131rmalar\u0131 te\u015fvik eden, sosyal sorumluluk bilinci y\u00fcksek ve s\u00fcrd\u00fcr\u00fclebilirlik ilkelerine [&hellip;]\" \/>\n<meta property=\"og:url\" content=\"http:\/\/ticaret.edu.tr\/isletme-bolumu\/giris-yazisi\/\" \/>\n<meta property=\"og:site_name\" content=\"\u0130\u015fletme\" \/>\n<meta property=\"article:publisher\" content=\"https:\/\/www.facebook.com\/ticaretedutr\" \/>\n<meta property=\"article:modified_time\" content=\"2025-02-11T12:34:22+00:00\" \/>\n<meta property=\"og:image\" content=\"http:\/\/ticaret.edu.tr\/isletme-bolumu\/wp-content\/uploads\/sites\/8\/2021\/11\/web_logo-01.jpg\" \/>\n\t<meta property=\"og:image:width\" content=\"1250\" \/>\n\t<meta property=\"og:image:height\" content=\"833\" \/>\n\t<meta property=\"og:image:type\" content=\"image\/jpeg\" \/>\n<meta name=\"twitter:card\" content=\"summary_large_image\" \/>\n<meta name=\"twitter:site\" content=\"@ticaretedutr\" \/>\n<script type=\"application\/ld+json\" class=\"yoast-schema-graph\">{\"@context\":\"https:\/\/schema.org\",\"@graph\":[{\"@type\":\"WebPage\",\"@id\":\"http:\/\/ticaret.edu.tr\/isletme-bolumu\/giris-yazisi\/\",\"url\":\"http:\/\/ticaret.edu.tr\/isletme-bolumu\/giris-yazisi\/\",\"name\":\"Giri\u015f Yaz\u0131s\u0131 - \u0130\u015fletme\",\"isPartOf\":{\"@id\":\"http:\/\/ticaret.edu.tr\/isletme-bolumu\/#website\"},\"datePublished\":\"2025-01-26T13:50:24+00:00\",\"dateModified\":\"2025-02-11T12:34:22+00:00\",\"breadcrumb\":{\"@id\":\"http:\/\/ticaret.edu.tr\/isletme-bolumu\/giris-yazisi\/#breadcrumb\"},\"inLanguage\":\"tr\",\"potentialAction\":[{\"@type\":\"ReadAction\",\"target\":[\"http:\/\/ticaret.edu.tr\/isletme-bolumu\/giris-yazisi\/\"]}]},{\"@type\":\"BreadcrumbList\",\"@id\":\"http:\/\/ticaret.edu.tr\/isletme-bolumu\/giris-yazisi\/#breadcrumb\",\"itemListElement\":[{\"@type\":\"ListItem\",\"position\":1,\"name\":\"Ana sayfa\",\"item\":\"https:\/\/ticaret.edu.tr\/isletme-bolumu\/en\/\"},{\"@type\":\"ListItem\",\"position\":2,\"name\":\"Giri\u015f Yaz\u0131s\u0131\"}]},{\"@type\":\"WebSite\",\"@id\":\"http:\/\/ticaret.edu.tr\/isletme-bolumu\/#website\",\"url\":\"http:\/\/ticaret.edu.tr\/isletme-bolumu\/\",\"name\":\"\u0130\u015fletme\",\"description\":\"\",\"potentialAction\":[{\"@type\":\"SearchAction\",\"target\":{\"@type\":\"EntryPoint\",\"urlTemplate\":\"http:\/\/ticaret.edu.tr\/isletme-bolumu\/?s={search_term_string}\"},\"query-input\":\"required name=search_term_string\"}],\"inLanguage\":\"tr\"}]}<\/script>\n<!-- \/ Yoast SEO Premium plugin. -->","yoast_head_json":{"title":"Giri\u015f Yaz\u0131s\u0131 - \u0130\u015fletme","robots":{"index":"index","follow":"follow","max-snippet":"max-snippet:-1","max-image-preview":"max-image-preview:large","max-video-preview":"max-video-preview:-1"},"canonical":"http:\/\/ticaret.edu.tr\/isletme-bolumu\/giris-yazisi\/","og_locale":"tr_TR","og_type":"article","og_title":"Giri\u015f Yaz\u0131s\u0131","og_description":"\u0130\u015fletme B\u00f6l\u00fcm\u00fc, ulusal ve uluslararas\u0131 i\u015f d\u00fcnyas\u0131nda ihtiya\u00e7 duyulan bilgi, beceri ve etik de\u011ferlere sahip, inovatif ve lider bireyler yeti\u015ftirmeyi hedefleyen bir akademik birimdir. B\u00f6l\u00fcm\u00fcm\u00fcz, \u00f6\u011frencilere i\u015fletme y\u00f6netimi alan\u0131ndaki en g\u00fcncel teorik ve pratik bilgileri sunarak, onlar\u0131 k\u00fcresel rekabet ortam\u0131nda ba\u015far\u0131l\u0131 olacak \u015fekilde donat\u0131r. Bilimsel ara\u015ft\u0131rmalar\u0131 te\u015fvik eden, sosyal sorumluluk bilinci y\u00fcksek ve s\u00fcrd\u00fcr\u00fclebilirlik ilkelerine [&hellip;]","og_url":"http:\/\/ticaret.edu.tr\/isletme-bolumu\/giris-yazisi\/","og_site_name":"\u0130\u015fletme","article_publisher":"https:\/\/www.facebook.com\/ticaretedutr","article_modified_time":"2025-02-11T12:34:22+00:00","og_image":[{"width":1250,"height":833,"url":"http:\/\/ticaret.edu.tr\/isletme-bolumu\/wp-content\/uploads\/sites\/8\/2021\/11\/web_logo-01.jpg","type":"image\/jpeg"}],"twitter_card":"summary_large_image","twitter_site":"@ticaretedutr","schema":{"@context":"https:\/\/schema.org","@graph":[{"@type":"WebPage","@id":"http:\/\/ticaret.edu.tr\/isletme-bolumu\/giris-yazisi\/","url":"http:\/\/ticaret.edu.tr\/isletme-bolumu\/giris-yazisi\/","name":"Giri\u015f Yaz\u0131s\u0131 - \u0130\u015fletme","isPartOf":{"@id":"http:\/\/ticaret.edu.tr\/isletme-bolumu\/#website"},"datePublished":"2025-01-26T13:50:24+00:00","dateModified":"2025-02-11T12:34:22+00:00","breadcrumb":{"@id":"http:\/\/ticaret.edu.tr\/isletme-bolumu\/giris-yazisi\/#breadcrumb"},"inLanguage":"tr","potentialAction":[{"@type":"ReadAction","target":["http:\/\/ticaret.edu.tr\/isletme-bolumu\/giris-yazisi\/"]}]},{"@type":"BreadcrumbList","@id":"http:\/\/ticaret.edu.tr\/isletme-bolumu\/giris-yazisi\/#breadcrumb","itemListElement":[{"@type":"ListItem","position":1,"name":"Ana sayfa","item":"https:\/\/ticaret.edu.tr\/isletme-bolumu\/en\/"},{"@type":"ListItem","position":2,"name":"Giri\u015f Yaz\u0131s\u0131"}]},{"@type":"WebSite","@id":"http:\/\/ticaret.edu.tr\/isletme-bolumu\/#website","url":"http:\/\/ticaret.edu.tr\/isletme-bolumu\/","name":"\u0130\u015fletme","description":"","potentialAction":[{"@type":"SearchAction","target":{"@type":"EntryPoint","urlTemplate":"http:\/\/ticaret.edu.tr\/isletme-bolumu\/?s={search_term_string}"},"query-input":"required name=search_term_string"}],"inLanguage":"tr"}]}},"lang":"tr","translations":{"en":1950,"tr":1855},"pll_sync_post":[],"_links":{"self":[{"href":"http:\/\/ticaret.edu.tr\/isletme-bolumu\/wp-json\/wp\/v2\/pages\/1855"}],"collection":[{"href":"http:\/\/ticaret.edu.tr\/isletme-bolumu\/wp-json\/wp\/v2\/pages"}],"about":[{"href":"http:\/\/ticaret.edu.tr\/isletme-bolumu\/wp-json\/wp\/v2\/types\/page"}],"author":[{"embeddable":true,"href":"http:\/\/ticaret.edu.tr\/isletme-bolumu\/wp-json\/wp\/v2\/users\/58"}],"replies":[{"embeddable":true,"href":"http:\/\/ticaret.edu.tr\/isletme-bolumu\/wp-json\/wp\/v2\/comments?post=1855"}],"version-history":[{"count":2,"href":"http:\/\/ticaret.edu.tr\/isletme-bolumu\/wp-json\/wp\/v2\/pages\/1855\/revisions"}],"predecessor-version":[{"id":2290,"href":"http:\/\/ticaret.edu.tr\/isletme-bolumu\/wp-json\/wp\/v2\/pages\/1855\/revisions\/2290"}],"wp:attachment":[{"href":"http:\/\/ticaret.edu.tr\/isletme-bolumu\/wp-json\/wp\/v2\/media?parent=1855"}],"curies":[{"name":"wp","href":"https:\/\/api.w.org\/{rel}","templated":true}]}}