{"id":1857,"date":"2025-01-26T16:50:55","date_gmt":"2025-01-26T13:50:55","guid":{"rendered":"https:\/\/ticaret.edu.tr\/isletme-bolumu\/?page_id=1857"},"modified":"2025-02-11T15:33:47","modified_gmt":"2025-02-11T12:33:47","slug":"aday-ogrenci","status":"publish","type":"page","link":"http:\/\/ticaret.edu.tr\/isletme-bolumu\/aday-ogrenci\/","title":{"rendered":"Aday \u00d6\u011frenci"},"content":{"rendered":"<p>B\u00f6l\u00fcm\u00fcm\u00fczde alan\u0131nda uzman, ba\u015far\u0131l\u0131, akademik \u00e7evrelerde tan\u0131nan, deneyimli, i\u015f d\u00fcnyas\u0131 ile ili\u015fkileri g\u00fc\u00e7l\u00fc ve \u00f6\u011frencilerimizin her daim eri\u015febilecekleri kadrolu akademisyenlerimiz bulunmaktad\u0131r.<\/p>\n<p>\u0130stanbul Ticaret Odas\u0131 ile, \u00f6nc\u00fc i\u015fletmelerle, meslek kurulu\u015flar\u0131yla i\u015fbirli\u011fi yaparak, i\u015f d\u00fcnyas\u0131n\u0131n ger\u00e7eklerini \u00f6\u011freniyor, kendimizi geli\u015ftiriyor, bunlar\u0131 derslerimize aktar\u0131yoruz.<\/p>\n<p>B\u00f6l\u00fcm\u00fcm\u00fczde, \u00f6\u011frencilerimize \u00e7a\u011f\u0131n de\u011fi\u015fimlerine uygun olarak, i\u015fletmelerin \u00e7al\u0131\u015fanlara y\u00f6nelik de\u011fi\u015fen beklentilerini dikkate alarak, onlar\u0131n bilgi donan\u0131m\u0131n\u0131 k\u00fcresel ve \u00fclkesel olarak g\u00fc\u00e7l\u00fc k\u0131lan, i\u015fletmenin t\u00fcm fonksiyonlar\u0131n\u0131 kapsayan \u0130\u015fletme Y\u00f6netimi, Ar-Ge, Tedarik Zinciri Y\u00f6netimi, \u00dcretim ve Operasyon Y\u00f6netimi, Pazarlama, Sat\u0131\u015f, Finans, Muhasebe, \u0130nsan Kaynaklar\u0131 Y\u00f6netimi, \u00d6rg\u00fctsel Davran\u0131\u015f ve Y\u00f6netim Bilgi Sistemleri alanlar\u0131nda zorunlu ve se\u00e7meli dersler ile se\u00e7meli stajdan olu\u015fan kapsaml\u0131 bir e\u011fitim program\u0131 sunmaktay\u0131z.<\/p>\n<p>\u00d6\u011frencilerimize se\u00e7meli \u00e7e\u015fitli yabanc\u0131 dil dersleri de sunmaktay\u0131z. G\u00fcncel yaz\u0131l\u0131mlar\u0131 kulland\u0131\u011f\u0131m\u0131z uygulamal\u0131 derslerin say\u0131lar\u0131n\u0131 art\u0131r\u0131yoruz. M\u00fcfredatlar\u0131m\u0131z\u0131 d\u00fcnyadaki ve \u00fclkemizdeki geli\u015fmeler y\u00f6n\u00fcnde sekt\u00f6r dan\u0131\u015fma kurulumuzla g\u00f6r\u00fc\u015ferek g\u00fcncelliyoruz, teknolojiyi, dijitalle\u015fmeyi takip ediyoruz.<\/p>\n<p>Ahlaki ilkelerin ve etik de\u011ferlerin i\u015fletmecilikteki \u00f6nemini vurguluyoruz.<\/p>\n<p>B\u00f6l\u00fcm\u00fcm\u00fczde \u00f6\u011frencilerin proaktif, analitik d\u00fc\u015f\u00fcnen, ara\u015ft\u0131ran, yarat\u0131c\u0131, yenilik\u00e7i, giri\u015fimci, \u00fclkelerine ve d\u00fcnyaya katk\u0131larda bulunan bireyler olarak yeti\u015fmeleri i\u00e7in f\u0131rsatlar sunuyoruz.<\/p>\n","protected":false},"excerpt":{"rendered":"<p>B\u00f6l\u00fcm\u00fcm\u00fczde alan\u0131nda uzman, ba\u015far\u0131l\u0131, akademik \u00e7evrelerde tan\u0131nan, deneyimli, i\u015f d\u00fcnyas\u0131 ile ili\u015fkileri g\u00fc\u00e7l\u00fc ve \u00f6\u011frencilerimizin her daim eri\u015febilecekleri kadrolu akademisyenlerimiz bulunmaktad\u0131r. \u0130stanbul Ticaret Odas\u0131 ile, \u00f6nc\u00fc i\u015fletmelerle, meslek kurulu\u015flar\u0131yla i\u015fbirli\u011fi yaparak, i\u015f d\u00fcnyas\u0131n\u0131n ger\u00e7eklerini \u00f6\u011freniyor, kendimizi geli\u015ftiriyor, bunlar\u0131 derslerimize aktar\u0131yoruz. B\u00f6l\u00fcm\u00fcm\u00fczde, \u00f6\u011frencilerimize \u00e7a\u011f\u0131n de\u011fi\u015fimlerine uygun olarak, i\u015fletmelerin \u00e7al\u0131\u015fanlara y\u00f6nelik de\u011fi\u015fen beklentilerini dikkate alarak, onlar\u0131n bilgi [&hellip;]<\/p>\n","protected":false},"author":58,"featured_media":0,"parent":0,"menu_order":0,"comment_status":"closed","ping_status":"closed","template":"genel_sayfa.php","meta":{"footnotes":""},"yoast_head":"<!-- This site is optimized with the Yoast SEO Premium plugin v22.1 (Yoast SEO v22.1) - https:\/\/yoast.com\/wordpress\/plugins\/seo\/ -->\n<title>Aday \u00d6\u011frenci - \u0130\u015fletme<\/title>\n<meta name=\"robots\" content=\"index, follow, max-snippet:-1, max-image-preview:large, max-video-preview:-1\" \/>\n<link rel=\"canonical\" href=\"http:\/\/ticaret.edu.tr\/isletme-bolumu\/aday-ogrenci\/\" \/>\n<meta property=\"og:locale\" content=\"tr_TR\" \/>\n<meta property=\"og:type\" content=\"article\" \/>\n<meta property=\"og:title\" content=\"Aday \u00d6\u011frenci\" \/>\n<meta property=\"og:description\" content=\"B\u00f6l\u00fcm\u00fcm\u00fczde alan\u0131nda uzman, ba\u015far\u0131l\u0131, akademik \u00e7evrelerde tan\u0131nan, deneyimli, i\u015f d\u00fcnyas\u0131 ile ili\u015fkileri g\u00fc\u00e7l\u00fc ve \u00f6\u011frencilerimizin her daim eri\u015febilecekleri kadrolu akademisyenlerimiz bulunmaktad\u0131r. \u0130stanbul Ticaret Odas\u0131 ile, \u00f6nc\u00fc i\u015fletmelerle, meslek kurulu\u015flar\u0131yla i\u015fbirli\u011fi yaparak, i\u015f d\u00fcnyas\u0131n\u0131n ger\u00e7eklerini \u00f6\u011freniyor, kendimizi geli\u015ftiriyor, bunlar\u0131 derslerimize aktar\u0131yoruz. B\u00f6l\u00fcm\u00fcm\u00fczde, \u00f6\u011frencilerimize \u00e7a\u011f\u0131n de\u011fi\u015fimlerine uygun olarak, i\u015fletmelerin \u00e7al\u0131\u015fanlara y\u00f6nelik de\u011fi\u015fen beklentilerini dikkate alarak, onlar\u0131n bilgi [&hellip;]\" \/>\n<meta property=\"og:url\" content=\"http:\/\/ticaret.edu.tr\/isletme-bolumu\/aday-ogrenci\/\" \/>\n<meta property=\"og:site_name\" content=\"\u0130\u015fletme\" \/>\n<meta property=\"article:publisher\" content=\"https:\/\/www.facebook.com\/ticaretedutr\" \/>\n<meta property=\"article:modified_time\" content=\"2025-02-11T12:33:47+00:00\" \/>\n<meta property=\"og:image\" content=\"http:\/\/ticaret.edu.tr\/isletme-bolumu\/wp-content\/uploads\/sites\/8\/2021\/11\/web_logo-01.jpg\" \/>\n\t<meta property=\"og:image:width\" content=\"1250\" \/>\n\t<meta property=\"og:image:height\" content=\"833\" \/>\n\t<meta property=\"og:image:type\" content=\"image\/jpeg\" \/>\n<meta name=\"twitter:card\" content=\"summary_large_image\" \/>\n<meta name=\"twitter:site\" content=\"@ticaretedutr\" \/>\n<meta name=\"twitter:label1\" content=\"Tahmini okuma s\u00fcresi\" \/>\n\t<meta name=\"twitter:data1\" content=\"1 dakika\" \/>\n<script type=\"application\/ld+json\" class=\"yoast-schema-graph\">{\"@context\":\"https:\/\/schema.org\",\"@graph\":[{\"@type\":\"WebPage\",\"@id\":\"http:\/\/ticaret.edu.tr\/isletme-bolumu\/aday-ogrenci\/\",\"url\":\"http:\/\/ticaret.edu.tr\/isletme-bolumu\/aday-ogrenci\/\",\"name\":\"Aday \u00d6\u011frenci - \u0130\u015fletme\",\"isPartOf\":{\"@id\":\"http:\/\/ticaret.edu.tr\/isletme-bolumu\/#website\"},\"datePublished\":\"2025-01-26T13:50:55+00:00\",\"dateModified\":\"2025-02-11T12:33:47+00:00\",\"breadcrumb\":{\"@id\":\"http:\/\/ticaret.edu.tr\/isletme-bolumu\/aday-ogrenci\/#breadcrumb\"},\"inLanguage\":\"tr\",\"potentialAction\":[{\"@type\":\"ReadAction\",\"target\":[\"http:\/\/ticaret.edu.tr\/isletme-bolumu\/aday-ogrenci\/\"]}]},{\"@type\":\"BreadcrumbList\",\"@id\":\"http:\/\/ticaret.edu.tr\/isletme-bolumu\/aday-ogrenci\/#breadcrumb\",\"itemListElement\":[{\"@type\":\"ListItem\",\"position\":1,\"name\":\"Ana sayfa\",\"item\":\"https:\/\/ticaret.edu.tr\/isletme-bolumu\/en\/\"},{\"@type\":\"ListItem\",\"position\":2,\"name\":\"Aday \u00d6\u011frenci\"}]},{\"@type\":\"WebSite\",\"@id\":\"http:\/\/ticaret.edu.tr\/isletme-bolumu\/#website\",\"url\":\"http:\/\/ticaret.edu.tr\/isletme-bolumu\/\",\"name\":\"\u0130\u015fletme\",\"description\":\"\",\"potentialAction\":[{\"@type\":\"SearchAction\",\"target\":{\"@type\":\"EntryPoint\",\"urlTemplate\":\"http:\/\/ticaret.edu.tr\/isletme-bolumu\/?s={search_term_string}\"},\"query-input\":\"required name=search_term_string\"}],\"inLanguage\":\"tr\"}]}<\/script>\n<!-- \/ Yoast SEO Premium plugin. -->","yoast_head_json":{"title":"Aday \u00d6\u011frenci - \u0130\u015fletme","robots":{"index":"index","follow":"follow","max-snippet":"max-snippet:-1","max-image-preview":"max-image-preview:large","max-video-preview":"max-video-preview:-1"},"canonical":"http:\/\/ticaret.edu.tr\/isletme-bolumu\/aday-ogrenci\/","og_locale":"tr_TR","og_type":"article","og_title":"Aday \u00d6\u011frenci","og_description":"B\u00f6l\u00fcm\u00fcm\u00fczde alan\u0131nda uzman, ba\u015far\u0131l\u0131, akademik \u00e7evrelerde tan\u0131nan, deneyimli, i\u015f d\u00fcnyas\u0131 ile ili\u015fkileri g\u00fc\u00e7l\u00fc ve \u00f6\u011frencilerimizin her daim eri\u015febilecekleri kadrolu akademisyenlerimiz bulunmaktad\u0131r. \u0130stanbul Ticaret Odas\u0131 ile, \u00f6nc\u00fc i\u015fletmelerle, meslek kurulu\u015flar\u0131yla i\u015fbirli\u011fi yaparak, i\u015f d\u00fcnyas\u0131n\u0131n ger\u00e7eklerini \u00f6\u011freniyor, kendimizi geli\u015ftiriyor, bunlar\u0131 derslerimize aktar\u0131yoruz. B\u00f6l\u00fcm\u00fcm\u00fczde, \u00f6\u011frencilerimize \u00e7a\u011f\u0131n de\u011fi\u015fimlerine uygun olarak, i\u015fletmelerin \u00e7al\u0131\u015fanlara y\u00f6nelik de\u011fi\u015fen beklentilerini dikkate alarak, onlar\u0131n bilgi [&hellip;]","og_url":"http:\/\/ticaret.edu.tr\/isletme-bolumu\/aday-ogrenci\/","og_site_name":"\u0130\u015fletme","article_publisher":"https:\/\/www.facebook.com\/ticaretedutr","article_modified_time":"2025-02-11T12:33:47+00:00","og_image":[{"width":1250,"height":833,"url":"http:\/\/ticaret.edu.tr\/isletme-bolumu\/wp-content\/uploads\/sites\/8\/2021\/11\/web_logo-01.jpg","type":"image\/jpeg"}],"twitter_card":"summary_large_image","twitter_site":"@ticaretedutr","twitter_misc":{"Tahmini okuma s\u00fcresi":"1 dakika"},"schema":{"@context":"https:\/\/schema.org","@graph":[{"@type":"WebPage","@id":"http:\/\/ticaret.edu.tr\/isletme-bolumu\/aday-ogrenci\/","url":"http:\/\/ticaret.edu.tr\/isletme-bolumu\/aday-ogrenci\/","name":"Aday \u00d6\u011frenci - \u0130\u015fletme","isPartOf":{"@id":"http:\/\/ticaret.edu.tr\/isletme-bolumu\/#website"},"datePublished":"2025-01-26T13:50:55+00:00","dateModified":"2025-02-11T12:33:47+00:00","breadcrumb":{"@id":"http:\/\/ticaret.edu.tr\/isletme-bolumu\/aday-ogrenci\/#breadcrumb"},"inLanguage":"tr","potentialAction":[{"@type":"ReadAction","target":["http:\/\/ticaret.edu.tr\/isletme-bolumu\/aday-ogrenci\/"]}]},{"@type":"BreadcrumbList","@id":"http:\/\/ticaret.edu.tr\/isletme-bolumu\/aday-ogrenci\/#breadcrumb","itemListElement":[{"@type":"ListItem","position":1,"name":"Ana sayfa","item":"https:\/\/ticaret.edu.tr\/isletme-bolumu\/en\/"},{"@type":"ListItem","position":2,"name":"Aday \u00d6\u011frenci"}]},{"@type":"WebSite","@id":"http:\/\/ticaret.edu.tr\/isletme-bolumu\/#website","url":"http:\/\/ticaret.edu.tr\/isletme-bolumu\/","name":"\u0130\u015fletme","description":"","potentialAction":[{"@type":"SearchAction","target":{"@type":"EntryPoint","urlTemplate":"http:\/\/ticaret.edu.tr\/isletme-bolumu\/?s={search_term_string}"},"query-input":"required name=search_term_string"}],"inLanguage":"tr"}]}},"lang":"tr","translations":{"en":1953,"tr":1857},"pll_sync_post":[],"_links":{"self":[{"href":"http:\/\/ticaret.edu.tr\/isletme-bolumu\/wp-json\/wp\/v2\/pages\/1857"}],"collection":[{"href":"http:\/\/ticaret.edu.tr\/isletme-bolumu\/wp-json\/wp\/v2\/pages"}],"about":[{"href":"http:\/\/ticaret.edu.tr\/isletme-bolumu\/wp-json\/wp\/v2\/types\/page"}],"author":[{"embeddable":true,"href":"http:\/\/ticaret.edu.tr\/isletme-bolumu\/wp-json\/wp\/v2\/users\/58"}],"replies":[{"embeddable":true,"href":"http:\/\/ticaret.edu.tr\/isletme-bolumu\/wp-json\/wp\/v2\/comments?post=1857"}],"version-history":[{"count":2,"href":"http:\/\/ticaret.edu.tr\/isletme-bolumu\/wp-json\/wp\/v2\/pages\/1857\/revisions"}],"predecessor-version":[{"id":2291,"href":"http:\/\/ticaret.edu.tr\/isletme-bolumu\/wp-json\/wp\/v2\/pages\/1857\/revisions\/2291"}],"wp:attachment":[{"href":"http:\/\/ticaret.edu.tr\/isletme-bolumu\/wp-json\/wp\/v2\/media?parent=1857"}],"curies":[{"name":"wp","href":"https:\/\/api.w.org\/{rel}","templated":true}]}}