{"id":1863,"date":"2025-01-26T18:32:09","date_gmt":"2025-01-26T15:32:09","guid":{"rendered":"https:\/\/ticaret.edu.tr\/isletme-bolumu\/?page_id=1863"},"modified":"2025-02-13T09:59:51","modified_gmt":"2025-02-13T06:59:51","slug":"vizyon-misyon","status":"publish","type":"page","link":"http:\/\/ticaret.edu.tr\/isletme-bolumu\/vizyon-misyon\/","title":{"rendered":"Vizyon &#8211; Misyon"},"content":{"rendered":"<p><strong>M\u0130SYON<\/strong>: Ulusal ve k\u00fcresel beklentiler y\u00f6n\u00fcnde i\u015fletme alan\u0131yla ilgili geli\u015fmeleri takip edip bilimsel ara\u015ft\u0131rma yapabilen, \u00a0i\u015fletmenin t\u00fcm payda\u015flar\u0131na duyarl\u0131, \u00a0etik davranan, \u00a0sosyal sorumluluklar\u0131n\u0131n bilincinde, \u00a0ekip \u00e7al\u0131\u015fmas\u0131na uyum sa\u011flayan, \u00a0hayat boyu \u00f6\u011frenme bilinciyle kendini geli\u015ftiren, \u00a0analitik d\u00fc\u015f\u00fcnen, yenilik\u00e7i bireyler yeti\u015ftirmektir.<\/p>\n<p><strong>V\u0130ZYON<\/strong>: \u0130\u015fletme alan\u0131nda ulusal ve uluslararas\u0131 d\u00fczeyde tan\u0131nan, yenilik\u00e7i,\u00a0\u00a0 s\u00fcrd\u00fcr\u00fclebilir ve topluma de\u011fer katan akademik ve ara\u015ft\u0131rma faaliyetleri ile lider bir b\u00f6l\u00fcm olmak. \u00d6\u011frencilerimize etik de\u011ferlere ba\u011fl\u0131, sosyal sorumluluk bilincine sahip, yarat\u0131c\u0131 ve giri\u015fimci bir bak\u0131\u015f a\u00e7\u0131s\u0131 kazand\u0131rarak, mezunlar\u0131m\u0131z\u0131n k\u00fcresel i\u015f d\u00fcnyas\u0131nda \u00f6nc\u00fc ve etkili bireyler olarak yer almalar\u0131n\u0131 sa\u011flamak.<\/p>\n","protected":false},"excerpt":{"rendered":"<p>M\u0130SYON: Ulusal ve k\u00fcresel beklentiler y\u00f6n\u00fcnde i\u015fletme alan\u0131yla ilgili geli\u015fmeleri takip edip bilimsel ara\u015ft\u0131rma yapabilen, \u00a0i\u015fletmenin t\u00fcm payda\u015flar\u0131na duyarl\u0131, \u00a0etik davranan, \u00a0sosyal sorumluluklar\u0131n\u0131n bilincinde, \u00a0ekip \u00e7al\u0131\u015fmas\u0131na uyum sa\u011flayan, \u00a0hayat boyu \u00f6\u011frenme bilinciyle kendini geli\u015ftiren, \u00a0analitik d\u00fc\u015f\u00fcnen, yenilik\u00e7i bireyler yeti\u015ftirmektir. V\u0130ZYON: \u0130\u015fletme alan\u0131nda ulusal ve uluslararas\u0131 d\u00fczeyde tan\u0131nan, yenilik\u00e7i,\u00a0\u00a0 s\u00fcrd\u00fcr\u00fclebilir ve topluma de\u011fer katan akademik ve [&hellip;]<\/p>\n","protected":false},"author":58,"featured_media":0,"parent":0,"menu_order":0,"comment_status":"closed","ping_status":"closed","template":"genel_sayfa.php","meta":{"footnotes":""},"yoast_head":"<!-- This site is optimized with the Yoast SEO Premium plugin v22.1 (Yoast SEO v22.1) - https:\/\/yoast.com\/wordpress\/plugins\/seo\/ -->\n<title>Vizyon - Misyon - \u0130\u015fletme<\/title>\n<meta name=\"robots\" content=\"index, follow, max-snippet:-1, max-image-preview:large, max-video-preview:-1\" \/>\n<link rel=\"canonical\" href=\"http:\/\/ticaret.edu.tr\/isletme-bolumu\/vizyon-misyon\/\" \/>\n<meta property=\"og:locale\" content=\"tr_TR\" \/>\n<meta property=\"og:type\" content=\"article\" \/>\n<meta property=\"og:title\" content=\"Vizyon - Misyon\" \/>\n<meta property=\"og:description\" content=\"M\u0130SYON: Ulusal ve k\u00fcresel beklentiler y\u00f6n\u00fcnde i\u015fletme alan\u0131yla ilgili geli\u015fmeleri takip edip bilimsel ara\u015ft\u0131rma yapabilen, \u00a0i\u015fletmenin t\u00fcm payda\u015flar\u0131na duyarl\u0131, \u00a0etik davranan, \u00a0sosyal sorumluluklar\u0131n\u0131n bilincinde, \u00a0ekip \u00e7al\u0131\u015fmas\u0131na uyum sa\u011flayan, \u00a0hayat boyu \u00f6\u011frenme bilinciyle kendini geli\u015ftiren, \u00a0analitik d\u00fc\u015f\u00fcnen, yenilik\u00e7i bireyler yeti\u015ftirmektir. V\u0130ZYON: \u0130\u015fletme alan\u0131nda ulusal ve uluslararas\u0131 d\u00fczeyde tan\u0131nan, yenilik\u00e7i,\u00a0\u00a0 s\u00fcrd\u00fcr\u00fclebilir ve topluma de\u011fer katan akademik ve [&hellip;]\" \/>\n<meta property=\"og:url\" content=\"http:\/\/ticaret.edu.tr\/isletme-bolumu\/vizyon-misyon\/\" \/>\n<meta property=\"og:site_name\" content=\"\u0130\u015fletme\" \/>\n<meta property=\"article:publisher\" content=\"https:\/\/www.facebook.com\/ticaretedutr\" \/>\n<meta property=\"article:modified_time\" content=\"2025-02-13T06:59:51+00:00\" \/>\n<meta property=\"og:image\" content=\"http:\/\/ticaret.edu.tr\/isletme-bolumu\/wp-content\/uploads\/sites\/8\/2021\/11\/web_logo-01.jpg\" \/>\n\t<meta property=\"og:image:width\" content=\"1250\" \/>\n\t<meta property=\"og:image:height\" content=\"833\" \/>\n\t<meta property=\"og:image:type\" content=\"image\/jpeg\" \/>\n<meta name=\"twitter:card\" content=\"summary_large_image\" \/>\n<meta name=\"twitter:site\" content=\"@ticaretedutr\" \/>\n<meta name=\"twitter:label1\" content=\"Tahmini okuma s\u00fcresi\" \/>\n\t<meta name=\"twitter:data1\" content=\"1 dakika\" \/>\n<script type=\"application\/ld+json\" class=\"yoast-schema-graph\">{\"@context\":\"https:\/\/schema.org\",\"@graph\":[{\"@type\":\"WebPage\",\"@id\":\"http:\/\/ticaret.edu.tr\/isletme-bolumu\/vizyon-misyon\/\",\"url\":\"http:\/\/ticaret.edu.tr\/isletme-bolumu\/vizyon-misyon\/\",\"name\":\"Vizyon - Misyon - \u0130\u015fletme\",\"isPartOf\":{\"@id\":\"http:\/\/ticaret.edu.tr\/isletme-bolumu\/#website\"},\"datePublished\":\"2025-01-26T15:32:09+00:00\",\"dateModified\":\"2025-02-13T06:59:51+00:00\",\"breadcrumb\":{\"@id\":\"http:\/\/ticaret.edu.tr\/isletme-bolumu\/vizyon-misyon\/#breadcrumb\"},\"inLanguage\":\"tr\",\"potentialAction\":[{\"@type\":\"ReadAction\",\"target\":[\"http:\/\/ticaret.edu.tr\/isletme-bolumu\/vizyon-misyon\/\"]}]},{\"@type\":\"BreadcrumbList\",\"@id\":\"http:\/\/ticaret.edu.tr\/isletme-bolumu\/vizyon-misyon\/#breadcrumb\",\"itemListElement\":[{\"@type\":\"ListItem\",\"position\":1,\"name\":\"Ana sayfa\",\"item\":\"https:\/\/ticaret.edu.tr\/isletme-bolumu\/en\/\"},{\"@type\":\"ListItem\",\"position\":2,\"name\":\"Vizyon &#8211; Misyon\"}]},{\"@type\":\"WebSite\",\"@id\":\"http:\/\/ticaret.edu.tr\/isletme-bolumu\/#website\",\"url\":\"http:\/\/ticaret.edu.tr\/isletme-bolumu\/\",\"name\":\"\u0130\u015fletme\",\"description\":\"\",\"potentialAction\":[{\"@type\":\"SearchAction\",\"target\":{\"@type\":\"EntryPoint\",\"urlTemplate\":\"http:\/\/ticaret.edu.tr\/isletme-bolumu\/?s={search_term_string}\"},\"query-input\":\"required name=search_term_string\"}],\"inLanguage\":\"tr\"}]}<\/script>\n<!-- \/ Yoast SEO Premium plugin. -->","yoast_head_json":{"title":"Vizyon - Misyon - \u0130\u015fletme","robots":{"index":"index","follow":"follow","max-snippet":"max-snippet:-1","max-image-preview":"max-image-preview:large","max-video-preview":"max-video-preview:-1"},"canonical":"http:\/\/ticaret.edu.tr\/isletme-bolumu\/vizyon-misyon\/","og_locale":"tr_TR","og_type":"article","og_title":"Vizyon - Misyon","og_description":"M\u0130SYON: Ulusal ve k\u00fcresel beklentiler y\u00f6n\u00fcnde i\u015fletme alan\u0131yla ilgili geli\u015fmeleri takip edip bilimsel ara\u015ft\u0131rma yapabilen, \u00a0i\u015fletmenin t\u00fcm payda\u015flar\u0131na duyarl\u0131, \u00a0etik davranan, \u00a0sosyal sorumluluklar\u0131n\u0131n bilincinde, \u00a0ekip \u00e7al\u0131\u015fmas\u0131na uyum sa\u011flayan, \u00a0hayat boyu \u00f6\u011frenme bilinciyle kendini geli\u015ftiren, \u00a0analitik d\u00fc\u015f\u00fcnen, yenilik\u00e7i bireyler yeti\u015ftirmektir. V\u0130ZYON: \u0130\u015fletme alan\u0131nda ulusal ve uluslararas\u0131 d\u00fczeyde tan\u0131nan, yenilik\u00e7i,\u00a0\u00a0 s\u00fcrd\u00fcr\u00fclebilir ve topluma de\u011fer katan akademik ve [&hellip;]","og_url":"http:\/\/ticaret.edu.tr\/isletme-bolumu\/vizyon-misyon\/","og_site_name":"\u0130\u015fletme","article_publisher":"https:\/\/www.facebook.com\/ticaretedutr","article_modified_time":"2025-02-13T06:59:51+00:00","og_image":[{"width":1250,"height":833,"url":"http:\/\/ticaret.edu.tr\/isletme-bolumu\/wp-content\/uploads\/sites\/8\/2021\/11\/web_logo-01.jpg","type":"image\/jpeg"}],"twitter_card":"summary_large_image","twitter_site":"@ticaretedutr","twitter_misc":{"Tahmini okuma s\u00fcresi":"1 dakika"},"schema":{"@context":"https:\/\/schema.org","@graph":[{"@type":"WebPage","@id":"http:\/\/ticaret.edu.tr\/isletme-bolumu\/vizyon-misyon\/","url":"http:\/\/ticaret.edu.tr\/isletme-bolumu\/vizyon-misyon\/","name":"Vizyon - Misyon - \u0130\u015fletme","isPartOf":{"@id":"http:\/\/ticaret.edu.tr\/isletme-bolumu\/#website"},"datePublished":"2025-01-26T15:32:09+00:00","dateModified":"2025-02-13T06:59:51+00:00","breadcrumb":{"@id":"http:\/\/ticaret.edu.tr\/isletme-bolumu\/vizyon-misyon\/#breadcrumb"},"inLanguage":"tr","potentialAction":[{"@type":"ReadAction","target":["http:\/\/ticaret.edu.tr\/isletme-bolumu\/vizyon-misyon\/"]}]},{"@type":"BreadcrumbList","@id":"http:\/\/ticaret.edu.tr\/isletme-bolumu\/vizyon-misyon\/#breadcrumb","itemListElement":[{"@type":"ListItem","position":1,"name":"Ana sayfa","item":"https:\/\/ticaret.edu.tr\/isletme-bolumu\/en\/"},{"@type":"ListItem","position":2,"name":"Vizyon &#8211; Misyon"}]},{"@type":"WebSite","@id":"http:\/\/ticaret.edu.tr\/isletme-bolumu\/#website","url":"http:\/\/ticaret.edu.tr\/isletme-bolumu\/","name":"\u0130\u015fletme","description":"","potentialAction":[{"@type":"SearchAction","target":{"@type":"EntryPoint","urlTemplate":"http:\/\/ticaret.edu.tr\/isletme-bolumu\/?s={search_term_string}"},"query-input":"required name=search_term_string"}],"inLanguage":"tr"}]}},"lang":"tr","translations":{"en":1959,"tr":1863},"pll_sync_post":[],"_links":{"self":[{"href":"http:\/\/ticaret.edu.tr\/isletme-bolumu\/wp-json\/wp\/v2\/pages\/1863"}],"collection":[{"href":"http:\/\/ticaret.edu.tr\/isletme-bolumu\/wp-json\/wp\/v2\/pages"}],"about":[{"href":"http:\/\/ticaret.edu.tr\/isletme-bolumu\/wp-json\/wp\/v2\/types\/page"}],"author":[{"embeddable":true,"href":"http:\/\/ticaret.edu.tr\/isletme-bolumu\/wp-json\/wp\/v2\/users\/58"}],"replies":[{"embeddable":true,"href":"http:\/\/ticaret.edu.tr\/isletme-bolumu\/wp-json\/wp\/v2\/comments?post=1863"}],"version-history":[{"count":4,"href":"http:\/\/ticaret.edu.tr\/isletme-bolumu\/wp-json\/wp\/v2\/pages\/1863\/revisions"}],"predecessor-version":[{"id":2393,"href":"http:\/\/ticaret.edu.tr\/isletme-bolumu\/wp-json\/wp\/v2\/pages\/1863\/revisions\/2393"}],"wp:attachment":[{"href":"http:\/\/ticaret.edu.tr\/isletme-bolumu\/wp-json\/wp\/v2\/media?parent=1863"}],"curies":[{"name":"wp","href":"https:\/\/api.w.org\/{rel}","templated":true}]}}