{"id":1867,"date":"2025-01-26T18:35:20","date_gmt":"2025-01-26T15:35:20","guid":{"rendered":"https:\/\/ticaret.edu.tr\/isletme-bolumu\/?page_id=1867"},"modified":"2025-02-13T09:21:10","modified_gmt":"2025-02-13T06:21:10","slug":"sayisal-bilgiler","status":"publish","type":"page","link":"http:\/\/ticaret.edu.tr\/isletme-bolumu\/sayisal-bilgiler\/","title":{"rendered":"Say\u0131sal Bilgiler"},"content":{"rendered":"<p>1.s\u0131n\u0131f : 78<\/p>\n<p>2.s\u0131n\u0131f : 83<\/p>\n<p>3.s\u0131n\u0131f : 83<\/p>\n<p>4.s\u0131n\u0131f : 115<\/p>\n<p>Lisans\u00fcst\u00fc programlarda: 229<\/p>\n<p>\u00c7ift anadal yapan \u00f6\u011frenci say\u0131s\u0131: 45<\/p>\n<p>Erasmus program\u0131na giden \u00f6\u011frenci say\u0131s\u0131: 9<\/p>\n<p>Erasmus program\u0131 ile gelen \u00f6\u011frenci say\u0131s\u0131: 15<\/p>\n<p>&nbsp;<\/p>\n","protected":false},"excerpt":{"rendered":"<p>1.s\u0131n\u0131f : 78 2.s\u0131n\u0131f : 83 3.s\u0131n\u0131f : 83 4.s\u0131n\u0131f : 115 Lisans\u00fcst\u00fc programlarda: 229 \u00c7ift anadal yapan \u00f6\u011frenci say\u0131s\u0131: 45 Erasmus program\u0131na giden \u00f6\u011frenci say\u0131s\u0131: 9 Erasmus program\u0131 ile gelen \u00f6\u011frenci say\u0131s\u0131: 15 &nbsp;<\/p>\n","protected":false},"author":58,"featured_media":0,"parent":0,"menu_order":0,"comment_status":"closed","ping_status":"closed","template":"genel_sayfa.php","meta":{"footnotes":""},"yoast_head":"<!-- This site is optimized with the Yoast SEO Premium plugin v22.1 (Yoast SEO v22.1) - https:\/\/yoast.com\/wordpress\/plugins\/seo\/ -->\n<title>Say\u0131sal Bilgiler - \u0130\u015fletme<\/title>\n<meta name=\"robots\" content=\"index, follow, max-snippet:-1, max-image-preview:large, max-video-preview:-1\" \/>\n<link rel=\"canonical\" href=\"http:\/\/ticaret.edu.tr\/isletme-bolumu\/sayisal-bilgiler\/\" \/>\n<meta property=\"og:locale\" content=\"tr_TR\" \/>\n<meta property=\"og:type\" content=\"article\" \/>\n<meta property=\"og:title\" content=\"Say\u0131sal Bilgiler\" \/>\n<meta property=\"og:description\" content=\"1.s\u0131n\u0131f : 78 2.s\u0131n\u0131f : 83 3.s\u0131n\u0131f : 83 4.s\u0131n\u0131f : 115 Lisans\u00fcst\u00fc programlarda: 229 \u00c7ift anadal yapan \u00f6\u011frenci say\u0131s\u0131: 45 Erasmus program\u0131na giden \u00f6\u011frenci say\u0131s\u0131: 9 Erasmus program\u0131 ile gelen \u00f6\u011frenci say\u0131s\u0131: 15 &nbsp;\" \/>\n<meta property=\"og:url\" content=\"http:\/\/ticaret.edu.tr\/isletme-bolumu\/sayisal-bilgiler\/\" \/>\n<meta property=\"og:site_name\" content=\"\u0130\u015fletme\" \/>\n<meta property=\"article:publisher\" content=\"https:\/\/www.facebook.com\/ticaretedutr\" \/>\n<meta property=\"article:modified_time\" content=\"2025-02-13T06:21:10+00:00\" \/>\n<meta property=\"og:image\" content=\"http:\/\/ticaret.edu.tr\/isletme-bolumu\/wp-content\/uploads\/sites\/8\/2021\/11\/web_logo-01.jpg\" \/>\n\t<meta property=\"og:image:width\" content=\"1250\" \/>\n\t<meta property=\"og:image:height\" content=\"833\" \/>\n\t<meta property=\"og:image:type\" content=\"image\/jpeg\" \/>\n<meta name=\"twitter:card\" content=\"summary_large_image\" \/>\n<meta name=\"twitter:site\" content=\"@ticaretedutr\" \/>\n<meta name=\"twitter:label1\" content=\"Tahmini okuma s\u00fcresi\" \/>\n\t<meta name=\"twitter:data1\" content=\"1 dakika\" \/>\n<script type=\"application\/ld+json\" class=\"yoast-schema-graph\">{\"@context\":\"https:\/\/schema.org\",\"@graph\":[{\"@type\":\"WebPage\",\"@id\":\"http:\/\/ticaret.edu.tr\/isletme-bolumu\/sayisal-bilgiler\/\",\"url\":\"http:\/\/ticaret.edu.tr\/isletme-bolumu\/sayisal-bilgiler\/\",\"name\":\"Say\u0131sal Bilgiler - \u0130\u015fletme\",\"isPartOf\":{\"@id\":\"http:\/\/ticaret.edu.tr\/isletme-bolumu\/#website\"},\"datePublished\":\"2025-01-26T15:35:20+00:00\",\"dateModified\":\"2025-02-13T06:21:10+00:00\",\"breadcrumb\":{\"@id\":\"http:\/\/ticaret.edu.tr\/isletme-bolumu\/sayisal-bilgiler\/#breadcrumb\"},\"inLanguage\":\"tr\",\"potentialAction\":[{\"@type\":\"ReadAction\",\"target\":[\"http:\/\/ticaret.edu.tr\/isletme-bolumu\/sayisal-bilgiler\/\"]}]},{\"@type\":\"BreadcrumbList\",\"@id\":\"http:\/\/ticaret.edu.tr\/isletme-bolumu\/sayisal-bilgiler\/#breadcrumb\",\"itemListElement\":[{\"@type\":\"ListItem\",\"position\":1,\"name\":\"Ana sayfa\",\"item\":\"https:\/\/ticaret.edu.tr\/isletme-bolumu\/en\/\"},{\"@type\":\"ListItem\",\"position\":2,\"name\":\"Say\u0131sal Bilgiler\"}]},{\"@type\":\"WebSite\",\"@id\":\"http:\/\/ticaret.edu.tr\/isletme-bolumu\/#website\",\"url\":\"http:\/\/ticaret.edu.tr\/isletme-bolumu\/\",\"name\":\"\u0130\u015fletme\",\"description\":\"\",\"potentialAction\":[{\"@type\":\"SearchAction\",\"target\":{\"@type\":\"EntryPoint\",\"urlTemplate\":\"http:\/\/ticaret.edu.tr\/isletme-bolumu\/?s={search_term_string}\"},\"query-input\":\"required name=search_term_string\"}],\"inLanguage\":\"tr\"}]}<\/script>\n<!-- \/ Yoast SEO Premium plugin. -->","yoast_head_json":{"title":"Say\u0131sal Bilgiler - \u0130\u015fletme","robots":{"index":"index","follow":"follow","max-snippet":"max-snippet:-1","max-image-preview":"max-image-preview:large","max-video-preview":"max-video-preview:-1"},"canonical":"http:\/\/ticaret.edu.tr\/isletme-bolumu\/sayisal-bilgiler\/","og_locale":"tr_TR","og_type":"article","og_title":"Say\u0131sal Bilgiler","og_description":"1.s\u0131n\u0131f : 78 2.s\u0131n\u0131f : 83 3.s\u0131n\u0131f : 83 4.s\u0131n\u0131f : 115 Lisans\u00fcst\u00fc programlarda: 229 \u00c7ift anadal yapan \u00f6\u011frenci say\u0131s\u0131: 45 Erasmus program\u0131na giden \u00f6\u011frenci say\u0131s\u0131: 9 Erasmus program\u0131 ile gelen \u00f6\u011frenci say\u0131s\u0131: 15 &nbsp;","og_url":"http:\/\/ticaret.edu.tr\/isletme-bolumu\/sayisal-bilgiler\/","og_site_name":"\u0130\u015fletme","article_publisher":"https:\/\/www.facebook.com\/ticaretedutr","article_modified_time":"2025-02-13T06:21:10+00:00","og_image":[{"width":1250,"height":833,"url":"http:\/\/ticaret.edu.tr\/isletme-bolumu\/wp-content\/uploads\/sites\/8\/2021\/11\/web_logo-01.jpg","type":"image\/jpeg"}],"twitter_card":"summary_large_image","twitter_site":"@ticaretedutr","twitter_misc":{"Tahmini okuma s\u00fcresi":"1 dakika"},"schema":{"@context":"https:\/\/schema.org","@graph":[{"@type":"WebPage","@id":"http:\/\/ticaret.edu.tr\/isletme-bolumu\/sayisal-bilgiler\/","url":"http:\/\/ticaret.edu.tr\/isletme-bolumu\/sayisal-bilgiler\/","name":"Say\u0131sal Bilgiler - \u0130\u015fletme","isPartOf":{"@id":"http:\/\/ticaret.edu.tr\/isletme-bolumu\/#website"},"datePublished":"2025-01-26T15:35:20+00:00","dateModified":"2025-02-13T06:21:10+00:00","breadcrumb":{"@id":"http:\/\/ticaret.edu.tr\/isletme-bolumu\/sayisal-bilgiler\/#breadcrumb"},"inLanguage":"tr","potentialAction":[{"@type":"ReadAction","target":["http:\/\/ticaret.edu.tr\/isletme-bolumu\/sayisal-bilgiler\/"]}]},{"@type":"BreadcrumbList","@id":"http:\/\/ticaret.edu.tr\/isletme-bolumu\/sayisal-bilgiler\/#breadcrumb","itemListElement":[{"@type":"ListItem","position":1,"name":"Ana sayfa","item":"https:\/\/ticaret.edu.tr\/isletme-bolumu\/en\/"},{"@type":"ListItem","position":2,"name":"Say\u0131sal Bilgiler"}]},{"@type":"WebSite","@id":"http:\/\/ticaret.edu.tr\/isletme-bolumu\/#website","url":"http:\/\/ticaret.edu.tr\/isletme-bolumu\/","name":"\u0130\u015fletme","description":"","potentialAction":[{"@type":"SearchAction","target":{"@type":"EntryPoint","urlTemplate":"http:\/\/ticaret.edu.tr\/isletme-bolumu\/?s={search_term_string}"},"query-input":"required name=search_term_string"}],"inLanguage":"tr"}]}},"lang":"tr","translations":{"tr":1867,"en":2120},"pll_sync_post":[],"_links":{"self":[{"href":"http:\/\/ticaret.edu.tr\/isletme-bolumu\/wp-json\/wp\/v2\/pages\/1867"}],"collection":[{"href":"http:\/\/ticaret.edu.tr\/isletme-bolumu\/wp-json\/wp\/v2\/pages"}],"about":[{"href":"http:\/\/ticaret.edu.tr\/isletme-bolumu\/wp-json\/wp\/v2\/types\/page"}],"author":[{"embeddable":true,"href":"http:\/\/ticaret.edu.tr\/isletme-bolumu\/wp-json\/wp\/v2\/users\/58"}],"replies":[{"embeddable":true,"href":"http:\/\/ticaret.edu.tr\/isletme-bolumu\/wp-json\/wp\/v2\/comments?post=1867"}],"version-history":[{"count":4,"href":"http:\/\/ticaret.edu.tr\/isletme-bolumu\/wp-json\/wp\/v2\/pages\/1867\/revisions"}],"predecessor-version":[{"id":2257,"href":"http:\/\/ticaret.edu.tr\/isletme-bolumu\/wp-json\/wp\/v2\/pages\/1867\/revisions\/2257"}],"wp:attachment":[{"href":"http:\/\/ticaret.edu.tr\/isletme-bolumu\/wp-json\/wp\/v2\/media?parent=1867"}],"curies":[{"name":"wp","href":"https:\/\/api.w.org\/{rel}","templated":true}]}}