{"id":1879,"date":"2025-01-26T19:26:35","date_gmt":"2025-01-26T16:26:35","guid":{"rendered":"https:\/\/ticaret.edu.tr\/isletme-bolumu\/?page_id=1879"},"modified":"2026-01-08T11:20:53","modified_gmt":"2026-01-08T08:20:53","slug":"iletisim-ulasim","status":"publish","type":"page","link":"http:\/\/ticaret.edu.tr\/isletme-bolumu\/iletisim-ulasim\/","title":{"rendered":"\u0130leti\u015fim &amp; Ula\u015f\u0131m"},"content":{"rendered":"<p>B\u00f6l\u00fcm web sitesi: <a href=\"https:\/\/ticaret.edu.tr\/isletme-bolumu\/\">https:\/\/ticaret.edu.tr\/isletme-bolumu<\/a><a href=\"https:\/\/ticaret.edu.tr\/isletme-bolumu\/\">\/<\/a><\/p>\n<p>B\u00f6l\u00fcm Mail: <a href=\"mailto:macar@ticaret.edu.tr\">macar@ticaret.edu.tr<\/a>, <a href=\"mailto:hnhatipoglu@ticaret.edu.tr\">hnhatipoglu@ticaret.edu.tr<\/a>, <a href=\"mailto:msaglam@ticaret.edu.tr\">msaglam@ticaret.edu.tr<\/a>.<\/p>\n<p><strong>ULA\u015eIM<\/strong><\/p>\n<p><strong>Toplu Ta\u015f\u0131ma ile ula\u015f\u0131mlar a\u015fa\u011f\u0131daki gibidir: <\/strong><\/p>\n<p>Taksim &#8211; S\u00fctl\u00fcce (\u0130ETT Otob\u00fcsleri) \u0130stanbul Ticaret \u00dcniversitesi S\u00fctl\u00fcce Kamp\u00fcs\u00fc :<strong> 54HT- Hask\u00f6y &#8211; Taksim \/36T Cebeci \u2013 Taksim <\/strong><\/p>\n<p>Mecidiyek\u00f6y &#8211; \u015ei\u015fli- S\u00fctl\u00fcce (\u0130ETT Otob\u00fcsleri): <strong>54H\u015e &#8211; Hask\u00f6y &#8211; \u015ei\u015fli\u00a0<\/strong><\/p>\n<p>Emin\u00f6n\u00fc:S\u00fctl\u00fcce (\u0130ETT Otob\u00fcsleri): <strong>47 &#8211; Ye\u015filp\u0131nar \u2013 Emin\u00f6n\u00fc \/ 47\u00c7 &#8211; G\u00fczeltepe &#8211; Emin\u00f6n\u00fc \/ 47E &#8211; Binevler \u2013 Emin\u00f6n\u00fc <\/strong><\/p>\n<p>Topkap\u0131 &#8211; Seyrantepe &#8211; S\u00fctl\u00fcce (\u0130ETT Otob\u00fcsleri): <strong>41ST \u2013 Seyrantepe\u00a0<\/strong><\/p>\n<p>\u015ei\u015fhane \/ Alibeyk\u00f6y (Minib\u00fcs)<\/p>\n<p>Metrob\u00fcs kullanacak aday \u00f6\u011frencilerimiz ve aileleri Hal\u0131c\u0131o\u011flu dura\u011f\u0131nda indiklerinde 41ST (Seyrantepe &#8211; Topkap\u0131) \u0130ETT otob\u00fcs\u00fc veya Topkap\u0131 Seyrantepe minib\u00fcslerini kullanarak S\u00fctl\u00fcce kamp\u00fcs\u00fcm\u00fcze ula\u015f\u0131m sa\u011flayabilirler.<\/p>\n","protected":false},"excerpt":{"rendered":"<p>B\u00f6l\u00fcm web sitesi: https:\/\/ticaret.edu.tr\/isletme-bolumu\/ B\u00f6l\u00fcm Mail: macar@ticaret.edu.tr, hnhatipoglu@ticaret.edu.tr, msaglam@ticaret.edu.tr. ULA\u015eIM Toplu Ta\u015f\u0131ma ile ula\u015f\u0131mlar a\u015fa\u011f\u0131daki gibidir: Taksim &#8211; S\u00fctl\u00fcce (\u0130ETT Otob\u00fcsleri) \u0130stanbul Ticaret \u00dcniversitesi S\u00fctl\u00fcce Kamp\u00fcs\u00fc : 54HT- Hask\u00f6y &#8211; Taksim \/36T Cebeci \u2013 Taksim Mecidiyek\u00f6y &#8211; \u015ei\u015fli- S\u00fctl\u00fcce (\u0130ETT Otob\u00fcsleri): 54H\u015e &#8211; Hask\u00f6y &#8211; \u015ei\u015fli\u00a0 Emin\u00f6n\u00fc:S\u00fctl\u00fcce (\u0130ETT Otob\u00fcsleri): 47 &#8211; Ye\u015filp\u0131nar \u2013 Emin\u00f6n\u00fc \/ [&hellip;]<\/p>\n","protected":false},"author":58,"featured_media":0,"parent":0,"menu_order":0,"comment_status":"closed","ping_status":"closed","template":"genel_sayfa.php","meta":{"footnotes":""},"yoast_head":"<!-- This site is optimized with the Yoast SEO Premium plugin v22.1 (Yoast SEO v22.1) - https:\/\/yoast.com\/wordpress\/plugins\/seo\/ -->\n<title>\u0130leti\u015fim &amp; Ula\u015f\u0131m - \u0130\u015fletme<\/title>\n<meta name=\"robots\" content=\"index, follow, max-snippet:-1, max-image-preview:large, max-video-preview:-1\" \/>\n<link rel=\"canonical\" href=\"http:\/\/ticaret.edu.tr\/isletme-bolumu\/iletisim-ulasim\/\" \/>\n<meta property=\"og:locale\" content=\"tr_TR\" \/>\n<meta property=\"og:type\" content=\"article\" \/>\n<meta property=\"og:title\" content=\"\u0130leti\u015fim &amp; Ula\u015f\u0131m\" \/>\n<meta property=\"og:description\" content=\"B\u00f6l\u00fcm web sitesi: https:\/\/ticaret.edu.tr\/isletme-bolumu\/ B\u00f6l\u00fcm Mail: macar@ticaret.edu.tr, hnhatipoglu@ticaret.edu.tr, msaglam@ticaret.edu.tr. ULA\u015eIM Toplu Ta\u015f\u0131ma ile ula\u015f\u0131mlar a\u015fa\u011f\u0131daki gibidir: Taksim &#8211; S\u00fctl\u00fcce (\u0130ETT Otob\u00fcsleri) \u0130stanbul Ticaret \u00dcniversitesi S\u00fctl\u00fcce Kamp\u00fcs\u00fc : 54HT- Hask\u00f6y &#8211; Taksim \/36T Cebeci \u2013 Taksim Mecidiyek\u00f6y &#8211; \u015ei\u015fli- S\u00fctl\u00fcce (\u0130ETT Otob\u00fcsleri): 54H\u015e &#8211; Hask\u00f6y &#8211; \u015ei\u015fli\u00a0 Emin\u00f6n\u00fc:S\u00fctl\u00fcce (\u0130ETT Otob\u00fcsleri): 47 &#8211; Ye\u015filp\u0131nar \u2013 Emin\u00f6n\u00fc \/ [&hellip;]\" \/>\n<meta property=\"og:url\" content=\"http:\/\/ticaret.edu.tr\/isletme-bolumu\/iletisim-ulasim\/\" \/>\n<meta property=\"og:site_name\" content=\"\u0130\u015fletme\" \/>\n<meta property=\"article:publisher\" content=\"https:\/\/www.facebook.com\/ticaretedutr\" \/>\n<meta property=\"article:modified_time\" content=\"2026-01-08T08:20:53+00:00\" \/>\n<meta property=\"og:image\" content=\"http:\/\/ticaret.edu.tr\/isletme-bolumu\/wp-content\/uploads\/sites\/8\/2021\/11\/web_logo-01.jpg\" \/>\n\t<meta property=\"og:image:width\" content=\"1250\" \/>\n\t<meta property=\"og:image:height\" content=\"833\" \/>\n\t<meta property=\"og:image:type\" content=\"image\/jpeg\" \/>\n<meta name=\"twitter:card\" content=\"summary_large_image\" \/>\n<meta name=\"twitter:site\" content=\"@ticaretedutr\" \/>\n<meta name=\"twitter:label1\" content=\"Tahmini okuma s\u00fcresi\" \/>\n\t<meta name=\"twitter:data1\" content=\"1 dakika\" \/>\n<script type=\"application\/ld+json\" class=\"yoast-schema-graph\">{\"@context\":\"https:\/\/schema.org\",\"@graph\":[{\"@type\":\"WebPage\",\"@id\":\"http:\/\/ticaret.edu.tr\/isletme-bolumu\/iletisim-ulasim\/\",\"url\":\"http:\/\/ticaret.edu.tr\/isletme-bolumu\/iletisim-ulasim\/\",\"name\":\"\u0130leti\u015fim &amp; Ula\u015f\u0131m - \u0130\u015fletme\",\"isPartOf\":{\"@id\":\"http:\/\/ticaret.edu.tr\/isletme-bolumu\/#website\"},\"datePublished\":\"2025-01-26T16:26:35+00:00\",\"dateModified\":\"2026-01-08T08:20:53+00:00\",\"breadcrumb\":{\"@id\":\"http:\/\/ticaret.edu.tr\/isletme-bolumu\/iletisim-ulasim\/#breadcrumb\"},\"inLanguage\":\"tr\",\"potentialAction\":[{\"@type\":\"ReadAction\",\"target\":[\"http:\/\/ticaret.edu.tr\/isletme-bolumu\/iletisim-ulasim\/\"]}]},{\"@type\":\"BreadcrumbList\",\"@id\":\"http:\/\/ticaret.edu.tr\/isletme-bolumu\/iletisim-ulasim\/#breadcrumb\",\"itemListElement\":[{\"@type\":\"ListItem\",\"position\":1,\"name\":\"Ana sayfa\",\"item\":\"https:\/\/ticaret.edu.tr\/isletme-bolumu\/en\/\"},{\"@type\":\"ListItem\",\"position\":2,\"name\":\"\u0130leti\u015fim &amp; Ula\u015f\u0131m\"}]},{\"@type\":\"WebSite\",\"@id\":\"http:\/\/ticaret.edu.tr\/isletme-bolumu\/#website\",\"url\":\"http:\/\/ticaret.edu.tr\/isletme-bolumu\/\",\"name\":\"\u0130\u015fletme\",\"description\":\"\",\"potentialAction\":[{\"@type\":\"SearchAction\",\"target\":{\"@type\":\"EntryPoint\",\"urlTemplate\":\"http:\/\/ticaret.edu.tr\/isletme-bolumu\/?s={search_term_string}\"},\"query-input\":\"required name=search_term_string\"}],\"inLanguage\":\"tr\"}]}<\/script>\n<!-- \/ Yoast SEO Premium plugin. -->","yoast_head_json":{"title":"\u0130leti\u015fim &amp; Ula\u015f\u0131m - \u0130\u015fletme","robots":{"index":"index","follow":"follow","max-snippet":"max-snippet:-1","max-image-preview":"max-image-preview:large","max-video-preview":"max-video-preview:-1"},"canonical":"http:\/\/ticaret.edu.tr\/isletme-bolumu\/iletisim-ulasim\/","og_locale":"tr_TR","og_type":"article","og_title":"\u0130leti\u015fim &amp; Ula\u015f\u0131m","og_description":"B\u00f6l\u00fcm web sitesi: https:\/\/ticaret.edu.tr\/isletme-bolumu\/ B\u00f6l\u00fcm Mail: macar@ticaret.edu.tr, hnhatipoglu@ticaret.edu.tr, msaglam@ticaret.edu.tr. ULA\u015eIM Toplu Ta\u015f\u0131ma ile ula\u015f\u0131mlar a\u015fa\u011f\u0131daki gibidir: Taksim &#8211; S\u00fctl\u00fcce (\u0130ETT Otob\u00fcsleri) \u0130stanbul Ticaret \u00dcniversitesi S\u00fctl\u00fcce Kamp\u00fcs\u00fc : 54HT- Hask\u00f6y &#8211; Taksim \/36T Cebeci \u2013 Taksim Mecidiyek\u00f6y &#8211; \u015ei\u015fli- S\u00fctl\u00fcce (\u0130ETT Otob\u00fcsleri): 54H\u015e &#8211; Hask\u00f6y &#8211; \u015ei\u015fli\u00a0 Emin\u00f6n\u00fc:S\u00fctl\u00fcce (\u0130ETT Otob\u00fcsleri): 47 &#8211; Ye\u015filp\u0131nar \u2013 Emin\u00f6n\u00fc \/ [&hellip;]","og_url":"http:\/\/ticaret.edu.tr\/isletme-bolumu\/iletisim-ulasim\/","og_site_name":"\u0130\u015fletme","article_publisher":"https:\/\/www.facebook.com\/ticaretedutr","article_modified_time":"2026-01-08T08:20:53+00:00","og_image":[{"width":1250,"height":833,"url":"http:\/\/ticaret.edu.tr\/isletme-bolumu\/wp-content\/uploads\/sites\/8\/2021\/11\/web_logo-01.jpg","type":"image\/jpeg"}],"twitter_card":"summary_large_image","twitter_site":"@ticaretedutr","twitter_misc":{"Tahmini okuma s\u00fcresi":"1 dakika"},"schema":{"@context":"https:\/\/schema.org","@graph":[{"@type":"WebPage","@id":"http:\/\/ticaret.edu.tr\/isletme-bolumu\/iletisim-ulasim\/","url":"http:\/\/ticaret.edu.tr\/isletme-bolumu\/iletisim-ulasim\/","name":"\u0130leti\u015fim &amp; Ula\u015f\u0131m - \u0130\u015fletme","isPartOf":{"@id":"http:\/\/ticaret.edu.tr\/isletme-bolumu\/#website"},"datePublished":"2025-01-26T16:26:35+00:00","dateModified":"2026-01-08T08:20:53+00:00","breadcrumb":{"@id":"http:\/\/ticaret.edu.tr\/isletme-bolumu\/iletisim-ulasim\/#breadcrumb"},"inLanguage":"tr","potentialAction":[{"@type":"ReadAction","target":["http:\/\/ticaret.edu.tr\/isletme-bolumu\/iletisim-ulasim\/"]}]},{"@type":"BreadcrumbList","@id":"http:\/\/ticaret.edu.tr\/isletme-bolumu\/iletisim-ulasim\/#breadcrumb","itemListElement":[{"@type":"ListItem","position":1,"name":"Ana sayfa","item":"https:\/\/ticaret.edu.tr\/isletme-bolumu\/en\/"},{"@type":"ListItem","position":2,"name":"\u0130leti\u015fim &amp; Ula\u015f\u0131m"}]},{"@type":"WebSite","@id":"http:\/\/ticaret.edu.tr\/isletme-bolumu\/#website","url":"http:\/\/ticaret.edu.tr\/isletme-bolumu\/","name":"\u0130\u015fletme","description":"","potentialAction":[{"@type":"SearchAction","target":{"@type":"EntryPoint","urlTemplate":"http:\/\/ticaret.edu.tr\/isletme-bolumu\/?s={search_term_string}"},"query-input":"required name=search_term_string"}],"inLanguage":"tr"}]}},"lang":"tr","translations":{"en":2005,"tr":1879},"pll_sync_post":[],"_links":{"self":[{"href":"http:\/\/ticaret.edu.tr\/isletme-bolumu\/wp-json\/wp\/v2\/pages\/1879"}],"collection":[{"href":"http:\/\/ticaret.edu.tr\/isletme-bolumu\/wp-json\/wp\/v2\/pages"}],"about":[{"href":"http:\/\/ticaret.edu.tr\/isletme-bolumu\/wp-json\/wp\/v2\/types\/page"}],"author":[{"embeddable":true,"href":"http:\/\/ticaret.edu.tr\/isletme-bolumu\/wp-json\/wp\/v2\/users\/58"}],"replies":[{"embeddable":true,"href":"http:\/\/ticaret.edu.tr\/isletme-bolumu\/wp-json\/wp\/v2\/comments?post=1879"}],"version-history":[{"count":7,"href":"http:\/\/ticaret.edu.tr\/isletme-bolumu\/wp-json\/wp\/v2\/pages\/1879\/revisions"}],"predecessor-version":[{"id":2730,"href":"http:\/\/ticaret.edu.tr\/isletme-bolumu\/wp-json\/wp\/v2\/pages\/1879\/revisions\/2730"}],"wp:attachment":[{"href":"http:\/\/ticaret.edu.tr\/isletme-bolumu\/wp-json\/wp\/v2\/media?parent=1879"}],"curies":[{"name":"wp","href":"https:\/\/api.w.org\/{rel}","templated":true}]}}