{"id":1889,"date":"2025-01-26T18:53:59","date_gmt":"2025-01-26T15:53:59","guid":{"rendered":"https:\/\/ticaret.edu.tr\/isletme-bolumu\/?page_id=1889"},"modified":"2025-02-13T09:40:44","modified_gmt":"2025-02-13T06:40:44","slug":"lisans-ogrenci-degisim-programlari-erasmus","status":"publish","type":"page","link":"http:\/\/ticaret.edu.tr\/isletme-bolumu\/lisans-ogrenci-degisim-programlari-erasmus\/","title":{"rendered":"Lisans \u00d6\u011frenci De\u011fi\u015fim Programlar\u0131 \/ Erasmus"},"content":{"rendered":"<table style=\"height: 920px\" width=\"1168\">\n<tbody>\n<tr>\n<td width=\"95\"><b>No<\/b><\/td>\n<td width=\"116\"><b>Fak\u00fclte<\/b><\/td>\n<td width=\"116\"><b>B\u00f6l\u00fcm<\/b><\/td>\n<td width=\"223\"><b>\u00dclke<\/b><\/td>\n<td width=\"771\"><b>\u00dcniversite<\/b><\/td>\n<\/tr>\n<tr>\n<td width=\"95\"><b>1<\/b><\/td>\n<td width=\"116\">\u0130\u015fletme Fak\u00fcltesi<\/td>\n<td width=\"116\">\u0130\u015fletme<\/td>\n<td width=\"223\">Avusturya<\/td>\n<td width=\"771\">FACHHOCHSCHULE VORARLBERG GMBH<\/td>\n<\/tr>\n<tr>\n<td width=\"95\"><b>2<\/b><\/td>\n<td width=\"116\">\u0130\u015fletme Fak\u00fcltesi<\/td>\n<td width=\"116\">\u0130\u015fletme<\/td>\n<td width=\"223\">Bel\u00e7ika<\/td>\n<td width=\"771\">KAREL DE GROTE HOGESCHOOL KATHOLIEKE HOGESCHOOL ANTWERPEN<\/td>\n<\/tr>\n<tr>\n<td width=\"95\"><b>3<\/b><\/td>\n<td width=\"116\">\u0130\u015fletme Fak\u00fcltesi<\/td>\n<td width=\"116\">\u0130\u015fletme<\/td>\n<td width=\"223\">Bel\u00e7ika<\/td>\n<td width=\"771\">ARTEVELDEHOGESCHOOL<\/td>\n<\/tr>\n<tr>\n<td width=\"95\"><b>4<\/b><\/td>\n<td width=\"116\">\u0130\u015fletme Fak\u00fcltesi<\/td>\n<td width=\"116\">\u0130\u015fletme<\/td>\n<td width=\"223\">Bel\u00e7ika<\/td>\n<td width=\"771\">ARTEVELDEHOGESCHOOL<\/td>\n<\/tr>\n<tr>\n<td width=\"95\"><b>5<\/b><\/td>\n<td width=\"116\">\u0130\u015fletme Fak\u00fcltesi<\/td>\n<td width=\"116\">\u0130\u015fletme<\/td>\n<td width=\"223\">Bulgaristan<\/td>\n<td width=\"771\">UNIVERSITY OF NATIONAL AND WORLD ECONOMY<\/td>\n<\/tr>\n<tr>\n<td width=\"95\"><b>6<\/b><\/td>\n<td width=\"116\">\u0130\u015fletme Fak\u00fcltesi<\/td>\n<td width=\"116\">\u0130\u015fletme<\/td>\n<td width=\"223\">Almanya<\/td>\n<td width=\"771\">HOCHSCHULE BOCHUM<\/td>\n<\/tr>\n<tr>\n<td width=\"95\"><b>7<\/b><\/td>\n<td width=\"116\">\u0130\u015fletme Fak\u00fcltesi<\/td>\n<td width=\"116\">\u0130\u015fletme<\/td>\n<td width=\"223\">Almanya<\/td>\n<td width=\"771\">UNIVERSITAET BREMEN<\/td>\n<\/tr>\n<tr>\n<td width=\"95\"><b>8<\/b><\/td>\n<td width=\"116\">\u0130\u015fletme Fak\u00fcltesi<\/td>\n<td width=\"116\">\u0130\u015fletme<\/td>\n<td width=\"223\">Almanya<\/td>\n<td width=\"771\">HOCHSCHULE DUSSELDORF<\/td>\n<\/tr>\n<tr>\n<td width=\"95\"><b>9<\/b><\/td>\n<td width=\"116\">\u0130\u015fletme Fak\u00fcltesi<\/td>\n<td width=\"116\">\u0130\u015fletme<\/td>\n<td width=\"223\">Almanya<\/td>\n<td width=\"771\">FRANKFURT UNIVERSITY OF APPLIED SCIENCES<\/td>\n<\/tr>\n<tr>\n<td width=\"95\"><b>10<\/b><\/td>\n<td width=\"116\">\u0130\u015fletme Fak\u00fcltesi<\/td>\n<td width=\"116\">\u0130\u015fletme<\/td>\n<td width=\"223\">Almanya<\/td>\n<td width=\"771\">FRANKFURT UNIVERSITY OF APPLIED SCIENCES<\/td>\n<\/tr>\n<\/tbody>\n<\/table>\n<table style=\"height: 744px\" width=\"1169\">\n<tbody>\n<tr>\n<td width=\"48\"><b>11<\/b><\/td>\n<td width=\"58\"><b>\u0130\u015fletme Fak\u00fcltesi<\/b><\/td>\n<td width=\"58\"><b>\u0130\u015fletme <\/b><\/td>\n<td width=\"113\"><b>Almanya<\/b><\/td>\n<td width=\"390\"><b>HOCHSCHULE SCHMALKALDEN<\/b><\/td>\n<\/tr>\n<tr>\n<td width=\"48\"><b>12<\/b><\/td>\n<td width=\"58\">\u0130\u015fletme Fak\u00fcltesi<\/td>\n<td width=\"58\">\u0130\u015fletme<\/td>\n<td width=\"113\">Almanya<\/td>\n<td width=\"390\">HOCHSCHULE HARZ<\/td>\n<\/tr>\n<tr>\n<td width=\"48\"><b>13<\/b><\/td>\n<td width=\"58\">\u0130\u015fletme Fak\u00fcltesi<\/td>\n<td width=\"58\">\u0130\u015fletme<\/td>\n<td width=\"113\">Danimarka<\/td>\n<td width=\"390\">ERHVERVSAKADEMI AARHUS<\/td>\n<\/tr>\n<tr>\n<td width=\"48\"><b>14<\/b><\/td>\n<td width=\"58\">\u0130\u015fletme Fak\u00fcltesi<\/td>\n<td width=\"58\">\u0130\u015fletme<\/td>\n<td width=\"113\">\u0130spanya<\/td>\n<td width=\"390\">FUNDACION UNIVERSIDAD LOYOLA ANDALUCIA<\/td>\n<\/tr>\n<tr>\n<td width=\"48\"><b>15<\/b><\/td>\n<td width=\"58\">\u0130\u015fletme Fak\u00fcltesi<\/td>\n<td width=\"58\">\u0130\u015fletme<\/td>\n<td width=\"113\">\u0130spanya<\/td>\n<td width=\"390\">UNIVERSIDAD DE GRANADA<\/td>\n<\/tr>\n<tr>\n<td width=\"48\"><b>16<\/b><\/td>\n<td width=\"58\">\u0130\u015fletme Fak\u00fcltesi<\/td>\n<td width=\"58\">\u0130\u015fletme<\/td>\n<td width=\"113\">\u0130spanya<\/td>\n<td width=\"390\">UNIVERSIDAD DE GRANADA<\/td>\n<\/tr>\n<tr>\n<td width=\"48\"><b>17<\/b><\/td>\n<td width=\"58\">\u0130\u015fletme Fak\u00fcltesi<\/td>\n<td width=\"58\">\u0130\u015fletme<\/td>\n<td width=\"113\">\u0130spanya<\/td>\n<td width=\"390\">FUNDACION UNIVERSITARIA SAN ANTONIO<\/td>\n<\/tr>\n<tr>\n<td width=\"48\"><b>18<\/b><\/td>\n<td width=\"58\">\u0130\u015fletme Fak\u00fcltesi<\/td>\n<td width=\"58\">\u0130\u015fletme<\/td>\n<td width=\"113\">\u0130spanya<\/td>\n<td width=\"390\">UNIVERSIDADE da CORU\u00d1A<\/td>\n<\/tr>\n<tr>\n<td width=\"48\"><b>19<\/b><\/td>\n<td width=\"58\">\u0130\u015fletme Fak\u00fcltesi<\/td>\n<td width=\"58\">\u0130\u015fletme<\/td>\n<td width=\"113\">Fransa<\/td>\n<td width=\"390\">ECOLE DE MANAGEMENT DE NORMANDIE<\/td>\n<\/tr>\n<tr>\n<td width=\"48\"><b>20<\/b><\/td>\n<td width=\"58\">\u0130\u015fletme Fak\u00fcltesi<\/td>\n<td width=\"58\">\u0130\u015fletme<\/td>\n<td width=\"113\">Fransa<\/td>\n<td width=\"390\">ECOLE DE MANAGEMENT DE NORMANDIE<\/td>\n<\/tr>\n<\/tbody>\n<\/table>\n","protected":false},"excerpt":{"rendered":"<p>No Fak\u00fclte B\u00f6l\u00fcm \u00dclke \u00dcniversite 1 \u0130\u015fletme Fak\u00fcltesi \u0130\u015fletme Avusturya FACHHOCHSCHULE VORARLBERG GMBH 2 \u0130\u015fletme Fak\u00fcltesi \u0130\u015fletme Bel\u00e7ika KAREL DE GROTE HOGESCHOOL KATHOLIEKE HOGESCHOOL ANTWERPEN 3 \u0130\u015fletme Fak\u00fcltesi \u0130\u015fletme Bel\u00e7ika ARTEVELDEHOGESCHOOL 4 \u0130\u015fletme Fak\u00fcltesi \u0130\u015fletme Bel\u00e7ika ARTEVELDEHOGESCHOOL 5 \u0130\u015fletme Fak\u00fcltesi \u0130\u015fletme Bulgaristan UNIVERSITY OF NATIONAL AND WORLD ECONOMY 6 \u0130\u015fletme Fak\u00fcltesi \u0130\u015fletme Almanya HOCHSCHULE BOCHUM [&hellip;]<\/p>\n","protected":false},"author":58,"featured_media":0,"parent":0,"menu_order":0,"comment_status":"closed","ping_status":"closed","template":"genel_sayfa.php","meta":{"footnotes":""},"yoast_head":"<!-- This site is optimized with the Yoast SEO Premium plugin v22.1 (Yoast SEO v22.1) - https:\/\/yoast.com\/wordpress\/plugins\/seo\/ -->\n<title>Lisans \u00d6\u011frenci De\u011fi\u015fim Programlar\u0131 \/ Erasmus - \u0130\u015fletme<\/title>\n<meta name=\"robots\" content=\"index, follow, max-snippet:-1, max-image-preview:large, max-video-preview:-1\" \/>\n<link rel=\"canonical\" href=\"http:\/\/ticaret.edu.tr\/isletme-bolumu\/lisans-ogrenci-degisim-programlari-erasmus\/\" \/>\n<meta property=\"og:locale\" content=\"tr_TR\" \/>\n<meta property=\"og:type\" content=\"article\" \/>\n<meta property=\"og:title\" content=\"Lisans \u00d6\u011frenci De\u011fi\u015fim Programlar\u0131 \/ Erasmus\" \/>\n<meta property=\"og:description\" content=\"No Fak\u00fclte B\u00f6l\u00fcm \u00dclke \u00dcniversite 1 \u0130\u015fletme Fak\u00fcltesi \u0130\u015fletme Avusturya FACHHOCHSCHULE VORARLBERG GMBH 2 \u0130\u015fletme Fak\u00fcltesi \u0130\u015fletme Bel\u00e7ika KAREL DE GROTE HOGESCHOOL KATHOLIEKE HOGESCHOOL ANTWERPEN 3 \u0130\u015fletme Fak\u00fcltesi \u0130\u015fletme Bel\u00e7ika ARTEVELDEHOGESCHOOL 4 \u0130\u015fletme Fak\u00fcltesi \u0130\u015fletme Bel\u00e7ika ARTEVELDEHOGESCHOOL 5 \u0130\u015fletme Fak\u00fcltesi \u0130\u015fletme Bulgaristan UNIVERSITY OF NATIONAL AND WORLD ECONOMY 6 \u0130\u015fletme Fak\u00fcltesi \u0130\u015fletme Almanya HOCHSCHULE BOCHUM [&hellip;]\" \/>\n<meta property=\"og:url\" content=\"http:\/\/ticaret.edu.tr\/isletme-bolumu\/lisans-ogrenci-degisim-programlari-erasmus\/\" \/>\n<meta property=\"og:site_name\" content=\"\u0130\u015fletme\" \/>\n<meta property=\"article:publisher\" content=\"https:\/\/www.facebook.com\/ticaretedutr\" \/>\n<meta property=\"article:modified_time\" content=\"2025-02-13T06:40:44+00:00\" \/>\n<meta property=\"og:image\" content=\"http:\/\/ticaret.edu.tr\/isletme-bolumu\/wp-content\/uploads\/sites\/8\/2021\/11\/web_logo-01.jpg\" \/>\n\t<meta property=\"og:image:width\" content=\"1250\" \/>\n\t<meta property=\"og:image:height\" content=\"833\" \/>\n\t<meta property=\"og:image:type\" content=\"image\/jpeg\" \/>\n<meta name=\"twitter:card\" content=\"summary_large_image\" \/>\n<meta name=\"twitter:site\" content=\"@ticaretedutr\" \/>\n<meta name=\"twitter:label1\" content=\"Tahmini okuma s\u00fcresi\" \/>\n\t<meta name=\"twitter:data1\" content=\"2 dakika\" \/>\n<script type=\"application\/ld+json\" class=\"yoast-schema-graph\">{\"@context\":\"https:\/\/schema.org\",\"@graph\":[{\"@type\":\"WebPage\",\"@id\":\"http:\/\/ticaret.edu.tr\/isletme-bolumu\/lisans-ogrenci-degisim-programlari-erasmus\/\",\"url\":\"http:\/\/ticaret.edu.tr\/isletme-bolumu\/lisans-ogrenci-degisim-programlari-erasmus\/\",\"name\":\"Lisans \u00d6\u011frenci De\u011fi\u015fim Programlar\u0131 \/ Erasmus - \u0130\u015fletme\",\"isPartOf\":{\"@id\":\"http:\/\/ticaret.edu.tr\/isletme-bolumu\/#website\"},\"datePublished\":\"2025-01-26T15:53:59+00:00\",\"dateModified\":\"2025-02-13T06:40:44+00:00\",\"breadcrumb\":{\"@id\":\"http:\/\/ticaret.edu.tr\/isletme-bolumu\/lisans-ogrenci-degisim-programlari-erasmus\/#breadcrumb\"},\"inLanguage\":\"tr\",\"potentialAction\":[{\"@type\":\"ReadAction\",\"target\":[\"http:\/\/ticaret.edu.tr\/isletme-bolumu\/lisans-ogrenci-degisim-programlari-erasmus\/\"]}]},{\"@type\":\"BreadcrumbList\",\"@id\":\"http:\/\/ticaret.edu.tr\/isletme-bolumu\/lisans-ogrenci-degisim-programlari-erasmus\/#breadcrumb\",\"itemListElement\":[{\"@type\":\"ListItem\",\"position\":1,\"name\":\"Ana sayfa\",\"item\":\"https:\/\/ticaret.edu.tr\/isletme-bolumu\/en\/\"},{\"@type\":\"ListItem\",\"position\":2,\"name\":\"Lisans \u00d6\u011frenci De\u011fi\u015fim Programlar\u0131 \/ Erasmus\"}]},{\"@type\":\"WebSite\",\"@id\":\"http:\/\/ticaret.edu.tr\/isletme-bolumu\/#website\",\"url\":\"http:\/\/ticaret.edu.tr\/isletme-bolumu\/\",\"name\":\"\u0130\u015fletme\",\"description\":\"\",\"potentialAction\":[{\"@type\":\"SearchAction\",\"target\":{\"@type\":\"EntryPoint\",\"urlTemplate\":\"http:\/\/ticaret.edu.tr\/isletme-bolumu\/?s={search_term_string}\"},\"query-input\":\"required name=search_term_string\"}],\"inLanguage\":\"tr\"}]}<\/script>\n<!-- \/ Yoast SEO Premium plugin. -->","yoast_head_json":{"title":"Lisans \u00d6\u011frenci De\u011fi\u015fim Programlar\u0131 \/ Erasmus - \u0130\u015fletme","robots":{"index":"index","follow":"follow","max-snippet":"max-snippet:-1","max-image-preview":"max-image-preview:large","max-video-preview":"max-video-preview:-1"},"canonical":"http:\/\/ticaret.edu.tr\/isletme-bolumu\/lisans-ogrenci-degisim-programlari-erasmus\/","og_locale":"tr_TR","og_type":"article","og_title":"Lisans \u00d6\u011frenci De\u011fi\u015fim Programlar\u0131 \/ Erasmus","og_description":"No Fak\u00fclte B\u00f6l\u00fcm \u00dclke \u00dcniversite 1 \u0130\u015fletme Fak\u00fcltesi \u0130\u015fletme Avusturya FACHHOCHSCHULE VORARLBERG GMBH 2 \u0130\u015fletme Fak\u00fcltesi \u0130\u015fletme Bel\u00e7ika KAREL DE GROTE HOGESCHOOL KATHOLIEKE HOGESCHOOL ANTWERPEN 3 \u0130\u015fletme Fak\u00fcltesi \u0130\u015fletme Bel\u00e7ika ARTEVELDEHOGESCHOOL 4 \u0130\u015fletme Fak\u00fcltesi \u0130\u015fletme Bel\u00e7ika ARTEVELDEHOGESCHOOL 5 \u0130\u015fletme Fak\u00fcltesi \u0130\u015fletme Bulgaristan UNIVERSITY OF NATIONAL AND WORLD ECONOMY 6 \u0130\u015fletme Fak\u00fcltesi \u0130\u015fletme Almanya HOCHSCHULE BOCHUM [&hellip;]","og_url":"http:\/\/ticaret.edu.tr\/isletme-bolumu\/lisans-ogrenci-degisim-programlari-erasmus\/","og_site_name":"\u0130\u015fletme","article_publisher":"https:\/\/www.facebook.com\/ticaretedutr","article_modified_time":"2025-02-13T06:40:44+00:00","og_image":[{"width":1250,"height":833,"url":"http:\/\/ticaret.edu.tr\/isletme-bolumu\/wp-content\/uploads\/sites\/8\/2021\/11\/web_logo-01.jpg","type":"image\/jpeg"}],"twitter_card":"summary_large_image","twitter_site":"@ticaretedutr","twitter_misc":{"Tahmini okuma s\u00fcresi":"2 dakika"},"schema":{"@context":"https:\/\/schema.org","@graph":[{"@type":"WebPage","@id":"http:\/\/ticaret.edu.tr\/isletme-bolumu\/lisans-ogrenci-degisim-programlari-erasmus\/","url":"http:\/\/ticaret.edu.tr\/isletme-bolumu\/lisans-ogrenci-degisim-programlari-erasmus\/","name":"Lisans \u00d6\u011frenci De\u011fi\u015fim Programlar\u0131 \/ Erasmus - \u0130\u015fletme","isPartOf":{"@id":"http:\/\/ticaret.edu.tr\/isletme-bolumu\/#website"},"datePublished":"2025-01-26T15:53:59+00:00","dateModified":"2025-02-13T06:40:44+00:00","breadcrumb":{"@id":"http:\/\/ticaret.edu.tr\/isletme-bolumu\/lisans-ogrenci-degisim-programlari-erasmus\/#breadcrumb"},"inLanguage":"tr","potentialAction":[{"@type":"ReadAction","target":["http:\/\/ticaret.edu.tr\/isletme-bolumu\/lisans-ogrenci-degisim-programlari-erasmus\/"]}]},{"@type":"BreadcrumbList","@id":"http:\/\/ticaret.edu.tr\/isletme-bolumu\/lisans-ogrenci-degisim-programlari-erasmus\/#breadcrumb","itemListElement":[{"@type":"ListItem","position":1,"name":"Ana sayfa","item":"https:\/\/ticaret.edu.tr\/isletme-bolumu\/en\/"},{"@type":"ListItem","position":2,"name":"Lisans \u00d6\u011frenci De\u011fi\u015fim Programlar\u0131 \/ Erasmus"}]},{"@type":"WebSite","@id":"http:\/\/ticaret.edu.tr\/isletme-bolumu\/#website","url":"http:\/\/ticaret.edu.tr\/isletme-bolumu\/","name":"\u0130\u015fletme","description":"","potentialAction":[{"@type":"SearchAction","target":{"@type":"EntryPoint","urlTemplate":"http:\/\/ticaret.edu.tr\/isletme-bolumu\/?s={search_term_string}"},"query-input":"required name=search_term_string"}],"inLanguage":"tr"}]}},"lang":"tr","translations":{"en":2029,"tr":1889},"pll_sync_post":[],"_links":{"self":[{"href":"http:\/\/ticaret.edu.tr\/isletme-bolumu\/wp-json\/wp\/v2\/pages\/1889"}],"collection":[{"href":"http:\/\/ticaret.edu.tr\/isletme-bolumu\/wp-json\/wp\/v2\/pages"}],"about":[{"href":"http:\/\/ticaret.edu.tr\/isletme-bolumu\/wp-json\/wp\/v2\/types\/page"}],"author":[{"embeddable":true,"href":"http:\/\/ticaret.edu.tr\/isletme-bolumu\/wp-json\/wp\/v2\/users\/58"}],"replies":[{"embeddable":true,"href":"http:\/\/ticaret.edu.tr\/isletme-bolumu\/wp-json\/wp\/v2\/comments?post=1889"}],"version-history":[{"count":6,"href":"http:\/\/ticaret.edu.tr\/isletme-bolumu\/wp-json\/wp\/v2\/pages\/1889\/revisions"}],"predecessor-version":[{"id":2380,"href":"http:\/\/ticaret.edu.tr\/isletme-bolumu\/wp-json\/wp\/v2\/pages\/1889\/revisions\/2380"}],"wp:attachment":[{"href":"http:\/\/ticaret.edu.tr\/isletme-bolumu\/wp-json\/wp\/v2\/media?parent=1889"}],"curies":[{"name":"wp","href":"https:\/\/api.w.org\/{rel}","templated":true}]}}