{"id":1895,"date":"2025-01-26T18:55:45","date_gmt":"2025-01-26T15:55:45","guid":{"rendered":"https:\/\/ticaret.edu.tr\/isletme-bolumu\/?page_id=1895"},"modified":"2025-10-17T14:58:11","modified_gmt":"2025-10-17T11:58:11","slug":"mezunlar","status":"publish","type":"page","link":"http:\/\/ticaret.edu.tr\/isletme-bolumu\/mezunlar\/","title":{"rendered":"Mezunlar"},"content":{"rendered":"<h2>Kardelen C\u0130\u011eERC\u0130<\/h2>\n<h6>Kardelen C\u0130\u011eERC\u0130 \u2013 Giri\u015fimci ve \u0130\u00e7erik \u00dcreticisi<\/h6>\n<p>\u0130stanbul Ticaret \u00dcniversitesi\u2019nde \u0130\u015fletme B\u00f6l\u00fcm\u00fc\u2019nden 2023 y\u0131l\u0131nda mezun oldum. E\u011fitimime devam ederken, edinmi\u015f oldu\u011fum bilgi ve tecr\u00fcbeler sayesinde mezun olmadan kendi i\u015fimi kurma f\u0131rsat\u0131 buldum. Kariyer merkezimizin bizlere sa\u011flad\u0131\u011f\u0131 staj f\u0131rsatlar\u0131yla, ilk senemde b\u00fcy\u00fck bir e-ticaret firmas\u0131nda staj yapt\u0131m. Ayr\u0131ca KAMER, kariyerimizi en iyi \u015fekilde in\u015fa etmek i\u00e7in, mezun olana kadar bizleri hep desteklemeye devam etti. Sayg\u0131n akademisyen kadromuzun samimi ve destekleyici tutumlar\u0131 da \u00f6zellikle \u00e7ok de\u011ferliydi. Bu sayede dersler d\u0131\u015f\u0131nda da sosyal \u00e7al\u0131\u015fmalarda da aktif bir \u015fekilde rol alabildim ve her ge\u00e7en g\u00fcn kendimi daha da geli\u015ftirmeye devam ettim. \u0130stanbul Ticaret \u00dcniversitesi\u2019nde ge\u00e7irdi\u011fim y\u0131llar, sadece mesleki kariyerim a\u00e7\u0131s\u0131ndan de\u011fil, ki\u015fisel geli\u015fimim a\u00e7\u0131s\u0131ndan da \u00e7ok de\u011ferliydi.<\/p>\n<h2>Onur KO\u00c7AK<\/h2>\n<h6>Onur KO\u00c7AK \u2013 KMS End\u00fcstriyel Mutfak Makinalar\u0131 \u2013 Dijital Pazarlama Uzman\u0131<\/h6>\n<p>\u0130stanbul Ticaret \u00dcniversitesi \u0130\u015fletme B\u00f6l\u00fcm\u00fc mezunu ve \u00f6zel sekt\u00f6r \u00e7al\u0131\u015fan\u0131 olarak, \u00fcniversite deneyimlerimden sizlere bahsetmek isterim. \u0130lk olarak \u015funu belirtmeliyim ki; okulu sevmeyen bir \u00e7ocuk olarak girdi\u011fim \u0130stanbul Ticaret \u00dcniversitesi\u2019nden, okumaya ve e\u011fitime a\u015f\u0131k bir gen\u00e7 olarak mezun oldum. E\u011fitimin dinamiklerini ve e\u011fitimde ileti\u015fimi iyi \u015fekilde uygulayan hocalar\u0131ma minnettar\u0131m. Bizlere yakla\u015f\u0131mlar\u0131 her zaman samimi bir dost gibiydi. \u00dcniversitemizin bana ilk hediyesi, Uluslararas\u0131 Ticaret B\u00f6l\u00fcm\u00fc\u2019nde %100 burslu olarak \u00e7ift anadal (\u00c7AP) yapma f\u0131rsat\u0131 sunmas\u0131 oldu. \u00c7AP program\u0131 ve geni\u015f se\u00e7meli ders m\u00fcfredat\u0131ndan kendimi geli\u015ftirebilece\u011fim \u00e7ok y\u00f6nl\u00fc dersler alma \u015fans\u0131 yakalad\u0131m. \u00d6zellikle pazarlama ve dijital d\u00f6n\u00fc\u015f\u00fcm konusunda deneyimli hocalar\u0131mla ders i\u015flemek keyif vericiydi. \u00d6\u011frenci kul\u00fcplerinde aktif rol oynayarak i\u015f d\u00fcnyas\u0131ndan ve \u0130TO b\u00fcnyesinden bir\u00e7ok isimle tan\u0131\u015fma f\u0131rsat\u0131m oldu. Okulumuzun sosyal ve ticari yap\u0131s\u0131 sayesinde alan\u0131nda uzman ki\u015filerle etkinlikler d\u00fczenledik. Kariyer Merkezi arac\u0131l\u0131\u011f\u0131yla kurumsal firmalarda staj yaparak i\u015f tecr\u00fcbesi edindim. \u00dcniversitede olu\u015fturdu\u011fum sosyal a\u011flar\u0131m\u0131n, devam eden i\u015f hayat\u0131mda faydas\u0131n\u0131 g\u00f6rmek beni mutlu ediyor, iyi ki Ticaret \u00dcniversitesi\u2019nde okumu\u015fum diyorum.<\/p>\n","protected":false},"excerpt":{"rendered":"<p>Kardelen C\u0130\u011eERC\u0130 Kardelen C\u0130\u011eERC\u0130 \u2013 Giri\u015fimci ve \u0130\u00e7erik \u00dcreticisi \u0130stanbul Ticaret \u00dcniversitesi\u2019nde \u0130\u015fletme B\u00f6l\u00fcm\u00fc\u2019nden 2023 y\u0131l\u0131nda mezun oldum. E\u011fitimime devam ederken, edinmi\u015f oldu\u011fum bilgi ve tecr\u00fcbeler sayesinde mezun olmadan kendi i\u015fimi kurma f\u0131rsat\u0131 buldum. Kariyer merkezimizin bizlere sa\u011flad\u0131\u011f\u0131 staj f\u0131rsatlar\u0131yla, ilk senemde b\u00fcy\u00fck bir e-ticaret firmas\u0131nda staj yapt\u0131m. Ayr\u0131ca KAMER, kariyerimizi en iyi \u015fekilde in\u015fa [&hellip;]<\/p>\n","protected":false},"author":58,"featured_media":0,"parent":0,"menu_order":0,"comment_status":"closed","ping_status":"closed","template":"genel_sayfa.php","meta":{"footnotes":""},"yoast_head":"<!-- This site is optimized with the Yoast SEO Premium plugin v22.1 (Yoast SEO v22.1) - https:\/\/yoast.com\/wordpress\/plugins\/seo\/ -->\n<title>Mezunlar - \u0130\u015fletme<\/title>\n<meta name=\"robots\" content=\"index, follow, max-snippet:-1, max-image-preview:large, max-video-preview:-1\" \/>\n<link rel=\"canonical\" href=\"http:\/\/ticaret.edu.tr\/isletme-bolumu\/mezunlar\/\" \/>\n<meta property=\"og:locale\" content=\"tr_TR\" \/>\n<meta property=\"og:type\" content=\"article\" \/>\n<meta property=\"og:title\" content=\"Mezunlar\" \/>\n<meta property=\"og:description\" content=\"Kardelen C\u0130\u011eERC\u0130 Kardelen C\u0130\u011eERC\u0130 \u2013 Giri\u015fimci ve \u0130\u00e7erik \u00dcreticisi \u0130stanbul Ticaret \u00dcniversitesi\u2019nde \u0130\u015fletme B\u00f6l\u00fcm\u00fc\u2019nden 2023 y\u0131l\u0131nda mezun oldum. E\u011fitimime devam ederken, edinmi\u015f oldu\u011fum bilgi ve tecr\u00fcbeler sayesinde mezun olmadan kendi i\u015fimi kurma f\u0131rsat\u0131 buldum. Kariyer merkezimizin bizlere sa\u011flad\u0131\u011f\u0131 staj f\u0131rsatlar\u0131yla, ilk senemde b\u00fcy\u00fck bir e-ticaret firmas\u0131nda staj yapt\u0131m. Ayr\u0131ca KAMER, kariyerimizi en iyi \u015fekilde in\u015fa [&hellip;]\" \/>\n<meta property=\"og:url\" content=\"http:\/\/ticaret.edu.tr\/isletme-bolumu\/mezunlar\/\" \/>\n<meta property=\"og:site_name\" content=\"\u0130\u015fletme\" \/>\n<meta property=\"article:publisher\" content=\"https:\/\/www.facebook.com\/ticaretedutr\" \/>\n<meta property=\"article:modified_time\" content=\"2025-10-17T11:58:11+00:00\" \/>\n<meta property=\"og:image\" content=\"http:\/\/ticaret.edu.tr\/isletme-bolumu\/wp-content\/uploads\/sites\/8\/2021\/11\/web_logo-01.jpg\" \/>\n\t<meta property=\"og:image:width\" content=\"1250\" \/>\n\t<meta property=\"og:image:height\" content=\"833\" \/>\n\t<meta property=\"og:image:type\" content=\"image\/jpeg\" \/>\n<meta name=\"twitter:card\" content=\"summary_large_image\" \/>\n<meta name=\"twitter:site\" content=\"@ticaretedutr\" \/>\n<meta name=\"twitter:label1\" content=\"Tahmini okuma s\u00fcresi\" \/>\n\t<meta name=\"twitter:data1\" content=\"2 dakika\" \/>\n<script type=\"application\/ld+json\" class=\"yoast-schema-graph\">{\"@context\":\"https:\/\/schema.org\",\"@graph\":[{\"@type\":\"WebPage\",\"@id\":\"http:\/\/ticaret.edu.tr\/isletme-bolumu\/mezunlar\/\",\"url\":\"http:\/\/ticaret.edu.tr\/isletme-bolumu\/mezunlar\/\",\"name\":\"Mezunlar - \u0130\u015fletme\",\"isPartOf\":{\"@id\":\"http:\/\/ticaret.edu.tr\/isletme-bolumu\/#website\"},\"datePublished\":\"2025-01-26T15:55:45+00:00\",\"dateModified\":\"2025-10-17T11:58:11+00:00\",\"breadcrumb\":{\"@id\":\"http:\/\/ticaret.edu.tr\/isletme-bolumu\/mezunlar\/#breadcrumb\"},\"inLanguage\":\"tr\",\"potentialAction\":[{\"@type\":\"ReadAction\",\"target\":[\"http:\/\/ticaret.edu.tr\/isletme-bolumu\/mezunlar\/\"]}]},{\"@type\":\"BreadcrumbList\",\"@id\":\"http:\/\/ticaret.edu.tr\/isletme-bolumu\/mezunlar\/#breadcrumb\",\"itemListElement\":[{\"@type\":\"ListItem\",\"position\":1,\"name\":\"Ana sayfa\",\"item\":\"https:\/\/ticaret.edu.tr\/isletme-bolumu\/en\/\"},{\"@type\":\"ListItem\",\"position\":2,\"name\":\"Mezunlar\"}]},{\"@type\":\"WebSite\",\"@id\":\"http:\/\/ticaret.edu.tr\/isletme-bolumu\/#website\",\"url\":\"http:\/\/ticaret.edu.tr\/isletme-bolumu\/\",\"name\":\"\u0130\u015fletme\",\"description\":\"\",\"potentialAction\":[{\"@type\":\"SearchAction\",\"target\":{\"@type\":\"EntryPoint\",\"urlTemplate\":\"http:\/\/ticaret.edu.tr\/isletme-bolumu\/?s={search_term_string}\"},\"query-input\":\"required name=search_term_string\"}],\"inLanguage\":\"tr\"}]}<\/script>\n<!-- \/ Yoast SEO Premium plugin. -->","yoast_head_json":{"title":"Mezunlar - \u0130\u015fletme","robots":{"index":"index","follow":"follow","max-snippet":"max-snippet:-1","max-image-preview":"max-image-preview:large","max-video-preview":"max-video-preview:-1"},"canonical":"http:\/\/ticaret.edu.tr\/isletme-bolumu\/mezunlar\/","og_locale":"tr_TR","og_type":"article","og_title":"Mezunlar","og_description":"Kardelen C\u0130\u011eERC\u0130 Kardelen C\u0130\u011eERC\u0130 \u2013 Giri\u015fimci ve \u0130\u00e7erik \u00dcreticisi \u0130stanbul Ticaret \u00dcniversitesi\u2019nde \u0130\u015fletme B\u00f6l\u00fcm\u00fc\u2019nden 2023 y\u0131l\u0131nda mezun oldum. E\u011fitimime devam ederken, edinmi\u015f oldu\u011fum bilgi ve tecr\u00fcbeler sayesinde mezun olmadan kendi i\u015fimi kurma f\u0131rsat\u0131 buldum. Kariyer merkezimizin bizlere sa\u011flad\u0131\u011f\u0131 staj f\u0131rsatlar\u0131yla, ilk senemde b\u00fcy\u00fck bir e-ticaret firmas\u0131nda staj yapt\u0131m. Ayr\u0131ca KAMER, kariyerimizi en iyi \u015fekilde in\u015fa [&hellip;]","og_url":"http:\/\/ticaret.edu.tr\/isletme-bolumu\/mezunlar\/","og_site_name":"\u0130\u015fletme","article_publisher":"https:\/\/www.facebook.com\/ticaretedutr","article_modified_time":"2025-10-17T11:58:11+00:00","og_image":[{"width":1250,"height":833,"url":"http:\/\/ticaret.edu.tr\/isletme-bolumu\/wp-content\/uploads\/sites\/8\/2021\/11\/web_logo-01.jpg","type":"image\/jpeg"}],"twitter_card":"summary_large_image","twitter_site":"@ticaretedutr","twitter_misc":{"Tahmini okuma s\u00fcresi":"2 dakika"},"schema":{"@context":"https:\/\/schema.org","@graph":[{"@type":"WebPage","@id":"http:\/\/ticaret.edu.tr\/isletme-bolumu\/mezunlar\/","url":"http:\/\/ticaret.edu.tr\/isletme-bolumu\/mezunlar\/","name":"Mezunlar - \u0130\u015fletme","isPartOf":{"@id":"http:\/\/ticaret.edu.tr\/isletme-bolumu\/#website"},"datePublished":"2025-01-26T15:55:45+00:00","dateModified":"2025-10-17T11:58:11+00:00","breadcrumb":{"@id":"http:\/\/ticaret.edu.tr\/isletme-bolumu\/mezunlar\/#breadcrumb"},"inLanguage":"tr","potentialAction":[{"@type":"ReadAction","target":["http:\/\/ticaret.edu.tr\/isletme-bolumu\/mezunlar\/"]}]},{"@type":"BreadcrumbList","@id":"http:\/\/ticaret.edu.tr\/isletme-bolumu\/mezunlar\/#breadcrumb","itemListElement":[{"@type":"ListItem","position":1,"name":"Ana sayfa","item":"https:\/\/ticaret.edu.tr\/isletme-bolumu\/en\/"},{"@type":"ListItem","position":2,"name":"Mezunlar"}]},{"@type":"WebSite","@id":"http:\/\/ticaret.edu.tr\/isletme-bolumu\/#website","url":"http:\/\/ticaret.edu.tr\/isletme-bolumu\/","name":"\u0130\u015fletme","description":"","potentialAction":[{"@type":"SearchAction","target":{"@type":"EntryPoint","urlTemplate":"http:\/\/ticaret.edu.tr\/isletme-bolumu\/?s={search_term_string}"},"query-input":"required name=search_term_string"}],"inLanguage":"tr"}]}},"lang":"tr","translations":{"tr":1895,"en":2025},"pll_sync_post":[],"_links":{"self":[{"href":"http:\/\/ticaret.edu.tr\/isletme-bolumu\/wp-json\/wp\/v2\/pages\/1895"}],"collection":[{"href":"http:\/\/ticaret.edu.tr\/isletme-bolumu\/wp-json\/wp\/v2\/pages"}],"about":[{"href":"http:\/\/ticaret.edu.tr\/isletme-bolumu\/wp-json\/wp\/v2\/types\/page"}],"author":[{"embeddable":true,"href":"http:\/\/ticaret.edu.tr\/isletme-bolumu\/wp-json\/wp\/v2\/users\/58"}],"replies":[{"embeddable":true,"href":"http:\/\/ticaret.edu.tr\/isletme-bolumu\/wp-json\/wp\/v2\/comments?post=1895"}],"version-history":[{"count":3,"href":"http:\/\/ticaret.edu.tr\/isletme-bolumu\/wp-json\/wp\/v2\/pages\/1895\/revisions"}],"predecessor-version":[{"id":2546,"href":"http:\/\/ticaret.edu.tr\/isletme-bolumu\/wp-json\/wp\/v2\/pages\/1895\/revisions\/2546"}],"wp:attachment":[{"href":"http:\/\/ticaret.edu.tr\/isletme-bolumu\/wp-json\/wp\/v2\/media?parent=1895"}],"curies":[{"name":"wp","href":"https:\/\/api.w.org\/{rel}","templated":true}]}}