{"id":1897,"date":"2025-01-26T18:56:14","date_gmt":"2025-01-26T15:56:14","guid":{"rendered":"https:\/\/ticaret.edu.tr\/isletme-bolumu\/?page_id=1897"},"modified":"2026-01-07T08:34:00","modified_gmt":"2026-01-07T05:34:00","slug":"lisans-yonetmelikler","status":"publish","type":"page","link":"http:\/\/ticaret.edu.tr\/isletme-bolumu\/lisans-yonetmelikler\/","title":{"rendered":"Lisans Y\u00f6netmelikler"},"content":{"rendered":"<p><strong><a href=\"https:\/\/ticaret.edu.tr\/yonetmelikler\/\">Lisans y\u00f6netmelikler<\/a><\/strong><\/p>\n<p><strong><a title=\"\u0130STANBUL T\u0130CARET \u00dcN\u0130VERS\u0130TES\u0130 \u00c7\u0130FT ANADAL VE YAN DAL PROGRAMLARI Y\u00d6NETMEL\u0130\u011e\u0130\" href=\"http:\/\/www.mevzuat.gov.tr\/Metin.Aspx?MevzuatKod=8.5.7266&amp;MevzuatIliski=0&amp;sourceXmlSearch=%C4%B0stanbul%20Ticaret%20%C3%9Cniversitesi\" target=\"_parent\" rel=\"noopener noreferrer\">\u0130stanbul Ticaret \u00dcniversitesi\u00a0\u00c7ift Anadal Ve Yan Dal Programlar\u0131 Y\u00f6netmeli\u011fi<\/a><\/strong><\/p>\n<p><strong><a title=\"\u0130STANBUL T\u0130CARET \u00dcN\u0130VERS\u0130TES\u0130 \u00d6NL\u0130SANS VE L\u0130SANS E\u011e\u0130T\u0130M-\u00d6\u011eRET\u0130M VE SINAV Y\u00d6NETMEL\u0130\u011e\u0130\" href=\"http:\/\/www.mevzuat.gov.tr\/Metin.Aspx?MevzuatKod=8.5.15066&amp;MevzuatIliski=0&amp;sourceXmlSearch=%C4%B0stanbul%20Ticaret%20%C3%9Cniversitesi\" target=\"_parent\" rel=\"noopener noreferrer\">\u0130stanbul Ticaret \u00dcniversitesi\u00a0\u00d6nlisans Ve Lisans E\u011fitim-\u00d6\u011fretim Ve S\u0131nav Y\u00f6netmeli\u011fi<\/a><\/strong><\/p>\n","protected":false},"excerpt":{"rendered":"<p>Lisans y\u00f6netmelikler \u0130stanbul Ticaret \u00dcniversitesi\u00a0\u00c7ift Anadal Ve Yan Dal Programlar\u0131 Y\u00f6netmeli\u011fi \u0130stanbul Ticaret \u00dcniversitesi\u00a0\u00d6nlisans Ve Lisans E\u011fitim-\u00d6\u011fretim Ve S\u0131nav Y\u00f6netmeli\u011fi<\/p>\n","protected":false},"author":58,"featured_media":0,"parent":0,"menu_order":0,"comment_status":"closed","ping_status":"closed","template":"genel_sayfa.php","meta":{"footnotes":""},"yoast_head":"<!-- This site is optimized with the Yoast SEO Premium plugin v22.1 (Yoast SEO v22.1) - https:\/\/yoast.com\/wordpress\/plugins\/seo\/ -->\n<title>Lisans Y\u00f6netmelikler - \u0130\u015fletme<\/title>\n<meta name=\"robots\" content=\"index, follow, max-snippet:-1, max-image-preview:large, max-video-preview:-1\" \/>\n<link rel=\"canonical\" href=\"https:\/\/ticaret.edu.tr\/isletme-bolumu\/lisans-yonetmelikler\/\" \/>\n<meta property=\"og:locale\" content=\"tr_TR\" \/>\n<meta property=\"og:type\" content=\"article\" \/>\n<meta property=\"og:title\" content=\"Lisans Y\u00f6netmelikler\" \/>\n<meta property=\"og:description\" content=\"Lisans y\u00f6netmelikler \u0130stanbul Ticaret \u00dcniversitesi\u00a0\u00c7ift Anadal Ve Yan Dal Programlar\u0131 Y\u00f6netmeli\u011fi \u0130stanbul Ticaret \u00dcniversitesi\u00a0\u00d6nlisans Ve Lisans E\u011fitim-\u00d6\u011fretim Ve S\u0131nav Y\u00f6netmeli\u011fi\" \/>\n<meta property=\"og:url\" content=\"https:\/\/ticaret.edu.tr\/isletme-bolumu\/lisans-yonetmelikler\/\" \/>\n<meta property=\"og:site_name\" content=\"\u0130\u015fletme\" \/>\n<meta property=\"article:publisher\" content=\"https:\/\/www.facebook.com\/ticaretedutr\" \/>\n<meta property=\"article:modified_time\" content=\"2026-01-07T05:34:00+00:00\" \/>\n<meta property=\"og:image\" content=\"http:\/\/ticaret.edu.tr\/isletme-bolumu\/wp-content\/uploads\/sites\/8\/2021\/11\/web_logo-01.jpg\" \/>\n\t<meta property=\"og:image:width\" content=\"1250\" \/>\n\t<meta property=\"og:image:height\" content=\"833\" \/>\n\t<meta property=\"og:image:type\" content=\"image\/jpeg\" \/>\n<meta name=\"twitter:card\" content=\"summary_large_image\" \/>\n<meta name=\"twitter:site\" content=\"@ticaretedutr\" \/>\n<meta name=\"twitter:label1\" content=\"Tahmini okuma s\u00fcresi\" \/>\n\t<meta name=\"twitter:data1\" content=\"1 dakika\" \/>\n<script type=\"application\/ld+json\" class=\"yoast-schema-graph\">{\"@context\":\"https:\/\/schema.org\",\"@graph\":[{\"@type\":\"WebPage\",\"@id\":\"https:\/\/ticaret.edu.tr\/isletme-bolumu\/lisans-yonetmelikler\/\",\"url\":\"https:\/\/ticaret.edu.tr\/isletme-bolumu\/lisans-yonetmelikler\/\",\"name\":\"Lisans Y\u00f6netmelikler - \u0130\u015fletme\",\"isPartOf\":{\"@id\":\"http:\/\/ticaret.edu.tr\/isletme-bolumu\/#website\"},\"datePublished\":\"2025-01-26T15:56:14+00:00\",\"dateModified\":\"2026-01-07T05:34:00+00:00\",\"breadcrumb\":{\"@id\":\"https:\/\/ticaret.edu.tr\/isletme-bolumu\/lisans-yonetmelikler\/#breadcrumb\"},\"inLanguage\":\"tr\",\"potentialAction\":[{\"@type\":\"ReadAction\",\"target\":[\"https:\/\/ticaret.edu.tr\/isletme-bolumu\/lisans-yonetmelikler\/\"]}]},{\"@type\":\"BreadcrumbList\",\"@id\":\"https:\/\/ticaret.edu.tr\/isletme-bolumu\/lisans-yonetmelikler\/#breadcrumb\",\"itemListElement\":[{\"@type\":\"ListItem\",\"position\":1,\"name\":\"Ana sayfa\",\"item\":\"https:\/\/ticaret.edu.tr\/isletme-bolumu\/en\/\"},{\"@type\":\"ListItem\",\"position\":2,\"name\":\"Lisans Y\u00f6netmelikler\"}]},{\"@type\":\"WebSite\",\"@id\":\"http:\/\/ticaret.edu.tr\/isletme-bolumu\/#website\",\"url\":\"http:\/\/ticaret.edu.tr\/isletme-bolumu\/\",\"name\":\"\u0130\u015fletme\",\"description\":\"\",\"potentialAction\":[{\"@type\":\"SearchAction\",\"target\":{\"@type\":\"EntryPoint\",\"urlTemplate\":\"http:\/\/ticaret.edu.tr\/isletme-bolumu\/?s={search_term_string}\"},\"query-input\":\"required name=search_term_string\"}],\"inLanguage\":\"tr\"}]}<\/script>\n<!-- \/ Yoast SEO Premium plugin. -->","yoast_head_json":{"title":"Lisans Y\u00f6netmelikler - \u0130\u015fletme","robots":{"index":"index","follow":"follow","max-snippet":"max-snippet:-1","max-image-preview":"max-image-preview:large","max-video-preview":"max-video-preview:-1"},"canonical":"https:\/\/ticaret.edu.tr\/isletme-bolumu\/lisans-yonetmelikler\/","og_locale":"tr_TR","og_type":"article","og_title":"Lisans Y\u00f6netmelikler","og_description":"Lisans y\u00f6netmelikler \u0130stanbul Ticaret \u00dcniversitesi\u00a0\u00c7ift Anadal Ve Yan Dal Programlar\u0131 Y\u00f6netmeli\u011fi \u0130stanbul Ticaret \u00dcniversitesi\u00a0\u00d6nlisans Ve Lisans E\u011fitim-\u00d6\u011fretim Ve S\u0131nav Y\u00f6netmeli\u011fi","og_url":"https:\/\/ticaret.edu.tr\/isletme-bolumu\/lisans-yonetmelikler\/","og_site_name":"\u0130\u015fletme","article_publisher":"https:\/\/www.facebook.com\/ticaretedutr","article_modified_time":"2026-01-07T05:34:00+00:00","og_image":[{"width":1250,"height":833,"url":"http:\/\/ticaret.edu.tr\/isletme-bolumu\/wp-content\/uploads\/sites\/8\/2021\/11\/web_logo-01.jpg","type":"image\/jpeg"}],"twitter_card":"summary_large_image","twitter_site":"@ticaretedutr","twitter_misc":{"Tahmini okuma s\u00fcresi":"1 dakika"},"schema":{"@context":"https:\/\/schema.org","@graph":[{"@type":"WebPage","@id":"https:\/\/ticaret.edu.tr\/isletme-bolumu\/lisans-yonetmelikler\/","url":"https:\/\/ticaret.edu.tr\/isletme-bolumu\/lisans-yonetmelikler\/","name":"Lisans Y\u00f6netmelikler - \u0130\u015fletme","isPartOf":{"@id":"http:\/\/ticaret.edu.tr\/isletme-bolumu\/#website"},"datePublished":"2025-01-26T15:56:14+00:00","dateModified":"2026-01-07T05:34:00+00:00","breadcrumb":{"@id":"https:\/\/ticaret.edu.tr\/isletme-bolumu\/lisans-yonetmelikler\/#breadcrumb"},"inLanguage":"tr","potentialAction":[{"@type":"ReadAction","target":["https:\/\/ticaret.edu.tr\/isletme-bolumu\/lisans-yonetmelikler\/"]}]},{"@type":"BreadcrumbList","@id":"https:\/\/ticaret.edu.tr\/isletme-bolumu\/lisans-yonetmelikler\/#breadcrumb","itemListElement":[{"@type":"ListItem","position":1,"name":"Ana sayfa","item":"https:\/\/ticaret.edu.tr\/isletme-bolumu\/en\/"},{"@type":"ListItem","position":2,"name":"Lisans Y\u00f6netmelikler"}]},{"@type":"WebSite","@id":"http:\/\/ticaret.edu.tr\/isletme-bolumu\/#website","url":"http:\/\/ticaret.edu.tr\/isletme-bolumu\/","name":"\u0130\u015fletme","description":"","potentialAction":[{"@type":"SearchAction","target":{"@type":"EntryPoint","urlTemplate":"http:\/\/ticaret.edu.tr\/isletme-bolumu\/?s={search_term_string}"},"query-input":"required name=search_term_string"}],"inLanguage":"tr"}]}},"lang":"tr","translations":{"en":1961,"tr":1897},"pll_sync_post":[],"_links":{"self":[{"href":"http:\/\/ticaret.edu.tr\/isletme-bolumu\/wp-json\/wp\/v2\/pages\/1897"}],"collection":[{"href":"http:\/\/ticaret.edu.tr\/isletme-bolumu\/wp-json\/wp\/v2\/pages"}],"about":[{"href":"http:\/\/ticaret.edu.tr\/isletme-bolumu\/wp-json\/wp\/v2\/types\/page"}],"author":[{"embeddable":true,"href":"http:\/\/ticaret.edu.tr\/isletme-bolumu\/wp-json\/wp\/v2\/users\/58"}],"replies":[{"embeddable":true,"href":"http:\/\/ticaret.edu.tr\/isletme-bolumu\/wp-json\/wp\/v2\/comments?post=1897"}],"version-history":[{"count":5,"href":"http:\/\/ticaret.edu.tr\/isletme-bolumu\/wp-json\/wp\/v2\/pages\/1897\/revisions"}],"predecessor-version":[{"id":2727,"href":"http:\/\/ticaret.edu.tr\/isletme-bolumu\/wp-json\/wp\/v2\/pages\/1897\/revisions\/2727"}],"wp:attachment":[{"href":"http:\/\/ticaret.edu.tr\/isletme-bolumu\/wp-json\/wp\/v2\/media?parent=1897"}],"curies":[{"name":"wp","href":"https:\/\/api.w.org\/{rel}","templated":true}]}}