{"id":1899,"date":"2025-01-26T18:40:50","date_gmt":"2025-01-26T15:40:50","guid":{"rendered":"https:\/\/ticaret.edu.tr\/isletme-bolumu\/?page_id=1899"},"modified":"2026-01-07T08:19:18","modified_gmt":"2026-01-07T05:19:18","slug":"lisans-genel-bilgi","status":"publish","type":"page","link":"http:\/\/ticaret.edu.tr\/isletme-bolumu\/lisans-genel-bilgi\/","title":{"rendered":"Lisans Genel Bilgi"},"content":{"rendered":"<p>\u0130\u015fletme (T\u00fcrk\u00e7e) B\u00f6l\u00fcm\u00fcnde \u00f6\u011frenciler 4 y\u0131l boyunca i\u015fletme fonksiyonlar\u0131na ili\u015fkin e\u011fitim almaktad\u0131rlar. Bir \u00f6\u011frencinin mezun olabilmesi i\u00e7in d\u00f6nem sonunda 240 AKTS\u2019ye sahip olmas\u0131 gerekmektedir. E\u011fitim T\u00fcrk\u00e7e dilindedir. \u0130\u015fletme (T\u00fcrk\u00e7e) b\u00f6l\u00fcm\u00fcnde \u00f6\u011frencilerimiz se\u00e7meli ve zorunlu dersler almakta, yabanc\u0131 dil dersleri g\u00f6rmekte ve g\u00f6n\u00fcll\u00fc staj dersine kay\u0131t olarak mesleki tecr\u00fcbe edinmektedirler.<\/p>\n<p>Birinci s\u0131n\u0131f m\u00fcfredat\u0131nda; matematik, genel muhasebe, istatisti\u011fe giri\u015f gibi giri\u015f seviyesinde temel dersler bulunmaktad\u0131r. \u0130kinci s\u0131n\u0131f m\u00fcfredat\u0131nda; i\u015fletme alan\u0131yla ilgili uzmanl\u0131k derslerine ek olarak se\u00e7meli dersler bulunmaktad\u0131r. Ayr\u0131ca \u00f6\u011frenciler 2. s\u0131n\u0131ftan itibaren \u0130\u015fletme Staj\u0131 dersine kay\u0131t olabilmektedir. 3. s\u0131n\u0131f m\u00fcfredat\u0131nda; lojistik y\u00f6netimi, marka y\u00f6netimi ve \u00f6rg\u00fctsel davran\u0131\u015f dersleri ile se\u00e7meli dersler bulunmaktad\u0131r. \u00d6\u011frencilerin mezuniyet y\u0131llar\u0131 olan 4. s\u0131n\u0131f m\u00fcfredat\u0131nda pazarlama ara\u015ft\u0131rmalar\u0131, i\u015fletme denetimi ve stratejik y\u00f6netim gibi i\u015f d\u00fcnyas\u0131nda karar alma yetkinliklerini geli\u015ftirecek dersler bulunmaktad\u0131r.<\/p>\n<ul>\n<li>\n<h3>B\u00d6L\u00dcM\u00dcN \u00d6NEM\u0130<\/h3>\n<p>G\u00fcn\u00fcm\u00fczde k\u00fcreselle\u015fme, artan rekabet ve h\u0131zl\u0131 de\u011fi\u015fimler i\u015fletmelerin uzun s\u00fcre varl\u0131klar\u0131n\u0131 s\u00fcrd\u00fcrebilmelerinde, rekabet \u00fcst\u00fcnl\u00fc\u011f\u00fc sa\u011flayabilmelerinde \u00e7ok \u00f6nemlidir. Bu unsurlar, i\u015fletmelerin y\u00f6netim yakla\u015f\u0131mlar\u0131n\u0131 g\u00fcncellemelerine ve insan kaynaklar\u0131ndan beklentilerini de\u011fi\u015ftirmelerine neden olmaktad\u0131r. \u0130\u015fletmeler \u00f6ncelikle, ulusal ve k\u00fcresel faaliyetlerinde etkin g\u00f6rev alabilecek, farkl\u0131 k\u00fclt\u00fcrel ortamlara uyum g\u00f6sterebilecek insan kayna\u011f\u0131 aray\u0131\u015f\u0131ndad\u0131rlar. B\u00f6l\u00fcm\u00fcm\u00fczde; i\u015fletmelerin ve \u00e7al\u0131\u015fanlar\u0131n ihtiya\u00e7lar\u0131n\u0131 dikkate alarak, onlar\u0131n beklentileri y\u00f6n\u00fcnde tasarlad\u0131\u011f\u0131m\u0131z m\u00fcfredatlar ile ulusal ve k\u00fcresel yetkinliklere, becerilere sahip \u201cyeteneklerin\u201d geli\u015ftirilmesine odaklanmaktay\u0131z.<\/p>\n<h3>\u00d6\u011eRENC\u0130LER\u0130N \u00c7ALI\u015eMA ALANLARI<\/h3>\n<p>B\u00f6l\u00fcm \u00f6\u011frencilerini, bir i\u015fletmenin y\u00f6netilmesinde gerekli t\u00fcm fonksiyonlar\u0131 hakk\u0131nda e\u011fitip y\u00f6netici olmak \u00fczere yeti\u015ftirmekteyiz. Mezunlar\u0131m\u0131z kamu sekt\u00f6r\u00fcnde ve \u00f6zel sekt\u00f6rde faaliyet g\u00f6steren ulusal ve k\u00fcresel i\u015fletmelerde \u00e7e\u015fitli b\u00f6l\u00fcmlerde i\u015f bulabilirler. B\u00f6l\u00fcm mezunlar\u0131, i\u015fletmelerin planlama, sat\u0131n alma, lojistik, \u00fcretim, pazarlama, sat\u0131\u015f, muhasebe, finans, insan kaynaklar\u0131 y\u00f6netimi ve i\u015f geli\u015ftirme b\u00f6l\u00fcmlerinde g\u00f6rev alabilirler. Ayr\u0131ca, kendi i\u015fletmelerini kurup giri\u015fimci de olabilirler.<\/p>\n<h3>NEDEN TERC\u0130H ED\u0130LMEL\u0130?<\/h3>\n<p>B\u00f6l\u00fcm\u00fcm\u00fczde alan\u0131nda uzman, ba\u015far\u0131l\u0131, akademik \u00e7evrelerde tan\u0131nan, deneyimli, i\u015f d\u00fcnyas\u0131 ile ili\u015fkileri g\u00fc\u00e7l\u00fc ve \u00f6\u011frencilerimizin her daim eri\u015febilecekleri kadrolu akademisyenlerimiz bulunmaktad\u0131r.<\/p>\n<p>\u0130stanbul Ticaret Odas\u0131 ile, \u00f6nc\u00fc i\u015fletmelerle, meslek kurulu\u015flar\u0131yla i\u015fbirli\u011fi yaparak, i\u015f d\u00fcnyas\u0131n\u0131n ger\u00e7eklerini \u00f6\u011freniyor, kendimizi geli\u015ftiriyor, bunlar\u0131 derslerimize aktar\u0131yoruz. B\u00f6l\u00fcm\u00fcm\u00fczde, \u00f6\u011frencilerimize \u00e7a\u011f\u0131n de\u011fi\u015fimlerine uygun olarak, i\u015fletmelerin \u00e7al\u0131\u015fanlara y\u00f6nelik de\u011fi\u015fen beklentilerini dikkate alarak, onlar\u0131n bilgi donan\u0131m\u0131n\u0131 k\u00fcresel ve \u00fclkesel olarak g\u00fc\u00e7l\u00fc k\u0131lan, i\u015fletmenin t\u00fcm fonksiyonlar\u0131n\u0131 kapsayan \u0130\u015fletme Y\u00f6netimi, Ar-Ge, Tedarik Zinciri Y\u00f6netimi, \u00dcretim ve Operasyon Y\u00f6netimi, Pazarlama, Sat\u0131\u015f, Finans, Muhasebe, \u0130nsan Kaynaklar\u0131 Y\u00f6netimi, \u00d6rg\u00fctsel Davran\u0131\u015f ve Y\u00f6netim Bilgi Sistemleri alanlar\u0131nda zorunlu ve se\u00e7meli dersler ile se\u00e7meli stajdan olu\u015fan kapsaml\u0131 bir e\u011fitim program\u0131 sunmaktay\u0131z. Ayr\u0131ca, \u00f6\u011frencilerimize se\u00e7meli \u00e7e\u015fitli yabanc\u0131 dil dersleri de sunmaktay\u0131z. G\u00fcncel yaz\u0131l\u0131mlar\u0131 kulland\u0131\u011f\u0131m\u0131z uygulamal\u0131 derslerin say\u0131lar\u0131n\u0131 art\u0131r\u0131yoruz. M\u00fcfredatlar\u0131m\u0131z\u0131 d\u00fcnyadaki ve \u00fclkemizdeki geli\u015fmeler y\u00f6n\u00fcnde sekt\u00f6r dan\u0131\u015fma kurulumuzla g\u00f6r\u00fc\u015ferek g\u00fcncelliyoruz, teknolojiyi, dijitalle\u015fmeyi takip ediyoruz. \u0130novasyona, giri\u015fimcili\u011fe, liderli\u011fe \u00f6nem veriyoruz. Ahlaki ilkelerin ve etik de\u011ferlerin i\u015fletmecilikteki \u00f6nemini vurguluyoruz. B\u00f6l\u00fcm\u00fcm\u00fczde \u00f6\u011frencilerin proaktif, analitik d\u00fc\u015f\u00fcnen, ara\u015ft\u0131ran, yarat\u0131c\u0131, yenilik\u00e7i, giri\u015fimci, \u00fclkelerine ve d\u00fcnyaya katk\u0131larda bulunan bireyler olarak yeti\u015fmeleri i\u00e7in f\u0131rsatlar sunuyoruz.<\/li>\n<\/ul>\n","protected":false},"excerpt":{"rendered":"<p>\u0130\u015fletme (T\u00fcrk\u00e7e) B\u00f6l\u00fcm\u00fcnde \u00f6\u011frenciler 4 y\u0131l boyunca i\u015fletme fonksiyonlar\u0131na ili\u015fkin e\u011fitim almaktad\u0131rlar. Bir \u00f6\u011frencinin mezun olabilmesi i\u00e7in d\u00f6nem sonunda 240 AKTS\u2019ye sahip olmas\u0131 gerekmektedir. E\u011fitim T\u00fcrk\u00e7e dilindedir. \u0130\u015fletme (T\u00fcrk\u00e7e) b\u00f6l\u00fcm\u00fcnde \u00f6\u011frencilerimiz se\u00e7meli ve zorunlu dersler almakta, yabanc\u0131 dil dersleri g\u00f6rmekte ve g\u00f6n\u00fcll\u00fc staj dersine kay\u0131t olarak mesleki tecr\u00fcbe edinmektedirler. Birinci s\u0131n\u0131f m\u00fcfredat\u0131nda; matematik, genel muhasebe, [&hellip;]<\/p>\n","protected":false},"author":58,"featured_media":0,"parent":0,"menu_order":0,"comment_status":"closed","ping_status":"closed","template":"genel_sayfa.php","meta":{"footnotes":""},"yoast_head":"<!-- This site is optimized with the Yoast SEO Premium plugin v22.1 (Yoast SEO v22.1) - https:\/\/yoast.com\/wordpress\/plugins\/seo\/ -->\n<title>Lisans Genel Bilgi - \u0130\u015fletme<\/title>\n<meta name=\"robots\" content=\"index, follow, max-snippet:-1, max-image-preview:large, max-video-preview:-1\" \/>\n<link rel=\"canonical\" href=\"http:\/\/ticaret.edu.tr\/isletme-bolumu\/lisans-genel-bilgi\/\" \/>\n<meta property=\"og:locale\" content=\"tr_TR\" \/>\n<meta property=\"og:type\" content=\"article\" \/>\n<meta property=\"og:title\" content=\"Lisans Genel Bilgi\" \/>\n<meta property=\"og:description\" content=\"\u0130\u015fletme (T\u00fcrk\u00e7e) B\u00f6l\u00fcm\u00fcnde \u00f6\u011frenciler 4 y\u0131l boyunca i\u015fletme fonksiyonlar\u0131na ili\u015fkin e\u011fitim almaktad\u0131rlar. Bir \u00f6\u011frencinin mezun olabilmesi i\u00e7in d\u00f6nem sonunda 240 AKTS\u2019ye sahip olmas\u0131 gerekmektedir. E\u011fitim T\u00fcrk\u00e7e dilindedir. \u0130\u015fletme (T\u00fcrk\u00e7e) b\u00f6l\u00fcm\u00fcnde \u00f6\u011frencilerimiz se\u00e7meli ve zorunlu dersler almakta, yabanc\u0131 dil dersleri g\u00f6rmekte ve g\u00f6n\u00fcll\u00fc staj dersine kay\u0131t olarak mesleki tecr\u00fcbe edinmektedirler. Birinci s\u0131n\u0131f m\u00fcfredat\u0131nda; matematik, genel muhasebe, [&hellip;]\" \/>\n<meta property=\"og:url\" content=\"http:\/\/ticaret.edu.tr\/isletme-bolumu\/lisans-genel-bilgi\/\" \/>\n<meta property=\"og:site_name\" content=\"\u0130\u015fletme\" \/>\n<meta property=\"article:publisher\" content=\"https:\/\/www.facebook.com\/ticaretedutr\" \/>\n<meta property=\"article:modified_time\" content=\"2026-01-07T05:19:18+00:00\" \/>\n<meta property=\"og:image\" content=\"http:\/\/ticaret.edu.tr\/isletme-bolumu\/wp-content\/uploads\/sites\/8\/2021\/11\/web_logo-01.jpg\" \/>\n\t<meta property=\"og:image:width\" content=\"1250\" \/>\n\t<meta property=\"og:image:height\" content=\"833\" \/>\n\t<meta property=\"og:image:type\" content=\"image\/jpeg\" \/>\n<meta name=\"twitter:card\" content=\"summary_large_image\" \/>\n<meta name=\"twitter:site\" content=\"@ticaretedutr\" \/>\n<meta name=\"twitter:label1\" content=\"Tahmini okuma s\u00fcresi\" \/>\n\t<meta name=\"twitter:data1\" content=\"3 dakika\" \/>\n<script type=\"application\/ld+json\" class=\"yoast-schema-graph\">{\"@context\":\"https:\/\/schema.org\",\"@graph\":[{\"@type\":\"WebPage\",\"@id\":\"http:\/\/ticaret.edu.tr\/isletme-bolumu\/lisans-genel-bilgi\/\",\"url\":\"http:\/\/ticaret.edu.tr\/isletme-bolumu\/lisans-genel-bilgi\/\",\"name\":\"Lisans Genel Bilgi - \u0130\u015fletme\",\"isPartOf\":{\"@id\":\"http:\/\/ticaret.edu.tr\/isletme-bolumu\/#website\"},\"datePublished\":\"2025-01-26T15:40:50+00:00\",\"dateModified\":\"2026-01-07T05:19:18+00:00\",\"breadcrumb\":{\"@id\":\"http:\/\/ticaret.edu.tr\/isletme-bolumu\/lisans-genel-bilgi\/#breadcrumb\"},\"inLanguage\":\"tr\",\"potentialAction\":[{\"@type\":\"ReadAction\",\"target\":[\"http:\/\/ticaret.edu.tr\/isletme-bolumu\/lisans-genel-bilgi\/\"]}]},{\"@type\":\"BreadcrumbList\",\"@id\":\"http:\/\/ticaret.edu.tr\/isletme-bolumu\/lisans-genel-bilgi\/#breadcrumb\",\"itemListElement\":[{\"@type\":\"ListItem\",\"position\":1,\"name\":\"Ana sayfa\",\"item\":\"https:\/\/ticaret.edu.tr\/isletme-bolumu\/en\/\"},{\"@type\":\"ListItem\",\"position\":2,\"name\":\"Lisans Genel Bilgi\"}]},{\"@type\":\"WebSite\",\"@id\":\"http:\/\/ticaret.edu.tr\/isletme-bolumu\/#website\",\"url\":\"http:\/\/ticaret.edu.tr\/isletme-bolumu\/\",\"name\":\"\u0130\u015fletme\",\"description\":\"\",\"potentialAction\":[{\"@type\":\"SearchAction\",\"target\":{\"@type\":\"EntryPoint\",\"urlTemplate\":\"http:\/\/ticaret.edu.tr\/isletme-bolumu\/?s={search_term_string}\"},\"query-input\":\"required name=search_term_string\"}],\"inLanguage\":\"tr\"}]}<\/script>\n<!-- \/ Yoast SEO Premium plugin. -->","yoast_head_json":{"title":"Lisans Genel Bilgi - \u0130\u015fletme","robots":{"index":"index","follow":"follow","max-snippet":"max-snippet:-1","max-image-preview":"max-image-preview:large","max-video-preview":"max-video-preview:-1"},"canonical":"http:\/\/ticaret.edu.tr\/isletme-bolumu\/lisans-genel-bilgi\/","og_locale":"tr_TR","og_type":"article","og_title":"Lisans Genel Bilgi","og_description":"\u0130\u015fletme (T\u00fcrk\u00e7e) B\u00f6l\u00fcm\u00fcnde \u00f6\u011frenciler 4 y\u0131l boyunca i\u015fletme fonksiyonlar\u0131na ili\u015fkin e\u011fitim almaktad\u0131rlar. Bir \u00f6\u011frencinin mezun olabilmesi i\u00e7in d\u00f6nem sonunda 240 AKTS\u2019ye sahip olmas\u0131 gerekmektedir. E\u011fitim T\u00fcrk\u00e7e dilindedir. \u0130\u015fletme (T\u00fcrk\u00e7e) b\u00f6l\u00fcm\u00fcnde \u00f6\u011frencilerimiz se\u00e7meli ve zorunlu dersler almakta, yabanc\u0131 dil dersleri g\u00f6rmekte ve g\u00f6n\u00fcll\u00fc staj dersine kay\u0131t olarak mesleki tecr\u00fcbe edinmektedirler. Birinci s\u0131n\u0131f m\u00fcfredat\u0131nda; matematik, genel muhasebe, [&hellip;]","og_url":"http:\/\/ticaret.edu.tr\/isletme-bolumu\/lisans-genel-bilgi\/","og_site_name":"\u0130\u015fletme","article_publisher":"https:\/\/www.facebook.com\/ticaretedutr","article_modified_time":"2026-01-07T05:19:18+00:00","og_image":[{"width":1250,"height":833,"url":"http:\/\/ticaret.edu.tr\/isletme-bolumu\/wp-content\/uploads\/sites\/8\/2021\/11\/web_logo-01.jpg","type":"image\/jpeg"}],"twitter_card":"summary_large_image","twitter_site":"@ticaretedutr","twitter_misc":{"Tahmini okuma s\u00fcresi":"3 dakika"},"schema":{"@context":"https:\/\/schema.org","@graph":[{"@type":"WebPage","@id":"http:\/\/ticaret.edu.tr\/isletme-bolumu\/lisans-genel-bilgi\/","url":"http:\/\/ticaret.edu.tr\/isletme-bolumu\/lisans-genel-bilgi\/","name":"Lisans Genel Bilgi - \u0130\u015fletme","isPartOf":{"@id":"http:\/\/ticaret.edu.tr\/isletme-bolumu\/#website"},"datePublished":"2025-01-26T15:40:50+00:00","dateModified":"2026-01-07T05:19:18+00:00","breadcrumb":{"@id":"http:\/\/ticaret.edu.tr\/isletme-bolumu\/lisans-genel-bilgi\/#breadcrumb"},"inLanguage":"tr","potentialAction":[{"@type":"ReadAction","target":["http:\/\/ticaret.edu.tr\/isletme-bolumu\/lisans-genel-bilgi\/"]}]},{"@type":"BreadcrumbList","@id":"http:\/\/ticaret.edu.tr\/isletme-bolumu\/lisans-genel-bilgi\/#breadcrumb","itemListElement":[{"@type":"ListItem","position":1,"name":"Ana sayfa","item":"https:\/\/ticaret.edu.tr\/isletme-bolumu\/en\/"},{"@type":"ListItem","position":2,"name":"Lisans Genel Bilgi"}]},{"@type":"WebSite","@id":"http:\/\/ticaret.edu.tr\/isletme-bolumu\/#website","url":"http:\/\/ticaret.edu.tr\/isletme-bolumu\/","name":"\u0130\u015fletme","description":"","potentialAction":[{"@type":"SearchAction","target":{"@type":"EntryPoint","urlTemplate":"http:\/\/ticaret.edu.tr\/isletme-bolumu\/?s={search_term_string}"},"query-input":"required name=search_term_string"}],"inLanguage":"tr"}]}},"lang":"tr","translations":{"en":2003,"tr":1899},"pll_sync_post":[],"_links":{"self":[{"href":"http:\/\/ticaret.edu.tr\/isletme-bolumu\/wp-json\/wp\/v2\/pages\/1899"}],"collection":[{"href":"http:\/\/ticaret.edu.tr\/isletme-bolumu\/wp-json\/wp\/v2\/pages"}],"about":[{"href":"http:\/\/ticaret.edu.tr\/isletme-bolumu\/wp-json\/wp\/v2\/types\/page"}],"author":[{"embeddable":true,"href":"http:\/\/ticaret.edu.tr\/isletme-bolumu\/wp-json\/wp\/v2\/users\/58"}],"replies":[{"embeddable":true,"href":"http:\/\/ticaret.edu.tr\/isletme-bolumu\/wp-json\/wp\/v2\/comments?post=1899"}],"version-history":[{"count":6,"href":"http:\/\/ticaret.edu.tr\/isletme-bolumu\/wp-json\/wp\/v2\/pages\/1899\/revisions"}],"predecessor-version":[{"id":2720,"href":"http:\/\/ticaret.edu.tr\/isletme-bolumu\/wp-json\/wp\/v2\/pages\/1899\/revisions\/2720"}],"wp:attachment":[{"href":"http:\/\/ticaret.edu.tr\/isletme-bolumu\/wp-json\/wp\/v2\/media?parent=1899"}],"curies":[{"name":"wp","href":"https:\/\/api.w.org\/{rel}","templated":true}]}}