{"id":1901,"date":"2025-01-26T19:03:07","date_gmt":"2025-01-26T16:03:07","guid":{"rendered":"https:\/\/ticaret.edu.tr\/isletme-bolumu\/?page_id=1901"},"modified":"2025-10-21T01:23:50","modified_gmt":"2025-10-20T22:23:50","slug":"basvuru-kosullari","status":"publish","type":"page","link":"http:\/\/ticaret.edu.tr\/isletme-bolumu\/basvuru-kosullari\/","title":{"rendered":"Ba\u015fvuru Ko\u015fullar\u0131"},"content":{"rendered":"<h3>Y\u00fcksek Lisans Programlar\u0131 Ba\u015fvuru Ko\u015fullar\u0131<\/h3>\n<ul>\n<li>Y\u00fcksek Lisans Program\u0131 i\u00e7in adaylar ilgili ALES* Puan t\u00fcr\u00fcnden en az 55, \u0130ngilizce Y\u00fcksek Lisans Programlar\u0131 i\u00e7in \u00d6SYM taraf\u0131ndan yap\u0131lan YDS\/Y\u00d6KD\u0130L s\u0131nav\u0131ndan en az 65 puan veya \u00dcniversiteler aras\u0131 Kurulca e\u015fde\u011ferlili\u011fi kabul edilen uluslararas\u0131 yabanc\u0131 dil s\u0131navlar\u0131n\u0131n birinden bu puana e\u015fde\u011fer bir puan alm\u0131\u015f olmak gerekmektedir. Dil belgesine sahip olmayan adaylara \u00fcniversitede yabanc\u0131 dil s\u0131nav\u0131 yap\u0131lmaktad\u0131r.<\/li>\n<li>Program baz\u0131nda farkl\u0131 ko\u015fullar istenebilmektedir. Detaylar i\u00e7in l\u00fctfen ilgili enstit\u00fc ile ileti\u015fime ge\u00e7iniz.<\/li>\n<li>\u0130\u015fletme \u0130ngilizce, \u0130ktisat \u0130ngilizce ve \u0130ngilizce Afrika \u00c7al\u0131\u015fmalar\u0131 programlar\u0131na (Uluslararas\u0131 \u0130li\u015fkiler Y\u00fcksek Lisans Program\u0131 i\u00e7in \u00d6SYM taraf\u0131ndan yap\u0131lan Yabanc\u0131 Dil S\u0131nav\u0131ndan en az 55) \u00f6\u011frenci kabul\u00fcnde \u00d6SYM taraf\u0131ndan yap\u0131lan Yabanc\u0131 Dil S\u0131nav\u0131ndan en az 65 puan ya da \u00d6SYM Y\u00f6netim Kurulu taraf\u0131ndan e\u015fde\u011ferli\u011fi kabul edilen uluslararas\u0131 \u0130ngilizce yabanc\u0131 dil s\u0131nav\u0131ndan e\u015fde\u011fer puan alma \u015fart\u0131 aranmas\u0131na; bu \u015fart\u0131 sa\u011flayamayan adaylar\u0131n \u00dcniversitemiz \u201cYabanc\u0131 Dil Yeterlik (Proficiency) S\u0131nav\u0131\u2019ndan ba\u015far\u0131l\u0131 olma \u015fart\u0131 aranmaktad\u0131r.<\/li>\n<\/ul>\n<h4>E\u011fitim \u2013 \u00d6\u011fretim<\/h4>\n<ul>\n<li>Dersler hafta i\u00e7i 18.30 \u2013 21.30 saatleri aras\u0131 ve gerekti\u011finde hafta sonu yap\u0131lmaktad\u0131r.<\/li>\n<li>\u00dcniversitemizin lisans\u00fcst\u00fc e\u011fitimleri, S\u00fctl\u00fcce ve K\u00fc\u00e7\u00fckyal\u0131 yerle\u015fkelerinde e\u015f zamanl\u0131 olarak s\u00fcrd\u00fcr\u00fclmekte olup, akademik ihtiya\u00e7lar do\u011frultusunda her iki kamp\u00fcste de yeni programlar hayata ge\u00e7irilebilmektedir.<\/li>\n<li>Tezli Y\u00fcksek Lisans Programlar\u0131 8 ders, seminer dersi ve tez \u00e7al\u0131\u015fmas\u0131ndan olu\u015fmaktad\u0131r.<\/li>\n<li>Tezsiz Y\u00fcksek Lisans Programlar\u0131 10 ders ve d\u00f6nem projesinden olu\u015fmaktad\u0131r.<\/li>\n<li>Derslere devam zorunlulu\u011fu %70\u2019tir.<\/li>\n<li>\u00d6\u011frencinin y\u00fcksek lisans tez savunmas\u0131na girebilmesi i\u00e7in ulusal veya uluslararas\u0131 hakemli dergilerde makalesinin yay\u0131nlanmas\u0131 gerekmektedir.<\/li>\n<\/ul>\n<h4>Bilimsel Haz\u0131rl\u0131k Dersleri<\/h4>\n<ul>\n<li>Lisans derecesini ba\u015fvurduklar\u0131 y\u00fcksek lisans program\u0131ndan farkl\u0131 alanlarda alm\u0131\u015f olan adaylara eksikliklerini gidermek amac\u0131yla bilimsel haz\u0131rl\u0131k dersleri verilmektedir.<\/li>\n<li>Bilimsel haz\u0131rl\u0131k dersleri kredisiz derslerdir ve ek \u00fccrete tabidir.<\/li>\n<\/ul>\n<p>&nbsp;<\/p>\n<blockquote class=\"wp-embedded-content\" data-secret=\"MLgCTm0DB1\"><p><a href=\"https:\/\/ticaret.edu.tr\/lisansustu-egitim-enstitusu\/isletme\/\">\u0130\u015fletme<\/a><\/p><\/blockquote>\n<p><iframe class=\"wp-embedded-content\" sandbox=\"allow-scripts\" security=\"restricted\" style=\"position: absolute; clip: rect(1px, 1px, 1px, 1px);\" title=\"&#8220;\u0130\u015fletme&#8221; &#8212; Lisans\u00fcst\u00fc E\u011fitim Enstit\u00fcs\u00fc\" src=\"https:\/\/ticaret.edu.tr\/lisansustu-egitim-enstitusu\/isletme\/embed\/#?secret=wU8ogUPRIr#?secret=MLgCTm0DB1\" data-secret=\"MLgCTm0DB1\" width=\"500\" height=\"282\" frameborder=\"0\" marginwidth=\"0\" marginheight=\"0\" scrolling=\"no\"><\/iframe><\/p>\n","protected":false},"excerpt":{"rendered":"<p>Y\u00fcksek Lisans Programlar\u0131 Ba\u015fvuru Ko\u015fullar\u0131 Y\u00fcksek Lisans Program\u0131 i\u00e7in adaylar ilgili ALES* Puan t\u00fcr\u00fcnden en az 55, \u0130ngilizce Y\u00fcksek Lisans Programlar\u0131 i\u00e7in \u00d6SYM taraf\u0131ndan yap\u0131lan YDS\/Y\u00d6KD\u0130L s\u0131nav\u0131ndan en az 65 puan veya \u00dcniversiteler aras\u0131 Kurulca e\u015fde\u011ferlili\u011fi kabul edilen uluslararas\u0131 yabanc\u0131 dil s\u0131navlar\u0131n\u0131n birinden bu puana e\u015fde\u011fer bir puan alm\u0131\u015f olmak gerekmektedir. Dil belgesine sahip olmayan [&hellip;]<\/p>\n","protected":false},"author":58,"featured_media":0,"parent":0,"menu_order":0,"comment_status":"closed","ping_status":"closed","template":"genel_sayfa.php","meta":{"footnotes":""},"yoast_head":"<!-- This site is optimized with the Yoast SEO Premium plugin v22.1 (Yoast SEO v22.1) - https:\/\/yoast.com\/wordpress\/plugins\/seo\/ -->\n<title>Ba\u015fvuru Ko\u015fullar\u0131 - \u0130\u015fletme<\/title>\n<meta name=\"robots\" content=\"index, follow, max-snippet:-1, max-image-preview:large, max-video-preview:-1\" \/>\n<link rel=\"canonical\" href=\"http:\/\/ticaret.edu.tr\/isletme-bolumu\/basvuru-kosullari\/\" \/>\n<meta property=\"og:locale\" content=\"tr_TR\" \/>\n<meta property=\"og:type\" content=\"article\" \/>\n<meta property=\"og:title\" content=\"Ba\u015fvuru Ko\u015fullar\u0131\" \/>\n<meta property=\"og:description\" content=\"Y\u00fcksek Lisans Programlar\u0131 Ba\u015fvuru Ko\u015fullar\u0131 Y\u00fcksek Lisans Program\u0131 i\u00e7in adaylar ilgili ALES* Puan t\u00fcr\u00fcnden en az 55, \u0130ngilizce Y\u00fcksek Lisans Programlar\u0131 i\u00e7in \u00d6SYM taraf\u0131ndan yap\u0131lan YDS\/Y\u00d6KD\u0130L s\u0131nav\u0131ndan en az 65 puan veya \u00dcniversiteler aras\u0131 Kurulca e\u015fde\u011ferlili\u011fi kabul edilen uluslararas\u0131 yabanc\u0131 dil s\u0131navlar\u0131n\u0131n birinden bu puana e\u015fde\u011fer bir puan alm\u0131\u015f olmak gerekmektedir. Dil belgesine sahip olmayan [&hellip;]\" \/>\n<meta property=\"og:url\" content=\"http:\/\/ticaret.edu.tr\/isletme-bolumu\/basvuru-kosullari\/\" \/>\n<meta property=\"og:site_name\" content=\"\u0130\u015fletme\" \/>\n<meta property=\"article:publisher\" content=\"https:\/\/www.facebook.com\/ticaretedutr\" \/>\n<meta property=\"article:modified_time\" content=\"2025-10-20T22:23:50+00:00\" \/>\n<meta property=\"og:image\" content=\"http:\/\/ticaret.edu.tr\/isletme-bolumu\/wp-content\/uploads\/sites\/8\/2021\/11\/web_logo-01.jpg\" \/>\n\t<meta property=\"og:image:width\" content=\"1250\" \/>\n\t<meta property=\"og:image:height\" content=\"833\" \/>\n\t<meta property=\"og:image:type\" content=\"image\/jpeg\" \/>\n<meta name=\"twitter:card\" content=\"summary_large_image\" \/>\n<meta name=\"twitter:site\" content=\"@ticaretedutr\" \/>\n<meta name=\"twitter:label1\" content=\"Tahmini okuma s\u00fcresi\" \/>\n\t<meta name=\"twitter:data1\" content=\"2 dakika\" \/>\n<script type=\"application\/ld+json\" class=\"yoast-schema-graph\">{\"@context\":\"https:\/\/schema.org\",\"@graph\":[{\"@type\":\"WebPage\",\"@id\":\"http:\/\/ticaret.edu.tr\/isletme-bolumu\/basvuru-kosullari\/\",\"url\":\"http:\/\/ticaret.edu.tr\/isletme-bolumu\/basvuru-kosullari\/\",\"name\":\"Ba\u015fvuru Ko\u015fullar\u0131 - \u0130\u015fletme\",\"isPartOf\":{\"@id\":\"http:\/\/ticaret.edu.tr\/isletme-bolumu\/#website\"},\"datePublished\":\"2025-01-26T16:03:07+00:00\",\"dateModified\":\"2025-10-20T22:23:50+00:00\",\"breadcrumb\":{\"@id\":\"http:\/\/ticaret.edu.tr\/isletme-bolumu\/basvuru-kosullari\/#breadcrumb\"},\"inLanguage\":\"tr\",\"potentialAction\":[{\"@type\":\"ReadAction\",\"target\":[\"http:\/\/ticaret.edu.tr\/isletme-bolumu\/basvuru-kosullari\/\"]}]},{\"@type\":\"BreadcrumbList\",\"@id\":\"http:\/\/ticaret.edu.tr\/isletme-bolumu\/basvuru-kosullari\/#breadcrumb\",\"itemListElement\":[{\"@type\":\"ListItem\",\"position\":1,\"name\":\"Ana sayfa\",\"item\":\"https:\/\/ticaret.edu.tr\/isletme-bolumu\/en\/\"},{\"@type\":\"ListItem\",\"position\":2,\"name\":\"Ba\u015fvuru Ko\u015fullar\u0131\"}]},{\"@type\":\"WebSite\",\"@id\":\"http:\/\/ticaret.edu.tr\/isletme-bolumu\/#website\",\"url\":\"http:\/\/ticaret.edu.tr\/isletme-bolumu\/\",\"name\":\"\u0130\u015fletme\",\"description\":\"\",\"potentialAction\":[{\"@type\":\"SearchAction\",\"target\":{\"@type\":\"EntryPoint\",\"urlTemplate\":\"http:\/\/ticaret.edu.tr\/isletme-bolumu\/?s={search_term_string}\"},\"query-input\":\"required name=search_term_string\"}],\"inLanguage\":\"tr\"}]}<\/script>\n<!-- \/ Yoast SEO Premium plugin. -->","yoast_head_json":{"title":"Ba\u015fvuru Ko\u015fullar\u0131 - \u0130\u015fletme","robots":{"index":"index","follow":"follow","max-snippet":"max-snippet:-1","max-image-preview":"max-image-preview:large","max-video-preview":"max-video-preview:-1"},"canonical":"http:\/\/ticaret.edu.tr\/isletme-bolumu\/basvuru-kosullari\/","og_locale":"tr_TR","og_type":"article","og_title":"Ba\u015fvuru Ko\u015fullar\u0131","og_description":"Y\u00fcksek Lisans Programlar\u0131 Ba\u015fvuru Ko\u015fullar\u0131 Y\u00fcksek Lisans Program\u0131 i\u00e7in adaylar ilgili ALES* Puan t\u00fcr\u00fcnden en az 55, \u0130ngilizce Y\u00fcksek Lisans Programlar\u0131 i\u00e7in \u00d6SYM taraf\u0131ndan yap\u0131lan YDS\/Y\u00d6KD\u0130L s\u0131nav\u0131ndan en az 65 puan veya \u00dcniversiteler aras\u0131 Kurulca e\u015fde\u011ferlili\u011fi kabul edilen uluslararas\u0131 yabanc\u0131 dil s\u0131navlar\u0131n\u0131n birinden bu puana e\u015fde\u011fer bir puan alm\u0131\u015f olmak gerekmektedir. Dil belgesine sahip olmayan [&hellip;]","og_url":"http:\/\/ticaret.edu.tr\/isletme-bolumu\/basvuru-kosullari\/","og_site_name":"\u0130\u015fletme","article_publisher":"https:\/\/www.facebook.com\/ticaretedutr","article_modified_time":"2025-10-20T22:23:50+00:00","og_image":[{"width":1250,"height":833,"url":"http:\/\/ticaret.edu.tr\/isletme-bolumu\/wp-content\/uploads\/sites\/8\/2021\/11\/web_logo-01.jpg","type":"image\/jpeg"}],"twitter_card":"summary_large_image","twitter_site":"@ticaretedutr","twitter_misc":{"Tahmini okuma s\u00fcresi":"2 dakika"},"schema":{"@context":"https:\/\/schema.org","@graph":[{"@type":"WebPage","@id":"http:\/\/ticaret.edu.tr\/isletme-bolumu\/basvuru-kosullari\/","url":"http:\/\/ticaret.edu.tr\/isletme-bolumu\/basvuru-kosullari\/","name":"Ba\u015fvuru Ko\u015fullar\u0131 - \u0130\u015fletme","isPartOf":{"@id":"http:\/\/ticaret.edu.tr\/isletme-bolumu\/#website"},"datePublished":"2025-01-26T16:03:07+00:00","dateModified":"2025-10-20T22:23:50+00:00","breadcrumb":{"@id":"http:\/\/ticaret.edu.tr\/isletme-bolumu\/basvuru-kosullari\/#breadcrumb"},"inLanguage":"tr","potentialAction":[{"@type":"ReadAction","target":["http:\/\/ticaret.edu.tr\/isletme-bolumu\/basvuru-kosullari\/"]}]},{"@type":"BreadcrumbList","@id":"http:\/\/ticaret.edu.tr\/isletme-bolumu\/basvuru-kosullari\/#breadcrumb","itemListElement":[{"@type":"ListItem","position":1,"name":"Ana sayfa","item":"https:\/\/ticaret.edu.tr\/isletme-bolumu\/en\/"},{"@type":"ListItem","position":2,"name":"Ba\u015fvuru Ko\u015fullar\u0131"}]},{"@type":"WebSite","@id":"http:\/\/ticaret.edu.tr\/isletme-bolumu\/#website","url":"http:\/\/ticaret.edu.tr\/isletme-bolumu\/","name":"\u0130\u015fletme","description":"","potentialAction":[{"@type":"SearchAction","target":{"@type":"EntryPoint","urlTemplate":"http:\/\/ticaret.edu.tr\/isletme-bolumu\/?s={search_term_string}"},"query-input":"required name=search_term_string"}],"inLanguage":"tr"}]}},"lang":"tr","translations":{"en":1975,"tr":1901},"pll_sync_post":[],"_links":{"self":[{"href":"http:\/\/ticaret.edu.tr\/isletme-bolumu\/wp-json\/wp\/v2\/pages\/1901"}],"collection":[{"href":"http:\/\/ticaret.edu.tr\/isletme-bolumu\/wp-json\/wp\/v2\/pages"}],"about":[{"href":"http:\/\/ticaret.edu.tr\/isletme-bolumu\/wp-json\/wp\/v2\/types\/page"}],"author":[{"embeddable":true,"href":"http:\/\/ticaret.edu.tr\/isletme-bolumu\/wp-json\/wp\/v2\/users\/58"}],"replies":[{"embeddable":true,"href":"http:\/\/ticaret.edu.tr\/isletme-bolumu\/wp-json\/wp\/v2\/comments?post=1901"}],"version-history":[{"count":3,"href":"http:\/\/ticaret.edu.tr\/isletme-bolumu\/wp-json\/wp\/v2\/pages\/1901\/revisions"}],"predecessor-version":[{"id":2571,"href":"http:\/\/ticaret.edu.tr\/isletme-bolumu\/wp-json\/wp\/v2\/pages\/1901\/revisions\/2571"}],"wp:attachment":[{"href":"http:\/\/ticaret.edu.tr\/isletme-bolumu\/wp-json\/wp\/v2\/media?parent=1901"}],"curies":[{"name":"wp","href":"https:\/\/api.w.org\/{rel}","templated":true}]}}