{"id":1913,"date":"2025-01-26T19:15:04","date_gmt":"2025-01-26T16:15:04","guid":{"rendered":"https:\/\/ticaret.edu.tr\/isletme-bolumu\/?page_id=1913"},"modified":"2025-10-21T01:29:23","modified_gmt":"2025-10-20T22:29:23","slug":"ogretim-planlari","status":"publish","type":"page","link":"http:\/\/ticaret.edu.tr\/isletme-bolumu\/ogretim-planlari\/","title":{"rendered":"\u00d6\u011fretim Planlar\u0131"},"content":{"rendered":"<p><a href=\"http:\/\/ticaret.edu.tr\/isletme-bolumu\/wp-content\/uploads\/sites\/8\/2025\/10\/2024-2025-Akademik-Yili-Isletme-Turkce-Yuksek-Lisans-Mufredatlari.pdf\">2024-2025-Akademik-Yili-Isletme-Turkce-Yuksek-Lisans-Mufredatlari<\/a><\/p>\n<p>&nbsp;<\/p>\n<p><a href=\"http:\/\/ticaret.edu.tr\/isletme-bolumu\/wp-content\/uploads\/sites\/8\/2025\/10\/2024-2025-Akademik-Yili-Isletme-Turkce-Doktora-Mufredati.pdf\">2024-2025-Akademik-Yili-Isletme-Turkce-Doktora-Mufredati<\/a><\/p>\n<p>&nbsp;<\/p>\n<p>Ayr\u0131nt\u0131l\u0131 bilgi i\u00e7in Enstit\u00fc sayfas\u0131n\u0131 ziyaret ediniz!<\/p>\n<blockquote class=\"wp-embedded-content\" data-secret=\"i0298bbOOp\"><p><a href=\"https:\/\/ticaret.edu.tr\/lisansustu-egitim-enstitusu\/isletme\/\">\u0130\u015fletme<\/a><\/p><\/blockquote>\n<p><iframe class=\"wp-embedded-content\" sandbox=\"allow-scripts\" security=\"restricted\" style=\"position: absolute; clip: rect(1px, 1px, 1px, 1px);\" title=\"&#8220;\u0130\u015fletme&#8221; &#8212; Lisans\u00fcst\u00fc E\u011fitim Enstit\u00fcs\u00fc\" src=\"https:\/\/ticaret.edu.tr\/lisansustu-egitim-enstitusu\/isletme\/embed\/#?secret=NcCg15vS4A#?secret=i0298bbOOp\" data-secret=\"i0298bbOOp\" width=\"500\" height=\"282\" frameborder=\"0\" marginwidth=\"0\" marginheight=\"0\" scrolling=\"no\"><\/iframe><\/p>\n","protected":false},"excerpt":{"rendered":"<p>2024-2025-Akademik-Yili-Isletme-Turkce-Yuksek-Lisans-Mufredatlari &nbsp; 2024-2025-Akademik-Yili-Isletme-Turkce-Doktora-Mufredati &nbsp; Ayr\u0131nt\u0131l\u0131 bilgi i\u00e7in Enstit\u00fc sayfas\u0131n\u0131 ziyaret ediniz! \u0130\u015fletme<\/p>\n","protected":false},"author":58,"featured_media":0,"parent":0,"menu_order":0,"comment_status":"closed","ping_status":"closed","template":"genel_sayfa.php","meta":{"footnotes":""},"yoast_head":"<!-- This site is optimized with the Yoast SEO Premium plugin v22.1 (Yoast SEO v22.1) - https:\/\/yoast.com\/wordpress\/plugins\/seo\/ -->\n<title>\u00d6\u011fretim Planlar\u0131 - \u0130\u015fletme<\/title>\n<meta name=\"robots\" content=\"index, follow, max-snippet:-1, max-image-preview:large, max-video-preview:-1\" \/>\n<link rel=\"canonical\" href=\"http:\/\/ticaret.edu.tr\/isletme-bolumu\/ogretim-planlari\/\" \/>\n<meta property=\"og:locale\" content=\"tr_TR\" \/>\n<meta property=\"og:type\" content=\"article\" \/>\n<meta property=\"og:title\" content=\"\u00d6\u011fretim Planlar\u0131\" \/>\n<meta property=\"og:description\" content=\"2024-2025-Akademik-Yili-Isletme-Turkce-Yuksek-Lisans-Mufredatlari &nbsp; 2024-2025-Akademik-Yili-Isletme-Turkce-Doktora-Mufredati &nbsp; Ayr\u0131nt\u0131l\u0131 bilgi i\u00e7in Enstit\u00fc sayfas\u0131n\u0131 ziyaret ediniz! \u0130\u015fletme\" \/>\n<meta property=\"og:url\" content=\"http:\/\/ticaret.edu.tr\/isletme-bolumu\/ogretim-planlari\/\" \/>\n<meta property=\"og:site_name\" content=\"\u0130\u015fletme\" \/>\n<meta property=\"article:publisher\" content=\"https:\/\/www.facebook.com\/ticaretedutr\" \/>\n<meta property=\"article:modified_time\" content=\"2025-10-20T22:29:23+00:00\" \/>\n<meta property=\"og:image\" content=\"http:\/\/ticaret.edu.tr\/isletme-bolumu\/wp-content\/uploads\/sites\/8\/2021\/11\/web_logo-01.jpg\" \/>\n\t<meta property=\"og:image:width\" content=\"1250\" \/>\n\t<meta property=\"og:image:height\" content=\"833\" \/>\n\t<meta property=\"og:image:type\" content=\"image\/jpeg\" \/>\n<meta name=\"twitter:card\" content=\"summary_large_image\" \/>\n<meta name=\"twitter:site\" content=\"@ticaretedutr\" \/>\n<meta name=\"twitter:label1\" content=\"Tahmini okuma s\u00fcresi\" \/>\n\t<meta name=\"twitter:data1\" content=\"1 dakika\" \/>\n<script type=\"application\/ld+json\" class=\"yoast-schema-graph\">{\"@context\":\"https:\/\/schema.org\",\"@graph\":[{\"@type\":\"WebPage\",\"@id\":\"http:\/\/ticaret.edu.tr\/isletme-bolumu\/ogretim-planlari\/\",\"url\":\"http:\/\/ticaret.edu.tr\/isletme-bolumu\/ogretim-planlari\/\",\"name\":\"\u00d6\u011fretim Planlar\u0131 - \u0130\u015fletme\",\"isPartOf\":{\"@id\":\"http:\/\/ticaret.edu.tr\/isletme-bolumu\/#website\"},\"datePublished\":\"2025-01-26T16:15:04+00:00\",\"dateModified\":\"2025-10-20T22:29:23+00:00\",\"breadcrumb\":{\"@id\":\"http:\/\/ticaret.edu.tr\/isletme-bolumu\/ogretim-planlari\/#breadcrumb\"},\"inLanguage\":\"tr\",\"potentialAction\":[{\"@type\":\"ReadAction\",\"target\":[\"http:\/\/ticaret.edu.tr\/isletme-bolumu\/ogretim-planlari\/\"]}]},{\"@type\":\"BreadcrumbList\",\"@id\":\"http:\/\/ticaret.edu.tr\/isletme-bolumu\/ogretim-planlari\/#breadcrumb\",\"itemListElement\":[{\"@type\":\"ListItem\",\"position\":1,\"name\":\"Ana sayfa\",\"item\":\"https:\/\/ticaret.edu.tr\/isletme-bolumu\/en\/\"},{\"@type\":\"ListItem\",\"position\":2,\"name\":\"\u00d6\u011fretim Planlar\u0131\"}]},{\"@type\":\"WebSite\",\"@id\":\"http:\/\/ticaret.edu.tr\/isletme-bolumu\/#website\",\"url\":\"http:\/\/ticaret.edu.tr\/isletme-bolumu\/\",\"name\":\"\u0130\u015fletme\",\"description\":\"\",\"potentialAction\":[{\"@type\":\"SearchAction\",\"target\":{\"@type\":\"EntryPoint\",\"urlTemplate\":\"http:\/\/ticaret.edu.tr\/isletme-bolumu\/?s={search_term_string}\"},\"query-input\":\"required name=search_term_string\"}],\"inLanguage\":\"tr\"}]}<\/script>\n<!-- \/ Yoast SEO Premium plugin. -->","yoast_head_json":{"title":"\u00d6\u011fretim Planlar\u0131 - \u0130\u015fletme","robots":{"index":"index","follow":"follow","max-snippet":"max-snippet:-1","max-image-preview":"max-image-preview:large","max-video-preview":"max-video-preview:-1"},"canonical":"http:\/\/ticaret.edu.tr\/isletme-bolumu\/ogretim-planlari\/","og_locale":"tr_TR","og_type":"article","og_title":"\u00d6\u011fretim Planlar\u0131","og_description":"2024-2025-Akademik-Yili-Isletme-Turkce-Yuksek-Lisans-Mufredatlari &nbsp; 2024-2025-Akademik-Yili-Isletme-Turkce-Doktora-Mufredati &nbsp; Ayr\u0131nt\u0131l\u0131 bilgi i\u00e7in Enstit\u00fc sayfas\u0131n\u0131 ziyaret ediniz! \u0130\u015fletme","og_url":"http:\/\/ticaret.edu.tr\/isletme-bolumu\/ogretim-planlari\/","og_site_name":"\u0130\u015fletme","article_publisher":"https:\/\/www.facebook.com\/ticaretedutr","article_modified_time":"2025-10-20T22:29:23+00:00","og_image":[{"width":1250,"height":833,"url":"http:\/\/ticaret.edu.tr\/isletme-bolumu\/wp-content\/uploads\/sites\/8\/2021\/11\/web_logo-01.jpg","type":"image\/jpeg"}],"twitter_card":"summary_large_image","twitter_site":"@ticaretedutr","twitter_misc":{"Tahmini okuma s\u00fcresi":"1 dakika"},"schema":{"@context":"https:\/\/schema.org","@graph":[{"@type":"WebPage","@id":"http:\/\/ticaret.edu.tr\/isletme-bolumu\/ogretim-planlari\/","url":"http:\/\/ticaret.edu.tr\/isletme-bolumu\/ogretim-planlari\/","name":"\u00d6\u011fretim Planlar\u0131 - \u0130\u015fletme","isPartOf":{"@id":"http:\/\/ticaret.edu.tr\/isletme-bolumu\/#website"},"datePublished":"2025-01-26T16:15:04+00:00","dateModified":"2025-10-20T22:29:23+00:00","breadcrumb":{"@id":"http:\/\/ticaret.edu.tr\/isletme-bolumu\/ogretim-planlari\/#breadcrumb"},"inLanguage":"tr","potentialAction":[{"@type":"ReadAction","target":["http:\/\/ticaret.edu.tr\/isletme-bolumu\/ogretim-planlari\/"]}]},{"@type":"BreadcrumbList","@id":"http:\/\/ticaret.edu.tr\/isletme-bolumu\/ogretim-planlari\/#breadcrumb","itemListElement":[{"@type":"ListItem","position":1,"name":"Ana sayfa","item":"https:\/\/ticaret.edu.tr\/isletme-bolumu\/en\/"},{"@type":"ListItem","position":2,"name":"\u00d6\u011fretim Planlar\u0131"}]},{"@type":"WebSite","@id":"http:\/\/ticaret.edu.tr\/isletme-bolumu\/#website","url":"http:\/\/ticaret.edu.tr\/isletme-bolumu\/","name":"\u0130\u015fletme","description":"","potentialAction":[{"@type":"SearchAction","target":{"@type":"EntryPoint","urlTemplate":"http:\/\/ticaret.edu.tr\/isletme-bolumu\/?s={search_term_string}"},"query-input":"required name=search_term_string"}],"inLanguage":"tr"}]}},"lang":"tr","translations":{"en":2035,"tr":1913},"pll_sync_post":[],"_links":{"self":[{"href":"http:\/\/ticaret.edu.tr\/isletme-bolumu\/wp-json\/wp\/v2\/pages\/1913"}],"collection":[{"href":"http:\/\/ticaret.edu.tr\/isletme-bolumu\/wp-json\/wp\/v2\/pages"}],"about":[{"href":"http:\/\/ticaret.edu.tr\/isletme-bolumu\/wp-json\/wp\/v2\/types\/page"}],"author":[{"embeddable":true,"href":"http:\/\/ticaret.edu.tr\/isletme-bolumu\/wp-json\/wp\/v2\/users\/58"}],"replies":[{"embeddable":true,"href":"http:\/\/ticaret.edu.tr\/isletme-bolumu\/wp-json\/wp\/v2\/comments?post=1913"}],"version-history":[{"count":4,"href":"http:\/\/ticaret.edu.tr\/isletme-bolumu\/wp-json\/wp\/v2\/pages\/1913\/revisions"}],"predecessor-version":[{"id":2578,"href":"http:\/\/ticaret.edu.tr\/isletme-bolumu\/wp-json\/wp\/v2\/pages\/1913\/revisions\/2578"}],"wp:attachment":[{"href":"http:\/\/ticaret.edu.tr\/isletme-bolumu\/wp-json\/wp\/v2\/media?parent=1913"}],"curies":[{"name":"wp","href":"https:\/\/api.w.org\/{rel}","templated":true}]}}