{"id":1917,"date":"2025-01-26T19:15:55","date_gmt":"2025-01-26T16:15:55","guid":{"rendered":"https:\/\/ticaret.edu.tr\/isletme-bolumu\/?page_id=1917"},"modified":"2026-01-08T11:23:38","modified_gmt":"2026-01-08T08:23:38","slug":"arastirma-alanlari","status":"publish","type":"page","link":"http:\/\/ticaret.edu.tr\/isletme-bolumu\/arastirma-alanlari\/","title":{"rendered":"Ara\u015ft\u0131rma Alanlar\u0131"},"content":{"rendered":"<p>Do\u00e7. Dr. Mehmet Sa\u011flam (B\u00f6l\u00fcm Ba\u015fkan\u0131) \/ <a href=\"mailto:msaglam@ticaret.edu.tr\">msaglam@ticaret.edu.tr<\/a> \/C-109, 4335 \/ Pazarlama, T\u00fcketici Davran\u0131\u015f\u0131, Y\u00f6netim<\/p>\n<p>Prof. Dr. Ali G\u00f6rener \/ <a href=\"mailto:agorener@ticaret.edu.tr\">agorener@ticaret.edu.tr<\/a> \/ A-209, 4378 \/ \u00dcretim Y\u00f6netimi, Lojistik, Tedarik Zinciri<\/p>\n<p>Prof. Dr. Feyzullah Yetgin \/ <u><a href=\"mailto:fyetgin@ticaret.edu.tr\">fyetgin@ticaret.edu.tr<\/a><\/u> \/A-309, 4339 \/ Finansal Y\u00f6netim<\/p>\n<p>Prof. Dr. Murat Kas\u0131mo\u011flu \/ <u><a href=\"mailto:mkasimoglu@ticaret.edu.tr\">mkasimoglu@ticaret.edu.tr<\/a><\/u> \/ A-212, 4318 \/ \u00d6rg\u00fct Teorisi, Stratejik Y\u00f6netim, Giri\u015fimcilik<\/p>\n<p>Do\u00e7. Dr. Osman Bayraktar \/ <u><a href=\"mailto:obayraktar@ticaret.edu.tr\">obayraktar@ticaret.edu.tr<\/a><\/u>\u00a0 \/A-307, 4360 \/ \u0130nsan Kaynaklar\u0131 Y\u00f6netimi, \u00d6rg\u00fctsel Davran\u0131\u015f<\/p>\n<p>Do\u00e7. Dr. Recep Ali K\u00fc\u00e7\u00fck\u00e7olak \/ <u><a href=\"mailto:akucukcolak@ticaret.edu.tr\">akucukcolak@ticaret.edu.tr<\/a><\/u> \/C-510, 4379 \/ Finansal Y\u00f6netimi<\/p>\n<p>Dr. \u00d6\u011fr. \u00dcyesi Nihan Yavuz Aksakal \/ <u><a href=\"mailto:nyavuz@ticaret.edu.tr\">nyavuz@ticaret.edu.tr<\/a><\/u> \/ B-310, 4357 \/ \u0130nsan Kaynaklar\u0131 Y\u00f6netimi, \u00d6rg\u00fctsel Davran\u0131\u015f<\/p>\n<p>Ar\u015f. G\u00f6r. H\u00fcmeyra Nur Hatipo\u011flu \/ <u><a href=\"mailto:hnhatipoglu@ticaret.edu.tr\">hnhatipoglu@ticaret.edu.tr<\/a><\/u> \/ 4374 \/ B-107<\/p>\n<p>Ar\u015f. G\u00f6r. Meral A\u00e7ar \/ <a href=\"mailto:macar@ticaret.edu.tr\">macar@ticaret.edu.tr<\/a> \/ 4392 \/ A-108<\/p>\n","protected":false},"excerpt":{"rendered":"<p>Do\u00e7. Dr. Mehmet Sa\u011flam (B\u00f6l\u00fcm Ba\u015fkan\u0131) \/ msaglam@ticaret.edu.tr \/C-109, 4335 \/ Pazarlama, T\u00fcketici Davran\u0131\u015f\u0131, Y\u00f6netim Prof. Dr. Ali G\u00f6rener \/ agorener@ticaret.edu.tr \/ A-209, 4378 \/ \u00dcretim Y\u00f6netimi, Lojistik, Tedarik Zinciri Prof. Dr. Feyzullah Yetgin \/ fyetgin@ticaret.edu.tr \/A-309, 4339 \/ Finansal Y\u00f6netim Prof. Dr. Murat Kas\u0131mo\u011flu \/ mkasimoglu@ticaret.edu.tr \/ A-212, 4318 \/ \u00d6rg\u00fct Teorisi, Stratejik Y\u00f6netim, [&hellip;]<\/p>\n","protected":false},"author":58,"featured_media":0,"parent":0,"menu_order":0,"comment_status":"closed","ping_status":"closed","template":"genel_sayfa.php","meta":{"footnotes":""},"yoast_head":"<!-- This site is optimized with the Yoast SEO Premium plugin v22.1 (Yoast SEO v22.1) - https:\/\/yoast.com\/wordpress\/plugins\/seo\/ -->\n<title>Ara\u015ft\u0131rma Alanlar\u0131 - \u0130\u015fletme<\/title>\n<meta name=\"robots\" content=\"index, follow, max-snippet:-1, max-image-preview:large, max-video-preview:-1\" \/>\n<link rel=\"canonical\" href=\"http:\/\/ticaret.edu.tr\/isletme-bolumu\/arastirma-alanlari\/\" \/>\n<meta property=\"og:locale\" content=\"tr_TR\" \/>\n<meta property=\"og:type\" content=\"article\" \/>\n<meta property=\"og:title\" content=\"Ara\u015ft\u0131rma Alanlar\u0131\" \/>\n<meta property=\"og:description\" content=\"Do\u00e7. Dr. Mehmet Sa\u011flam (B\u00f6l\u00fcm Ba\u015fkan\u0131) \/ msaglam@ticaret.edu.tr \/C-109, 4335 \/ Pazarlama, T\u00fcketici Davran\u0131\u015f\u0131, Y\u00f6netim Prof. Dr. Ali G\u00f6rener \/ agorener@ticaret.edu.tr \/ A-209, 4378 \/ \u00dcretim Y\u00f6netimi, Lojistik, Tedarik Zinciri Prof. Dr. Feyzullah Yetgin \/ fyetgin@ticaret.edu.tr \/A-309, 4339 \/ Finansal Y\u00f6netim Prof. Dr. Murat Kas\u0131mo\u011flu \/ mkasimoglu@ticaret.edu.tr \/ A-212, 4318 \/ \u00d6rg\u00fct Teorisi, Stratejik Y\u00f6netim, [&hellip;]\" \/>\n<meta property=\"og:url\" content=\"http:\/\/ticaret.edu.tr\/isletme-bolumu\/arastirma-alanlari\/\" \/>\n<meta property=\"og:site_name\" content=\"\u0130\u015fletme\" \/>\n<meta property=\"article:publisher\" content=\"https:\/\/www.facebook.com\/ticaretedutr\" \/>\n<meta property=\"article:modified_time\" content=\"2026-01-08T08:23:38+00:00\" \/>\n<meta property=\"og:image\" content=\"http:\/\/ticaret.edu.tr\/isletme-bolumu\/wp-content\/uploads\/sites\/8\/2021\/11\/web_logo-01.jpg\" \/>\n\t<meta property=\"og:image:width\" content=\"1250\" \/>\n\t<meta property=\"og:image:height\" content=\"833\" \/>\n\t<meta property=\"og:image:type\" content=\"image\/jpeg\" \/>\n<meta name=\"twitter:card\" content=\"summary_large_image\" \/>\n<meta name=\"twitter:site\" content=\"@ticaretedutr\" \/>\n<meta name=\"twitter:label1\" content=\"Tahmini okuma s\u00fcresi\" \/>\n\t<meta name=\"twitter:data1\" content=\"1 dakika\" \/>\n<script type=\"application\/ld+json\" class=\"yoast-schema-graph\">{\"@context\":\"https:\/\/schema.org\",\"@graph\":[{\"@type\":\"WebPage\",\"@id\":\"http:\/\/ticaret.edu.tr\/isletme-bolumu\/arastirma-alanlari\/\",\"url\":\"http:\/\/ticaret.edu.tr\/isletme-bolumu\/arastirma-alanlari\/\",\"name\":\"Ara\u015ft\u0131rma Alanlar\u0131 - \u0130\u015fletme\",\"isPartOf\":{\"@id\":\"http:\/\/ticaret.edu.tr\/isletme-bolumu\/#website\"},\"datePublished\":\"2025-01-26T16:15:55+00:00\",\"dateModified\":\"2026-01-08T08:23:38+00:00\",\"breadcrumb\":{\"@id\":\"http:\/\/ticaret.edu.tr\/isletme-bolumu\/arastirma-alanlari\/#breadcrumb\"},\"inLanguage\":\"tr\",\"potentialAction\":[{\"@type\":\"ReadAction\",\"target\":[\"http:\/\/ticaret.edu.tr\/isletme-bolumu\/arastirma-alanlari\/\"]}]},{\"@type\":\"BreadcrumbList\",\"@id\":\"http:\/\/ticaret.edu.tr\/isletme-bolumu\/arastirma-alanlari\/#breadcrumb\",\"itemListElement\":[{\"@type\":\"ListItem\",\"position\":1,\"name\":\"Ana sayfa\",\"item\":\"https:\/\/ticaret.edu.tr\/isletme-bolumu\/en\/\"},{\"@type\":\"ListItem\",\"position\":2,\"name\":\"Ara\u015ft\u0131rma Alanlar\u0131\"}]},{\"@type\":\"WebSite\",\"@id\":\"http:\/\/ticaret.edu.tr\/isletme-bolumu\/#website\",\"url\":\"http:\/\/ticaret.edu.tr\/isletme-bolumu\/\",\"name\":\"\u0130\u015fletme\",\"description\":\"\",\"potentialAction\":[{\"@type\":\"SearchAction\",\"target\":{\"@type\":\"EntryPoint\",\"urlTemplate\":\"http:\/\/ticaret.edu.tr\/isletme-bolumu\/?s={search_term_string}\"},\"query-input\":\"required name=search_term_string\"}],\"inLanguage\":\"tr\"}]}<\/script>\n<!-- \/ Yoast SEO Premium plugin. -->","yoast_head_json":{"title":"Ara\u015ft\u0131rma Alanlar\u0131 - \u0130\u015fletme","robots":{"index":"index","follow":"follow","max-snippet":"max-snippet:-1","max-image-preview":"max-image-preview:large","max-video-preview":"max-video-preview:-1"},"canonical":"http:\/\/ticaret.edu.tr\/isletme-bolumu\/arastirma-alanlari\/","og_locale":"tr_TR","og_type":"article","og_title":"Ara\u015ft\u0131rma Alanlar\u0131","og_description":"Do\u00e7. Dr. Mehmet Sa\u011flam (B\u00f6l\u00fcm Ba\u015fkan\u0131) \/ msaglam@ticaret.edu.tr \/C-109, 4335 \/ Pazarlama, T\u00fcketici Davran\u0131\u015f\u0131, Y\u00f6netim Prof. Dr. Ali G\u00f6rener \/ agorener@ticaret.edu.tr \/ A-209, 4378 \/ \u00dcretim Y\u00f6netimi, Lojistik, Tedarik Zinciri Prof. Dr. Feyzullah Yetgin \/ fyetgin@ticaret.edu.tr \/A-309, 4339 \/ Finansal Y\u00f6netim Prof. Dr. Murat Kas\u0131mo\u011flu \/ mkasimoglu@ticaret.edu.tr \/ A-212, 4318 \/ \u00d6rg\u00fct Teorisi, Stratejik Y\u00f6netim, [&hellip;]","og_url":"http:\/\/ticaret.edu.tr\/isletme-bolumu\/arastirma-alanlari\/","og_site_name":"\u0130\u015fletme","article_publisher":"https:\/\/www.facebook.com\/ticaretedutr","article_modified_time":"2026-01-08T08:23:38+00:00","og_image":[{"width":1250,"height":833,"url":"http:\/\/ticaret.edu.tr\/isletme-bolumu\/wp-content\/uploads\/sites\/8\/2021\/11\/web_logo-01.jpg","type":"image\/jpeg"}],"twitter_card":"summary_large_image","twitter_site":"@ticaretedutr","twitter_misc":{"Tahmini okuma s\u00fcresi":"1 dakika"},"schema":{"@context":"https:\/\/schema.org","@graph":[{"@type":"WebPage","@id":"http:\/\/ticaret.edu.tr\/isletme-bolumu\/arastirma-alanlari\/","url":"http:\/\/ticaret.edu.tr\/isletme-bolumu\/arastirma-alanlari\/","name":"Ara\u015ft\u0131rma Alanlar\u0131 - \u0130\u015fletme","isPartOf":{"@id":"http:\/\/ticaret.edu.tr\/isletme-bolumu\/#website"},"datePublished":"2025-01-26T16:15:55+00:00","dateModified":"2026-01-08T08:23:38+00:00","breadcrumb":{"@id":"http:\/\/ticaret.edu.tr\/isletme-bolumu\/arastirma-alanlari\/#breadcrumb"},"inLanguage":"tr","potentialAction":[{"@type":"ReadAction","target":["http:\/\/ticaret.edu.tr\/isletme-bolumu\/arastirma-alanlari\/"]}]},{"@type":"BreadcrumbList","@id":"http:\/\/ticaret.edu.tr\/isletme-bolumu\/arastirma-alanlari\/#breadcrumb","itemListElement":[{"@type":"ListItem","position":1,"name":"Ana sayfa","item":"https:\/\/ticaret.edu.tr\/isletme-bolumu\/en\/"},{"@type":"ListItem","position":2,"name":"Ara\u015ft\u0131rma Alanlar\u0131"}]},{"@type":"WebSite","@id":"http:\/\/ticaret.edu.tr\/isletme-bolumu\/#website","url":"http:\/\/ticaret.edu.tr\/isletme-bolumu\/","name":"\u0130\u015fletme","description":"","potentialAction":[{"@type":"SearchAction","target":{"@type":"EntryPoint","urlTemplate":"http:\/\/ticaret.edu.tr\/isletme-bolumu\/?s={search_term_string}"},"query-input":"required name=search_term_string"}],"inLanguage":"tr"}]}},"lang":"tr","translations":{"en":1973,"tr":1917},"pll_sync_post":[],"_links":{"self":[{"href":"http:\/\/ticaret.edu.tr\/isletme-bolumu\/wp-json\/wp\/v2\/pages\/1917"}],"collection":[{"href":"http:\/\/ticaret.edu.tr\/isletme-bolumu\/wp-json\/wp\/v2\/pages"}],"about":[{"href":"http:\/\/ticaret.edu.tr\/isletme-bolumu\/wp-json\/wp\/v2\/types\/page"}],"author":[{"embeddable":true,"href":"http:\/\/ticaret.edu.tr\/isletme-bolumu\/wp-json\/wp\/v2\/users\/58"}],"replies":[{"embeddable":true,"href":"http:\/\/ticaret.edu.tr\/isletme-bolumu\/wp-json\/wp\/v2\/comments?post=1917"}],"version-history":[{"count":5,"href":"http:\/\/ticaret.edu.tr\/isletme-bolumu\/wp-json\/wp\/v2\/pages\/1917\/revisions"}],"predecessor-version":[{"id":2732,"href":"http:\/\/ticaret.edu.tr\/isletme-bolumu\/wp-json\/wp\/v2\/pages\/1917\/revisions\/2732"}],"wp:attachment":[{"href":"http:\/\/ticaret.edu.tr\/isletme-bolumu\/wp-json\/wp\/v2\/media?parent=1917"}],"curies":[{"name":"wp","href":"https:\/\/api.w.org\/{rel}","templated":true}]}}