{"id":1919,"date":"2025-01-26T19:21:13","date_gmt":"2025-01-26T16:21:13","guid":{"rendered":"https:\/\/ticaret.edu.tr\/isletme-bolumu\/?page_id=1919"},"modified":"2025-02-11T15:35:12","modified_gmt":"2025-02-11T12:35:12","slug":"yayinlar","status":"publish","type":"page","link":"http:\/\/ticaret.edu.tr\/isletme-bolumu\/yayinlar\/","title":{"rendered":"Yay\u0131nlar"},"content":{"rendered":"<p>G\u00f6rener, A., (2017).\u00a0 Depolama Sistemlerinde Sipari\u015f Toplama \u0130\u015flemlerinin Optimizasyonu . : \u0130ktisadi Ara\u015ft\u0131rmalar Vakf\u0131 Yay\u0131nlar\u0131.<\/p>\n<p>Kas\u0131mo\u011flu, M., (2012).\u00a0 Kamu kurumlar\u0131nda inovasyonun geli\u015fmesinde etkili olan fakt\u00f6rlerin analizi ve inovatif \u00f6rg\u00fctsel modellerin geli\u015ftirilmesi . \u0130stanbul: K\u00fclt\u00fcr Sanat Bas\u0131mevi.<\/p>\n<p>K\u00fc\u00e7\u00fck\u00e7olak, R. A., (2020).\u00a0 Kredi Derecelendirme Sekt\u00f6r\u00fc . Sabri \u00d6z Duygu Celayir Fatma Serab Onursal (Ed.). \u0130stanbul: Hiper Yay\u0131n.<\/p>\n<p>Sa\u011flam, M., (2023). S\u00fcrd\u00fcr\u00fclebilir \u0130klim De\u011fi\u015fikli\u011fi Y\u00f6netimi ve Yeni T\u00fcketici Davran\u0131\u015f\u0131 Dinamikleri.\u00a0\u00a0 Teorik ve Uygulamal\u0131 S\u00fcrd\u00fcr\u00fclebilirlik \u00c7al\u0131\u015fmalar\u0131 Pazarlama ve \u00dcretim Y\u00f6netimi (pp.158-170), \u0130stanbul: Nobel Yay\u0131nc\u0131l\u0131k.<\/p>\n<p>Torlak, \u00d6. (2000).\u00a0<i>T\u00fcketim: Bireysel eylemin toplumsal d\u00f6n\u00fc\u015f\u00fcm\u00fc<\/i>. \u0130nk\u0131l\u00e2b Bas\u0131m Yay\u0131m.<\/p>\n<p>Yavuz Aksakal, N., (2020). \u0130\u015fg\u00fcc\u00fc Piyasas\u0131nda Esneklik ve \u0130stihdam Politikalar\u0131.\u00a0\u00a0 Sanayi Politikalar\u0131 (pp.261-278), \u0130stanbul: Hiperyay\u0131n.<\/p>\n<p>Yetgin, F., (2019).\u00a0 Kentsel Yenilenmenin Y\u00f6netimi: Makro ve Mikro Perspektif . \u0130stanbul: TURKUAZ.<\/p>\n","protected":false},"excerpt":{"rendered":"<p>G\u00f6rener, A., (2017).\u00a0 Depolama Sistemlerinde Sipari\u015f Toplama \u0130\u015flemlerinin Optimizasyonu . : \u0130ktisadi Ara\u015ft\u0131rmalar Vakf\u0131 Yay\u0131nlar\u0131. Kas\u0131mo\u011flu, M., (2012).\u00a0 Kamu kurumlar\u0131nda inovasyonun geli\u015fmesinde etkili olan fakt\u00f6rlerin analizi ve inovatif \u00f6rg\u00fctsel modellerin geli\u015ftirilmesi . \u0130stanbul: K\u00fclt\u00fcr Sanat Bas\u0131mevi. K\u00fc\u00e7\u00fck\u00e7olak, R. A., (2020).\u00a0 Kredi Derecelendirme Sekt\u00f6r\u00fc . Sabri \u00d6z Duygu Celayir Fatma Serab Onursal (Ed.). \u0130stanbul: Hiper Yay\u0131n. [&hellip;]<\/p>\n","protected":false},"author":58,"featured_media":0,"parent":0,"menu_order":0,"comment_status":"closed","ping_status":"closed","template":"genel_sayfa.php","meta":{"footnotes":""},"yoast_head":"<!-- This site is optimized with the Yoast SEO Premium plugin v22.1 (Yoast SEO v22.1) - https:\/\/yoast.com\/wordpress\/plugins\/seo\/ -->\n<title>Yay\u0131nlar - \u0130\u015fletme<\/title>\n<meta name=\"robots\" content=\"index, follow, max-snippet:-1, max-image-preview:large, max-video-preview:-1\" \/>\n<link rel=\"canonical\" href=\"http:\/\/ticaret.edu.tr\/isletme-bolumu\/yayinlar\/\" \/>\n<meta property=\"og:locale\" content=\"tr_TR\" \/>\n<meta property=\"og:type\" content=\"article\" \/>\n<meta property=\"og:title\" content=\"Yay\u0131nlar\" \/>\n<meta property=\"og:description\" content=\"G\u00f6rener, A., (2017).\u00a0 Depolama Sistemlerinde Sipari\u015f Toplama \u0130\u015flemlerinin Optimizasyonu . : \u0130ktisadi Ara\u015ft\u0131rmalar Vakf\u0131 Yay\u0131nlar\u0131. Kas\u0131mo\u011flu, M., (2012).\u00a0 Kamu kurumlar\u0131nda inovasyonun geli\u015fmesinde etkili olan fakt\u00f6rlerin analizi ve inovatif \u00f6rg\u00fctsel modellerin geli\u015ftirilmesi . \u0130stanbul: K\u00fclt\u00fcr Sanat Bas\u0131mevi. K\u00fc\u00e7\u00fck\u00e7olak, R. A., (2020).\u00a0 Kredi Derecelendirme Sekt\u00f6r\u00fc . Sabri \u00d6z Duygu Celayir Fatma Serab Onursal (Ed.). \u0130stanbul: Hiper Yay\u0131n. [&hellip;]\" \/>\n<meta property=\"og:url\" content=\"http:\/\/ticaret.edu.tr\/isletme-bolumu\/yayinlar\/\" \/>\n<meta property=\"og:site_name\" content=\"\u0130\u015fletme\" \/>\n<meta property=\"article:publisher\" content=\"https:\/\/www.facebook.com\/ticaretedutr\" \/>\n<meta property=\"article:modified_time\" content=\"2025-02-11T12:35:12+00:00\" \/>\n<meta property=\"og:image\" content=\"http:\/\/ticaret.edu.tr\/isletme-bolumu\/wp-content\/uploads\/sites\/8\/2021\/11\/web_logo-01.jpg\" \/>\n\t<meta property=\"og:image:width\" content=\"1250\" \/>\n\t<meta property=\"og:image:height\" content=\"833\" \/>\n\t<meta property=\"og:image:type\" content=\"image\/jpeg\" \/>\n<meta name=\"twitter:card\" content=\"summary_large_image\" \/>\n<meta name=\"twitter:site\" content=\"@ticaretedutr\" \/>\n<meta name=\"twitter:label1\" content=\"Tahmini okuma s\u00fcresi\" \/>\n\t<meta name=\"twitter:data1\" content=\"1 dakika\" \/>\n<script type=\"application\/ld+json\" class=\"yoast-schema-graph\">{\"@context\":\"https:\/\/schema.org\",\"@graph\":[{\"@type\":\"WebPage\",\"@id\":\"http:\/\/ticaret.edu.tr\/isletme-bolumu\/yayinlar\/\",\"url\":\"http:\/\/ticaret.edu.tr\/isletme-bolumu\/yayinlar\/\",\"name\":\"Yay\u0131nlar - \u0130\u015fletme\",\"isPartOf\":{\"@id\":\"http:\/\/ticaret.edu.tr\/isletme-bolumu\/#website\"},\"datePublished\":\"2025-01-26T16:21:13+00:00\",\"dateModified\":\"2025-02-11T12:35:12+00:00\",\"breadcrumb\":{\"@id\":\"http:\/\/ticaret.edu.tr\/isletme-bolumu\/yayinlar\/#breadcrumb\"},\"inLanguage\":\"tr\",\"potentialAction\":[{\"@type\":\"ReadAction\",\"target\":[\"http:\/\/ticaret.edu.tr\/isletme-bolumu\/yayinlar\/\"]}]},{\"@type\":\"BreadcrumbList\",\"@id\":\"http:\/\/ticaret.edu.tr\/isletme-bolumu\/yayinlar\/#breadcrumb\",\"itemListElement\":[{\"@type\":\"ListItem\",\"position\":1,\"name\":\"Ana sayfa\",\"item\":\"https:\/\/ticaret.edu.tr\/isletme-bolumu\/en\/\"},{\"@type\":\"ListItem\",\"position\":2,\"name\":\"Yay\u0131nlar\"}]},{\"@type\":\"WebSite\",\"@id\":\"http:\/\/ticaret.edu.tr\/isletme-bolumu\/#website\",\"url\":\"http:\/\/ticaret.edu.tr\/isletme-bolumu\/\",\"name\":\"\u0130\u015fletme\",\"description\":\"\",\"potentialAction\":[{\"@type\":\"SearchAction\",\"target\":{\"@type\":\"EntryPoint\",\"urlTemplate\":\"http:\/\/ticaret.edu.tr\/isletme-bolumu\/?s={search_term_string}\"},\"query-input\":\"required name=search_term_string\"}],\"inLanguage\":\"tr\"}]}<\/script>\n<!-- \/ Yoast SEO Premium plugin. -->","yoast_head_json":{"title":"Yay\u0131nlar - \u0130\u015fletme","robots":{"index":"index","follow":"follow","max-snippet":"max-snippet:-1","max-image-preview":"max-image-preview:large","max-video-preview":"max-video-preview:-1"},"canonical":"http:\/\/ticaret.edu.tr\/isletme-bolumu\/yayinlar\/","og_locale":"tr_TR","og_type":"article","og_title":"Yay\u0131nlar","og_description":"G\u00f6rener, A., (2017).\u00a0 Depolama Sistemlerinde Sipari\u015f Toplama \u0130\u015flemlerinin Optimizasyonu . : \u0130ktisadi Ara\u015ft\u0131rmalar Vakf\u0131 Yay\u0131nlar\u0131. Kas\u0131mo\u011flu, M., (2012).\u00a0 Kamu kurumlar\u0131nda inovasyonun geli\u015fmesinde etkili olan fakt\u00f6rlerin analizi ve inovatif \u00f6rg\u00fctsel modellerin geli\u015ftirilmesi . \u0130stanbul: K\u00fclt\u00fcr Sanat Bas\u0131mevi. K\u00fc\u00e7\u00fck\u00e7olak, R. A., (2020).\u00a0 Kredi Derecelendirme Sekt\u00f6r\u00fc . Sabri \u00d6z Duygu Celayir Fatma Serab Onursal (Ed.). \u0130stanbul: Hiper Yay\u0131n. [&hellip;]","og_url":"http:\/\/ticaret.edu.tr\/isletme-bolumu\/yayinlar\/","og_site_name":"\u0130\u015fletme","article_publisher":"https:\/\/www.facebook.com\/ticaretedutr","article_modified_time":"2025-02-11T12:35:12+00:00","og_image":[{"width":1250,"height":833,"url":"http:\/\/ticaret.edu.tr\/isletme-bolumu\/wp-content\/uploads\/sites\/8\/2021\/11\/web_logo-01.jpg","type":"image\/jpeg"}],"twitter_card":"summary_large_image","twitter_site":"@ticaretedutr","twitter_misc":{"Tahmini okuma s\u00fcresi":"1 dakika"},"schema":{"@context":"https:\/\/schema.org","@graph":[{"@type":"WebPage","@id":"http:\/\/ticaret.edu.tr\/isletme-bolumu\/yayinlar\/","url":"http:\/\/ticaret.edu.tr\/isletme-bolumu\/yayinlar\/","name":"Yay\u0131nlar - \u0130\u015fletme","isPartOf":{"@id":"http:\/\/ticaret.edu.tr\/isletme-bolumu\/#website"},"datePublished":"2025-01-26T16:21:13+00:00","dateModified":"2025-02-11T12:35:12+00:00","breadcrumb":{"@id":"http:\/\/ticaret.edu.tr\/isletme-bolumu\/yayinlar\/#breadcrumb"},"inLanguage":"tr","potentialAction":[{"@type":"ReadAction","target":["http:\/\/ticaret.edu.tr\/isletme-bolumu\/yayinlar\/"]}]},{"@type":"BreadcrumbList","@id":"http:\/\/ticaret.edu.tr\/isletme-bolumu\/yayinlar\/#breadcrumb","itemListElement":[{"@type":"ListItem","position":1,"name":"Ana sayfa","item":"https:\/\/ticaret.edu.tr\/isletme-bolumu\/en\/"},{"@type":"ListItem","position":2,"name":"Yay\u0131nlar"}]},{"@type":"WebSite","@id":"http:\/\/ticaret.edu.tr\/isletme-bolumu\/#website","url":"http:\/\/ticaret.edu.tr\/isletme-bolumu\/","name":"\u0130\u015fletme","description":"","potentialAction":[{"@type":"SearchAction","target":{"@type":"EntryPoint","urlTemplate":"http:\/\/ticaret.edu.tr\/isletme-bolumu\/?s={search_term_string}"},"query-input":"required name=search_term_string"}],"inLanguage":"tr"}]}},"lang":"tr","translations":{"en":1965,"tr":1919},"pll_sync_post":[],"_links":{"self":[{"href":"http:\/\/ticaret.edu.tr\/isletme-bolumu\/wp-json\/wp\/v2\/pages\/1919"}],"collection":[{"href":"http:\/\/ticaret.edu.tr\/isletme-bolumu\/wp-json\/wp\/v2\/pages"}],"about":[{"href":"http:\/\/ticaret.edu.tr\/isletme-bolumu\/wp-json\/wp\/v2\/types\/page"}],"author":[{"embeddable":true,"href":"http:\/\/ticaret.edu.tr\/isletme-bolumu\/wp-json\/wp\/v2\/users\/58"}],"replies":[{"embeddable":true,"href":"http:\/\/ticaret.edu.tr\/isletme-bolumu\/wp-json\/wp\/v2\/comments?post=1919"}],"version-history":[{"count":2,"href":"http:\/\/ticaret.edu.tr\/isletme-bolumu\/wp-json\/wp\/v2\/pages\/1919\/revisions"}],"predecessor-version":[{"id":2287,"href":"http:\/\/ticaret.edu.tr\/isletme-bolumu\/wp-json\/wp\/v2\/pages\/1919\/revisions\/2287"}],"wp:attachment":[{"href":"http:\/\/ticaret.edu.tr\/isletme-bolumu\/wp-json\/wp\/v2\/media?parent=1919"}],"curies":[{"name":"wp","href":"https:\/\/api.w.org\/{rel}","templated":true}]}}