{"id":1921,"date":"2025-01-26T19:21:35","date_gmt":"2025-01-26T16:21:35","guid":{"rendered":"https:\/\/ticaret.edu.tr\/isletme-bolumu\/?page_id=1921"},"modified":"2025-02-11T15:33:53","modified_gmt":"2025-02-11T12:33:53","slug":"bilimsel-etkinlikler","status":"publish","type":"page","link":"http:\/\/ticaret.edu.tr\/isletme-bolumu\/bilimsel-etkinlikler\/","title":{"rendered":"Bilimsel Etkinlikler"},"content":{"rendered":"<p><span data-olk-copy-source=\"MessageBody\">\u0130\u015fletme B\u00f6l\u00fcm Ba\u015fkan\u0131 Do\u00e7. Dr. Mehmet Sa\u011flam, \u0130\u015fletme B\u00f6l\u00fcm\u00fc \u00f6\u011fretim \u00fcyelerine bibliyometrik analizlerde s\u0131kl\u0131kla kullan\u0131lan\u00a0VOSviewer e\u011fitimi verdi. Yakla\u015f\u0131k 1.5 saat s\u00fcren e\u011fitimde VOSviewer\u2019\u0131n hangi ama\u00e7la ve hangi alanlarda kullan\u0131ld\u0131\u011f\u0131 hakk\u0131nda bilgiler verildi.\u00a0<\/span><\/p>\n<p>Mehmet Sa\u011flam, \u00f6\u011fretim \u00fcyelerinin verdi\u011fi \u00f6rnek konu ba\u015fl\u0131klar\u0131n\u0131 kullanarak uygulamal\u0131 olarak program\u0131n i\u015fleyi\u015fini aktard\u0131. Sa\u011flam ayr\u0131ca \u00f6\u011fretim \u00fcyelerinin hem nicel hem de nitel y\u00f6ntemlerle yapt\u0131klar\u0131 ara\u015ft\u0131rmalarda, analiz a\u015famas\u0131nda VOSviewer program\u0131ndan nas\u0131l farkl\u0131 \u015fekilde yararlanabileceklerini a\u00e7\u0131klad\u0131, her iki y\u00f6ntem i\u00e7in de kullan\u0131lmas\u0131 gereken farkl\u0131 mod\u00fclleri g\u00f6sterdi. E\u011fitim, \u00f6\u011fretim \u00fcyelerinin sorular\u0131 ile sona erdi.<\/p>\n<p>&nbsp;<\/p>\n<p>&nbsp;<\/p>\n","protected":false},"excerpt":{"rendered":"<p>\u0130\u015fletme B\u00f6l\u00fcm Ba\u015fkan\u0131 Do\u00e7. Dr. Mehmet Sa\u011flam, \u0130\u015fletme B\u00f6l\u00fcm\u00fc \u00f6\u011fretim \u00fcyelerine bibliyometrik analizlerde s\u0131kl\u0131kla kullan\u0131lan\u00a0VOSviewer e\u011fitimi verdi. Yakla\u015f\u0131k 1.5 saat s\u00fcren e\u011fitimde VOSviewer\u2019\u0131n hangi ama\u00e7la ve hangi alanlarda kullan\u0131ld\u0131\u011f\u0131 hakk\u0131nda bilgiler verildi.\u00a0 Mehmet Sa\u011flam, \u00f6\u011fretim \u00fcyelerinin verdi\u011fi \u00f6rnek konu ba\u015fl\u0131klar\u0131n\u0131 kullanarak uygulamal\u0131 olarak program\u0131n i\u015fleyi\u015fini aktard\u0131. Sa\u011flam ayr\u0131ca \u00f6\u011fretim \u00fcyelerinin hem nicel hem de nitel [&hellip;]<\/p>\n","protected":false},"author":58,"featured_media":0,"parent":0,"menu_order":0,"comment_status":"closed","ping_status":"closed","template":"genel_sayfa.php","meta":{"footnotes":""},"yoast_head":"<!-- This site is optimized with the Yoast SEO Premium plugin v22.1 (Yoast SEO v22.1) - https:\/\/yoast.com\/wordpress\/plugins\/seo\/ -->\n<title>Bilimsel Etkinlikler - \u0130\u015fletme<\/title>\n<meta name=\"robots\" content=\"index, follow, max-snippet:-1, max-image-preview:large, max-video-preview:-1\" \/>\n<link rel=\"canonical\" href=\"http:\/\/ticaret.edu.tr\/isletme-bolumu\/bilimsel-etkinlikler\/\" \/>\n<meta property=\"og:locale\" content=\"tr_TR\" \/>\n<meta property=\"og:type\" content=\"article\" \/>\n<meta property=\"og:title\" content=\"Bilimsel Etkinlikler\" \/>\n<meta property=\"og:description\" content=\"\u0130\u015fletme B\u00f6l\u00fcm Ba\u015fkan\u0131 Do\u00e7. Dr. Mehmet Sa\u011flam, \u0130\u015fletme B\u00f6l\u00fcm\u00fc \u00f6\u011fretim \u00fcyelerine bibliyometrik analizlerde s\u0131kl\u0131kla kullan\u0131lan\u00a0VOSviewer e\u011fitimi verdi. Yakla\u015f\u0131k 1.5 saat s\u00fcren e\u011fitimde VOSviewer\u2019\u0131n hangi ama\u00e7la ve hangi alanlarda kullan\u0131ld\u0131\u011f\u0131 hakk\u0131nda bilgiler verildi.\u00a0 Mehmet Sa\u011flam, \u00f6\u011fretim \u00fcyelerinin verdi\u011fi \u00f6rnek konu ba\u015fl\u0131klar\u0131n\u0131 kullanarak uygulamal\u0131 olarak program\u0131n i\u015fleyi\u015fini aktard\u0131. Sa\u011flam ayr\u0131ca \u00f6\u011fretim \u00fcyelerinin hem nicel hem de nitel [&hellip;]\" \/>\n<meta property=\"og:url\" content=\"http:\/\/ticaret.edu.tr\/isletme-bolumu\/bilimsel-etkinlikler\/\" \/>\n<meta property=\"og:site_name\" content=\"\u0130\u015fletme\" \/>\n<meta property=\"article:publisher\" content=\"https:\/\/www.facebook.com\/ticaretedutr\" \/>\n<meta property=\"article:modified_time\" content=\"2025-02-11T12:33:53+00:00\" \/>\n<meta property=\"og:image\" content=\"http:\/\/ticaret.edu.tr\/isletme-bolumu\/wp-content\/uploads\/sites\/8\/2021\/11\/web_logo-01.jpg\" \/>\n\t<meta property=\"og:image:width\" content=\"1250\" \/>\n\t<meta property=\"og:image:height\" content=\"833\" \/>\n\t<meta property=\"og:image:type\" content=\"image\/jpeg\" \/>\n<meta name=\"twitter:card\" content=\"summary_large_image\" \/>\n<meta name=\"twitter:site\" content=\"@ticaretedutr\" \/>\n<meta name=\"twitter:label1\" content=\"Tahmini okuma s\u00fcresi\" \/>\n\t<meta name=\"twitter:data1\" content=\"1 dakika\" \/>\n<script type=\"application\/ld+json\" class=\"yoast-schema-graph\">{\"@context\":\"https:\/\/schema.org\",\"@graph\":[{\"@type\":\"WebPage\",\"@id\":\"http:\/\/ticaret.edu.tr\/isletme-bolumu\/bilimsel-etkinlikler\/\",\"url\":\"http:\/\/ticaret.edu.tr\/isletme-bolumu\/bilimsel-etkinlikler\/\",\"name\":\"Bilimsel Etkinlikler - \u0130\u015fletme\",\"isPartOf\":{\"@id\":\"http:\/\/ticaret.edu.tr\/isletme-bolumu\/#website\"},\"datePublished\":\"2025-01-26T16:21:35+00:00\",\"dateModified\":\"2025-02-11T12:33:53+00:00\",\"breadcrumb\":{\"@id\":\"http:\/\/ticaret.edu.tr\/isletme-bolumu\/bilimsel-etkinlikler\/#breadcrumb\"},\"inLanguage\":\"tr\",\"potentialAction\":[{\"@type\":\"ReadAction\",\"target\":[\"http:\/\/ticaret.edu.tr\/isletme-bolumu\/bilimsel-etkinlikler\/\"]}]},{\"@type\":\"BreadcrumbList\",\"@id\":\"http:\/\/ticaret.edu.tr\/isletme-bolumu\/bilimsel-etkinlikler\/#breadcrumb\",\"itemListElement\":[{\"@type\":\"ListItem\",\"position\":1,\"name\":\"Ana sayfa\",\"item\":\"https:\/\/ticaret.edu.tr\/isletme-bolumu\/en\/\"},{\"@type\":\"ListItem\",\"position\":2,\"name\":\"Bilimsel Etkinlikler\"}]},{\"@type\":\"WebSite\",\"@id\":\"http:\/\/ticaret.edu.tr\/isletme-bolumu\/#website\",\"url\":\"http:\/\/ticaret.edu.tr\/isletme-bolumu\/\",\"name\":\"\u0130\u015fletme\",\"description\":\"\",\"potentialAction\":[{\"@type\":\"SearchAction\",\"target\":{\"@type\":\"EntryPoint\",\"urlTemplate\":\"http:\/\/ticaret.edu.tr\/isletme-bolumu\/?s={search_term_string}\"},\"query-input\":\"required name=search_term_string\"}],\"inLanguage\":\"tr\"}]}<\/script>\n<!-- \/ Yoast SEO Premium plugin. -->","yoast_head_json":{"title":"Bilimsel Etkinlikler - \u0130\u015fletme","robots":{"index":"index","follow":"follow","max-snippet":"max-snippet:-1","max-image-preview":"max-image-preview:large","max-video-preview":"max-video-preview:-1"},"canonical":"http:\/\/ticaret.edu.tr\/isletme-bolumu\/bilimsel-etkinlikler\/","og_locale":"tr_TR","og_type":"article","og_title":"Bilimsel Etkinlikler","og_description":"\u0130\u015fletme B\u00f6l\u00fcm Ba\u015fkan\u0131 Do\u00e7. Dr. Mehmet Sa\u011flam, \u0130\u015fletme B\u00f6l\u00fcm\u00fc \u00f6\u011fretim \u00fcyelerine bibliyometrik analizlerde s\u0131kl\u0131kla kullan\u0131lan\u00a0VOSviewer e\u011fitimi verdi. Yakla\u015f\u0131k 1.5 saat s\u00fcren e\u011fitimde VOSviewer\u2019\u0131n hangi ama\u00e7la ve hangi alanlarda kullan\u0131ld\u0131\u011f\u0131 hakk\u0131nda bilgiler verildi.\u00a0 Mehmet Sa\u011flam, \u00f6\u011fretim \u00fcyelerinin verdi\u011fi \u00f6rnek konu ba\u015fl\u0131klar\u0131n\u0131 kullanarak uygulamal\u0131 olarak program\u0131n i\u015fleyi\u015fini aktard\u0131. Sa\u011flam ayr\u0131ca \u00f6\u011fretim \u00fcyelerinin hem nicel hem de nitel [&hellip;]","og_url":"http:\/\/ticaret.edu.tr\/isletme-bolumu\/bilimsel-etkinlikler\/","og_site_name":"\u0130\u015fletme","article_publisher":"https:\/\/www.facebook.com\/ticaretedutr","article_modified_time":"2025-02-11T12:33:53+00:00","og_image":[{"width":1250,"height":833,"url":"http:\/\/ticaret.edu.tr\/isletme-bolumu\/wp-content\/uploads\/sites\/8\/2021\/11\/web_logo-01.jpg","type":"image\/jpeg"}],"twitter_card":"summary_large_image","twitter_site":"@ticaretedutr","twitter_misc":{"Tahmini okuma s\u00fcresi":"1 dakika"},"schema":{"@context":"https:\/\/schema.org","@graph":[{"@type":"WebPage","@id":"http:\/\/ticaret.edu.tr\/isletme-bolumu\/bilimsel-etkinlikler\/","url":"http:\/\/ticaret.edu.tr\/isletme-bolumu\/bilimsel-etkinlikler\/","name":"Bilimsel Etkinlikler - \u0130\u015fletme","isPartOf":{"@id":"http:\/\/ticaret.edu.tr\/isletme-bolumu\/#website"},"datePublished":"2025-01-26T16:21:35+00:00","dateModified":"2025-02-11T12:33:53+00:00","breadcrumb":{"@id":"http:\/\/ticaret.edu.tr\/isletme-bolumu\/bilimsel-etkinlikler\/#breadcrumb"},"inLanguage":"tr","potentialAction":[{"@type":"ReadAction","target":["http:\/\/ticaret.edu.tr\/isletme-bolumu\/bilimsel-etkinlikler\/"]}]},{"@type":"BreadcrumbList","@id":"http:\/\/ticaret.edu.tr\/isletme-bolumu\/bilimsel-etkinlikler\/#breadcrumb","itemListElement":[{"@type":"ListItem","position":1,"name":"Ana sayfa","item":"https:\/\/ticaret.edu.tr\/isletme-bolumu\/en\/"},{"@type":"ListItem","position":2,"name":"Bilimsel Etkinlikler"}]},{"@type":"WebSite","@id":"http:\/\/ticaret.edu.tr\/isletme-bolumu\/#website","url":"http:\/\/ticaret.edu.tr\/isletme-bolumu\/","name":"\u0130\u015fletme","description":"","potentialAction":[{"@type":"SearchAction","target":{"@type":"EntryPoint","urlTemplate":"http:\/\/ticaret.edu.tr\/isletme-bolumu\/?s={search_term_string}"},"query-input":"required name=search_term_string"}],"inLanguage":"tr"}]}},"lang":"tr","translations":{"en":1977,"tr":1921},"pll_sync_post":[],"_links":{"self":[{"href":"http:\/\/ticaret.edu.tr\/isletme-bolumu\/wp-json\/wp\/v2\/pages\/1921"}],"collection":[{"href":"http:\/\/ticaret.edu.tr\/isletme-bolumu\/wp-json\/wp\/v2\/pages"}],"about":[{"href":"http:\/\/ticaret.edu.tr\/isletme-bolumu\/wp-json\/wp\/v2\/types\/page"}],"author":[{"embeddable":true,"href":"http:\/\/ticaret.edu.tr\/isletme-bolumu\/wp-json\/wp\/v2\/users\/58"}],"replies":[{"embeddable":true,"href":"http:\/\/ticaret.edu.tr\/isletme-bolumu\/wp-json\/wp\/v2\/comments?post=1921"}],"version-history":[{"count":3,"href":"http:\/\/ticaret.edu.tr\/isletme-bolumu\/wp-json\/wp\/v2\/pages\/1921\/revisions"}],"predecessor-version":[{"id":2289,"href":"http:\/\/ticaret.edu.tr\/isletme-bolumu\/wp-json\/wp\/v2\/pages\/1921\/revisions\/2289"}],"wp:attachment":[{"href":"http:\/\/ticaret.edu.tr\/isletme-bolumu\/wp-json\/wp\/v2\/media?parent=1921"}],"curies":[{"name":"wp","href":"https:\/\/api.w.org\/{rel}","templated":true}]}}