{"id":1929,"date":"2025-01-26T19:24:41","date_gmt":"2025-01-26T16:24:41","guid":{"rendered":"https:\/\/ticaret.edu.tr\/isletme-bolumu\/?page_id=1929"},"modified":"2026-03-12T15:47:09","modified_gmt":"2026-03-12T12:47:09","slug":"bolum-danisma-kurulu","status":"publish","type":"page","link":"http:\/\/ticaret.edu.tr\/isletme-bolumu\/bolum-danisma-kurulu\/","title":{"rendered":"B\u00f6l\u00fcm Dan\u0131\u015fma Kurulu"},"content":{"rendered":"<p>&nbsp;<\/p>\n<table style=\"font-weight: 400\" data-tablestyle=\"MsoTableGrid\" data-tablelook=\"1184\">\n<tbody>\n<tr>\n<td data-celllook=\"0\"><span data-contrast=\"none\">UNVAN\/AD SOYAD<\/span><span data-ccp-props=\"{&quot;335551550&quot;:2,&quot;335551620&quot;:2,&quot;335559685&quot;:0,&quot;335559731&quot;:0,&quot;335559737&quot;:2,&quot;335559738&quot;:136,&quot;335559991&quot;:566,&quot;469777462&quot;:[2548,2549],&quot;469777927&quot;:[0,0],&quot;469777928&quot;:[1,1]}\">\u00a0<\/span><\/td>\n<td data-celllook=\"0\"><span data-contrast=\"none\">\u00c7ALI\u015eTI\u011eI KURUM<\/span><span data-ccp-props=\"{&quot;335551550&quot;:2,&quot;335551620&quot;:2,&quot;335559685&quot;:0,&quot;335559731&quot;:0,&quot;335559737&quot;:2,&quot;335559738&quot;:136,&quot;335559991&quot;:566,&quot;469777462&quot;:[2548,2549],&quot;469777927&quot;:[0,0],&quot;469777928&quot;:[1,1]}\">\u00a0<\/span><\/td>\n<td data-celllook=\"0\"><span data-contrast=\"none\">G\u00d6REV\u0130<\/span><span data-ccp-props=\"{&quot;335551550&quot;:2,&quot;335551620&quot;:2,&quot;335559685&quot;:0,&quot;335559731&quot;:0,&quot;335559737&quot;:2,&quot;335559738&quot;:136,&quot;335559991&quot;:566,&quot;469777462&quot;:[2548,2549],&quot;469777927&quot;:[0,0],&quot;469777928&quot;:[1,1]}\">\u00a0<\/span><\/td>\n<\/tr>\n<tr>\n<td data-celllook=\"0\"><span data-contrast=\"none\">Do\u00e7. Dr. Mehmet SA\u011eLAM<\/span><span data-ccp-props=\"{&quot;335551550&quot;:2,&quot;335551620&quot;:2,&quot;335559685&quot;:0,&quot;335559731&quot;:0,&quot;335559737&quot;:2,&quot;335559738&quot;:136,&quot;335559991&quot;:566,&quot;469777462&quot;:[2548,2549],&quot;469777927&quot;:[0,0],&quot;469777928&quot;:[1,1]}\">\u00a0<\/span><\/td>\n<td data-celllook=\"0\"><span data-contrast=\"none\">\u0130stanbul Ticaret \u00dcniversitesi<\/span><span data-ccp-props=\"{&quot;335551550&quot;:2,&quot;335551620&quot;:2,&quot;335559685&quot;:0,&quot;335559731&quot;:0,&quot;335559737&quot;:2,&quot;335559738&quot;:136,&quot;335559991&quot;:566,&quot;469777462&quot;:[2548,2549],&quot;469777927&quot;:[0,0],&quot;469777928&quot;:[1,1]}\">\u00a0<\/span><\/td>\n<td data-celllook=\"0\"><span data-contrast=\"none\">B\u00f6l\u00fcm Ba\u015fkan\u0131<\/span><span data-ccp-props=\"{&quot;335551550&quot;:2,&quot;335551620&quot;:2,&quot;335559685&quot;:0,&quot;335559731&quot;:0,&quot;335559737&quot;:2,&quot;335559738&quot;:136,&quot;335559991&quot;:566,&quot;469777462&quot;:[2548,2549],&quot;469777927&quot;:[0,0],&quot;469777928&quot;:[1,1]}\">\u00a0<\/span><\/td>\n<\/tr>\n<tr>\n<td data-celllook=\"0\"><span data-contrast=\"none\">Dr. \u00d6\u011fr. \u00dcyesi Nihan YAVUZ AKSAKAL<\/span><span data-ccp-props=\"{&quot;335551550&quot;:2,&quot;335551620&quot;:2,&quot;335559685&quot;:0,&quot;335559731&quot;:0,&quot;335559737&quot;:2,&quot;335559738&quot;:136,&quot;335559991&quot;:566,&quot;469777462&quot;:[2548,2549],&quot;469777927&quot;:[0,0],&quot;469777928&quot;:[1,1]}\">\u00a0<\/span><\/td>\n<td data-celllook=\"0\"><span data-contrast=\"none\">\u0130stanbul Ticaret \u00dcniversitesi<\/span><span data-ccp-props=\"{&quot;335551550&quot;:2,&quot;335551620&quot;:2,&quot;335559685&quot;:0,&quot;335559731&quot;:0,&quot;335559737&quot;:2,&quot;335559738&quot;:136,&quot;335559991&quot;:566,&quot;469777462&quot;:[2548,2549],&quot;469777927&quot;:[0,0],&quot;469777928&quot;:[1,1]}\">\u00a0<\/span><\/td>\n<td data-celllook=\"0\"><span data-contrast=\"none\">B\u00f6l\u00fcm \u00d6\u011fretim \u00dcyesi<\/span><span data-ccp-props=\"{&quot;335551550&quot;:2,&quot;335551620&quot;:2,&quot;335559685&quot;:0,&quot;335559731&quot;:0,&quot;335559737&quot;:2,&quot;335559738&quot;:136,&quot;335559991&quot;:566,&quot;469777462&quot;:[2548,2549],&quot;469777927&quot;:[0,0],&quot;469777928&quot;:[1,1]}\">\u00a0<\/span><\/td>\n<\/tr>\n<tr>\n<td data-celllook=\"0\"><span data-contrast=\"none\">Ar\u015f. G\u00f6r. H\u00fcmeyra Nur HAT\u0130PO\u011eLU<\/span><span data-ccp-props=\"{&quot;335551550&quot;:2,&quot;335551620&quot;:2,&quot;335559685&quot;:0,&quot;335559731&quot;:0,&quot;335559737&quot;:2,&quot;335559738&quot;:136,&quot;335559991&quot;:566,&quot;469777462&quot;:[2548,2549],&quot;469777927&quot;:[0,0],&quot;469777928&quot;:[1,1]}\">\u00a0<\/span><\/td>\n<td data-celllook=\"0\"><span data-contrast=\"none\">\u0130stanbul Ticaret \u00dcniversitesi<\/span><span data-ccp-props=\"{&quot;335551550&quot;:2,&quot;335551620&quot;:2,&quot;335559685&quot;:0,&quot;335559731&quot;:0,&quot;335559737&quot;:2,&quot;335559738&quot;:136,&quot;335559991&quot;:566,&quot;469777462&quot;:[2548,2549],&quot;469777927&quot;:[0,0],&quot;469777928&quot;:[1,1]}\">\u00a0<\/span><\/td>\n<td data-celllook=\"0\"><span data-contrast=\"none\">B\u00f6l\u00fcm Kalite El\u00e7isi<\/span><span data-ccp-props=\"{&quot;335551550&quot;:2,&quot;335551620&quot;:2,&quot;335559685&quot;:0,&quot;335559731&quot;:0,&quot;335559737&quot;:2,&quot;335559738&quot;:136,&quot;335559991&quot;:566,&quot;469777462&quot;:[2548,2549],&quot;469777927&quot;:[0,0],&quot;469777928&quot;:[1,1]}\">\u00a0<\/span><\/td>\n<\/tr>\n<tr>\n<td data-celllook=\"0\"><span data-contrast=\"none\">Ahmet \u00d6ZER<\/span><span data-ccp-props=\"{&quot;335551550&quot;:2,&quot;335551620&quot;:2,&quot;335559685&quot;:0,&quot;335559731&quot;:0,&quot;335559737&quot;:2,&quot;335559738&quot;:136,&quot;335559991&quot;:566,&quot;469777462&quot;:[2548,2549],&quot;469777927&quot;:[0,0],&quot;469777928&quot;:[1,1]}\">\u00a0<\/span><\/td>\n<td data-celllook=\"0\"><span data-contrast=\"none\">\u0130stanbul Ticaret Odas\u0131<\/span><span data-ccp-props=\"{&quot;335551550&quot;:2,&quot;335551620&quot;:2,&quot;335559685&quot;:0,&quot;335559731&quot;:0,&quot;335559737&quot;:2,&quot;335559738&quot;:136,&quot;335559991&quot;:566,&quot;469777462&quot;:[2548,2549],&quot;469777927&quot;:[0,0],&quot;469777928&quot;:[1,1]}\">\u00a0<\/span><\/td>\n<td data-celllook=\"0\"><span data-contrast=\"none\">Kamu Sekt\u00f6r Temsilcisi<\/span><span data-ccp-props=\"{&quot;335551550&quot;:2,&quot;335551620&quot;:2,&quot;335559685&quot;:0,&quot;335559731&quot;:0,&quot;335559737&quot;:2,&quot;335559738&quot;:136,&quot;335559991&quot;:566,&quot;469777462&quot;:[2548,2549],&quot;469777927&quot;:[0,0],&quot;469777928&quot;:[1,1]}\">\u00a0<\/span><\/td>\n<\/tr>\n<tr>\n<td data-celllook=\"0\"><span data-contrast=\"none\">Ba\u015fak Gizem \u00c7ALI\u015eKAN<\/span><span data-ccp-props=\"{&quot;335551550&quot;:2,&quot;335551620&quot;:2,&quot;335559685&quot;:0,&quot;335559731&quot;:0,&quot;335559737&quot;:2,&quot;335559738&quot;:136,&quot;335559991&quot;:566,&quot;469777462&quot;:[2548,2549],&quot;469777927&quot;:[0,0],&quot;469777928&quot;:[1,1]}\">\u00a0<\/span><\/td>\n<td data-celllook=\"0\"><span data-contrast=\"none\">SONY T\u00fcrkiye<\/span><span data-ccp-props=\"{&quot;335551550&quot;:2,&quot;335551620&quot;:2,&quot;335559685&quot;:0,&quot;335559731&quot;:0,&quot;335559737&quot;:2,&quot;335559738&quot;:136,&quot;335559991&quot;:566,&quot;469777462&quot;:[2548,2549],&quot;469777927&quot;:[0,0],&quot;469777928&quot;:[1,1]}\">\u00a0<\/span><\/td>\n<td data-celllook=\"0\"><span data-contrast=\"none\">\u00d6zel Sekt\u00f6r Temsilcisi<\/span><span data-ccp-props=\"{&quot;335551550&quot;:2,&quot;335551620&quot;:2,&quot;335559685&quot;:0,&quot;335559731&quot;:0,&quot;335559737&quot;:2,&quot;335559738&quot;:136,&quot;335559991&quot;:566,&quot;469777462&quot;:[2548,2549],&quot;469777927&quot;:[0,0],&quot;469777928&quot;:[1,1]}\">\u00a0<\/span><\/td>\n<\/tr>\n<tr>\n<td data-celllook=\"0\"><span data-contrast=\"none\">Prof. Dr. Erkan TA\u015eKIRAN<\/span><span data-ccp-props=\"{&quot;335551550&quot;:2,&quot;335551620&quot;:2,&quot;335559685&quot;:0,&quot;335559731&quot;:0,&quot;335559737&quot;:2,&quot;335559738&quot;:136,&quot;335559991&quot;:566,&quot;469777462&quot;:[2548,2549],&quot;469777927&quot;:[0,0],&quot;469777928&quot;:[1,1]}\">\u00a0<\/span><\/td>\n<td data-celllook=\"0\"><span data-contrast=\"none\">D\u00fczce \u00dcniversitesi<\/span><span data-ccp-props=\"{&quot;335551550&quot;:2,&quot;335551620&quot;:2,&quot;335559685&quot;:0,&quot;335559731&quot;:0,&quot;335559737&quot;:2,&quot;335559738&quot;:136,&quot;335559991&quot;:566,&quot;469777462&quot;:[2548,2549],&quot;469777927&quot;:[0,0],&quot;469777928&quot;:[1,1]}\">\u00a0<\/span><\/td>\n<td data-celllook=\"0\"><span data-contrast=\"none\">Devlet \u00dcniversitesi Payda\u015f \u00dcye.<\/span><span data-ccp-props=\"{&quot;335551550&quot;:2,&quot;335551620&quot;:2,&quot;335559685&quot;:0,&quot;335559731&quot;:0,&quot;335559737&quot;:2,&quot;335559738&quot;:136,&quot;335559991&quot;:566,&quot;469777462&quot;:[2548,2549],&quot;469777927&quot;:[0,0],&quot;469777928&quot;:[1,1]}\">\u00a0<\/span><\/td>\n<\/tr>\n<tr>\n<td data-celllook=\"0\"><span data-contrast=\"none\">Kubilay KARAKA\u015e<\/span><span data-ccp-props=\"{&quot;335551550&quot;:2,&quot;335551620&quot;:2,&quot;335559685&quot;:0,&quot;335559731&quot;:0,&quot;335559737&quot;:2,&quot;335559738&quot;:136,&quot;335559991&quot;:566,&quot;469777462&quot;:[2548,2549],&quot;469777927&quot;:[0,0],&quot;469777928&quot;:[1,1]}\">\u00a0<\/span><\/td>\n<td data-celllook=\"0\"><span data-contrast=\"none\">FixUp<\/span><span data-ccp-props=\"{&quot;335551550&quot;:2,&quot;335551620&quot;:2,&quot;335559685&quot;:0,&quot;335559731&quot;:0,&quot;335559737&quot;:2,&quot;335559738&quot;:136,&quot;335559991&quot;:566,&quot;469777462&quot;:[2548,2549],&quot;469777927&quot;:[0,0],&quot;469777928&quot;:[1,1]}\">\u00a0<\/span><\/td>\n<td data-celllook=\"0\"><span data-contrast=\"none\">Mezun \u00d6\u011frenci<\/span><span data-ccp-props=\"{&quot;335551550&quot;:2,&quot;335551620&quot;:2,&quot;335559685&quot;:0,&quot;335559731&quot;:0,&quot;335559737&quot;:2,&quot;335559738&quot;:136,&quot;335559991&quot;:566,&quot;469777462&quot;:[2548,2549],&quot;469777927&quot;:[0,0],&quot;469777928&quot;:[1,1]}\">\u00a0<\/span><\/td>\n<\/tr>\n<tr>\n<td data-celllook=\"0\"><span data-contrast=\"none\">Gayenur \u0130\u011eDECI<\/span><span data-ccp-props=\"{&quot;335551550&quot;:2,&quot;335551620&quot;:2,&quot;335559685&quot;:0,&quot;335559731&quot;:0,&quot;335559737&quot;:2,&quot;335559738&quot;:136,&quot;335559991&quot;:566,&quot;469777462&quot;:[2548,2549],&quot;469777927&quot;:[0,0],&quot;469777928&quot;:[1,1]}\">\u00a0<\/span><\/td>\n<td data-celllook=\"0\"><span data-contrast=\"none\">BTM \u0130stanbul<\/span><span data-ccp-props=\"{&quot;134233117&quot;:false,&quot;134233118&quot;:false,&quot;201341983&quot;:0,&quot;335551550&quot;:2,&quot;335551620&quot;:2,&quot;335559685&quot;:0,&quot;335559737&quot;:2,&quot;335559738&quot;:136,&quot;335559739&quot;:0,&quot;335559740&quot;:259,&quot;335559991&quot;:566,&quot;469777462&quot;:[2548,2549],&quot;469777927&quot;:[0,0],&quot;469777928&quot;:[1,1]}\">\u00a0<\/span><\/td>\n<td data-celllook=\"0\"><span data-contrast=\"none\">Mezun \u00d6\u011frenci<\/span><span data-ccp-props=\"{&quot;335551550&quot;:2,&quot;335551620&quot;:2,&quot;335559685&quot;:0,&quot;335559731&quot;:0,&quot;335559737&quot;:2,&quot;335559738&quot;:136,&quot;335559991&quot;:566,&quot;469777462&quot;:[2548,2549],&quot;469777927&quot;:[0,0],&quot;469777928&quot;:[1,1]}\">\u00a0<\/span><\/td>\n<\/tr>\n<tr>\n<td data-celllook=\"0\"><span data-contrast=\"none\">Ceren Azra CAN<\/span><span data-ccp-props=\"{&quot;335551550&quot;:2,&quot;335551620&quot;:2,&quot;335559685&quot;:0,&quot;335559731&quot;:0,&quot;335559737&quot;:2,&quot;335559738&quot;:136,&quot;335559991&quot;:566,&quot;469777462&quot;:[2548,2549],&quot;469777927&quot;:[0,0],&quot;469777928&quot;:[1,1]}\">\u00a0<\/span><\/td>\n<td data-celllook=\"0\"><span data-contrast=\"none\">\u0130stanbul Ticaret \u00dcniversitesi<\/span><span data-ccp-props=\"{&quot;335551550&quot;:2,&quot;335551620&quot;:2,&quot;335559685&quot;:0,&quot;335559731&quot;:0,&quot;335559737&quot;:2,&quot;335559738&quot;:136,&quot;335559991&quot;:566,&quot;469777462&quot;:[2548,2549],&quot;469777927&quot;:[0,0],&quot;469777928&quot;:[1,1]}\">\u00a0<\/span><\/td>\n<td data-celllook=\"0\"><span data-contrast=\"none\">B\u00f6l\u00fcm \u00d6\u011frenci Temsilcisi<\/span><span data-ccp-props=\"{&quot;335551550&quot;:2,&quot;335551620&quot;:2,&quot;335559685&quot;:0,&quot;335559731&quot;:0,&quot;335559737&quot;:2,&quot;335559738&quot;:136,&quot;335559991&quot;:566,&quot;469777462&quot;:[2548,2549],&quot;469777927&quot;:[0,0],&quot;469777928&quot;:[1,1]}\">\u00a0<\/span><\/td>\n<\/tr>\n<\/tbody>\n<\/table>\n<p>&nbsp;<\/p>\n<p><a href=\"http:\/\/ticaret.edu.tr\/isletme-bolumu\/wp-content\/uploads\/sites\/8\/2025\/12\/Bolum-Danisma-Kurulu-Toplanti-Tutanagi-05.06.2025.pdf\">Bo\u0308lu\u0308m Dan\u0131s\u0327ma Kurulu Toplant\u0131 Tutanag\u0306\u0131 (05.06.2025)<\/a><\/p>\n<p>&nbsp;<\/p>\n","protected":false},"excerpt":{"rendered":"<p>&nbsp; UNVAN\/AD SOYAD\u00a0 \u00c7ALI\u015eTI\u011eI KURUM\u00a0 G\u00d6REV\u0130\u00a0 Do\u00e7. Dr. Mehmet SA\u011eLAM\u00a0 \u0130stanbul Ticaret \u00dcniversitesi\u00a0 B\u00f6l\u00fcm Ba\u015fkan\u0131\u00a0 Dr. \u00d6\u011fr. \u00dcyesi Nihan YAVUZ AKSAKAL\u00a0 \u0130stanbul Ticaret \u00dcniversitesi\u00a0 B\u00f6l\u00fcm \u00d6\u011fretim \u00dcyesi\u00a0 Ar\u015f. G\u00f6r. H\u00fcmeyra Nur HAT\u0130PO\u011eLU\u00a0 \u0130stanbul Ticaret \u00dcniversitesi\u00a0 B\u00f6l\u00fcm Kalite El\u00e7isi\u00a0 Ahmet \u00d6ZER\u00a0 \u0130stanbul Ticaret Odas\u0131\u00a0 Kamu Sekt\u00f6r Temsilcisi\u00a0 Ba\u015fak Gizem \u00c7ALI\u015eKAN\u00a0 SONY T\u00fcrkiye\u00a0 \u00d6zel Sekt\u00f6r Temsilcisi\u00a0 Prof. [&hellip;]<\/p>\n","protected":false},"author":58,"featured_media":0,"parent":0,"menu_order":0,"comment_status":"closed","ping_status":"closed","template":"genel_sayfa.php","meta":{"footnotes":""},"yoast_head":"<!-- This site is optimized with the Yoast SEO Premium plugin v22.1 (Yoast SEO v22.1) - https:\/\/yoast.com\/wordpress\/plugins\/seo\/ -->\n<title>B\u00f6l\u00fcm Dan\u0131\u015fma Kurulu - \u0130\u015fletme<\/title>\n<meta name=\"robots\" content=\"index, follow, max-snippet:-1, max-image-preview:large, max-video-preview:-1\" \/>\n<link rel=\"canonical\" href=\"http:\/\/ticaret.edu.tr\/isletme-bolumu\/bolum-danisma-kurulu\/\" \/>\n<meta property=\"og:locale\" content=\"tr_TR\" \/>\n<meta property=\"og:type\" content=\"article\" \/>\n<meta property=\"og:title\" content=\"B\u00f6l\u00fcm Dan\u0131\u015fma Kurulu\" \/>\n<meta property=\"og:description\" content=\"&nbsp; UNVAN\/AD SOYAD\u00a0 \u00c7ALI\u015eTI\u011eI KURUM\u00a0 G\u00d6REV\u0130\u00a0 Do\u00e7. Dr. Mehmet SA\u011eLAM\u00a0 \u0130stanbul Ticaret \u00dcniversitesi\u00a0 B\u00f6l\u00fcm Ba\u015fkan\u0131\u00a0 Dr. \u00d6\u011fr. \u00dcyesi Nihan YAVUZ AKSAKAL\u00a0 \u0130stanbul Ticaret \u00dcniversitesi\u00a0 B\u00f6l\u00fcm \u00d6\u011fretim \u00dcyesi\u00a0 Ar\u015f. G\u00f6r. H\u00fcmeyra Nur HAT\u0130PO\u011eLU\u00a0 \u0130stanbul Ticaret \u00dcniversitesi\u00a0 B\u00f6l\u00fcm Kalite El\u00e7isi\u00a0 Ahmet \u00d6ZER\u00a0 \u0130stanbul Ticaret Odas\u0131\u00a0 Kamu Sekt\u00f6r Temsilcisi\u00a0 Ba\u015fak Gizem \u00c7ALI\u015eKAN\u00a0 SONY T\u00fcrkiye\u00a0 \u00d6zel Sekt\u00f6r Temsilcisi\u00a0 Prof. [&hellip;]\" \/>\n<meta property=\"og:url\" content=\"http:\/\/ticaret.edu.tr\/isletme-bolumu\/bolum-danisma-kurulu\/\" \/>\n<meta property=\"og:site_name\" content=\"\u0130\u015fletme\" \/>\n<meta property=\"article:publisher\" content=\"https:\/\/www.facebook.com\/ticaretedutr\" \/>\n<meta property=\"article:modified_time\" content=\"2026-03-12T12:47:09+00:00\" \/>\n<meta property=\"og:image\" content=\"http:\/\/ticaret.edu.tr\/isletme-bolumu\/wp-content\/uploads\/sites\/8\/2021\/11\/web_logo-01.jpg\" \/>\n\t<meta property=\"og:image:width\" content=\"1250\" \/>\n\t<meta property=\"og:image:height\" content=\"833\" \/>\n\t<meta property=\"og:image:type\" content=\"image\/jpeg\" \/>\n<meta name=\"twitter:card\" content=\"summary_large_image\" \/>\n<meta name=\"twitter:site\" content=\"@ticaretedutr\" \/>\n<meta name=\"twitter:label1\" content=\"Tahmini okuma s\u00fcresi\" \/>\n\t<meta name=\"twitter:data1\" content=\"1 dakika\" \/>\n<script type=\"application\/ld+json\" class=\"yoast-schema-graph\">{\"@context\":\"https:\/\/schema.org\",\"@graph\":[{\"@type\":\"WebPage\",\"@id\":\"http:\/\/ticaret.edu.tr\/isletme-bolumu\/bolum-danisma-kurulu\/\",\"url\":\"http:\/\/ticaret.edu.tr\/isletme-bolumu\/bolum-danisma-kurulu\/\",\"name\":\"B\u00f6l\u00fcm Dan\u0131\u015fma Kurulu - \u0130\u015fletme\",\"isPartOf\":{\"@id\":\"http:\/\/ticaret.edu.tr\/isletme-bolumu\/#website\"},\"datePublished\":\"2025-01-26T16:24:41+00:00\",\"dateModified\":\"2026-03-12T12:47:09+00:00\",\"breadcrumb\":{\"@id\":\"http:\/\/ticaret.edu.tr\/isletme-bolumu\/bolum-danisma-kurulu\/#breadcrumb\"},\"inLanguage\":\"tr\",\"potentialAction\":[{\"@type\":\"ReadAction\",\"target\":[\"http:\/\/ticaret.edu.tr\/isletme-bolumu\/bolum-danisma-kurulu\/\"]}]},{\"@type\":\"BreadcrumbList\",\"@id\":\"http:\/\/ticaret.edu.tr\/isletme-bolumu\/bolum-danisma-kurulu\/#breadcrumb\",\"itemListElement\":[{\"@type\":\"ListItem\",\"position\":1,\"name\":\"Ana sayfa\",\"item\":\"https:\/\/ticaret.edu.tr\/isletme-bolumu\/en\/\"},{\"@type\":\"ListItem\",\"position\":2,\"name\":\"B\u00f6l\u00fcm Dan\u0131\u015fma Kurulu\"}]},{\"@type\":\"WebSite\",\"@id\":\"http:\/\/ticaret.edu.tr\/isletme-bolumu\/#website\",\"url\":\"http:\/\/ticaret.edu.tr\/isletme-bolumu\/\",\"name\":\"\u0130\u015fletme\",\"description\":\"\",\"potentialAction\":[{\"@type\":\"SearchAction\",\"target\":{\"@type\":\"EntryPoint\",\"urlTemplate\":\"http:\/\/ticaret.edu.tr\/isletme-bolumu\/?s={search_term_string}\"},\"query-input\":\"required name=search_term_string\"}],\"inLanguage\":\"tr\"}]}<\/script>\n<!-- \/ Yoast SEO Premium plugin. -->","yoast_head_json":{"title":"B\u00f6l\u00fcm Dan\u0131\u015fma Kurulu - \u0130\u015fletme","robots":{"index":"index","follow":"follow","max-snippet":"max-snippet:-1","max-image-preview":"max-image-preview:large","max-video-preview":"max-video-preview:-1"},"canonical":"http:\/\/ticaret.edu.tr\/isletme-bolumu\/bolum-danisma-kurulu\/","og_locale":"tr_TR","og_type":"article","og_title":"B\u00f6l\u00fcm Dan\u0131\u015fma Kurulu","og_description":"&nbsp; UNVAN\/AD SOYAD\u00a0 \u00c7ALI\u015eTI\u011eI KURUM\u00a0 G\u00d6REV\u0130\u00a0 Do\u00e7. Dr. Mehmet SA\u011eLAM\u00a0 \u0130stanbul Ticaret \u00dcniversitesi\u00a0 B\u00f6l\u00fcm Ba\u015fkan\u0131\u00a0 Dr. \u00d6\u011fr. \u00dcyesi Nihan YAVUZ AKSAKAL\u00a0 \u0130stanbul Ticaret \u00dcniversitesi\u00a0 B\u00f6l\u00fcm \u00d6\u011fretim \u00dcyesi\u00a0 Ar\u015f. G\u00f6r. H\u00fcmeyra Nur HAT\u0130PO\u011eLU\u00a0 \u0130stanbul Ticaret \u00dcniversitesi\u00a0 B\u00f6l\u00fcm Kalite El\u00e7isi\u00a0 Ahmet \u00d6ZER\u00a0 \u0130stanbul Ticaret Odas\u0131\u00a0 Kamu Sekt\u00f6r Temsilcisi\u00a0 Ba\u015fak Gizem \u00c7ALI\u015eKAN\u00a0 SONY T\u00fcrkiye\u00a0 \u00d6zel Sekt\u00f6r Temsilcisi\u00a0 Prof. [&hellip;]","og_url":"http:\/\/ticaret.edu.tr\/isletme-bolumu\/bolum-danisma-kurulu\/","og_site_name":"\u0130\u015fletme","article_publisher":"https:\/\/www.facebook.com\/ticaretedutr","article_modified_time":"2026-03-12T12:47:09+00:00","og_image":[{"width":1250,"height":833,"url":"http:\/\/ticaret.edu.tr\/isletme-bolumu\/wp-content\/uploads\/sites\/8\/2021\/11\/web_logo-01.jpg","type":"image\/jpeg"}],"twitter_card":"summary_large_image","twitter_site":"@ticaretedutr","twitter_misc":{"Tahmini okuma s\u00fcresi":"1 dakika"},"schema":{"@context":"https:\/\/schema.org","@graph":[{"@type":"WebPage","@id":"http:\/\/ticaret.edu.tr\/isletme-bolumu\/bolum-danisma-kurulu\/","url":"http:\/\/ticaret.edu.tr\/isletme-bolumu\/bolum-danisma-kurulu\/","name":"B\u00f6l\u00fcm Dan\u0131\u015fma Kurulu - \u0130\u015fletme","isPartOf":{"@id":"http:\/\/ticaret.edu.tr\/isletme-bolumu\/#website"},"datePublished":"2025-01-26T16:24:41+00:00","dateModified":"2026-03-12T12:47:09+00:00","breadcrumb":{"@id":"http:\/\/ticaret.edu.tr\/isletme-bolumu\/bolum-danisma-kurulu\/#breadcrumb"},"inLanguage":"tr","potentialAction":[{"@type":"ReadAction","target":["http:\/\/ticaret.edu.tr\/isletme-bolumu\/bolum-danisma-kurulu\/"]}]},{"@type":"BreadcrumbList","@id":"http:\/\/ticaret.edu.tr\/isletme-bolumu\/bolum-danisma-kurulu\/#breadcrumb","itemListElement":[{"@type":"ListItem","position":1,"name":"Ana sayfa","item":"https:\/\/ticaret.edu.tr\/isletme-bolumu\/en\/"},{"@type":"ListItem","position":2,"name":"B\u00f6l\u00fcm Dan\u0131\u015fma Kurulu"}]},{"@type":"WebSite","@id":"http:\/\/ticaret.edu.tr\/isletme-bolumu\/#website","url":"http:\/\/ticaret.edu.tr\/isletme-bolumu\/","name":"\u0130\u015fletme","description":"","potentialAction":[{"@type":"SearchAction","target":{"@type":"EntryPoint","urlTemplate":"http:\/\/ticaret.edu.tr\/isletme-bolumu\/?s={search_term_string}"},"query-input":"required name=search_term_string"}],"inLanguage":"tr"}]}},"lang":"tr","translations":{"en":1981,"tr":1929},"pll_sync_post":[],"_links":{"self":[{"href":"http:\/\/ticaret.edu.tr\/isletme-bolumu\/wp-json\/wp\/v2\/pages\/1929"}],"collection":[{"href":"http:\/\/ticaret.edu.tr\/isletme-bolumu\/wp-json\/wp\/v2\/pages"}],"about":[{"href":"http:\/\/ticaret.edu.tr\/isletme-bolumu\/wp-json\/wp\/v2\/types\/page"}],"author":[{"embeddable":true,"href":"http:\/\/ticaret.edu.tr\/isletme-bolumu\/wp-json\/wp\/v2\/users\/58"}],"replies":[{"embeddable":true,"href":"http:\/\/ticaret.edu.tr\/isletme-bolumu\/wp-json\/wp\/v2\/comments?post=1929"}],"version-history":[{"count":7,"href":"http:\/\/ticaret.edu.tr\/isletme-bolumu\/wp-json\/wp\/v2\/pages\/1929\/revisions"}],"predecessor-version":[{"id":2856,"href":"http:\/\/ticaret.edu.tr\/isletme-bolumu\/wp-json\/wp\/v2\/pages\/1929\/revisions\/2856"}],"wp:attachment":[{"href":"http:\/\/ticaret.edu.tr\/isletme-bolumu\/wp-json\/wp\/v2\/media?parent=1929"}],"curies":[{"name":"wp","href":"https:\/\/api.w.org\/{rel}","templated":true}]}}