{"id":1943,"date":"2025-01-26T18:46:21","date_gmt":"2025-01-26T15:46:21","guid":{"rendered":"https:\/\/ticaret.edu.tr\/isletme-bolumu\/?page_id=1943"},"modified":"2025-02-11T15:34:35","modified_gmt":"2025-02-11T12:34:35","slug":"mezuniyet-kosullari","status":"publish","type":"page","link":"http:\/\/ticaret.edu.tr\/isletme-bolumu\/mezuniyet-kosullari\/","title":{"rendered":"Mezuniyet Ko\u015fullar\u0131"},"content":{"rendered":"<p><strong>Mezuniyet Ko\u015fullar\u0131<\/strong><\/p>\n<p>22.06.2011 tarihinde Resmi Gazetede yay\u0131nlanan 27972 say\u0131l\u0131 \u0130stanbul Ticaret \u00dcniversitesi \u00d6nlisans ve Lisans E\u011fitim-\u00d6\u011fretim ve S\u0131nav Y\u00f6netmeli\u011fi\u2019nde (Ek-1.1) yer ald\u0131\u011f\u0131 \u00fczere;<\/p>\n<p>&nbsp;<\/p>\n<p>Madde 11- Kay\u0131tl\u0131 olduklar\u0131 program\u0131n m\u00fcfredat\u0131nda kabul edilen t\u00fcm zorunlu dersler ile almalar\u0131 kararla\u015ft\u0131r\u0131lan se\u00e7meli dersleri, uygulama ve stajlar\u0131 bu Y\u00f6netmelik h\u00fck\u00fcmlerine g\u00f6re ba\u015far\u0131 ile tamamlayan \u00f6\u011frencilere, fak\u00fclte, y\u00fcksekokul ve meslek y\u00fcksekokulunun b\u00f6l\u00fcm\u00fc ve gerekiyorsa program ad\u0131 belirtilmek suretiyle lisans veya\u00a0\u00f6nlisans diplomas\u0131 verilir. Diploma verilmesine, ilgili birimin kuraca\u011f\u0131 komisyon taraf\u0131ndan mezuniyetin uygun g\u00f6r\u00fclmesiyle ilgili y\u00f6netim kurulu karar verir.<\/p>\n<p>&nbsp;<\/p>\n<p>Madde 35 (1)- Mezuniyet i\u00e7in gerekli kredi, Y\u00d6K taraf\u0131ndan belirlenen zorunlu dersler ve staj dahil, \u00f6nlisans program\u0131nda en az 120, lisans program\u0131nda ise en az 240 AKTS kredisidir.<\/p>\n<p>&nbsp;<\/p>\n<p>Madde 35 (2)- Mezuniyet i\u00e7in t\u00fcm zorunlu ve se\u00e7meli dersleri, uygulama ve stajlar\u0131, almas\u0131 gereken kredi y\u00fck\u00fcn\u00fc ba\u015far\u0131 ile ve en az 2,00 GNO ile tamamlayan \u00f6\u011frenciler devam ettikleri programa g\u00f6re fak\u00fclte lisans diplomas\u0131, y\u00fcksekokul lisans diplomas\u0131 veya meslek y\u00fcksekokulu\u00a0\u00f6nlisans\u00a0diplomas\u0131 almaya hak kazan\u0131rlar. Mezuniyet i\u00e7in gereken b\u00fct\u00fcn derslerden ba\u015far\u0131l\u0131 olan ancak 2,00\u00a0GNO\u2019ya\u00a0ula\u015famayan son s\u0131n\u0131f \u00f6\u011frencileri istedikleri derslerin ortalama y\u00fckseltme s\u0131nav\u0131na en son ald\u0131klar\u0131 not ge\u00e7erli olmak ve s\u0131nav \u00fccreti \u00f6demek \u00fczere girebilirler.<\/p>\n<p>&nbsp;<\/p>\n<p>\u0130\u015fletme B\u00f6l\u00fcm\u00fc\u2019nden mezun olabilmek i\u00e7in gerekli ko\u015fullar\u0131 \u00f6zetlemek gerekirse;<\/p>\n<ul>\n<li>8 yar\u0131y\u0131ll\u0131k ders plan\u0131nda yer alan zorunlu, se\u00e7imlik ve \u00fcniversite se\u00e7imlik derslerden olu\u015fan toplam en az 240 AKTS kredisinin tamamlanm\u0131\u015f olmas\u0131,<\/li>\n<li>En az 2.00 GNO sahip olunmas\u0131,<\/li>\n<li>M\u00fcfredat\u0131n tamamlanmas\u0131 i\u00e7in gerekli olan zorunlu ve se\u00e7meli derslerin hepsinin al\u0131nm\u0131\u015f olmas\u0131 ve bu derslerden ba\u015far\u0131l\u0131 olunmas\u0131.<\/li>\n<li>E\u011fer \u00f6\u011frenci se\u00e7meli ders olan ISL440 \u0130\u015fletme Staj\u0131 dersini se\u00e7mi\u015f ise, staj\u0131n\u0131 tamamlamas\u0131.<\/li>\n<\/ul>\n","protected":false},"excerpt":{"rendered":"<p>Mezuniyet Ko\u015fullar\u0131 22.06.2011 tarihinde Resmi Gazetede yay\u0131nlanan 27972 say\u0131l\u0131 \u0130stanbul Ticaret \u00dcniversitesi \u00d6nlisans ve Lisans E\u011fitim-\u00d6\u011fretim ve S\u0131nav Y\u00f6netmeli\u011fi\u2019nde (Ek-1.1) yer ald\u0131\u011f\u0131 \u00fczere; &nbsp; Madde 11- Kay\u0131tl\u0131 olduklar\u0131 program\u0131n m\u00fcfredat\u0131nda kabul edilen t\u00fcm zorunlu dersler ile almalar\u0131 kararla\u015ft\u0131r\u0131lan se\u00e7meli dersleri, uygulama ve stajlar\u0131 bu Y\u00f6netmelik h\u00fck\u00fcmlerine g\u00f6re ba\u015far\u0131 ile tamamlayan \u00f6\u011frencilere, fak\u00fclte, y\u00fcksekokul ve meslek [&hellip;]<\/p>\n","protected":false},"author":58,"featured_media":0,"parent":0,"menu_order":0,"comment_status":"closed","ping_status":"closed","template":"genel_sayfa.php","meta":{"footnotes":""},"yoast_head":"<!-- This site is optimized with the Yoast SEO Premium plugin v22.1 (Yoast SEO v22.1) - https:\/\/yoast.com\/wordpress\/plugins\/seo\/ -->\n<title>Mezuniyet Ko\u015fullar\u0131 - \u0130\u015fletme<\/title>\n<meta name=\"robots\" content=\"index, follow, max-snippet:-1, max-image-preview:large, max-video-preview:-1\" \/>\n<link rel=\"canonical\" href=\"http:\/\/ticaret.edu.tr\/isletme-bolumu\/mezuniyet-kosullari\/\" \/>\n<meta property=\"og:locale\" content=\"tr_TR\" \/>\n<meta property=\"og:type\" content=\"article\" \/>\n<meta property=\"og:title\" content=\"Mezuniyet Ko\u015fullar\u0131\" \/>\n<meta property=\"og:description\" content=\"Mezuniyet Ko\u015fullar\u0131 22.06.2011 tarihinde Resmi Gazetede yay\u0131nlanan 27972 say\u0131l\u0131 \u0130stanbul Ticaret \u00dcniversitesi \u00d6nlisans ve Lisans E\u011fitim-\u00d6\u011fretim ve S\u0131nav Y\u00f6netmeli\u011fi\u2019nde (Ek-1.1) yer ald\u0131\u011f\u0131 \u00fczere; &nbsp; Madde 11- Kay\u0131tl\u0131 olduklar\u0131 program\u0131n m\u00fcfredat\u0131nda kabul edilen t\u00fcm zorunlu dersler ile almalar\u0131 kararla\u015ft\u0131r\u0131lan se\u00e7meli dersleri, uygulama ve stajlar\u0131 bu Y\u00f6netmelik h\u00fck\u00fcmlerine g\u00f6re ba\u015far\u0131 ile tamamlayan \u00f6\u011frencilere, fak\u00fclte, y\u00fcksekokul ve meslek [&hellip;]\" \/>\n<meta property=\"og:url\" content=\"http:\/\/ticaret.edu.tr\/isletme-bolumu\/mezuniyet-kosullari\/\" \/>\n<meta property=\"og:site_name\" content=\"\u0130\u015fletme\" \/>\n<meta property=\"article:publisher\" content=\"https:\/\/www.facebook.com\/ticaretedutr\" \/>\n<meta property=\"article:modified_time\" content=\"2025-02-11T12:34:35+00:00\" \/>\n<meta property=\"og:image\" content=\"http:\/\/ticaret.edu.tr\/isletme-bolumu\/wp-content\/uploads\/sites\/8\/2021\/11\/web_logo-01.jpg\" \/>\n\t<meta property=\"og:image:width\" content=\"1250\" \/>\n\t<meta property=\"og:image:height\" content=\"833\" \/>\n\t<meta property=\"og:image:type\" content=\"image\/jpeg\" \/>\n<meta name=\"twitter:card\" content=\"summary_large_image\" \/>\n<meta name=\"twitter:site\" content=\"@ticaretedutr\" \/>\n<meta name=\"twitter:label1\" content=\"Tahmini okuma s\u00fcresi\" \/>\n\t<meta name=\"twitter:data1\" content=\"2 dakika\" \/>\n<script type=\"application\/ld+json\" class=\"yoast-schema-graph\">{\"@context\":\"https:\/\/schema.org\",\"@graph\":[{\"@type\":\"WebPage\",\"@id\":\"http:\/\/ticaret.edu.tr\/isletme-bolumu\/mezuniyet-kosullari\/\",\"url\":\"http:\/\/ticaret.edu.tr\/isletme-bolumu\/mezuniyet-kosullari\/\",\"name\":\"Mezuniyet Ko\u015fullar\u0131 - \u0130\u015fletme\",\"isPartOf\":{\"@id\":\"http:\/\/ticaret.edu.tr\/isletme-bolumu\/#website\"},\"datePublished\":\"2025-01-26T15:46:21+00:00\",\"dateModified\":\"2025-02-11T12:34:35+00:00\",\"breadcrumb\":{\"@id\":\"http:\/\/ticaret.edu.tr\/isletme-bolumu\/mezuniyet-kosullari\/#breadcrumb\"},\"inLanguage\":\"tr\",\"potentialAction\":[{\"@type\":\"ReadAction\",\"target\":[\"http:\/\/ticaret.edu.tr\/isletme-bolumu\/mezuniyet-kosullari\/\"]}]},{\"@type\":\"BreadcrumbList\",\"@id\":\"http:\/\/ticaret.edu.tr\/isletme-bolumu\/mezuniyet-kosullari\/#breadcrumb\",\"itemListElement\":[{\"@type\":\"ListItem\",\"position\":1,\"name\":\"Ana sayfa\",\"item\":\"https:\/\/ticaret.edu.tr\/isletme-bolumu\/en\/\"},{\"@type\":\"ListItem\",\"position\":2,\"name\":\"Mezuniyet Ko\u015fullar\u0131\"}]},{\"@type\":\"WebSite\",\"@id\":\"http:\/\/ticaret.edu.tr\/isletme-bolumu\/#website\",\"url\":\"http:\/\/ticaret.edu.tr\/isletme-bolumu\/\",\"name\":\"\u0130\u015fletme\",\"description\":\"\",\"potentialAction\":[{\"@type\":\"SearchAction\",\"target\":{\"@type\":\"EntryPoint\",\"urlTemplate\":\"http:\/\/ticaret.edu.tr\/isletme-bolumu\/?s={search_term_string}\"},\"query-input\":\"required name=search_term_string\"}],\"inLanguage\":\"tr\"}]}<\/script>\n<!-- \/ Yoast SEO Premium plugin. -->","yoast_head_json":{"title":"Mezuniyet Ko\u015fullar\u0131 - \u0130\u015fletme","robots":{"index":"index","follow":"follow","max-snippet":"max-snippet:-1","max-image-preview":"max-image-preview:large","max-video-preview":"max-video-preview:-1"},"canonical":"http:\/\/ticaret.edu.tr\/isletme-bolumu\/mezuniyet-kosullari\/","og_locale":"tr_TR","og_type":"article","og_title":"Mezuniyet Ko\u015fullar\u0131","og_description":"Mezuniyet Ko\u015fullar\u0131 22.06.2011 tarihinde Resmi Gazetede yay\u0131nlanan 27972 say\u0131l\u0131 \u0130stanbul Ticaret \u00dcniversitesi \u00d6nlisans ve Lisans E\u011fitim-\u00d6\u011fretim ve S\u0131nav Y\u00f6netmeli\u011fi\u2019nde (Ek-1.1) yer ald\u0131\u011f\u0131 \u00fczere; &nbsp; Madde 11- Kay\u0131tl\u0131 olduklar\u0131 program\u0131n m\u00fcfredat\u0131nda kabul edilen t\u00fcm zorunlu dersler ile almalar\u0131 kararla\u015ft\u0131r\u0131lan se\u00e7meli dersleri, uygulama ve stajlar\u0131 bu Y\u00f6netmelik h\u00fck\u00fcmlerine g\u00f6re ba\u015far\u0131 ile tamamlayan \u00f6\u011frencilere, fak\u00fclte, y\u00fcksekokul ve meslek [&hellip;]","og_url":"http:\/\/ticaret.edu.tr\/isletme-bolumu\/mezuniyet-kosullari\/","og_site_name":"\u0130\u015fletme","article_publisher":"https:\/\/www.facebook.com\/ticaretedutr","article_modified_time":"2025-02-11T12:34:35+00:00","og_image":[{"width":1250,"height":833,"url":"http:\/\/ticaret.edu.tr\/isletme-bolumu\/wp-content\/uploads\/sites\/8\/2021\/11\/web_logo-01.jpg","type":"image\/jpeg"}],"twitter_card":"summary_large_image","twitter_site":"@ticaretedutr","twitter_misc":{"Tahmini okuma s\u00fcresi":"2 dakika"},"schema":{"@context":"https:\/\/schema.org","@graph":[{"@type":"WebPage","@id":"http:\/\/ticaret.edu.tr\/isletme-bolumu\/mezuniyet-kosullari\/","url":"http:\/\/ticaret.edu.tr\/isletme-bolumu\/mezuniyet-kosullari\/","name":"Mezuniyet Ko\u015fullar\u0131 - \u0130\u015fletme","isPartOf":{"@id":"http:\/\/ticaret.edu.tr\/isletme-bolumu\/#website"},"datePublished":"2025-01-26T15:46:21+00:00","dateModified":"2025-02-11T12:34:35+00:00","breadcrumb":{"@id":"http:\/\/ticaret.edu.tr\/isletme-bolumu\/mezuniyet-kosullari\/#breadcrumb"},"inLanguage":"tr","potentialAction":[{"@type":"ReadAction","target":["http:\/\/ticaret.edu.tr\/isletme-bolumu\/mezuniyet-kosullari\/"]}]},{"@type":"BreadcrumbList","@id":"http:\/\/ticaret.edu.tr\/isletme-bolumu\/mezuniyet-kosullari\/#breadcrumb","itemListElement":[{"@type":"ListItem","position":1,"name":"Ana sayfa","item":"https:\/\/ticaret.edu.tr\/isletme-bolumu\/en\/"},{"@type":"ListItem","position":2,"name":"Mezuniyet Ko\u015fullar\u0131"}]},{"@type":"WebSite","@id":"http:\/\/ticaret.edu.tr\/isletme-bolumu\/#website","url":"http:\/\/ticaret.edu.tr\/isletme-bolumu\/","name":"\u0130\u015fletme","description":"","potentialAction":[{"@type":"SearchAction","target":{"@type":"EntryPoint","urlTemplate":"http:\/\/ticaret.edu.tr\/isletme-bolumu\/?s={search_term_string}"},"query-input":"required name=search_term_string"}],"inLanguage":"tr"}]}},"lang":"tr","translations":{"en":2023,"tr":1943},"pll_sync_post":[],"_links":{"self":[{"href":"http:\/\/ticaret.edu.tr\/isletme-bolumu\/wp-json\/wp\/v2\/pages\/1943"}],"collection":[{"href":"http:\/\/ticaret.edu.tr\/isletme-bolumu\/wp-json\/wp\/v2\/pages"}],"about":[{"href":"http:\/\/ticaret.edu.tr\/isletme-bolumu\/wp-json\/wp\/v2\/types\/page"}],"author":[{"embeddable":true,"href":"http:\/\/ticaret.edu.tr\/isletme-bolumu\/wp-json\/wp\/v2\/users\/58"}],"replies":[{"embeddable":true,"href":"http:\/\/ticaret.edu.tr\/isletme-bolumu\/wp-json\/wp\/v2\/comments?post=1943"}],"version-history":[{"count":3,"href":"http:\/\/ticaret.edu.tr\/isletme-bolumu\/wp-json\/wp\/v2\/pages\/1943\/revisions"}],"predecessor-version":[{"id":2268,"href":"http:\/\/ticaret.edu.tr\/isletme-bolumu\/wp-json\/wp\/v2\/pages\/1943\/revisions\/2268"}],"wp:attachment":[{"href":"http:\/\/ticaret.edu.tr\/isletme-bolumu\/wp-json\/wp\/v2\/media?parent=1943"}],"curies":[{"name":"wp","href":"https:\/\/api.w.org\/{rel}","templated":true}]}}