{"id":1965,"date":"2025-01-26T20:28:52","date_gmt":"2025-01-26T17:28:52","guid":{"rendered":"https:\/\/ticaret.edu.tr\/isletme-bolumu\/?page_id=1965"},"modified":"2026-01-20T13:23:16","modified_gmt":"2026-01-20T10:23:16","slug":"publications","status":"publish","type":"page","link":"http:\/\/ticaret.edu.tr\/isletme-bolumu\/en\/publications\/","title":{"rendered":"Publications"},"content":{"rendered":"<p data-start=\"0\" data-end=\"131\">G\u00f6rener, A. (2017). Optimization of Order Picking Operations in Warehousing Systems. Economic Research Foundation Publications.<\/p>\n<p data-start=\"133\" data-end=\"343\">Kas\u0131mo\u011flu, M. (2012). Analysis of the Factors Affecting the Development of Innovation in Public Institutions and the Development of Innovative Organizational Models. Istanbul: K\u00fclt\u00fcr Sanat Publishing House.<\/p>\n<p data-start=\"345\" data-end=\"484\">K\u00fc\u00e7\u00fck\u00e7olak, R. A. (2020). The Credit Rating Sector. In Sabri \u00d6z, Duygu Celayir, Fatma Serab Onursal (Eds.). Istanbul: Hiper Publishing.<\/p>\n<p data-start=\"486\" data-end=\"714\">Sa\u011flam, M. (2023). Sustainable Climate Change Management and New Consumer Behavior Dynamics. In <em data-start=\"586\" data-end=\"671\">Theoretical and Applied Sustainability Studies: Marketing and Production Management<\/em> (pp. 158\u2013170). Istanbul: Nobel Publishing.<\/p>\n<p data-start=\"716\" data-end=\"819\">Torlak, \u00d6. (2000). Consumption: The Social Transformation of Individual Action. \u0130nk\u0131l\u00e2b Publishing.<\/p>\n<p data-start=\"821\" data-end=\"975\">Yavuz Aksakal, N. (2020). Flexibility in the Labor Market and Employment Policies. In <em data-start=\"911\" data-end=\"932\">Industrial Policies<\/em> (pp. 261\u2013278). Istanbul: Hiper Publishing.<\/p>\n<p data-start=\"977\" data-end=\"1077\" data-is-last-node=\"\" data-is-only-node=\"\">Yetgin, F. (2019). Management of Urban Renewal: Macro and Micro Perspectives. Istanbul: TURKUAZ.<\/p>\n","protected":false},"excerpt":{"rendered":"<p>G\u00f6rener, A. (2017). Optimization of Order Picking Operations in Warehousing Systems. Economic Research Foundation Publications. Kas\u0131mo\u011flu, M. (2012). Analysis of the Factors Affecting the Development of Innovation in Public Institutions and the Development of Innovative Organizational Models. Istanbul: K\u00fclt\u00fcr Sanat Publishing House. K\u00fc\u00e7\u00fck\u00e7olak, R. A. (2020). The Credit Rating Sector. In Sabri \u00d6z, Duygu Celayir, [&hellip;]<\/p>\n","protected":false},"author":58,"featured_media":0,"parent":0,"menu_order":0,"comment_status":"closed","ping_status":"closed","template":"genel_sayfa.php","meta":{"footnotes":""},"yoast_head":"<!-- This site is optimized with the Yoast SEO Premium plugin v22.1 (Yoast SEO v22.1) - https:\/\/yoast.com\/wordpress\/plugins\/seo\/ -->\n<title>Publications - \u0130\u015fletme<\/title>\n<meta name=\"robots\" content=\"index, follow, max-snippet:-1, max-image-preview:large, max-video-preview:-1\" \/>\n<link rel=\"canonical\" href=\"http:\/\/ticaret.edu.tr\/isletme-bolumu\/en\/publications\/\" \/>\n<meta property=\"og:locale\" content=\"tr_TR\" \/>\n<meta property=\"og:type\" content=\"article\" \/>\n<meta property=\"og:title\" content=\"Publications\" \/>\n<meta property=\"og:description\" content=\"G\u00f6rener, A. (2017). Optimization of Order Picking Operations in Warehousing Systems. Economic Research Foundation Publications. Kas\u0131mo\u011flu, M. (2012). Analysis of the Factors Affecting the Development of Innovation in Public Institutions and the Development of Innovative Organizational Models. Istanbul: K\u00fclt\u00fcr Sanat Publishing House. K\u00fc\u00e7\u00fck\u00e7olak, R. A. (2020). The Credit Rating Sector. In Sabri \u00d6z, Duygu Celayir, [&hellip;]\" \/>\n<meta property=\"og:url\" content=\"http:\/\/ticaret.edu.tr\/isletme-bolumu\/en\/publications\/\" \/>\n<meta property=\"og:site_name\" content=\"\u0130\u015fletme\" \/>\n<meta property=\"article:publisher\" content=\"https:\/\/www.facebook.com\/ticaretedutr\" \/>\n<meta property=\"article:modified_time\" content=\"2026-01-20T10:23:16+00:00\" \/>\n<meta property=\"og:image\" content=\"http:\/\/ticaret.edu.tr\/isletme-bolumu\/wp-content\/uploads\/sites\/8\/2021\/11\/web_logo-01.jpg\" \/>\n\t<meta property=\"og:image:width\" content=\"1250\" \/>\n\t<meta property=\"og:image:height\" content=\"833\" \/>\n\t<meta property=\"og:image:type\" content=\"image\/jpeg\" \/>\n<meta name=\"twitter:card\" content=\"summary_large_image\" \/>\n<meta name=\"twitter:site\" content=\"@ticaretedutr\" \/>\n<meta name=\"twitter:label1\" content=\"Tahmini okuma s\u00fcresi\" \/>\n\t<meta name=\"twitter:data1\" content=\"1 dakika\" \/>\n<script type=\"application\/ld+json\" class=\"yoast-schema-graph\">{\"@context\":\"https:\/\/schema.org\",\"@graph\":[{\"@type\":\"WebPage\",\"@id\":\"http:\/\/ticaret.edu.tr\/isletme-bolumu\/en\/publications\/\",\"url\":\"http:\/\/ticaret.edu.tr\/isletme-bolumu\/en\/publications\/\",\"name\":\"Publications - \u0130\u015fletme\",\"isPartOf\":{\"@id\":\"https:\/\/ticaret.edu.tr\/isletme-bolumu\/en\/#website\"},\"datePublished\":\"2025-01-26T17:28:52+00:00\",\"dateModified\":\"2026-01-20T10:23:16+00:00\",\"breadcrumb\":{\"@id\":\"http:\/\/ticaret.edu.tr\/isletme-bolumu\/en\/publications\/#breadcrumb\"},\"inLanguage\":\"tr\",\"potentialAction\":[{\"@type\":\"ReadAction\",\"target\":[\"http:\/\/ticaret.edu.tr\/isletme-bolumu\/en\/publications\/\"]}]},{\"@type\":\"BreadcrumbList\",\"@id\":\"http:\/\/ticaret.edu.tr\/isletme-bolumu\/en\/publications\/#breadcrumb\",\"itemListElement\":[{\"@type\":\"ListItem\",\"position\":1,\"name\":\"Ana sayfa\",\"item\":\"https:\/\/ticaret.edu.tr\/isletme-bolumu\/en\/\"},{\"@type\":\"ListItem\",\"position\":2,\"name\":\"Publications\"}]},{\"@type\":\"WebSite\",\"@id\":\"https:\/\/ticaret.edu.tr\/isletme-bolumu\/en\/#website\",\"url\":\"https:\/\/ticaret.edu.tr\/isletme-bolumu\/en\/\",\"name\":\"\u0130\u015fletme\",\"description\":\"\",\"potentialAction\":[{\"@type\":\"SearchAction\",\"target\":{\"@type\":\"EntryPoint\",\"urlTemplate\":\"https:\/\/ticaret.edu.tr\/isletme-bolumu\/en\/?s={search_term_string}\"},\"query-input\":\"required name=search_term_string\"}],\"inLanguage\":\"tr\"}]}<\/script>\n<!-- \/ Yoast SEO Premium plugin. -->","yoast_head_json":{"title":"Publications - \u0130\u015fletme","robots":{"index":"index","follow":"follow","max-snippet":"max-snippet:-1","max-image-preview":"max-image-preview:large","max-video-preview":"max-video-preview:-1"},"canonical":"http:\/\/ticaret.edu.tr\/isletme-bolumu\/en\/publications\/","og_locale":"tr_TR","og_type":"article","og_title":"Publications","og_description":"G\u00f6rener, A. (2017). Optimization of Order Picking Operations in Warehousing Systems. Economic Research Foundation Publications. Kas\u0131mo\u011flu, M. (2012). Analysis of the Factors Affecting the Development of Innovation in Public Institutions and the Development of Innovative Organizational Models. Istanbul: K\u00fclt\u00fcr Sanat Publishing House. K\u00fc\u00e7\u00fck\u00e7olak, R. A. (2020). The Credit Rating Sector. In Sabri \u00d6z, Duygu Celayir, [&hellip;]","og_url":"http:\/\/ticaret.edu.tr\/isletme-bolumu\/en\/publications\/","og_site_name":"\u0130\u015fletme","article_publisher":"https:\/\/www.facebook.com\/ticaretedutr","article_modified_time":"2026-01-20T10:23:16+00:00","og_image":[{"width":1250,"height":833,"url":"http:\/\/ticaret.edu.tr\/isletme-bolumu\/wp-content\/uploads\/sites\/8\/2021\/11\/web_logo-01.jpg","type":"image\/jpeg"}],"twitter_card":"summary_large_image","twitter_site":"@ticaretedutr","twitter_misc":{"Tahmini okuma s\u00fcresi":"1 dakika"},"schema":{"@context":"https:\/\/schema.org","@graph":[{"@type":"WebPage","@id":"http:\/\/ticaret.edu.tr\/isletme-bolumu\/en\/publications\/","url":"http:\/\/ticaret.edu.tr\/isletme-bolumu\/en\/publications\/","name":"Publications - \u0130\u015fletme","isPartOf":{"@id":"https:\/\/ticaret.edu.tr\/isletme-bolumu\/en\/#website"},"datePublished":"2025-01-26T17:28:52+00:00","dateModified":"2026-01-20T10:23:16+00:00","breadcrumb":{"@id":"http:\/\/ticaret.edu.tr\/isletme-bolumu\/en\/publications\/#breadcrumb"},"inLanguage":"tr","potentialAction":[{"@type":"ReadAction","target":["http:\/\/ticaret.edu.tr\/isletme-bolumu\/en\/publications\/"]}]},{"@type":"BreadcrumbList","@id":"http:\/\/ticaret.edu.tr\/isletme-bolumu\/en\/publications\/#breadcrumb","itemListElement":[{"@type":"ListItem","position":1,"name":"Ana sayfa","item":"https:\/\/ticaret.edu.tr\/isletme-bolumu\/en\/"},{"@type":"ListItem","position":2,"name":"Publications"}]},{"@type":"WebSite","@id":"https:\/\/ticaret.edu.tr\/isletme-bolumu\/en\/#website","url":"https:\/\/ticaret.edu.tr\/isletme-bolumu\/en\/","name":"\u0130\u015fletme","description":"","potentialAction":[{"@type":"SearchAction","target":{"@type":"EntryPoint","urlTemplate":"https:\/\/ticaret.edu.tr\/isletme-bolumu\/en\/?s={search_term_string}"},"query-input":"required name=search_term_string"}],"inLanguage":"tr"}]}},"lang":"en","translations":{"en":1965,"tr":1919},"pll_sync_post":[],"_links":{"self":[{"href":"http:\/\/ticaret.edu.tr\/isletme-bolumu\/wp-json\/wp\/v2\/pages\/1965"}],"collection":[{"href":"http:\/\/ticaret.edu.tr\/isletme-bolumu\/wp-json\/wp\/v2\/pages"}],"about":[{"href":"http:\/\/ticaret.edu.tr\/isletme-bolumu\/wp-json\/wp\/v2\/types\/page"}],"author":[{"embeddable":true,"href":"http:\/\/ticaret.edu.tr\/isletme-bolumu\/wp-json\/wp\/v2\/users\/58"}],"replies":[{"embeddable":true,"href":"http:\/\/ticaret.edu.tr\/isletme-bolumu\/wp-json\/wp\/v2\/comments?post=1965"}],"version-history":[{"count":3,"href":"http:\/\/ticaret.edu.tr\/isletme-bolumu\/wp-json\/wp\/v2\/pages\/1965\/revisions"}],"predecessor-version":[{"id":2775,"href":"http:\/\/ticaret.edu.tr\/isletme-bolumu\/wp-json\/wp\/v2\/pages\/1965\/revisions\/2775"}],"wp:attachment":[{"href":"http:\/\/ticaret.edu.tr\/isletme-bolumu\/wp-json\/wp\/v2\/media?parent=1965"}],"curies":[{"name":"wp","href":"https:\/\/api.w.org\/{rel}","templated":true}]}}