{"id":1981,"date":"2025-01-26T20:33:00","date_gmt":"2025-01-26T17:33:00","guid":{"rendered":"https:\/\/ticaret.edu.tr\/isletme-bolumu\/?page_id=1981"},"modified":"2026-01-21T14:43:54","modified_gmt":"2026-01-21T11:43:54","slug":"departments-advisory-board","status":"publish","type":"page","link":"http:\/\/ticaret.edu.tr\/isletme-bolumu\/en\/departments-advisory-board\/","title":{"rendered":"Department\u2019s Advisory Board"},"content":{"rendered":"<p>&nbsp;<\/p>\n<table class=\"w-fit min-w-(--thread-content-width)\" data-start=\"80\" data-end=\"877\">\n<thead data-start=\"80\" data-end=\"127\">\n<tr data-start=\"80\" data-end=\"127\">\n<th data-start=\"80\" data-end=\"99\" data-col-size=\"sm\">Title \/ Name Surname<\/th>\n<th data-start=\"99\" data-end=\"117\" data-col-size=\"sm\"><strong data-start=\"27\" data-end=\"42\">Institution<\/strong><\/th>\n<th data-start=\"117\" data-end=\"127\" data-col-size=\"sm\"><strong data-start=\"45\" data-end=\"57\" data-is-only-node=\"\">Position<\/strong><\/th>\n<\/tr>\n<\/thead>\n<tbody data-start=\"142\" data-end=\"877\">\n<tr data-start=\"142\" data-end=\"216\">\n<td data-start=\"142\" data-end=\"167\" data-col-size=\"sm\">Assoc. Prof. Dr. Mehmet SA\u011eLAM<\/td>\n<td data-col-size=\"sm\" data-start=\"167\" data-end=\"199\">\u0130stanbul Ticaret University<\/td>\n<td data-col-size=\"sm\" data-start=\"199\" data-end=\"216\">Head of Department<\/td>\n<\/tr>\n<tr data-start=\"217\" data-end=\"310\">\n<td data-start=\"217\" data-end=\"255\" data-col-size=\"sm\">Asst. Prof. Dr. Nihan YAVUZ AKSAKAL<\/td>\n<td data-col-size=\"sm\" data-start=\"255\" data-end=\"287\">\u0130stanbul Ticaret University<\/td>\n<td data-col-size=\"sm\" data-start=\"287\" data-end=\"310\">Faculty Member<\/td>\n<\/tr>\n<tr data-start=\"311\" data-end=\"390\">\n<td data-start=\"311\" data-end=\"335\" data-col-size=\"sm\">Res. Asst. H\u00fcmeyra Nur HAT\u0130PO\u011eLU<\/td>\n<td data-col-size=\"sm\" data-start=\"335\" data-end=\"367\">\u0130stanbul Ticaret University<\/td>\n<td data-col-size=\"sm\" data-start=\"367\" data-end=\"390\">Department Quality Ambassador<\/td>\n<\/tr>\n<tr data-start=\"391\" data-end=\"455\">\n<td data-start=\"391\" data-end=\"404\" data-col-size=\"sm\">Ahmet \u00d6ZER<\/td>\n<td data-col-size=\"sm\" data-start=\"404\" data-end=\"429\">\u0130stanbul Chamber of Commerce<\/td>\n<td data-col-size=\"sm\" data-start=\"429\" data-end=\"455\">Public Sector Representative<\/td>\n<\/tr>\n<tr data-start=\"456\" data-end=\"520\">\n<td data-start=\"456\" data-end=\"479\" data-col-size=\"sm\">Ba\u015fak Gizem \u00c7ALI\u015eKAN<\/td>\n<td data-col-size=\"sm\" data-start=\"479\" data-end=\"494\">SONY Turkey<\/td>\n<td data-col-size=\"sm\" data-start=\"494\" data-end=\"520\">Private Sector Representative<\/td>\n<\/tr>\n<tr data-start=\"521\" data-end=\"602\">\n<td data-start=\"521\" data-end=\"547\" data-col-size=\"sm\">Assoc. Prof. Dr. Erkan TA\u015eKIRAN<\/td>\n<td data-col-size=\"sm\" data-start=\"547\" data-end=\"568\">D\u00fczce University<\/td>\n<td data-col-size=\"sm\" data-start=\"568\" data-end=\"602\">State University Stakeholder Member<\/td>\n<\/tr>\n<tr data-start=\"603\" data-end=\"698\">\n<td data-start=\"603\" data-end=\"635\" data-col-size=\"sm\">Asst. Prof. Dr. \u00dcyesi. Ahmet ERKASAP<\/td>\n<td data-col-size=\"sm\" data-start=\"635\" data-end=\"665\">\u0130stanbul Gedik University<\/td>\n<td data-col-size=\"sm\" data-start=\"665\" data-end=\"698\">Foundation University Stakeholder Member<\/td>\n<\/tr>\n<tr data-start=\"699\" data-end=\"753\">\n<td data-start=\"699\" data-end=\"717\" data-col-size=\"sm\">Kubilay KARAKA\u015e<\/td>\n<td data-col-size=\"sm\" data-start=\"717\" data-end=\"736\">NetLog Logistics<\/td>\n<td data-col-size=\"sm\" data-start=\"736\" data-end=\"753\">Graduate<\/td>\n<\/tr>\n<tr data-start=\"754\" data-end=\"803\">\n<td data-start=\"754\" data-end=\"771\" data-col-size=\"sm\">Gayenur \u0130\u011eDECI<\/td>\n<td data-col-size=\"sm\" data-start=\"771\" data-end=\"786\">23 Giri\u015fim<\/td>\n<td data-col-size=\"sm\" data-start=\"786\" data-end=\"803\">Graduate<\/td>\n<\/tr>\n<tr data-start=\"804\" data-end=\"877\">\n<td data-start=\"804\" data-end=\"817\" data-col-size=\"sm\">Ceren Azra CAN<\/td>\n<td data-col-size=\"sm\" data-start=\"817\" data-end=\"849\">\u0130stanbul Ticaret University<\/td>\n<td data-col-size=\"sm\" data-start=\"849\" data-end=\"877\">Department Student Representative<\/td>\n<\/tr>\n<\/tbody>\n<\/table>\n<p>&nbsp;<\/p>\n<p><a href=\"http:\/\/ticaret.edu.tr\/isletme-bolumu\/wp-content\/uploads\/sites\/8\/2025\/12\/Bolum-Danisma-Kurulu-Toplanti-Tutanagi-05.06.2025.pdf\">Minutes of the Department Advisory Board Meeting (05.06.2025)<\/a><\/p>\n","protected":false},"excerpt":{"rendered":"<p>&nbsp; Title \/ Name Surname Institution Position Assoc. Prof. Dr. Mehmet SA\u011eLAM \u0130stanbul Ticaret University Head of Department Asst. Prof. Dr. Nihan YAVUZ AKSAKAL \u0130stanbul Ticaret University Faculty Member Res. Asst. H\u00fcmeyra Nur HAT\u0130PO\u011eLU \u0130stanbul Ticaret University Department Quality Ambassador Ahmet \u00d6ZER \u0130stanbul Chamber of Commerce Public Sector Representative Ba\u015fak Gizem \u00c7ALI\u015eKAN SONY Turkey Private [&hellip;]<\/p>\n","protected":false},"author":58,"featured_media":0,"parent":0,"menu_order":0,"comment_status":"closed","ping_status":"closed","template":"genel_sayfa.php","meta":{"footnotes":""},"yoast_head":"<!-- This site is optimized with the Yoast SEO Premium plugin v22.1 (Yoast SEO v22.1) - https:\/\/yoast.com\/wordpress\/plugins\/seo\/ -->\n<title>Department\u2019s Advisory Board - \u0130\u015fletme<\/title>\n<meta name=\"robots\" content=\"index, follow, max-snippet:-1, max-image-preview:large, max-video-preview:-1\" \/>\n<link rel=\"canonical\" href=\"http:\/\/ticaret.edu.tr\/isletme-bolumu\/en\/departments-advisory-board\/\" \/>\n<meta property=\"og:locale\" content=\"tr_TR\" \/>\n<meta property=\"og:type\" content=\"article\" \/>\n<meta property=\"og:title\" content=\"Department\u2019s Advisory Board\" \/>\n<meta property=\"og:description\" content=\"&nbsp; Title \/ Name Surname Institution Position Assoc. Prof. Dr. Mehmet SA\u011eLAM \u0130stanbul Ticaret University Head of Department Asst. Prof. Dr. Nihan YAVUZ AKSAKAL \u0130stanbul Ticaret University Faculty Member Res. Asst. H\u00fcmeyra Nur HAT\u0130PO\u011eLU \u0130stanbul Ticaret University Department Quality Ambassador Ahmet \u00d6ZER \u0130stanbul Chamber of Commerce Public Sector Representative Ba\u015fak Gizem \u00c7ALI\u015eKAN SONY Turkey Private [&hellip;]\" \/>\n<meta property=\"og:url\" content=\"http:\/\/ticaret.edu.tr\/isletme-bolumu\/en\/departments-advisory-board\/\" \/>\n<meta property=\"og:site_name\" content=\"\u0130\u015fletme\" \/>\n<meta property=\"article:publisher\" content=\"https:\/\/www.facebook.com\/ticaretedutr\" \/>\n<meta property=\"article:modified_time\" content=\"2026-01-21T11:43:54+00:00\" \/>\n<meta property=\"og:image\" content=\"http:\/\/ticaret.edu.tr\/isletme-bolumu\/wp-content\/uploads\/sites\/8\/2021\/11\/web_logo-01.jpg\" \/>\n\t<meta property=\"og:image:width\" content=\"1250\" \/>\n\t<meta property=\"og:image:height\" content=\"833\" \/>\n\t<meta property=\"og:image:type\" content=\"image\/jpeg\" \/>\n<meta name=\"twitter:card\" content=\"summary_large_image\" \/>\n<meta name=\"twitter:site\" content=\"@ticaretedutr\" \/>\n<meta name=\"twitter:label1\" content=\"Tahmini okuma s\u00fcresi\" \/>\n\t<meta name=\"twitter:data1\" content=\"1 dakika\" \/>\n<script type=\"application\/ld+json\" class=\"yoast-schema-graph\">{\"@context\":\"https:\/\/schema.org\",\"@graph\":[{\"@type\":\"WebPage\",\"@id\":\"http:\/\/ticaret.edu.tr\/isletme-bolumu\/en\/departments-advisory-board\/\",\"url\":\"http:\/\/ticaret.edu.tr\/isletme-bolumu\/en\/departments-advisory-board\/\",\"name\":\"Department\u2019s Advisory Board - \u0130\u015fletme\",\"isPartOf\":{\"@id\":\"https:\/\/ticaret.edu.tr\/isletme-bolumu\/en\/#website\"},\"datePublished\":\"2025-01-26T17:33:00+00:00\",\"dateModified\":\"2026-01-21T11:43:54+00:00\",\"breadcrumb\":{\"@id\":\"http:\/\/ticaret.edu.tr\/isletme-bolumu\/en\/departments-advisory-board\/#breadcrumb\"},\"inLanguage\":\"tr\",\"potentialAction\":[{\"@type\":\"ReadAction\",\"target\":[\"http:\/\/ticaret.edu.tr\/isletme-bolumu\/en\/departments-advisory-board\/\"]}]},{\"@type\":\"BreadcrumbList\",\"@id\":\"http:\/\/ticaret.edu.tr\/isletme-bolumu\/en\/departments-advisory-board\/#breadcrumb\",\"itemListElement\":[{\"@type\":\"ListItem\",\"position\":1,\"name\":\"Ana sayfa\",\"item\":\"https:\/\/ticaret.edu.tr\/isletme-bolumu\/en\/\"},{\"@type\":\"ListItem\",\"position\":2,\"name\":\"Department\u2019s Advisory Board\"}]},{\"@type\":\"WebSite\",\"@id\":\"https:\/\/ticaret.edu.tr\/isletme-bolumu\/en\/#website\",\"url\":\"https:\/\/ticaret.edu.tr\/isletme-bolumu\/en\/\",\"name\":\"\u0130\u015fletme\",\"description\":\"\",\"potentialAction\":[{\"@type\":\"SearchAction\",\"target\":{\"@type\":\"EntryPoint\",\"urlTemplate\":\"https:\/\/ticaret.edu.tr\/isletme-bolumu\/en\/?s={search_term_string}\"},\"query-input\":\"required name=search_term_string\"}],\"inLanguage\":\"tr\"}]}<\/script>\n<!-- \/ Yoast SEO Premium plugin. -->","yoast_head_json":{"title":"Department\u2019s Advisory Board - \u0130\u015fletme","robots":{"index":"index","follow":"follow","max-snippet":"max-snippet:-1","max-image-preview":"max-image-preview:large","max-video-preview":"max-video-preview:-1"},"canonical":"http:\/\/ticaret.edu.tr\/isletme-bolumu\/en\/departments-advisory-board\/","og_locale":"tr_TR","og_type":"article","og_title":"Department\u2019s Advisory Board","og_description":"&nbsp; Title \/ Name Surname Institution Position Assoc. Prof. Dr. Mehmet SA\u011eLAM \u0130stanbul Ticaret University Head of Department Asst. Prof. Dr. Nihan YAVUZ AKSAKAL \u0130stanbul Ticaret University Faculty Member Res. Asst. H\u00fcmeyra Nur HAT\u0130PO\u011eLU \u0130stanbul Ticaret University Department Quality Ambassador Ahmet \u00d6ZER \u0130stanbul Chamber of Commerce Public Sector Representative Ba\u015fak Gizem \u00c7ALI\u015eKAN SONY Turkey Private [&hellip;]","og_url":"http:\/\/ticaret.edu.tr\/isletme-bolumu\/en\/departments-advisory-board\/","og_site_name":"\u0130\u015fletme","article_publisher":"https:\/\/www.facebook.com\/ticaretedutr","article_modified_time":"2026-01-21T11:43:54+00:00","og_image":[{"width":1250,"height":833,"url":"http:\/\/ticaret.edu.tr\/isletme-bolumu\/wp-content\/uploads\/sites\/8\/2021\/11\/web_logo-01.jpg","type":"image\/jpeg"}],"twitter_card":"summary_large_image","twitter_site":"@ticaretedutr","twitter_misc":{"Tahmini okuma s\u00fcresi":"1 dakika"},"schema":{"@context":"https:\/\/schema.org","@graph":[{"@type":"WebPage","@id":"http:\/\/ticaret.edu.tr\/isletme-bolumu\/en\/departments-advisory-board\/","url":"http:\/\/ticaret.edu.tr\/isletme-bolumu\/en\/departments-advisory-board\/","name":"Department\u2019s Advisory Board - \u0130\u015fletme","isPartOf":{"@id":"https:\/\/ticaret.edu.tr\/isletme-bolumu\/en\/#website"},"datePublished":"2025-01-26T17:33:00+00:00","dateModified":"2026-01-21T11:43:54+00:00","breadcrumb":{"@id":"http:\/\/ticaret.edu.tr\/isletme-bolumu\/en\/departments-advisory-board\/#breadcrumb"},"inLanguage":"tr","potentialAction":[{"@type":"ReadAction","target":["http:\/\/ticaret.edu.tr\/isletme-bolumu\/en\/departments-advisory-board\/"]}]},{"@type":"BreadcrumbList","@id":"http:\/\/ticaret.edu.tr\/isletme-bolumu\/en\/departments-advisory-board\/#breadcrumb","itemListElement":[{"@type":"ListItem","position":1,"name":"Ana sayfa","item":"https:\/\/ticaret.edu.tr\/isletme-bolumu\/en\/"},{"@type":"ListItem","position":2,"name":"Department\u2019s Advisory Board"}]},{"@type":"WebSite","@id":"https:\/\/ticaret.edu.tr\/isletme-bolumu\/en\/#website","url":"https:\/\/ticaret.edu.tr\/isletme-bolumu\/en\/","name":"\u0130\u015fletme","description":"","potentialAction":[{"@type":"SearchAction","target":{"@type":"EntryPoint","urlTemplate":"https:\/\/ticaret.edu.tr\/isletme-bolumu\/en\/?s={search_term_string}"},"query-input":"required name=search_term_string"}],"inLanguage":"tr"}]}},"lang":"en","translations":{"en":1981,"tr":1929},"pll_sync_post":[],"_links":{"self":[{"href":"http:\/\/ticaret.edu.tr\/isletme-bolumu\/wp-json\/wp\/v2\/pages\/1981"}],"collection":[{"href":"http:\/\/ticaret.edu.tr\/isletme-bolumu\/wp-json\/wp\/v2\/pages"}],"about":[{"href":"http:\/\/ticaret.edu.tr\/isletme-bolumu\/wp-json\/wp\/v2\/types\/page"}],"author":[{"embeddable":true,"href":"http:\/\/ticaret.edu.tr\/isletme-bolumu\/wp-json\/wp\/v2\/users\/58"}],"replies":[{"embeddable":true,"href":"http:\/\/ticaret.edu.tr\/isletme-bolumu\/wp-json\/wp\/v2\/comments?post=1981"}],"version-history":[{"count":6,"href":"http:\/\/ticaret.edu.tr\/isletme-bolumu\/wp-json\/wp\/v2\/pages\/1981\/revisions"}],"predecessor-version":[{"id":2782,"href":"http:\/\/ticaret.edu.tr\/isletme-bolumu\/wp-json\/wp\/v2\/pages\/1981\/revisions\/2782"}],"wp:attachment":[{"href":"http:\/\/ticaret.edu.tr\/isletme-bolumu\/wp-json\/wp\/v2\/media?parent=1981"}],"curies":[{"name":"wp","href":"https:\/\/api.w.org\/{rel}","templated":true}]}}