{"id":1990,"date":"2025-01-26T20:10:37","date_gmt":"2025-01-26T17:10:37","guid":{"rendered":"https:\/\/ticaret.edu.tr\/isletme-bolumu\/?page_id=1990"},"modified":"2026-01-20T14:51:30","modified_gmt":"2026-01-20T11:51:30","slug":"double-major-minor-lateral-transfer","status":"publish","type":"page","link":"http:\/\/ticaret.edu.tr\/isletme-bolumu\/en\/double-major-minor-lateral-transfer\/","title":{"rendered":"Double Major &#8211; Minor \/ Lateral Transfer"},"content":{"rendered":"<p data-start=\"31\" data-end=\"89\"><strong data-start=\"31\" data-end=\"89\">Horizontal Transfer with MYP Between Internal Programs<\/strong><\/p>\n<p data-start=\"91\" data-end=\"487\">In applications for internal horizontal transfer with MYP by students of the Department of Business Administration at our university, the base score of the year in which the student was placed by \u00d6SYM is taken as the basis. The student\u2019s \u00d6SYM score for the relevant year must be equal to or higher than the base score of the program they wish to transfer to, according to the relevant score type.<\/p>\n<hr data-start=\"489\" data-end=\"492\" \/>\n<p data-start=\"494\" data-end=\"557\"><strong data-start=\"494\" data-end=\"557\">Inter-Institutional (Domestic) Horizontal Transfer with MYP<\/strong><\/p>\n<p data-start=\"559\" data-end=\"1421\">Students who have been placed in higher education institutions in T\u00fcrkiye by \u00d6SYM may apply for horizontal transfer to the Department of Business Administration. However, candidates who enrolled in higher education institutions abroad through their own means are not included within this scope. In applications, the base score that the student obtained in the year they were placed in their program by \u00d6SYM is taken as the basis. The student\u2019s score must be equal to or higher than the base score of the program they wish to apply to for the relevant year.<br data-start=\"1119\" data-end=\"1122\" \/>(Students who were placed in a higher education program in T\u00fcrkiye with an \u00d6SYS score but started their education abroad without registering, or those who took the \u00d6SYS exam and started their education abroad without registering in any program in T\u00fcrkiye, cannot apply under this provision.)<\/p>\n<hr data-start=\"1423\" data-end=\"1426\" \/>\n<p data-start=\"1428\" data-end=\"1485\" data-is-last-node=\"\" data-is-only-node=\"\"><a href=\"https:\/\/www.mevzuat.gov.tr\/mevzuat?MevzuatNo=7266&amp;MevzuatTur=8&amp;MevzuatTertip=5\"><strong data-start=\"1428\" data-end=\"1485\" data-is-last-node=\"\">Click here for the Double Major and Minor Regulation!<\/strong><\/a><\/p>\n","protected":false},"excerpt":{"rendered":"<p>Horizontal Transfer with MYP Between Internal Programs In applications for internal horizontal transfer with MYP by students of the Department of Business Administration at our university, the base score of the year in which the student was placed by \u00d6SYM is taken as the basis. The student\u2019s \u00d6SYM score for the relevant year must be [&hellip;]<\/p>\n","protected":false},"author":58,"featured_media":0,"parent":0,"menu_order":0,"comment_status":"closed","ping_status":"closed","template":"genel_sayfa.php","meta":{"footnotes":""},"yoast_head":"<!-- This site is optimized with the Yoast SEO Premium plugin v22.1 (Yoast SEO v22.1) - https:\/\/yoast.com\/wordpress\/plugins\/seo\/ -->\n<title>Double Major - Minor \/ Lateral Transfer - \u0130\u015fletme<\/title>\n<meta name=\"robots\" content=\"index, follow, max-snippet:-1, max-image-preview:large, max-video-preview:-1\" \/>\n<link rel=\"canonical\" href=\"http:\/\/ticaret.edu.tr\/isletme-bolumu\/en\/double-major-minor-lateral-transfer\/\" \/>\n<meta property=\"og:locale\" content=\"tr_TR\" \/>\n<meta property=\"og:type\" content=\"article\" \/>\n<meta property=\"og:title\" content=\"Double Major - Minor \/ Lateral Transfer\" \/>\n<meta property=\"og:description\" content=\"Horizontal Transfer with MYP Between Internal Programs In applications for internal horizontal transfer with MYP by students of the Department of Business Administration at our university, the base score of the year in which the student was placed by \u00d6SYM is taken as the basis. The student\u2019s \u00d6SYM score for the relevant year must be [&hellip;]\" \/>\n<meta property=\"og:url\" content=\"http:\/\/ticaret.edu.tr\/isletme-bolumu\/en\/double-major-minor-lateral-transfer\/\" \/>\n<meta property=\"og:site_name\" content=\"\u0130\u015fletme\" \/>\n<meta property=\"article:publisher\" content=\"https:\/\/www.facebook.com\/ticaretedutr\" \/>\n<meta property=\"article:modified_time\" content=\"2026-01-20T11:51:30+00:00\" \/>\n<meta property=\"og:image\" content=\"http:\/\/ticaret.edu.tr\/isletme-bolumu\/wp-content\/uploads\/sites\/8\/2021\/11\/web_logo-01.jpg\" \/>\n\t<meta property=\"og:image:width\" content=\"1250\" \/>\n\t<meta property=\"og:image:height\" content=\"833\" \/>\n\t<meta property=\"og:image:type\" content=\"image\/jpeg\" \/>\n<meta name=\"twitter:card\" content=\"summary_large_image\" \/>\n<meta name=\"twitter:site\" content=\"@ticaretedutr\" \/>\n<meta name=\"twitter:label1\" content=\"Tahmini okuma s\u00fcresi\" \/>\n\t<meta name=\"twitter:data1\" content=\"2 dakika\" \/>\n<script type=\"application\/ld+json\" class=\"yoast-schema-graph\">{\"@context\":\"https:\/\/schema.org\",\"@graph\":[{\"@type\":\"WebPage\",\"@id\":\"http:\/\/ticaret.edu.tr\/isletme-bolumu\/en\/double-major-minor-lateral-transfer\/\",\"url\":\"http:\/\/ticaret.edu.tr\/isletme-bolumu\/en\/double-major-minor-lateral-transfer\/\",\"name\":\"Double Major - Minor \/ Lateral Transfer - \u0130\u015fletme\",\"isPartOf\":{\"@id\":\"https:\/\/ticaret.edu.tr\/isletme-bolumu\/en\/#website\"},\"datePublished\":\"2025-01-26T17:10:37+00:00\",\"dateModified\":\"2026-01-20T11:51:30+00:00\",\"breadcrumb\":{\"@id\":\"http:\/\/ticaret.edu.tr\/isletme-bolumu\/en\/double-major-minor-lateral-transfer\/#breadcrumb\"},\"inLanguage\":\"tr\",\"potentialAction\":[{\"@type\":\"ReadAction\",\"target\":[\"http:\/\/ticaret.edu.tr\/isletme-bolumu\/en\/double-major-minor-lateral-transfer\/\"]}]},{\"@type\":\"BreadcrumbList\",\"@id\":\"http:\/\/ticaret.edu.tr\/isletme-bolumu\/en\/double-major-minor-lateral-transfer\/#breadcrumb\",\"itemListElement\":[{\"@type\":\"ListItem\",\"position\":1,\"name\":\"Ana sayfa\",\"item\":\"https:\/\/ticaret.edu.tr\/isletme-bolumu\/en\/\"},{\"@type\":\"ListItem\",\"position\":2,\"name\":\"Double Major &#8211; Minor \/ Lateral Transfer\"}]},{\"@type\":\"WebSite\",\"@id\":\"https:\/\/ticaret.edu.tr\/isletme-bolumu\/en\/#website\",\"url\":\"https:\/\/ticaret.edu.tr\/isletme-bolumu\/en\/\",\"name\":\"\u0130\u015fletme\",\"description\":\"\",\"potentialAction\":[{\"@type\":\"SearchAction\",\"target\":{\"@type\":\"EntryPoint\",\"urlTemplate\":\"https:\/\/ticaret.edu.tr\/isletme-bolumu\/en\/?s={search_term_string}\"},\"query-input\":\"required name=search_term_string\"}],\"inLanguage\":\"tr\"}]}<\/script>\n<!-- \/ Yoast SEO Premium plugin. -->","yoast_head_json":{"title":"Double Major - Minor \/ Lateral Transfer - \u0130\u015fletme","robots":{"index":"index","follow":"follow","max-snippet":"max-snippet:-1","max-image-preview":"max-image-preview:large","max-video-preview":"max-video-preview:-1"},"canonical":"http:\/\/ticaret.edu.tr\/isletme-bolumu\/en\/double-major-minor-lateral-transfer\/","og_locale":"tr_TR","og_type":"article","og_title":"Double Major - Minor \/ Lateral Transfer","og_description":"Horizontal Transfer with MYP Between Internal Programs In applications for internal horizontal transfer with MYP by students of the Department of Business Administration at our university, the base score of the year in which the student was placed by \u00d6SYM is taken as the basis. The student\u2019s \u00d6SYM score for the relevant year must be [&hellip;]","og_url":"http:\/\/ticaret.edu.tr\/isletme-bolumu\/en\/double-major-minor-lateral-transfer\/","og_site_name":"\u0130\u015fletme","article_publisher":"https:\/\/www.facebook.com\/ticaretedutr","article_modified_time":"2026-01-20T11:51:30+00:00","og_image":[{"width":1250,"height":833,"url":"http:\/\/ticaret.edu.tr\/isletme-bolumu\/wp-content\/uploads\/sites\/8\/2021\/11\/web_logo-01.jpg","type":"image\/jpeg"}],"twitter_card":"summary_large_image","twitter_site":"@ticaretedutr","twitter_misc":{"Tahmini okuma s\u00fcresi":"2 dakika"},"schema":{"@context":"https:\/\/schema.org","@graph":[{"@type":"WebPage","@id":"http:\/\/ticaret.edu.tr\/isletme-bolumu\/en\/double-major-minor-lateral-transfer\/","url":"http:\/\/ticaret.edu.tr\/isletme-bolumu\/en\/double-major-minor-lateral-transfer\/","name":"Double Major - Minor \/ Lateral Transfer - \u0130\u015fletme","isPartOf":{"@id":"https:\/\/ticaret.edu.tr\/isletme-bolumu\/en\/#website"},"datePublished":"2025-01-26T17:10:37+00:00","dateModified":"2026-01-20T11:51:30+00:00","breadcrumb":{"@id":"http:\/\/ticaret.edu.tr\/isletme-bolumu\/en\/double-major-minor-lateral-transfer\/#breadcrumb"},"inLanguage":"tr","potentialAction":[{"@type":"ReadAction","target":["http:\/\/ticaret.edu.tr\/isletme-bolumu\/en\/double-major-minor-lateral-transfer\/"]}]},{"@type":"BreadcrumbList","@id":"http:\/\/ticaret.edu.tr\/isletme-bolumu\/en\/double-major-minor-lateral-transfer\/#breadcrumb","itemListElement":[{"@type":"ListItem","position":1,"name":"Ana sayfa","item":"https:\/\/ticaret.edu.tr\/isletme-bolumu\/en\/"},{"@type":"ListItem","position":2,"name":"Double Major &#8211; Minor \/ Lateral Transfer"}]},{"@type":"WebSite","@id":"https:\/\/ticaret.edu.tr\/isletme-bolumu\/en\/#website","url":"https:\/\/ticaret.edu.tr\/isletme-bolumu\/en\/","name":"\u0130\u015fletme","description":"","potentialAction":[{"@type":"SearchAction","target":{"@type":"EntryPoint","urlTemplate":"https:\/\/ticaret.edu.tr\/isletme-bolumu\/en\/?s={search_term_string}"},"query-input":"required name=search_term_string"}],"inLanguage":"tr"}]}},"lang":"en","translations":{"en":1990,"tr":1887},"pll_sync_post":[],"_links":{"self":[{"href":"http:\/\/ticaret.edu.tr\/isletme-bolumu\/wp-json\/wp\/v2\/pages\/1990"}],"collection":[{"href":"http:\/\/ticaret.edu.tr\/isletme-bolumu\/wp-json\/wp\/v2\/pages"}],"about":[{"href":"http:\/\/ticaret.edu.tr\/isletme-bolumu\/wp-json\/wp\/v2\/types\/page"}],"author":[{"embeddable":true,"href":"http:\/\/ticaret.edu.tr\/isletme-bolumu\/wp-json\/wp\/v2\/users\/58"}],"replies":[{"embeddable":true,"href":"http:\/\/ticaret.edu.tr\/isletme-bolumu\/wp-json\/wp\/v2\/comments?post=1990"}],"version-history":[{"count":6,"href":"http:\/\/ticaret.edu.tr\/isletme-bolumu\/wp-json\/wp\/v2\/pages\/1990\/revisions"}],"predecessor-version":[{"id":2801,"href":"http:\/\/ticaret.edu.tr\/isletme-bolumu\/wp-json\/wp\/v2\/pages\/1990\/revisions\/2801"}],"wp:attachment":[{"href":"http:\/\/ticaret.edu.tr\/isletme-bolumu\/wp-json\/wp\/v2\/media?parent=1990"}],"curies":[{"name":"wp","href":"https:\/\/api.w.org\/{rel}","templated":true}]}}