{"id":2005,"date":"2025-01-26T20:33:45","date_gmt":"2025-01-26T17:33:45","guid":{"rendered":"https:\/\/ticaret.edu.tr\/isletme-bolumu\/?page_id=2005"},"modified":"2026-01-20T13:57:22","modified_gmt":"2026-01-20T10:57:22","slug":"contact-transportation-info","status":"publish","type":"page","link":"http:\/\/ticaret.edu.tr\/isletme-bolumu\/en\/contact-transportation-info\/","title":{"rendered":"Contact &amp; Transportation Info"},"content":{"rendered":"<p data-start=\"0\" data-end=\"68\"><strong>Deparment website: <a href=\"https:\/\/ticaret.edu.tr\/isletme-bolumu\/\">ticaret.edu.tr\/isletme-bolumu<\/a><\/strong><\/p>\n<p data-start=\"0\" data-end=\"68\"><strong>Department E-mail:<\/strong> <a href=\"mailto:macar@ticaret.edu.tr\">macar@ticaret.edu.tr<\/a>, <a href=\"mailto:hnhatipoglu@ticaret.edu.tr\">hnhatipoglu@ticaret.edu.tr<\/a>, <a href=\"mailto:msaglam@ticaret.edu.tr\">msaglam@ticaret.edu.tr<\/a>.<\/p>\n<p data-start=\"0\" data-end=\"68\"><strong data-start=\"0\" data-end=\"18\">TRANSPORTATION<\/strong><br data-start=\"18\" data-end=\"21\" \/>Transportation by public transit is as follows:<\/p>\n<p data-start=\"70\" data-end=\"201\"><strong data-start=\"70\" data-end=\"103\">Taksim \u2013 S\u00fctl\u00fcce (IETT Buses)<\/strong><br data-start=\"103\" data-end=\"106\" \/>Istanbul Commerce University S\u00fctl\u00fcce Campus:<br data-start=\"150\" data-end=\"153\" \/>54HT \u2013 Hask\u00f6y \u2013 Taksim \/ 36T \u2013 Cebeci \u2013 Taksim<\/p>\n<p data-start=\"203\" data-end=\"276\"><strong data-start=\"203\" data-end=\"250\">Mecidiyek\u00f6y \u2013 \u015ei\u015fli \u2013 S\u00fctl\u00fcce (IETT Buses):<\/strong><br data-start=\"250\" data-end=\"253\" \/>54H\u015e \u2013 Hask\u00f6y \u2013 \u015ei\u015fli<\/p>\n<p data-start=\"278\" data-end=\"398\"><strong data-start=\"278\" data-end=\"313\">Emin\u00f6n\u00fc \u2013 S\u00fctl\u00fcce (IETT Buses):<\/strong><br data-start=\"313\" data-end=\"316\" \/>47 \u2013 Ye\u015filp\u0131nar \u2013 Emin\u00f6n\u00fc \/ 47\u00c7 \u2013 G\u00fczeltepe \u2013 Emin\u00f6n\u00fc \/ 47E \u2013 Binevler \u2013 Emin\u00f6n\u00fc<\/p>\n<p data-start=\"400\" data-end=\"470\"><strong data-start=\"400\" data-end=\"448\">Topkap\u0131 \u2013 Seyrantepe \u2013 S\u00fctl\u00fcce (IETT Buses):<\/strong><br data-start=\"448\" data-end=\"451\" \/>41ST \u2013 Seyrantepe<\/p>\n<p data-start=\"472\" data-end=\"507\"><strong data-start=\"472\" data-end=\"505\">\u015ei\u015fhane \/ Alibeyk\u00f6y (Minibus)<\/strong><\/p>\n<p data-start=\"509\" data-end=\"729\" data-is-last-node=\"\" data-is-only-node=\"\">Prospective students and their families who will use the Metrobus can reach our S\u00fctl\u00fcce campus by getting off at the Hal\u0131c\u0131o\u011flu stop and using the 41ST (Seyrantepe \u2013 Topkap\u0131) IETT bus or the Topkap\u0131\u2013Seyrantepe minibuses.<\/p>\n","protected":false},"excerpt":{"rendered":"<p>Deparment website: ticaret.edu.tr\/isletme-bolumu Department E-mail: macar@ticaret.edu.tr, hnhatipoglu@ticaret.edu.tr, msaglam@ticaret.edu.tr. TRANSPORTATIONTransportation by public transit is as follows: Taksim \u2013 S\u00fctl\u00fcce (IETT Buses)Istanbul Commerce University S\u00fctl\u00fcce Campus:54HT \u2013 Hask\u00f6y \u2013 Taksim \/ 36T \u2013 Cebeci \u2013 Taksim Mecidiyek\u00f6y \u2013 \u015ei\u015fli \u2013 S\u00fctl\u00fcce (IETT Buses):54H\u015e \u2013 Hask\u00f6y \u2013 \u015ei\u015fli Emin\u00f6n\u00fc \u2013 S\u00fctl\u00fcce (IETT Buses):47 \u2013 Ye\u015filp\u0131nar \u2013 Emin\u00f6n\u00fc \/ [&hellip;]<\/p>\n","protected":false},"author":58,"featured_media":0,"parent":0,"menu_order":0,"comment_status":"closed","ping_status":"closed","template":"genel_sayfa.php","meta":{"footnotes":""},"yoast_head":"<!-- This site is optimized with the Yoast SEO Premium plugin v22.1 (Yoast SEO v22.1) - https:\/\/yoast.com\/wordpress\/plugins\/seo\/ -->\n<title>Contact &amp; Transportation Info - \u0130\u015fletme<\/title>\n<meta name=\"robots\" content=\"index, follow, max-snippet:-1, max-image-preview:large, max-video-preview:-1\" \/>\n<link rel=\"canonical\" href=\"http:\/\/ticaret.edu.tr\/isletme-bolumu\/en\/contact-transportation-info\/\" \/>\n<meta property=\"og:locale\" content=\"tr_TR\" \/>\n<meta property=\"og:type\" content=\"article\" \/>\n<meta property=\"og:title\" content=\"Contact &amp; Transportation Info\" \/>\n<meta property=\"og:description\" content=\"Deparment website: ticaret.edu.tr\/isletme-bolumu Department E-mail: macar@ticaret.edu.tr, hnhatipoglu@ticaret.edu.tr, msaglam@ticaret.edu.tr. TRANSPORTATIONTransportation by public transit is as follows: Taksim \u2013 S\u00fctl\u00fcce (IETT Buses)Istanbul Commerce University S\u00fctl\u00fcce Campus:54HT \u2013 Hask\u00f6y \u2013 Taksim \/ 36T \u2013 Cebeci \u2013 Taksim Mecidiyek\u00f6y \u2013 \u015ei\u015fli \u2013 S\u00fctl\u00fcce (IETT Buses):54H\u015e \u2013 Hask\u00f6y \u2013 \u015ei\u015fli Emin\u00f6n\u00fc \u2013 S\u00fctl\u00fcce (IETT Buses):47 \u2013 Ye\u015filp\u0131nar \u2013 Emin\u00f6n\u00fc \/ [&hellip;]\" \/>\n<meta property=\"og:url\" content=\"http:\/\/ticaret.edu.tr\/isletme-bolumu\/en\/contact-transportation-info\/\" \/>\n<meta property=\"og:site_name\" content=\"\u0130\u015fletme\" \/>\n<meta property=\"article:publisher\" content=\"https:\/\/www.facebook.com\/ticaretedutr\" \/>\n<meta property=\"article:modified_time\" content=\"2026-01-20T10:57:22+00:00\" \/>\n<meta property=\"og:image\" content=\"http:\/\/ticaret.edu.tr\/isletme-bolumu\/wp-content\/uploads\/sites\/8\/2021\/11\/web_logo-01.jpg\" \/>\n\t<meta property=\"og:image:width\" content=\"1250\" \/>\n\t<meta property=\"og:image:height\" content=\"833\" \/>\n\t<meta property=\"og:image:type\" content=\"image\/jpeg\" \/>\n<meta name=\"twitter:card\" content=\"summary_large_image\" \/>\n<meta name=\"twitter:site\" content=\"@ticaretedutr\" \/>\n<meta name=\"twitter:label1\" content=\"Tahmini okuma s\u00fcresi\" \/>\n\t<meta name=\"twitter:data1\" content=\"1 dakika\" \/>\n<script type=\"application\/ld+json\" class=\"yoast-schema-graph\">{\"@context\":\"https:\/\/schema.org\",\"@graph\":[{\"@type\":\"WebPage\",\"@id\":\"http:\/\/ticaret.edu.tr\/isletme-bolumu\/en\/contact-transportation-info\/\",\"url\":\"http:\/\/ticaret.edu.tr\/isletme-bolumu\/en\/contact-transportation-info\/\",\"name\":\"Contact &amp; Transportation Info - \u0130\u015fletme\",\"isPartOf\":{\"@id\":\"http:\/\/ticaret.edu.tr\/isletme-bolumu\/#website\"},\"datePublished\":\"2025-01-26T17:33:45+00:00\",\"dateModified\":\"2026-01-20T10:57:22+00:00\",\"breadcrumb\":{\"@id\":\"http:\/\/ticaret.edu.tr\/isletme-bolumu\/en\/contact-transportation-info\/#breadcrumb\"},\"inLanguage\":\"tr\",\"potentialAction\":[{\"@type\":\"ReadAction\",\"target\":[\"http:\/\/ticaret.edu.tr\/isletme-bolumu\/en\/contact-transportation-info\/\"]}]},{\"@type\":\"BreadcrumbList\",\"@id\":\"http:\/\/ticaret.edu.tr\/isletme-bolumu\/en\/contact-transportation-info\/#breadcrumb\",\"itemListElement\":[{\"@type\":\"ListItem\",\"position\":1,\"name\":\"Ana sayfa\",\"item\":\"https:\/\/ticaret.edu.tr\/isletme-bolumu\/en\/\"},{\"@type\":\"ListItem\",\"position\":2,\"name\":\"Contact &amp; Transportation Info\"}]},{\"@type\":\"WebSite\",\"@id\":\"http:\/\/ticaret.edu.tr\/isletme-bolumu\/#website\",\"url\":\"http:\/\/ticaret.edu.tr\/isletme-bolumu\/\",\"name\":\"\u0130\u015fletme\",\"description\":\"\",\"potentialAction\":[{\"@type\":\"SearchAction\",\"target\":{\"@type\":\"EntryPoint\",\"urlTemplate\":\"http:\/\/ticaret.edu.tr\/isletme-bolumu\/?s={search_term_string}\"},\"query-input\":\"required name=search_term_string\"}],\"inLanguage\":\"tr\"}]}<\/script>\n<!-- \/ Yoast SEO Premium plugin. -->","yoast_head_json":{"title":"Contact &amp; Transportation Info - \u0130\u015fletme","robots":{"index":"index","follow":"follow","max-snippet":"max-snippet:-1","max-image-preview":"max-image-preview:large","max-video-preview":"max-video-preview:-1"},"canonical":"http:\/\/ticaret.edu.tr\/isletme-bolumu\/en\/contact-transportation-info\/","og_locale":"tr_TR","og_type":"article","og_title":"Contact &amp; Transportation Info","og_description":"Deparment website: ticaret.edu.tr\/isletme-bolumu Department E-mail: macar@ticaret.edu.tr, hnhatipoglu@ticaret.edu.tr, msaglam@ticaret.edu.tr. TRANSPORTATIONTransportation by public transit is as follows: Taksim \u2013 S\u00fctl\u00fcce (IETT Buses)Istanbul Commerce University S\u00fctl\u00fcce Campus:54HT \u2013 Hask\u00f6y \u2013 Taksim \/ 36T \u2013 Cebeci \u2013 Taksim Mecidiyek\u00f6y \u2013 \u015ei\u015fli \u2013 S\u00fctl\u00fcce (IETT Buses):54H\u015e \u2013 Hask\u00f6y \u2013 \u015ei\u015fli Emin\u00f6n\u00fc \u2013 S\u00fctl\u00fcce (IETT Buses):47 \u2013 Ye\u015filp\u0131nar \u2013 Emin\u00f6n\u00fc \/ [&hellip;]","og_url":"http:\/\/ticaret.edu.tr\/isletme-bolumu\/en\/contact-transportation-info\/","og_site_name":"\u0130\u015fletme","article_publisher":"https:\/\/www.facebook.com\/ticaretedutr","article_modified_time":"2026-01-20T10:57:22+00:00","og_image":[{"width":1250,"height":833,"url":"http:\/\/ticaret.edu.tr\/isletme-bolumu\/wp-content\/uploads\/sites\/8\/2021\/11\/web_logo-01.jpg","type":"image\/jpeg"}],"twitter_card":"summary_large_image","twitter_site":"@ticaretedutr","twitter_misc":{"Tahmini okuma s\u00fcresi":"1 dakika"},"schema":{"@context":"https:\/\/schema.org","@graph":[{"@type":"WebPage","@id":"http:\/\/ticaret.edu.tr\/isletme-bolumu\/en\/contact-transportation-info\/","url":"http:\/\/ticaret.edu.tr\/isletme-bolumu\/en\/contact-transportation-info\/","name":"Contact &amp; Transportation Info - \u0130\u015fletme","isPartOf":{"@id":"http:\/\/ticaret.edu.tr\/isletme-bolumu\/#website"},"datePublished":"2025-01-26T17:33:45+00:00","dateModified":"2026-01-20T10:57:22+00:00","breadcrumb":{"@id":"http:\/\/ticaret.edu.tr\/isletme-bolumu\/en\/contact-transportation-info\/#breadcrumb"},"inLanguage":"tr","potentialAction":[{"@type":"ReadAction","target":["http:\/\/ticaret.edu.tr\/isletme-bolumu\/en\/contact-transportation-info\/"]}]},{"@type":"BreadcrumbList","@id":"http:\/\/ticaret.edu.tr\/isletme-bolumu\/en\/contact-transportation-info\/#breadcrumb","itemListElement":[{"@type":"ListItem","position":1,"name":"Ana sayfa","item":"https:\/\/ticaret.edu.tr\/isletme-bolumu\/en\/"},{"@type":"ListItem","position":2,"name":"Contact &amp; Transportation Info"}]},{"@type":"WebSite","@id":"http:\/\/ticaret.edu.tr\/isletme-bolumu\/#website","url":"http:\/\/ticaret.edu.tr\/isletme-bolumu\/","name":"\u0130\u015fletme","description":"","potentialAction":[{"@type":"SearchAction","target":{"@type":"EntryPoint","urlTemplate":"http:\/\/ticaret.edu.tr\/isletme-bolumu\/?s={search_term_string}"},"query-input":"required name=search_term_string"}],"inLanguage":"tr"}]}},"lang":"en","translations":{"en":2005,"tr":1879},"pll_sync_post":[],"_links":{"self":[{"href":"http:\/\/ticaret.edu.tr\/isletme-bolumu\/wp-json\/wp\/v2\/pages\/2005"}],"collection":[{"href":"http:\/\/ticaret.edu.tr\/isletme-bolumu\/wp-json\/wp\/v2\/pages"}],"about":[{"href":"http:\/\/ticaret.edu.tr\/isletme-bolumu\/wp-json\/wp\/v2\/types\/page"}],"author":[{"embeddable":true,"href":"http:\/\/ticaret.edu.tr\/isletme-bolumu\/wp-json\/wp\/v2\/users\/58"}],"replies":[{"embeddable":true,"href":"http:\/\/ticaret.edu.tr\/isletme-bolumu\/wp-json\/wp\/v2\/comments?post=2005"}],"version-history":[{"count":5,"href":"http:\/\/ticaret.edu.tr\/isletme-bolumu\/wp-json\/wp\/v2\/pages\/2005\/revisions"}],"predecessor-version":[{"id":2786,"href":"http:\/\/ticaret.edu.tr\/isletme-bolumu\/wp-json\/wp\/v2\/pages\/2005\/revisions\/2786"}],"wp:attachment":[{"href":"http:\/\/ticaret.edu.tr\/isletme-bolumu\/wp-json\/wp\/v2\/media?parent=2005"}],"curies":[{"name":"wp","href":"https:\/\/api.w.org\/{rel}","templated":true}]}}