{"id":2025,"date":"2025-01-26T20:14:19","date_gmt":"2025-01-26T17:14:19","guid":{"rendered":"https:\/\/ticaret.edu.tr\/isletme-bolumu\/?page_id=2025"},"modified":"2026-01-20T15:19:47","modified_gmt":"2026-01-20T12:19:47","slug":"alumni","status":"publish","type":"page","link":"http:\/\/ticaret.edu.tr\/isletme-bolumu\/en\/alumni\/","title":{"rendered":"Alumni"},"content":{"rendered":"<p data-start=\"0\" data-end=\"76\"><strong data-start=\"0\" data-end=\"20\">Kardelen C\u0130\u011eERC\u0130<\/strong><br data-start=\"20\" data-end=\"23\" \/><em data-start=\"23\" data-end=\"76\">Kardelen C\u0130\u011eERC\u0130 \u2013 Entrepreneur and Content Creator<\/em><\/p>\n<p data-start=\"78\" data-end=\"999\">I graduated from the Department of Business Administration at Istanbul Ticaret University in 2023. While continuing my education, thanks to the knowledge and experience I gained, I had the opportunity to establish my own business before graduation. Through the internship opportunities provided by our Career Center, I completed an internship at a major e-commerce company in my first year. In addition, KAMER continuously supported us until graduation in order to help us build our careers in the best possible way. The sincere and supportive attitudes of our distinguished academic staff were especially valuable. Thanks to this environment, I was able to take an active role not only in courses but also in social activities, and I continued to develop myself day by day. The years I spent at Istanbul Ticaret University were extremely valuable not only for my professional career but also for my personal development.<\/p>\n<hr data-start=\"1001\" data-end=\"1004\" \/>\n<p data-start=\"1006\" data-end=\"1101\"><strong data-start=\"1006\" data-end=\"1020\">Onur KO\u00c7AK<\/strong><br data-start=\"1020\" data-end=\"1023\" \/><em data-start=\"1023\" data-end=\"1101\">Onur KO\u00c7AK \u2013 KMS Industrial Kitchen Machinery \u2013 Digital Marketing Specialist<\/em><\/p>\n<p data-start=\"1103\" data-end=\"2659\" data-is-last-node=\"\" data-is-only-node=\"\">As a graduate of the Department of Business Administration at Istanbul Ticaret University and an employee in the private sector, I would like to share my university experience with you. First of all, I should state that I entered Istanbul Ticaret University as a student who did not like school, but graduated as a young person who fell in love with learning and education. I am grateful to my professors who successfully applied the dynamics of education and effective communication in teaching. Their approach to us was always sincere, like that of a close friend. The first gift my university gave me was the opportunity to pursue a double major (\u00c7AP) in the Department of International Trade with a 100% scholarship. Through the double major program and the broad elective course curriculum, I had the chance to take versatile courses that helped me improve myself. Attending courses, especially in marketing and digital transformation, with experienced professors was highly enjoyable. By taking an active role in student clubs, I had the opportunity to meet many professionals from the business world and within the Istanbul Chamber of Commerce. Thanks to the social and commercial structure of our university, we organized events with experts in their fields. Through the Career Center, I gained work experience by completing internships at corporate companies. Seeing the benefits of the social networks I built at university in my ongoing professional life makes me happy, and I proudly say that I am glad I studied at Istanbul Ticaret University.<\/p>\n","protected":false},"excerpt":{"rendered":"<p>Kardelen C\u0130\u011eERC\u0130Kardelen C\u0130\u011eERC\u0130 \u2013 Entrepreneur and Content Creator I graduated from the Department of Business Administration at Istanbul Ticaret University in 2023. While continuing my education, thanks to the knowledge and experience I gained, I had the opportunity to establish my own business before graduation. Through the internship opportunities provided by our Career Center, I [&hellip;]<\/p>\n","protected":false},"author":58,"featured_media":0,"parent":0,"menu_order":0,"comment_status":"closed","ping_status":"closed","template":"genel_sayfa.php","meta":{"footnotes":""},"yoast_head":"<!-- This site is optimized with the Yoast SEO Premium plugin v22.1 (Yoast SEO v22.1) - https:\/\/yoast.com\/wordpress\/plugins\/seo\/ -->\n<title>Alumni - \u0130\u015fletme<\/title>\n<meta name=\"robots\" content=\"index, follow, max-snippet:-1, max-image-preview:large, max-video-preview:-1\" \/>\n<link rel=\"canonical\" href=\"http:\/\/ticaret.edu.tr\/isletme-bolumu\/en\/alumni\/\" \/>\n<meta property=\"og:locale\" content=\"tr_TR\" \/>\n<meta property=\"og:type\" content=\"article\" \/>\n<meta property=\"og:title\" content=\"Alumni\" \/>\n<meta property=\"og:description\" content=\"Kardelen C\u0130\u011eERC\u0130Kardelen C\u0130\u011eERC\u0130 \u2013 Entrepreneur and Content Creator I graduated from the Department of Business Administration at Istanbul Ticaret University in 2023. While continuing my education, thanks to the knowledge and experience I gained, I had the opportunity to establish my own business before graduation. Through the internship opportunities provided by our Career Center, I [&hellip;]\" \/>\n<meta property=\"og:url\" content=\"http:\/\/ticaret.edu.tr\/isletme-bolumu\/en\/alumni\/\" \/>\n<meta property=\"og:site_name\" content=\"\u0130\u015fletme\" \/>\n<meta property=\"article:publisher\" content=\"https:\/\/www.facebook.com\/ticaretedutr\" \/>\n<meta property=\"article:modified_time\" content=\"2026-01-20T12:19:47+00:00\" \/>\n<meta property=\"og:image\" content=\"http:\/\/ticaret.edu.tr\/isletme-bolumu\/wp-content\/uploads\/sites\/8\/2021\/11\/web_logo-01.jpg\" \/>\n\t<meta property=\"og:image:width\" content=\"1250\" \/>\n\t<meta property=\"og:image:height\" content=\"833\" \/>\n\t<meta property=\"og:image:type\" content=\"image\/jpeg\" \/>\n<meta name=\"twitter:card\" content=\"summary_large_image\" \/>\n<meta name=\"twitter:site\" content=\"@ticaretedutr\" \/>\n<meta name=\"twitter:label1\" content=\"Tahmini okuma s\u00fcresi\" \/>\n\t<meta name=\"twitter:data1\" content=\"3 dakika\" \/>\n<script type=\"application\/ld+json\" class=\"yoast-schema-graph\">{\"@context\":\"https:\/\/schema.org\",\"@graph\":[{\"@type\":\"WebPage\",\"@id\":\"http:\/\/ticaret.edu.tr\/isletme-bolumu\/en\/alumni\/\",\"url\":\"http:\/\/ticaret.edu.tr\/isletme-bolumu\/en\/alumni\/\",\"name\":\"Alumni - \u0130\u015fletme\",\"isPartOf\":{\"@id\":\"https:\/\/ticaret.edu.tr\/isletme-bolumu\/en\/#website\"},\"datePublished\":\"2025-01-26T17:14:19+00:00\",\"dateModified\":\"2026-01-20T12:19:47+00:00\",\"breadcrumb\":{\"@id\":\"http:\/\/ticaret.edu.tr\/isletme-bolumu\/en\/alumni\/#breadcrumb\"},\"inLanguage\":\"tr\",\"potentialAction\":[{\"@type\":\"ReadAction\",\"target\":[\"http:\/\/ticaret.edu.tr\/isletme-bolumu\/en\/alumni\/\"]}]},{\"@type\":\"BreadcrumbList\",\"@id\":\"http:\/\/ticaret.edu.tr\/isletme-bolumu\/en\/alumni\/#breadcrumb\",\"itemListElement\":[{\"@type\":\"ListItem\",\"position\":1,\"name\":\"Ana sayfa\",\"item\":\"https:\/\/ticaret.edu.tr\/isletme-bolumu\/en\/\"},{\"@type\":\"ListItem\",\"position\":2,\"name\":\"Alumni\"}]},{\"@type\":\"WebSite\",\"@id\":\"https:\/\/ticaret.edu.tr\/isletme-bolumu\/en\/#website\",\"url\":\"https:\/\/ticaret.edu.tr\/isletme-bolumu\/en\/\",\"name\":\"\u0130\u015fletme\",\"description\":\"\",\"potentialAction\":[{\"@type\":\"SearchAction\",\"target\":{\"@type\":\"EntryPoint\",\"urlTemplate\":\"https:\/\/ticaret.edu.tr\/isletme-bolumu\/en\/?s={search_term_string}\"},\"query-input\":\"required name=search_term_string\"}],\"inLanguage\":\"tr\"}]}<\/script>\n<!-- \/ Yoast SEO Premium plugin. -->","yoast_head_json":{"title":"Alumni - \u0130\u015fletme","robots":{"index":"index","follow":"follow","max-snippet":"max-snippet:-1","max-image-preview":"max-image-preview:large","max-video-preview":"max-video-preview:-1"},"canonical":"http:\/\/ticaret.edu.tr\/isletme-bolumu\/en\/alumni\/","og_locale":"tr_TR","og_type":"article","og_title":"Alumni","og_description":"Kardelen C\u0130\u011eERC\u0130Kardelen C\u0130\u011eERC\u0130 \u2013 Entrepreneur and Content Creator I graduated from the Department of Business Administration at Istanbul Ticaret University in 2023. While continuing my education, thanks to the knowledge and experience I gained, I had the opportunity to establish my own business before graduation. Through the internship opportunities provided by our Career Center, I [&hellip;]","og_url":"http:\/\/ticaret.edu.tr\/isletme-bolumu\/en\/alumni\/","og_site_name":"\u0130\u015fletme","article_publisher":"https:\/\/www.facebook.com\/ticaretedutr","article_modified_time":"2026-01-20T12:19:47+00:00","og_image":[{"width":1250,"height":833,"url":"http:\/\/ticaret.edu.tr\/isletme-bolumu\/wp-content\/uploads\/sites\/8\/2021\/11\/web_logo-01.jpg","type":"image\/jpeg"}],"twitter_card":"summary_large_image","twitter_site":"@ticaretedutr","twitter_misc":{"Tahmini okuma s\u00fcresi":"3 dakika"},"schema":{"@context":"https:\/\/schema.org","@graph":[{"@type":"WebPage","@id":"http:\/\/ticaret.edu.tr\/isletme-bolumu\/en\/alumni\/","url":"http:\/\/ticaret.edu.tr\/isletme-bolumu\/en\/alumni\/","name":"Alumni - \u0130\u015fletme","isPartOf":{"@id":"https:\/\/ticaret.edu.tr\/isletme-bolumu\/en\/#website"},"datePublished":"2025-01-26T17:14:19+00:00","dateModified":"2026-01-20T12:19:47+00:00","breadcrumb":{"@id":"http:\/\/ticaret.edu.tr\/isletme-bolumu\/en\/alumni\/#breadcrumb"},"inLanguage":"tr","potentialAction":[{"@type":"ReadAction","target":["http:\/\/ticaret.edu.tr\/isletme-bolumu\/en\/alumni\/"]}]},{"@type":"BreadcrumbList","@id":"http:\/\/ticaret.edu.tr\/isletme-bolumu\/en\/alumni\/#breadcrumb","itemListElement":[{"@type":"ListItem","position":1,"name":"Ana sayfa","item":"https:\/\/ticaret.edu.tr\/isletme-bolumu\/en\/"},{"@type":"ListItem","position":2,"name":"Alumni"}]},{"@type":"WebSite","@id":"https:\/\/ticaret.edu.tr\/isletme-bolumu\/en\/#website","url":"https:\/\/ticaret.edu.tr\/isletme-bolumu\/en\/","name":"\u0130\u015fletme","description":"","potentialAction":[{"@type":"SearchAction","target":{"@type":"EntryPoint","urlTemplate":"https:\/\/ticaret.edu.tr\/isletme-bolumu\/en\/?s={search_term_string}"},"query-input":"required name=search_term_string"}],"inLanguage":"tr"}]}},"lang":"en","translations":{"tr":1895,"en":2025},"pll_sync_post":[],"_links":{"self":[{"href":"http:\/\/ticaret.edu.tr\/isletme-bolumu\/wp-json\/wp\/v2\/pages\/2025"}],"collection":[{"href":"http:\/\/ticaret.edu.tr\/isletme-bolumu\/wp-json\/wp\/v2\/pages"}],"about":[{"href":"http:\/\/ticaret.edu.tr\/isletme-bolumu\/wp-json\/wp\/v2\/types\/page"}],"author":[{"embeddable":true,"href":"http:\/\/ticaret.edu.tr\/isletme-bolumu\/wp-json\/wp\/v2\/users\/58"}],"replies":[{"embeddable":true,"href":"http:\/\/ticaret.edu.tr\/isletme-bolumu\/wp-json\/wp\/v2\/comments?post=2025"}],"version-history":[{"count":2,"href":"http:\/\/ticaret.edu.tr\/isletme-bolumu\/wp-json\/wp\/v2\/pages\/2025\/revisions"}],"predecessor-version":[{"id":2806,"href":"http:\/\/ticaret.edu.tr\/isletme-bolumu\/wp-json\/wp\/v2\/pages\/2025\/revisions\/2806"}],"wp:attachment":[{"href":"http:\/\/ticaret.edu.tr\/isletme-bolumu\/wp-json\/wp\/v2\/media?parent=2025"}],"curies":[{"name":"wp","href":"https:\/\/api.w.org\/{rel}","templated":true}]}}