{"id":2029,"date":"2025-01-26T20:11:46","date_gmt":"2025-01-26T17:11:46","guid":{"rendered":"https:\/\/ticaret.edu.tr\/isletme-bolumu\/?page_id=2029"},"modified":"2026-01-20T15:13:14","modified_gmt":"2026-01-20T12:13:14","slug":"undergraduate-student-exchange-programs-erasmus","status":"publish","type":"page","link":"http:\/\/ticaret.edu.tr\/isletme-bolumu\/en\/undergraduate-student-exchange-programs-erasmus\/","title":{"rendered":"Undergraduate Student Exchange Programs \/ Erasmus"},"content":{"rendered":"<table style=\"height: 920px\" width=\"1168\">\n<tbody>\n<tr>\n<td width=\"95\"><b>No<\/b><\/td>\n<td width=\"116\"><b>Fak\u00fclte<\/b><\/td>\n<td width=\"116\"><b>B\u00f6l\u00fcm<\/b><\/td>\n<td width=\"223\"><b>\u00dclke<\/b><\/td>\n<td width=\"771\"><b>\u00dcniversite<\/b><\/td>\n<\/tr>\n<tr>\n<td width=\"95\"><b>1<\/b><\/td>\n<td width=\"116\">Faculty of Business Administration<\/td>\n<td width=\"116\">Business Administration<\/td>\n<td width=\"223\">Austria<\/td>\n<td width=\"771\">FACHHOCHSCHULE VORARLBERG GMBH<\/td>\n<\/tr>\n<tr>\n<td width=\"95\"><b>2<\/b><\/td>\n<td width=\"116\">Faculty of Business Administration<\/td>\n<td width=\"116\">Business Administration<\/td>\n<td width=\"223\">Belgium<\/td>\n<td width=\"771\">KAREL DE GROTE HOGESCHOOL KATHOLIEKE HOGESCHOOL ANTWERPEN<\/td>\n<\/tr>\n<tr>\n<td width=\"95\"><b>3<\/b><\/td>\n<td width=\"116\">Faculty of Business Administration<\/td>\n<td width=\"116\">Business Administration<\/td>\n<td width=\"223\">Belgium<\/td>\n<td width=\"771\">ARTEVELDEHOGESCHOOL<\/td>\n<\/tr>\n<tr>\n<td width=\"95\"><b>4<\/b><\/td>\n<td width=\"116\">Faculty of Business Administration<\/td>\n<td width=\"116\">Business Administration<\/td>\n<td width=\"223\">Belgium<\/td>\n<td width=\"771\">ARTEVELDEHOGESCHOOL<\/td>\n<\/tr>\n<tr>\n<td width=\"95\"><b>5<\/b><\/td>\n<td width=\"116\">Faculty of Business Administration<\/td>\n<td width=\"116\">Business Administration<\/td>\n<td width=\"223\">Bulgaria<\/td>\n<td width=\"771\">UNIVERSITY OF NATIONAL AND WORLD ECONOMY<\/td>\n<\/tr>\n<tr>\n<td width=\"95\"><b>6<\/b><\/td>\n<td width=\"116\">Faculty of Business Administration<\/td>\n<td width=\"116\">Business Administration<\/td>\n<td width=\"223\">Germany<\/td>\n<td width=\"771\">HOCHSCHULE BOCHUM<\/td>\n<\/tr>\n<tr>\n<td width=\"95\"><b>7<\/b><\/td>\n<td width=\"116\">Faculty of Business Administration<\/td>\n<td width=\"116\">Business Administration<\/td>\n<td width=\"223\">Germany<\/td>\n<td width=\"771\">UNIVERSITAET BREMEN<\/td>\n<\/tr>\n<tr>\n<td width=\"95\"><b>8<\/b><\/td>\n<td width=\"116\">Faculty of Business Administration<\/td>\n<td width=\"116\">Business Administration<\/td>\n<td width=\"223\">Germany<\/td>\n<td width=\"771\">HOCHSCHULE DUSSELDORF<\/td>\n<\/tr>\n<tr>\n<td width=\"95\"><b>9<\/b><\/td>\n<td width=\"116\">Faculty of Business Administration<\/td>\n<td width=\"116\">Business Administration<\/td>\n<td width=\"223\">Germany<\/td>\n<td width=\"771\">FRANKFURT UNIVERSITY OF APPLIED SCIENCES<\/td>\n<\/tr>\n<tr>\n<td width=\"95\"><b>10<\/b><\/td>\n<td width=\"116\">Faculty of Business Administration<\/td>\n<td width=\"116\">Business Administration<\/td>\n<td width=\"223\">Germany<\/td>\n<td width=\"771\">FRANKFURT UNIVERSITY OF APPLIED SCIENCES<\/td>\n<\/tr>\n<\/tbody>\n<\/table>\n<table style=\"height: 744px\" width=\"1169\">\n<tbody>\n<tr>\n<td width=\"48\"><b>11<\/b><\/td>\n<td width=\"58\">Faculty of Business Administration<\/td>\n<td width=\"58\">Business Administration<\/td>\n<td width=\"113\">Germany<\/td>\n<td width=\"390\">HOCHSCHULE SCHMALKALDEN<\/td>\n<\/tr>\n<tr>\n<td width=\"48\"><b>12<\/b><\/td>\n<td width=\"58\">Faculty of Business Administration<\/td>\n<td width=\"58\">Business Administration<\/td>\n<td width=\"113\">Germany<\/td>\n<td width=\"390\">HOCHSCHULE HARZ<\/td>\n<\/tr>\n<tr>\n<td width=\"48\"><b>13<\/b><\/td>\n<td width=\"58\">Faculty of Business Administration<\/td>\n<td width=\"58\">Business Administration<\/td>\n<td width=\"113\">Danmark<\/td>\n<td width=\"390\">ERHVERVSAKADEMI AARHUS<\/td>\n<\/tr>\n<tr>\n<td width=\"48\"><b>14<\/b><\/td>\n<td width=\"58\">Faculty of Business Administration<\/td>\n<td width=\"58\">Business Administration<\/td>\n<td width=\"113\">Spain<\/td>\n<td width=\"390\">FUNDACION UNIVERSIDAD LOYOLA ANDALUCIA<\/td>\n<\/tr>\n<tr>\n<td width=\"48\"><b>15<\/b><\/td>\n<td width=\"58\">Faculty of Business Administration<\/td>\n<td width=\"58\">Business Administration<\/td>\n<td width=\"113\">Spain<\/td>\n<td width=\"390\">UNIVERSIDAD DE GRANADA<\/td>\n<\/tr>\n<tr>\n<td width=\"48\"><b>16<\/b><\/td>\n<td width=\"58\">Faculty of Business Administration<\/td>\n<td width=\"58\">Business Administration<\/td>\n<td width=\"113\">Spain<\/td>\n<td width=\"390\">UNIVERSIDAD DE GRANADA<\/td>\n<\/tr>\n<tr>\n<td width=\"48\"><b>17<\/b><\/td>\n<td width=\"58\">Faculty of Business Administration<\/td>\n<td width=\"58\">Business Administration<\/td>\n<td width=\"113\">Spain<\/td>\n<td width=\"390\">FUNDACION UNIVERSITARIA SAN ANTONIO<\/td>\n<\/tr>\n<tr>\n<td width=\"48\"><b>18<\/b><\/td>\n<td width=\"58\">Faculty of Business Administration<\/td>\n<td width=\"58\">Business Administration<\/td>\n<td width=\"113\">Spain<\/td>\n<td width=\"390\">UNIVERSIDADE da CORU\u00d1A<\/td>\n<\/tr>\n<tr>\n<td width=\"48\"><b>19<\/b><\/td>\n<td width=\"58\">Faculty of Business Administration<\/td>\n<td width=\"58\">Business Administration<\/td>\n<td width=\"113\">France<\/td>\n<td width=\"390\">ECOLE DE MANAGEMENT DE NORMANDIE<\/td>\n<\/tr>\n<tr>\n<td width=\"48\"><b>20<\/b><\/td>\n<td width=\"58\">Faculty of Business Administration<\/td>\n<td width=\"58\">Business Administration<\/td>\n<td width=\"113\">France<\/td>\n<td width=\"390\">ECOLE DE MANAGEMENT DE NORMANDIE<\/td>\n<\/tr>\n<\/tbody>\n<\/table>\n","protected":false},"excerpt":{"rendered":"<p>No Fak\u00fclte B\u00f6l\u00fcm \u00dclke \u00dcniversite 1 Faculty of Business Administration Business Administration Austria FACHHOCHSCHULE VORARLBERG GMBH 2 Faculty of Business Administration Business Administration Belgium KAREL DE GROTE HOGESCHOOL KATHOLIEKE HOGESCHOOL ANTWERPEN 3 Faculty of Business Administration Business Administration Belgium ARTEVELDEHOGESCHOOL 4 Faculty of Business Administration Business Administration Belgium ARTEVELDEHOGESCHOOL 5 Faculty of Business Administration Business [&hellip;]<\/p>\n","protected":false},"author":58,"featured_media":0,"parent":0,"menu_order":0,"comment_status":"closed","ping_status":"closed","template":"genel_sayfa.php","meta":{"footnotes":""},"yoast_head":"<!-- This site is optimized with the Yoast SEO Premium plugin v22.1 (Yoast SEO v22.1) - https:\/\/yoast.com\/wordpress\/plugins\/seo\/ -->\n<title>Undergraduate Student Exchange Programs \/ Erasmus - \u0130\u015fletme<\/title>\n<meta name=\"robots\" content=\"index, follow, max-snippet:-1, max-image-preview:large, max-video-preview:-1\" \/>\n<link rel=\"canonical\" href=\"http:\/\/ticaret.edu.tr\/isletme-bolumu\/en\/undergraduate-student-exchange-programs-erasmus\/\" \/>\n<meta property=\"og:locale\" content=\"tr_TR\" \/>\n<meta property=\"og:type\" content=\"article\" \/>\n<meta property=\"og:title\" content=\"Undergraduate Student Exchange Programs \/ Erasmus\" \/>\n<meta property=\"og:description\" content=\"No Fak\u00fclte B\u00f6l\u00fcm \u00dclke \u00dcniversite 1 Faculty of Business Administration Business Administration Austria FACHHOCHSCHULE VORARLBERG GMBH 2 Faculty of Business Administration Business Administration Belgium KAREL DE GROTE HOGESCHOOL KATHOLIEKE HOGESCHOOL ANTWERPEN 3 Faculty of Business Administration Business Administration Belgium ARTEVELDEHOGESCHOOL 4 Faculty of Business Administration Business Administration Belgium ARTEVELDEHOGESCHOOL 5 Faculty of Business Administration Business [&hellip;]\" \/>\n<meta property=\"og:url\" content=\"http:\/\/ticaret.edu.tr\/isletme-bolumu\/en\/undergraduate-student-exchange-programs-erasmus\/\" \/>\n<meta property=\"og:site_name\" content=\"\u0130\u015fletme\" \/>\n<meta property=\"article:publisher\" content=\"https:\/\/www.facebook.com\/ticaretedutr\" \/>\n<meta property=\"article:modified_time\" content=\"2026-01-20T12:13:14+00:00\" \/>\n<meta property=\"og:image\" content=\"http:\/\/ticaret.edu.tr\/isletme-bolumu\/wp-content\/uploads\/sites\/8\/2021\/11\/web_logo-01.jpg\" \/>\n\t<meta property=\"og:image:width\" content=\"1250\" \/>\n\t<meta property=\"og:image:height\" content=\"833\" \/>\n\t<meta property=\"og:image:type\" content=\"image\/jpeg\" \/>\n<meta name=\"twitter:card\" content=\"summary_large_image\" \/>\n<meta name=\"twitter:site\" content=\"@ticaretedutr\" \/>\n<meta name=\"twitter:label1\" content=\"Tahmini okuma s\u00fcresi\" \/>\n\t<meta name=\"twitter:data1\" content=\"2 dakika\" \/>\n<script type=\"application\/ld+json\" class=\"yoast-schema-graph\">{\"@context\":\"https:\/\/schema.org\",\"@graph\":[{\"@type\":\"WebPage\",\"@id\":\"http:\/\/ticaret.edu.tr\/isletme-bolumu\/en\/undergraduate-student-exchange-programs-erasmus\/\",\"url\":\"http:\/\/ticaret.edu.tr\/isletme-bolumu\/en\/undergraduate-student-exchange-programs-erasmus\/\",\"name\":\"Undergraduate Student Exchange Programs \/ Erasmus - \u0130\u015fletme\",\"isPartOf\":{\"@id\":\"https:\/\/ticaret.edu.tr\/isletme-bolumu\/en\/#website\"},\"datePublished\":\"2025-01-26T17:11:46+00:00\",\"dateModified\":\"2026-01-20T12:13:14+00:00\",\"breadcrumb\":{\"@id\":\"http:\/\/ticaret.edu.tr\/isletme-bolumu\/en\/undergraduate-student-exchange-programs-erasmus\/#breadcrumb\"},\"inLanguage\":\"tr\",\"potentialAction\":[{\"@type\":\"ReadAction\",\"target\":[\"http:\/\/ticaret.edu.tr\/isletme-bolumu\/en\/undergraduate-student-exchange-programs-erasmus\/\"]}]},{\"@type\":\"BreadcrumbList\",\"@id\":\"http:\/\/ticaret.edu.tr\/isletme-bolumu\/en\/undergraduate-student-exchange-programs-erasmus\/#breadcrumb\",\"itemListElement\":[{\"@type\":\"ListItem\",\"position\":1,\"name\":\"Ana sayfa\",\"item\":\"https:\/\/ticaret.edu.tr\/isletme-bolumu\/en\/\"},{\"@type\":\"ListItem\",\"position\":2,\"name\":\"Undergraduate Student Exchange Programs \/ Erasmus\"}]},{\"@type\":\"WebSite\",\"@id\":\"https:\/\/ticaret.edu.tr\/isletme-bolumu\/en\/#website\",\"url\":\"https:\/\/ticaret.edu.tr\/isletme-bolumu\/en\/\",\"name\":\"\u0130\u015fletme\",\"description\":\"\",\"potentialAction\":[{\"@type\":\"SearchAction\",\"target\":{\"@type\":\"EntryPoint\",\"urlTemplate\":\"https:\/\/ticaret.edu.tr\/isletme-bolumu\/en\/?s={search_term_string}\"},\"query-input\":\"required name=search_term_string\"}],\"inLanguage\":\"tr\"}]}<\/script>\n<!-- \/ Yoast SEO Premium plugin. -->","yoast_head_json":{"title":"Undergraduate Student Exchange Programs \/ Erasmus - \u0130\u015fletme","robots":{"index":"index","follow":"follow","max-snippet":"max-snippet:-1","max-image-preview":"max-image-preview:large","max-video-preview":"max-video-preview:-1"},"canonical":"http:\/\/ticaret.edu.tr\/isletme-bolumu\/en\/undergraduate-student-exchange-programs-erasmus\/","og_locale":"tr_TR","og_type":"article","og_title":"Undergraduate Student Exchange Programs \/ Erasmus","og_description":"No Fak\u00fclte B\u00f6l\u00fcm \u00dclke \u00dcniversite 1 Faculty of Business Administration Business Administration Austria FACHHOCHSCHULE VORARLBERG GMBH 2 Faculty of Business Administration Business Administration Belgium KAREL DE GROTE HOGESCHOOL KATHOLIEKE HOGESCHOOL ANTWERPEN 3 Faculty of Business Administration Business Administration Belgium ARTEVELDEHOGESCHOOL 4 Faculty of Business Administration Business Administration Belgium ARTEVELDEHOGESCHOOL 5 Faculty of Business Administration Business [&hellip;]","og_url":"http:\/\/ticaret.edu.tr\/isletme-bolumu\/en\/undergraduate-student-exchange-programs-erasmus\/","og_site_name":"\u0130\u015fletme","article_publisher":"https:\/\/www.facebook.com\/ticaretedutr","article_modified_time":"2026-01-20T12:13:14+00:00","og_image":[{"width":1250,"height":833,"url":"http:\/\/ticaret.edu.tr\/isletme-bolumu\/wp-content\/uploads\/sites\/8\/2021\/11\/web_logo-01.jpg","type":"image\/jpeg"}],"twitter_card":"summary_large_image","twitter_site":"@ticaretedutr","twitter_misc":{"Tahmini okuma s\u00fcresi":"2 dakika"},"schema":{"@context":"https:\/\/schema.org","@graph":[{"@type":"WebPage","@id":"http:\/\/ticaret.edu.tr\/isletme-bolumu\/en\/undergraduate-student-exchange-programs-erasmus\/","url":"http:\/\/ticaret.edu.tr\/isletme-bolumu\/en\/undergraduate-student-exchange-programs-erasmus\/","name":"Undergraduate Student Exchange Programs \/ Erasmus - \u0130\u015fletme","isPartOf":{"@id":"https:\/\/ticaret.edu.tr\/isletme-bolumu\/en\/#website"},"datePublished":"2025-01-26T17:11:46+00:00","dateModified":"2026-01-20T12:13:14+00:00","breadcrumb":{"@id":"http:\/\/ticaret.edu.tr\/isletme-bolumu\/en\/undergraduate-student-exchange-programs-erasmus\/#breadcrumb"},"inLanguage":"tr","potentialAction":[{"@type":"ReadAction","target":["http:\/\/ticaret.edu.tr\/isletme-bolumu\/en\/undergraduate-student-exchange-programs-erasmus\/"]}]},{"@type":"BreadcrumbList","@id":"http:\/\/ticaret.edu.tr\/isletme-bolumu\/en\/undergraduate-student-exchange-programs-erasmus\/#breadcrumb","itemListElement":[{"@type":"ListItem","position":1,"name":"Ana sayfa","item":"https:\/\/ticaret.edu.tr\/isletme-bolumu\/en\/"},{"@type":"ListItem","position":2,"name":"Undergraduate Student Exchange Programs \/ Erasmus"}]},{"@type":"WebSite","@id":"https:\/\/ticaret.edu.tr\/isletme-bolumu\/en\/#website","url":"https:\/\/ticaret.edu.tr\/isletme-bolumu\/en\/","name":"\u0130\u015fletme","description":"","potentialAction":[{"@type":"SearchAction","target":{"@type":"EntryPoint","urlTemplate":"https:\/\/ticaret.edu.tr\/isletme-bolumu\/en\/?s={search_term_string}"},"query-input":"required name=search_term_string"}],"inLanguage":"tr"}]}},"lang":"en","translations":{"en":2029,"tr":1889},"pll_sync_post":[],"_links":{"self":[{"href":"http:\/\/ticaret.edu.tr\/isletme-bolumu\/wp-json\/wp\/v2\/pages\/2029"}],"collection":[{"href":"http:\/\/ticaret.edu.tr\/isletme-bolumu\/wp-json\/wp\/v2\/pages"}],"about":[{"href":"http:\/\/ticaret.edu.tr\/isletme-bolumu\/wp-json\/wp\/v2\/types\/page"}],"author":[{"embeddable":true,"href":"http:\/\/ticaret.edu.tr\/isletme-bolumu\/wp-json\/wp\/v2\/users\/58"}],"replies":[{"embeddable":true,"href":"http:\/\/ticaret.edu.tr\/isletme-bolumu\/wp-json\/wp\/v2\/comments?post=2029"}],"version-history":[{"count":5,"href":"http:\/\/ticaret.edu.tr\/isletme-bolumu\/wp-json\/wp\/v2\/pages\/2029\/revisions"}],"predecessor-version":[{"id":2803,"href":"http:\/\/ticaret.edu.tr\/isletme-bolumu\/wp-json\/wp\/v2\/pages\/2029\/revisions\/2803"}],"wp:attachment":[{"href":"http:\/\/ticaret.edu.tr\/isletme-bolumu\/wp-json\/wp\/v2\/media?parent=2029"}],"curies":[{"name":"wp","href":"https:\/\/api.w.org\/{rel}","templated":true}]}}