{"id":2045,"date":"2025-01-26T18:33:42","date_gmt":"2025-01-26T15:33:42","guid":{"rendered":"https:\/\/ticaret.edu.tr\/isletme-bolumu\/?page_id=2045"},"modified":"2026-02-12T15:26:36","modified_gmt":"2026-02-12T12:26:36","slug":"ogrenci-danismanlari","status":"publish","type":"page","link":"http:\/\/ticaret.edu.tr\/isletme-bolumu\/ogrenci-danismanlari\/","title":{"rendered":"\u00d6\u011frenci Dan\u0131\u015fmanlar\u0131"},"content":{"rendered":"<table style=\"height: 270px\" width=\"727\">\n<tbody>\n<tr>\n<td width=\"144\">SINIFLAR<\/td>\n<td width=\"233\">DANI\u015eMANLAR<\/td>\n<td width=\"218\">\u0130LET\u0130\u015e\u0130M<\/td>\n<\/tr>\n<tr>\n<td>1. SINIF<\/td>\n<td>Do\u00e7. Dr. Recep Ali K\u00dc\u00c7\u00dcK\u00c7OLAK<\/td>\n<td>akucukcolak@ticaret.edu.tr<\/td>\n<\/tr>\n<tr>\n<td>2. SINIF<\/td>\n<td>Ar\u015f. G\u00f6r. Meral A\u00c7AR<\/td>\n<td>macar@ticaret.edu.tr<\/td>\n<\/tr>\n<tr>\n<td>3. SINIF<\/td>\n<td>Dr. \u00d6\u011fr. \u00dcyesi Nihan YAVUZ AKSAKAL<\/td>\n<td>nyavuz@ticaret.edu.tr<\/td>\n<\/tr>\n<tr>\n<td>4. SINIF<\/td>\n<td>Ar\u015f. G\u00f6r. H\u00fcmeyra Nur HAT\u0130PO\u011eLU<\/td>\n<td>hnhatipoglu@ticaret.edu.tr<\/td>\n<\/tr>\n<\/tbody>\n<\/table>\n","protected":false},"excerpt":{"rendered":"<p>SINIFLAR DANI\u015eMANLAR \u0130LET\u0130\u015e\u0130M 1. SINIF Do\u00e7. Dr. Recep Ali K\u00dc\u00c7\u00dcK\u00c7OLAK akucukcolak@ticaret.edu.tr 2. SINIF Ar\u015f. G\u00f6r. Meral A\u00c7AR macar@ticaret.edu.tr 3. SINIF Dr. \u00d6\u011fr. \u00dcyesi Nihan YAVUZ AKSAKAL nyavuz@ticaret.edu.tr 4. SINIF Ar\u015f. G\u00f6r. H\u00fcmeyra Nur HAT\u0130PO\u011eLU hnhatipoglu@ticaret.edu.tr<\/p>\n","protected":false},"author":225,"featured_media":0,"parent":0,"menu_order":0,"comment_status":"closed","ping_status":"closed","template":"genel_sayfa.php","meta":{"footnotes":""},"yoast_head":"<!-- This site is optimized with the Yoast SEO Premium plugin v22.1 (Yoast SEO v22.1) - https:\/\/yoast.com\/wordpress\/plugins\/seo\/ -->\n<title>\u00d6\u011frenci Dan\u0131\u015fmanlar\u0131 - \u0130\u015fletme<\/title>\n<meta name=\"robots\" content=\"index, follow, max-snippet:-1, max-image-preview:large, max-video-preview:-1\" \/>\n<link rel=\"canonical\" href=\"http:\/\/ticaret.edu.tr\/isletme-bolumu\/ogrenci-danismanlari\/\" \/>\n<meta property=\"og:locale\" content=\"tr_TR\" \/>\n<meta property=\"og:type\" content=\"article\" \/>\n<meta property=\"og:title\" content=\"\u00d6\u011frenci Dan\u0131\u015fmanlar\u0131\" \/>\n<meta property=\"og:description\" content=\"SINIFLAR DANI\u015eMANLAR \u0130LET\u0130\u015e\u0130M 1. SINIF Do\u00e7. Dr. Recep Ali K\u00dc\u00c7\u00dcK\u00c7OLAK akucukcolak@ticaret.edu.tr 2. SINIF Ar\u015f. G\u00f6r. Meral A\u00c7AR macar@ticaret.edu.tr 3. SINIF Dr. \u00d6\u011fr. \u00dcyesi Nihan YAVUZ AKSAKAL nyavuz@ticaret.edu.tr 4. SINIF Ar\u015f. G\u00f6r. H\u00fcmeyra Nur HAT\u0130PO\u011eLU hnhatipoglu@ticaret.edu.tr\" \/>\n<meta property=\"og:url\" content=\"http:\/\/ticaret.edu.tr\/isletme-bolumu\/ogrenci-danismanlari\/\" \/>\n<meta property=\"og:site_name\" content=\"\u0130\u015fletme\" \/>\n<meta property=\"article:publisher\" content=\"https:\/\/www.facebook.com\/ticaretedutr\" \/>\n<meta property=\"article:modified_time\" content=\"2026-02-12T12:26:36+00:00\" \/>\n<meta property=\"og:image\" content=\"http:\/\/ticaret.edu.tr\/isletme-bolumu\/wp-content\/uploads\/sites\/8\/2021\/11\/web_logo-01.jpg\" \/>\n\t<meta property=\"og:image:width\" content=\"1250\" \/>\n\t<meta property=\"og:image:height\" content=\"833\" \/>\n\t<meta property=\"og:image:type\" content=\"image\/jpeg\" \/>\n<meta name=\"twitter:card\" content=\"summary_large_image\" \/>\n<meta name=\"twitter:site\" content=\"@ticaretedutr\" \/>\n<meta name=\"twitter:label1\" content=\"Tahmini okuma s\u00fcresi\" \/>\n\t<meta name=\"twitter:data1\" content=\"1 dakika\" \/>\n<script type=\"application\/ld+json\" class=\"yoast-schema-graph\">{\"@context\":\"https:\/\/schema.org\",\"@graph\":[{\"@type\":\"WebPage\",\"@id\":\"http:\/\/ticaret.edu.tr\/isletme-bolumu\/ogrenci-danismanlari\/\",\"url\":\"http:\/\/ticaret.edu.tr\/isletme-bolumu\/ogrenci-danismanlari\/\",\"name\":\"\u00d6\u011frenci Dan\u0131\u015fmanlar\u0131 - \u0130\u015fletme\",\"isPartOf\":{\"@id\":\"http:\/\/ticaret.edu.tr\/isletme-bolumu\/#website\"},\"datePublished\":\"2025-01-26T15:33:42+00:00\",\"dateModified\":\"2026-02-12T12:26:36+00:00\",\"breadcrumb\":{\"@id\":\"http:\/\/ticaret.edu.tr\/isletme-bolumu\/ogrenci-danismanlari\/#breadcrumb\"},\"inLanguage\":\"tr\",\"potentialAction\":[{\"@type\":\"ReadAction\",\"target\":[\"http:\/\/ticaret.edu.tr\/isletme-bolumu\/ogrenci-danismanlari\/\"]}]},{\"@type\":\"BreadcrumbList\",\"@id\":\"http:\/\/ticaret.edu.tr\/isletme-bolumu\/ogrenci-danismanlari\/#breadcrumb\",\"itemListElement\":[{\"@type\":\"ListItem\",\"position\":1,\"name\":\"Ana sayfa\",\"item\":\"https:\/\/ticaret.edu.tr\/isletme-bolumu\/en\/\"},{\"@type\":\"ListItem\",\"position\":2,\"name\":\"\u00d6\u011frenci Dan\u0131\u015fmanlar\u0131\"}]},{\"@type\":\"WebSite\",\"@id\":\"http:\/\/ticaret.edu.tr\/isletme-bolumu\/#website\",\"url\":\"http:\/\/ticaret.edu.tr\/isletme-bolumu\/\",\"name\":\"\u0130\u015fletme\",\"description\":\"\",\"potentialAction\":[{\"@type\":\"SearchAction\",\"target\":{\"@type\":\"EntryPoint\",\"urlTemplate\":\"http:\/\/ticaret.edu.tr\/isletme-bolumu\/?s={search_term_string}\"},\"query-input\":\"required name=search_term_string\"}],\"inLanguage\":\"tr\"}]}<\/script>\n<!-- \/ Yoast SEO Premium plugin. -->","yoast_head_json":{"title":"\u00d6\u011frenci Dan\u0131\u015fmanlar\u0131 - \u0130\u015fletme","robots":{"index":"index","follow":"follow","max-snippet":"max-snippet:-1","max-image-preview":"max-image-preview:large","max-video-preview":"max-video-preview:-1"},"canonical":"http:\/\/ticaret.edu.tr\/isletme-bolumu\/ogrenci-danismanlari\/","og_locale":"tr_TR","og_type":"article","og_title":"\u00d6\u011frenci Dan\u0131\u015fmanlar\u0131","og_description":"SINIFLAR DANI\u015eMANLAR \u0130LET\u0130\u015e\u0130M 1. SINIF Do\u00e7. Dr. Recep Ali K\u00dc\u00c7\u00dcK\u00c7OLAK akucukcolak@ticaret.edu.tr 2. SINIF Ar\u015f. G\u00f6r. Meral A\u00c7AR macar@ticaret.edu.tr 3. SINIF Dr. \u00d6\u011fr. \u00dcyesi Nihan YAVUZ AKSAKAL nyavuz@ticaret.edu.tr 4. SINIF Ar\u015f. G\u00f6r. H\u00fcmeyra Nur HAT\u0130PO\u011eLU hnhatipoglu@ticaret.edu.tr","og_url":"http:\/\/ticaret.edu.tr\/isletme-bolumu\/ogrenci-danismanlari\/","og_site_name":"\u0130\u015fletme","article_publisher":"https:\/\/www.facebook.com\/ticaretedutr","article_modified_time":"2026-02-12T12:26:36+00:00","og_image":[{"width":1250,"height":833,"url":"http:\/\/ticaret.edu.tr\/isletme-bolumu\/wp-content\/uploads\/sites\/8\/2021\/11\/web_logo-01.jpg","type":"image\/jpeg"}],"twitter_card":"summary_large_image","twitter_site":"@ticaretedutr","twitter_misc":{"Tahmini okuma s\u00fcresi":"1 dakika"},"schema":{"@context":"https:\/\/schema.org","@graph":[{"@type":"WebPage","@id":"http:\/\/ticaret.edu.tr\/isletme-bolumu\/ogrenci-danismanlari\/","url":"http:\/\/ticaret.edu.tr\/isletme-bolumu\/ogrenci-danismanlari\/","name":"\u00d6\u011frenci Dan\u0131\u015fmanlar\u0131 - \u0130\u015fletme","isPartOf":{"@id":"http:\/\/ticaret.edu.tr\/isletme-bolumu\/#website"},"datePublished":"2025-01-26T15:33:42+00:00","dateModified":"2026-02-12T12:26:36+00:00","breadcrumb":{"@id":"http:\/\/ticaret.edu.tr\/isletme-bolumu\/ogrenci-danismanlari\/#breadcrumb"},"inLanguage":"tr","potentialAction":[{"@type":"ReadAction","target":["http:\/\/ticaret.edu.tr\/isletme-bolumu\/ogrenci-danismanlari\/"]}]},{"@type":"BreadcrumbList","@id":"http:\/\/ticaret.edu.tr\/isletme-bolumu\/ogrenci-danismanlari\/#breadcrumb","itemListElement":[{"@type":"ListItem","position":1,"name":"Ana sayfa","item":"https:\/\/ticaret.edu.tr\/isletme-bolumu\/en\/"},{"@type":"ListItem","position":2,"name":"\u00d6\u011frenci Dan\u0131\u015fmanlar\u0131"}]},{"@type":"WebSite","@id":"http:\/\/ticaret.edu.tr\/isletme-bolumu\/#website","url":"http:\/\/ticaret.edu.tr\/isletme-bolumu\/","name":"\u0130\u015fletme","description":"","potentialAction":[{"@type":"SearchAction","target":{"@type":"EntryPoint","urlTemplate":"http:\/\/ticaret.edu.tr\/isletme-bolumu\/?s={search_term_string}"},"query-input":"required name=search_term_string"}],"inLanguage":"tr"}]}},"lang":"tr","translations":{"en":1995,"tr":2045},"pll_sync_post":[],"_links":{"self":[{"href":"http:\/\/ticaret.edu.tr\/isletme-bolumu\/wp-json\/wp\/v2\/pages\/2045"}],"collection":[{"href":"http:\/\/ticaret.edu.tr\/isletme-bolumu\/wp-json\/wp\/v2\/pages"}],"about":[{"href":"http:\/\/ticaret.edu.tr\/isletme-bolumu\/wp-json\/wp\/v2\/types\/page"}],"author":[{"embeddable":true,"href":"http:\/\/ticaret.edu.tr\/isletme-bolumu\/wp-json\/wp\/v2\/users\/225"}],"replies":[{"embeddable":true,"href":"http:\/\/ticaret.edu.tr\/isletme-bolumu\/wp-json\/wp\/v2\/comments?post=2045"}],"version-history":[{"count":7,"href":"http:\/\/ticaret.edu.tr\/isletme-bolumu\/wp-json\/wp\/v2\/pages\/2045\/revisions"}],"predecessor-version":[{"id":2848,"href":"http:\/\/ticaret.edu.tr\/isletme-bolumu\/wp-json\/wp\/v2\/pages\/2045\/revisions\/2848"}],"wp:attachment":[{"href":"http:\/\/ticaret.edu.tr\/isletme-bolumu\/wp-json\/wp\/v2\/media?parent=2045"}],"curies":[{"name":"wp","href":"https:\/\/api.w.org\/{rel}","templated":true}]}}