{"id":2093,"date":"2025-01-26T19:17:08","date_gmt":"2025-01-26T16:17:08","guid":{"rendered":"https:\/\/ticaret.edu.tr\/isletme-bolumu\/?page_id=2093"},"modified":"2025-10-17T16:14:35","modified_gmt":"2025-10-17T13:14:35","slug":"proje-destekler","status":"publish","type":"page","link":"http:\/\/ticaret.edu.tr\/isletme-bolumu\/proje-destekler\/","title":{"rendered":"Proje \/ Destekler"},"content":{"rendered":"<p>Projeler<\/p>\n<div>\n<table id=\"table_0\">\n<tbody>\n<tr>\n<td>Proje Ad\u0131<\/td>\n<td>D\u00f6nem<\/td>\n<td>Proje Fon Kayna\u011f\u0131<\/td>\n<td>Projeyi Y\u00fcr\u00fcten \u00d6\u011fretim Eleman\u0131<\/td>\n<td>B\u00f6l\u00fcmdeki Ara\u015ft\u0131rmac\u0131lar<\/td>\n<\/tr>\n<tr>\n<td>\u0130zolasyon, Restorasyon ve Dekorasyon Sekt\u00f6r\u00fcn\u00fcn \u0130hracat Kapasitesinin Geli\u015ftirilmesi<\/td>\n<td>2024-2025<\/td>\n<td>\u0130stanbul Ticaret Odas\u0131<\/td>\n<td>Do\u00e7. Dr. Recep Ali K\u00fc\u00e7\u00fck\u00e7olak<\/td>\n<td>Dr. Sami K\u00fc\u00e7\u00fcko\u011flu<\/p>\n<p>Mehmet \u00d6zg\u00fcr Yaran<\/td>\n<\/tr>\n<tr>\n<td>S\u00fcrd\u00fcr\u00fclebilir Restoranlar Rehberi<\/td>\n<td>2024-2025<\/td>\n<td>\u0130stanbul Ticaret Odas\u0131<\/td>\n<td>Do\u00e7. Dr. Recep Ali K\u00fc\u00e7\u00fck\u00e7olak<\/td>\n<td>Dr. Sami K\u00fc\u00e7\u00fcko\u011flu<\/p>\n<p>Mehmet \u00d6zg\u00fcr Yaran<\/td>\n<\/tr>\n<tr>\n<td>K\u0131rtasiye\u00a0 Sekt\u00f6r\u00fc Rekabet G\u00fcc\u00fcn\u00fcn Art\u0131r\u0131lmas\u0131<\/td>\n<td>2024-2025<\/td>\n<td>\u0130stanbul Ticaret Odas\u0131<\/td>\n<td>Do\u00e7. Dr. Recep Ali K\u00fc\u00e7\u00fck\u00e7olak<\/p>\n<p>Prof. Dr. Murat Kas\u0131mo\u011flu<\/td>\n<td>Dr. Sami K\u00fc\u00e7\u00fcko\u011flu<\/p>\n<p>Mehmet \u00d6zg\u00fcr Yaran<\/p>\n<p>Zeynep Odaba\u015f\u0131 Filiz<\/p>\n<p>&nbsp;<\/td>\n<\/tr>\n<tr>\n<td>Ka\u011f\u0131t Sekt\u00f6r\u00fc Rekabet G\u00fcc\u00fcn\u00fcn Art\u0131r\u0131lmas\u0131<\/td>\n<td>2024-2025<\/td>\n<td>\u0130stanbul Ticaret Odas\u0131<\/td>\n<td>Do\u00e7. Dr. Recep Ali K\u00fc\u00e7\u00fck\u00e7olak<\/p>\n<p>Prof. Dr. Murat Kas\u0131mo\u011flu<\/td>\n<td>Dr. Sami K\u00fc\u00e7\u00fcko\u011flu<\/p>\n<p>Mehmet \u00d6zg\u00fcr Yaran<\/p>\n<p>Zeynep Odaba\u015f\u0131 Filiz<\/p>\n<p>&nbsp;<\/td>\n<\/tr>\n<tr>\n<td>Ka\u011f\u0131t Ambalaj Sekt\u00f6r\u00fc Rekabet G\u00fcc\u00fcn\u00fcn Art\u0131r\u0131lmas\u0131<\/td>\n<td>2024-2025<\/td>\n<td>\u0130stanbul Ticaret Odas\u0131<\/td>\n<td>Do\u00e7. Dr. Recep Ali K\u00fc\u00e7\u00fck\u00e7olak<\/p>\n<p>Prof. Dr. Murat Kas\u0131mo\u011flu<\/td>\n<td>Dr. Sami K\u00fc\u00e7\u00fcko\u011flu<\/p>\n<p>Mehmet \u00d6zg\u00fcr Yaran<\/p>\n<p>Zeynep Odaba\u015f\u0131 Filiz<\/p>\n<p>&nbsp;<\/td>\n<\/tr>\n<tr>\n<td>\n<div>Tekstil Sekt\u00f6r\u00fcn\u00fcn Gelece\u011fi: Mevcut Durum De\u011ferlendirmesi ve Gelecek \u00d6ng\u00f6r\u00fcleri<\/div>\n<\/td>\n<td>\n<div>2024-2025<\/div>\n<\/td>\n<td>\n<div>M\u00dcS\u0130AD<\/div>\n<\/td>\n<td>\n<div>Do\u00e7. Dr. Mehmet Sa\u011flam<\/div>\n<\/td>\n<td>\n<div><\/div>\n<div><\/div>\n<div>Ar\u015f. G\u00f6r. \u015e\u00fcdeda Baran<\/div>\n<div><\/div>\n<div><\/div>\n<\/td>\n<\/tr>\n<\/tbody>\n<\/table>\n<\/div>\n<p>Destekler<i><\/i><\/p>\n<p>*2024-2025 Akademik Y\u0131l\u0131&#8217;nda 9 ay s\u00fcreyle T\u00dcB\u0130TAK\u00a0 2214-A Yurt D\u0131\u015f\u0131 Doktora S\u0131ras\u0131 Ara\u015ft\u0131rma Burs Program\u0131 ile desteklenmi\u015ftir.<\/p>\n","protected":false},"excerpt":{"rendered":"<p>Projeler Proje Ad\u0131 D\u00f6nem Proje Fon Kayna\u011f\u0131 Projeyi Y\u00fcr\u00fcten \u00d6\u011fretim Eleman\u0131 B\u00f6l\u00fcmdeki Ara\u015ft\u0131rmac\u0131lar \u0130zolasyon, Restorasyon ve Dekorasyon Sekt\u00f6r\u00fcn\u00fcn \u0130hracat Kapasitesinin Geli\u015ftirilmesi 2024-2025 \u0130stanbul Ticaret Odas\u0131 Do\u00e7. Dr. Recep Ali K\u00fc\u00e7\u00fck\u00e7olak Dr. Sami K\u00fc\u00e7\u00fcko\u011flu Mehmet \u00d6zg\u00fcr Yaran S\u00fcrd\u00fcr\u00fclebilir Restoranlar Rehberi 2024-2025 \u0130stanbul Ticaret Odas\u0131 Do\u00e7. Dr. Recep Ali K\u00fc\u00e7\u00fck\u00e7olak Dr. Sami K\u00fc\u00e7\u00fcko\u011flu Mehmet \u00d6zg\u00fcr Yaran K\u0131rtasiye\u00a0 [&hellip;]<\/p>\n","protected":false},"author":225,"featured_media":0,"parent":0,"menu_order":0,"comment_status":"closed","ping_status":"closed","template":"genel_sayfa.php","meta":{"footnotes":""},"yoast_head":"<!-- This site is optimized with the Yoast SEO Premium plugin v22.1 (Yoast SEO v22.1) - https:\/\/yoast.com\/wordpress\/plugins\/seo\/ -->\n<title>Proje \/ Destekler - \u0130\u015fletme<\/title>\n<meta name=\"robots\" content=\"index, follow, max-snippet:-1, max-image-preview:large, max-video-preview:-1\" \/>\n<link rel=\"canonical\" href=\"https:\/\/ticaret.edu.tr\/isletme-bolumu\/proje-destekler\/\" \/>\n<meta property=\"og:locale\" content=\"tr_TR\" \/>\n<meta property=\"og:type\" content=\"article\" \/>\n<meta property=\"og:title\" content=\"Proje \/ Destekler\" \/>\n<meta property=\"og:description\" content=\"Projeler Proje Ad\u0131 D\u00f6nem Proje Fon Kayna\u011f\u0131 Projeyi Y\u00fcr\u00fcten \u00d6\u011fretim Eleman\u0131 B\u00f6l\u00fcmdeki Ara\u015ft\u0131rmac\u0131lar \u0130zolasyon, Restorasyon ve Dekorasyon Sekt\u00f6r\u00fcn\u00fcn \u0130hracat Kapasitesinin Geli\u015ftirilmesi 2024-2025 \u0130stanbul Ticaret Odas\u0131 Do\u00e7. Dr. Recep Ali K\u00fc\u00e7\u00fck\u00e7olak Dr. Sami K\u00fc\u00e7\u00fcko\u011flu Mehmet \u00d6zg\u00fcr Yaran S\u00fcrd\u00fcr\u00fclebilir Restoranlar Rehberi 2024-2025 \u0130stanbul Ticaret Odas\u0131 Do\u00e7. Dr. Recep Ali K\u00fc\u00e7\u00fck\u00e7olak Dr. Sami K\u00fc\u00e7\u00fcko\u011flu Mehmet \u00d6zg\u00fcr Yaran K\u0131rtasiye\u00a0 [&hellip;]\" \/>\n<meta property=\"og:url\" content=\"https:\/\/ticaret.edu.tr\/isletme-bolumu\/proje-destekler\/\" \/>\n<meta property=\"og:site_name\" content=\"\u0130\u015fletme\" \/>\n<meta property=\"article:publisher\" content=\"https:\/\/www.facebook.com\/ticaretedutr\" \/>\n<meta property=\"article:modified_time\" content=\"2025-10-17T13:14:35+00:00\" \/>\n<meta property=\"og:image\" content=\"http:\/\/ticaret.edu.tr\/isletme-bolumu\/wp-content\/uploads\/sites\/8\/2021\/11\/web_logo-01.jpg\" \/>\n\t<meta property=\"og:image:width\" content=\"1250\" \/>\n\t<meta property=\"og:image:height\" content=\"833\" \/>\n\t<meta property=\"og:image:type\" content=\"image\/jpeg\" \/>\n<meta name=\"twitter:card\" content=\"summary_large_image\" \/>\n<meta name=\"twitter:site\" content=\"@ticaretedutr\" \/>\n<meta name=\"twitter:label1\" content=\"Tahmini okuma s\u00fcresi\" \/>\n\t<meta name=\"twitter:data1\" content=\"2 dakika\" \/>\n<script type=\"application\/ld+json\" class=\"yoast-schema-graph\">{\"@context\":\"https:\/\/schema.org\",\"@graph\":[{\"@type\":\"WebPage\",\"@id\":\"https:\/\/ticaret.edu.tr\/isletme-bolumu\/proje-destekler\/\",\"url\":\"https:\/\/ticaret.edu.tr\/isletme-bolumu\/proje-destekler\/\",\"name\":\"Proje \/ Destekler - \u0130\u015fletme\",\"isPartOf\":{\"@id\":\"http:\/\/ticaret.edu.tr\/isletme-bolumu\/#website\"},\"datePublished\":\"2025-01-26T16:17:08+00:00\",\"dateModified\":\"2025-10-17T13:14:35+00:00\",\"breadcrumb\":{\"@id\":\"https:\/\/ticaret.edu.tr\/isletme-bolumu\/proje-destekler\/#breadcrumb\"},\"inLanguage\":\"tr\",\"potentialAction\":[{\"@type\":\"ReadAction\",\"target\":[\"https:\/\/ticaret.edu.tr\/isletme-bolumu\/proje-destekler\/\"]}]},{\"@type\":\"BreadcrumbList\",\"@id\":\"https:\/\/ticaret.edu.tr\/isletme-bolumu\/proje-destekler\/#breadcrumb\",\"itemListElement\":[{\"@type\":\"ListItem\",\"position\":1,\"name\":\"Ana sayfa\",\"item\":\"https:\/\/ticaret.edu.tr\/isletme-bolumu\/en\/\"},{\"@type\":\"ListItem\",\"position\":2,\"name\":\"Proje \/ Destekler\"}]},{\"@type\":\"WebSite\",\"@id\":\"http:\/\/ticaret.edu.tr\/isletme-bolumu\/#website\",\"url\":\"http:\/\/ticaret.edu.tr\/isletme-bolumu\/\",\"name\":\"\u0130\u015fletme\",\"description\":\"\",\"potentialAction\":[{\"@type\":\"SearchAction\",\"target\":{\"@type\":\"EntryPoint\",\"urlTemplate\":\"http:\/\/ticaret.edu.tr\/isletme-bolumu\/?s={search_term_string}\"},\"query-input\":\"required name=search_term_string\"}],\"inLanguage\":\"tr\"}]}<\/script>\n<!-- \/ Yoast SEO Premium plugin. -->","yoast_head_json":{"title":"Proje \/ Destekler - \u0130\u015fletme","robots":{"index":"index","follow":"follow","max-snippet":"max-snippet:-1","max-image-preview":"max-image-preview:large","max-video-preview":"max-video-preview:-1"},"canonical":"https:\/\/ticaret.edu.tr\/isletme-bolumu\/proje-destekler\/","og_locale":"tr_TR","og_type":"article","og_title":"Proje \/ Destekler","og_description":"Projeler Proje Ad\u0131 D\u00f6nem Proje Fon Kayna\u011f\u0131 Projeyi Y\u00fcr\u00fcten \u00d6\u011fretim Eleman\u0131 B\u00f6l\u00fcmdeki Ara\u015ft\u0131rmac\u0131lar \u0130zolasyon, Restorasyon ve Dekorasyon Sekt\u00f6r\u00fcn\u00fcn \u0130hracat Kapasitesinin Geli\u015ftirilmesi 2024-2025 \u0130stanbul Ticaret Odas\u0131 Do\u00e7. Dr. Recep Ali K\u00fc\u00e7\u00fck\u00e7olak Dr. Sami K\u00fc\u00e7\u00fcko\u011flu Mehmet \u00d6zg\u00fcr Yaran S\u00fcrd\u00fcr\u00fclebilir Restoranlar Rehberi 2024-2025 \u0130stanbul Ticaret Odas\u0131 Do\u00e7. Dr. Recep Ali K\u00fc\u00e7\u00fck\u00e7olak Dr. Sami K\u00fc\u00e7\u00fcko\u011flu Mehmet \u00d6zg\u00fcr Yaran K\u0131rtasiye\u00a0 [&hellip;]","og_url":"https:\/\/ticaret.edu.tr\/isletme-bolumu\/proje-destekler\/","og_site_name":"\u0130\u015fletme","article_publisher":"https:\/\/www.facebook.com\/ticaretedutr","article_modified_time":"2025-10-17T13:14:35+00:00","og_image":[{"width":1250,"height":833,"url":"http:\/\/ticaret.edu.tr\/isletme-bolumu\/wp-content\/uploads\/sites\/8\/2021\/11\/web_logo-01.jpg","type":"image\/jpeg"}],"twitter_card":"summary_large_image","twitter_site":"@ticaretedutr","twitter_misc":{"Tahmini okuma s\u00fcresi":"2 dakika"},"schema":{"@context":"https:\/\/schema.org","@graph":[{"@type":"WebPage","@id":"https:\/\/ticaret.edu.tr\/isletme-bolumu\/proje-destekler\/","url":"https:\/\/ticaret.edu.tr\/isletme-bolumu\/proje-destekler\/","name":"Proje \/ Destekler - \u0130\u015fletme","isPartOf":{"@id":"http:\/\/ticaret.edu.tr\/isletme-bolumu\/#website"},"datePublished":"2025-01-26T16:17:08+00:00","dateModified":"2025-10-17T13:14:35+00:00","breadcrumb":{"@id":"https:\/\/ticaret.edu.tr\/isletme-bolumu\/proje-destekler\/#breadcrumb"},"inLanguage":"tr","potentialAction":[{"@type":"ReadAction","target":["https:\/\/ticaret.edu.tr\/isletme-bolumu\/proje-destekler\/"]}]},{"@type":"BreadcrumbList","@id":"https:\/\/ticaret.edu.tr\/isletme-bolumu\/proje-destekler\/#breadcrumb","itemListElement":[{"@type":"ListItem","position":1,"name":"Ana sayfa","item":"https:\/\/ticaret.edu.tr\/isletme-bolumu\/en\/"},{"@type":"ListItem","position":2,"name":"Proje \/ Destekler"}]},{"@type":"WebSite","@id":"http:\/\/ticaret.edu.tr\/isletme-bolumu\/#website","url":"http:\/\/ticaret.edu.tr\/isletme-bolumu\/","name":"\u0130\u015fletme","description":"","potentialAction":[{"@type":"SearchAction","target":{"@type":"EntryPoint","urlTemplate":"http:\/\/ticaret.edu.tr\/isletme-bolumu\/?s={search_term_string}"},"query-input":"required name=search_term_string"}],"inLanguage":"tr"}]}},"lang":"tr","translations":{"tr":2093,"en":2218},"pll_sync_post":[],"_links":{"self":[{"href":"http:\/\/ticaret.edu.tr\/isletme-bolumu\/wp-json\/wp\/v2\/pages\/2093"}],"collection":[{"href":"http:\/\/ticaret.edu.tr\/isletme-bolumu\/wp-json\/wp\/v2\/pages"}],"about":[{"href":"http:\/\/ticaret.edu.tr\/isletme-bolumu\/wp-json\/wp\/v2\/types\/page"}],"author":[{"embeddable":true,"href":"http:\/\/ticaret.edu.tr\/isletme-bolumu\/wp-json\/wp\/v2\/users\/225"}],"replies":[{"embeddable":true,"href":"http:\/\/ticaret.edu.tr\/isletme-bolumu\/wp-json\/wp\/v2\/comments?post=2093"}],"version-history":[{"count":5,"href":"http:\/\/ticaret.edu.tr\/isletme-bolumu\/wp-json\/wp\/v2\/pages\/2093\/revisions"}],"predecessor-version":[{"id":2554,"href":"http:\/\/ticaret.edu.tr\/isletme-bolumu\/wp-json\/wp\/v2\/pages\/2093\/revisions\/2554"}],"wp:attachment":[{"href":"http:\/\/ticaret.edu.tr\/isletme-bolumu\/wp-json\/wp\/v2\/media?parent=2093"}],"curies":[{"name":"wp","href":"https:\/\/api.w.org\/{rel}","templated":true}]}}