{"id":2118,"date":"2025-01-26T19:34:31","date_gmt":"2025-01-26T16:34:31","guid":{"rendered":"https:\/\/ticaret.edu.tr\/isletme-bolumu\/?page_id=2118"},"modified":"2026-01-20T03:25:11","modified_gmt":"2026-01-20T00:25:11","slug":"department-boards-and-committees","status":"publish","type":"page","link":"http:\/\/ticaret.edu.tr\/isletme-bolumu\/en\/department-boards-and-committees\/","title":{"rendered":"Department Boards and Committees"},"content":{"rendered":"<p><strong data-start=\"181\" data-end=\"223\">Horizontal\/Vertical Transfer Commission<\/strong><\/p>\n<table width=\"429\">\n<tbody>\n<tr>\n<td width=\"37\">\u00a0Member<\/td>\n<td width=\"286\">\u00a0 Assoc. Prof. Mehmet SA\u011eLAM<\/td>\n<\/tr>\n<tr>\n<td width=\"37\">\u00a0Member<\/td>\n<td width=\"286\">\u00a0 Ress. Asst. H\u00fcmeyra Nur HAT\u0130PO\u011eLU<\/td>\n<\/tr>\n<\/tbody>\n<\/table>\n<p><strong data-start=\"101\" data-end=\"138\">Double Major and Minor Commission<\/strong><\/p>\n<table width=\"429\">\n<tbody>\n<tr>\n<td width=\"37\">\u00a0Member<\/td>\n<td width=\"286\">\u00a0 Assoc. Prof. Mehmet SA\u011eLAM<\/td>\n<\/tr>\n<tr>\n<td width=\"37\">\u00a0Member<\/td>\n<td width=\"286\">\u00a0 Ress. Asst. H\u00fcmeyra Nur HAT\u0130PO\u011eLU<\/td>\n<\/tr>\n<\/tbody>\n<\/table>\n","protected":false},"excerpt":{"rendered":"<p>Horizontal\/Vertical Transfer Commission \u00a0Member \u00a0 Assoc. Prof. Mehmet SA\u011eLAM \u00a0Member \u00a0 Ress. Asst. H\u00fcmeyra Nur HAT\u0130PO\u011eLU Double Major and Minor Commission \u00a0Member \u00a0 Assoc. Prof. Mehmet SA\u011eLAM \u00a0Member \u00a0 Ress. Asst. H\u00fcmeyra Nur HAT\u0130PO\u011eLU<\/p>\n","protected":false},"author":225,"featured_media":0,"parent":0,"menu_order":0,"comment_status":"closed","ping_status":"closed","template":"genel_sayfa.php","meta":{"footnotes":""},"yoast_head":"<!-- This site is optimized with the Yoast SEO Premium plugin v22.1 (Yoast SEO v22.1) - https:\/\/yoast.com\/wordpress\/plugins\/seo\/ -->\n<title>Department Boards and Committees - \u0130\u015fletme<\/title>\n<meta name=\"robots\" content=\"index, follow, max-snippet:-1, max-image-preview:large, max-video-preview:-1\" \/>\n<link rel=\"canonical\" href=\"https:\/\/ticaret.edu.tr\/isletme-bolumu\/en\/department-boards-and-committees\/\" \/>\n<meta property=\"og:locale\" content=\"tr_TR\" \/>\n<meta property=\"og:type\" content=\"article\" \/>\n<meta property=\"og:title\" content=\"Department Boards and Committees\" \/>\n<meta property=\"og:description\" content=\"Horizontal\/Vertical Transfer Commission \u00a0Member \u00a0 Assoc. Prof. Mehmet SA\u011eLAM \u00a0Member \u00a0 Ress. Asst. H\u00fcmeyra Nur HAT\u0130PO\u011eLU Double Major and Minor Commission \u00a0Member \u00a0 Assoc. Prof. Mehmet SA\u011eLAM \u00a0Member \u00a0 Ress. Asst. H\u00fcmeyra Nur HAT\u0130PO\u011eLU\" \/>\n<meta property=\"og:url\" content=\"https:\/\/ticaret.edu.tr\/isletme-bolumu\/en\/department-boards-and-committees\/\" \/>\n<meta property=\"og:site_name\" content=\"\u0130\u015fletme\" \/>\n<meta property=\"article:publisher\" content=\"https:\/\/www.facebook.com\/ticaretedutr\" \/>\n<meta property=\"article:modified_time\" content=\"2026-01-20T00:25:11+00:00\" \/>\n<meta property=\"og:image\" content=\"http:\/\/ticaret.edu.tr\/isletme-bolumu\/wp-content\/uploads\/sites\/8\/2021\/11\/web_logo-01.jpg\" \/>\n\t<meta property=\"og:image:width\" content=\"1250\" \/>\n\t<meta property=\"og:image:height\" content=\"833\" \/>\n\t<meta property=\"og:image:type\" content=\"image\/jpeg\" \/>\n<meta name=\"twitter:card\" content=\"summary_large_image\" \/>\n<meta name=\"twitter:site\" content=\"@ticaretedutr\" \/>\n<meta name=\"twitter:label1\" content=\"Tahmini okuma s\u00fcresi\" \/>\n\t<meta name=\"twitter:data1\" content=\"1 dakika\" \/>\n<script type=\"application\/ld+json\" class=\"yoast-schema-graph\">{\"@context\":\"https:\/\/schema.org\",\"@graph\":[{\"@type\":\"WebPage\",\"@id\":\"https:\/\/ticaret.edu.tr\/isletme-bolumu\/en\/department-boards-and-committees\/\",\"url\":\"https:\/\/ticaret.edu.tr\/isletme-bolumu\/en\/department-boards-and-committees\/\",\"name\":\"Department Boards and Committees - \u0130\u015fletme\",\"isPartOf\":{\"@id\":\"http:\/\/ticaret.edu.tr\/isletme-bolumu\/#website\"},\"datePublished\":\"2025-01-26T16:34:31+00:00\",\"dateModified\":\"2026-01-20T00:25:11+00:00\",\"breadcrumb\":{\"@id\":\"https:\/\/ticaret.edu.tr\/isletme-bolumu\/en\/department-boards-and-committees\/#breadcrumb\"},\"inLanguage\":\"tr\",\"potentialAction\":[{\"@type\":\"ReadAction\",\"target\":[\"https:\/\/ticaret.edu.tr\/isletme-bolumu\/en\/department-boards-and-committees\/\"]}]},{\"@type\":\"BreadcrumbList\",\"@id\":\"https:\/\/ticaret.edu.tr\/isletme-bolumu\/en\/department-boards-and-committees\/#breadcrumb\",\"itemListElement\":[{\"@type\":\"ListItem\",\"position\":1,\"name\":\"Ana sayfa\",\"item\":\"https:\/\/ticaret.edu.tr\/isletme-bolumu\/en\/\"},{\"@type\":\"ListItem\",\"position\":2,\"name\":\"Department Boards and Committees\"}]},{\"@type\":\"WebSite\",\"@id\":\"http:\/\/ticaret.edu.tr\/isletme-bolumu\/#website\",\"url\":\"http:\/\/ticaret.edu.tr\/isletme-bolumu\/\",\"name\":\"\u0130\u015fletme\",\"description\":\"\",\"potentialAction\":[{\"@type\":\"SearchAction\",\"target\":{\"@type\":\"EntryPoint\",\"urlTemplate\":\"http:\/\/ticaret.edu.tr\/isletme-bolumu\/?s={search_term_string}\"},\"query-input\":\"required name=search_term_string\"}],\"inLanguage\":\"tr\"}]}<\/script>\n<!-- \/ Yoast SEO Premium plugin. -->","yoast_head_json":{"title":"Department Boards and Committees - \u0130\u015fletme","robots":{"index":"index","follow":"follow","max-snippet":"max-snippet:-1","max-image-preview":"max-image-preview:large","max-video-preview":"max-video-preview:-1"},"canonical":"https:\/\/ticaret.edu.tr\/isletme-bolumu\/en\/department-boards-and-committees\/","og_locale":"tr_TR","og_type":"article","og_title":"Department Boards and Committees","og_description":"Horizontal\/Vertical Transfer Commission \u00a0Member \u00a0 Assoc. Prof. Mehmet SA\u011eLAM \u00a0Member \u00a0 Ress. Asst. H\u00fcmeyra Nur HAT\u0130PO\u011eLU Double Major and Minor Commission \u00a0Member \u00a0 Assoc. Prof. Mehmet SA\u011eLAM \u00a0Member \u00a0 Ress. Asst. H\u00fcmeyra Nur HAT\u0130PO\u011eLU","og_url":"https:\/\/ticaret.edu.tr\/isletme-bolumu\/en\/department-boards-and-committees\/","og_site_name":"\u0130\u015fletme","article_publisher":"https:\/\/www.facebook.com\/ticaretedutr","article_modified_time":"2026-01-20T00:25:11+00:00","og_image":[{"width":1250,"height":833,"url":"http:\/\/ticaret.edu.tr\/isletme-bolumu\/wp-content\/uploads\/sites\/8\/2021\/11\/web_logo-01.jpg","type":"image\/jpeg"}],"twitter_card":"summary_large_image","twitter_site":"@ticaretedutr","twitter_misc":{"Tahmini okuma s\u00fcresi":"1 dakika"},"schema":{"@context":"https:\/\/schema.org","@graph":[{"@type":"WebPage","@id":"https:\/\/ticaret.edu.tr\/isletme-bolumu\/en\/department-boards-and-committees\/","url":"https:\/\/ticaret.edu.tr\/isletme-bolumu\/en\/department-boards-and-committees\/","name":"Department Boards and Committees - \u0130\u015fletme","isPartOf":{"@id":"http:\/\/ticaret.edu.tr\/isletme-bolumu\/#website"},"datePublished":"2025-01-26T16:34:31+00:00","dateModified":"2026-01-20T00:25:11+00:00","breadcrumb":{"@id":"https:\/\/ticaret.edu.tr\/isletme-bolumu\/en\/department-boards-and-committees\/#breadcrumb"},"inLanguage":"tr","potentialAction":[{"@type":"ReadAction","target":["https:\/\/ticaret.edu.tr\/isletme-bolumu\/en\/department-boards-and-committees\/"]}]},{"@type":"BreadcrumbList","@id":"https:\/\/ticaret.edu.tr\/isletme-bolumu\/en\/department-boards-and-committees\/#breadcrumb","itemListElement":[{"@type":"ListItem","position":1,"name":"Ana sayfa","item":"https:\/\/ticaret.edu.tr\/isletme-bolumu\/en\/"},{"@type":"ListItem","position":2,"name":"Department Boards and Committees"}]},{"@type":"WebSite","@id":"http:\/\/ticaret.edu.tr\/isletme-bolumu\/#website","url":"http:\/\/ticaret.edu.tr\/isletme-bolumu\/","name":"\u0130\u015fletme","description":"","potentialAction":[{"@type":"SearchAction","target":{"@type":"EntryPoint","urlTemplate":"http:\/\/ticaret.edu.tr\/isletme-bolumu\/?s={search_term_string}"},"query-input":"required name=search_term_string"}],"inLanguage":"tr"}]}},"lang":"en","translations":{"tr":2047,"en":2118},"pll_sync_post":[],"_links":{"self":[{"href":"http:\/\/ticaret.edu.tr\/isletme-bolumu\/wp-json\/wp\/v2\/pages\/2118"}],"collection":[{"href":"http:\/\/ticaret.edu.tr\/isletme-bolumu\/wp-json\/wp\/v2\/pages"}],"about":[{"href":"http:\/\/ticaret.edu.tr\/isletme-bolumu\/wp-json\/wp\/v2\/types\/page"}],"author":[{"embeddable":true,"href":"http:\/\/ticaret.edu.tr\/isletme-bolumu\/wp-json\/wp\/v2\/users\/225"}],"replies":[{"embeddable":true,"href":"http:\/\/ticaret.edu.tr\/isletme-bolumu\/wp-json\/wp\/v2\/comments?post=2118"}],"version-history":[{"count":5,"href":"http:\/\/ticaret.edu.tr\/isletme-bolumu\/wp-json\/wp\/v2\/pages\/2118\/revisions"}],"predecessor-version":[{"id":2748,"href":"http:\/\/ticaret.edu.tr\/isletme-bolumu\/wp-json\/wp\/v2\/pages\/2118\/revisions\/2748"}],"wp:attachment":[{"href":"http:\/\/ticaret.edu.tr\/isletme-bolumu\/wp-json\/wp\/v2\/media?parent=2118"}],"curies":[{"name":"wp","href":"https:\/\/api.w.org\/{rel}","templated":true}]}}