{"id":2216,"date":"2025-01-26T20:26:28","date_gmt":"2025-01-26T17:26:28","guid":{"rendered":"https:\/\/ticaret.edu.tr\/isletme-bolumu\/?page_id=2216"},"modified":"2026-01-20T13:10:40","modified_gmt":"2026-01-20T10:10:40","slug":"laboratories","status":"publish","type":"page","link":"http:\/\/ticaret.edu.tr\/isletme-bolumu\/en\/laboratories\/","title":{"rendered":"Laboratories"},"content":{"rendered":"<table width=\"1320\">\n<tbody>\n<tr>\n<td width=\"660\"><b>Laboratory Name<\/b><\/td>\n<td width=\"660\"><b>Campus Location<\/b><\/td>\n<\/tr>\n<tr>\n<td width=\"660\"><b>BIST-LAB<\/b><\/td>\n<td width=\"660\">S\u00fctl\u00fcce<\/td>\n<\/tr>\n<tr>\n<td width=\"660\"><b>LAB-E104<\/b><\/td>\n<td width=\"660\">S\u00fctl\u00fcce<\/td>\n<\/tr>\n<tr>\n<td width=\"660\"><b>LAB-E204<\/b><\/td>\n<td width=\"660\">S\u00fctl\u00fcce<\/td>\n<\/tr>\n<tr>\n<td width=\"660\"><b>MAC-A.203 LAB.<\/b><\/td>\n<td width=\"660\">S\u00fctl\u00fcce<\/td>\n<\/tr>\n<tr>\n<td width=\"660\"><b>MAC A.204 LAB.<\/b><\/td>\n<td width=\"660\">S\u00fctl\u00fcce<\/td>\n<\/tr>\n<tr>\n<td width=\"660\"><b>MAC A.403 LAB.<\/b><\/td>\n<td width=\"660\">S\u00fctl\u00fcce<\/td>\n<\/tr>\n<tr>\n<td width=\"660\"><b>LAB104b<\/b><\/td>\n<td width=\"660\">S\u00fctl\u00fcce<\/td>\n<\/tr>\n<tr>\n<td width=\"660\"><b>LABE207<\/b><\/td>\n<td width=\"660\">S\u00fctl\u00fcce<\/td>\n<\/tr>\n<tr>\n<td width=\"660\"><b>LABE208<\/b><\/td>\n<td width=\"660\">S\u00fctl\u00fcce<\/td>\n<\/tr>\n<tr>\n<td width=\"660\"><b>LABA306<\/b><\/td>\n<td width=\"660\">S\u00fctl\u00fcce<\/td>\n<\/tr>\n<tr>\n<td width=\"660\"><b>LABE304<\/b><\/td>\n<td width=\"660\">S\u00fctl\u00fcce<\/td>\n<\/tr>\n<tr>\n<td width=\"660\"><b>LABE305<\/b><\/td>\n<td width=\"660\">S\u00fctl\u00fcce<\/td>\n<\/tr>\n<tr>\n<td width=\"660\"><b>LABE306<\/b><\/td>\n<td width=\"660\">S\u00fctl\u00fcce<\/td>\n<\/tr>\n<tr>\n<td width=\"660\"><b>LABE402<\/b><\/td>\n<td width=\"660\">S\u00fctl\u00fcce<\/td>\n<\/tr>\n<tr>\n<td width=\"660\"><b>LABE406<\/b><\/td>\n<td width=\"660\">S\u00fctl\u00fcce<\/td>\n<\/tr>\n<tr>\n<td width=\"660\"><b>TV KOORD\u0130NASYON<\/b><\/td>\n<td width=\"660\">S\u00fctl\u00fcce<\/td>\n<\/tr>\n<tr>\n<td width=\"660\"><b>YAYIN ST\u00dcDYO<\/b><\/td>\n<td width=\"660\">S\u00fctl\u00fcce<\/td>\n<\/tr>\n<\/tbody>\n<\/table>\n","protected":false},"excerpt":{"rendered":"<p>Laboratory Name Campus Location BIST-LAB S\u00fctl\u00fcce LAB-E104 S\u00fctl\u00fcce LAB-E204 S\u00fctl\u00fcce MAC-A.203 LAB. S\u00fctl\u00fcce MAC A.204 LAB. S\u00fctl\u00fcce MAC A.403 LAB. S\u00fctl\u00fcce LAB104b S\u00fctl\u00fcce LABE207 S\u00fctl\u00fcce LABE208 S\u00fctl\u00fcce LABA306 S\u00fctl\u00fcce LABE304 S\u00fctl\u00fcce LABE305 S\u00fctl\u00fcce LABE306 S\u00fctl\u00fcce LABE402 S\u00fctl\u00fcce LABE406 S\u00fctl\u00fcce TV KOORD\u0130NASYON S\u00fctl\u00fcce YAYIN ST\u00dcDYO S\u00fctl\u00fcce<\/p>\n","protected":false},"author":225,"featured_media":0,"parent":0,"menu_order":0,"comment_status":"closed","ping_status":"closed","template":"genel_sayfa.php","meta":{"footnotes":""},"yoast_head":"<!-- This site is optimized with the Yoast SEO Premium plugin v22.1 (Yoast SEO v22.1) - https:\/\/yoast.com\/wordpress\/plugins\/seo\/ -->\n<title>Laboratories - \u0130\u015fletme<\/title>\n<meta name=\"robots\" content=\"index, follow, max-snippet:-1, max-image-preview:large, max-video-preview:-1\" \/>\n<link rel=\"canonical\" href=\"http:\/\/ticaret.edu.tr\/isletme-bolumu\/en\/laboratories\/\" \/>\n<meta property=\"og:locale\" content=\"tr_TR\" \/>\n<meta property=\"og:type\" content=\"article\" \/>\n<meta property=\"og:title\" content=\"Laboratories\" \/>\n<meta property=\"og:description\" content=\"Laboratory Name Campus Location BIST-LAB S\u00fctl\u00fcce LAB-E104 S\u00fctl\u00fcce LAB-E204 S\u00fctl\u00fcce MAC-A.203 LAB. S\u00fctl\u00fcce MAC A.204 LAB. S\u00fctl\u00fcce MAC A.403 LAB. S\u00fctl\u00fcce LAB104b S\u00fctl\u00fcce LABE207 S\u00fctl\u00fcce LABE208 S\u00fctl\u00fcce LABA306 S\u00fctl\u00fcce LABE304 S\u00fctl\u00fcce LABE305 S\u00fctl\u00fcce LABE306 S\u00fctl\u00fcce LABE402 S\u00fctl\u00fcce LABE406 S\u00fctl\u00fcce TV KOORD\u0130NASYON S\u00fctl\u00fcce YAYIN ST\u00dcDYO S\u00fctl\u00fcce\" \/>\n<meta property=\"og:url\" content=\"http:\/\/ticaret.edu.tr\/isletme-bolumu\/en\/laboratories\/\" \/>\n<meta property=\"og:site_name\" content=\"\u0130\u015fletme\" \/>\n<meta property=\"article:publisher\" content=\"https:\/\/www.facebook.com\/ticaretedutr\" \/>\n<meta property=\"article:modified_time\" content=\"2026-01-20T10:10:40+00:00\" \/>\n<meta property=\"og:image\" content=\"http:\/\/ticaret.edu.tr\/isletme-bolumu\/wp-content\/uploads\/sites\/8\/2021\/11\/web_logo-01.jpg\" \/>\n\t<meta property=\"og:image:width\" content=\"1250\" \/>\n\t<meta property=\"og:image:height\" content=\"833\" \/>\n\t<meta property=\"og:image:type\" content=\"image\/jpeg\" \/>\n<meta name=\"twitter:card\" content=\"summary_large_image\" \/>\n<meta name=\"twitter:site\" content=\"@ticaretedutr\" \/>\n<meta name=\"twitter:label1\" content=\"Tahmini okuma s\u00fcresi\" \/>\n\t<meta name=\"twitter:data1\" content=\"1 dakika\" \/>\n<script type=\"application\/ld+json\" class=\"yoast-schema-graph\">{\"@context\":\"https:\/\/schema.org\",\"@graph\":[{\"@type\":\"WebPage\",\"@id\":\"http:\/\/ticaret.edu.tr\/isletme-bolumu\/en\/laboratories\/\",\"url\":\"http:\/\/ticaret.edu.tr\/isletme-bolumu\/en\/laboratories\/\",\"name\":\"Laboratories - \u0130\u015fletme\",\"isPartOf\":{\"@id\":\"https:\/\/ticaret.edu.tr\/isletme-bolumu\/en\/#website\"},\"datePublished\":\"2025-01-26T17:26:28+00:00\",\"dateModified\":\"2026-01-20T10:10:40+00:00\",\"breadcrumb\":{\"@id\":\"http:\/\/ticaret.edu.tr\/isletme-bolumu\/en\/laboratories\/#breadcrumb\"},\"inLanguage\":\"tr\",\"potentialAction\":[{\"@type\":\"ReadAction\",\"target\":[\"http:\/\/ticaret.edu.tr\/isletme-bolumu\/en\/laboratories\/\"]}]},{\"@type\":\"BreadcrumbList\",\"@id\":\"http:\/\/ticaret.edu.tr\/isletme-bolumu\/en\/laboratories\/#breadcrumb\",\"itemListElement\":[{\"@type\":\"ListItem\",\"position\":1,\"name\":\"Ana sayfa\",\"item\":\"https:\/\/ticaret.edu.tr\/isletme-bolumu\/en\/\"},{\"@type\":\"ListItem\",\"position\":2,\"name\":\"Laboratories\"}]},{\"@type\":\"WebSite\",\"@id\":\"https:\/\/ticaret.edu.tr\/isletme-bolumu\/en\/#website\",\"url\":\"https:\/\/ticaret.edu.tr\/isletme-bolumu\/en\/\",\"name\":\"\u0130\u015fletme\",\"description\":\"\",\"potentialAction\":[{\"@type\":\"SearchAction\",\"target\":{\"@type\":\"EntryPoint\",\"urlTemplate\":\"https:\/\/ticaret.edu.tr\/isletme-bolumu\/en\/?s={search_term_string}\"},\"query-input\":\"required name=search_term_string\"}],\"inLanguage\":\"tr\"}]}<\/script>\n<!-- \/ Yoast SEO Premium plugin. -->","yoast_head_json":{"title":"Laboratories - \u0130\u015fletme","robots":{"index":"index","follow":"follow","max-snippet":"max-snippet:-1","max-image-preview":"max-image-preview:large","max-video-preview":"max-video-preview:-1"},"canonical":"http:\/\/ticaret.edu.tr\/isletme-bolumu\/en\/laboratories\/","og_locale":"tr_TR","og_type":"article","og_title":"Laboratories","og_description":"Laboratory Name Campus Location BIST-LAB S\u00fctl\u00fcce LAB-E104 S\u00fctl\u00fcce LAB-E204 S\u00fctl\u00fcce MAC-A.203 LAB. S\u00fctl\u00fcce MAC A.204 LAB. S\u00fctl\u00fcce MAC A.403 LAB. S\u00fctl\u00fcce LAB104b S\u00fctl\u00fcce LABE207 S\u00fctl\u00fcce LABE208 S\u00fctl\u00fcce LABA306 S\u00fctl\u00fcce LABE304 S\u00fctl\u00fcce LABE305 S\u00fctl\u00fcce LABE306 S\u00fctl\u00fcce LABE402 S\u00fctl\u00fcce LABE406 S\u00fctl\u00fcce TV KOORD\u0130NASYON S\u00fctl\u00fcce YAYIN ST\u00dcDYO S\u00fctl\u00fcce","og_url":"http:\/\/ticaret.edu.tr\/isletme-bolumu\/en\/laboratories\/","og_site_name":"\u0130\u015fletme","article_publisher":"https:\/\/www.facebook.com\/ticaretedutr","article_modified_time":"2026-01-20T10:10:40+00:00","og_image":[{"width":1250,"height":833,"url":"http:\/\/ticaret.edu.tr\/isletme-bolumu\/wp-content\/uploads\/sites\/8\/2021\/11\/web_logo-01.jpg","type":"image\/jpeg"}],"twitter_card":"summary_large_image","twitter_site":"@ticaretedutr","twitter_misc":{"Tahmini okuma s\u00fcresi":"1 dakika"},"schema":{"@context":"https:\/\/schema.org","@graph":[{"@type":"WebPage","@id":"http:\/\/ticaret.edu.tr\/isletme-bolumu\/en\/laboratories\/","url":"http:\/\/ticaret.edu.tr\/isletme-bolumu\/en\/laboratories\/","name":"Laboratories - \u0130\u015fletme","isPartOf":{"@id":"https:\/\/ticaret.edu.tr\/isletme-bolumu\/en\/#website"},"datePublished":"2025-01-26T17:26:28+00:00","dateModified":"2026-01-20T10:10:40+00:00","breadcrumb":{"@id":"http:\/\/ticaret.edu.tr\/isletme-bolumu\/en\/laboratories\/#breadcrumb"},"inLanguage":"tr","potentialAction":[{"@type":"ReadAction","target":["http:\/\/ticaret.edu.tr\/isletme-bolumu\/en\/laboratories\/"]}]},{"@type":"BreadcrumbList","@id":"http:\/\/ticaret.edu.tr\/isletme-bolumu\/en\/laboratories\/#breadcrumb","itemListElement":[{"@type":"ListItem","position":1,"name":"Ana sayfa","item":"https:\/\/ticaret.edu.tr\/isletme-bolumu\/en\/"},{"@type":"ListItem","position":2,"name":"Laboratories"}]},{"@type":"WebSite","@id":"https:\/\/ticaret.edu.tr\/isletme-bolumu\/en\/#website","url":"https:\/\/ticaret.edu.tr\/isletme-bolumu\/en\/","name":"\u0130\u015fletme","description":"","potentialAction":[{"@type":"SearchAction","target":{"@type":"EntryPoint","urlTemplate":"https:\/\/ticaret.edu.tr\/isletme-bolumu\/en\/?s={search_term_string}"},"query-input":"required name=search_term_string"}],"inLanguage":"tr"}]}},"lang":"en","translations":{"tr":1915,"en":2216},"pll_sync_post":[],"_links":{"self":[{"href":"http:\/\/ticaret.edu.tr\/isletme-bolumu\/wp-json\/wp\/v2\/pages\/2216"}],"collection":[{"href":"http:\/\/ticaret.edu.tr\/isletme-bolumu\/wp-json\/wp\/v2\/pages"}],"about":[{"href":"http:\/\/ticaret.edu.tr\/isletme-bolumu\/wp-json\/wp\/v2\/types\/page"}],"author":[{"embeddable":true,"href":"http:\/\/ticaret.edu.tr\/isletme-bolumu\/wp-json\/wp\/v2\/users\/225"}],"replies":[{"embeddable":true,"href":"http:\/\/ticaret.edu.tr\/isletme-bolumu\/wp-json\/wp\/v2\/comments?post=2216"}],"version-history":[{"count":3,"href":"http:\/\/ticaret.edu.tr\/isletme-bolumu\/wp-json\/wp\/v2\/pages\/2216\/revisions"}],"predecessor-version":[{"id":2768,"href":"http:\/\/ticaret.edu.tr\/isletme-bolumu\/wp-json\/wp\/v2\/pages\/2216\/revisions\/2768"}],"wp:attachment":[{"href":"http:\/\/ticaret.edu.tr\/isletme-bolumu\/wp-json\/wp\/v2\/media?parent=2216"}],"curies":[{"name":"wp","href":"https:\/\/api.w.org\/{rel}","templated":true}]}}