{"id":2376,"date":"2025-02-13T09:39:41","date_gmt":"2025-02-13T06:39:41","guid":{"rendered":"https:\/\/ticaret.edu.tr\/isletme-bolumu\/?page_id=2376"},"modified":"2025-10-21T01:25:53","modified_gmt":"2025-10-20T22:25:53","slug":"lisansustu-ogrenci-degisim-programlari-erasmus","status":"publish","type":"page","link":"http:\/\/ticaret.edu.tr\/isletme-bolumu\/lisansustu-ogrenci-degisim-programlari-erasmus\/","title":{"rendered":"Lisans\u00fcst\u00fc \u00d6\u011frenci De\u011fi\u015fim Programlar\u0131 \/ Erasmus"},"content":{"rendered":"<p>Lisans\u00fcst\u00fc E\u011fitimine ait \u00d6\u011frenci De\u011fi\u015fim Programlar\u0131 \/ Erasmus i\u00e7eriklerine ula\u015fmak i\u00e7in\u00a0<a href=\"https:\/\/ticaret.edu.tr\/lisansustu-egitim-enstitusu\/\"><strong>L\u0130SANS\u00dcST\u00dc E\u011e\u0130T\u0130M ENST\u0130T\u00dcS\u00dc<\/strong><\/a>\u00a0sayfas\u0131n\u0131 ziyaret ediniz.<\/p>\n<blockquote class=\"wp-embedded-content\" data-secret=\"2CIvOpW22M\"><p><a href=\"https:\/\/ticaret.edu.tr\/lisansustu-egitim-enstitusu\/isletme\/\">\u0130\u015fletme<\/a><\/p><\/blockquote>\n<p><iframe class=\"wp-embedded-content\" sandbox=\"allow-scripts\" security=\"restricted\" style=\"position: absolute; clip: rect(1px, 1px, 1px, 1px);\" title=\"&#8220;\u0130\u015fletme&#8221; &#8212; Lisans\u00fcst\u00fc E\u011fitim Enstit\u00fcs\u00fc\" src=\"https:\/\/ticaret.edu.tr\/lisansustu-egitim-enstitusu\/isletme\/embed\/#?secret=GAJ9NrbiMD#?secret=2CIvOpW22M\" data-secret=\"2CIvOpW22M\" width=\"500\" height=\"282\" frameborder=\"0\" marginwidth=\"0\" marginheight=\"0\" scrolling=\"no\"><\/iframe><\/p>\n","protected":false},"excerpt":{"rendered":"<p>Lisans\u00fcst\u00fc E\u011fitimine ait \u00d6\u011frenci De\u011fi\u015fim Programlar\u0131 \/ Erasmus i\u00e7eriklerine ula\u015fmak i\u00e7in\u00a0L\u0130SANS\u00dcST\u00dc E\u011e\u0130T\u0130M ENST\u0130T\u00dcS\u00dc\u00a0sayfas\u0131n\u0131 ziyaret ediniz. \u0130\u015fletme<\/p>\n","protected":false},"author":228,"featured_media":0,"parent":0,"menu_order":0,"comment_status":"closed","ping_status":"closed","template":"genel_sayfa.php","meta":{"footnotes":""},"yoast_head":"<!-- This site is optimized with the Yoast SEO Premium plugin v22.1 (Yoast SEO v22.1) - https:\/\/yoast.com\/wordpress\/plugins\/seo\/ -->\n<title>Lisans\u00fcst\u00fc \u00d6\u011frenci De\u011fi\u015fim Programlar\u0131 \/ Erasmus - \u0130\u015fletme<\/title>\n<meta name=\"robots\" content=\"index, follow, max-snippet:-1, max-image-preview:large, max-video-preview:-1\" \/>\n<link rel=\"canonical\" href=\"http:\/\/ticaret.edu.tr\/isletme-bolumu\/lisansustu-ogrenci-degisim-programlari-erasmus\/\" \/>\n<meta property=\"og:locale\" content=\"tr_TR\" \/>\n<meta property=\"og:type\" content=\"article\" \/>\n<meta property=\"og:title\" content=\"Lisans\u00fcst\u00fc \u00d6\u011frenci De\u011fi\u015fim Programlar\u0131 \/ Erasmus\" \/>\n<meta property=\"og:description\" content=\"Lisans\u00fcst\u00fc E\u011fitimine ait \u00d6\u011frenci De\u011fi\u015fim Programlar\u0131 \/ Erasmus i\u00e7eriklerine ula\u015fmak i\u00e7in\u00a0L\u0130SANS\u00dcST\u00dc E\u011e\u0130T\u0130M ENST\u0130T\u00dcS\u00dc\u00a0sayfas\u0131n\u0131 ziyaret ediniz. \u0130\u015fletme\" \/>\n<meta property=\"og:url\" content=\"http:\/\/ticaret.edu.tr\/isletme-bolumu\/lisansustu-ogrenci-degisim-programlari-erasmus\/\" \/>\n<meta property=\"og:site_name\" content=\"\u0130\u015fletme\" \/>\n<meta property=\"article:publisher\" content=\"https:\/\/www.facebook.com\/ticaretedutr\" \/>\n<meta property=\"article:modified_time\" content=\"2025-10-20T22:25:53+00:00\" \/>\n<meta property=\"og:image\" content=\"http:\/\/ticaret.edu.tr\/isletme-bolumu\/wp-content\/uploads\/sites\/8\/2021\/11\/web_logo-01.jpg\" \/>\n\t<meta property=\"og:image:width\" content=\"1250\" \/>\n\t<meta property=\"og:image:height\" content=\"833\" \/>\n\t<meta property=\"og:image:type\" content=\"image\/jpeg\" \/>\n<meta name=\"twitter:card\" content=\"summary_large_image\" \/>\n<meta name=\"twitter:site\" content=\"@ticaretedutr\" \/>\n<meta name=\"twitter:label1\" content=\"Tahmini okuma s\u00fcresi\" \/>\n\t<meta name=\"twitter:data1\" content=\"1 dakika\" \/>\n<script type=\"application\/ld+json\" class=\"yoast-schema-graph\">{\"@context\":\"https:\/\/schema.org\",\"@graph\":[{\"@type\":\"WebPage\",\"@id\":\"http:\/\/ticaret.edu.tr\/isletme-bolumu\/lisansustu-ogrenci-degisim-programlari-erasmus\/\",\"url\":\"http:\/\/ticaret.edu.tr\/isletme-bolumu\/lisansustu-ogrenci-degisim-programlari-erasmus\/\",\"name\":\"Lisans\u00fcst\u00fc \u00d6\u011frenci De\u011fi\u015fim Programlar\u0131 \/ Erasmus - \u0130\u015fletme\",\"isPartOf\":{\"@id\":\"http:\/\/ticaret.edu.tr\/isletme-bolumu\/#website\"},\"datePublished\":\"2025-02-13T06:39:41+00:00\",\"dateModified\":\"2025-10-20T22:25:53+00:00\",\"breadcrumb\":{\"@id\":\"http:\/\/ticaret.edu.tr\/isletme-bolumu\/lisansustu-ogrenci-degisim-programlari-erasmus\/#breadcrumb\"},\"inLanguage\":\"tr\",\"potentialAction\":[{\"@type\":\"ReadAction\",\"target\":[\"http:\/\/ticaret.edu.tr\/isletme-bolumu\/lisansustu-ogrenci-degisim-programlari-erasmus\/\"]}]},{\"@type\":\"BreadcrumbList\",\"@id\":\"http:\/\/ticaret.edu.tr\/isletme-bolumu\/lisansustu-ogrenci-degisim-programlari-erasmus\/#breadcrumb\",\"itemListElement\":[{\"@type\":\"ListItem\",\"position\":1,\"name\":\"Ana sayfa\",\"item\":\"https:\/\/ticaret.edu.tr\/isletme-bolumu\/en\/\"},{\"@type\":\"ListItem\",\"position\":2,\"name\":\"Lisans\u00fcst\u00fc \u00d6\u011frenci De\u011fi\u015fim Programlar\u0131 \/ Erasmus\"}]},{\"@type\":\"WebSite\",\"@id\":\"http:\/\/ticaret.edu.tr\/isletme-bolumu\/#website\",\"url\":\"http:\/\/ticaret.edu.tr\/isletme-bolumu\/\",\"name\":\"\u0130\u015fletme\",\"description\":\"\",\"potentialAction\":[{\"@type\":\"SearchAction\",\"target\":{\"@type\":\"EntryPoint\",\"urlTemplate\":\"http:\/\/ticaret.edu.tr\/isletme-bolumu\/?s={search_term_string}\"},\"query-input\":\"required name=search_term_string\"}],\"inLanguage\":\"tr\"}]}<\/script>\n<!-- \/ Yoast SEO Premium plugin. -->","yoast_head_json":{"title":"Lisans\u00fcst\u00fc \u00d6\u011frenci De\u011fi\u015fim Programlar\u0131 \/ Erasmus - \u0130\u015fletme","robots":{"index":"index","follow":"follow","max-snippet":"max-snippet:-1","max-image-preview":"max-image-preview:large","max-video-preview":"max-video-preview:-1"},"canonical":"http:\/\/ticaret.edu.tr\/isletme-bolumu\/lisansustu-ogrenci-degisim-programlari-erasmus\/","og_locale":"tr_TR","og_type":"article","og_title":"Lisans\u00fcst\u00fc \u00d6\u011frenci De\u011fi\u015fim Programlar\u0131 \/ Erasmus","og_description":"Lisans\u00fcst\u00fc E\u011fitimine ait \u00d6\u011frenci De\u011fi\u015fim Programlar\u0131 \/ Erasmus i\u00e7eriklerine ula\u015fmak i\u00e7in\u00a0L\u0130SANS\u00dcST\u00dc E\u011e\u0130T\u0130M ENST\u0130T\u00dcS\u00dc\u00a0sayfas\u0131n\u0131 ziyaret ediniz. \u0130\u015fletme","og_url":"http:\/\/ticaret.edu.tr\/isletme-bolumu\/lisansustu-ogrenci-degisim-programlari-erasmus\/","og_site_name":"\u0130\u015fletme","article_publisher":"https:\/\/www.facebook.com\/ticaretedutr","article_modified_time":"2025-10-20T22:25:53+00:00","og_image":[{"width":1250,"height":833,"url":"http:\/\/ticaret.edu.tr\/isletme-bolumu\/wp-content\/uploads\/sites\/8\/2021\/11\/web_logo-01.jpg","type":"image\/jpeg"}],"twitter_card":"summary_large_image","twitter_site":"@ticaretedutr","twitter_misc":{"Tahmini okuma s\u00fcresi":"1 dakika"},"schema":{"@context":"https:\/\/schema.org","@graph":[{"@type":"WebPage","@id":"http:\/\/ticaret.edu.tr\/isletme-bolumu\/lisansustu-ogrenci-degisim-programlari-erasmus\/","url":"http:\/\/ticaret.edu.tr\/isletme-bolumu\/lisansustu-ogrenci-degisim-programlari-erasmus\/","name":"Lisans\u00fcst\u00fc \u00d6\u011frenci De\u011fi\u015fim Programlar\u0131 \/ Erasmus - \u0130\u015fletme","isPartOf":{"@id":"http:\/\/ticaret.edu.tr\/isletme-bolumu\/#website"},"datePublished":"2025-02-13T06:39:41+00:00","dateModified":"2025-10-20T22:25:53+00:00","breadcrumb":{"@id":"http:\/\/ticaret.edu.tr\/isletme-bolumu\/lisansustu-ogrenci-degisim-programlari-erasmus\/#breadcrumb"},"inLanguage":"tr","potentialAction":[{"@type":"ReadAction","target":["http:\/\/ticaret.edu.tr\/isletme-bolumu\/lisansustu-ogrenci-degisim-programlari-erasmus\/"]}]},{"@type":"BreadcrumbList","@id":"http:\/\/ticaret.edu.tr\/isletme-bolumu\/lisansustu-ogrenci-degisim-programlari-erasmus\/#breadcrumb","itemListElement":[{"@type":"ListItem","position":1,"name":"Ana sayfa","item":"https:\/\/ticaret.edu.tr\/isletme-bolumu\/en\/"},{"@type":"ListItem","position":2,"name":"Lisans\u00fcst\u00fc \u00d6\u011frenci De\u011fi\u015fim Programlar\u0131 \/ Erasmus"}]},{"@type":"WebSite","@id":"http:\/\/ticaret.edu.tr\/isletme-bolumu\/#website","url":"http:\/\/ticaret.edu.tr\/isletme-bolumu\/","name":"\u0130\u015fletme","description":"","potentialAction":[{"@type":"SearchAction","target":{"@type":"EntryPoint","urlTemplate":"http:\/\/ticaret.edu.tr\/isletme-bolumu\/?s={search_term_string}"},"query-input":"required name=search_term_string"}],"inLanguage":"tr"}]}},"lang":"tr","translations":{"en":2378,"tr":2376},"pll_sync_post":[],"_links":{"self":[{"href":"http:\/\/ticaret.edu.tr\/isletme-bolumu\/wp-json\/wp\/v2\/pages\/2376"}],"collection":[{"href":"http:\/\/ticaret.edu.tr\/isletme-bolumu\/wp-json\/wp\/v2\/pages"}],"about":[{"href":"http:\/\/ticaret.edu.tr\/isletme-bolumu\/wp-json\/wp\/v2\/types\/page"}],"author":[{"embeddable":true,"href":"http:\/\/ticaret.edu.tr\/isletme-bolumu\/wp-json\/wp\/v2\/users\/228"}],"replies":[{"embeddable":true,"href":"http:\/\/ticaret.edu.tr\/isletme-bolumu\/wp-json\/wp\/v2\/comments?post=2376"}],"version-history":[{"count":3,"href":"http:\/\/ticaret.edu.tr\/isletme-bolumu\/wp-json\/wp\/v2\/pages\/2376\/revisions"}],"predecessor-version":[{"id":2574,"href":"http:\/\/ticaret.edu.tr\/isletme-bolumu\/wp-json\/wp\/v2\/pages\/2376\/revisions\/2574"}],"wp:attachment":[{"href":"http:\/\/ticaret.edu.tr\/isletme-bolumu\/wp-json\/wp\/v2\/media?parent=2376"}],"curies":[{"name":"wp","href":"https:\/\/api.w.org\/{rel}","templated":true}]}}