{"id":793,"date":"2021-10-22T10:40:58","date_gmt":"2021-10-22T07:40:58","guid":{"rendered":"http:\/\/ticaret.edu.tr\/isl\/?page_id=793"},"modified":"2026-02-10T14:57:42","modified_gmt":"2026-02-10T11:57:42","slug":"ders-icerikleri","status":"publish","type":"page","link":"http:\/\/ticaret.edu.tr\/isletme-bolumu\/ders-icerikleri\/","title":{"rendered":"Ders \u0130\u00e7erikleri"},"content":{"rendered":"<p><a href=\"http:\/\/ticaret.edu.tr\/isletme-bolumu\/wp-content\/uploads\/sites\/8\/2026\/02\/2025-2026-TR-Isletme-Turkce-Ders-Icerikleri-Kaseli-Imzali-1-1.pdf\">2025-2026 \u0130\u015eLETME T\u00dcRK\u00c7E B\u00d6L\u00dcM\u00dc DERS \u0130\u00c7ER\u0130KLER\u0130<\/a><\/p>\n<p><a href=\"http:\/\/ticaret.edu.tr\/isletme-bolumu\/wp-content\/uploads\/sites\/8\/2025\/12\/Isletme-Bolumu-2024-25-Ders-Icerikleri.pdf\">2024-2025 \u0130\u015eLETME T\u00dcRK\u00c7E B\u00d6L\u00dcM\u00dc DERS \u0130\u00c7ER\u0130KLER\u0130<\/a><\/p>\n","protected":false},"excerpt":{"rendered":"<p>2025-2026 \u0130\u015eLETME T\u00dcRK\u00c7E B\u00d6L\u00dcM\u00dc DERS \u0130\u00c7ER\u0130KLER\u0130 2024-2025 \u0130\u015eLETME T\u00dcRK\u00c7E B\u00d6L\u00dcM\u00dc DERS \u0130\u00c7ER\u0130KLER\u0130<\/p>\n","protected":false},"author":149,"featured_media":0,"parent":0,"menu_order":0,"comment_status":"closed","ping_status":"closed","template":"genel_sayfa.php","meta":{"footnotes":""},"yoast_head":"<!-- This site is optimized with the Yoast SEO Premium plugin v22.1 (Yoast SEO v22.1) - https:\/\/yoast.com\/wordpress\/plugins\/seo\/ -->\n<title>Ders \u0130\u00e7erikleri - \u0130\u015fletme<\/title>\n<meta name=\"description\" content=\"\u0130\u015fletme B\u00f6l\u00fcm\u00fc&#039;n\u00fcn ders i\u00e7eriklerine 2018 y\u0131l\u0131ndan itibaren ula\u015fmak i\u00e7in a\u015fa\u011f\u0131daki ba\u011flant\u0131lar\u0131 kullan\u0131n\u0131z.\" \/>\n<meta name=\"robots\" content=\"index, follow, max-snippet:-1, max-image-preview:large, max-video-preview:-1\" \/>\n<link rel=\"canonical\" href=\"http:\/\/ticaret.edu.tr\/isletme-bolumu\/ders-icerikleri\/\" \/>\n<meta property=\"og:locale\" content=\"tr_TR\" \/>\n<meta property=\"og:type\" content=\"article\" \/>\n<meta property=\"og:title\" content=\"Ders \u0130\u00e7erikleri\" \/>\n<meta property=\"og:description\" content=\"\u0130\u015fletme B\u00f6l\u00fcm\u00fc&#039;n\u00fcn ders i\u00e7eriklerine 2018 y\u0131l\u0131ndan itibaren ula\u015fmak i\u00e7in a\u015fa\u011f\u0131daki ba\u011flant\u0131lar\u0131 kullan\u0131n\u0131z.\" \/>\n<meta property=\"og:url\" content=\"http:\/\/ticaret.edu.tr\/isletme-bolumu\/ders-icerikleri\/\" \/>\n<meta property=\"og:site_name\" content=\"\u0130\u015fletme\" \/>\n<meta property=\"article:publisher\" content=\"https:\/\/www.facebook.com\/ticaretedutr\" \/>\n<meta property=\"article:modified_time\" content=\"2026-02-10T11:57:42+00:00\" \/>\n<meta property=\"og:image\" content=\"http:\/\/ticaret.edu.tr\/isletme-bolumu\/wp-content\/uploads\/sites\/8\/2021\/11\/web_logo-01.jpg\" \/>\n\t<meta property=\"og:image:width\" content=\"1250\" \/>\n\t<meta property=\"og:image:height\" content=\"833\" \/>\n\t<meta property=\"og:image:type\" content=\"image\/jpeg\" \/>\n<meta name=\"twitter:card\" content=\"summary_large_image\" \/>\n<meta name=\"twitter:site\" content=\"@ticaretedutr\" \/>\n<meta name=\"twitter:label1\" content=\"Tahmini okuma s\u00fcresi\" \/>\n\t<meta name=\"twitter:data1\" content=\"1 dakika\" \/>\n<script type=\"application\/ld+json\" class=\"yoast-schema-graph\">{\"@context\":\"https:\/\/schema.org\",\"@graph\":[{\"@type\":\"WebPage\",\"@id\":\"http:\/\/ticaret.edu.tr\/isletme-bolumu\/ders-icerikleri\/\",\"url\":\"http:\/\/ticaret.edu.tr\/isletme-bolumu\/ders-icerikleri\/\",\"name\":\"Ders \u0130\u00e7erikleri - \u0130\u015fletme\",\"isPartOf\":{\"@id\":\"http:\/\/ticaret.edu.tr\/isletme-bolumu\/#website\"},\"datePublished\":\"2021-10-22T07:40:58+00:00\",\"dateModified\":\"2026-02-10T11:57:42+00:00\",\"description\":\"\u0130\u015fletme B\u00f6l\u00fcm\u00fc'n\u00fcn ders i\u00e7eriklerine 2018 y\u0131l\u0131ndan itibaren ula\u015fmak i\u00e7in a\u015fa\u011f\u0131daki ba\u011flant\u0131lar\u0131 kullan\u0131n\u0131z.\",\"breadcrumb\":{\"@id\":\"http:\/\/ticaret.edu.tr\/isletme-bolumu\/ders-icerikleri\/#breadcrumb\"},\"inLanguage\":\"tr\",\"potentialAction\":[{\"@type\":\"ReadAction\",\"target\":[\"http:\/\/ticaret.edu.tr\/isletme-bolumu\/ders-icerikleri\/\"]}]},{\"@type\":\"BreadcrumbList\",\"@id\":\"http:\/\/ticaret.edu.tr\/isletme-bolumu\/ders-icerikleri\/#breadcrumb\",\"itemListElement\":[{\"@type\":\"ListItem\",\"position\":1,\"name\":\"Ana sayfa\",\"item\":\"https:\/\/ticaret.edu.tr\/isletme-bolumu\/en\/\"},{\"@type\":\"ListItem\",\"position\":2,\"name\":\"Ders \u0130\u00e7erikleri\"}]},{\"@type\":\"WebSite\",\"@id\":\"http:\/\/ticaret.edu.tr\/isletme-bolumu\/#website\",\"url\":\"http:\/\/ticaret.edu.tr\/isletme-bolumu\/\",\"name\":\"\u0130\u015fletme\",\"description\":\"\",\"potentialAction\":[{\"@type\":\"SearchAction\",\"target\":{\"@type\":\"EntryPoint\",\"urlTemplate\":\"http:\/\/ticaret.edu.tr\/isletme-bolumu\/?s={search_term_string}\"},\"query-input\":\"required name=search_term_string\"}],\"inLanguage\":\"tr\"}]}<\/script>\n<!-- \/ Yoast SEO Premium plugin. -->","yoast_head_json":{"title":"Ders \u0130\u00e7erikleri - \u0130\u015fletme","description":"\u0130\u015fletme B\u00f6l\u00fcm\u00fc'n\u00fcn ders i\u00e7eriklerine 2018 y\u0131l\u0131ndan itibaren ula\u015fmak i\u00e7in a\u015fa\u011f\u0131daki ba\u011flant\u0131lar\u0131 kullan\u0131n\u0131z.","robots":{"index":"index","follow":"follow","max-snippet":"max-snippet:-1","max-image-preview":"max-image-preview:large","max-video-preview":"max-video-preview:-1"},"canonical":"http:\/\/ticaret.edu.tr\/isletme-bolumu\/ders-icerikleri\/","og_locale":"tr_TR","og_type":"article","og_title":"Ders \u0130\u00e7erikleri","og_description":"\u0130\u015fletme B\u00f6l\u00fcm\u00fc'n\u00fcn ders i\u00e7eriklerine 2018 y\u0131l\u0131ndan itibaren ula\u015fmak i\u00e7in a\u015fa\u011f\u0131daki ba\u011flant\u0131lar\u0131 kullan\u0131n\u0131z.","og_url":"http:\/\/ticaret.edu.tr\/isletme-bolumu\/ders-icerikleri\/","og_site_name":"\u0130\u015fletme","article_publisher":"https:\/\/www.facebook.com\/ticaretedutr","article_modified_time":"2026-02-10T11:57:42+00:00","og_image":[{"width":1250,"height":833,"url":"http:\/\/ticaret.edu.tr\/isletme-bolumu\/wp-content\/uploads\/sites\/8\/2021\/11\/web_logo-01.jpg","type":"image\/jpeg"}],"twitter_card":"summary_large_image","twitter_site":"@ticaretedutr","twitter_misc":{"Tahmini okuma s\u00fcresi":"1 dakika"},"schema":{"@context":"https:\/\/schema.org","@graph":[{"@type":"WebPage","@id":"http:\/\/ticaret.edu.tr\/isletme-bolumu\/ders-icerikleri\/","url":"http:\/\/ticaret.edu.tr\/isletme-bolumu\/ders-icerikleri\/","name":"Ders \u0130\u00e7erikleri - \u0130\u015fletme","isPartOf":{"@id":"http:\/\/ticaret.edu.tr\/isletme-bolumu\/#website"},"datePublished":"2021-10-22T07:40:58+00:00","dateModified":"2026-02-10T11:57:42+00:00","description":"\u0130\u015fletme B\u00f6l\u00fcm\u00fc'n\u00fcn ders i\u00e7eriklerine 2018 y\u0131l\u0131ndan itibaren ula\u015fmak i\u00e7in a\u015fa\u011f\u0131daki ba\u011flant\u0131lar\u0131 kullan\u0131n\u0131z.","breadcrumb":{"@id":"http:\/\/ticaret.edu.tr\/isletme-bolumu\/ders-icerikleri\/#breadcrumb"},"inLanguage":"tr","potentialAction":[{"@type":"ReadAction","target":["http:\/\/ticaret.edu.tr\/isletme-bolumu\/ders-icerikleri\/"]}]},{"@type":"BreadcrumbList","@id":"http:\/\/ticaret.edu.tr\/isletme-bolumu\/ders-icerikleri\/#breadcrumb","itemListElement":[{"@type":"ListItem","position":1,"name":"Ana sayfa","item":"https:\/\/ticaret.edu.tr\/isletme-bolumu\/en\/"},{"@type":"ListItem","position":2,"name":"Ders \u0130\u00e7erikleri"}]},{"@type":"WebSite","@id":"http:\/\/ticaret.edu.tr\/isletme-bolumu\/#website","url":"http:\/\/ticaret.edu.tr\/isletme-bolumu\/","name":"\u0130\u015fletme","description":"","potentialAction":[{"@type":"SearchAction","target":{"@type":"EntryPoint","urlTemplate":"http:\/\/ticaret.edu.tr\/isletme-bolumu\/?s={search_term_string}"},"query-input":"required name=search_term_string"}],"inLanguage":"tr"}]}},"lang":"tr","translations":{"en":1969,"tr":793},"pll_sync_post":[],"_links":{"self":[{"href":"http:\/\/ticaret.edu.tr\/isletme-bolumu\/wp-json\/wp\/v2\/pages\/793"}],"collection":[{"href":"http:\/\/ticaret.edu.tr\/isletme-bolumu\/wp-json\/wp\/v2\/pages"}],"about":[{"href":"http:\/\/ticaret.edu.tr\/isletme-bolumu\/wp-json\/wp\/v2\/types\/page"}],"author":[{"embeddable":true,"href":"http:\/\/ticaret.edu.tr\/isletme-bolumu\/wp-json\/wp\/v2\/users\/149"}],"replies":[{"embeddable":true,"href":"http:\/\/ticaret.edu.tr\/isletme-bolumu\/wp-json\/wp\/v2\/comments?post=793"}],"version-history":[{"count":17,"href":"http:\/\/ticaret.edu.tr\/isletme-bolumu\/wp-json\/wp\/v2\/pages\/793\/revisions"}],"predecessor-version":[{"id":2843,"href":"http:\/\/ticaret.edu.tr\/isletme-bolumu\/wp-json\/wp\/v2\/pages\/793\/revisions\/2843"}],"wp:attachment":[{"href":"http:\/\/ticaret.edu.tr\/isletme-bolumu\/wp-json\/wp\/v2\/media?parent=793"}],"curies":[{"name":"wp","href":"https:\/\/api.w.org\/{rel}","templated":true}]}}