{"id":15,"date":"2020-04-26T18:03:42","date_gmt":"2020-04-26T15:03:42","guid":{"rendered":"http:\/\/ticaret.edu.tr\/isletme\/?page_id=15"},"modified":"2025-10-21T15:39:34","modified_gmt":"2025-10-21T12:39:34","slug":"dekan","status":"publish","type":"page","link":"http:\/\/ticaret.edu.tr\/isletme-fakultesi\/dekan\/","title":{"rendered":"Dekan"},"content":{"rendered":"<p><img loading=\"lazy\" decoding=\"async\" style=\"display: block; margin: 0 auto;\" wp-image-1917 size-medium aligncenter\" src=\"http:\/\/ticaret.edu.tr\/isletme-fakultesi\/wp-content\/uploads\/sites\/7\/2025\/09\/rahmi-deniz-284x300.jpg\" alt=\"\" width=\"284\" height=\"300\" srcset=\"http:\/\/ticaret.edu.tr\/isletme-fakultesi\/wp-content\/uploads\/sites\/7\/2025\/09\/rahmi-deniz-284x300.jpg 284w, http:\/\/ticaret.edu.tr\/isletme-fakultesi\/wp-content\/uploads\/sites\/7\/2025\/09\/rahmi-deniz-969x1024.jpg 969w, http:\/\/ticaret.edu.tr\/isletme-fakultesi\/wp-content\/uploads\/sites\/7\/2025\/09\/rahmi-deniz-768x811.jpg 768w, http:\/\/ticaret.edu.tr\/isletme-fakultesi\/wp-content\/uploads\/sites\/7\/2025\/09\/rahmi-deniz-1454x1536.jpg 1454w, http:\/\/ticaret.edu.tr\/isletme-fakultesi\/wp-content\/uploads\/sites\/7\/2025\/09\/rahmi-deniz-1939x2048.jpg 1939w\" sizes=\"(max-width: 284px) 100vw, 284px\" \/><\/p>\n<p><strong>\u0130\u015fletme Fak\u00fcltesi olarak<\/strong>, h\u0131zla de\u011fi\u015fen i\u015f d\u00fcnyas\u0131n\u0131n dinamiklerine uyum sa\u011flayabilen, veri odakl\u0131 karar alma becerisine sahip, yenilik\u00e7i ve etik de\u011ferlere ba\u011fl\u0131 bireyler yeti\u015ftirmeyi ama\u00e7l\u0131yoruz. E\u011fitim anlay\u0131\u015f\u0131m\u0131z, teorik bilgiyi uygulamal\u0131 deneyimle b\u00fct\u00fcnle\u015ftirerek \u00f6\u011frencilerimize k\u00fcresel \u00f6l\u00e7ekte rekabet edebilecekleri bir perspektif kazand\u0131rmay\u0131 hedeflemektedir.<\/p>\n<p>\u00d6\u011frencilerimize, finansal analizden dijital i\u015f modellerine, s\u00fcrd\u00fcr\u00fclebilir y\u00f6neti\u015fimden k\u00fcresel ticaret stratejilerine kadar geni\u015f bir bilgi yelpazesi sunuyoruz. Bu kapsamda:<\/p>\n<ul>\n<li><strong>Uygulamal\u0131 ve ara\u015ft\u0131rma odakl\u0131 e\u011fitim<\/strong> anlay\u0131\u015f\u0131m\u0131zla, teorik bilgiyi i\u015f d\u00fcnyas\u0131ndaki ger\u00e7ek s\u00fcre\u00e7lerle birle\u015ftirerek stratejik karar alma becerilerini geli\u015ftiriyoruz.<\/li>\n<li><strong>Veri odakl\u0131 yakla\u015f\u0131m\u0131<\/strong> benimseyerek, analitik d\u00fc\u015f\u00fcnme ve veri temelli karar alma yetkinliklerini \u00f6n planda tutuyoruz.<\/li>\n<li><strong>Dijital ve yenilik\u00e7i i\u015f modellerine<\/strong> odaklanarak, dijital d\u00f6n\u00fc\u015f\u00fcm\u00fc ve inovasyonu destekleyen bir akademik ortam sunuyoruz.<\/li>\n<\/ul>\n<p>\u00d6\u011frencilerimizin yaln\u0131zca akademik bilgi edinmesini de\u011fil, ayn\u0131 zamanda profesyonel d\u00fcnyada fark yaratmas\u0131n\u0131 da ama\u00e7l\u0131yoruz.<\/p>\n<p>Bu do\u011frultuda:<\/p>\n<ul>\n<li><strong>\u00d6zg\u00fcr d\u00fc\u015f\u00fcnebilen, adil kararlar alabilen ve toplumsal sorumluluk bilinci y\u00fcksek liderler<\/strong> yeti\u015ftiriyoruz.<\/li>\n<li><strong>K\u00fcresel rekabet g\u00fcc\u00fcne sahip mezunlar<\/strong> yeti\u015ftirmek i\u00e7in akademik ve sekt\u00f6rel i\u015f birliklerini g\u00fc\u00e7lendiriyoruz.<\/li>\n<li><strong>\u0130\u015f d\u00fcnyas\u0131nda etik sorumluluk bilincini yayg\u0131nla\u015ft\u0131rmay\u0131 ve s\u00fcrd\u00fcr\u00fclebilir \u00e7\u00f6z\u00fcmler \u00fcretmeyi<\/strong> \u00f6nemsiyoruz.<\/li>\n<\/ul>\n<p>\u0130\u015fletme Fak\u00fcltesi olarak \u00fclkemizin ve d\u00fcnyan\u0131n ekonomik ve sosyal d\u00f6n\u00fc\u015f\u00fcm\u00fcne katk\u0131 sa\u011flayacak akademik \u00e7al\u0131\u015fmalar\u0131 te\u015fvik etmeye, bilimsel ara\u015ft\u0131rmalara \u00f6nc\u00fcl\u00fck etmeye ve gelece\u011fin i\u015f d\u00fcnyas\u0131n\u0131 \u015fekillendirecek bireyler yeti\u015ftirmeye kararl\u0131l\u0131kla devam edece\u011fiz.<\/p>\n<p>&nbsp;<\/p>\n<p style=\"margin-top: 0cm; background: #FEFEFE;\"><b><span style=\"font-size: 10.5pt;\">Prof. Dr. Rahmi Deniz \u00d6ZBAY<\/span><\/b><\/p>\n<p id=\"tw-target-text\" class=\"tw-data-text tw-text-large tw-ta\" dir=\"ltr\" data-placeholder=\"\u00c7eviri\" data-ved=\"2ahUKEwjbsofYm-aLAxXXRfEDHTocD7kQ3ewLegQIDRAV\" aria-label=\"\u00c7evrilmi\u015f metin: Prof. Dr. Elif G\u00dcNEREN YOUNG Dean of the Faculty of Business Administration\"><strong><span class=\"Y2IQFc\" lang=\"en\">\u0130\u015fletme Fak\u00fcltesi Dekan V.\u00a0<\/span><\/strong><\/p>\n<p>&nbsp;<\/p>\n<p>&nbsp;<\/p>\n<div id=\"gtx-trans\" style=\"position: absolute; left: -2px; top: 975.333px;\">\n<div class=\"gtx-trans-icon\"><\/div>\n<\/div>\n","protected":false},"excerpt":{"rendered":"","protected":false},"author":1,"featured_media":0,"parent":0,"menu_order":0,"comment_status":"closed","ping_status":"closed","template":"genel_sayfa.php","meta":{"footnotes":""},"yoast_head":"<!-- This site is optimized with the Yoast SEO Premium plugin v22.1 (Yoast SEO v22.1) - https:\/\/yoast.com\/wordpress\/plugins\/seo\/ -->\n<title>Dekan - \u0130\u015fletme Fak\u00fcltesi<\/title>\n<meta name=\"robots\" content=\"index, follow, max-snippet:-1, max-image-preview:large, max-video-preview:-1\" \/>\n<link rel=\"canonical\" href=\"https:\/\/ticaret.edu.tr\/isletme-fakultesi\/dekan\/\" \/>\n<meta property=\"og:locale\" content=\"tr_TR\" \/>\n<meta property=\"og:type\" content=\"article\" \/>\n<meta property=\"og:title\" content=\"Dekan\" \/>\n<meta property=\"og:url\" content=\"https:\/\/ticaret.edu.tr\/isletme-fakultesi\/dekan\/\" \/>\n<meta property=\"og:site_name\" content=\"\u0130\u015fletme Fak\u00fcltesi\" \/>\n<meta property=\"article:publisher\" content=\"https:\/\/www.facebook.com\/ticaretedutr\" \/>\n<meta property=\"article:modified_time\" content=\"2025-10-21T12:39:34+00:00\" \/>\n<meta property=\"og:image\" content=\"http:\/\/ticaret.edu.tr\/isletme-fakultesi\/wp-content\/uploads\/sites\/7\/2025\/09\/rahmi-deniz-284x300.jpg\" \/>\n<meta name=\"twitter:card\" content=\"summary_large_image\" \/>\n<meta name=\"twitter:site\" content=\"@ticaretedutr\" \/>\n<meta name=\"twitter:label1\" content=\"Tahmini okuma s\u00fcresi\" \/>\n\t<meta name=\"twitter:data1\" content=\"2 dakika\" \/>\n<script type=\"application\/ld+json\" class=\"yoast-schema-graph\">{\"@context\":\"https:\/\/schema.org\",\"@graph\":[{\"@type\":\"WebPage\",\"@id\":\"https:\/\/ticaret.edu.tr\/isletme-fakultesi\/dekan\/\",\"url\":\"https:\/\/ticaret.edu.tr\/isletme-fakultesi\/dekan\/\",\"name\":\"Dekan - \u0130\u015fletme Fak\u00fcltesi\",\"isPartOf\":{\"@id\":\"https:\/\/ticaret.edu.tr\/isletme-fakultesi\/#website\"},\"datePublished\":\"2020-04-26T15:03:42+00:00\",\"dateModified\":\"2025-10-21T12:39:34+00:00\",\"breadcrumb\":{\"@id\":\"https:\/\/ticaret.edu.tr\/isletme-fakultesi\/dekan\/#breadcrumb\"},\"inLanguage\":\"tr\",\"potentialAction\":[{\"@type\":\"ReadAction\",\"target\":[\"https:\/\/ticaret.edu.tr\/isletme-fakultesi\/dekan\/\"]}]},{\"@type\":\"BreadcrumbList\",\"@id\":\"https:\/\/ticaret.edu.tr\/isletme-fakultesi\/dekan\/#breadcrumb\",\"itemListElement\":[{\"@type\":\"ListItem\",\"position\":1,\"name\":\"Ana sayfa\",\"item\":\"https:\/\/ticaret.edu.tr\/isletme-fakultesi\/\"},{\"@type\":\"ListItem\",\"position\":2,\"name\":\"Dekan\"}]},{\"@type\":\"WebSite\",\"@id\":\"https:\/\/ticaret.edu.tr\/isletme-fakultesi\/#website\",\"url\":\"https:\/\/ticaret.edu.tr\/isletme-fakultesi\/\",\"name\":\"\u0130\u015fletme Fak\u00fcltesi\",\"description\":\"\",\"potentialAction\":[{\"@type\":\"SearchAction\",\"target\":{\"@type\":\"EntryPoint\",\"urlTemplate\":\"https:\/\/ticaret.edu.tr\/isletme-fakultesi\/?s={search_term_string}\"},\"query-input\":\"required name=search_term_string\"}],\"inLanguage\":\"tr\"}]}<\/script>\n<!-- \/ Yoast SEO Premium plugin. -->","yoast_head_json":{"title":"Dekan - \u0130\u015fletme Fak\u00fcltesi","robots":{"index":"index","follow":"follow","max-snippet":"max-snippet:-1","max-image-preview":"max-image-preview:large","max-video-preview":"max-video-preview:-1"},"canonical":"https:\/\/ticaret.edu.tr\/isletme-fakultesi\/dekan\/","og_locale":"tr_TR","og_type":"article","og_title":"Dekan","og_url":"https:\/\/ticaret.edu.tr\/isletme-fakultesi\/dekan\/","og_site_name":"\u0130\u015fletme Fak\u00fcltesi","article_publisher":"https:\/\/www.facebook.com\/ticaretedutr","article_modified_time":"2025-10-21T12:39:34+00:00","og_image":[{"url":"http:\/\/ticaret.edu.tr\/isletme-fakultesi\/wp-content\/uploads\/sites\/7\/2025\/09\/rahmi-deniz-284x300.jpg"}],"twitter_card":"summary_large_image","twitter_site":"@ticaretedutr","twitter_misc":{"Tahmini okuma s\u00fcresi":"2 dakika"},"schema":{"@context":"https:\/\/schema.org","@graph":[{"@type":"WebPage","@id":"https:\/\/ticaret.edu.tr\/isletme-fakultesi\/dekan\/","url":"https:\/\/ticaret.edu.tr\/isletme-fakultesi\/dekan\/","name":"Dekan - \u0130\u015fletme Fak\u00fcltesi","isPartOf":{"@id":"https:\/\/ticaret.edu.tr\/isletme-fakultesi\/#website"},"datePublished":"2020-04-26T15:03:42+00:00","dateModified":"2025-10-21T12:39:34+00:00","breadcrumb":{"@id":"https:\/\/ticaret.edu.tr\/isletme-fakultesi\/dekan\/#breadcrumb"},"inLanguage":"tr","potentialAction":[{"@type":"ReadAction","target":["https:\/\/ticaret.edu.tr\/isletme-fakultesi\/dekan\/"]}]},{"@type":"BreadcrumbList","@id":"https:\/\/ticaret.edu.tr\/isletme-fakultesi\/dekan\/#breadcrumb","itemListElement":[{"@type":"ListItem","position":1,"name":"Ana sayfa","item":"https:\/\/ticaret.edu.tr\/isletme-fakultesi\/"},{"@type":"ListItem","position":2,"name":"Dekan"}]},{"@type":"WebSite","@id":"https:\/\/ticaret.edu.tr\/isletme-fakultesi\/#website","url":"https:\/\/ticaret.edu.tr\/isletme-fakultesi\/","name":"\u0130\u015fletme Fak\u00fcltesi","description":"","potentialAction":[{"@type":"SearchAction","target":{"@type":"EntryPoint","urlTemplate":"https:\/\/ticaret.edu.tr\/isletme-fakultesi\/?s={search_term_string}"},"query-input":"required name=search_term_string"}],"inLanguage":"tr"}]}},"lang":"tr","translations":{"en":451,"tr":15},"pll_sync_post":[],"_links":{"self":[{"href":"http:\/\/ticaret.edu.tr\/isletme-fakultesi\/wp-json\/wp\/v2\/pages\/15"}],"collection":[{"href":"http:\/\/ticaret.edu.tr\/isletme-fakultesi\/wp-json\/wp\/v2\/pages"}],"about":[{"href":"http:\/\/ticaret.edu.tr\/isletme-fakultesi\/wp-json\/wp\/v2\/types\/page"}],"author":[{"embeddable":true,"href":"http:\/\/ticaret.edu.tr\/isletme-fakultesi\/wp-json\/wp\/v2\/users\/1"}],"replies":[{"embeddable":true,"href":"http:\/\/ticaret.edu.tr\/isletme-fakultesi\/wp-json\/wp\/v2\/comments?post=15"}],"version-history":[{"count":19,"href":"http:\/\/ticaret.edu.tr\/isletme-fakultesi\/wp-json\/wp\/v2\/pages\/15\/revisions"}],"predecessor-version":[{"id":1925,"href":"http:\/\/ticaret.edu.tr\/isletme-fakultesi\/wp-json\/wp\/v2\/pages\/15\/revisions\/1925"}],"wp:attachment":[{"href":"http:\/\/ticaret.edu.tr\/isletme-fakultesi\/wp-json\/wp\/v2\/media?parent=15"}],"curies":[{"name":"wp","href":"https:\/\/api.w.org\/{rel}","templated":true}]}}